{"id":753,"date":"2019-06-28T09:00:45","date_gmt":"2019-06-28T07:00:45","guid":{"rendered":"https:\/\/instytutpolski.pl\/minsk\/?page_id=753"},"modified":"2022-05-04T11:44:25","modified_gmt":"2022-05-04T08:44:25","slug":"zespol","status":"publish","type":"page","link":"https:\/\/instytutpolski.pl\/minsk\/pl\/o-instytucie-polskim\/zespol\/","title":{"rendered":"Zesp\u00f3\u0142"},"content":{"rendered":"\n<div align=\"justify\">\n<h5><span style=\"color: #ff0000\">Zesp\u00f3\u0142 \/ Pracownicy<\/span><\/h5>\n<p><b>Cezary Karpi\u0144ski<\/b><br \/>Dyrektor,<br \/>Radca Minister Ambasady RP w RB<\/p>\n<p><em>Sekretariat<\/em><br \/><a href=\"http:\/\/minsk@instytutpolski.pl\">minsk[at]instytutpolski.pl<\/a><br \/>+375 17 255-23-71<\/p>\n<p><b>Elena Zdobnikowa<br \/><\/b>Dzia\u0142 programowy, ekspert ds. dyplomacji publicznej i kulturalnej<br \/><a href=\"mailto:Elena.Zdobnikowa[at]instytutpolski.pl\"><span style=\"color: #ff0000\">Elena.Zdobnikowa[at]instytutpolski.pl<\/span><\/a><br \/><span style=\"font-family: Tahoma;font-size: small\">+375 (17)\u00a0<\/span>378-87-14<\/p>\n<div>\n<div><strong>Alina Karpi\u0144ska<\/strong><\/div>\n<div>Dzia\u0142 programowy<\/div>\n<div><a href=\"mailto:Alina.Karpi%C5%84ska@msz.gov.pl\"><span style=\"color: #ff0000\">Alina.Karpi\u0144ska[at]msz.gov.pl<\/span><\/a><br \/><span style=\"font-family: Tahoma;font-size: small\">+375 (17) <\/span>378-87-07<\/div>\n<\/div>\n<\/div>\n<div>\u00a0<\/div>\n<div><b>Olga Gud<br \/><\/b>Dzia\u0142 programowy<br \/><a href=\"mailto:Olga.Gud[at]instytutpolski.pl\"><span style=\"color: #ff0000\">Olga.Gud[at]instytutpolski.pl<\/span><\/a><br \/>+375 17 379-63-77\u00a0<\/div>\n<div>\u00a0<\/div>\n","protected":false},"excerpt":{"rendered":"<p>Zesp\u00f3\u0142 \/ Pracownicy Cezary Karpi\u0144skiDyrektor,Radca Minister Ambasady RP w RB Sekretariatminsk[at]instytutpolski.pl+375 17 255-23-71 Elena ZdobnikowaDzia\u0142 programowy, ekspert ds. dyplomacji publicznej i kulturalnejElena.Zdobnikowa[at]instytutpolski.pl+375 (17)\u00a0378-87-14 Alina Karpi\u0144ska Dzia\u0142 programowy Alina.Karpi\u0144ska[at]msz.gov.pl+375 (17) 378-87-07 \u00a0 Olga GudDzia\u0142 programowyOlga.Gud[at]instytutpolski.pl+375 17 379-63-77\u00a0 \u00a0<\/p>\n","protected":false},"author":1,"featured_media":0,"parent":733,"menu_order":0,"comment_status":"closed","ping_status":"closed","template":"","meta":{"inline_featured_image":false,"_monsterinsights_skip_tracking":false,"_monsterinsights_sitenote_active":false,"_monsterinsights_sitenote_note":"","_monsterinsights_sitenote_category":0,"footnotes":""},"class_list":["post-753","page","type-page","status-publish","hentry"],"yoast_head":"<!-- This site is optimized with the Yoast SEO plugin v24.6 - https:\/\/yoast.com\/wordpress\/plugins\/seo\/ -->\n<title>Zesp\u00f3\u0142 - Instytut Polski w Mi\u0144sku<\/title>\n<meta name=\"robots\" content=\"index, follow, max-snippet:-1, max-image-preview:large, max-video-preview:-1\" \/>\n<link rel=\"canonical\" href=\"https:\/\/instytutpolski.pl\/minsk\/pl\/o-instytucie-polskim\/zespol\/\" \/>\n<meta property=\"og:locale\" content=\"pl_PL\" \/>\n<meta property=\"og:type\" content=\"article\" \/>\n<meta property=\"og:title\" content=\"Zesp\u00f3\u0142 - Instytut Polski w Mi\u0144sku\" \/>\n<meta property=\"og:description\" content=\"Zesp\u00f3\u0142 \/ Pracownicy Cezary Karpi\u0144skiDyrektor,Radca Minister Ambasady RP w RB Sekretariatminsk[at]instytutpolski.pl+375 17 255-23-71 Elena ZdobnikowaDzia\u0142 programowy, ekspert ds. dyplomacji publicznej i kulturalnejElena.Zdobnikowa[at]instytutpolski.pl+375 (17)\u00a0378-87-14 Alina Karpi\u0144ska Dzia\u0142 programowy Alina.Karpi\u0144ska[at]msz.gov.pl+375 (17) 378-87-07 \u00a0 Olga GudDzia\u0142 programowyOlga.Gud[at]instytutpolski.pl+375 17 379-63-77\u00a0 \u00a0\" \/>\n<meta property=\"og:url\" content=\"https:\/\/instytutpolski.pl\/minsk\/pl\/o-instytucie-polskim\/zespol\/\" \/>\n<meta property=\"og:site_name\" content=\"Instytut Polski w Mi\u0144sku\" \/>\n<meta property=\"article:modified_time\" content=\"2022-05-04T08:44:25+00:00\" \/>\n<meta name=\"twitter:card\" content=\"summary_large_image\" \/>\n<meta name=\"twitter:label1\" content=\"Szacowany czas czytania\" \/>\n\t<meta name=\"twitter:data1\" content=\"1 minuta\" \/>\n<script type=\"application\/ld+json\" class=\"yoast-schema-graph\">{\"@context\":\"https:\/\/schema.org\",\"@graph\":[{\"@type\":\"WebPage\",\"@id\":\"https:\/\/instytutpolski.pl\/minsk\/pl\/o-instytucie-polskim\/zespol\/\",\"url\":\"https:\/\/instytutpolski.pl\/minsk\/pl\/o-instytucie-polskim\/zespol\/\",\"name\":\"Zesp\u00f3\u0142 - Instytut Polski w Mi\u0144sku\",\"isPartOf\":{\"@id\":\"https:\/\/instytutpolski.pl\/minsk\/#website\"},\"datePublished\":\"2019-06-28T07:00:45+00:00\",\"dateModified\":\"2022-05-04T08:44:25+00:00\",\"breadcrumb\":{\"@id\":\"https:\/\/instytutpolski.pl\/minsk\/pl\/o-instytucie-polskim\/zespol\/#breadcrumb\"},\"inLanguage\":\"pl-PL\",\"potentialAction\":[{\"@type\":\"ReadAction\",\"target\":[\"https:\/\/instytutpolski.pl\/minsk\/pl\/o-instytucie-polskim\/zespol\/\"]}]},{\"@type\":\"BreadcrumbList\",\"@id\":\"https:\/\/instytutpolski.pl\/minsk\/pl\/o-instytucie-polskim\/zespol\/#breadcrumb\",\"itemListElement\":[{\"@type\":\"ListItem\",\"position\":1,\"name\":\"Home\",\"item\":\"https:\/\/instytutpolski.pl\/minsk\/\"},{\"@type\":\"ListItem\",\"position\":2,\"name\":\"INSTYTUT POLSKI\",\"item\":\"https:\/\/instytutpolski.pl\/minsk\/pl\/o-instytucie-polskim\/\"},{\"@type\":\"ListItem\",\"position\":3,\"name\":\"Zesp\u00f3\u0142\"}]},{\"@type\":\"WebSite\",\"@id\":\"https:\/\/instytutpolski.pl\/minsk\/#website\",\"url\":\"https:\/\/instytutpolski.pl\/minsk\/\",\"name\":\"Instytut Polski w Mi\u0144sku\",\"description\":\"Instytuty Polskie\",\"potentialAction\":[{\"@type\":\"SearchAction\",\"target\":{\"@type\":\"EntryPoint\",\"urlTemplate\":\"https:\/\/instytutpolski.pl\/minsk\/?s={search_term_string}\"},\"query-input\":{\"@type\":\"PropertyValueSpecification\",\"valueRequired\":true,\"valueName\":\"search_term_string\"}}],\"inLanguage\":\"pl-PL\"}]}<\/script>\n<!-- \/ Yoast SEO plugin. -->","yoast_head_json":{"title":"Zesp\u00f3\u0142 - Instytut Polski w Mi\u0144sku","robots":{"index":"index","follow":"follow","max-snippet":"max-snippet:-1","max-image-preview":"max-image-preview:large","max-video-preview":"max-video-preview:-1"},"canonical":"https:\/\/instytutpolski.pl\/minsk\/pl\/o-instytucie-polskim\/zespol\/","og_locale":"pl_PL","og_type":"article","og_title":"Zesp\u00f3\u0142 - Instytut Polski w Mi\u0144sku","og_description":"Zesp\u00f3\u0142 \/ Pracownicy Cezary Karpi\u0144skiDyrektor,Radca Minister Ambasady RP w RB Sekretariatminsk[at]instytutpolski.pl+375 17 255-23-71 Elena ZdobnikowaDzia\u0142 programowy, ekspert ds. dyplomacji publicznej i kulturalnejElena.Zdobnikowa[at]instytutpolski.pl+375 (17)\u00a0378-87-14 Alina Karpi\u0144ska Dzia\u0142 programowy Alina.Karpi\u0144ska[at]msz.gov.pl+375 (17) 378-87-07 \u00a0 Olga GudDzia\u0142 programowyOlga.Gud[at]instytutpolski.pl+375 17 379-63-77\u00a0 \u00a0","og_url":"https:\/\/instytutpolski.pl\/minsk\/pl\/o-instytucie-polskim\/zespol\/","og_site_name":"Instytut Polski w Mi\u0144sku","article_modified_time":"2022-05-04T08:44:25+00:00","twitter_card":"summary_large_image","twitter_misc":{"Szacowany czas czytania":"1 minuta"},"schema":{"@context":"https:\/\/schema.org","@graph":[{"@type":"WebPage","@id":"https:\/\/instytutpolski.pl\/minsk\/pl\/o-instytucie-polskim\/zespol\/","url":"https:\/\/instytutpolski.pl\/minsk\/pl\/o-instytucie-polskim\/zespol\/","name":"Zesp\u00f3\u0142 - Instytut Polski w Mi\u0144sku","isPartOf":{"@id":"https:\/\/instytutpolski.pl\/minsk\/#website"},"datePublished":"2019-06-28T07:00:45+00:00","dateModified":"2022-05-04T08:44:25+00:00","breadcrumb":{"@id":"https:\/\/instytutpolski.pl\/minsk\/pl\/o-instytucie-polskim\/zespol\/#breadcrumb"},"inLanguage":"pl-PL","potentialAction":[{"@type":"ReadAction","target":["https:\/\/instytutpolski.pl\/minsk\/pl\/o-instytucie-polskim\/zespol\/"]}]},{"@type":"BreadcrumbList","@id":"https:\/\/instytutpolski.pl\/minsk\/pl\/o-instytucie-polskim\/zespol\/#breadcrumb","itemListElement":[{"@type":"ListItem","position":1,"name":"Home","item":"https:\/\/instytutpolski.pl\/minsk\/"},{"@type":"ListItem","position":2,"name":"INSTYTUT POLSKI","item":"https:\/\/instytutpolski.pl\/minsk\/pl\/o-instytucie-polskim\/"},{"@type":"ListItem","position":3,"name":"Zesp\u00f3\u0142"}]},{"@type":"WebSite","@id":"https:\/\/instytutpolski.pl\/minsk\/#website","url":"https:\/\/instytutpolski.pl\/minsk\/","name":"Instytut Polski w Mi\u0144sku","description":"Instytuty Polskie","potentialAction":[{"@type":"SearchAction","target":{"@type":"EntryPoint","urlTemplate":"https:\/\/instytutpolski.pl\/minsk\/?s={search_term_string}"},"query-input":{"@type":"PropertyValueSpecification","valueRequired":true,"valueName":"search_term_string"}}],"inLanguage":"pl-PL"}]}},"_links":{"self":[{"href":"https:\/\/instytutpolski.pl\/minsk\/wp-json\/wp\/v2\/pages\/753","targetHints":{"allow":["GET"]}}],"collection":[{"href":"https:\/\/instytutpolski.pl\/minsk\/wp-json\/wp\/v2\/pages"}],"about":[{"href":"https:\/\/instytutpolski.pl\/minsk\/wp-json\/wp\/v2\/types\/page"}],"author":[{"embeddable":true,"href":"https:\/\/instytutpolski.pl\/minsk\/wp-json\/wp\/v2\/users\/1"}],"replies":[{"embeddable":true,"href":"https:\/\/instytutpolski.pl\/minsk\/wp-json\/wp\/v2\/comments?post=753"}],"version-history":[{"count":18,"href":"https:\/\/instytutpolski.pl\/minsk\/wp-json\/wp\/v2\/pages\/753\/revisions"}],"predecessor-version":[{"id":13386,"href":"https:\/\/instytutpolski.pl\/minsk\/wp-json\/wp\/v2\/pages\/753\/revisions\/13386"}],"up":[{"embeddable":true,"href":"https:\/\/instytutpolski.pl\/minsk\/wp-json\/wp\/v2\/pages\/733"}],"wp:attachment":[{"href":"https:\/\/instytutpolski.pl\/minsk\/wp-json\/wp\/v2\/media?parent=753"}],"curies":[{"name":"wp","href":"https:\/\/api.w.org\/{rel}","templated":true}]}}