{"id":761,"date":"2019-06-28T09:01:40","date_gmt":"2019-06-28T07:01:40","guid":{"rendered":"https:\/\/instytutpolski.pl\/minsk\/?page_id=761"},"modified":"2020-04-16T18:55:55","modified_gmt":"2020-04-16T16:55:55","slug":"formularz-zgloszeniowy-projektow-partnerskich","status":"publish","type":"page","link":"https:\/\/instytutpolski.pl\/minsk\/pl\/o-instytucie-polskim\/wspolpraca\/formularz-zgloszeniowy-projektow-partnerskich\/","title":{"rendered":"Formularz zg\u0142oszeniowy projekt\u00f3w partnerskich"},"content":{"rendered":"\n<p>Instytut Polski w Mi\u0144sku jest otwarty na r\u00f3\u017cnorodne inicjatywy bia\u0142oruskich instytucji kulturalnych oraz przedstawicieli \u015brodowiska naukowego i artystycznego. Zapraszamy do nadsy\u0142ania do Instytutu ciekawych projekt\u00f3w do wsp\u00f3lnej organizacji.<\/p>\n<p><strong>ZASADY SK\u0141ADANIA PROJEKTU<\/strong><\/p>\n<p>Opis projektu musi by\u0107 przekazany do Instytutu <strong>najp\u00f3\u017aniej 90 dni<\/strong> przed realizacj\u0105 i zawiera\u0107 nast\u0119puj\u0105ce informacje:<\/p>\n<ol>\n<li>Tytu\u0142 i temat projektu.<\/li>\n<li>Planowany termin rozpocz\u0119cia i zako\u0144czenia projektu, miejsce realizacji.<\/li>\n<li>Kr\u00f3tkie uzasadnienie idei, celu projektu.<\/li>\n<li>Format i spos\u00f3b realizacji.<\/li>\n<li>Kr\u00f3tka informacja o uczestnikach projektu, dane kontaktowe.<\/li>\n<li>Organizatorzy projektu, partnerzy, okre\u015blenie udzia\u0142u ka\u017cdego z nich w projekcie.<\/li>\n<li>Ca\u0142kowity koszt projektu, w tym udzia\u0142 partner\u00f3w i sponsor\u00f3w, rodzaje wydatk\u00f3w.<\/li>\n<li>Oczekiwany udzia\u0142 finansowy i merytoryczny Instytutu Polskiego.<\/li>\n<li>Dalsze uwagi, oczekiwane wyniki i opinie z realizacji projektu.<\/li>\n<li>Kr\u00f3tka informacja o organizatorach, z wymian\u0105 najwa\u017cniejszych zrealizowanych projekt\u00f3w.<\/li>\n<\/ol>\n<p><em>O decyzji Instytutu Polskiego w Mi\u0144sku wnioskodawca zostanie poinformowany indywidualnie. Instytut Polski zastrzega sobie prawo odmowy udzia\u0142u w realizacji i dofinansowania projektu bez podania przyczyn.<\/em><\/p>\n","protected":false},"excerpt":{"rendered":"<p>Instytut Polski w Mi\u0144sku jest otwarty na r\u00f3\u017cnorodne inicjatywy bia\u0142oruskich instytucji kulturalnych oraz przedstawicieli \u015brodowiska naukowego i artystycznego. Zapraszamy do nadsy\u0142ania do Instytutu ciekawych projekt\u00f3w do wsp\u00f3lnej organizacji. ZASADY SK\u0141ADANIA PROJEKTU Opis projektu musi by\u0107 przekazany do Instytutu najp\u00f3\u017aniej 90 dni przed realizacj\u0105 i zawiera\u0107 nast\u0119puj\u0105ce informacje: Tytu\u0142 i temat projektu. Planowany termin rozpocz\u0119cia i [&hellip;]<\/p>\n","protected":false},"author":1,"featured_media":0,"parent":757,"menu_order":0,"comment_status":"closed","ping_status":"closed","template":"","meta":{"inline_featured_image":false,"_monsterinsights_skip_tracking":false,"_monsterinsights_sitenote_active":false,"_monsterinsights_sitenote_note":"","_monsterinsights_sitenote_category":0,"footnotes":""},"class_list":["post-761","page","type-page","status-publish","hentry"],"yoast_head":"<!-- This site is optimized with the Yoast SEO plugin v24.6 - https:\/\/yoast.com\/wordpress\/plugins\/seo\/ -->\n<title>Formularz zg\u0142oszeniowy projekt\u00f3w partnerskich - Instytut Polski w Mi\u0144sku<\/title>\n<meta name=\"robots\" content=\"index, follow, max-snippet:-1, max-image-preview:large, max-video-preview:-1\" \/>\n<link rel=\"canonical\" href=\"https:\/\/instytutpolski.pl\/minsk\/pl\/o-instytucie-polskim\/wspolpraca\/formularz-zgloszeniowy-projektow-partnerskich\/\" \/>\n<meta property=\"og:locale\" content=\"pl_PL\" \/>\n<meta property=\"og:type\" content=\"article\" \/>\n<meta property=\"og:title\" content=\"Formularz zg\u0142oszeniowy projekt\u00f3w partnerskich - Instytut Polski w Mi\u0144sku\" \/>\n<meta property=\"og:description\" content=\"Instytut Polski w Mi\u0144sku jest otwarty na r\u00f3\u017cnorodne inicjatywy bia\u0142oruskich instytucji kulturalnych oraz przedstawicieli \u015brodowiska naukowego i artystycznego. Zapraszamy do nadsy\u0142ania do Instytutu ciekawych projekt\u00f3w do wsp\u00f3lnej organizacji. ZASADY SK\u0141ADANIA PROJEKTU Opis projektu musi by\u0107 przekazany do Instytutu najp\u00f3\u017aniej 90 dni przed realizacj\u0105 i zawiera\u0107 nast\u0119puj\u0105ce informacje: Tytu\u0142 i temat projektu. Planowany termin rozpocz\u0119cia i [&hellip;]\" \/>\n<meta property=\"og:url\" content=\"https:\/\/instytutpolski.pl\/minsk\/pl\/o-instytucie-polskim\/wspolpraca\/formularz-zgloszeniowy-projektow-partnerskich\/\" \/>\n<meta property=\"og:site_name\" content=\"Instytut Polski w Mi\u0144sku\" \/>\n<meta property=\"article:modified_time\" content=\"2020-04-16T16:55:55+00:00\" \/>\n<meta name=\"twitter:card\" content=\"summary_large_image\" \/>\n<meta name=\"twitter:label1\" content=\"Szacowany czas czytania\" \/>\n\t<meta name=\"twitter:data1\" content=\"1 minuta\" \/>\n<script type=\"application\/ld+json\" class=\"yoast-schema-graph\">{\"@context\":\"https:\/\/schema.org\",\"@graph\":[{\"@type\":\"WebPage\",\"@id\":\"https:\/\/instytutpolski.pl\/minsk\/pl\/o-instytucie-polskim\/wspolpraca\/formularz-zgloszeniowy-projektow-partnerskich\/\",\"url\":\"https:\/\/instytutpolski.pl\/minsk\/pl\/o-instytucie-polskim\/wspolpraca\/formularz-zgloszeniowy-projektow-partnerskich\/\",\"name\":\"Formularz zg\u0142oszeniowy projekt\u00f3w partnerskich - Instytut Polski w Mi\u0144sku\",\"isPartOf\":{\"@id\":\"https:\/\/instytutpolski.pl\/minsk\/#website\"},\"datePublished\":\"2019-06-28T07:01:40+00:00\",\"dateModified\":\"2020-04-16T16:55:55+00:00\",\"breadcrumb\":{\"@id\":\"https:\/\/instytutpolski.pl\/minsk\/pl\/o-instytucie-polskim\/wspolpraca\/formularz-zgloszeniowy-projektow-partnerskich\/#breadcrumb\"},\"inLanguage\":\"pl-PL\",\"potentialAction\":[{\"@type\":\"ReadAction\",\"target\":[\"https:\/\/instytutpolski.pl\/minsk\/pl\/o-instytucie-polskim\/wspolpraca\/formularz-zgloszeniowy-projektow-partnerskich\/\"]}]},{\"@type\":\"BreadcrumbList\",\"@id\":\"https:\/\/instytutpolski.pl\/minsk\/pl\/o-instytucie-polskim\/wspolpraca\/formularz-zgloszeniowy-projektow-partnerskich\/#breadcrumb\",\"itemListElement\":[{\"@type\":\"ListItem\",\"position\":1,\"name\":\"Home\",\"item\":\"https:\/\/instytutpolski.pl\/minsk\/\"},{\"@type\":\"ListItem\",\"position\":2,\"name\":\"INSTYTUT POLSKI\",\"item\":\"https:\/\/instytutpolski.pl\/minsk\/pl\/o-instytucie-polskim\/\"},{\"@type\":\"ListItem\",\"position\":3,\"name\":\"Wsp\u00f3\u0142praca\",\"item\":\"https:\/\/instytutpolski.pl\/minsk\/pl\/o-instytucie-polskim\/wspolpraca\/\"},{\"@type\":\"ListItem\",\"position\":4,\"name\":\"Formularz zg\u0142oszeniowy projekt\u00f3w partnerskich\"}]},{\"@type\":\"WebSite\",\"@id\":\"https:\/\/instytutpolski.pl\/minsk\/#website\",\"url\":\"https:\/\/instytutpolski.pl\/minsk\/\",\"name\":\"Instytut Polski w Mi\u0144sku\",\"description\":\"Instytuty Polskie\",\"potentialAction\":[{\"@type\":\"SearchAction\",\"target\":{\"@type\":\"EntryPoint\",\"urlTemplate\":\"https:\/\/instytutpolski.pl\/minsk\/?s={search_term_string}\"},\"query-input\":{\"@type\":\"PropertyValueSpecification\",\"valueRequired\":true,\"valueName\":\"search_term_string\"}}],\"inLanguage\":\"pl-PL\"}]}<\/script>\n<!-- \/ Yoast SEO plugin. -->","yoast_head_json":{"title":"Formularz zg\u0142oszeniowy projekt\u00f3w partnerskich - Instytut Polski w Mi\u0144sku","robots":{"index":"index","follow":"follow","max-snippet":"max-snippet:-1","max-image-preview":"max-image-preview:large","max-video-preview":"max-video-preview:-1"},"canonical":"https:\/\/instytutpolski.pl\/minsk\/pl\/o-instytucie-polskim\/wspolpraca\/formularz-zgloszeniowy-projektow-partnerskich\/","og_locale":"pl_PL","og_type":"article","og_title":"Formularz zg\u0142oszeniowy projekt\u00f3w partnerskich - Instytut Polski w Mi\u0144sku","og_description":"Instytut Polski w Mi\u0144sku jest otwarty na r\u00f3\u017cnorodne inicjatywy bia\u0142oruskich instytucji kulturalnych oraz przedstawicieli \u015brodowiska naukowego i artystycznego. Zapraszamy do nadsy\u0142ania do Instytutu ciekawych projekt\u00f3w do wsp\u00f3lnej organizacji. ZASADY SK\u0141ADANIA PROJEKTU Opis projektu musi by\u0107 przekazany do Instytutu najp\u00f3\u017aniej 90 dni przed realizacj\u0105 i zawiera\u0107 nast\u0119puj\u0105ce informacje: Tytu\u0142 i temat projektu. Planowany termin rozpocz\u0119cia i [&hellip;]","og_url":"https:\/\/instytutpolski.pl\/minsk\/pl\/o-instytucie-polskim\/wspolpraca\/formularz-zgloszeniowy-projektow-partnerskich\/","og_site_name":"Instytut Polski w Mi\u0144sku","article_modified_time":"2020-04-16T16:55:55+00:00","twitter_card":"summary_large_image","twitter_misc":{"Szacowany czas czytania":"1 minuta"},"schema":{"@context":"https:\/\/schema.org","@graph":[{"@type":"WebPage","@id":"https:\/\/instytutpolski.pl\/minsk\/pl\/o-instytucie-polskim\/wspolpraca\/formularz-zgloszeniowy-projektow-partnerskich\/","url":"https:\/\/instytutpolski.pl\/minsk\/pl\/o-instytucie-polskim\/wspolpraca\/formularz-zgloszeniowy-projektow-partnerskich\/","name":"Formularz zg\u0142oszeniowy projekt\u00f3w partnerskich - Instytut Polski w Mi\u0144sku","isPartOf":{"@id":"https:\/\/instytutpolski.pl\/minsk\/#website"},"datePublished":"2019-06-28T07:01:40+00:00","dateModified":"2020-04-16T16:55:55+00:00","breadcrumb":{"@id":"https:\/\/instytutpolski.pl\/minsk\/pl\/o-instytucie-polskim\/wspolpraca\/formularz-zgloszeniowy-projektow-partnerskich\/#breadcrumb"},"inLanguage":"pl-PL","potentialAction":[{"@type":"ReadAction","target":["https:\/\/instytutpolski.pl\/minsk\/pl\/o-instytucie-polskim\/wspolpraca\/formularz-zgloszeniowy-projektow-partnerskich\/"]}]},{"@type":"BreadcrumbList","@id":"https:\/\/instytutpolski.pl\/minsk\/pl\/o-instytucie-polskim\/wspolpraca\/formularz-zgloszeniowy-projektow-partnerskich\/#breadcrumb","itemListElement":[{"@type":"ListItem","position":1,"name":"Home","item":"https:\/\/instytutpolski.pl\/minsk\/"},{"@type":"ListItem","position":2,"name":"INSTYTUT POLSKI","item":"https:\/\/instytutpolski.pl\/minsk\/pl\/o-instytucie-polskim\/"},{"@type":"ListItem","position":3,"name":"Wsp\u00f3\u0142praca","item":"https:\/\/instytutpolski.pl\/minsk\/pl\/o-instytucie-polskim\/wspolpraca\/"},{"@type":"ListItem","position":4,"name":"Formularz zg\u0142oszeniowy projekt\u00f3w partnerskich"}]},{"@type":"WebSite","@id":"https:\/\/instytutpolski.pl\/minsk\/#website","url":"https:\/\/instytutpolski.pl\/minsk\/","name":"Instytut Polski w Mi\u0144sku","description":"Instytuty Polskie","potentialAction":[{"@type":"SearchAction","target":{"@type":"EntryPoint","urlTemplate":"https:\/\/instytutpolski.pl\/minsk\/?s={search_term_string}"},"query-input":{"@type":"PropertyValueSpecification","valueRequired":true,"valueName":"search_term_string"}}],"inLanguage":"pl-PL"}]}},"_links":{"self":[{"href":"https:\/\/instytutpolski.pl\/minsk\/wp-json\/wp\/v2\/pages\/761","targetHints":{"allow":["GET"]}}],"collection":[{"href":"https:\/\/instytutpolski.pl\/minsk\/wp-json\/wp\/v2\/pages"}],"about":[{"href":"https:\/\/instytutpolski.pl\/minsk\/wp-json\/wp\/v2\/types\/page"}],"author":[{"embeddable":true,"href":"https:\/\/instytutpolski.pl\/minsk\/wp-json\/wp\/v2\/users\/1"}],"replies":[{"embeddable":true,"href":"https:\/\/instytutpolski.pl\/minsk\/wp-json\/wp\/v2\/comments?post=761"}],"version-history":[{"count":2,"href":"https:\/\/instytutpolski.pl\/minsk\/wp-json\/wp\/v2\/pages\/761\/revisions"}],"predecessor-version":[{"id":3135,"href":"https:\/\/instytutpolski.pl\/minsk\/wp-json\/wp\/v2\/pages\/761\/revisions\/3135"}],"up":[{"embeddable":true,"href":"https:\/\/instytutpolski.pl\/minsk\/wp-json\/wp\/v2\/pages\/757"}],"wp:attachment":[{"href":"https:\/\/instytutpolski.pl\/minsk\/wp-json\/wp\/v2\/media?parent=761"}],"curies":[{"name":"wp","href":"https:\/\/api.w.org\/{rel}","templated":true}]}}