{"id":8691,"date":"2020-10-30T10:09:37","date_gmt":"2020-10-30T09:09:37","guid":{"rendered":"https:\/\/instytutpolski.pl\/minsk\/?page_id=8691"},"modified":"2020-10-30T10:19:38","modified_gmt":"2020-10-30T09:19:38","slug":"esej-waclaw-szpakowski-w-poszukiwaniu-rytmu","status":"publish","type":"page","link":"https:\/\/instytutpolski.pl\/minsk\/pl\/esej-waclaw-szpakowski-w-poszukiwaniu-rytmu\/","title":{"rendered":"ESEJ &#8222;Wac\u0142aw Szpakowski \u2013 w poszukiwaniu rytmu&#8221;"},"content":{"rendered":"\n<div id=\"attachment_8618\" style=\"width: 160px\" class=\"wp-caption alignleft\"><img loading=\"lazy\" decoding=\"async\" aria-describedby=\"caption-attachment-8618\" class=\"size-thumbnail wp-image-8618\" src=\"https:\/\/instytutpolski.pl\/minsk\/wp-content\/uploads\/sites\/6\/2020\/10\/2-ms_sn_f__472-2001-150x150.jpg\" alt=\"\" width=\"150\" height=\"150\" srcset=\"https:\/\/instytutpolski.pl\/minsk\/wp-content\/uploads\/sites\/6\/2020\/10\/2-ms_sn_f__472-2001-150x150.jpg 150w, https:\/\/instytutpolski.pl\/minsk\/wp-content\/uploads\/sites\/6\/2020\/10\/2-ms_sn_f__472-2001-300x300.jpg 300w\" sizes=\"auto, (max-width: 150px) 100vw, 150px\" \/><p id=\"caption-attachment-8618\" class=\"wp-caption-text\">Wac\u0142aw Szpakowski. Autoportret, 1902, fotografia czarno-bia\u0142a<\/p><\/div>\n\n\n\n<p>Wac\u0142aw Szpakowski&nbsp;(1883\u20131973) by\u0142 in\u017cynierem, rysownikem i fotografem. Zapisa\u0142 si\u0119 w historii \u015bwiatowej awangardy jako&nbsp;prekursor abstrakcji geometrycznej i autor \u201elinii rytmicznych\u201d &#8211; wyj\u0105tkowego artystycznego eksperymentu, kt\u00f3ry powstawa\u0142 w ca\u0142kowitej izolacji. Przez ca\u0142e \u017cycie konsekwentnie, cho\u0107 w osamotnieniu,&nbsp;poszukiwa\u0142 rytmu: zg\u0142\u0119bia\u0142 zagadnienia system\u00f3w zapis\u00f3w oraz geometrii przyrody, pozostaj\u0105c z dala od \u015bwiata sztuki.&nbsp;Jego liczne&nbsp;prace z pogranicza&nbsp;sztuki abstrakcyjnej,&nbsp;muzyki i&nbsp;matematyki ukazuj\u0105 zwi\u0105zki oraz blisko\u015b\u0107 tych dziedzin.<\/p>\n\n\n\n<p>Wac\u0142aw Szpakowski urodzi\u0142 si\u0119 w 1883 roku w Warszawie. Z zawodu i wykszta\u0142cenia Szpakowski by\u0142 in\u017cynierem, ale niemal od dziecka mia\u0142 szerokie, eklektyczne zainteresowania. W latach 1902\u20131911 studiowa\u0142&nbsp;architektur\u0119&nbsp;na Politechnice&nbsp;w Rydze. W prowadzonych notatnikach obok dziej\u00f3w architektury wiele uwagi po\u015bwi\u0119ca\u0142 tak\u017ce zjawiskom atmosferycznym, przys\u0142uchiwa\u0142 si\u0119&nbsp;d\u017awi\u0119kom wydawanym przez poruszaj\u0105ce si\u0119 na wietrze linie telegraficzne. Motywy wizualne obserwowane w przyrodzie i w efektach dzia\u0142alno\u015bci ludzkiej, d\u017awi\u0119ki zas\u0142yszane w naturze i te w kompozycjach muzycznych \u2013 wszystkie zajmowa\u0142y Szpakowskiego r\u00f3wnie mocno, b\u0119d\u0105c cz\u0119\u015bci\u0105 wi\u0119kszej ca\u0142o\u015bci, do kt\u00f3rej zrozumienia szuka\u0142 klucza.<\/p>\n\n\n\n<p>Fotografia by\u0142a dla artysty narz\u0119dziem, kt\u00f3rego u\u017cywa\u0142 do poznawania i katalogowania rzeczywisto\u015bci. W <em>Autoportrecie w lustrze <\/em>z 1902 roku widzimy Szpakowskiego wraz z aparatem fotograficznym, jego cz\u0119stym atrybutem i narz\u0119dziem tw\u00f3rczym. Najbardziej znanym z jego przedstawie\u0144 jest <em>Autoportret wielokrotny<\/em> (1912), stworzony z u\u017cyciem dw\u00f3ch przylegaj\u0105cych do siebie luster. Artysta wykonywa\u0142 zdj\u0119cia w czasie licznych podr\u00f3\u017cy, fotografie s\u0142u\u017cy\u0142y mu jako notatki, pomoce w obserwacji i w poznawaniu otaczaj\u0105cego \u015bwiata: uwiecznia\u0142 na zdj\u0119ciach fragmenty architektury miejskiej i ludowej.<\/p>\n\n\n\n<p>Podczas studi\u00f3w w Rydze Wac\u0142aw Szpakowski zacz\u0105\u0142 tworzy\u0107 sw\u00f3j charakterystyczny, oparty na kompozycji ci\u0105g\u0142ej linii j\u0119zyk wizualny, kt\u00f3ry przerodzi\u0142&nbsp;si\u0119 p\u00f3\u017aniej w system \u201elinii rytmicznych\u201d. Punktem wyj\u015bcia dla autora by\u0142o studiowanie otaczaj\u0105cego \u015bwiata i poszukiwanie rz\u0105dz\u0105cych nim niewidzialnych rytm\u00f3w. Interesowa\u0142y go cykliczno\u015b\u0107, powtarzalno\u015b\u0107 i rytm obserwowane zar\u00f3wno w przyrodzie jak i tworzonej przez ludzi architekturze, np. w fascynuj\u0105cym go meandrze. Z linii, z kt\u00f3rej uczyni\u0142 narz\u0119dzie do przedstawienia rytmu rzeczywisto\u015bci tworzy\u0142 liczne wzory, kt\u00f3re metodycznie porz\u0105dkowa\u0142, wyodr\u0119bnia\u0142 grupy, a przypadkowe uk\u0142ady eliminowa\u0142. Linia zawsze ma szeroko\u015b\u0107 jednego milimetra, a odst\u0119p mi\u0119dzy liniami wynosi niezmiennie cztery milimetry. Do jej wykre\u015blenia u\u017cywa\u0142 grafosu, uzyskuj\u0105c w rezultacie niemal doskonale r\u00f3wn\u0105 struktur\u0119.<\/p>\n\n\n\n<p>Po zako\u0144czeniu studi\u00f3w wr\u00f3ci\u0142 do Polski, gdzie pracowa\u0142 zawodowo. W 1935 roku wygra\u0142 konkurs na posad\u0119 architekta uzdrowiskowego w Otwocku. Po II Wojnie \u015awiatowej, od 1945 roku wraz z rodzin\u0105 rodzin\u0105 zamieszka\u0142 we Wroc\u0142awiu.&nbsp;<\/p>\n\n\n\n<p>Tworzenie uk\u0142ad\u00f3w linii zajmowa\u0142o Szpakowskiego przez ponad p\u00f3\u0142 wieku. Szkice do kompozycji powstawa\u0142y w wolnych chwilach, notowane o\u0142\u00f3wkiem na dost\u0119pnym akurat kawa\u0142ku papieru. Linearne kompozycje rodzi\u0142y si\u0119 najpierw podczas nauki, w szkole, p\u00f3\u017aniej na studiach i w ko\u0144cu w trakcie zawodowej pracy in\u017cyniera. Do licznych szkic\u00f3w i uk\u0142ad\u00f3w ci\u0105g\u0142ej linii artysta wraca\u0142 konsekwentnie w latach dwudziestych i trzydziestych, kontynuuj\u0105c raz rozpocz\u0119te zadanie. Nawi\u0105zywa\u0142 w\u00f3wczas do odr\u0119cznych szkic\u00f3w, uzupe\u0142niaj\u0105c je i organizuj\u0105c w zamkni\u0119te serie oznaczone kolejno literami A, B, C, D, E, F. Nast\u0119pnie ju\u017c w czasie wojny, w latach 1939\u20131943 zajmowa\u0142 si\u0119 studiami spirali, oznaczonymi kategori\u0105 S. Podsumowaniem i ukoronowaniem pracy nad \u201eLiniami rytmicznymi\u201d by\u0142 stworzony w latach 1953\u20131954 album, w kt\u00f3rym autor zbiera\u0142 wszystkie opracowane przez siebie warianty kompozycji. Liczy on 96 rysunk\u00f3w wykonanych o\u0142\u00f3wkiem na kartonie z nadrukowan\u0105 siatk\u0105 dwumilimetrow\u0105.<\/p>\n\n\n\n<p>Przez niemal ca\u0142e swoje \u017cycie Szpakowski rozwija\u0142 zainteresowania artystyczne, wykonuj\u0105c rysunki wed\u0142ug w\u0142asnego programu. Swoje dociekanie realizowa\u0142 jednak w izolacji, nie prezentowa\u0142 publicznie wynik\u00f3w swojej pracy. Sytuacja zmieni\u0142a si\u0119 dopiero w 1969 roku, dzi\u0119ki inicjatywie jego c\u00f3rki, artystki Anny Szpakowskiej, kt\u00f3ra przedstawi\u0142a tw\u00f3rczo\u015b\u0107 ojca znajomym krytykom sztuki. Pierwsza wystawa prac Szpakowskiego odby\u0142a si\u0119 ju\u017c po jego \u015bmierci w Muzeum Sztuki w 1978 roku. To w\u0142a\u015bnie w tej instytucji znajduje si\u0119 obecnie najbardziej znacz\u0105ca kolekcja prac Szpakowskiego, licz\u0105ca blisko 120 rysunk\u00f3w i ponad 20 fotografii. Dzi\u0119ki kolejnym prezentacjom jego niezwyk\u0142y dorobek odkryto dla \u015bwiata i ulokowano w szerszym kontek\u015bcie sztuki abstrakcyjnej.&nbsp;<\/p>\n\n\n\n<p>Precyzja i konsekwencja z jak\u0105 Szpakowski kre\u015bli\u0142 sw\u0105 lini\u0119 jest zarazem nowoczesna i ponadczasowa &#8211; przywodzi my\u015bl na my\u015bl dociekania renesansowych naukowc\u00f3w lub dzie\u0142a antycznych architekt\u00f3w. Dorobek Szpakowskiego pozostaje dzi\u015b niezmiennie aktualny i inspiruj\u0105cy \u2013 w pa\u017adzierniku w Muzeum Sztuki zostanie zaprezentowana wystawa Notes ryski. \u015aladem linii Wac\u0142awa Szpakowskiego, w kt\u00f3rej zostan\u0105 zestawione prace pioniera awangardy z dzie\u0142ami innych artyst\u00f3w pos\u0142uguj\u0105cych si\u0119 j\u0119zykiem abstrakcji. Poni\u017cszy wyb\u00f3r dzie\u0142 z kolekcji Muzeum Sztuki stanowi wgl\u0105d w \u017cycie i dorobek tego niezwyk\u0142ego tw\u00f3rcy, reprezentuj\u0105c najwa\u017cniejsze w\u0105tki obecne w jego drodze artysty-badacza.&nbsp; <br><strong>Jakub Gawkowski<\/strong><\/p>\n\n\n\n<p><\/p>\n\n\n\n<p><\/p>\n\n\n\n<p><\/p>\n\n\n","protected":false},"excerpt":{"rendered":"<p>Wac\u0142aw Szpakowski&nbsp;(1883\u20131973) by\u0142 in\u017cynierem, rysownikem i fotografem. Zapisa\u0142 si\u0119 w historii \u015bwiatowej awangardy jako&nbsp;prekursor abstrakcji geometrycznej i autor \u201elinii rytmicznych\u201d &#8211; wyj\u0105tkowego artystycznego eksperymentu, kt\u00f3ry powstawa\u0142 w ca\u0142kowitej izolacji. Przez ca\u0142e \u017cycie konsekwentnie, cho\u0107 w osamotnieniu,&nbsp;poszukiwa\u0142 rytmu: zg\u0142\u0119bia\u0142 zagadnienia system\u00f3w zapis\u00f3w oraz geometrii przyrody, pozostaj\u0105c z dala od \u015bwiata sztuki.&nbsp;Jego liczne&nbsp;prace z pogranicza&nbsp;sztuki abstrakcyjnej,&nbsp;muzyki i&nbsp;matematyki [&hellip;]<\/p>\n","protected":false},"author":64,"featured_media":8622,"parent":0,"menu_order":0,"comment_status":"closed","ping_status":"closed","template":"","meta":{"inline_featured_image":false,"_monsterinsights_skip_tracking":false,"_monsterinsights_sitenote_active":false,"_monsterinsights_sitenote_note":"","_monsterinsights_sitenote_category":0,"footnotes":""},"class_list":["post-8691","page","type-page","status-publish","has-post-thumbnail","hentry"],"yoast_head":"<!-- This site is optimized with the Yoast SEO plugin v24.6 - https:\/\/yoast.com\/wordpress\/plugins\/seo\/ -->\n<title>ESEJ &quot;Wac\u0142aw Szpakowski \u2013 w poszukiwaniu rytmu&quot; - Instytut Polski w Mi\u0144sku<\/title>\n<meta name=\"robots\" content=\"index, follow, max-snippet:-1, max-image-preview:large, max-video-preview:-1\" \/>\n<link rel=\"canonical\" href=\"https:\/\/instytutpolski.pl\/minsk\/pl\/esej-waclaw-szpakowski-w-poszukiwaniu-rytmu\/\" \/>\n<meta property=\"og:locale\" content=\"pl_PL\" \/>\n<meta property=\"og:type\" content=\"article\" \/>\n<meta property=\"og:title\" content=\"ESEJ &quot;Wac\u0142aw Szpakowski \u2013 w poszukiwaniu rytmu&quot; - Instytut Polski w Mi\u0144sku\" \/>\n<meta property=\"og:description\" content=\"Wac\u0142aw Szpakowski&nbsp;(1883\u20131973) by\u0142 in\u017cynierem, rysownikem i fotografem. Zapisa\u0142 si\u0119 w historii \u015bwiatowej awangardy jako&nbsp;prekursor abstrakcji geometrycznej i autor \u201elinii rytmicznych\u201d &#8211; wyj\u0105tkowego artystycznego eksperymentu, kt\u00f3ry powstawa\u0142 w ca\u0142kowitej izolacji. Przez ca\u0142e \u017cycie konsekwentnie, cho\u0107 w osamotnieniu,&nbsp;poszukiwa\u0142 rytmu: zg\u0142\u0119bia\u0142 zagadnienia system\u00f3w zapis\u00f3w oraz geometrii przyrody, pozostaj\u0105c z dala od \u015bwiata sztuki.&nbsp;Jego liczne&nbsp;prace z pogranicza&nbsp;sztuki abstrakcyjnej,&nbsp;muzyki i&nbsp;matematyki [&hellip;]\" \/>\n<meta property=\"og:url\" content=\"https:\/\/instytutpolski.pl\/minsk\/pl\/esej-waclaw-szpakowski-w-poszukiwaniu-rytmu\/\" \/>\n<meta property=\"og:site_name\" content=\"Instytut Polski w Mi\u0144sku\" \/>\n<meta property=\"article:modified_time\" content=\"2020-10-30T09:19:38+00:00\" \/>\n<meta property=\"og:image\" content=\"https:\/\/instytutpolski.pl\/minsk\/wp-content\/uploads\/sites\/6\/2020\/10\/6-ms_sn_rys__877001-scaled.jpg\" \/>\n\t<meta property=\"og:image:width\" content=\"2560\" \/>\n\t<meta property=\"og:image:height\" content=\"1605\" \/>\n\t<meta property=\"og:image:type\" content=\"image\/jpeg\" \/>\n<meta name=\"twitter:card\" content=\"summary_large_image\" \/>\n<meta name=\"twitter:label1\" content=\"Szacowany czas czytania\" \/>\n\t<meta name=\"twitter:data1\" content=\"4 minuty\" \/>\n<script type=\"application\/ld+json\" class=\"yoast-schema-graph\">{\"@context\":\"https:\/\/schema.org\",\"@graph\":[{\"@type\":\"WebPage\",\"@id\":\"https:\/\/instytutpolski.pl\/minsk\/pl\/esej-waclaw-szpakowski-w-poszukiwaniu-rytmu\/\",\"url\":\"https:\/\/instytutpolski.pl\/minsk\/pl\/esej-waclaw-szpakowski-w-poszukiwaniu-rytmu\/\",\"name\":\"ESEJ \\\"Wac\u0142aw Szpakowski \u2013 w poszukiwaniu rytmu\\\" - Instytut Polski w Mi\u0144sku\",\"isPartOf\":{\"@id\":\"https:\/\/instytutpolski.pl\/minsk\/#website\"},\"primaryImageOfPage\":{\"@id\":\"https:\/\/instytutpolski.pl\/minsk\/pl\/esej-waclaw-szpakowski-w-poszukiwaniu-rytmu\/#primaryimage\"},\"image\":{\"@id\":\"https:\/\/instytutpolski.pl\/minsk\/pl\/esej-waclaw-szpakowski-w-poszukiwaniu-rytmu\/#primaryimage\"},\"thumbnailUrl\":\"https:\/\/instytutpolski.pl\/minsk\/wp-content\/uploads\/sites\/6\/2020\/10\/6-ms_sn_rys__877001-scaled.jpg\",\"datePublished\":\"2020-10-30T09:09:37+00:00\",\"dateModified\":\"2020-10-30T09:19:38+00:00\",\"breadcrumb\":{\"@id\":\"https:\/\/instytutpolski.pl\/minsk\/pl\/esej-waclaw-szpakowski-w-poszukiwaniu-rytmu\/#breadcrumb\"},\"inLanguage\":\"pl-PL\",\"potentialAction\":[{\"@type\":\"ReadAction\",\"target\":[\"https:\/\/instytutpolski.pl\/minsk\/pl\/esej-waclaw-szpakowski-w-poszukiwaniu-rytmu\/\"]}]},{\"@type\":\"ImageObject\",\"inLanguage\":\"pl-PL\",\"@id\":\"https:\/\/instytutpolski.pl\/minsk\/pl\/esej-waclaw-szpakowski-w-poszukiwaniu-rytmu\/#primaryimage\",\"url\":\"https:\/\/instytutpolski.pl\/minsk\/wp-content\/uploads\/sites\/6\/2020\/10\/6-ms_sn_rys__877001-scaled.jpg\",\"contentUrl\":\"https:\/\/instytutpolski.pl\/minsk\/wp-content\/uploads\/sites\/6\/2020\/10\/6-ms_sn_rys__877001-scaled.jpg\",\"width\":2560,\"height\":1605,\"caption\":\"Wac\u0142aw Szpakowski. Z serii A: A 11, 1924, tusz, kalka techniczna\"},{\"@type\":\"BreadcrumbList\",\"@id\":\"https:\/\/instytutpolski.pl\/minsk\/pl\/esej-waclaw-szpakowski-w-poszukiwaniu-rytmu\/#breadcrumb\",\"itemListElement\":[{\"@type\":\"ListItem\",\"position\":1,\"name\":\"Home\",\"item\":\"https:\/\/instytutpolski.pl\/minsk\/\"},{\"@type\":\"ListItem\",\"position\":2,\"name\":\"ESEJ &#8222;Wac\u0142aw Szpakowski \u2013 w poszukiwaniu rytmu&#8221;\"}]},{\"@type\":\"WebSite\",\"@id\":\"https:\/\/instytutpolski.pl\/minsk\/#website\",\"url\":\"https:\/\/instytutpolski.pl\/minsk\/\",\"name\":\"Instytut Polski w Mi\u0144sku\",\"description\":\"Instytuty Polskie\",\"potentialAction\":[{\"@type\":\"SearchAction\",\"target\":{\"@type\":\"EntryPoint\",\"urlTemplate\":\"https:\/\/instytutpolski.pl\/minsk\/?s={search_term_string}\"},\"query-input\":{\"@type\":\"PropertyValueSpecification\",\"valueRequired\":true,\"valueName\":\"search_term_string\"}}],\"inLanguage\":\"pl-PL\"}]}<\/script>\n<!-- \/ Yoast SEO plugin. -->","yoast_head_json":{"title":"ESEJ \"Wac\u0142aw Szpakowski \u2013 w poszukiwaniu rytmu\" - Instytut Polski w Mi\u0144sku","robots":{"index":"index","follow":"follow","max-snippet":"max-snippet:-1","max-image-preview":"max-image-preview:large","max-video-preview":"max-video-preview:-1"},"canonical":"https:\/\/instytutpolski.pl\/minsk\/pl\/esej-waclaw-szpakowski-w-poszukiwaniu-rytmu\/","og_locale":"pl_PL","og_type":"article","og_title":"ESEJ \"Wac\u0142aw Szpakowski \u2013 w poszukiwaniu rytmu\" - Instytut Polski w Mi\u0144sku","og_description":"Wac\u0142aw Szpakowski&nbsp;(1883\u20131973) by\u0142 in\u017cynierem, rysownikem i fotografem. Zapisa\u0142 si\u0119 w historii \u015bwiatowej awangardy jako&nbsp;prekursor abstrakcji geometrycznej i autor \u201elinii rytmicznych\u201d &#8211; wyj\u0105tkowego artystycznego eksperymentu, kt\u00f3ry powstawa\u0142 w ca\u0142kowitej izolacji. Przez ca\u0142e \u017cycie konsekwentnie, cho\u0107 w osamotnieniu,&nbsp;poszukiwa\u0142 rytmu: zg\u0142\u0119bia\u0142 zagadnienia system\u00f3w zapis\u00f3w oraz geometrii przyrody, pozostaj\u0105c z dala od \u015bwiata sztuki.&nbsp;Jego liczne&nbsp;prace z pogranicza&nbsp;sztuki abstrakcyjnej,&nbsp;muzyki i&nbsp;matematyki [&hellip;]","og_url":"https:\/\/instytutpolski.pl\/minsk\/pl\/esej-waclaw-szpakowski-w-poszukiwaniu-rytmu\/","og_site_name":"Instytut Polski w Mi\u0144sku","article_modified_time":"2020-10-30T09:19:38+00:00","og_image":[{"width":2560,"height":1605,"url":"https:\/\/instytutpolski.pl\/minsk\/wp-content\/uploads\/sites\/6\/2020\/10\/6-ms_sn_rys__877001-scaled.jpg","type":"image\/jpeg"}],"twitter_card":"summary_large_image","twitter_misc":{"Szacowany czas czytania":"4 minuty"},"schema":{"@context":"https:\/\/schema.org","@graph":[{"@type":"WebPage","@id":"https:\/\/instytutpolski.pl\/minsk\/pl\/esej-waclaw-szpakowski-w-poszukiwaniu-rytmu\/","url":"https:\/\/instytutpolski.pl\/minsk\/pl\/esej-waclaw-szpakowski-w-poszukiwaniu-rytmu\/","name":"ESEJ \"Wac\u0142aw Szpakowski \u2013 w poszukiwaniu rytmu\" - Instytut Polski w Mi\u0144sku","isPartOf":{"@id":"https:\/\/instytutpolski.pl\/minsk\/#website"},"primaryImageOfPage":{"@id":"https:\/\/instytutpolski.pl\/minsk\/pl\/esej-waclaw-szpakowski-w-poszukiwaniu-rytmu\/#primaryimage"},"image":{"@id":"https:\/\/instytutpolski.pl\/minsk\/pl\/esej-waclaw-szpakowski-w-poszukiwaniu-rytmu\/#primaryimage"},"thumbnailUrl":"https:\/\/instytutpolski.pl\/minsk\/wp-content\/uploads\/sites\/6\/2020\/10\/6-ms_sn_rys__877001-scaled.jpg","datePublished":"2020-10-30T09:09:37+00:00","dateModified":"2020-10-30T09:19:38+00:00","breadcrumb":{"@id":"https:\/\/instytutpolski.pl\/minsk\/pl\/esej-waclaw-szpakowski-w-poszukiwaniu-rytmu\/#breadcrumb"},"inLanguage":"pl-PL","potentialAction":[{"@type":"ReadAction","target":["https:\/\/instytutpolski.pl\/minsk\/pl\/esej-waclaw-szpakowski-w-poszukiwaniu-rytmu\/"]}]},{"@type":"ImageObject","inLanguage":"pl-PL","@id":"https:\/\/instytutpolski.pl\/minsk\/pl\/esej-waclaw-szpakowski-w-poszukiwaniu-rytmu\/#primaryimage","url":"https:\/\/instytutpolski.pl\/minsk\/wp-content\/uploads\/sites\/6\/2020\/10\/6-ms_sn_rys__877001-scaled.jpg","contentUrl":"https:\/\/instytutpolski.pl\/minsk\/wp-content\/uploads\/sites\/6\/2020\/10\/6-ms_sn_rys__877001-scaled.jpg","width":2560,"height":1605,"caption":"Wac\u0142aw Szpakowski. Z serii A: A 11, 1924, tusz, kalka techniczna"},{"@type":"BreadcrumbList","@id":"https:\/\/instytutpolski.pl\/minsk\/pl\/esej-waclaw-szpakowski-w-poszukiwaniu-rytmu\/#breadcrumb","itemListElement":[{"@type":"ListItem","position":1,"name":"Home","item":"https:\/\/instytutpolski.pl\/minsk\/"},{"@type":"ListItem","position":2,"name":"ESEJ &#8222;Wac\u0142aw Szpakowski \u2013 w poszukiwaniu rytmu&#8221;"}]},{"@type":"WebSite","@id":"https:\/\/instytutpolski.pl\/minsk\/#website","url":"https:\/\/instytutpolski.pl\/minsk\/","name":"Instytut Polski w Mi\u0144sku","description":"Instytuty Polskie","potentialAction":[{"@type":"SearchAction","target":{"@type":"EntryPoint","urlTemplate":"https:\/\/instytutpolski.pl\/minsk\/?s={search_term_string}"},"query-input":{"@type":"PropertyValueSpecification","valueRequired":true,"valueName":"search_term_string"}}],"inLanguage":"pl-PL"}]}},"_links":{"self":[{"href":"https:\/\/instytutpolski.pl\/minsk\/wp-json\/wp\/v2\/pages\/8691","targetHints":{"allow":["GET"]}}],"collection":[{"href":"https:\/\/instytutpolski.pl\/minsk\/wp-json\/wp\/v2\/pages"}],"about":[{"href":"https:\/\/instytutpolski.pl\/minsk\/wp-json\/wp\/v2\/types\/page"}],"author":[{"embeddable":true,"href":"https:\/\/instytutpolski.pl\/minsk\/wp-json\/wp\/v2\/users\/64"}],"replies":[{"embeddable":true,"href":"https:\/\/instytutpolski.pl\/minsk\/wp-json\/wp\/v2\/comments?post=8691"}],"version-history":[{"count":4,"href":"https:\/\/instytutpolski.pl\/minsk\/wp-json\/wp\/v2\/pages\/8691\/revisions"}],"predecessor-version":[{"id":8695,"href":"https:\/\/instytutpolski.pl\/minsk\/wp-json\/wp\/v2\/pages\/8691\/revisions\/8695"}],"wp:featuredmedia":[{"embeddable":true,"href":"https:\/\/instytutpolski.pl\/minsk\/wp-json\/wp\/v2\/media\/8622"}],"wp:attachment":[{"href":"https:\/\/instytutpolski.pl\/minsk\/wp-json\/wp\/v2\/media?parent=8691"}],"curies":[{"name":"wp","href":"https:\/\/api.w.org\/{rel}","templated":true}]}}