{"id":674,"date":"2019-06-26T09:47:52","date_gmt":"2019-06-26T07:47:52","guid":{"rendered":"https:\/\/instytutpolski.pl\/moskwa\/?page_id=674"},"modified":"2023-06-26T11:55:56","modified_gmt":"2023-06-26T09:55:56","slug":"%d0%ba%d0%be%d0%bd%d1%82%d0%b0%d0%ba%d1%82%d1%8b","status":"publish","type":"page","link":"https:\/\/instytutpolski.pl\/moskva\/%d0%be-%d0%bf%d0%be%d0%bb%d1%8c%d1%81%d0%ba%d0%be%d0%bc-%d0%b8%d0%bd%d1%81%d1%82%d0%b8%d1%82%d1%83%d1%82%d0%b5\/%d0%ba%d0%be%d0%bd%d1%82%d0%b0%d0%ba%d1%82%d1%8b\/","title":{"rendered":"\u041a\u043e\u043d\u0442\u0430\u043a\u0442\u044b"},"content":{"rendered":"\n<p>\u0422\u0435\u043b\u0435\u0444\u043e\u043d \u041f\u043e\u043b\u044c\u0441\u043a\u043e\u0433\u043e \u043a\u0443\u043b\u044c\u0442\u0443\u0440\u043d\u043e\u0433\u043e \u0446\u0435\u043d\u0442\u0440\u0430: +7 (495) 231\u20131602<br>\u0424\u0430\u043a\u0441: +7 (495) 231\u20131504<br>E-mail: <a href=\"mailto:moskwa@instytutpolski.pl\">moskwa@instytutpolski.pl<\/a><br>\u0410\u0434\u0440\u0435\u0441: 123557, \u041c\u043e\u0441\u043a\u0432\u0430, \u0443\u043b. \u041a\u043b\u0438\u043c\u0430\u0448\u043a\u0438\u043d\u0430, \u0434. 4<br>\u0420\u0435\u0436\u0438\u043c \u0440\u0430\u0431\u043e\u0442\u044b: \u043f\u043d-\u043f\u0442 \u0441 9.00 \u0434\u043e 17.00<\/p>\n<hr>\n<p><strong>\u0413\u0440\u0430\u0444\u0438\u043a \u043f\u0440\u0438\u0435\u043c\u0430 \u0432 \u041f\u043e\u043b\u044c\u0441\u043a\u043e\u043c \u043a\u0443\u043b\u044c\u0442\u0443\u0440\u043d\u043e\u043c \u0446\u0435\u043d\u0442\u0440\u0435 \u0432 \u0441\u0435\u043a\u0440\u0435\u0442\u0430\u0440\u0438\u0430\u0442\u0435 \u043f\u043e \u0432\u043e\u043f\u0440\u043e\u0441\u0443 \u0436\u0430\u043b\u043e\u0431 \u0438 \u043e\u0431\u0440\u0430\u0449\u0435\u043d\u0438\u0439:<\/strong><\/p>\n<p>\u041f\u043e\u043d\u0435\u0434\u0435\u043b\u044c\u043d\u0438\u043a: 15.00 \u2013 17.00<\/p>\n<p><strong>Przyj\u0119cie w IP w sprawie skarg i wniosk\u00f3w po uprzednim um\u00f3wieniu terminu odbywa si\u0119 w sekretariacie w:<\/strong><\/p>\n<p>Poniedzia\u0142ki: 15.00 \u2013 17.00<\/p>\n<hr>\n<p>\u041a\u0410\u041a \u041d\u0410\u0421 \u041d\u0410\u0419\u0422\u0418<\/p>\n<p>\u041e\u0442 \u0441\u0442\u0430\u043d\u0446\u0438\u0438 \u043c\u0435\u0442\u0440\u043e: \u0411\u0435\u043b\u043e\u0440\u0443\u0441\u0441\u043a\u0430\u044f, \u041a\u0440\u0430\u0441\u043d\u043e\u043f\u0440\u0435\u0441\u043d\u0435\u043d\u0441\u043a\u0430\u044f \u0438\u043b\u0438 \u0411\u0430\u0440\u0440\u0438\u043a\u0430\u0434\u043d\u0430\u044f \u043f\u0435\u0448\u043a\u043e\u043c (~15 \u043c\u0438\u043d\u0443\u0442) \u0434\u043e 1-\u0439 \u043f\u0440\u043e\u0445\u043e\u0434\u043d\u043e\u0439 \u041f\u043e\u0441\u043e\u043b\u044c\u0441\u0442\u0432\u0430 \u0420\u0435\u0441\u043f\u0443\u0431\u043b\u0438\u043a\u0438 \u041f\u043e\u043b\u044c\u0448\u0438: \u0411\u043e\u043b\u044c\u0448\u043e\u0439 \u0422\u0438\u0448\u0438\u043d\u0441\u043a\u0438\u0439 \u043f\u0435\u0440.<\/p>\n\n\n\n\n\n\n","protected":false},"excerpt":{"rendered":"<p>\u0422\u0435\u043b\u0435\u0444\u043e\u043d \u041f\u043e\u043b\u044c\u0441\u043a\u043e\u0433\u043e \u043a\u0443\u043b\u044c\u0442\u0443\u0440\u043d\u043e\u0433\u043e \u0446\u0435\u043d\u0442\u0440\u0430: +7 (495) 231\u20131602\u0424\u0430\u043a\u0441: +7 (495) 231\u20131504E-mail: moskwa@instytutpolski.pl\u0410\u0434\u0440\u0435\u0441: 123557, \u041c\u043e\u0441\u043a\u0432\u0430, \u0443\u043b. \u041a\u043b\u0438\u043c\u0430\u0448\u043a\u0438\u043d\u0430, \u0434. 4\u0420\u0435\u0436\u0438\u043c \u0440\u0430\u0431\u043e\u0442\u044b: \u043f\u043d-\u043f\u0442 \u0441 9.00 \u0434\u043e 17.00 \u0413\u0440\u0430\u0444\u0438\u043a \u043f\u0440\u0438\u0435\u043c\u0430 \u0432 \u041f\u043e\u043b\u044c\u0441\u043a\u043e\u043c \u043a\u0443\u043b\u044c\u0442\u0443\u0440\u043d\u043e\u043c \u0446\u0435\u043d\u0442\u0440\u0435 \u0432 \u0441\u0435\u043a\u0440\u0435\u0442\u0430\u0440\u0438\u0430\u0442\u0435 \u043f\u043e \u0432\u043e\u043f\u0440\u043e\u0441\u0443 \u0436\u0430\u043b\u043e\u0431 \u0438 \u043e\u0431\u0440\u0430\u0449\u0435\u043d\u0438\u0439: \u041f\u043e\u043d\u0435\u0434\u0435\u043b\u044c\u043d\u0438\u043a: 15.00 \u2013 17.00 Przyj\u0119cie w IP w sprawie skarg i wniosk\u00f3w po uprzednim um\u00f3wieniu terminu odbywa si\u0119 w [&hellip;]<\/p>\n","protected":false},"author":1,"featured_media":0,"parent":672,"menu_order":0,"comment_status":"closed","ping_status":"closed","template":"","meta":{"inline_featured_image":false,"_monsterinsights_skip_tracking":false,"_monsterinsights_sitenote_active":false,"_monsterinsights_sitenote_note":"","_monsterinsights_sitenote_category":0,"footnotes":""},"class_list":["post-674","page","type-page","status-publish","hentry"],"yoast_head":"<!-- This site is optimized with the Yoast SEO plugin v24.6 - https:\/\/yoast.com\/wordpress\/plugins\/seo\/ -->\n<title>\u041a\u043e\u043d\u0442\u0430\u043a\u0442\u044b - Instytut Polski w Moskwie \/\/ \u041f\u043e\u043b\u044c\u0441\u043a\u0438\u0439 \u043a\u0443\u043b\u044c\u0442\u0443\u0440\u043d\u044b\u0439 \u0446\u0435\u043d\u0442\u0440 \u0432 \u041c\u043e\u0441\u043a\u0432\u0435<\/title>\n<meta name=\"robots\" content=\"index, follow, max-snippet:-1, max-image-preview:large, max-video-preview:-1\" \/>\n<link rel=\"canonical\" href=\"https:\/\/instytutpolski.pl\/moskva\/\u043e-\u043f\u043e\u043b\u044c\u0441\u043a\u043e\u043c-\u0438\u043d\u0441\u0442\u0438\u0442\u0443\u0442\u0435\/\u043a\u043e\u043d\u0442\u0430\u043a\u0442\u044b\/\" \/>\n<meta property=\"og:locale\" content=\"pl_PL\" \/>\n<meta property=\"og:type\" content=\"article\" \/>\n<meta property=\"og:title\" content=\"\u041a\u043e\u043d\u0442\u0430\u043a\u0442\u044b - Instytut Polski w Moskwie \/\/ \u041f\u043e\u043b\u044c\u0441\u043a\u0438\u0439 \u043a\u0443\u043b\u044c\u0442\u0443\u0440\u043d\u044b\u0439 \u0446\u0435\u043d\u0442\u0440 \u0432 \u041c\u043e\u0441\u043a\u0432\u0435\" \/>\n<meta property=\"og:description\" content=\"\u0422\u0435\u043b\u0435\u0444\u043e\u043d \u041f\u043e\u043b\u044c\u0441\u043a\u043e\u0433\u043e \u043a\u0443\u043b\u044c\u0442\u0443\u0440\u043d\u043e\u0433\u043e \u0446\u0435\u043d\u0442\u0440\u0430: +7 (495) 231\u20131602\u0424\u0430\u043a\u0441: +7 (495) 231\u20131504E-mail: moskwa@instytutpolski.pl\u0410\u0434\u0440\u0435\u0441: 123557, \u041c\u043e\u0441\u043a\u0432\u0430, \u0443\u043b. \u041a\u043b\u0438\u043c\u0430\u0448\u043a\u0438\u043d\u0430, \u0434. 4\u0420\u0435\u0436\u0438\u043c \u0440\u0430\u0431\u043e\u0442\u044b: \u043f\u043d-\u043f\u0442 \u0441 9.00 \u0434\u043e 17.00 \u0413\u0440\u0430\u0444\u0438\u043a \u043f\u0440\u0438\u0435\u043c\u0430 \u0432 \u041f\u043e\u043b\u044c\u0441\u043a\u043e\u043c \u043a\u0443\u043b\u044c\u0442\u0443\u0440\u043d\u043e\u043c \u0446\u0435\u043d\u0442\u0440\u0435 \u0432 \u0441\u0435\u043a\u0440\u0435\u0442\u0430\u0440\u0438\u0430\u0442\u0435 \u043f\u043e \u0432\u043e\u043f\u0440\u043e\u0441\u0443 \u0436\u0430\u043b\u043e\u0431 \u0438 \u043e\u0431\u0440\u0430\u0449\u0435\u043d\u0438\u0439: \u041f\u043e\u043d\u0435\u0434\u0435\u043b\u044c\u043d\u0438\u043a: 15.00 \u2013 17.00 Przyj\u0119cie w IP w sprawie skarg i wniosk\u00f3w po uprzednim um\u00f3wieniu terminu odbywa si\u0119 w [&hellip;]\" \/>\n<meta property=\"og:url\" content=\"https:\/\/instytutpolski.pl\/moskva\/\u043e-\u043f\u043e\u043b\u044c\u0441\u043a\u043e\u043c-\u0438\u043d\u0441\u0442\u0438\u0442\u0443\u0442\u0435\/\u043a\u043e\u043d\u0442\u0430\u043a\u0442\u044b\/\" \/>\n<meta property=\"og:site_name\" content=\"Instytut Polski w Moskwie \/\/ \u041f\u043e\u043b\u044c\u0441\u043a\u0438\u0439 \u043a\u0443\u043b\u044c\u0442\u0443\u0440\u043d\u044b\u0439 \u0446\u0435\u043d\u0442\u0440 \u0432 \u041c\u043e\u0441\u043a\u0432\u0435\" \/>\n<meta property=\"article:modified_time\" content=\"2023-06-26T09:55:56+00:00\" \/>\n<meta name=\"twitter:card\" content=\"summary_large_image\" \/>\n<meta name=\"twitter:label1\" content=\"Szacowany czas czytania\" \/>\n\t<meta name=\"twitter:data1\" content=\"1 minuta\" \/>\n<script type=\"application\/ld+json\" class=\"yoast-schema-graph\">{\"@context\":\"https:\/\/schema.org\",\"@graph\":[{\"@type\":\"WebPage\",\"@id\":\"https:\/\/instytutpolski.pl\/moskva\/%d0%be-%d0%bf%d0%be%d0%bb%d1%8c%d1%81%d0%ba%d0%be%d0%bc-%d0%b8%d0%bd%d1%81%d1%82%d0%b8%d1%82%d1%83%d1%82%d0%b5\/%d0%ba%d0%be%d0%bd%d1%82%d0%b0%d0%ba%d1%82%d1%8b\/\",\"url\":\"https:\/\/instytutpolski.pl\/moskva\/%d0%be-%d0%bf%d0%be%d0%bb%d1%8c%d1%81%d0%ba%d0%be%d0%bc-%d0%b8%d0%bd%d1%81%d1%82%d0%b8%d1%82%d1%83%d1%82%d0%b5\/%d0%ba%d0%be%d0%bd%d1%82%d0%b0%d0%ba%d1%82%d1%8b\/\",\"name\":\"\u041a\u043e\u043d\u0442\u0430\u043a\u0442\u044b - Instytut Polski w Moskwie \/\/ \u041f\u043e\u043b\u044c\u0441\u043a\u0438\u0439 \u043a\u0443\u043b\u044c\u0442\u0443\u0440\u043d\u044b\u0439 \u0446\u0435\u043d\u0442\u0440 \u0432 \u041c\u043e\u0441\u043a\u0432\u0435\",\"isPartOf\":{\"@id\":\"https:\/\/instytutpolski.pl\/moskva\/#website\"},\"datePublished\":\"2019-06-26T07:47:52+00:00\",\"dateModified\":\"2023-06-26T09:55:56+00:00\",\"breadcrumb\":{\"@id\":\"https:\/\/instytutpolski.pl\/moskva\/%d0%be-%d0%bf%d0%be%d0%bb%d1%8c%d1%81%d0%ba%d0%be%d0%bc-%d0%b8%d0%bd%d1%81%d1%82%d0%b8%d1%82%d1%83%d1%82%d0%b5\/%d0%ba%d0%be%d0%bd%d1%82%d0%b0%d0%ba%d1%82%d1%8b\/#breadcrumb\"},\"inLanguage\":\"pl-PL\",\"potentialAction\":[{\"@type\":\"ReadAction\",\"target\":[\"https:\/\/instytutpolski.pl\/moskva\/%d0%be-%d0%bf%d0%be%d0%bb%d1%8c%d1%81%d0%ba%d0%be%d0%bc-%d0%b8%d0%bd%d1%81%d1%82%d0%b8%d1%82%d1%83%d1%82%d0%b5\/%d0%ba%d0%be%d0%bd%d1%82%d0%b0%d0%ba%d1%82%d1%8b\/\"]}]},{\"@type\":\"BreadcrumbList\",\"@id\":\"https:\/\/instytutpolski.pl\/moskva\/%d0%be-%d0%bf%d0%be%d0%bb%d1%8c%d1%81%d0%ba%d0%be%d0%bc-%d0%b8%d0%bd%d1%81%d1%82%d0%b8%d1%82%d1%83%d1%82%d0%b5\/%d0%ba%d0%be%d0%bd%d1%82%d0%b0%d0%ba%d1%82%d1%8b\/#breadcrumb\",\"itemListElement\":[{\"@type\":\"ListItem\",\"position\":1,\"name\":\"Home\",\"item\":\"https:\/\/instytutpolski.pl\/moskva\/\"},{\"@type\":\"ListItem\",\"position\":2,\"name\":\"\u041e \u041f\u043e\u043b\u044c\u0441\u043a\u043e\u043c \u043a\u0443\u043b\u044c\u0442\u0443\u0440\u043d\u043e\u043c \u0446\u0435\u043d\u0442\u0440\u0435\",\"item\":\"https:\/\/instytutpolski.pl\/moskva\/%d0%be-%d0%bf%d0%be%d0%bb%d1%8c%d1%81%d0%ba%d0%be%d0%bc-%d0%b8%d0%bd%d1%81%d1%82%d0%b8%d1%82%d1%83%d1%82%d0%b5\/\"},{\"@type\":\"ListItem\",\"position\":3,\"name\":\"\u041a\u043e\u043d\u0442\u0430\u043a\u0442\u044b\"}]},{\"@type\":\"WebSite\",\"@id\":\"https:\/\/instytutpolski.pl\/moskva\/#website\",\"url\":\"https:\/\/instytutpolski.pl\/moskva\/\",\"name\":\"Instytut Polski w Moskwie \/\/ \u041f\u043e\u043b\u044c\u0441\u043a\u0438\u0439 \u043a\u0443\u043b\u044c\u0442\u0443\u0440\u043d\u044b\u0439 \u0446\u0435\u043d\u0442\u0440 \u0432 \u041c\u043e\u0441\u043a\u0432\u0435\",\"description\":\"Instytuty Polskie\",\"potentialAction\":[{\"@type\":\"SearchAction\",\"target\":{\"@type\":\"EntryPoint\",\"urlTemplate\":\"https:\/\/instytutpolski.pl\/moskva\/?s={search_term_string}\"},\"query-input\":{\"@type\":\"PropertyValueSpecification\",\"valueRequired\":true,\"valueName\":\"search_term_string\"}}],\"inLanguage\":\"pl-PL\"}]}<\/script>\n<!-- \/ Yoast SEO plugin. -->","yoast_head_json":{"title":"\u041a\u043e\u043d\u0442\u0430\u043a\u0442\u044b - Instytut Polski w Moskwie \/\/ \u041f\u043e\u043b\u044c\u0441\u043a\u0438\u0439 \u043a\u0443\u043b\u044c\u0442\u0443\u0440\u043d\u044b\u0439 \u0446\u0435\u043d\u0442\u0440 \u0432 \u041c\u043e\u0441\u043a\u0432\u0435","robots":{"index":"index","follow":"follow","max-snippet":"max-snippet:-1","max-image-preview":"max-image-preview:large","max-video-preview":"max-video-preview:-1"},"canonical":"https:\/\/instytutpolski.pl\/moskva\/\u043e-\u043f\u043e\u043b\u044c\u0441\u043a\u043e\u043c-\u0438\u043d\u0441\u0442\u0438\u0442\u0443\u0442\u0435\/\u043a\u043e\u043d\u0442\u0430\u043a\u0442\u044b\/","og_locale":"pl_PL","og_type":"article","og_title":"\u041a\u043e\u043d\u0442\u0430\u043a\u0442\u044b - Instytut Polski w Moskwie \/\/ \u041f\u043e\u043b\u044c\u0441\u043a\u0438\u0439 \u043a\u0443\u043b\u044c\u0442\u0443\u0440\u043d\u044b\u0439 \u0446\u0435\u043d\u0442\u0440 \u0432 \u041c\u043e\u0441\u043a\u0432\u0435","og_description":"\u0422\u0435\u043b\u0435\u0444\u043e\u043d \u041f\u043e\u043b\u044c\u0441\u043a\u043e\u0433\u043e \u043a\u0443\u043b\u044c\u0442\u0443\u0440\u043d\u043e\u0433\u043e \u0446\u0435\u043d\u0442\u0440\u0430: +7 (495) 231\u20131602\u0424\u0430\u043a\u0441: +7 (495) 231\u20131504E-mail: moskwa@instytutpolski.pl\u0410\u0434\u0440\u0435\u0441: 123557, \u041c\u043e\u0441\u043a\u0432\u0430, \u0443\u043b. \u041a\u043b\u0438\u043c\u0430\u0448\u043a\u0438\u043d\u0430, \u0434. 4\u0420\u0435\u0436\u0438\u043c \u0440\u0430\u0431\u043e\u0442\u044b: \u043f\u043d-\u043f\u0442 \u0441 9.00 \u0434\u043e 17.00 \u0413\u0440\u0430\u0444\u0438\u043a \u043f\u0440\u0438\u0435\u043c\u0430 \u0432 \u041f\u043e\u043b\u044c\u0441\u043a\u043e\u043c \u043a\u0443\u043b\u044c\u0442\u0443\u0440\u043d\u043e\u043c \u0446\u0435\u043d\u0442\u0440\u0435 \u0432 \u0441\u0435\u043a\u0440\u0435\u0442\u0430\u0440\u0438\u0430\u0442\u0435 \u043f\u043e \u0432\u043e\u043f\u0440\u043e\u0441\u0443 \u0436\u0430\u043b\u043e\u0431 \u0438 \u043e\u0431\u0440\u0430\u0449\u0435\u043d\u0438\u0439: \u041f\u043e\u043d\u0435\u0434\u0435\u043b\u044c\u043d\u0438\u043a: 15.00 \u2013 17.00 Przyj\u0119cie w IP w sprawie skarg i wniosk\u00f3w po uprzednim um\u00f3wieniu terminu odbywa si\u0119 w [&hellip;]","og_url":"https:\/\/instytutpolski.pl\/moskva\/\u043e-\u043f\u043e\u043b\u044c\u0441\u043a\u043e\u043c-\u0438\u043d\u0441\u0442\u0438\u0442\u0443\u0442\u0435\/\u043a\u043e\u043d\u0442\u0430\u043a\u0442\u044b\/","og_site_name":"Instytut Polski w Moskwie \/\/ \u041f\u043e\u043b\u044c\u0441\u043a\u0438\u0439 \u043a\u0443\u043b\u044c\u0442\u0443\u0440\u043d\u044b\u0439 \u0446\u0435\u043d\u0442\u0440 \u0432 \u041c\u043e\u0441\u043a\u0432\u0435","article_modified_time":"2023-06-26T09:55:56+00:00","twitter_card":"summary_large_image","twitter_misc":{"Szacowany czas czytania":"1 minuta"},"schema":{"@context":"https:\/\/schema.org","@graph":[{"@type":"WebPage","@id":"https:\/\/instytutpolski.pl\/moskva\/%d0%be-%d0%bf%d0%be%d0%bb%d1%8c%d1%81%d0%ba%d0%be%d0%bc-%d0%b8%d0%bd%d1%81%d1%82%d0%b8%d1%82%d1%83%d1%82%d0%b5\/%d0%ba%d0%be%d0%bd%d1%82%d0%b0%d0%ba%d1%82%d1%8b\/","url":"https:\/\/instytutpolski.pl\/moskva\/%d0%be-%d0%bf%d0%be%d0%bb%d1%8c%d1%81%d0%ba%d0%be%d0%bc-%d0%b8%d0%bd%d1%81%d1%82%d0%b8%d1%82%d1%83%d1%82%d0%b5\/%d0%ba%d0%be%d0%bd%d1%82%d0%b0%d0%ba%d1%82%d1%8b\/","name":"\u041a\u043e\u043d\u0442\u0430\u043a\u0442\u044b - Instytut Polski w Moskwie \/\/ \u041f\u043e\u043b\u044c\u0441\u043a\u0438\u0439 \u043a\u0443\u043b\u044c\u0442\u0443\u0440\u043d\u044b\u0439 \u0446\u0435\u043d\u0442\u0440 \u0432 \u041c\u043e\u0441\u043a\u0432\u0435","isPartOf":{"@id":"https:\/\/instytutpolski.pl\/moskva\/#website"},"datePublished":"2019-06-26T07:47:52+00:00","dateModified":"2023-06-26T09:55:56+00:00","breadcrumb":{"@id":"https:\/\/instytutpolski.pl\/moskva\/%d0%be-%d0%bf%d0%be%d0%bb%d1%8c%d1%81%d0%ba%d0%be%d0%bc-%d0%b8%d0%bd%d1%81%d1%82%d0%b8%d1%82%d1%83%d1%82%d0%b5\/%d0%ba%d0%be%d0%bd%d1%82%d0%b0%d0%ba%d1%82%d1%8b\/#breadcrumb"},"inLanguage":"pl-PL","potentialAction":[{"@type":"ReadAction","target":["https:\/\/instytutpolski.pl\/moskva\/%d0%be-%d0%bf%d0%be%d0%bb%d1%8c%d1%81%d0%ba%d0%be%d0%bc-%d0%b8%d0%bd%d1%81%d1%82%d0%b8%d1%82%d1%83%d1%82%d0%b5\/%d0%ba%d0%be%d0%bd%d1%82%d0%b0%d0%ba%d1%82%d1%8b\/"]}]},{"@type":"BreadcrumbList","@id":"https:\/\/instytutpolski.pl\/moskva\/%d0%be-%d0%bf%d0%be%d0%bb%d1%8c%d1%81%d0%ba%d0%be%d0%bc-%d0%b8%d0%bd%d1%81%d1%82%d0%b8%d1%82%d1%83%d1%82%d0%b5\/%d0%ba%d0%be%d0%bd%d1%82%d0%b0%d0%ba%d1%82%d1%8b\/#breadcrumb","itemListElement":[{"@type":"ListItem","position":1,"name":"Home","item":"https:\/\/instytutpolski.pl\/moskva\/"},{"@type":"ListItem","position":2,"name":"\u041e \u041f\u043e\u043b\u044c\u0441\u043a\u043e\u043c \u043a\u0443\u043b\u044c\u0442\u0443\u0440\u043d\u043e\u043c \u0446\u0435\u043d\u0442\u0440\u0435","item":"https:\/\/instytutpolski.pl\/moskva\/%d0%be-%d0%bf%d0%be%d0%bb%d1%8c%d1%81%d0%ba%d0%be%d0%bc-%d0%b8%d0%bd%d1%81%d1%82%d0%b8%d1%82%d1%83%d1%82%d0%b5\/"},{"@type":"ListItem","position":3,"name":"\u041a\u043e\u043d\u0442\u0430\u043a\u0442\u044b"}]},{"@type":"WebSite","@id":"https:\/\/instytutpolski.pl\/moskva\/#website","url":"https:\/\/instytutpolski.pl\/moskva\/","name":"Instytut Polski w Moskwie \/\/ \u041f\u043e\u043b\u044c\u0441\u043a\u0438\u0439 \u043a\u0443\u043b\u044c\u0442\u0443\u0440\u043d\u044b\u0439 \u0446\u0435\u043d\u0442\u0440 \u0432 \u041c\u043e\u0441\u043a\u0432\u0435","description":"Instytuty Polskie","potentialAction":[{"@type":"SearchAction","target":{"@type":"EntryPoint","urlTemplate":"https:\/\/instytutpolski.pl\/moskva\/?s={search_term_string}"},"query-input":{"@type":"PropertyValueSpecification","valueRequired":true,"valueName":"search_term_string"}}],"inLanguage":"pl-PL"}]}},"_links":{"self":[{"href":"https:\/\/instytutpolski.pl\/moskva\/wp-json\/wp\/v2\/pages\/674","targetHints":{"allow":["GET"]}}],"collection":[{"href":"https:\/\/instytutpolski.pl\/moskva\/wp-json\/wp\/v2\/pages"}],"about":[{"href":"https:\/\/instytutpolski.pl\/moskva\/wp-json\/wp\/v2\/types\/page"}],"author":[{"embeddable":true,"href":"https:\/\/instytutpolski.pl\/moskva\/wp-json\/wp\/v2\/users\/1"}],"replies":[{"embeddable":true,"href":"https:\/\/instytutpolski.pl\/moskva\/wp-json\/wp\/v2\/comments?post=674"}],"version-history":[{"count":29,"href":"https:\/\/instytutpolski.pl\/moskva\/wp-json\/wp\/v2\/pages\/674\/revisions"}],"predecessor-version":[{"id":4635,"href":"https:\/\/instytutpolski.pl\/moskva\/wp-json\/wp\/v2\/pages\/674\/revisions\/4635"}],"up":[{"embeddable":true,"href":"https:\/\/instytutpolski.pl\/moskva\/wp-json\/wp\/v2\/pages\/672"}],"wp:attachment":[{"href":"https:\/\/instytutpolski.pl\/moskva\/wp-json\/wp\/v2\/media?parent=674"}],"curies":[{"name":"wp","href":"https:\/\/api.w.org\/{rel}","templated":true}]}}