{"id":196,"date":"2019-06-26T14:53:06","date_gmt":"2019-06-26T12:53:06","guid":{"rendered":"https:\/\/instytutpolski.pl\/new-delhi\/?page_id=196"},"modified":"2025-07-21T09:18:59","modified_gmt":"2025-07-21T07:18:59","slug":"meet-our-team","status":"publish","type":"page","link":"https:\/\/instytutpolski.pl\/newdelhi\/about-us-2\/meet-our-team\/","title":{"rendered":"Meet our Team"},"content":{"rendered":"\n<p><strong>The Polish Institute in New Delhi<\/strong>, established in 2012, is a diplomatic mission, serving under the Ministry of Foreign Affairs of the Republic of Poland. PI is the cultural division of the Embassy of Poland to India. The Institute\u2019s mission is to build and promote cultural exchange between Poland and India, Sri Lanka, Bangladesh, Nepal by presenting Polish culture, history and traditions to the audience of these countries.\u00a0<\/p>\n<p><strong>Staff:<\/strong><\/p>\n<p><strong>Ma\u0142gorzata Wejsis- Go\u0142\u0119biak<\/strong><\/p>\n<p><strong>Director<\/strong><\/p>\n<p>email: Malgorzata.wejsis@msz.gov.pl<\/p>\n<p>\u00a0<\/p>\n<p><strong>Aneta \u015awi\u0119cicka<\/strong><\/p>\n<p><strong>Deputy Director<\/strong><\/p>\n<p>email: Aneta.swiecicka@msz.gov.pl<\/p>\n<p>\u00a0<\/p>\n<p><strong>Ms. Ester Ellis<\/strong> -Secretary to Director<\/p>\n<p>email: Ester.Ellis@msz.gov.pl<\/p>\n<p>\u00a0<\/p>\n<p><strong>Mr. Pulkit Kalra<\/strong> &#8211; Media and PR expert<\/p>\n<p>email: Pulkit.Kalra@instytutpolski.pl<\/p>\n","protected":false},"excerpt":{"rendered":"<p>The Polish Institute in New Delhi, established in 2012, is a diplomatic mission, serving under the Ministry of Foreign Affairs of the Republic of Poland. PI is the cultural division of the Embassy of Poland to India. The Institute\u2019s mission is to build and promote cultural exchange between Poland and India, Sri Lanka, Bangladesh, Nepal [&hellip;]<\/p>\n","protected":false},"author":1,"featured_media":558,"parent":186,"menu_order":0,"comment_status":"closed","ping_status":"closed","template":"","meta":{"inline_featured_image":false,"_monsterinsights_skip_tracking":false,"_monsterinsights_sitenote_active":false,"_monsterinsights_sitenote_note":"","_monsterinsights_sitenote_category":0,"footnotes":""},"class_list":["post-196","page","type-page","status-publish","has-post-thumbnail","hentry"],"yoast_head":"<!-- This site is optimized with the Yoast SEO plugin v24.6 - https:\/\/yoast.com\/wordpress\/plugins\/seo\/ -->\n<title>Meet our Team - Instytut Polski w New Delhi<\/title>\n<meta name=\"robots\" content=\"index, follow, max-snippet:-1, max-image-preview:large, max-video-preview:-1\" \/>\n<link rel=\"canonical\" href=\"https:\/\/instytutpolski.pl\/newdelhi\/about-us-2\/meet-our-team\/\" \/>\n<meta property=\"og:locale\" content=\"pl_PL\" \/>\n<meta property=\"og:type\" content=\"article\" \/>\n<meta property=\"og:title\" content=\"Meet our Team - Instytut Polski w New Delhi\" \/>\n<meta property=\"og:description\" content=\"The Polish Institute in New Delhi, established in 2012, is a diplomatic mission, serving under the Ministry of Foreign Affairs of the Republic of Poland. PI is the cultural division of the Embassy of Poland to India. The Institute\u2019s mission is to build and promote cultural exchange between Poland and India, Sri Lanka, Bangladesh, Nepal [&hellip;]\" \/>\n<meta property=\"og:url\" content=\"https:\/\/instytutpolski.pl\/newdelhi\/about-us-2\/meet-our-team\/\" \/>\n<meta property=\"og:site_name\" content=\"Instytut Polski w New Delhi\" \/>\n<meta property=\"article:modified_time\" content=\"2025-07-21T07:18:59+00:00\" \/>\n<meta property=\"og:image\" content=\"https:\/\/instytutpolski.pl\/newdelhi\/wp-content\/uploads\/sites\/18\/2020\/06\/IP-New-Delhi-ok.jpg\" \/>\n\t<meta property=\"og:image:width\" content=\"2500\" \/>\n\t<meta property=\"og:image:height\" content=\"1873\" \/>\n\t<meta property=\"og:image:type\" content=\"image\/jpeg\" \/>\n<meta name=\"twitter:card\" content=\"summary_large_image\" \/>\n<meta name=\"twitter:label1\" content=\"Szacowany czas czytania\" \/>\n\t<meta name=\"twitter:data1\" content=\"1 minuta\" \/>\n<script type=\"application\/ld+json\" class=\"yoast-schema-graph\">{\"@context\":\"https:\/\/schema.org\",\"@graph\":[{\"@type\":\"WebPage\",\"@id\":\"https:\/\/instytutpolski.pl\/newdelhi\/about-us-2\/meet-our-team\/\",\"url\":\"https:\/\/instytutpolski.pl\/newdelhi\/about-us-2\/meet-our-team\/\",\"name\":\"Meet our Team - Instytut Polski w New Delhi\",\"isPartOf\":{\"@id\":\"https:\/\/instytutpolski.pl\/newdelhi\/#website\"},\"primaryImageOfPage\":{\"@id\":\"https:\/\/instytutpolski.pl\/newdelhi\/about-us-2\/meet-our-team\/#primaryimage\"},\"image\":{\"@id\":\"https:\/\/instytutpolski.pl\/newdelhi\/about-us-2\/meet-our-team\/#primaryimage\"},\"thumbnailUrl\":\"https:\/\/instytutpolski.pl\/newdelhi\/wp-content\/uploads\/sites\/18\/2020\/06\/IP-New-Delhi-ok.jpg\",\"datePublished\":\"2019-06-26T12:53:06+00:00\",\"dateModified\":\"2025-07-21T07:18:59+00:00\",\"breadcrumb\":{\"@id\":\"https:\/\/instytutpolski.pl\/newdelhi\/about-us-2\/meet-our-team\/#breadcrumb\"},\"inLanguage\":\"pl-PL\",\"potentialAction\":[{\"@type\":\"ReadAction\",\"target\":[\"https:\/\/instytutpolski.pl\/newdelhi\/about-us-2\/meet-our-team\/\"]}]},{\"@type\":\"ImageObject\",\"inLanguage\":\"pl-PL\",\"@id\":\"https:\/\/instytutpolski.pl\/newdelhi\/about-us-2\/meet-our-team\/#primaryimage\",\"url\":\"https:\/\/instytutpolski.pl\/newdelhi\/wp-content\/uploads\/sites\/18\/2020\/06\/IP-New-Delhi-ok.jpg\",\"contentUrl\":\"https:\/\/instytutpolski.pl\/newdelhi\/wp-content\/uploads\/sites\/18\/2020\/06\/IP-New-Delhi-ok.jpg\",\"width\":2500,\"height\":1873},{\"@type\":\"BreadcrumbList\",\"@id\":\"https:\/\/instytutpolski.pl\/newdelhi\/about-us-2\/meet-our-team\/#breadcrumb\",\"itemListElement\":[{\"@type\":\"ListItem\",\"position\":1,\"name\":\"Home\",\"item\":\"https:\/\/instytutpolski.pl\/newdelhi\/\"},{\"@type\":\"ListItem\",\"position\":2,\"name\":\"About us\",\"item\":\"https:\/\/instytutpolski.pl\/newdelhi\/about-us-2\/\"},{\"@type\":\"ListItem\",\"position\":3,\"name\":\"Meet our Team\"}]},{\"@type\":\"WebSite\",\"@id\":\"https:\/\/instytutpolski.pl\/newdelhi\/#website\",\"url\":\"https:\/\/instytutpolski.pl\/newdelhi\/\",\"name\":\"Instytut Polski w New Delhi\",\"description\":\"Instytuty Polskie\",\"potentialAction\":[{\"@type\":\"SearchAction\",\"target\":{\"@type\":\"EntryPoint\",\"urlTemplate\":\"https:\/\/instytutpolski.pl\/newdelhi\/?s={search_term_string}\"},\"query-input\":{\"@type\":\"PropertyValueSpecification\",\"valueRequired\":true,\"valueName\":\"search_term_string\"}}],\"inLanguage\":\"pl-PL\"}]}<\/script>\n<!-- \/ Yoast SEO plugin. -->","yoast_head_json":{"title":"Meet our Team - Instytut Polski w New Delhi","robots":{"index":"index","follow":"follow","max-snippet":"max-snippet:-1","max-image-preview":"max-image-preview:large","max-video-preview":"max-video-preview:-1"},"canonical":"https:\/\/instytutpolski.pl\/newdelhi\/about-us-2\/meet-our-team\/","og_locale":"pl_PL","og_type":"article","og_title":"Meet our Team - Instytut Polski w New Delhi","og_description":"The Polish Institute in New Delhi, established in 2012, is a diplomatic mission, serving under the Ministry of Foreign Affairs of the Republic of Poland. PI is the cultural division of the Embassy of Poland to India. The Institute\u2019s mission is to build and promote cultural exchange between Poland and India, Sri Lanka, Bangladesh, Nepal [&hellip;]","og_url":"https:\/\/instytutpolski.pl\/newdelhi\/about-us-2\/meet-our-team\/","og_site_name":"Instytut Polski w New Delhi","article_modified_time":"2025-07-21T07:18:59+00:00","og_image":[{"width":2500,"height":1873,"url":"https:\/\/instytutpolski.pl\/newdelhi\/wp-content\/uploads\/sites\/18\/2020\/06\/IP-New-Delhi-ok.jpg","type":"image\/jpeg"}],"twitter_card":"summary_large_image","twitter_misc":{"Szacowany czas czytania":"1 minuta"},"schema":{"@context":"https:\/\/schema.org","@graph":[{"@type":"WebPage","@id":"https:\/\/instytutpolski.pl\/newdelhi\/about-us-2\/meet-our-team\/","url":"https:\/\/instytutpolski.pl\/newdelhi\/about-us-2\/meet-our-team\/","name":"Meet our Team - Instytut Polski w New Delhi","isPartOf":{"@id":"https:\/\/instytutpolski.pl\/newdelhi\/#website"},"primaryImageOfPage":{"@id":"https:\/\/instytutpolski.pl\/newdelhi\/about-us-2\/meet-our-team\/#primaryimage"},"image":{"@id":"https:\/\/instytutpolski.pl\/newdelhi\/about-us-2\/meet-our-team\/#primaryimage"},"thumbnailUrl":"https:\/\/instytutpolski.pl\/newdelhi\/wp-content\/uploads\/sites\/18\/2020\/06\/IP-New-Delhi-ok.jpg","datePublished":"2019-06-26T12:53:06+00:00","dateModified":"2025-07-21T07:18:59+00:00","breadcrumb":{"@id":"https:\/\/instytutpolski.pl\/newdelhi\/about-us-2\/meet-our-team\/#breadcrumb"},"inLanguage":"pl-PL","potentialAction":[{"@type":"ReadAction","target":["https:\/\/instytutpolski.pl\/newdelhi\/about-us-2\/meet-our-team\/"]}]},{"@type":"ImageObject","inLanguage":"pl-PL","@id":"https:\/\/instytutpolski.pl\/newdelhi\/about-us-2\/meet-our-team\/#primaryimage","url":"https:\/\/instytutpolski.pl\/newdelhi\/wp-content\/uploads\/sites\/18\/2020\/06\/IP-New-Delhi-ok.jpg","contentUrl":"https:\/\/instytutpolski.pl\/newdelhi\/wp-content\/uploads\/sites\/18\/2020\/06\/IP-New-Delhi-ok.jpg","width":2500,"height":1873},{"@type":"BreadcrumbList","@id":"https:\/\/instytutpolski.pl\/newdelhi\/about-us-2\/meet-our-team\/#breadcrumb","itemListElement":[{"@type":"ListItem","position":1,"name":"Home","item":"https:\/\/instytutpolski.pl\/newdelhi\/"},{"@type":"ListItem","position":2,"name":"About us","item":"https:\/\/instytutpolski.pl\/newdelhi\/about-us-2\/"},{"@type":"ListItem","position":3,"name":"Meet our Team"}]},{"@type":"WebSite","@id":"https:\/\/instytutpolski.pl\/newdelhi\/#website","url":"https:\/\/instytutpolski.pl\/newdelhi\/","name":"Instytut Polski w New Delhi","description":"Instytuty Polskie","potentialAction":[{"@type":"SearchAction","target":{"@type":"EntryPoint","urlTemplate":"https:\/\/instytutpolski.pl\/newdelhi\/?s={search_term_string}"},"query-input":{"@type":"PropertyValueSpecification","valueRequired":true,"valueName":"search_term_string"}}],"inLanguage":"pl-PL"}]}},"_links":{"self":[{"href":"https:\/\/instytutpolski.pl\/newdelhi\/wp-json\/wp\/v2\/pages\/196","targetHints":{"allow":["GET"]}}],"collection":[{"href":"https:\/\/instytutpolski.pl\/newdelhi\/wp-json\/wp\/v2\/pages"}],"about":[{"href":"https:\/\/instytutpolski.pl\/newdelhi\/wp-json\/wp\/v2\/types\/page"}],"author":[{"embeddable":true,"href":"https:\/\/instytutpolski.pl\/newdelhi\/wp-json\/wp\/v2\/users\/1"}],"replies":[{"embeddable":true,"href":"https:\/\/instytutpolski.pl\/newdelhi\/wp-json\/wp\/v2\/comments?post=196"}],"version-history":[{"count":17,"href":"https:\/\/instytutpolski.pl\/newdelhi\/wp-json\/wp\/v2\/pages\/196\/revisions"}],"predecessor-version":[{"id":3055,"href":"https:\/\/instytutpolski.pl\/newdelhi\/wp-json\/wp\/v2\/pages\/196\/revisions\/3055"}],"up":[{"embeddable":true,"href":"https:\/\/instytutpolski.pl\/newdelhi\/wp-json\/wp\/v2\/pages\/186"}],"wp:featuredmedia":[{"embeddable":true,"href":"https:\/\/instytutpolski.pl\/newdelhi\/wp-json\/wp\/v2\/media\/558"}],"wp:attachment":[{"href":"https:\/\/instytutpolski.pl\/newdelhi\/wp-json\/wp\/v2\/media?parent=196"}],"curies":[{"name":"wp","href":"https:\/\/api.w.org\/{rel}","templated":true}]}}