{"id":12,"date":"2019-06-04T08:24:15","date_gmt":"2019-06-04T06:24:15","guid":{"rendered":"https:\/\/instytutpolski.pl\/nowy-jork\/?page_id=12"},"modified":"2025-10-10T18:43:17","modified_gmt":"2025-10-10T16:43:17","slug":"contact","status":"publish","type":"page","link":"https:\/\/instytutpolski.pl\/newyork\/about-us\/contact\/","title":{"rendered":"Contact"},"content":{"rendered":"\n<p align=\"LEFT\"><strong>Polish Cultural Institute New York<\/strong><\/p>\n<p align=\"LEFT\">60 E 42nd St, Suite 3000, New York, NY 10165<\/p>\n<p align=\"LEFT\">phone (917) 821 3700<\/p>\n<p align=\"LEFT\">e-mail: <strong><a href=\"mailto:nyc.office@instytutpolski.pl\" target=\"\" rel=\"noopener noreferrer\">nyc.office@instytutpolski.pl<\/a><\/strong><\/p>\n<p align=\"LEFT\">website: <strong><a href=\"http:\/\/www.InstytutPolski.pl\/NewYork\" target=\"\" rel=\"noopener noreferrer\">www.InstytutPolski.pl\/NewYork<\/a><\/strong><\/p>\n<p align=\"LEFT\">\u00a0<\/p>\n<p align=\"LEFT\">Director: <a href=\"mailto:jakub.swietlik@instytutpolski.pl\"><strong>Jakub \u015awietlik<\/strong><\/a><\/p>\n<p>Deputy\u00a0Director: <a href=\"mailto:malgorzata.szum@msz.gov.pl\"><strong>Ma\u0142gorzata Szum<\/strong><\/a><\/p>\n<p align=\"LEFT\">Public Relations: <strong><a href=\"https:\/\/outlook.office.com\/mail\/inbox\/id\/AAQkAGI0YTI4ODFjLTFhYzEtNDdlZi05MzE3LTRkMGQ0NjYxZjcxMAAQAHIDZXoD6g5AmhRH9ryrBRU%3D\">Agnieszka Stypulkowska<\/a><\/strong><\/p>\n<p align=\"LEFT\">Visual Arts and Design\u00a0Curator: <strong><a href=\"mailto:izabela.gola@instytutpolski.pl\">Izabela Gola<\/a><\/strong><\/p>\n<p align=\"LEFT\">Music Curator: <strong><a href=\"mailto:anna.perzanowska@instytutpolski.pl\">Anna Perzanowska<\/a><\/strong><\/p>\n<p align=\"LEFT\">Film and Performing Arts Curator: <a href=\"mailto:ignacy.heringa@instytutpolski.pl\"><strong>Ignacy Frederik Heringa<\/strong><\/a><\/p>\n<p align=\"LEFT\">Literature and Polish-Jewish Programming: <strong><a href=\"mailto:bartek.remisko@instytutpolski.pl\">Bartek Remisko<\/a><\/strong><\/p>\n\n\n\n<hr class=\"wp-block-separator has-alpha-channel-opacity\" \/>\n\n\n\n<p>Interested parties with complaints and requests are received on Thursdays from 12:00-1:00 p.m. and Tuesdays from 4:00-5:00 p.m. Please call in advance to schedule an appointment: +1 917-821-3700.<\/p>\n\n\n\n<div style=\"height:4px\" aria-hidden=\"true\" class=\"wp-block-spacer\"><\/div>\n\n\n\n<p>Interesanci zg\u0142aszaj\u0105cy si\u0119 w&nbsp;sprawach skarg&nbsp;i&nbsp;wniosk\u00f3w&nbsp;przyjmowani s\u0105 w czwartki w godzinach 12.00-13.00 oraz we wtorki w godzinach 16.00-17.00. Prosimy o wcze\u015bniejsze telefoniczne um\u00f3wienie wizyty: +1 917-821-3700.<\/p>\n","protected":false},"excerpt":{"rendered":"<p>Polish Cultural Institute New York 60 E 42nd St, Suite 3000, New York, NY 10165 phone (917) 821 3700 e-mail: nyc.office@instytutpolski.pl website: www.InstytutPolski.pl\/NewYork \u00a0 Director: Jakub \u015awietlik Deputy\u00a0Director: Ma\u0142gorzata Szum Public Relations: Agnieszka Stypulkowska Visual Arts and Design\u00a0Curator: Izabela Gola Music Curator: Anna Perzanowska Film and Performing Arts Curator: Ignacy Frederik Heringa Literature and Polish-Jewish [&hellip;]<\/p>\n","protected":false},"author":1,"featured_media":2128,"parent":10,"menu_order":0,"comment_status":"closed","ping_status":"closed","template":"","meta":{"inline_featured_image":false,"_monsterinsights_skip_tracking":false,"_monsterinsights_sitenote_active":false,"_monsterinsights_sitenote_note":"","_monsterinsights_sitenote_category":0,"footnotes":""},"class_list":["post-12","page","type-page","status-publish","has-post-thumbnail","hentry"],"yoast_head":"<!-- This site is optimized with the Yoast SEO plugin v24.6 - https:\/\/yoast.com\/wordpress\/plugins\/seo\/ -->\n<title>Contact - Instytut Polski w Nowym Jorku<\/title>\n<meta name=\"robots\" content=\"index, follow, max-snippet:-1, max-image-preview:large, max-video-preview:-1\" \/>\n<link rel=\"canonical\" href=\"https:\/\/instytutpolski.pl\/newyork\/about-us\/contact\/\" \/>\n<meta property=\"og:locale\" content=\"pl_PL\" \/>\n<meta property=\"og:type\" content=\"article\" \/>\n<meta property=\"og:title\" content=\"Contact - Instytut Polski w Nowym Jorku\" \/>\n<meta property=\"og:description\" content=\"Polish Cultural Institute New York 60 E 42nd St, Suite 3000, New York, NY 10165 phone (917) 821 3700 e-mail: nyc.office@instytutpolski.pl website: www.InstytutPolski.pl\/NewYork \u00a0 Director: Jakub \u015awietlik Deputy\u00a0Director: Ma\u0142gorzata Szum Public Relations: Agnieszka Stypulkowska Visual Arts and Design\u00a0Curator: Izabela Gola Music Curator: Anna Perzanowska Film and Performing Arts Curator: Ignacy Frederik Heringa Literature and Polish-Jewish [&hellip;]\" \/>\n<meta property=\"og:url\" content=\"https:\/\/instytutpolski.pl\/newyork\/about-us\/contact\/\" \/>\n<meta property=\"og:site_name\" content=\"Instytut Polski w Nowym Jorku\" \/>\n<meta property=\"article:modified_time\" content=\"2025-10-10T16:43:17+00:00\" \/>\n<meta property=\"og:image\" content=\"https:\/\/instytutpolski.pl\/newyork\/wp-content\/uploads\/sites\/15\/2020\/05\/PCI-logo-left.jpg\" \/>\n\t<meta property=\"og:image:width\" content=\"820\" \/>\n\t<meta property=\"og:image:height\" content=\"312\" \/>\n\t<meta property=\"og:image:type\" content=\"image\/jpeg\" \/>\n<meta name=\"twitter:card\" content=\"summary_large_image\" \/>\n<meta name=\"twitter:label1\" content=\"Szacowany czas czytania\" \/>\n\t<meta name=\"twitter:data1\" content=\"1 minuta\" \/>\n<script type=\"application\/ld+json\" class=\"yoast-schema-graph\">{\"@context\":\"https:\/\/schema.org\",\"@graph\":[{\"@type\":\"WebPage\",\"@id\":\"https:\/\/instytutpolski.pl\/newyork\/about-us\/contact\/\",\"url\":\"https:\/\/instytutpolski.pl\/newyork\/about-us\/contact\/\",\"name\":\"Contact - Instytut Polski w Nowym Jorku\",\"isPartOf\":{\"@id\":\"https:\/\/instytutpolski.pl\/newyork\/#website\"},\"primaryImageOfPage\":{\"@id\":\"https:\/\/instytutpolski.pl\/newyork\/about-us\/contact\/#primaryimage\"},\"image\":{\"@id\":\"https:\/\/instytutpolski.pl\/newyork\/about-us\/contact\/#primaryimage\"},\"thumbnailUrl\":\"https:\/\/instytutpolski.pl\/newyork\/wp-content\/uploads\/sites\/15\/2020\/05\/PCI-logo-left.jpg\",\"datePublished\":\"2019-06-04T06:24:15+00:00\",\"dateModified\":\"2025-10-10T16:43:17+00:00\",\"breadcrumb\":{\"@id\":\"https:\/\/instytutpolski.pl\/newyork\/about-us\/contact\/#breadcrumb\"},\"inLanguage\":\"pl-PL\",\"potentialAction\":[{\"@type\":\"ReadAction\",\"target\":[\"https:\/\/instytutpolski.pl\/newyork\/about-us\/contact\/\"]}]},{\"@type\":\"ImageObject\",\"inLanguage\":\"pl-PL\",\"@id\":\"https:\/\/instytutpolski.pl\/newyork\/about-us\/contact\/#primaryimage\",\"url\":\"https:\/\/instytutpolski.pl\/newyork\/wp-content\/uploads\/sites\/15\/2020\/05\/PCI-logo-left.jpg\",\"contentUrl\":\"https:\/\/instytutpolski.pl\/newyork\/wp-content\/uploads\/sites\/15\/2020\/05\/PCI-logo-left.jpg\",\"width\":820,\"height\":312},{\"@type\":\"BreadcrumbList\",\"@id\":\"https:\/\/instytutpolski.pl\/newyork\/about-us\/contact\/#breadcrumb\",\"itemListElement\":[{\"@type\":\"ListItem\",\"position\":1,\"name\":\"Home\",\"item\":\"https:\/\/instytutpolski.pl\/newyork\/\"},{\"@type\":\"ListItem\",\"position\":2,\"name\":\"About Us\",\"item\":\"https:\/\/instytutpolski.pl\/newyork\/about-us\/\"},{\"@type\":\"ListItem\",\"position\":3,\"name\":\"Contact\"}]},{\"@type\":\"WebSite\",\"@id\":\"https:\/\/instytutpolski.pl\/newyork\/#website\",\"url\":\"https:\/\/instytutpolski.pl\/newyork\/\",\"name\":\"Instytut Polski w Nowym Jorku\",\"description\":\"Instytuty Polskie\",\"potentialAction\":[{\"@type\":\"SearchAction\",\"target\":{\"@type\":\"EntryPoint\",\"urlTemplate\":\"https:\/\/instytutpolski.pl\/newyork\/?s={search_term_string}\"},\"query-input\":{\"@type\":\"PropertyValueSpecification\",\"valueRequired\":true,\"valueName\":\"search_term_string\"}}],\"inLanguage\":\"pl-PL\"}]}<\/script>\n<!-- \/ Yoast SEO plugin. -->","yoast_head_json":{"title":"Contact - Instytut Polski w Nowym Jorku","robots":{"index":"index","follow":"follow","max-snippet":"max-snippet:-1","max-image-preview":"max-image-preview:large","max-video-preview":"max-video-preview:-1"},"canonical":"https:\/\/instytutpolski.pl\/newyork\/about-us\/contact\/","og_locale":"pl_PL","og_type":"article","og_title":"Contact - Instytut Polski w Nowym Jorku","og_description":"Polish Cultural Institute New York 60 E 42nd St, Suite 3000, New York, NY 10165 phone (917) 821 3700 e-mail: nyc.office@instytutpolski.pl website: www.InstytutPolski.pl\/NewYork \u00a0 Director: Jakub \u015awietlik Deputy\u00a0Director: Ma\u0142gorzata Szum Public Relations: Agnieszka Stypulkowska Visual Arts and Design\u00a0Curator: Izabela Gola Music Curator: Anna Perzanowska Film and Performing Arts Curator: Ignacy Frederik Heringa Literature and Polish-Jewish [&hellip;]","og_url":"https:\/\/instytutpolski.pl\/newyork\/about-us\/contact\/","og_site_name":"Instytut Polski w Nowym Jorku","article_modified_time":"2025-10-10T16:43:17+00:00","og_image":[{"width":820,"height":312,"url":"https:\/\/instytutpolski.pl\/newyork\/wp-content\/uploads\/sites\/15\/2020\/05\/PCI-logo-left.jpg","type":"image\/jpeg"}],"twitter_card":"summary_large_image","twitter_misc":{"Szacowany czas czytania":"1 minuta"},"schema":{"@context":"https:\/\/schema.org","@graph":[{"@type":"WebPage","@id":"https:\/\/instytutpolski.pl\/newyork\/about-us\/contact\/","url":"https:\/\/instytutpolski.pl\/newyork\/about-us\/contact\/","name":"Contact - Instytut Polski w Nowym Jorku","isPartOf":{"@id":"https:\/\/instytutpolski.pl\/newyork\/#website"},"primaryImageOfPage":{"@id":"https:\/\/instytutpolski.pl\/newyork\/about-us\/contact\/#primaryimage"},"image":{"@id":"https:\/\/instytutpolski.pl\/newyork\/about-us\/contact\/#primaryimage"},"thumbnailUrl":"https:\/\/instytutpolski.pl\/newyork\/wp-content\/uploads\/sites\/15\/2020\/05\/PCI-logo-left.jpg","datePublished":"2019-06-04T06:24:15+00:00","dateModified":"2025-10-10T16:43:17+00:00","breadcrumb":{"@id":"https:\/\/instytutpolski.pl\/newyork\/about-us\/contact\/#breadcrumb"},"inLanguage":"pl-PL","potentialAction":[{"@type":"ReadAction","target":["https:\/\/instytutpolski.pl\/newyork\/about-us\/contact\/"]}]},{"@type":"ImageObject","inLanguage":"pl-PL","@id":"https:\/\/instytutpolski.pl\/newyork\/about-us\/contact\/#primaryimage","url":"https:\/\/instytutpolski.pl\/newyork\/wp-content\/uploads\/sites\/15\/2020\/05\/PCI-logo-left.jpg","contentUrl":"https:\/\/instytutpolski.pl\/newyork\/wp-content\/uploads\/sites\/15\/2020\/05\/PCI-logo-left.jpg","width":820,"height":312},{"@type":"BreadcrumbList","@id":"https:\/\/instytutpolski.pl\/newyork\/about-us\/contact\/#breadcrumb","itemListElement":[{"@type":"ListItem","position":1,"name":"Home","item":"https:\/\/instytutpolski.pl\/newyork\/"},{"@type":"ListItem","position":2,"name":"About Us","item":"https:\/\/instytutpolski.pl\/newyork\/about-us\/"},{"@type":"ListItem","position":3,"name":"Contact"}]},{"@type":"WebSite","@id":"https:\/\/instytutpolski.pl\/newyork\/#website","url":"https:\/\/instytutpolski.pl\/newyork\/","name":"Instytut Polski w Nowym Jorku","description":"Instytuty Polskie","potentialAction":[{"@type":"SearchAction","target":{"@type":"EntryPoint","urlTemplate":"https:\/\/instytutpolski.pl\/newyork\/?s={search_term_string}"},"query-input":{"@type":"PropertyValueSpecification","valueRequired":true,"valueName":"search_term_string"}}],"inLanguage":"pl-PL"}]}},"_links":{"self":[{"href":"https:\/\/instytutpolski.pl\/newyork\/wp-json\/wp\/v2\/pages\/12","targetHints":{"allow":["GET"]}}],"collection":[{"href":"https:\/\/instytutpolski.pl\/newyork\/wp-json\/wp\/v2\/pages"}],"about":[{"href":"https:\/\/instytutpolski.pl\/newyork\/wp-json\/wp\/v2\/types\/page"}],"author":[{"embeddable":true,"href":"https:\/\/instytutpolski.pl\/newyork\/wp-json\/wp\/v2\/users\/1"}],"replies":[{"embeddable":true,"href":"https:\/\/instytutpolski.pl\/newyork\/wp-json\/wp\/v2\/comments?post=12"}],"version-history":[{"count":57,"href":"https:\/\/instytutpolski.pl\/newyork\/wp-json\/wp\/v2\/pages\/12\/revisions"}],"predecessor-version":[{"id":18731,"href":"https:\/\/instytutpolski.pl\/newyork\/wp-json\/wp\/v2\/pages\/12\/revisions\/18731"}],"up":[{"embeddable":true,"href":"https:\/\/instytutpolski.pl\/newyork\/wp-json\/wp\/v2\/pages\/10"}],"wp:featuredmedia":[{"embeddable":true,"href":"https:\/\/instytutpolski.pl\/newyork\/wp-json\/wp\/v2\/media\/2128"}],"wp:attachment":[{"href":"https:\/\/instytutpolski.pl\/newyork\/wp-json\/wp\/v2\/media?parent=12"}],"curies":[{"name":"wp","href":"https:\/\/api.w.org\/{rel}","templated":true}]}}