{"id":136,"date":"2019-06-25T08:44:27","date_gmt":"2019-06-25T06:44:27","guid":{"rendered":"https:\/\/instytutpolski.pl\/nowy-jork\/?page_id=136"},"modified":"2020-05-26T17:57:00","modified_gmt":"2020-05-26T15:57:00","slug":"get-to-know-poland","status":"publish","type":"page","link":"https:\/\/instytutpolski.pl\/newyork\/get-to-know-poland\/","title":{"rendered":"Get to know Poland"},"content":{"rendered":"\n<p><strong>The geometrical center of Europe is located near Warsaw, Poland\u2019s capital. <\/strong>For over a thousand years of its history, Poland has changed from a European power to losing independence to the economic pioneer of Central and Eastern Europe. The enthusiasm, creativity, and potential of Polish entrepreneurship are widely known today. Thanks to the determination of Poles, their Solidarity movement, as well as the spiritual authority of Saint Pope John Paul II, Poland has escaped from the depression of the communist regime and has been a free country since 1989. Poland\u2019s rich tradition and customs attract millions of tourists from around the world.<\/p>\n\n\n\n<p>For centuries, <strong>culture and art <\/strong>have strengthened the national identity of Poles, as well as helped them survive the worst moments in history. Polish artists are still inspiring the world. One of the greatest composers and pianists Fryderyk Chopin was born in Poland. One of the most important music competitions in the world dedicated to his music, the International Chopin Piano Competition, is held in Warsaw every five years since 1927. Poland is the home of Nobel Prize, Oscar, and Grammy winners. Thanks to the literary Nobel winners, including Wis\u0142awa Szymborska, Czes\u0142aw Mi\u0142osz, and Olga Tokarczuk, Poland has gained a reputation as a land of poets and writers. The voiced Polish language spoken by over 40 million people in Poland and abroad is conducive to the development of literature. It was in Polish that Andrzej Wajda created his films, and through them he became the winner of prestigious film awards, including an Oscar for lifetime achievement. Krzysztof Penderecki, an outstanding composer and four-time Grammy Award winner, was a Pole.<\/p>\n\n\n\n<p><strong>Poland is a country of people with ideas. <\/strong>Polish scientists can boast of important discoveries and inventions that changed the world. Maria Sk\u0142odowska-Curie came from Warsaw. Recognized as a scholar of all time, she remains to this day the only woman who received the Nobel Prize twice (in 1903 and 1911) and the only scientist honored in two different fields of natural sciences. She was the first woman to receive the Nobel Prize in Chemistry, for the discovery of polonium and radium, the first woman appointed professor at the University of Paris La Sorbonne, and the first woman admitted to the Medical Academy. Whereas Jan Czochralski, a Polish physicist, invented the method of growing single crystals, which proved to be the basis of modern electronics. Semiconductor devices are made of silicon monocrystals obtained by this method. Thanks to them, computers, tablets, mobile phones, digital cameras, MP3 players, and other electronic devices work. And Polish mathematicians Marian Rejewski, Jerzy R\u00f3\u017cycki, and Henryk Zygalski broke the codes of the most famous cipher machine in history: the German Enigma. With their achievements they contributed to the end of World War II.<\/p>\n\n\n\n<p>Thanks to its location from the Baltic Sea and Masurian lakes in the north, through the lowlands of the central part of the country up to the mountain ranges in the south, Poland is an attractive country. It has 23 national parks, 1500 nature reserves, and 145 landscape parks. It encourages active recreation with an array of mountain trips; bike rallies; kayaking; rivers and lakes; sailing; surfing; horse riding; one of the longest routes in Europe, spanning 1800 km, which runs through the center of the country; and observation of rare species of birds in their natural environments.<\/p>\n\n\n\n<p>Tourists are attracted to Poland by numerous <strong>cultural events, music, film, and theater festivals.<\/strong> They are hosted by Polish cities famous for their international award-winning architecture. Magnificent examples are the beautiful Mieczys\u0142aw Kar\u0142owicz Philharmonic Hall in Szczecin, which was the first building in Poland to receive the most important European Mies van der Rohe prize, and the National Museum in Szczecin &#8211; The Dialogue Centre Upheavals, recognized as the best building in the world in 2016 at the World Architecture Festival in Berlin. Other Polish public buildings that stand out on the world map of architecture are the Shakespeare Theater and the European Solidarity Center in Gda\u0144sk, the Silesian Museum in Katowice built on the site of a former coal mine, the home of the Polish National Radio Symphony Orchestra in Katowice, and the Krzysztof Penderecki Music Center in Lus\u0142awice, Cricoteca (Tadeusz Kantor Museum) in Krak\u00f3w, the Warsaw Uprising Museum or the POLIN Museum of the History of Polish Jews in Warsaw.<\/p>\n\n\n\n<p>Visiting these unusual cultural sites gives an insight into the complex history of Poland and at times the tragic fate of its inhabitants, especially related to the experience of World War II. Poland cares for the rebirth of what is lost. It became a guardian of memory and it protects the Jewish heritage lost during World War II by supporting the development of the contemporary culture of the Jewish minority in Poland. An example of this support is, among others organized for over 30 years, the Jewish Culture Festival in Krakow, which is the most spectacular and interdisciplinary festival of its kind in the world, visited by tens of thousands of tourists.<\/p>\n\n\n\n<p><strong>Poland also attracts film, theater and music lovers. <\/strong>It is a real treat for them to meet the greatest contemporary music creators during the international Warsaw Autumn festival, with movie stars and world-renowned cinematographers at the EnergaCAMERIMAGE festival in Toru\u0144, or with independent artists from around the world participating in the New Horizons International Festival in Wroc\u0142aw, which presents artistic, visionary, and experimental cinema.<\/p>\n\n\n\n<p>There are many reasons to come and see what Poland is really like.<\/p>\n\n\n\n<p>6856 km from New York to Warsaw, the capital of Poland.<\/p>\n\n\n\n<p>More about Poland:<\/p>\n\n\n\n<p><a href=\"http:\/\/Poland.pl\">Poland.pl<\/a><\/p>\n\n\n\n<p><a href=\"https:\/\/culture.pl\/en\">Culture.pl<\/a><\/p>\n\n\n\n<p><\/p>\n\n\n\n<p>The most important news from Poland in different languages: Polish Radio for the World<\/p>\n","protected":false},"excerpt":{"rendered":"<p>The geometrical center of Europe is located near Warsaw, Poland\u2019s capital. For over a thousand years of its history, Poland has changed from a European power to losing independence to the economic pioneer of Central and Eastern Europe. The enthusiasm, creativity, and potential of Polish entrepreneurship are widely known today. Thanks to the determination of [&hellip;]<\/p>\n","protected":false},"author":1,"featured_media":258,"parent":0,"menu_order":0,"comment_status":"closed","ping_status":"closed","template":"","meta":{"inline_featured_image":false,"_monsterinsights_skip_tracking":false,"_monsterinsights_sitenote_active":false,"_monsterinsights_sitenote_note":"","_monsterinsights_sitenote_category":0,"footnotes":""},"class_list":["post-136","page","type-page","status-publish","has-post-thumbnail","hentry"],"yoast_head":"<!-- This site is optimized with the Yoast SEO plugin v24.6 - https:\/\/yoast.com\/wordpress\/plugins\/seo\/ -->\n<title>Get to know Poland - Instytut Polski w Nowym Jorku<\/title>\n<meta name=\"robots\" content=\"index, follow, max-snippet:-1, max-image-preview:large, max-video-preview:-1\" \/>\n<link rel=\"canonical\" href=\"https:\/\/instytutpolski.pl\/newyork\/get-to-know-poland\/\" \/>\n<meta property=\"og:locale\" content=\"pl_PL\" \/>\n<meta property=\"og:type\" content=\"article\" \/>\n<meta property=\"og:title\" content=\"Get to know Poland - Instytut Polski w Nowym Jorku\" \/>\n<meta property=\"og:description\" content=\"The geometrical center of Europe is located near Warsaw, Poland\u2019s capital. For over a thousand years of its history, Poland has changed from a European power to losing independence to the economic pioneer of Central and Eastern Europe. The enthusiasm, creativity, and potential of Polish entrepreneurship are widely known today. Thanks to the determination of [&hellip;]\" \/>\n<meta property=\"og:url\" content=\"https:\/\/instytutpolski.pl\/newyork\/get-to-know-poland\/\" \/>\n<meta property=\"og:site_name\" content=\"Instytut Polski w Nowym Jorku\" \/>\n<meta property=\"article:modified_time\" content=\"2020-05-26T15:57:00+00:00\" \/>\n<meta property=\"og:image\" content=\"https:\/\/instytutpolski.pl\/newyork\/wp-content\/uploads\/sites\/15\/2019\/06\/poznaj-polske.jpg\" \/>\n\t<meta property=\"og:image:width\" content=\"1920\" \/>\n\t<meta property=\"og:image:height\" content=\"700\" \/>\n\t<meta property=\"og:image:type\" content=\"image\/jpeg\" \/>\n<meta name=\"twitter:card\" content=\"summary_large_image\" \/>\n<meta name=\"twitter:label1\" content=\"Szacowany czas czytania\" \/>\n\t<meta name=\"twitter:data1\" content=\"5 minut\" \/>\n<script type=\"application\/ld+json\" class=\"yoast-schema-graph\">{\"@context\":\"https:\/\/schema.org\",\"@graph\":[{\"@type\":\"WebPage\",\"@id\":\"https:\/\/instytutpolski.pl\/newyork\/get-to-know-poland\/\",\"url\":\"https:\/\/instytutpolski.pl\/newyork\/get-to-know-poland\/\",\"name\":\"Get to know Poland - Instytut Polski w Nowym Jorku\",\"isPartOf\":{\"@id\":\"https:\/\/instytutpolski.pl\/newyork\/#website\"},\"primaryImageOfPage\":{\"@id\":\"https:\/\/instytutpolski.pl\/newyork\/get-to-know-poland\/#primaryimage\"},\"image\":{\"@id\":\"https:\/\/instytutpolski.pl\/newyork\/get-to-know-poland\/#primaryimage\"},\"thumbnailUrl\":\"https:\/\/instytutpolski.pl\/newyork\/wp-content\/uploads\/sites\/15\/2019\/06\/poznaj-polske.jpg\",\"datePublished\":\"2019-06-25T06:44:27+00:00\",\"dateModified\":\"2020-05-26T15:57:00+00:00\",\"breadcrumb\":{\"@id\":\"https:\/\/instytutpolski.pl\/newyork\/get-to-know-poland\/#breadcrumb\"},\"inLanguage\":\"pl-PL\",\"potentialAction\":[{\"@type\":\"ReadAction\",\"target\":[\"https:\/\/instytutpolski.pl\/newyork\/get-to-know-poland\/\"]}]},{\"@type\":\"ImageObject\",\"inLanguage\":\"pl-PL\",\"@id\":\"https:\/\/instytutpolski.pl\/newyork\/get-to-know-poland\/#primaryimage\",\"url\":\"https:\/\/instytutpolski.pl\/newyork\/wp-content\/uploads\/sites\/15\/2019\/06\/poznaj-polske.jpg\",\"contentUrl\":\"https:\/\/instytutpolski.pl\/newyork\/wp-content\/uploads\/sites\/15\/2019\/06\/poznaj-polske.jpg\",\"width\":1920,\"height\":700},{\"@type\":\"BreadcrumbList\",\"@id\":\"https:\/\/instytutpolski.pl\/newyork\/get-to-know-poland\/#breadcrumb\",\"itemListElement\":[{\"@type\":\"ListItem\",\"position\":1,\"name\":\"Home\",\"item\":\"https:\/\/instytutpolski.pl\/newyork\/\"},{\"@type\":\"ListItem\",\"position\":2,\"name\":\"Get to know Poland\"}]},{\"@type\":\"WebSite\",\"@id\":\"https:\/\/instytutpolski.pl\/newyork\/#website\",\"url\":\"https:\/\/instytutpolski.pl\/newyork\/\",\"name\":\"Instytut Polski w Nowym Jorku\",\"description\":\"Instytuty Polskie\",\"potentialAction\":[{\"@type\":\"SearchAction\",\"target\":{\"@type\":\"EntryPoint\",\"urlTemplate\":\"https:\/\/instytutpolski.pl\/newyork\/?s={search_term_string}\"},\"query-input\":{\"@type\":\"PropertyValueSpecification\",\"valueRequired\":true,\"valueName\":\"search_term_string\"}}],\"inLanguage\":\"pl-PL\"}]}<\/script>\n<!-- \/ Yoast SEO plugin. -->","yoast_head_json":{"title":"Get to know Poland - Instytut Polski w Nowym Jorku","robots":{"index":"index","follow":"follow","max-snippet":"max-snippet:-1","max-image-preview":"max-image-preview:large","max-video-preview":"max-video-preview:-1"},"canonical":"https:\/\/instytutpolski.pl\/newyork\/get-to-know-poland\/","og_locale":"pl_PL","og_type":"article","og_title":"Get to know Poland - Instytut Polski w Nowym Jorku","og_description":"The geometrical center of Europe is located near Warsaw, Poland\u2019s capital. For over a thousand years of its history, Poland has changed from a European power to losing independence to the economic pioneer of Central and Eastern Europe. The enthusiasm, creativity, and potential of Polish entrepreneurship are widely known today. Thanks to the determination of [&hellip;]","og_url":"https:\/\/instytutpolski.pl\/newyork\/get-to-know-poland\/","og_site_name":"Instytut Polski w Nowym Jorku","article_modified_time":"2020-05-26T15:57:00+00:00","og_image":[{"width":1920,"height":700,"url":"https:\/\/instytutpolski.pl\/newyork\/wp-content\/uploads\/sites\/15\/2019\/06\/poznaj-polske.jpg","type":"image\/jpeg"}],"twitter_card":"summary_large_image","twitter_misc":{"Szacowany czas czytania":"5 minut"},"schema":{"@context":"https:\/\/schema.org","@graph":[{"@type":"WebPage","@id":"https:\/\/instytutpolski.pl\/newyork\/get-to-know-poland\/","url":"https:\/\/instytutpolski.pl\/newyork\/get-to-know-poland\/","name":"Get to know Poland - Instytut Polski w Nowym Jorku","isPartOf":{"@id":"https:\/\/instytutpolski.pl\/newyork\/#website"},"primaryImageOfPage":{"@id":"https:\/\/instytutpolski.pl\/newyork\/get-to-know-poland\/#primaryimage"},"image":{"@id":"https:\/\/instytutpolski.pl\/newyork\/get-to-know-poland\/#primaryimage"},"thumbnailUrl":"https:\/\/instytutpolski.pl\/newyork\/wp-content\/uploads\/sites\/15\/2019\/06\/poznaj-polske.jpg","datePublished":"2019-06-25T06:44:27+00:00","dateModified":"2020-05-26T15:57:00+00:00","breadcrumb":{"@id":"https:\/\/instytutpolski.pl\/newyork\/get-to-know-poland\/#breadcrumb"},"inLanguage":"pl-PL","potentialAction":[{"@type":"ReadAction","target":["https:\/\/instytutpolski.pl\/newyork\/get-to-know-poland\/"]}]},{"@type":"ImageObject","inLanguage":"pl-PL","@id":"https:\/\/instytutpolski.pl\/newyork\/get-to-know-poland\/#primaryimage","url":"https:\/\/instytutpolski.pl\/newyork\/wp-content\/uploads\/sites\/15\/2019\/06\/poznaj-polske.jpg","contentUrl":"https:\/\/instytutpolski.pl\/newyork\/wp-content\/uploads\/sites\/15\/2019\/06\/poznaj-polske.jpg","width":1920,"height":700},{"@type":"BreadcrumbList","@id":"https:\/\/instytutpolski.pl\/newyork\/get-to-know-poland\/#breadcrumb","itemListElement":[{"@type":"ListItem","position":1,"name":"Home","item":"https:\/\/instytutpolski.pl\/newyork\/"},{"@type":"ListItem","position":2,"name":"Get to know Poland"}]},{"@type":"WebSite","@id":"https:\/\/instytutpolski.pl\/newyork\/#website","url":"https:\/\/instytutpolski.pl\/newyork\/","name":"Instytut Polski w Nowym Jorku","description":"Instytuty Polskie","potentialAction":[{"@type":"SearchAction","target":{"@type":"EntryPoint","urlTemplate":"https:\/\/instytutpolski.pl\/newyork\/?s={search_term_string}"},"query-input":{"@type":"PropertyValueSpecification","valueRequired":true,"valueName":"search_term_string"}}],"inLanguage":"pl-PL"}]}},"_links":{"self":[{"href":"https:\/\/instytutpolski.pl\/newyork\/wp-json\/wp\/v2\/pages\/136","targetHints":{"allow":["GET"]}}],"collection":[{"href":"https:\/\/instytutpolski.pl\/newyork\/wp-json\/wp\/v2\/pages"}],"about":[{"href":"https:\/\/instytutpolski.pl\/newyork\/wp-json\/wp\/v2\/types\/page"}],"author":[{"embeddable":true,"href":"https:\/\/instytutpolski.pl\/newyork\/wp-json\/wp\/v2\/users\/1"}],"replies":[{"embeddable":true,"href":"https:\/\/instytutpolski.pl\/newyork\/wp-json\/wp\/v2\/comments?post=136"}],"version-history":[{"count":5,"href":"https:\/\/instytutpolski.pl\/newyork\/wp-json\/wp\/v2\/pages\/136\/revisions"}],"predecessor-version":[{"id":2152,"href":"https:\/\/instytutpolski.pl\/newyork\/wp-json\/wp\/v2\/pages\/136\/revisions\/2152"}],"wp:featuredmedia":[{"embeddable":true,"href":"https:\/\/instytutpolski.pl\/newyork\/wp-json\/wp\/v2\/media\/258"}],"wp:attachment":[{"href":"https:\/\/instytutpolski.pl\/newyork\/wp-json\/wp\/v2\/media?parent=136"}],"curies":[{"name":"wp","href":"https:\/\/api.w.org\/{rel}","templated":true}]}}