{"id":160,"date":"2019-06-25T08:55:04","date_gmt":"2019-06-25T06:55:04","guid":{"rendered":"https:\/\/instytutpolski.pl\/nowy-jork\/?page_id=160"},"modified":"2024-04-04T17:21:12","modified_gmt":"2024-04-04T15:21:12","slug":"study-in-poland","status":"publish","type":"page","link":"https:\/\/instytutpolski.pl\/newyork\/get-to-know-poland\/science-in-poland\/study-in-poland\/","title":{"rendered":"Study in Poland"},"content":{"rendered":"\n<p>In Poland, about one million and one hundred thousand people study at over 400 universities. In the academic year 2019-2020, over 85,000 foreigners are getting their education in Poland. See for yourself that it is worth studying here! For more information about Polish universities, rules for recognition of education, and practical advice for those interested in studying in Poland, visit <a href=\"http:\/\/www.go-poland.pl\/\"><strong>Go Poland!<\/strong><\/a><\/p>\n\n\n\n<div style=\"height:30px\" aria-hidden=\"true\" class=\"wp-block-spacer\"><\/div>\n\n\n\n<p>In 2022, <strong><a href=\"https:\/\/notesfrompoland.com\/2022\/06\/09\/polish-universities-climb-to-highest-ever-position-in-world-ranking\/\">Notes from Poland<\/a><\/strong> reported top 15 Polish institutions based on QS World University Ranking:<\/p>\n\n\n\n<p><em>1. University of Warsaw (284th)<br>2. Jagiellonian University (293rd)<br>3. Life Sciences in Pozna\u0144 (521-530)<br>4. Warsaw University of Technology (521-530)<br>5. AGH University of Science and Technology (801-1000)<br>6. Adam Mickiewicz University, Pozna\u0144 (801-1000)<br>7. Cracow University of Technology (801-1000)<br>8. Gda\u0144sk University of Technology (801-1000)<br>9. \u0141\u00f3d\u017a University of Technology (801-1000)<br>10. Nicolaus Copernicus University in Toru\u0144 (801-1000)<br>11. Pozna\u0144 University of Technology (801-1000)<br>12. University of Gda\u0144sk (801-1000)<br>13. University of \u0141\u00f3d\u017a (801-1000)<br>14. University of Wroc\u0142aw (801-1000)<br>15. Wroclaw University of Science and Technology (801-1000)<\/em><\/p>\n\n\n\n<div style=\"height:30px\" aria-hidden=\"true\" class=\"wp-block-spacer\"><\/div>\n\n\n\n<p><strong><a href=\"https:\/\/study.gov.pl\/how-to-apply\">How to Apply?<\/a><\/strong><\/p>\n\n\n\n<p>The&nbsp;level of the&nbsp;education system in Poland has been&nbsp;improving&nbsp;steadily&nbsp;within the&nbsp;last ten years. At the same time, not only&nbsp;the&nbsp;quality of&nbsp;teaching has improved, but&nbsp;also&nbsp;the&nbsp;number of international students has been growing constantly and a lot has been done to make their stay in Poland as comfortable as possible.<\/p>\n\n\n\n<p>Interestingly enough,&nbsp;among&nbsp;universities&nbsp;in Poland,&nbsp;there&nbsp;are both some of the oldest in the world with impressive historical traditions, as Jagiellonian University in Cracow, founded in 1364 and some very new and very modern universities. It is your choice where to apply!<\/p>\n\n\n\n<p><strong>Bologna Process&nbsp;<\/strong>is implemented at&nbsp;all universities in the country. Polish universities&nbsp;offer&nbsp;the students&nbsp;a&nbsp;wide range of areas of studies&nbsp;from technical and medical specialties to economics, finance, and&nbsp;social sciences.&nbsp;<\/p>\n\n\n\n<p>Below you can find the listed types of studies and&nbsp;their duration:&nbsp;<\/p>\n\n\n\n<ul class=\"wp-block-list\">\n<li>Bachelor&nbsp;of Arts&nbsp;&#8211;&nbsp;3 years (6 semesters)&nbsp;<\/li>\n\n\n\n<li>Bachelor&nbsp;of Science&nbsp;&#8211;&nbsp;3.5 years (7-8 semesters)&nbsp;<\/li>\n\n\n\n<li>Master\u2019s&nbsp;Degree &#8211;&nbsp;1.5 &#8211; 2 years (3-4 semesters)&nbsp;<\/li>\n\n\n\n<li>Long cycle&nbsp;Master&#8217;s Degree (for Medical Specialities, Psychology and Law)&nbsp;lasts for&nbsp;5-6 years (10-12 semesters)&nbsp;<\/li>\n\n\n\n<li>Postgraduate&nbsp;studies&nbsp;&#8211;&nbsp;1 &#8211; 1.5 years (1-2 semesters)&nbsp;<\/li>\n<\/ul>\n\n\n\n<p>There is a&nbsp;quite common non-degree&nbsp;programme&nbsp;called&nbsp;\u201c<strong>Zer\u00f3wka<\/strong>\u201d&nbsp;&#8211; a 9-months preparatory&nbsp;course&nbsp;for&nbsp;future students. It includes classes of&nbsp;the Polish language and a couple of other subjects. After completing the course&nbsp;participants&nbsp;get&nbsp;a&nbsp;certificate&nbsp;confirming&nbsp;their level of Polish&nbsp;proficiency.&nbsp;<\/p>\n\n\n\n<p>Alternatively if one does want to improve their English language skills there is option to enroll for English preparatory school (also 9-months) with aim of entering degree program upon completion the course.<\/p>\n\n\n\n<div style=\"height:30px\" aria-hidden=\"true\" class=\"wp-block-spacer\"><\/div>\n\n\n\n<p><strong><a href=\"https:\/\/study.gov.pl\/5-main-reasons-study-poland\">Reasons to Study in Poland<\/a><\/strong><\/p>\n\n\n\n<p><strong>1. So many options<\/strong><\/p>\n\n\n\n<p>There are more than 1.2&nbsp;million students studying in Poland, at almost 380 universities. What is even more impressive most of the programs are offered in both Polish and English languages, on top of that, there are hundreds of languages that are taught here. There are a lot more colleges for arts as well as faculties of humanities and universities of technology, all of them equipped with ideal laboratories and super-computers.<\/p>\n\n\n\n<p><strong>2. Study in the center of Europe<\/strong><\/p>\n\n\n\n<p>Poland is the place where you can earn a diploma that will open up doors to the best companies in Europe, and some of the best in the world. The country has many other perks, such as the fact that its medical schools are accredited in the US and that, while studying in Poland, you have access to the European Union\u2019s study programs and are&nbsp;able to do internships or traineeships abroad. With top-quality, internationally recognized degrees, almost no other region in the world can set your career off to such a promising start. Do not forget that Poland has a favourable geographic location that has an excellent transport connection to the whole European Union at your fingertips!<\/p>\n\n\n\n<p><strong>3. Live in a city that&#8217;s bursting with different cultures<\/strong><\/p>\n\n\n\n<p>Study in the European Capital of Culture Wroc\u0142aw, artistic Krak\u00f3w, hipster Warsaw, multicultural Lublin, academic Pozna\u0144 or beautiful coastal Gda\u0144sk. There\u2019s something for everyone in each city, from student pubs to vegan restaurants and art galleries. Be ready to meet and interact with the crowd at the Palace of Culture in Warsaw, explore Krakow\u2019s Wawel Castle, during winter you can go&nbsp;skiing in the Tatra Mountains or sail in the Masurian Lake District.<\/p>\n\n\n\n<p><strong>4. Ideal for a student budget<\/strong><\/p>\n\n\n\n<p>If you dream of going abroad and becoming independent while studying, do not worry about the cost, Poland is ideal for a student on a tight budget. Dormitories start from \u20ac60 a month per student, cinema ticket starts from \u20ac2,50, and lunch in the cafeteria starts from \u20ac2. No wonder Warsaw is the most affordable European student city according to the 2016 QS Best Student Cities index. Find more info&nbsp;<a href=\"https:\/\/go-poland.pl\/cost-living-poland\"><strong>here<\/strong><\/a><\/p>\n\n\n\n<p><strong>5. Great career opportunities<\/strong><\/p>\n\n\n\n<p>Studying in Poland is just the beginning. Those wanting to start their own business, or find a great job in an international company would benefit from a longer stay. Foreign companies operating in Poland prefer graduates from Polish universities. Akademickie Inkubatory Przedsi\u0119biorczo\u015bci (\u2018Academic Incubators of Entrepreneurship\u2019) is a community that will help and nurture your business, and the Technology Parks are also at your disposal. Additionally, The Warsaw Innovation week&nbsp;is a great hub where start-ups can attract the attention of foreign investors.<\/p>\n","protected":false},"excerpt":{"rendered":"<p>In Poland, about one million and one hundred thousand people study at over 400 universities. In the academic year 2019-2020, over 85,000 foreigners are getting their education in Poland. See for yourself that it is worth studying here! For more information about Polish universities, rules for recognition of education, and practical advice for those interested [&hellip;]<\/p>\n","protected":false},"author":1,"featured_media":262,"parent":150,"menu_order":0,"comment_status":"closed","ping_status":"closed","template":"","meta":{"inline_featured_image":false,"_monsterinsights_skip_tracking":false,"_monsterinsights_sitenote_active":false,"_monsterinsights_sitenote_note":"","_monsterinsights_sitenote_category":0,"footnotes":""},"class_list":["post-160","page","type-page","status-publish","has-post-thumbnail","hentry"],"yoast_head":"<!-- This site is optimized with the Yoast SEO plugin v24.6 - https:\/\/yoast.com\/wordpress\/plugins\/seo\/ -->\n<title>Study in Poland - Instytut Polski w Nowym Jorku<\/title>\n<meta name=\"robots\" content=\"index, follow, max-snippet:-1, max-image-preview:large, max-video-preview:-1\" \/>\n<link rel=\"canonical\" href=\"https:\/\/instytutpolski.pl\/newyork\/get-to-know-poland\/science-in-poland\/study-in-poland\/\" \/>\n<meta property=\"og:locale\" content=\"pl_PL\" \/>\n<meta property=\"og:type\" content=\"article\" \/>\n<meta property=\"og:title\" content=\"Study in Poland - Instytut Polski w Nowym Jorku\" \/>\n<meta property=\"og:description\" content=\"In Poland, about one million and one hundred thousand people study at over 400 universities. In the academic year 2019-2020, over 85,000 foreigners are getting their education in Poland. See for yourself that it is worth studying here! For more information about Polish universities, rules for recognition of education, and practical advice for those interested [&hellip;]\" \/>\n<meta property=\"og:url\" content=\"https:\/\/instytutpolski.pl\/newyork\/get-to-know-poland\/science-in-poland\/study-in-poland\/\" \/>\n<meta property=\"og:site_name\" content=\"Instytut Polski w Nowym Jorku\" \/>\n<meta property=\"article:modified_time\" content=\"2024-04-04T15:21:12+00:00\" \/>\n<meta property=\"og:image\" content=\"https:\/\/instytutpolski.pl\/newyork\/wp-content\/uploads\/sites\/15\/2019\/06\/studiuj-w-polsce.jpg\" \/>\n\t<meta property=\"og:image:width\" content=\"1920\" \/>\n\t<meta property=\"og:image:height\" content=\"700\" \/>\n\t<meta property=\"og:image:type\" content=\"image\/jpeg\" \/>\n<meta name=\"twitter:card\" content=\"summary_large_image\" \/>\n<meta name=\"twitter:label1\" content=\"Szacowany czas czytania\" \/>\n\t<meta name=\"twitter:data1\" content=\"6 minut\" \/>\n<script type=\"application\/ld+json\" class=\"yoast-schema-graph\">{\"@context\":\"https:\/\/schema.org\",\"@graph\":[{\"@type\":\"WebPage\",\"@id\":\"https:\/\/instytutpolski.pl\/newyork\/get-to-know-poland\/science-in-poland\/study-in-poland\/\",\"url\":\"https:\/\/instytutpolski.pl\/newyork\/get-to-know-poland\/science-in-poland\/study-in-poland\/\",\"name\":\"Study in Poland - Instytut Polski w Nowym Jorku\",\"isPartOf\":{\"@id\":\"https:\/\/instytutpolski.pl\/newyork\/#website\"},\"primaryImageOfPage\":{\"@id\":\"https:\/\/instytutpolski.pl\/newyork\/get-to-know-poland\/science-in-poland\/study-in-poland\/#primaryimage\"},\"image\":{\"@id\":\"https:\/\/instytutpolski.pl\/newyork\/get-to-know-poland\/science-in-poland\/study-in-poland\/#primaryimage\"},\"thumbnailUrl\":\"https:\/\/instytutpolski.pl\/newyork\/wp-content\/uploads\/sites\/15\/2019\/06\/studiuj-w-polsce.jpg\",\"datePublished\":\"2019-06-25T06:55:04+00:00\",\"dateModified\":\"2024-04-04T15:21:12+00:00\",\"breadcrumb\":{\"@id\":\"https:\/\/instytutpolski.pl\/newyork\/get-to-know-poland\/science-in-poland\/study-in-poland\/#breadcrumb\"},\"inLanguage\":\"pl-PL\",\"potentialAction\":[{\"@type\":\"ReadAction\",\"target\":[\"https:\/\/instytutpolski.pl\/newyork\/get-to-know-poland\/science-in-poland\/study-in-poland\/\"]}]},{\"@type\":\"ImageObject\",\"inLanguage\":\"pl-PL\",\"@id\":\"https:\/\/instytutpolski.pl\/newyork\/get-to-know-poland\/science-in-poland\/study-in-poland\/#primaryimage\",\"url\":\"https:\/\/instytutpolski.pl\/newyork\/wp-content\/uploads\/sites\/15\/2019\/06\/studiuj-w-polsce.jpg\",\"contentUrl\":\"https:\/\/instytutpolski.pl\/newyork\/wp-content\/uploads\/sites\/15\/2019\/06\/studiuj-w-polsce.jpg\",\"width\":1920,\"height\":700},{\"@type\":\"BreadcrumbList\",\"@id\":\"https:\/\/instytutpolski.pl\/newyork\/get-to-know-poland\/science-in-poland\/study-in-poland\/#breadcrumb\",\"itemListElement\":[{\"@type\":\"ListItem\",\"position\":1,\"name\":\"Home\",\"item\":\"https:\/\/instytutpolski.pl\/newyork\/\"},{\"@type\":\"ListItem\",\"position\":2,\"name\":\"Get to know Poland\",\"item\":\"https:\/\/instytutpolski.pl\/newyork\/get-to-know-poland\/\"},{\"@type\":\"ListItem\",\"position\":3,\"name\":\"Science in Poland\",\"item\":\"https:\/\/instytutpolski.pl\/newyork\/get-to-know-poland\/science-in-poland\/\"},{\"@type\":\"ListItem\",\"position\":4,\"name\":\"Study in Poland\"}]},{\"@type\":\"WebSite\",\"@id\":\"https:\/\/instytutpolski.pl\/newyork\/#website\",\"url\":\"https:\/\/instytutpolski.pl\/newyork\/\",\"name\":\"Instytut Polski w Nowym Jorku\",\"description\":\"Instytuty Polskie\",\"potentialAction\":[{\"@type\":\"SearchAction\",\"target\":{\"@type\":\"EntryPoint\",\"urlTemplate\":\"https:\/\/instytutpolski.pl\/newyork\/?s={search_term_string}\"},\"query-input\":{\"@type\":\"PropertyValueSpecification\",\"valueRequired\":true,\"valueName\":\"search_term_string\"}}],\"inLanguage\":\"pl-PL\"}]}<\/script>\n<!-- \/ Yoast SEO plugin. -->","yoast_head_json":{"title":"Study in Poland - Instytut Polski w Nowym Jorku","robots":{"index":"index","follow":"follow","max-snippet":"max-snippet:-1","max-image-preview":"max-image-preview:large","max-video-preview":"max-video-preview:-1"},"canonical":"https:\/\/instytutpolski.pl\/newyork\/get-to-know-poland\/science-in-poland\/study-in-poland\/","og_locale":"pl_PL","og_type":"article","og_title":"Study in Poland - Instytut Polski w Nowym Jorku","og_description":"In Poland, about one million and one hundred thousand people study at over 400 universities. In the academic year 2019-2020, over 85,000 foreigners are getting their education in Poland. See for yourself that it is worth studying here! For more information about Polish universities, rules for recognition of education, and practical advice for those interested [&hellip;]","og_url":"https:\/\/instytutpolski.pl\/newyork\/get-to-know-poland\/science-in-poland\/study-in-poland\/","og_site_name":"Instytut Polski w Nowym Jorku","article_modified_time":"2024-04-04T15:21:12+00:00","og_image":[{"width":1920,"height":700,"url":"https:\/\/instytutpolski.pl\/newyork\/wp-content\/uploads\/sites\/15\/2019\/06\/studiuj-w-polsce.jpg","type":"image\/jpeg"}],"twitter_card":"summary_large_image","twitter_misc":{"Szacowany czas czytania":"6 minut"},"schema":{"@context":"https:\/\/schema.org","@graph":[{"@type":"WebPage","@id":"https:\/\/instytutpolski.pl\/newyork\/get-to-know-poland\/science-in-poland\/study-in-poland\/","url":"https:\/\/instytutpolski.pl\/newyork\/get-to-know-poland\/science-in-poland\/study-in-poland\/","name":"Study in Poland - Instytut Polski w Nowym Jorku","isPartOf":{"@id":"https:\/\/instytutpolski.pl\/newyork\/#website"},"primaryImageOfPage":{"@id":"https:\/\/instytutpolski.pl\/newyork\/get-to-know-poland\/science-in-poland\/study-in-poland\/#primaryimage"},"image":{"@id":"https:\/\/instytutpolski.pl\/newyork\/get-to-know-poland\/science-in-poland\/study-in-poland\/#primaryimage"},"thumbnailUrl":"https:\/\/instytutpolski.pl\/newyork\/wp-content\/uploads\/sites\/15\/2019\/06\/studiuj-w-polsce.jpg","datePublished":"2019-06-25T06:55:04+00:00","dateModified":"2024-04-04T15:21:12+00:00","breadcrumb":{"@id":"https:\/\/instytutpolski.pl\/newyork\/get-to-know-poland\/science-in-poland\/study-in-poland\/#breadcrumb"},"inLanguage":"pl-PL","potentialAction":[{"@type":"ReadAction","target":["https:\/\/instytutpolski.pl\/newyork\/get-to-know-poland\/science-in-poland\/study-in-poland\/"]}]},{"@type":"ImageObject","inLanguage":"pl-PL","@id":"https:\/\/instytutpolski.pl\/newyork\/get-to-know-poland\/science-in-poland\/study-in-poland\/#primaryimage","url":"https:\/\/instytutpolski.pl\/newyork\/wp-content\/uploads\/sites\/15\/2019\/06\/studiuj-w-polsce.jpg","contentUrl":"https:\/\/instytutpolski.pl\/newyork\/wp-content\/uploads\/sites\/15\/2019\/06\/studiuj-w-polsce.jpg","width":1920,"height":700},{"@type":"BreadcrumbList","@id":"https:\/\/instytutpolski.pl\/newyork\/get-to-know-poland\/science-in-poland\/study-in-poland\/#breadcrumb","itemListElement":[{"@type":"ListItem","position":1,"name":"Home","item":"https:\/\/instytutpolski.pl\/newyork\/"},{"@type":"ListItem","position":2,"name":"Get to know Poland","item":"https:\/\/instytutpolski.pl\/newyork\/get-to-know-poland\/"},{"@type":"ListItem","position":3,"name":"Science in Poland","item":"https:\/\/instytutpolski.pl\/newyork\/get-to-know-poland\/science-in-poland\/"},{"@type":"ListItem","position":4,"name":"Study in Poland"}]},{"@type":"WebSite","@id":"https:\/\/instytutpolski.pl\/newyork\/#website","url":"https:\/\/instytutpolski.pl\/newyork\/","name":"Instytut Polski w Nowym Jorku","description":"Instytuty Polskie","potentialAction":[{"@type":"SearchAction","target":{"@type":"EntryPoint","urlTemplate":"https:\/\/instytutpolski.pl\/newyork\/?s={search_term_string}"},"query-input":{"@type":"PropertyValueSpecification","valueRequired":true,"valueName":"search_term_string"}}],"inLanguage":"pl-PL"}]}},"_links":{"self":[{"href":"https:\/\/instytutpolski.pl\/newyork\/wp-json\/wp\/v2\/pages\/160","targetHints":{"allow":["GET"]}}],"collection":[{"href":"https:\/\/instytutpolski.pl\/newyork\/wp-json\/wp\/v2\/pages"}],"about":[{"href":"https:\/\/instytutpolski.pl\/newyork\/wp-json\/wp\/v2\/types\/page"}],"author":[{"embeddable":true,"href":"https:\/\/instytutpolski.pl\/newyork\/wp-json\/wp\/v2\/users\/1"}],"replies":[{"embeddable":true,"href":"https:\/\/instytutpolski.pl\/newyork\/wp-json\/wp\/v2\/comments?post=160"}],"version-history":[{"count":8,"href":"https:\/\/instytutpolski.pl\/newyork\/wp-json\/wp\/v2\/pages\/160\/revisions"}],"predecessor-version":[{"id":11187,"href":"https:\/\/instytutpolski.pl\/newyork\/wp-json\/wp\/v2\/pages\/160\/revisions\/11187"}],"up":[{"embeddable":true,"href":"https:\/\/instytutpolski.pl\/newyork\/wp-json\/wp\/v2\/pages\/150"}],"wp:featuredmedia":[{"embeddable":true,"href":"https:\/\/instytutpolski.pl\/newyork\/wp-json\/wp\/v2\/media\/262"}],"wp:attachment":[{"href":"https:\/\/instytutpolski.pl\/newyork\/wp-json\/wp\/v2\/media?parent=160"}],"curies":[{"name":"wp","href":"https:\/\/api.w.org\/{rel}","templated":true}]}}