{"id":916,"date":"2020-04-15T19:59:30","date_gmt":"2020-04-15T17:59:30","guid":{"rendered":"https:\/\/instytutpolski.pl\/newyork\/?page_id=916"},"modified":"2020-04-15T19:59:31","modified_gmt":"2020-04-15T17:59:31","slug":"postponed-magdalena-filipczak-violin-jessica-xylina-osborne-piano-carnegie-hall-recital-debut","status":"publish","type":"page","link":"https:\/\/instytutpolski.pl\/newyork\/postponed-magdalena-filipczak-violin-jessica-xylina-osborne-piano-carnegie-hall-recital-debut\/","title":{"rendered":"POSTPONED: Magdalena Filipczak, Violin Jessica Xylina Osborne, Piano Carnegie Hall Recital Debut"},"content":{"rendered":"\n<p>Magdalena Filipczak by \u00a9Krystian Data<\/p>\n\n\n\n<p><strong>Magdalena Filipczak, Violin<\/strong><br><strong>Jessica Xylina Osborne, Piano<\/strong><\/p>\n\n\n\n<p><strong>Carnegie Hall Recital Debut<\/strong><br><strong>18th March at 8PM<\/strong><\/p>\n\n\n\n<p>Discounted Regular Tickets ($55)&nbsp;<br><a rel=\"noreferrer noopener\" href=\"https:\/\/www.eventbrite.com\/e\/violinist-magdalena-filipczak-carnegie-hall-debut-18-march-2020-8pm-tickets-89960388945\" target=\"_blank\">Limited number of discounted regular&nbsp;<strong>tickets<\/strong><\/a><\/p>\n\n\n\n<p><strong>ANNOUNCEMENT:<\/strong><br><strong>Due to the current travel ban from Europe and other general health and safety concerns,<\/strong><br><strong>this event has been suspended until further notice.<\/strong><\/p>\n\n\n\n<p><strong>In the wake of the COVID-19 outbreak, the situation is uncertain and it may be necessary to cancel other events.<\/strong><br><strong>Further updates about upcoming events and potential closures will be posted on our social media channels and website.<\/strong><\/p>\n\n\n\n<p><strong>Check our website an Facebook page regularly for updates.<\/strong><\/p>\n\n\n\n<p><strong>Program:<\/strong><br>Witold Lutoslawski (1913 &#8211; 1994) &#8211; Subito (1992)<\/p>\n\n\n\n<p>Maurice Ravel (1875 &#8211; 1937) &#8211; Violin Sonata No. 2 (1927)<br>I. Allegretto<br>II. Blues<br>III. Perpetuum mobile.<\/p>\n\n\n\n<p>Stephen Coxe (1966 &#8211; ) &#8211; Cherchant (2019) for Magdalena Filipczak, WORLD PREMIERE<\/p>\n\n\n\n<p>Eug\u00e8ne Ysa\u00ffe ( 1858 &#8211; 1931) &#8211; Caprice d&#8217;apr\u00e8s l&#8217;\u00c9tude en forme de valse de Saint-Sa\u00ebns, Op. 52 nr 2<\/p>\n\n\n\n<p>Intermission<br>Benjamin Britten (1913 &#8211; 1976) &#8211; Reveille: a Concert Study for Violin and Piano (1937)&nbsp;<\/p>\n\n\n\n<p>Arnold Sch\u00f6nberg (1874 &#8211; 1951) &#8211; Phantasy for Violin with Piano Accompaniment, Op. 47 (1949)<\/p>\n\n\n\n<p>Franz Schubert (1797 &#8211; 1828) &#8211; Fantasia in C major, Op. posth. 159, D. 934 (1827)<\/p>\n\n\n\n<p>Polish Cultural Institute New York is proud to announce Polish violinist Magdalena Filipczak makes her Carnegie Hall Recital Debut as a part of Rising Artists Series.<\/p>\n\n\n\n<p><a href=\"http:\/\/www.polishculture-nyc.org\/www.magdalenafilipczak.com%20http:\/\/www.magdalenafilipczak.com\/www.magdalenafilipczak.com\/MEDIA.html\" target=\"_blank\" rel=\"noreferrer noopener\"><strong>Magdalena Filipczak&nbsp;<\/strong><\/a>makes her Carnegie Hall debut in a program inspired by the phantasy motive, including famous Phantasies by Schubert and Sch\u00f6nberg. Filipczak showcases also selections from her debut album Essence of Violin, featuring works by Witold Lutoslawski, Britten, and Saint-Sa\u00ebns\/Ysa\u00ffe, plus Ravel&#8217;s Violin Sonata No. 2 which she recently recorded with eminent Hungarian pianist Peter Frankl for their upcoming duo album. Cherchant, composed by Stephen Coxe and dedicated to Magdalena Filipczak, receives its world premiere. Magdalena will be performing on a Nicol\u00f2 Amati violin kindly lent by the Beare\u2019s International Violin Society in London.<\/p>\n\n\n\n<p>\u201cShe is a musical chameleon, quickly getting under the skin of whatever she\u2019s playing\u2019,&#8221; wrote The ARTS DESK about award-winning Polish violinist Magdalena Filipczak. With her eclectic and extensive repertoire she has appeared as a soloist and chamber musician in the UK (including Wigmore Hall, Barbican Hall, St Martin in the Fields, St John\u2019s Smith Square), in Europe (among others in Het Concertgebouw, Tallinn Philharmonic, Cracow Philharmonic, Baltic Philharmonic) as well as in the USA, Canada and South America.&nbsp;<\/p>\n\n\n\n<p>As a young creator of culture, and for her numerous competition successes, she was awarded a 'Mloda Polska Scholarship&#8217; (\u201aYoung Poland\u2019) by the Polish Ministry of Culture and National Heritage. Among her many international competition successes, Magdalena is the winner of the IV Heino Eller International Violin Competition in Estonia and recipient of special prizes for the best interpretation of Bach (B\u00e4renreiter Edition prize) and the best concerto performance. Most recently she has received Gold Prize of 2018 Manhattan International Music Competition, Silver Prize at 2018 Berliner International Music Competition, and First Prize at 2017 United States International Concerto Competition.<\/p>\n\n\n\n<p>Last October Magdalena has recorded a CD with a renowned Hungarian pianist Peter Frankl that will be released in 2020. On the disc will be Sonatas by Schumann (Op. 121), Debussy and Ravel (No. 2). Magdalena\u2019s solo debut CD \u2018Essence of Violin\u2019 has been praised by THE STRAD Magazine as \u2018&#8230;glittering&#8230;.beguiling&#8230;captivating&#8230;hauntingly atmospheric&#8230;\u2019.<\/p>\n\n\n\n<p>She has also featured in two discs with II Viennese School composers, recorded together with Gruppo Montebello at the Banff Arts Centre in Canada. With the Royal Northern Sinfonia she recorded violin solos for a CD \u2018Songs to the North Sky\u2019 by Grammy Award composer Tim Garland and solos for Garland\u2019s next 5 stars album \u201cThe Weather Walker\u201d. She also plays on two CDs with music by Peter Gregson: \u201cQuartets: One\u201d and \u201cQuartets: Two\u201d.<\/p>\n\n\n\n<p>Media appearances include BBC Radio 3, Chicago WFMT Radio, Dutch Radio 4, Canadian Radio, Bulgarian TV, Polish, Austrian and Estonian TV and Radio. Magdalena also toured Brazil and Argentina as a guest leader\/director with the Tallinn Chamber Orchestra.<br>She is a current recipient of a prestigious Fellowship Award of CUNY Graduate Center in New York, where she is mentored by violinists Daniel Phillips and Donald Weilerstein, and additionally she studies voice with Robert White. She is a D.M.A. (Doctor of Musical Arts) in Performance candidate.<\/p>\n\n\n\n<p>Magdalena graduated from the Guildhall School in London, where she studied with a distinguished Polish violinist Krzysztof S\u00b4mietana. At the Guildhall she won the Max and Peggy Morgan Violin Prize and Ivan Sutton Chamber Music Award of the City Music Society in London. In addition to violin playing, Magdalena trained voice with John Evans and later she had private lessons with Benita Valente. Upon graduating, she was awarded an Individual Artist&#8217;s Fellowship.&nbsp;<\/p>\n\n\n\n<p>Magdalena was one of the Holland Music Sessions\u2019 New Masters on Tour. She attended and performed at American training programs, including the Perlman Chamber Music Program and Residencies, Yellow Barn, Norfolk Festival, as well as Krzyzowa-Music in Poland and IMS Prussia Cove in the UK.<br>She has given masterclasses in Brazil and Yellow Barn\u2019s Young Artists Program and through the Perlman\u2019s Music Program Residencies. Magdalena is an Adjunct Professor at the Aaron Copland School of Music (Queens College) in New York, where she teaches violin and chamber music.&nbsp;<\/p>\n\n\n\n<p><strong>Jessica Xylina Osborne&nbsp;<\/strong><br>Hailed by the Washington Post as a pianist \u201cwith a refreshing mellowness and poetic touch\u201d after her debut with the National Symphony Orchestra, Jessica Xylina Osborne is one of the most intensely expressive and passionate artists of her generation. She is widely considered to be one of the most sought-after collaborative partners, and has worked closely with some of the world&#8217;s finest musicians, including Timothy Eddy, Hilary Hahn, and Mark Kosower. She has performed throughout the continental U.S., Europe, and Asia, and has appeared in recitals at many of the world&#8217;s most celebrated venues, including Carnegie Hall, Lincoln Center, the Kennedy Center, the Mus\u00e9e du Louvre in Paris, and the Seoul Arts Center. Radio broadcasts include performances on Minnesota Public Radio\u2019s A Prairie Home Companion, Performance Today, WQXR\u2019s McGraw Hill Young Artists\u2019 Showcase in New York, and WGMS in Washington, D.C., among others.&nbsp;<\/p>\n","protected":false},"excerpt":{"rendered":"<p>Magdalena Filipczak by \u00a9Krystian Data Magdalena Filipczak, ViolinJessica Xylina Osborne, Piano Carnegie Hall Recital Debut18th March at 8PM Discounted Regular Tickets ($55)&nbsp;Limited number of discounted regular&nbsp;tickets ANNOUNCEMENT:Due to the current travel ban from Europe and other general health and safety concerns,this event has been suspended until further notice. In the wake of the COVID-19 outbreak, [&hellip;]<\/p>\n","protected":false},"author":128,"featured_media":922,"parent":0,"menu_order":0,"comment_status":"closed","ping_status":"closed","template":"","meta":{"inline_featured_image":false,"_monsterinsights_skip_tracking":false,"_monsterinsights_sitenote_active":false,"_monsterinsights_sitenote_note":"","_monsterinsights_sitenote_category":0,"footnotes":""},"class_list":["post-916","page","type-page","status-publish","has-post-thumbnail","hentry"],"yoast_head":"<!-- This site is optimized with the Yoast SEO plugin v24.6 - https:\/\/yoast.com\/wordpress\/plugins\/seo\/ -->\n<title>POSTPONED: Magdalena Filipczak, Violin Jessica Xylina Osborne, Piano Carnegie Hall Recital Debut - Instytut Polski w Nowym Jorku<\/title>\n<meta name=\"robots\" content=\"index, follow, max-snippet:-1, max-image-preview:large, max-video-preview:-1\" \/>\n<link rel=\"canonical\" href=\"https:\/\/instytutpolski.pl\/newyork\/postponed-magdalena-filipczak-violin-jessica-xylina-osborne-piano-carnegie-hall-recital-debut\/\" \/>\n<meta property=\"og:locale\" content=\"pl_PL\" \/>\n<meta property=\"og:type\" content=\"article\" \/>\n<meta property=\"og:title\" content=\"POSTPONED: Magdalena Filipczak, Violin Jessica Xylina Osborne, Piano Carnegie Hall Recital Debut - Instytut Polski w Nowym Jorku\" \/>\n<meta property=\"og:description\" content=\"Magdalena Filipczak by \u00a9Krystian Data Magdalena Filipczak, ViolinJessica Xylina Osborne, Piano Carnegie Hall Recital Debut18th March at 8PM Discounted Regular Tickets ($55)&nbsp;Limited number of discounted regular&nbsp;tickets ANNOUNCEMENT:Due to the current travel ban from Europe and other general health and safety concerns,this event has been suspended until further notice. In the wake of the COVID-19 outbreak, [&hellip;]\" \/>\n<meta property=\"og:url\" content=\"https:\/\/instytutpolski.pl\/newyork\/postponed-magdalena-filipczak-violin-jessica-xylina-osborne-piano-carnegie-hall-recital-debut\/\" \/>\n<meta property=\"og:site_name\" content=\"Instytut Polski w Nowym Jorku\" \/>\n<meta property=\"article:modified_time\" content=\"2020-04-15T17:59:31+00:00\" \/>\n<meta property=\"og:image\" content=\"https:\/\/instytutpolski.pl\/newyork\/wp-content\/uploads\/sites\/15\/2020\/04\/magda1.jpg\" \/>\n\t<meta property=\"og:image:width\" content=\"300\" \/>\n\t<meta property=\"og:image:height\" content=\"450\" \/>\n\t<meta property=\"og:image:type\" content=\"image\/jpeg\" \/>\n<meta name=\"twitter:card\" content=\"summary_large_image\" \/>\n<meta name=\"twitter:label1\" content=\"Szacowany czas czytania\" \/>\n\t<meta name=\"twitter:data1\" content=\"5 minut\" \/>\n<script type=\"application\/ld+json\" class=\"yoast-schema-graph\">{\"@context\":\"https:\/\/schema.org\",\"@graph\":[{\"@type\":\"WebPage\",\"@id\":\"https:\/\/instytutpolski.pl\/newyork\/postponed-magdalena-filipczak-violin-jessica-xylina-osborne-piano-carnegie-hall-recital-debut\/\",\"url\":\"https:\/\/instytutpolski.pl\/newyork\/postponed-magdalena-filipczak-violin-jessica-xylina-osborne-piano-carnegie-hall-recital-debut\/\",\"name\":\"POSTPONED: Magdalena Filipczak, Violin Jessica Xylina Osborne, Piano Carnegie Hall Recital Debut - Instytut Polski w Nowym Jorku\",\"isPartOf\":{\"@id\":\"https:\/\/instytutpolski.pl\/newyork\/#website\"},\"primaryImageOfPage\":{\"@id\":\"https:\/\/instytutpolski.pl\/newyork\/postponed-magdalena-filipczak-violin-jessica-xylina-osborne-piano-carnegie-hall-recital-debut\/#primaryimage\"},\"image\":{\"@id\":\"https:\/\/instytutpolski.pl\/newyork\/postponed-magdalena-filipczak-violin-jessica-xylina-osborne-piano-carnegie-hall-recital-debut\/#primaryimage\"},\"thumbnailUrl\":\"https:\/\/instytutpolski.pl\/newyork\/wp-content\/uploads\/sites\/15\/2020\/04\/magda1.jpg\",\"datePublished\":\"2020-04-15T17:59:30+00:00\",\"dateModified\":\"2020-04-15T17:59:31+00:00\",\"breadcrumb\":{\"@id\":\"https:\/\/instytutpolski.pl\/newyork\/postponed-magdalena-filipczak-violin-jessica-xylina-osborne-piano-carnegie-hall-recital-debut\/#breadcrumb\"},\"inLanguage\":\"pl-PL\",\"potentialAction\":[{\"@type\":\"ReadAction\",\"target\":[\"https:\/\/instytutpolski.pl\/newyork\/postponed-magdalena-filipczak-violin-jessica-xylina-osborne-piano-carnegie-hall-recital-debut\/\"]}]},{\"@type\":\"ImageObject\",\"inLanguage\":\"pl-PL\",\"@id\":\"https:\/\/instytutpolski.pl\/newyork\/postponed-magdalena-filipczak-violin-jessica-xylina-osborne-piano-carnegie-hall-recital-debut\/#primaryimage\",\"url\":\"https:\/\/instytutpolski.pl\/newyork\/wp-content\/uploads\/sites\/15\/2020\/04\/magda1.jpg\",\"contentUrl\":\"https:\/\/instytutpolski.pl\/newyork\/wp-content\/uploads\/sites\/15\/2020\/04\/magda1.jpg\",\"width\":300,\"height\":450,\"caption\":\"Magdalena Filipczak by \u00a9Krystian Data\"},{\"@type\":\"BreadcrumbList\",\"@id\":\"https:\/\/instytutpolski.pl\/newyork\/postponed-magdalena-filipczak-violin-jessica-xylina-osborne-piano-carnegie-hall-recital-debut\/#breadcrumb\",\"itemListElement\":[{\"@type\":\"ListItem\",\"position\":1,\"name\":\"Home\",\"item\":\"https:\/\/instytutpolski.pl\/newyork\/\"},{\"@type\":\"ListItem\",\"position\":2,\"name\":\"POSTPONED: Magdalena Filipczak, Violin Jessica Xylina Osborne, Piano Carnegie Hall Recital Debut\"}]},{\"@type\":\"WebSite\",\"@id\":\"https:\/\/instytutpolski.pl\/newyork\/#website\",\"url\":\"https:\/\/instytutpolski.pl\/newyork\/\",\"name\":\"Instytut Polski w Nowym Jorku\",\"description\":\"Instytuty Polskie\",\"potentialAction\":[{\"@type\":\"SearchAction\",\"target\":{\"@type\":\"EntryPoint\",\"urlTemplate\":\"https:\/\/instytutpolski.pl\/newyork\/?s={search_term_string}\"},\"query-input\":{\"@type\":\"PropertyValueSpecification\",\"valueRequired\":true,\"valueName\":\"search_term_string\"}}],\"inLanguage\":\"pl-PL\"}]}<\/script>\n<!-- \/ Yoast SEO plugin. -->","yoast_head_json":{"title":"POSTPONED: Magdalena Filipczak, Violin Jessica Xylina Osborne, Piano Carnegie Hall Recital Debut - Instytut Polski w Nowym Jorku","robots":{"index":"index","follow":"follow","max-snippet":"max-snippet:-1","max-image-preview":"max-image-preview:large","max-video-preview":"max-video-preview:-1"},"canonical":"https:\/\/instytutpolski.pl\/newyork\/postponed-magdalena-filipczak-violin-jessica-xylina-osborne-piano-carnegie-hall-recital-debut\/","og_locale":"pl_PL","og_type":"article","og_title":"POSTPONED: Magdalena Filipczak, Violin Jessica Xylina Osborne, Piano Carnegie Hall Recital Debut - Instytut Polski w Nowym Jorku","og_description":"Magdalena Filipczak by \u00a9Krystian Data Magdalena Filipczak, ViolinJessica Xylina Osborne, Piano Carnegie Hall Recital Debut18th March at 8PM Discounted Regular Tickets ($55)&nbsp;Limited number of discounted regular&nbsp;tickets ANNOUNCEMENT:Due to the current travel ban from Europe and other general health and safety concerns,this event has been suspended until further notice. In the wake of the COVID-19 outbreak, [&hellip;]","og_url":"https:\/\/instytutpolski.pl\/newyork\/postponed-magdalena-filipczak-violin-jessica-xylina-osborne-piano-carnegie-hall-recital-debut\/","og_site_name":"Instytut Polski w Nowym Jorku","article_modified_time":"2020-04-15T17:59:31+00:00","og_image":[{"width":300,"height":450,"url":"https:\/\/instytutpolski.pl\/newyork\/wp-content\/uploads\/sites\/15\/2020\/04\/magda1.jpg","type":"image\/jpeg"}],"twitter_card":"summary_large_image","twitter_misc":{"Szacowany czas czytania":"5 minut"},"schema":{"@context":"https:\/\/schema.org","@graph":[{"@type":"WebPage","@id":"https:\/\/instytutpolski.pl\/newyork\/postponed-magdalena-filipczak-violin-jessica-xylina-osborne-piano-carnegie-hall-recital-debut\/","url":"https:\/\/instytutpolski.pl\/newyork\/postponed-magdalena-filipczak-violin-jessica-xylina-osborne-piano-carnegie-hall-recital-debut\/","name":"POSTPONED: Magdalena Filipczak, Violin Jessica Xylina Osborne, Piano Carnegie Hall Recital Debut - Instytut Polski w Nowym Jorku","isPartOf":{"@id":"https:\/\/instytutpolski.pl\/newyork\/#website"},"primaryImageOfPage":{"@id":"https:\/\/instytutpolski.pl\/newyork\/postponed-magdalena-filipczak-violin-jessica-xylina-osborne-piano-carnegie-hall-recital-debut\/#primaryimage"},"image":{"@id":"https:\/\/instytutpolski.pl\/newyork\/postponed-magdalena-filipczak-violin-jessica-xylina-osborne-piano-carnegie-hall-recital-debut\/#primaryimage"},"thumbnailUrl":"https:\/\/instytutpolski.pl\/newyork\/wp-content\/uploads\/sites\/15\/2020\/04\/magda1.jpg","datePublished":"2020-04-15T17:59:30+00:00","dateModified":"2020-04-15T17:59:31+00:00","breadcrumb":{"@id":"https:\/\/instytutpolski.pl\/newyork\/postponed-magdalena-filipczak-violin-jessica-xylina-osborne-piano-carnegie-hall-recital-debut\/#breadcrumb"},"inLanguage":"pl-PL","potentialAction":[{"@type":"ReadAction","target":["https:\/\/instytutpolski.pl\/newyork\/postponed-magdalena-filipczak-violin-jessica-xylina-osborne-piano-carnegie-hall-recital-debut\/"]}]},{"@type":"ImageObject","inLanguage":"pl-PL","@id":"https:\/\/instytutpolski.pl\/newyork\/postponed-magdalena-filipczak-violin-jessica-xylina-osborne-piano-carnegie-hall-recital-debut\/#primaryimage","url":"https:\/\/instytutpolski.pl\/newyork\/wp-content\/uploads\/sites\/15\/2020\/04\/magda1.jpg","contentUrl":"https:\/\/instytutpolski.pl\/newyork\/wp-content\/uploads\/sites\/15\/2020\/04\/magda1.jpg","width":300,"height":450,"caption":"Magdalena Filipczak by \u00a9Krystian Data"},{"@type":"BreadcrumbList","@id":"https:\/\/instytutpolski.pl\/newyork\/postponed-magdalena-filipczak-violin-jessica-xylina-osborne-piano-carnegie-hall-recital-debut\/#breadcrumb","itemListElement":[{"@type":"ListItem","position":1,"name":"Home","item":"https:\/\/instytutpolski.pl\/newyork\/"},{"@type":"ListItem","position":2,"name":"POSTPONED: Magdalena Filipczak, Violin Jessica Xylina Osborne, Piano Carnegie Hall Recital Debut"}]},{"@type":"WebSite","@id":"https:\/\/instytutpolski.pl\/newyork\/#website","url":"https:\/\/instytutpolski.pl\/newyork\/","name":"Instytut Polski w Nowym Jorku","description":"Instytuty Polskie","potentialAction":[{"@type":"SearchAction","target":{"@type":"EntryPoint","urlTemplate":"https:\/\/instytutpolski.pl\/newyork\/?s={search_term_string}"},"query-input":{"@type":"PropertyValueSpecification","valueRequired":true,"valueName":"search_term_string"}}],"inLanguage":"pl-PL"}]}},"_links":{"self":[{"href":"https:\/\/instytutpolski.pl\/newyork\/wp-json\/wp\/v2\/pages\/916","targetHints":{"allow":["GET"]}}],"collection":[{"href":"https:\/\/instytutpolski.pl\/newyork\/wp-json\/wp\/v2\/pages"}],"about":[{"href":"https:\/\/instytutpolski.pl\/newyork\/wp-json\/wp\/v2\/types\/page"}],"author":[{"embeddable":true,"href":"https:\/\/instytutpolski.pl\/newyork\/wp-json\/wp\/v2\/users\/128"}],"replies":[{"embeddable":true,"href":"https:\/\/instytutpolski.pl\/newyork\/wp-json\/wp\/v2\/comments?post=916"}],"version-history":[{"count":14,"href":"https:\/\/instytutpolski.pl\/newyork\/wp-json\/wp\/v2\/pages\/916\/revisions"}],"predecessor-version":[{"id":954,"href":"https:\/\/instytutpolski.pl\/newyork\/wp-json\/wp\/v2\/pages\/916\/revisions\/954"}],"wp:featuredmedia":[{"embeddable":true,"href":"https:\/\/instytutpolski.pl\/newyork\/wp-json\/wp\/v2\/media\/922"}],"wp:attachment":[{"href":"https:\/\/instytutpolski.pl\/newyork\/wp-json\/wp\/v2\/media?parent=916"}],"curies":[{"name":"wp","href":"https:\/\/api.w.org\/{rel}","templated":true}]}}