{"id":12,"date":"2019-05-28T09:14:50","date_gmt":"2019-05-28T07:14:50","guid":{"rendered":"https:\/\/instytutpolski.pl\/paryz\/?page_id=12"},"modified":"2019-05-28T09:14:50","modified_gmt":"2019-05-28T07:14:50","slug":"e-biblioteque","status":"publish","type":"page","link":"https:\/\/instytutpolski.pl\/paris\/e-biblioteque\/","title":{"rendered":"e-biblioteque"},"content":{"rendered":"\n\n<h2>Article<\/h2>\n<ul class=\"list\">\n<li class=\"item-cinema item-type-art objects-list-item col-xs-12 col-sm-12 col-md-12 col-lg-12\">\n<h2 class=\"item-title\">Combat et cr\u00e9ation &#8211; Zbigniew Herbert et Kultura<\/h2>\n<img decoding=\"async\" title=\"\" src=\"http:\/\/www.institutpolonais.fr\/grafika\/obiekty\/19\/lista\/herbert.jpg\" alt=\"\" \/>\n<p class=\"item-intro\">Les Editions Noir sur Blanc et la Librairie Polonaise ont le plaisir de vous inviter \u00e0 rencontrer Brigitte Gautier, traductrice de l&#8217;oeuvre de Zbigniew Herbert, et Andrzej Wolski, cin\u00e9aste, \u00e0 l&#8217;occasion de la parution de &#8222;Combat et cr\u00e9ation, Zbigniew Herbert et le cercle de la revue Kultura&#8221;. Soir\u00e9e anim\u00e9e par Oriane Jeancourt, r\u00e9dactrice en chef de Transfuge. Lecture de textes : Jean-Philippe Raymond.<\/p>\n<\/li>\n<li class=\"item-cinema item-type-art objects-list-item col-xs-12 col-sm-12 col-md-12 col-lg-12\">\n<h2 class=\"item-title\">&#8222;La Pologne ind\u00e9pendante, l\u2019autre centenaire&#8221;<\/h2>\n<img decoding=\"async\" title=\"\" src=\"http:\/\/www.institutpolonais.fr\/grafika\/obiekty\/2102\/lista\/piotr_bilos.jpg\" alt=\"\" \/>\n<p class=\"item-intro\">L`article &#8222;La Pologne ind\u00e9pendante, l\u2019autre centenaire&#8221; parru le 15 novembre 2018 \u00e0 &#8222;The Conversation&#8221; par Piotr Bilos, ma\u00eetre de conf\u00e9rences HDR \u00e0 l&#8217;Inalco, Paris, sp\u00e9cialiste de litt\u00e9rature et de civilisation polonaise\/s, Institut national des langues et civilisations orientales.<\/p>\n<\/li>\n<\/ul>\n<h2>Film<\/h2>\n<ul class=\"list\">\n<li class=\"item-e-biblioteque-20 item-type-film objects-list-item col-xs-12 col-sm-12 col-md-12 col-lg-12\">\n<h2 class=\"item-title\">&#8222;La Femme du gardien de zoo&#8221; de Niki Caro<\/h2>\n<img decoding=\"async\" title=\"\" src=\"http:\/\/www.institutpolonais.fr\/grafika\/obiekty\/2029\/lista\/zookeeperheader.jpg\" alt=\"\" \/>\n<p class=\"item-intro\">Jan et Antonina Zabinski, deux Justes parmi les Nations<\/p>\n<\/li>\n<li class=\"item-e-biblioteque-20 item-type-film objects-list-item col-xs-12 col-sm-12 col-md-12 col-lg-12\">\n<h2 class=\"item-title\">&#8222;Jack strong&#8221; de W\u0142adys\u0142aw Pasikowski<\/h2>\n<img decoding=\"async\" title=\"\" src=\"http:\/\/www.institutpolonais.fr\/grafika\/obiekty\/2030\/lista\/jack_strong_dvd.jpg\" alt=\"\" \/>\n<\/li>\n<li class=\"item-cinema item-type-film objects-list-item col-xs-12 col-sm-12 col-md-12 col-lg-12\">\n<h2 class=\"item-title\">COLD WAR de Pawe\u0142 Pawlikowski<\/h2>\n<img decoding=\"async\" title=\"\" src=\"http:\/\/www.institutpolonais.fr\/grafika\/obiekty\/2044\/lista\/coldwarphoto1_c_lukasz_bak_1200x900.jpg\" alt=\"\" \/>\n<p class=\"item-intro\">Film repr\u00e9sentant la Pologne aux Oscars 2019<\/p>\n<\/li>\n<\/ul>\n<h2>Livre<\/h2>\n<ul class=\"list\">\n<li class=\"item-litterature item-type-livre objects-list-item col-xs-12 col-sm-12 col-md-12 col-lg-12\">\n<h2 class=\"item-title\">Mille et une fourmi<\/h2>\n<img decoding=\"async\" title=\"\" src=\"http:\/\/www.institutpolonais.fr\/grafika\/obiekty\/2053\/lista\/mille_et_une_fourmi.jpg\" alt=\"\" \/>\n<p class=\"item-intro\">Joanna Rzezak invite les enfants \u00e0 se promener avec une petite colonie de fourmis pour d\u00e9couvrir la faune et la flore.<\/p>\n<\/li>\n<li class=\"item-musique item-type-livre objects-list-item col-xs-12 col-sm-12 col-md-12 col-lg-12\">\n<h2 class=\"item-title\">Rubato<\/h2>\n<img decoding=\"async\" title=\"\" src=\"http:\/\/www.institutpolonais.fr\/grafika\/obiekty\/2054\/lista\/rubato2.jpg\" alt=\"\" \/>\n<p class=\"item-intro\">Chronique du Concours Chopin de Varsovie de Mariella Righini<\/p>\n<\/li>\n<li class=\"item-musique item-type-livre objects-list-item col-xs-12 col-sm-12 col-md-12 col-lg-12\">\n<h2 class=\"item-title\">Fr\u00e9d\u00e9ric Chopin. Racines<\/h2>\n<img decoding=\"async\" title=\"\" src=\"http:\/\/www.institutpolonais.fr\/grafika\/obiekty\/2055\/lista\/frdric_chopin__racines.jpg\" alt=\"\" \/>\n<p class=\"item-intro\">Une reconstruction minutieuse du contexte dans lequel le talent de Chopin a pu se former.<\/p>\n<\/li>\n<li class=\"item-litterature item-type-livre objects-list-item col-xs-12 col-sm-12 col-md-12 col-lg-12\">\n<h2 class=\"item-title\">De la mort sans exag\u00e9rer<\/h2>\n<img decoding=\"async\" title=\"\" src=\"http:\/\/www.institutpolonais.fr\/grafika\/obiekty\/2057\/lista\/szymborska.jpg\" alt=\"\" \/>\n<p class=\"item-intro\">Un recueil de po\u00e8mes de Wis\u0142awa Szymborska.<\/p>\n<\/li>\n<li class=\"item-litterature item-type-livre objects-list-item col-xs-12 col-sm-12 col-md-12 col-lg-12\">\n<h2 class=\"item-title\">Pyromane<\/h2>\n<img decoding=\"async\" title=\"\" src=\"http:\/\/www.institutpolonais.fr\/grafika\/obiekty\/2058\/lista\/pyromane.jpeg\" alt=\"\" \/>\n<p class=\"item-intro\">Un polar sombre et plein de myst\u00e8res de Wojciech Chmielarz.<\/p>\n<\/li>\n<\/ul>\n<h2>PDF<\/h2>\n<h2>Podcast<\/h2>\n<ul class=\"list\">\n<li class=\"item-musique item-type-podcast objects-list-item col-xs-12 col-sm-12 col-md-12 col-lg-12\">\n<h2 class=\"item-title\">La compositrice Agata Zubel : explorer la voix<\/h2>\n<img decoding=\"async\" title=\"\" src=\"http:\/\/www.institutpolonais.fr\/grafika\/obiekty\/2128\/lista\/600x337maxresdefault1.jpg\" alt=\"\" \/>\n<p class=\"item-intro\">Entretien avec Agata Zubel par Arnaud Merlin \/ Le portrait contemporain \/ FRANCE MUSIQUE &#8211; \u00e9mission radio<\/p>\n<\/li>\n<li class=\"item-patrimoine-societe item-type-podcast objects-list-item col-xs-12 col-sm-12 col-md-12 col-lg-12\">\n<h2 class=\"item-title\">Pologne vue par&#8230;<\/h2>\n<img decoding=\"async\" title=\"\" src=\"http:\/\/www.institutpolonais.fr\/grafika\/obiekty\/2173\/lista\/pologne_2.jpg\" alt=\"\" \/>\n<\/li>\n<\/ul>\n","protected":false},"excerpt":{"rendered":"<p>Article Combat et cr\u00e9ation &#8211; Zbigniew Herbert et Kultura Les Editions Noir sur Blanc et la Librairie Polonaise ont le plaisir de vous inviter \u00e0 rencontrer Brigitte Gautier, traductrice de l&#8217;oeuvre de Zbigniew Herbert, et Andrzej Wolski, cin\u00e9aste, \u00e0 l&#8217;occasion de la parution de &#8222;Combat et cr\u00e9ation, Zbigniew Herbert et le cercle de la revue [&hellip;]<\/p>\n","protected":false},"author":1,"featured_media":0,"parent":0,"menu_order":0,"comment_status":"closed","ping_status":"closed","template":"","meta":{"inline_featured_image":false,"_monsterinsights_skip_tracking":false,"_monsterinsights_sitenote_active":false,"_monsterinsights_sitenote_note":"","_monsterinsights_sitenote_category":0,"footnotes":""},"class_list":["post-12","page","type-page","status-publish","hentry"],"yoast_head":"<!-- This site is optimized with the Yoast SEO plugin v24.6 - https:\/\/yoast.com\/wordpress\/plugins\/seo\/ -->\n<title>e-biblioteque - Instytut Polski w Pary\u017cu<\/title>\n<meta name=\"robots\" content=\"index, follow, max-snippet:-1, max-image-preview:large, max-video-preview:-1\" \/>\n<link rel=\"canonical\" href=\"https:\/\/instytutpolski.pl\/paris\/e-biblioteque\/\" \/>\n<meta property=\"og:locale\" content=\"pl_PL\" \/>\n<meta property=\"og:type\" content=\"article\" \/>\n<meta property=\"og:title\" content=\"e-biblioteque - Instytut Polski w Pary\u017cu\" \/>\n<meta property=\"og:description\" content=\"Article Combat et cr\u00e9ation &#8211; Zbigniew Herbert et Kultura Les Editions Noir sur Blanc et la Librairie Polonaise ont le plaisir de vous inviter \u00e0 rencontrer Brigitte Gautier, traductrice de l&#8217;oeuvre de Zbigniew Herbert, et Andrzej Wolski, cin\u00e9aste, \u00e0 l&#8217;occasion de la parution de &#8222;Combat et cr\u00e9ation, Zbigniew Herbert et le cercle de la revue [&hellip;]\" \/>\n<meta property=\"og:url\" content=\"https:\/\/instytutpolski.pl\/paris\/e-biblioteque\/\" \/>\n<meta property=\"og:site_name\" content=\"Instytut Polski w Pary\u017cu\" \/>\n<meta property=\"og:image\" content=\"http:\/\/www.institutpolonais.fr\/grafika\/obiekty\/19\/lista\/herbert.jpg\" \/>\n<meta name=\"twitter:card\" content=\"summary_large_image\" \/>\n<meta name=\"twitter:label1\" content=\"Szacowany czas czytania\" \/>\n\t<meta name=\"twitter:data1\" content=\"1 minuta\" \/>\n<script type=\"application\/ld+json\" class=\"yoast-schema-graph\">{\"@context\":\"https:\/\/schema.org\",\"@graph\":[{\"@type\":\"WebPage\",\"@id\":\"https:\/\/instytutpolski.pl\/paris\/e-biblioteque\/\",\"url\":\"https:\/\/instytutpolski.pl\/paris\/e-biblioteque\/\",\"name\":\"e-biblioteque - Instytut Polski w Pary\u017cu\",\"isPartOf\":{\"@id\":\"https:\/\/instytutpolski.pl\/paris\/#website\"},\"primaryImageOfPage\":{\"@id\":\"https:\/\/instytutpolski.pl\/paris\/e-biblioteque\/#primaryimage\"},\"image\":{\"@id\":\"https:\/\/instytutpolski.pl\/paris\/e-biblioteque\/#primaryimage\"},\"thumbnailUrl\":\"http:\/\/www.institutpolonais.fr\/grafika\/obiekty\/19\/lista\/herbert.jpg\",\"datePublished\":\"2019-05-28T07:14:50+00:00\",\"breadcrumb\":{\"@id\":\"https:\/\/instytutpolski.pl\/paris\/e-biblioteque\/#breadcrumb\"},\"inLanguage\":\"pl-PL\",\"potentialAction\":[{\"@type\":\"ReadAction\",\"target\":[\"https:\/\/instytutpolski.pl\/paris\/e-biblioteque\/\"]}]},{\"@type\":\"ImageObject\",\"inLanguage\":\"pl-PL\",\"@id\":\"https:\/\/instytutpolski.pl\/paris\/e-biblioteque\/#primaryimage\",\"url\":\"http:\/\/www.institutpolonais.fr\/grafika\/obiekty\/19\/lista\/herbert.jpg\",\"contentUrl\":\"http:\/\/www.institutpolonais.fr\/grafika\/obiekty\/19\/lista\/herbert.jpg\"},{\"@type\":\"BreadcrumbList\",\"@id\":\"https:\/\/instytutpolski.pl\/paris\/e-biblioteque\/#breadcrumb\",\"itemListElement\":[{\"@type\":\"ListItem\",\"position\":1,\"name\":\"Home\",\"item\":\"https:\/\/instytutpolski.pl\/paris\/\"},{\"@type\":\"ListItem\",\"position\":2,\"name\":\"e-biblioteque\"}]},{\"@type\":\"WebSite\",\"@id\":\"https:\/\/instytutpolski.pl\/paris\/#website\",\"url\":\"https:\/\/instytutpolski.pl\/paris\/\",\"name\":\"Instytut Polski w Pary\u017cu\",\"description\":\"Instytuty Polskie\",\"potentialAction\":[{\"@type\":\"SearchAction\",\"target\":{\"@type\":\"EntryPoint\",\"urlTemplate\":\"https:\/\/instytutpolski.pl\/paris\/?s={search_term_string}\"},\"query-input\":{\"@type\":\"PropertyValueSpecification\",\"valueRequired\":true,\"valueName\":\"search_term_string\"}}],\"inLanguage\":\"pl-PL\"}]}<\/script>\n<!-- \/ Yoast SEO plugin. -->","yoast_head_json":{"title":"e-biblioteque - Instytut Polski w Pary\u017cu","robots":{"index":"index","follow":"follow","max-snippet":"max-snippet:-1","max-image-preview":"max-image-preview:large","max-video-preview":"max-video-preview:-1"},"canonical":"https:\/\/instytutpolski.pl\/paris\/e-biblioteque\/","og_locale":"pl_PL","og_type":"article","og_title":"e-biblioteque - Instytut Polski w Pary\u017cu","og_description":"Article Combat et cr\u00e9ation &#8211; Zbigniew Herbert et Kultura Les Editions Noir sur Blanc et la Librairie Polonaise ont le plaisir de vous inviter \u00e0 rencontrer Brigitte Gautier, traductrice de l&#8217;oeuvre de Zbigniew Herbert, et Andrzej Wolski, cin\u00e9aste, \u00e0 l&#8217;occasion de la parution de &#8222;Combat et cr\u00e9ation, Zbigniew Herbert et le cercle de la revue [&hellip;]","og_url":"https:\/\/instytutpolski.pl\/paris\/e-biblioteque\/","og_site_name":"Instytut Polski w Pary\u017cu","og_image":[{"url":"http:\/\/www.institutpolonais.fr\/grafika\/obiekty\/19\/lista\/herbert.jpg","type":"","width":"","height":""}],"twitter_card":"summary_large_image","twitter_misc":{"Szacowany czas czytania":"1 minuta"},"schema":{"@context":"https:\/\/schema.org","@graph":[{"@type":"WebPage","@id":"https:\/\/instytutpolski.pl\/paris\/e-biblioteque\/","url":"https:\/\/instytutpolski.pl\/paris\/e-biblioteque\/","name":"e-biblioteque - Instytut Polski w Pary\u017cu","isPartOf":{"@id":"https:\/\/instytutpolski.pl\/paris\/#website"},"primaryImageOfPage":{"@id":"https:\/\/instytutpolski.pl\/paris\/e-biblioteque\/#primaryimage"},"image":{"@id":"https:\/\/instytutpolski.pl\/paris\/e-biblioteque\/#primaryimage"},"thumbnailUrl":"http:\/\/www.institutpolonais.fr\/grafika\/obiekty\/19\/lista\/herbert.jpg","datePublished":"2019-05-28T07:14:50+00:00","breadcrumb":{"@id":"https:\/\/instytutpolski.pl\/paris\/e-biblioteque\/#breadcrumb"},"inLanguage":"pl-PL","potentialAction":[{"@type":"ReadAction","target":["https:\/\/instytutpolski.pl\/paris\/e-biblioteque\/"]}]},{"@type":"ImageObject","inLanguage":"pl-PL","@id":"https:\/\/instytutpolski.pl\/paris\/e-biblioteque\/#primaryimage","url":"http:\/\/www.institutpolonais.fr\/grafika\/obiekty\/19\/lista\/herbert.jpg","contentUrl":"http:\/\/www.institutpolonais.fr\/grafika\/obiekty\/19\/lista\/herbert.jpg"},{"@type":"BreadcrumbList","@id":"https:\/\/instytutpolski.pl\/paris\/e-biblioteque\/#breadcrumb","itemListElement":[{"@type":"ListItem","position":1,"name":"Home","item":"https:\/\/instytutpolski.pl\/paris\/"},{"@type":"ListItem","position":2,"name":"e-biblioteque"}]},{"@type":"WebSite","@id":"https:\/\/instytutpolski.pl\/paris\/#website","url":"https:\/\/instytutpolski.pl\/paris\/","name":"Instytut Polski w Pary\u017cu","description":"Instytuty Polskie","potentialAction":[{"@type":"SearchAction","target":{"@type":"EntryPoint","urlTemplate":"https:\/\/instytutpolski.pl\/paris\/?s={search_term_string}"},"query-input":{"@type":"PropertyValueSpecification","valueRequired":true,"valueName":"search_term_string"}}],"inLanguage":"pl-PL"}]}},"_links":{"self":[{"href":"https:\/\/instytutpolski.pl\/paris\/wp-json\/wp\/v2\/pages\/12","targetHints":{"allow":["GET"]}}],"collection":[{"href":"https:\/\/instytutpolski.pl\/paris\/wp-json\/wp\/v2\/pages"}],"about":[{"href":"https:\/\/instytutpolski.pl\/paris\/wp-json\/wp\/v2\/types\/page"}],"author":[{"embeddable":true,"href":"https:\/\/instytutpolski.pl\/paris\/wp-json\/wp\/v2\/users\/1"}],"replies":[{"embeddable":true,"href":"https:\/\/instytutpolski.pl\/paris\/wp-json\/wp\/v2\/comments?post=12"}],"version-history":[{"count":1,"href":"https:\/\/instytutpolski.pl\/paris\/wp-json\/wp\/v2\/pages\/12\/revisions"}],"predecessor-version":[{"id":14,"href":"https:\/\/instytutpolski.pl\/paris\/wp-json\/wp\/v2\/pages\/12\/revisions\/14"}],"wp:attachment":[{"href":"https:\/\/instytutpolski.pl\/paris\/wp-json\/wp\/v2\/media?parent=12"}],"curies":[{"name":"wp","href":"https:\/\/api.w.org\/{rel}","templated":true}]}}