{"id":162,"date":"2019-05-28T15:23:59","date_gmt":"2019-05-28T13:23:59","guid":{"rendered":"https:\/\/instytutpolski.pl\/paryz\/?page_id=162"},"modified":"2019-05-31T14:48:12","modified_gmt":"2019-05-31T12:48:12","slug":"pologne","status":"publish","type":"page","link":"https:\/\/instytutpolski.pl\/paris\/pologne\/","title":{"rendered":"Pologne"},"content":{"rendered":"\n<p>Nos partenaires<br \/><br \/>Ville de Paris : <a href=\"http:\/\/www.international.paris.fr\/\" target=\"_blank\" rel=\"noopener noreferrer\">www.international.paris.fr<\/a><br \/><br \/>Institutions de promotion de la culture polonaise<br \/><br \/>Portail officiel de promotion de la Pologne : <a href=\"http:\/\/www.poland.gov.pl\/\" target=\"_blank\" rel=\"noopener noreferrer\">www.poland.gov.pl<\/a><\/p>\n<p>Institut d\u2019Adam Mickiewicz : <a href=\"http:\/\/www.iam.pl\/pl\/site\/\" target=\"_blank\" rel=\"noopener noreferrer\">http:\/\/www.iam.pl\/pl\/site\/<\/a><\/p>\n<p>Centre culturel international de Cracovie : <a href=\"http:\/\/www.mck.krakow.pl\/\" target=\"_blank\" rel=\"noopener noreferrer\">http:\/\/www.mck.krakow.pl<\/a><\/p>\n<p>Institut national de l&#8217;Audiovisuel : <a href=\"http:\/\/www.nina.gov.pl\/\" target=\"_blank\" rel=\"noopener noreferrer\">http:\/\/www.nina.gov.pl<\/a><\/p>\n<p>Institut du Livre \u00e0 Cracovie : <a href=\"http:\/\/www.instytutksiazki.pl\/\" target=\"_blank\" rel=\"noopener noreferrer\">http:\/\/www.instytutksiazki.pl\/<\/a><\/p>\n<p>Institut polonais d&#8217;art cin\u00e9matographique : <a href=\"http:\/\/www.pisf.p\/\" target=\"_blank\" rel=\"noopener noreferrer\">http:\/\/www.pisf.p<\/a>l<\/p>\n<p>Filmoth\u00e8que nationale : <a href=\"http:\/\/www.fn.org.pl\/\" target=\"_blank\" rel=\"noopener noreferrer\">http:\/\/www.fn.org.pl<\/a><\/p>\n<p>Institut national Fr\u00e9d\u00e9ric Chopin : <a href=\"http:\/\/pl.chopin.nifc.pl\/\" target=\"_blank\" rel=\"noopener noreferrer\">http:\/\/pl.chopin.nifc.pl<\/a><\/p>\n<p>Centre polonais d&#8217;information musicale : <a href=\"http:\/\/www.polmic.pl\/\" target=\"_blank\" rel=\"noopener noreferrer\">http:\/\/www.polmic.pl<\/a><\/p>\n<p>Portail pour les chercheurs qui souhaitent venir en Pologne : <a href=\"http:\/\/www.euraxess.pl\/\" target=\"_blank\" rel=\"noopener noreferrer\">http:\/\/www.euraxess.pl\/<\/a><\/p>\n<p><br \/>Importantes institutions culturelles en Pologne<br \/><br \/><strong>Sites g\u00e9n\u00e9raux<\/strong><br \/><br \/>Festival du Dialogue des quatre Cultures : <a href=\"http:\/\/www.4kultury.pl\/\" target=\"_blank\" rel=\"noopener noreferrer\">http:\/\/www.4kultury.pl<\/a><\/p>\n<p>Polskie Radio : <a href=\"http:\/\/www.polskieradio.pl\/\" target=\"_blank\" rel=\"noopener noreferrer\">http:\/\/www.polskieradio.pl<\/a><\/p>\n<p>La Radio Polonaise disponible en six versions linguistiques: <a href=\"http:\/\/thenews.pl\/\" target=\"_blank\" rel=\"noopener noreferrer\">http:\/\/thenews.pl<\/a><\/p>\n<p>La Radio Polonaise a commenc\u00e9 \u00e0 \u00e9mettre ses premiers programmes en anglais avant la Seconde Guerre mondiale. L&#8217;objectif de la Radio Polonaise pour l&#8217;\u00c9tranger est d&#8217;informer des \u00e9v\u00e8nements qui ont lieu en Pologne et de pr\u00e9senter le point de vue polonais sur l&#8217;actualit\u00e9 internationale.<br \/><br \/><br \/><strong>Histoire<\/strong><br \/><br \/>Direction g\u00e9n\u00e9rale des Archives nationales : <a href=\"http:\/\/www.archiwa.gov.pl\/\" target=\"_blank\" rel=\"noopener noreferrer\">http:\/\/www.archiwa.gov.pl<\/a><\/p>\n<p>Office national d&#8217;\u00e9tudes et de documentation sur les monuments : <a href=\"http:\/\/www.kobidz.pl\/\" target=\"_blank\" rel=\"noopener noreferrer\">http:\/\/www.kobidz.pl\/<\/a><\/p>\n<p>Institut de la m\u00e9moire nationale (IPN) : <a href=\"http:\/\/www.ipn.gov.pl\/\" target=\"_blank\" rel=\"noopener noreferrer\">http:\/\/www.ipn.gov.pl<\/a><\/p>\n<p>Seconde guerre mondiale : <a href=\"http:\/\/www.fr.truthaboutcamps.eu\/\" target=\"_blank\" rel=\"noopener noreferrer\">http:\/\/www.fr.truthaboutcamps.eu\/<\/a><\/p>\n<p><br \/><br \/><strong>Litt\u00e9rature<\/strong><br \/><br \/>Site sur Witold Gombrowicz : <a href=\"http:\/\/www.gombrowicz.net\/\" target=\"_blank\" rel=\"noopener noreferrer\">www.gombrowicz.net<\/a><\/p>\n<p>Institut de Recherche litt\u00e9raire de l&#8217;Acad\u00e9mie polonaise des Sciences : <a href=\"http:\/\/www.ibl.waw.pl\/\" target=\"_blank\" rel=\"noopener noreferrer\">http:\/\/www.ibl.waw.pl<\/a><\/p>\n<p>Biblioth\u00e8que Nationale : <a href=\"http:\/\/www.bn.org.pll\/\" target=\"_blank\" rel=\"noopener noreferrer\">http:\/\/www.bn.org.pll<\/a><\/p>\n<p>Fonds national \u00ab Ossoli\u0144ski \u00bb : <a href=\"http:\/\/www.oss.wroc.pl\/\" target=\"_blank\" rel=\"noopener noreferrer\">http:\/\/www.oss.wroc.pl<\/a><\/p>\n<p>Biblioth\u00e8que Jagellone de Cracovie : <a href=\"http:\/\/www.bj.uj.edu.pl\/\" target=\"_blank\" rel=\"noopener noreferrer\">http:\/\/www.bj.uj.edu.pl<\/a><\/p>\n<p>Chambre polonaise des Libraires : <a href=\"http:\/\/www.ikp.org.pl\/\" target=\"_blank\" rel=\"noopener noreferrer\">http:\/\/www.ikp.org.pl<\/a><\/p>\n<p>Biblioth\u00e8que num\u00e9rique dLibra : <a href=\"http:\/\/dlibra.psnc.pl\/\" target=\"_blank\" rel=\"noopener noreferrer\">http:\/\/dlibra.psnc.pl\/<\/a><\/p>\n<p><br \/><br \/><strong>Th\u00e9\u00e2tre<\/strong><br \/><br \/>Institut th\u00e9\u00e2tral Zbigniew Raszewski : <a href=\"http:\/\/www.instytut-teatralny.pl\/\" target=\"_blank\" rel=\"noopener noreferrer\">http:\/\/www.instytut-teatralny.pl<\/a><\/p>\n<p>Cricoth\u00e8que. Centre de Documentation th\u00e9\u00e2trale de Tadeusz Kantor : <a href=\"http:\/\/www.cricoteka.pl\/\" target=\"_blank\" rel=\"noopener noreferrer\">http:\/\/www.cricoteka.pl<\/a><\/p>\n<p>Institut Jerzy Grotowski : <a href=\"http:\/\/www.grotowski-institute.art.pl\/\" target=\"_blank\" rel=\"noopener noreferrer\">http:\/\/www.grotowski-institute.art.pl<\/a><\/p>\n<p>Festival th\u00e9\u00e2tral international \u00ab Dialog-Wroc\u0142aw \u00bb : <a href=\"http:\/\/www.dialogfestival.pl\/\" target=\"_blank\" rel=\"noopener noreferrer\">http:\/\/www.dialogfestival.pl<\/a><\/p>\n<p>TR Warszawa : <a href=\"http:\/\/www.trwarszawa.pl\/\" target=\"_blank\" rel=\"noopener noreferrer\">http:\/\/www.trwarszawa.pl<\/a><\/p>\n<p>Teatr Dramatyczny \/ Th\u00e9\u00e2tre dramatique de la ville de Varsovie : <a href=\"http:\/\/www.teatrdramatyczny.pl\/\" target=\"_blank\" rel=\"noopener noreferrer\">http:\/\/www.teatrdramatyczny.pl<\/a><\/p>\n<p>Nowy Teatr \/Nouveau Th\u00e9\u00e2tre, Varsovie : <a href=\"http:\/\/www.nowyteatr.org\/\" target=\"_blank\" rel=\"noopener noreferrer\">http:\/\/www.nowyteatr.org<\/a><\/p>\n<p>Stary Teatr \/ Le Vieux Th\u00e9\u00e2tre, Cracovie : <a href=\"http:\/\/www.stary-teatr.krakow.pl\/\" target=\"_blank\" rel=\"noopener noreferrer\">http:\/\/www.stary-teatr.krakow.pl<\/a><\/p>\n<p>Teatr Wielki \/ Le Grand Th\u00e9\u00e2tre &#8211; Op\u00e9ra national : <a href=\"http:\/\/www.teatrwielki.pl\/\" target=\"_blank\" rel=\"noopener noreferrer\">http:\/\/www.teatrwielki.pl<\/a><\/p>\n<p>Wroc\u0142awski Teatr Wsp\u00f3\u0142czesny \/ Th\u00e9\u00e2tre Wsp\u00f3\u0142czesny de Wroc\u0142aw: <a href=\"http:\/\/www.wteatrw.pl\/\" target=\"_blank\" rel=\"noopener noreferrer\">http:\/\/www.wteatrw.pl<\/a><\/p>\n<p>Wroc\u0142awski Teatr Lalek \/ Th\u00e9\u00e2tre de marionettes de Wroc\u0142aw: <a href=\"http:\/\/teatrlalek.wroclaw.pl\/\" target=\"_blank\" rel=\"noopener noreferrer\">http:\/\/teatrlalek.wroclaw.pl<\/a><\/p>\n<p>Th\u00e9\u00e2tre de marionnettes de Bia\u0142ystok : <a href=\"http:\/\/www.btl.bialystok.pl\/\" target=\"_blank\" rel=\"noopener noreferrer\">http:\/\/www.btl.bialystok.pl<\/a><\/p>\n<p><br \/><br \/><strong>Musique<\/strong><br \/><br \/>\u00abAutomne varsovien\u00bb, Festival international de Musique contemporaine : <a href=\"http:\/\/www.warsaw-autumn.art.pl\/\" target=\"_blank\" rel=\"noopener noreferrer\">http:\/\/www.warsaw-autumn.art.pl<\/a><\/p>\n<p>Concours \u00ab Fr\u00e9d\u00e9ric Chopin \u00bb : Concours international de piano : <a href=\"http:\/\/konkurs.chopin.pl\/\" target=\"_blank\" rel=\"noopener noreferrer\">http:\/\/konkurs.chopin.pl<\/a><\/p>\n<p>Concours \u00ab Henri Wieniawski \u00bb : Concours international de violon : <a href=\"http:\/\/www.wieniawski.pl\/\" target=\"_blank\" rel=\"noopener noreferrer\">http:\/\/www.wieniawski.pl<\/a><\/p>\n<p>Festival international \u00ab Wratislavia Cantans \u00bb : <a href=\"http:\/\/www.wratislavia.art.pl\/\" target=\"_blank\" rel=\"noopener noreferrer\">http:\/\/www.wratislavia.art.pl<\/a><\/p>\n<p>Op\u00e9ra de Wroc\u0142aw : <a href=\"http:\/\/www.opera.wroclaw.pl\/\" target=\"_blank\" rel=\"noopener noreferrer\">http:\/\/www.opera.wroclaw.pl<\/a><\/p>\n<p>Orchestre philharmonique national : <a href=\"http:\/\/www.filharmonia.pl\/\" target=\"_blank\" rel=\"noopener noreferrer\">http:\/\/www.filharmonia.pl<\/a><\/p>\n<p>Orchestre philharmonique polonais de la Baltique \u00ab Fr\u00e9d\u00e9ric Chopin \u00bb : <a href=\"http:\/\/www.filharmonia.gda.pl\/\" target=\"_blank\" rel=\"noopener noreferrer\">http:\/\/www.filharmonia.gda.pl<\/a><\/p>\n<p>Orchestre philharmonique \u00ab Karol Szymanowski \u00bb de Cracovie : <a href=\"http:\/\/www.filharmonia.krakow.pl\/\" target=\"_blank\" rel=\"noopener noreferrer\">http:\/\/www.filharmonia.krakow.pl<\/a><\/p>\n<p>\u00abOp\u00e9ra cracovien\u00bb de Cracovie : <a href=\"http:\/\/www.opera.krakow.pl\/\" target=\"_blank\" rel=\"noopener noreferrer\">http:\/\/www.opera.krakow.pl<\/a><\/p>\n<p>Orchestre philharmonique \u00ab Tadeusz Szeligowski \u00bb de Pozna\u0144 : <a href=\"http:\/\/www.filharmonia.poznan.pl\/\" target=\"_blank\" rel=\"noopener noreferrer\">http:\/\/www.filharmonia.poznan.pl<\/a><\/p>\n<p>\u00a0<\/p>\n<p><br \/><strong>Cin\u00e9ma<\/strong><br \/><br \/>Festival du film polonais de fiction de Gdynia : <a href=\"http:\/\/www.fpff.pl\/\" target=\"_blank\" rel=\"noopener noreferrer\">http:\/\/www.fpff.pl\/<\/a><\/p>\n<p>Festival international Era Nouveaux horizons : <a href=\"http:\/\/www.enh.pl\/\" target=\"_blank\" rel=\"noopener noreferrer\">http:\/\/www.enh.pl\/<\/a><\/p>\n<p>Festival du film de Varsovie : <a href=\"http:\/\/wff.pl\/\" target=\"_blank\" rel=\"noopener noreferrer\">http:\/\/wff.pl\/<\/a><\/p>\n<p>\u00a0<\/p>\n<p><br \/><br \/><strong>Arts visuels<\/strong><br \/><br \/>Mus\u00e9e national de Varsovie : <a href=\"http:\/\/www.mnw.art.pl\/\" target=\"_blank\" rel=\"noopener noreferrer\">http:\/\/www.mnw.art.pl<\/a><\/p>\n<p>Mus\u00e9e national de Cracovie : <a href=\"http:\/\/www.muzeum.krakow.pl\/\" target=\"_blank\" rel=\"noopener noreferrer\">http:\/\/www.muzeum.krakow.pl<\/a><\/p>\n<p>Mus\u00e9e national de Wroclaw : <a href=\"http:\/\/www.mnwr.art.pl\/\" target=\"_blank\" rel=\"noopener noreferrer\">http:\/\/www.mnwr.art.pl<\/a><\/p>\n<p>Galerie nationale d&#8217;Art \u00ab Zach\u0119ta \u00bb de Varsovie : <a href=\"http:\/\/www.zacheta.art.pl\/\" target=\"_blank\" rel=\"noopener noreferrer\">http:\/\/www.zacheta.art.pl<\/a><\/p>\n<p>Centre d&#8217;Art contemporain \u00ab Ch\u00e2teau Ujazdowski \u00bb de Varsovie : <a href=\"http:\/\/www.csw.art.pl\/\" target=\"_blank\" rel=\"noopener noreferrer\">http:\/\/www.csw.art.pl<\/a><\/p>\n<p>Centre d&#8217;Art contemporain de Toru\u0144 : <a href=\"http:\/\/www.csw.torun.pl\/\" target=\"_blank\" rel=\"noopener noreferrer\">http:\/\/www.csw.torun.pl<\/a><\/p>\n<p>Galerie \u00ab Arsenal \u00bb de Bialystok : <a href=\"http:\/\/www.galeria-arsenal.pl\/\" target=\"_blank\" rel=\"noopener noreferrer\">http:\/\/www.galeria-arsenal.pl<\/a><\/p>\n<p>\u00abBunker de l&#8217;Art\u00bb de Cracovie : <a href=\"http:\/\/www.bunkier.art.pl\/\" target=\"_blank\" rel=\"noopener noreferrer\">http:\/\/www.bunkier.art.pl<\/a><\/p>\n<p>Centre d&#8217;Art contemporain \u00ab \u0141a\u017ania \u00bb de Gdansk : <a href=\"http:\/\/www.laznia.pl\/\" target=\"_blank\" rel=\"noopener noreferrer\">http:\/\/www.laznia.pl<\/a><\/p>\n<p>T\u00e9l\u00e9 magazine : <a href=\"http:\/\/www.tlmagazine.com\/\" target=\"_blank\" rel=\"noopener noreferrer\">http:\/\/www.tlmagazine.com<\/a><\/p>\n<p>\u00a0<\/p>\n<p><br \/><br \/><strong>Etudier en Pologne <\/strong><br \/><br \/>Programme &#8222;Ready, Study, Go! Poland&#8221; : <a href=\"http:\/\/www.go-poland.pl\/\" target=\"_blank\" rel=\"noopener noreferrer\">http:\/\/www.go-poland.pl<\/a><\/p>\n","protected":false},"excerpt":{"rendered":"<p>Nos partenaires Ville de Paris : www.international.paris.fr Institutions de promotion de la culture polonaise Portail officiel de promotion de la Pologne : www.poland.gov.pl Institut d\u2019Adam Mickiewicz : http:\/\/www.iam.pl\/pl\/site\/ Centre culturel international de Cracovie : http:\/\/www.mck.krakow.pl Institut national de l&#8217;Audiovisuel : http:\/\/www.nina.gov.pl Institut du Livre \u00e0 Cracovie : http:\/\/www.instytutksiazki.pl\/ Institut polonais d&#8217;art cin\u00e9matographique : http:\/\/www.pisf.pl Filmoth\u00e8que [&hellip;]<\/p>\n","protected":false},"author":1,"featured_media":0,"parent":0,"menu_order":0,"comment_status":"closed","ping_status":"closed","template":"","meta":{"inline_featured_image":false,"_monsterinsights_skip_tracking":false,"_monsterinsights_sitenote_active":false,"_monsterinsights_sitenote_note":"","_monsterinsights_sitenote_category":0,"footnotes":""},"class_list":["post-162","page","type-page","status-publish","hentry"],"yoast_head":"<!-- This site is optimized with the Yoast SEO plugin v24.6 - https:\/\/yoast.com\/wordpress\/plugins\/seo\/ -->\n<title>Pologne - Instytut Polski w Pary\u017cu<\/title>\n<meta name=\"robots\" content=\"index, follow, max-snippet:-1, max-image-preview:large, max-video-preview:-1\" \/>\n<link rel=\"canonical\" href=\"https:\/\/instytutpolski.pl\/paris\/pologne\/\" \/>\n<meta property=\"og:locale\" content=\"pl_PL\" \/>\n<meta property=\"og:type\" content=\"article\" \/>\n<meta property=\"og:title\" content=\"Pologne - Instytut Polski w Pary\u017cu\" \/>\n<meta property=\"og:description\" content=\"Nos partenaires Ville de Paris : www.international.paris.fr Institutions de promotion de la culture polonaise Portail officiel de promotion de la Pologne : www.poland.gov.pl Institut d\u2019Adam Mickiewicz : http:\/\/www.iam.pl\/pl\/site\/ Centre culturel international de Cracovie : http:\/\/www.mck.krakow.pl Institut national de l&#8217;Audiovisuel : http:\/\/www.nina.gov.pl Institut du Livre \u00e0 Cracovie : http:\/\/www.instytutksiazki.pl\/ Institut polonais d&#8217;art cin\u00e9matographique : http:\/\/www.pisf.pl Filmoth\u00e8que [&hellip;]\" \/>\n<meta property=\"og:url\" content=\"https:\/\/instytutpolski.pl\/paris\/pologne\/\" \/>\n<meta property=\"og:site_name\" content=\"Instytut Polski w Pary\u017cu\" \/>\n<meta property=\"article:modified_time\" content=\"2019-05-31T12:48:12+00:00\" \/>\n<meta name=\"twitter:card\" content=\"summary_large_image\" \/>\n<meta name=\"twitter:label1\" content=\"Szacowany czas czytania\" \/>\n\t<meta name=\"twitter:data1\" content=\"4 minuty\" \/>\n<script type=\"application\/ld+json\" class=\"yoast-schema-graph\">{\"@context\":\"https:\/\/schema.org\",\"@graph\":[{\"@type\":\"WebPage\",\"@id\":\"https:\/\/instytutpolski.pl\/paris\/pologne\/\",\"url\":\"https:\/\/instytutpolski.pl\/paris\/pologne\/\",\"name\":\"Pologne - Instytut Polski w Pary\u017cu\",\"isPartOf\":{\"@id\":\"https:\/\/instytutpolski.pl\/paris\/#website\"},\"datePublished\":\"2019-05-28T13:23:59+00:00\",\"dateModified\":\"2019-05-31T12:48:12+00:00\",\"breadcrumb\":{\"@id\":\"https:\/\/instytutpolski.pl\/paris\/pologne\/#breadcrumb\"},\"inLanguage\":\"pl-PL\",\"potentialAction\":[{\"@type\":\"ReadAction\",\"target\":[\"https:\/\/instytutpolski.pl\/paris\/pologne\/\"]}]},{\"@type\":\"BreadcrumbList\",\"@id\":\"https:\/\/instytutpolski.pl\/paris\/pologne\/#breadcrumb\",\"itemListElement\":[{\"@type\":\"ListItem\",\"position\":1,\"name\":\"Home\",\"item\":\"https:\/\/instytutpolski.pl\/paris\/\"},{\"@type\":\"ListItem\",\"position\":2,\"name\":\"Pologne\"}]},{\"@type\":\"WebSite\",\"@id\":\"https:\/\/instytutpolski.pl\/paris\/#website\",\"url\":\"https:\/\/instytutpolski.pl\/paris\/\",\"name\":\"Instytut Polski w Pary\u017cu\",\"description\":\"Instytuty Polskie\",\"potentialAction\":[{\"@type\":\"SearchAction\",\"target\":{\"@type\":\"EntryPoint\",\"urlTemplate\":\"https:\/\/instytutpolski.pl\/paris\/?s={search_term_string}\"},\"query-input\":{\"@type\":\"PropertyValueSpecification\",\"valueRequired\":true,\"valueName\":\"search_term_string\"}}],\"inLanguage\":\"pl-PL\"}]}<\/script>\n<!-- \/ Yoast SEO plugin. -->","yoast_head_json":{"title":"Pologne - Instytut Polski w Pary\u017cu","robots":{"index":"index","follow":"follow","max-snippet":"max-snippet:-1","max-image-preview":"max-image-preview:large","max-video-preview":"max-video-preview:-1"},"canonical":"https:\/\/instytutpolski.pl\/paris\/pologne\/","og_locale":"pl_PL","og_type":"article","og_title":"Pologne - Instytut Polski w Pary\u017cu","og_description":"Nos partenaires Ville de Paris : www.international.paris.fr Institutions de promotion de la culture polonaise Portail officiel de promotion de la Pologne : www.poland.gov.pl Institut d\u2019Adam Mickiewicz : http:\/\/www.iam.pl\/pl\/site\/ Centre culturel international de Cracovie : http:\/\/www.mck.krakow.pl Institut national de l&#8217;Audiovisuel : http:\/\/www.nina.gov.pl Institut du Livre \u00e0 Cracovie : http:\/\/www.instytutksiazki.pl\/ Institut polonais d&#8217;art cin\u00e9matographique : http:\/\/www.pisf.pl Filmoth\u00e8que [&hellip;]","og_url":"https:\/\/instytutpolski.pl\/paris\/pologne\/","og_site_name":"Instytut Polski w Pary\u017cu","article_modified_time":"2019-05-31T12:48:12+00:00","twitter_card":"summary_large_image","twitter_misc":{"Szacowany czas czytania":"4 minuty"},"schema":{"@context":"https:\/\/schema.org","@graph":[{"@type":"WebPage","@id":"https:\/\/instytutpolski.pl\/paris\/pologne\/","url":"https:\/\/instytutpolski.pl\/paris\/pologne\/","name":"Pologne - Instytut Polski w Pary\u017cu","isPartOf":{"@id":"https:\/\/instytutpolski.pl\/paris\/#website"},"datePublished":"2019-05-28T13:23:59+00:00","dateModified":"2019-05-31T12:48:12+00:00","breadcrumb":{"@id":"https:\/\/instytutpolski.pl\/paris\/pologne\/#breadcrumb"},"inLanguage":"pl-PL","potentialAction":[{"@type":"ReadAction","target":["https:\/\/instytutpolski.pl\/paris\/pologne\/"]}]},{"@type":"BreadcrumbList","@id":"https:\/\/instytutpolski.pl\/paris\/pologne\/#breadcrumb","itemListElement":[{"@type":"ListItem","position":1,"name":"Home","item":"https:\/\/instytutpolski.pl\/paris\/"},{"@type":"ListItem","position":2,"name":"Pologne"}]},{"@type":"WebSite","@id":"https:\/\/instytutpolski.pl\/paris\/#website","url":"https:\/\/instytutpolski.pl\/paris\/","name":"Instytut Polski w Pary\u017cu","description":"Instytuty Polskie","potentialAction":[{"@type":"SearchAction","target":{"@type":"EntryPoint","urlTemplate":"https:\/\/instytutpolski.pl\/paris\/?s={search_term_string}"},"query-input":{"@type":"PropertyValueSpecification","valueRequired":true,"valueName":"search_term_string"}}],"inLanguage":"pl-PL"}]}},"_links":{"self":[{"href":"https:\/\/instytutpolski.pl\/paris\/wp-json\/wp\/v2\/pages\/162","targetHints":{"allow":["GET"]}}],"collection":[{"href":"https:\/\/instytutpolski.pl\/paris\/wp-json\/wp\/v2\/pages"}],"about":[{"href":"https:\/\/instytutpolski.pl\/paris\/wp-json\/wp\/v2\/types\/page"}],"author":[{"embeddable":true,"href":"https:\/\/instytutpolski.pl\/paris\/wp-json\/wp\/v2\/users\/1"}],"replies":[{"embeddable":true,"href":"https:\/\/instytutpolski.pl\/paris\/wp-json\/wp\/v2\/comments?post=162"}],"version-history":[{"count":3,"href":"https:\/\/instytutpolski.pl\/paris\/wp-json\/wp\/v2\/pages\/162\/revisions"}],"predecessor-version":[{"id":356,"href":"https:\/\/instytutpolski.pl\/paris\/wp-json\/wp\/v2\/pages\/162\/revisions\/356"}],"wp:attachment":[{"href":"https:\/\/instytutpolski.pl\/paris\/wp-json\/wp\/v2\/media?parent=162"}],"curies":[{"name":"wp","href":"https:\/\/api.w.org\/{rel}","templated":true}]}}