{"id":164,"date":"2019-05-28T15:24:10","date_gmt":"2019-05-28T13:24:10","guid":{"rendered":"https:\/\/instytutpolski.pl\/paryz\/?page_id=164"},"modified":"2021-08-02T13:33:34","modified_gmt":"2021-08-02T11:33:34","slug":"contact","status":"publish","type":"page","link":"https:\/\/instytutpolski.pl\/paris\/contact\/","title":{"rendered":"contact"},"content":{"rendered":"\n<p>Actuellement le b\u00e2timent de l\u2019Institut Polonais fait l\u2019objet de la proc\u00e9dure visant \u00e0 la future r\u00e9ouverture au public, tous nos \u00e9v\u00e9nements ont lieu&nbsp;<strong>hors les murs<\/strong> et la culture polonaise re\u00e7oit de plus beaux \u00e9chos dans de prestigieuses salles de concert, de spectacle ou de conf\u00e9rence \u00e0 travers toute la France.<\/p>\n\n\n\n<p><br>Institut Polonais<br>31 rue Jean Goujon<br>75008 Paris<br><br>Bureaux de l&#8217;Institut Polonais&nbsp;<br>du lundi au vendredi :<br>9h &#8211; 17h<\/p>\n\n\n\n<p>Sur RDV uniquement<br><br>t\u00e9l. : 00 33 (0) 1 53 93 90 10<br><br><a href=\"mailto:paris.info@instytutpolski.org\">paris.info@instytutpolski.pl<\/a><\/p>\n","protected":false},"excerpt":{"rendered":"<p>Actuellement le b\u00e2timent de l\u2019Institut Polonais fait l\u2019objet de la proc\u00e9dure visant \u00e0 la future r\u00e9ouverture au public, tous nos \u00e9v\u00e9nements ont lieu&nbsp;hors les murs et la culture polonaise re\u00e7oit de plus beaux \u00e9chos dans de prestigieuses salles de concert, de spectacle ou de conf\u00e9rence \u00e0 travers toute la France. Institut Polonais31 rue Jean Goujon75008 [&hellip;]<\/p>\n","protected":false},"author":1,"featured_media":0,"parent":0,"menu_order":0,"comment_status":"closed","ping_status":"closed","template":"","meta":{"inline_featured_image":false,"_monsterinsights_skip_tracking":false,"_monsterinsights_sitenote_active":false,"_monsterinsights_sitenote_note":"","_monsterinsights_sitenote_category":0,"footnotes":""},"class_list":["post-164","page","type-page","status-publish","hentry"],"yoast_head":"<!-- This site is optimized with the Yoast SEO plugin v24.6 - https:\/\/yoast.com\/wordpress\/plugins\/seo\/ -->\n<title>contact - Instytut Polski w Pary\u017cu<\/title>\n<meta name=\"robots\" content=\"index, follow, max-snippet:-1, max-image-preview:large, max-video-preview:-1\" \/>\n<link rel=\"canonical\" href=\"https:\/\/instytutpolski.pl\/paris\/contact\/\" \/>\n<meta property=\"og:locale\" content=\"pl_PL\" \/>\n<meta property=\"og:type\" content=\"article\" \/>\n<meta property=\"og:title\" content=\"contact - Instytut Polski w Pary\u017cu\" \/>\n<meta property=\"og:description\" content=\"Actuellement le b\u00e2timent de l\u2019Institut Polonais fait l\u2019objet de la proc\u00e9dure visant \u00e0 la future r\u00e9ouverture au public, tous nos \u00e9v\u00e9nements ont lieu&nbsp;hors les murs et la culture polonaise re\u00e7oit de plus beaux \u00e9chos dans de prestigieuses salles de concert, de spectacle ou de conf\u00e9rence \u00e0 travers toute la France. Institut Polonais31 rue Jean Goujon75008 [&hellip;]\" \/>\n<meta property=\"og:url\" content=\"https:\/\/instytutpolski.pl\/paris\/contact\/\" \/>\n<meta property=\"og:site_name\" content=\"Instytut Polski w Pary\u017cu\" \/>\n<meta property=\"article:modified_time\" content=\"2021-08-02T11:33:34+00:00\" \/>\n<meta name=\"twitter:card\" content=\"summary_large_image\" \/>\n<script type=\"application\/ld+json\" class=\"yoast-schema-graph\">{\"@context\":\"https:\/\/schema.org\",\"@graph\":[{\"@type\":\"WebPage\",\"@id\":\"https:\/\/instytutpolski.pl\/paris\/contact\/\",\"url\":\"https:\/\/instytutpolski.pl\/paris\/contact\/\",\"name\":\"contact - Instytut Polski w Pary\u017cu\",\"isPartOf\":{\"@id\":\"https:\/\/instytutpolski.pl\/paris\/#website\"},\"datePublished\":\"2019-05-28T13:24:10+00:00\",\"dateModified\":\"2021-08-02T11:33:34+00:00\",\"breadcrumb\":{\"@id\":\"https:\/\/instytutpolski.pl\/paris\/contact\/#breadcrumb\"},\"inLanguage\":\"pl-PL\",\"potentialAction\":[{\"@type\":\"ReadAction\",\"target\":[\"https:\/\/instytutpolski.pl\/paris\/contact\/\"]}]},{\"@type\":\"BreadcrumbList\",\"@id\":\"https:\/\/instytutpolski.pl\/paris\/contact\/#breadcrumb\",\"itemListElement\":[{\"@type\":\"ListItem\",\"position\":1,\"name\":\"Home\",\"item\":\"https:\/\/instytutpolski.pl\/paris\/\"},{\"@type\":\"ListItem\",\"position\":2,\"name\":\"contact\"}]},{\"@type\":\"WebSite\",\"@id\":\"https:\/\/instytutpolski.pl\/paris\/#website\",\"url\":\"https:\/\/instytutpolski.pl\/paris\/\",\"name\":\"Instytut Polski w Pary\u017cu\",\"description\":\"Instytuty Polskie\",\"potentialAction\":[{\"@type\":\"SearchAction\",\"target\":{\"@type\":\"EntryPoint\",\"urlTemplate\":\"https:\/\/instytutpolski.pl\/paris\/?s={search_term_string}\"},\"query-input\":{\"@type\":\"PropertyValueSpecification\",\"valueRequired\":true,\"valueName\":\"search_term_string\"}}],\"inLanguage\":\"pl-PL\"}]}<\/script>\n<!-- \/ Yoast SEO plugin. -->","yoast_head_json":{"title":"contact - Instytut Polski w Pary\u017cu","robots":{"index":"index","follow":"follow","max-snippet":"max-snippet:-1","max-image-preview":"max-image-preview:large","max-video-preview":"max-video-preview:-1"},"canonical":"https:\/\/instytutpolski.pl\/paris\/contact\/","og_locale":"pl_PL","og_type":"article","og_title":"contact - Instytut Polski w Pary\u017cu","og_description":"Actuellement le b\u00e2timent de l\u2019Institut Polonais fait l\u2019objet de la proc\u00e9dure visant \u00e0 la future r\u00e9ouverture au public, tous nos \u00e9v\u00e9nements ont lieu&nbsp;hors les murs et la culture polonaise re\u00e7oit de plus beaux \u00e9chos dans de prestigieuses salles de concert, de spectacle ou de conf\u00e9rence \u00e0 travers toute la France. Institut Polonais31 rue Jean Goujon75008 [&hellip;]","og_url":"https:\/\/instytutpolski.pl\/paris\/contact\/","og_site_name":"Instytut Polski w Pary\u017cu","article_modified_time":"2021-08-02T11:33:34+00:00","twitter_card":"summary_large_image","schema":{"@context":"https:\/\/schema.org","@graph":[{"@type":"WebPage","@id":"https:\/\/instytutpolski.pl\/paris\/contact\/","url":"https:\/\/instytutpolski.pl\/paris\/contact\/","name":"contact - Instytut Polski w Pary\u017cu","isPartOf":{"@id":"https:\/\/instytutpolski.pl\/paris\/#website"},"datePublished":"2019-05-28T13:24:10+00:00","dateModified":"2021-08-02T11:33:34+00:00","breadcrumb":{"@id":"https:\/\/instytutpolski.pl\/paris\/contact\/#breadcrumb"},"inLanguage":"pl-PL","potentialAction":[{"@type":"ReadAction","target":["https:\/\/instytutpolski.pl\/paris\/contact\/"]}]},{"@type":"BreadcrumbList","@id":"https:\/\/instytutpolski.pl\/paris\/contact\/#breadcrumb","itemListElement":[{"@type":"ListItem","position":1,"name":"Home","item":"https:\/\/instytutpolski.pl\/paris\/"},{"@type":"ListItem","position":2,"name":"contact"}]},{"@type":"WebSite","@id":"https:\/\/instytutpolski.pl\/paris\/#website","url":"https:\/\/instytutpolski.pl\/paris\/","name":"Instytut Polski w Pary\u017cu","description":"Instytuty Polskie","potentialAction":[{"@type":"SearchAction","target":{"@type":"EntryPoint","urlTemplate":"https:\/\/instytutpolski.pl\/paris\/?s={search_term_string}"},"query-input":{"@type":"PropertyValueSpecification","valueRequired":true,"valueName":"search_term_string"}}],"inLanguage":"pl-PL"}]}},"_links":{"self":[{"href":"https:\/\/instytutpolski.pl\/paris\/wp-json\/wp\/v2\/pages\/164","targetHints":{"allow":["GET"]}}],"collection":[{"href":"https:\/\/instytutpolski.pl\/paris\/wp-json\/wp\/v2\/pages"}],"about":[{"href":"https:\/\/instytutpolski.pl\/paris\/wp-json\/wp\/v2\/types\/page"}],"author":[{"embeddable":true,"href":"https:\/\/instytutpolski.pl\/paris\/wp-json\/wp\/v2\/users\/1"}],"replies":[{"embeddable":true,"href":"https:\/\/instytutpolski.pl\/paris\/wp-json\/wp\/v2\/comments?post=164"}],"version-history":[{"count":4,"href":"https:\/\/instytutpolski.pl\/paris\/wp-json\/wp\/v2\/pages\/164\/revisions"}],"predecessor-version":[{"id":2821,"href":"https:\/\/instytutpolski.pl\/paris\/wp-json\/wp\/v2\/pages\/164\/revisions\/2821"}],"wp:attachment":[{"href":"https:\/\/instytutpolski.pl\/paris\/wp-json\/wp\/v2\/media?parent=164"}],"curies":[{"name":"wp","href":"https:\/\/api.w.org\/{rel}","templated":true}]}}