{"id":256,"date":"2019-05-30T08:52:15","date_gmt":"2019-05-30T06:52:15","guid":{"rendered":"https:\/\/instytutpolski.pl\/paryz\/?page_id=256"},"modified":"2019-05-30T08:52:16","modified_gmt":"2019-05-30T06:52:16","slug":"informations-generales","status":"publish","type":"page","link":"https:\/\/instytutpolski.pl\/paris\/informations-generales\/","title":{"rendered":"informations g\u00e9n\u00e9rales"},"content":{"rendered":"\n<h1>\u00a0<\/h1>\n<h2>Culture en Pologne<\/h2>\n<p><br \/>Culture.pl, le site internet cr\u00e9\u00e9 en 2001 par l\u2019Institut d\u2019Adam Mickiewicz \u00e0 Varsovie, vous permettra de vous tenir au courant de l\u2019actualit\u00e9 de la culture polonaise dans le monde entier.<br \/><br \/>Par ailleurs, vous y trouverez une riche base des biographies d\u2019artistes, d\u2019auteurs ou encore de cin\u00e9astes.\u00a0<br \/><br \/>Pour plus d\u2019informations sur l\u2019actualit\u00e9 de la culture polonaise, consultez :\u00a0<a href=\"http:\/\/www.culture.pl\/en\/culture\/\">www.culture.pl\/en\/culture\/<\/a><\/p>\n<h2>Visiter la Pologne<\/h2>\n<p>Vous ne connaissez pas encore la Pologne?<br \/>L\u2019Organisation Polonaise de Tourisme de Paris vous aidera \u00e0 planifier votre voyage.<br \/><br \/>Office National Polonais de Tourisme<br \/>10, rue Saint-Augustin\u00a0<br \/>75002 Paris<br \/>tel.\u00a0\u00a0 (33) 1 42 44 19 00<br \/>fax.\u00a0 (33) 1 42 97 52 25\u00a0<br \/><a href=\"mailto:paris@pot.gov.pl\">paris@pot.gov.pl<\/a><br \/><br \/>Directeur : Tomasz RUDOMINO<br \/><br \/>Pour plus d\u2019informations concernant le tourisme en Pologne, consultez :\u00a0<a href=\"http:\/\/www.pologne.travel\/fr\/\">www.pologne.travel\/fr\/<\/a><\/p>\n","protected":false},"excerpt":{"rendered":"<p>\u00a0 Culture en Pologne Culture.pl, le site internet cr\u00e9\u00e9 en 2001 par l\u2019Institut d\u2019Adam Mickiewicz \u00e0 Varsovie, vous permettra de vous tenir au courant de l\u2019actualit\u00e9 de la culture polonaise dans le monde entier. Par ailleurs, vous y trouverez une riche base des biographies d\u2019artistes, d\u2019auteurs ou encore de cin\u00e9astes.\u00a0 Pour plus d\u2019informations sur l\u2019actualit\u00e9 [&hellip;]<\/p>\n","protected":false},"author":1,"featured_media":0,"parent":0,"menu_order":0,"comment_status":"closed","ping_status":"closed","template":"","meta":{"inline_featured_image":false,"_monsterinsights_skip_tracking":false,"_monsterinsights_sitenote_active":false,"_monsterinsights_sitenote_note":"","_monsterinsights_sitenote_category":0,"footnotes":""},"class_list":["post-256","page","type-page","status-publish","hentry"],"yoast_head":"<!-- This site is optimized with the Yoast SEO plugin v24.6 - https:\/\/yoast.com\/wordpress\/plugins\/seo\/ -->\n<title>informations g\u00e9n\u00e9rales - Instytut Polski w Pary\u017cu<\/title>\n<meta name=\"robots\" content=\"index, follow, max-snippet:-1, max-image-preview:large, max-video-preview:-1\" \/>\n<link rel=\"canonical\" href=\"https:\/\/instytutpolski.pl\/paris\/informations-generales\/\" \/>\n<meta property=\"og:locale\" content=\"pl_PL\" \/>\n<meta property=\"og:type\" content=\"article\" \/>\n<meta property=\"og:title\" content=\"informations g\u00e9n\u00e9rales - Instytut Polski w Pary\u017cu\" \/>\n<meta property=\"og:description\" content=\"\u00a0 Culture en Pologne Culture.pl, le site internet cr\u00e9\u00e9 en 2001 par l\u2019Institut d\u2019Adam Mickiewicz \u00e0 Varsovie, vous permettra de vous tenir au courant de l\u2019actualit\u00e9 de la culture polonaise dans le monde entier. Par ailleurs, vous y trouverez une riche base des biographies d\u2019artistes, d\u2019auteurs ou encore de cin\u00e9astes.\u00a0 Pour plus d\u2019informations sur l\u2019actualit\u00e9 [&hellip;]\" \/>\n<meta property=\"og:url\" content=\"https:\/\/instytutpolski.pl\/paris\/informations-generales\/\" \/>\n<meta property=\"og:site_name\" content=\"Instytut Polski w Pary\u017cu\" \/>\n<meta property=\"article:modified_time\" content=\"2019-05-30T06:52:16+00:00\" \/>\n<meta name=\"twitter:card\" content=\"summary_large_image\" \/>\n<meta name=\"twitter:label1\" content=\"Szacowany czas czytania\" \/>\n\t<meta name=\"twitter:data1\" content=\"1 minuta\" \/>\n<script type=\"application\/ld+json\" class=\"yoast-schema-graph\">{\"@context\":\"https:\/\/schema.org\",\"@graph\":[{\"@type\":\"WebPage\",\"@id\":\"https:\/\/instytutpolski.pl\/paris\/informations-generales\/\",\"url\":\"https:\/\/instytutpolski.pl\/paris\/informations-generales\/\",\"name\":\"informations g\u00e9n\u00e9rales - Instytut Polski w Pary\u017cu\",\"isPartOf\":{\"@id\":\"https:\/\/instytutpolski.pl\/paris\/#website\"},\"datePublished\":\"2019-05-30T06:52:15+00:00\",\"dateModified\":\"2019-05-30T06:52:16+00:00\",\"breadcrumb\":{\"@id\":\"https:\/\/instytutpolski.pl\/paris\/informations-generales\/#breadcrumb\"},\"inLanguage\":\"pl-PL\",\"potentialAction\":[{\"@type\":\"ReadAction\",\"target\":[\"https:\/\/instytutpolski.pl\/paris\/informations-generales\/\"]}]},{\"@type\":\"BreadcrumbList\",\"@id\":\"https:\/\/instytutpolski.pl\/paris\/informations-generales\/#breadcrumb\",\"itemListElement\":[{\"@type\":\"ListItem\",\"position\":1,\"name\":\"Home\",\"item\":\"https:\/\/instytutpolski.pl\/paris\/\"},{\"@type\":\"ListItem\",\"position\":2,\"name\":\"informations g\u00e9n\u00e9rales\"}]},{\"@type\":\"WebSite\",\"@id\":\"https:\/\/instytutpolski.pl\/paris\/#website\",\"url\":\"https:\/\/instytutpolski.pl\/paris\/\",\"name\":\"Instytut Polski w Pary\u017cu\",\"description\":\"Instytuty Polskie\",\"potentialAction\":[{\"@type\":\"SearchAction\",\"target\":{\"@type\":\"EntryPoint\",\"urlTemplate\":\"https:\/\/instytutpolski.pl\/paris\/?s={search_term_string}\"},\"query-input\":{\"@type\":\"PropertyValueSpecification\",\"valueRequired\":true,\"valueName\":\"search_term_string\"}}],\"inLanguage\":\"pl-PL\"}]}<\/script>\n<!-- \/ Yoast SEO plugin. -->","yoast_head_json":{"title":"informations g\u00e9n\u00e9rales - Instytut Polski w Pary\u017cu","robots":{"index":"index","follow":"follow","max-snippet":"max-snippet:-1","max-image-preview":"max-image-preview:large","max-video-preview":"max-video-preview:-1"},"canonical":"https:\/\/instytutpolski.pl\/paris\/informations-generales\/","og_locale":"pl_PL","og_type":"article","og_title":"informations g\u00e9n\u00e9rales - Instytut Polski w Pary\u017cu","og_description":"\u00a0 Culture en Pologne Culture.pl, le site internet cr\u00e9\u00e9 en 2001 par l\u2019Institut d\u2019Adam Mickiewicz \u00e0 Varsovie, vous permettra de vous tenir au courant de l\u2019actualit\u00e9 de la culture polonaise dans le monde entier. Par ailleurs, vous y trouverez une riche base des biographies d\u2019artistes, d\u2019auteurs ou encore de cin\u00e9astes.\u00a0 Pour plus d\u2019informations sur l\u2019actualit\u00e9 [&hellip;]","og_url":"https:\/\/instytutpolski.pl\/paris\/informations-generales\/","og_site_name":"Instytut Polski w Pary\u017cu","article_modified_time":"2019-05-30T06:52:16+00:00","twitter_card":"summary_large_image","twitter_misc":{"Szacowany czas czytania":"1 minuta"},"schema":{"@context":"https:\/\/schema.org","@graph":[{"@type":"WebPage","@id":"https:\/\/instytutpolski.pl\/paris\/informations-generales\/","url":"https:\/\/instytutpolski.pl\/paris\/informations-generales\/","name":"informations g\u00e9n\u00e9rales - Instytut Polski w Pary\u017cu","isPartOf":{"@id":"https:\/\/instytutpolski.pl\/paris\/#website"},"datePublished":"2019-05-30T06:52:15+00:00","dateModified":"2019-05-30T06:52:16+00:00","breadcrumb":{"@id":"https:\/\/instytutpolski.pl\/paris\/informations-generales\/#breadcrumb"},"inLanguage":"pl-PL","potentialAction":[{"@type":"ReadAction","target":["https:\/\/instytutpolski.pl\/paris\/informations-generales\/"]}]},{"@type":"BreadcrumbList","@id":"https:\/\/instytutpolski.pl\/paris\/informations-generales\/#breadcrumb","itemListElement":[{"@type":"ListItem","position":1,"name":"Home","item":"https:\/\/instytutpolski.pl\/paris\/"},{"@type":"ListItem","position":2,"name":"informations g\u00e9n\u00e9rales"}]},{"@type":"WebSite","@id":"https:\/\/instytutpolski.pl\/paris\/#website","url":"https:\/\/instytutpolski.pl\/paris\/","name":"Instytut Polski w Pary\u017cu","description":"Instytuty Polskie","potentialAction":[{"@type":"SearchAction","target":{"@type":"EntryPoint","urlTemplate":"https:\/\/instytutpolski.pl\/paris\/?s={search_term_string}"},"query-input":{"@type":"PropertyValueSpecification","valueRequired":true,"valueName":"search_term_string"}}],"inLanguage":"pl-PL"}]}},"_links":{"self":[{"href":"https:\/\/instytutpolski.pl\/paris\/wp-json\/wp\/v2\/pages\/256","targetHints":{"allow":["GET"]}}],"collection":[{"href":"https:\/\/instytutpolski.pl\/paris\/wp-json\/wp\/v2\/pages"}],"about":[{"href":"https:\/\/instytutpolski.pl\/paris\/wp-json\/wp\/v2\/types\/page"}],"author":[{"embeddable":true,"href":"https:\/\/instytutpolski.pl\/paris\/wp-json\/wp\/v2\/users\/1"}],"replies":[{"embeddable":true,"href":"https:\/\/instytutpolski.pl\/paris\/wp-json\/wp\/v2\/comments?post=256"}],"version-history":[{"count":1,"href":"https:\/\/instytutpolski.pl\/paris\/wp-json\/wp\/v2\/pages\/256\/revisions"}],"predecessor-version":[{"id":257,"href":"https:\/\/instytutpolski.pl\/paris\/wp-json\/wp\/v2\/pages\/256\/revisions\/257"}],"wp:attachment":[{"href":"https:\/\/instytutpolski.pl\/paris\/wp-json\/wp\/v2\/media?parent=256"}],"curies":[{"name":"wp","href":"https:\/\/api.w.org\/{rel}","templated":true}]}}