{"id":258,"date":"2019-05-30T08:53:31","date_gmt":"2019-05-30T06:53:31","guid":{"rendered":"https:\/\/instytutpolski.pl\/paryz\/?page_id=258"},"modified":"2019-05-30T08:53:31","modified_gmt":"2019-05-30T06:53:31","slug":"langue","status":"publish","type":"page","link":"https:\/\/instytutpolski.pl\/paris\/langue\/","title":{"rendered":"langue"},"content":{"rendered":"\n<h1>\u00a0<\/h1>\n<p>Le\u00a0<a class=\"_58cn\" href=\"https:\/\/www.facebook.com\/hashtag\/polonais?source=feed_text\" data-ft=\"{&quot;tn&quot;:&quot;*N&quot;,&quot;type&quot;:104}\"><span class=\"_5afx\"><span class=\"_58cl _5afz\">#<\/span><span class=\"_58cm\">polonais<\/span><\/span><\/a>\u00a0est une langue parl\u00e9e par environ 50 millions pers<span class=\"text_exposed_show\">onnes dans le monde, ce qui la classifie en 26e (selon Ethnologue) ou en 30e (selon Nationalencyklopedin) position parmi les langues les plus parl\u00e9es dans le monde.<\/span><\/p>\n<p>Le polonais est une langue jug\u00e9e difficile \u00e0 apprendre, ce qui est, bien \u00e9videmment, compl\u00e8tement faux. Rappel des bases : c&#8217;est une langue qui a adapt\u00e9 l&#8217;alphabet latin, \u00e0 l&#8217;accent tonique (stable), \u00e0 trois temps grammaticaux seulement, qui contient un certain nombre des mots d&#8217;origine \u00e9trang\u00e8re (komputer, lampa, papryka, kino, internet, tramwaj), dont fran\u00e7aise (interesuj\u0105cy, administracja, awangarda, parasol, szampan, bilet&#8230;).<\/p>\n<p>Les Fran\u00e7ais qui apprennent la langue polonaise doivent faire attention \u00e0 la prononciation des certains sons qui n&#8217;existent pas dans leur propre langue (p.ex. sz # \u015b \/ cz # \u0107 \/ 'h&#8217; et 'ch&#8217; \/ e # y), et \u00e0 certains aspects de la grammaire (comme par exemple la d\u00e9clinaison ou l&#8217;aspect du verbe), mais tout s&#8217;apprend avec un peu de pratique !<\/p>\n<p>Selon les chercheurs de l&#8217;universit\u00e9 de Bia\u0142ystok, il suffit seulement conna\u00eetre environ 1200 mots les plus usuels pour se d\u00e9brouiller sans probl\u00e8me dans la langue polonaise. Une ann\u00e9e d&#8217;\u00e9tudes (et pour les motiv\u00e9s ou amoureux de la langue &#8211; un semestre) peut suffire pour donner des r\u00e9sultats tr\u00e8s satisfaisants.<\/p>\n<p>Enfin, pour s&#8217;amuser, il reste toujours des phrases impronon\u00e7ables comme &#8222;W Szczebrzeszynie chrz\u0105szcz brzmi w trzcinie&#8221; mais courage ! Ces phrases font transpirer beaucoup de Polonais !<\/p>\n<p><strong>Nous vous invitons \u00e0 d\u00e9couvrir cette page d\u00e9di\u00e9e \u00e0 l&#8217;apprentissage de la langue polonaise. A votre droite vous pourrez d\u00e9couvrir les bonnes adresses, les manuels et les liens li\u00e9s \u00e0 l&#8217;apprentissage de la langue polonaise.<\/strong><\/p>\n","protected":false},"excerpt":{"rendered":"<p>\u00a0 Le\u00a0#polonais\u00a0est une langue parl\u00e9e par environ 50 millions personnes dans le monde, ce qui la classifie en 26e (selon Ethnologue) ou en 30e (selon Nationalencyklopedin) position parmi les langues les plus parl\u00e9es dans le monde. Le polonais est une langue jug\u00e9e difficile \u00e0 apprendre, ce qui est, bien \u00e9videmment, compl\u00e8tement faux. Rappel des bases [&hellip;]<\/p>\n","protected":false},"author":1,"featured_media":0,"parent":0,"menu_order":0,"comment_status":"closed","ping_status":"closed","template":"","meta":{"inline_featured_image":false,"_monsterinsights_skip_tracking":false,"_monsterinsights_sitenote_active":false,"_monsterinsights_sitenote_note":"","_monsterinsights_sitenote_category":0,"footnotes":""},"class_list":["post-258","page","type-page","status-publish","hentry"],"yoast_head":"<!-- This site is optimized with the Yoast SEO plugin v24.6 - https:\/\/yoast.com\/wordpress\/plugins\/seo\/ -->\n<title>langue - Instytut Polski w Pary\u017cu<\/title>\n<meta name=\"robots\" content=\"index, follow, max-snippet:-1, max-image-preview:large, max-video-preview:-1\" \/>\n<link rel=\"canonical\" href=\"https:\/\/instytutpolski.pl\/paris\/langue\/\" \/>\n<meta property=\"og:locale\" content=\"pl_PL\" \/>\n<meta property=\"og:type\" content=\"article\" \/>\n<meta property=\"og:title\" content=\"langue - Instytut Polski w Pary\u017cu\" \/>\n<meta property=\"og:description\" content=\"\u00a0 Le\u00a0#polonais\u00a0est une langue parl\u00e9e par environ 50 millions personnes dans le monde, ce qui la classifie en 26e (selon Ethnologue) ou en 30e (selon Nationalencyklopedin) position parmi les langues les plus parl\u00e9es dans le monde. Le polonais est une langue jug\u00e9e difficile \u00e0 apprendre, ce qui est, bien \u00e9videmment, compl\u00e8tement faux. Rappel des bases [&hellip;]\" \/>\n<meta property=\"og:url\" content=\"https:\/\/instytutpolski.pl\/paris\/langue\/\" \/>\n<meta property=\"og:site_name\" content=\"Instytut Polski w Pary\u017cu\" \/>\n<meta name=\"twitter:card\" content=\"summary_large_image\" \/>\n<meta name=\"twitter:label1\" content=\"Szacowany czas czytania\" \/>\n\t<meta name=\"twitter:data1\" content=\"1 minuta\" \/>\n<script type=\"application\/ld+json\" class=\"yoast-schema-graph\">{\"@context\":\"https:\/\/schema.org\",\"@graph\":[{\"@type\":\"WebPage\",\"@id\":\"https:\/\/instytutpolski.pl\/paris\/langue\/\",\"url\":\"https:\/\/instytutpolski.pl\/paris\/langue\/\",\"name\":\"langue - Instytut Polski w Pary\u017cu\",\"isPartOf\":{\"@id\":\"https:\/\/instytutpolski.pl\/paris\/#website\"},\"datePublished\":\"2019-05-30T06:53:31+00:00\",\"breadcrumb\":{\"@id\":\"https:\/\/instytutpolski.pl\/paris\/langue\/#breadcrumb\"},\"inLanguage\":\"pl-PL\",\"potentialAction\":[{\"@type\":\"ReadAction\",\"target\":[\"https:\/\/instytutpolski.pl\/paris\/langue\/\"]}]},{\"@type\":\"BreadcrumbList\",\"@id\":\"https:\/\/instytutpolski.pl\/paris\/langue\/#breadcrumb\",\"itemListElement\":[{\"@type\":\"ListItem\",\"position\":1,\"name\":\"Home\",\"item\":\"https:\/\/instytutpolski.pl\/paris\/\"},{\"@type\":\"ListItem\",\"position\":2,\"name\":\"langue\"}]},{\"@type\":\"WebSite\",\"@id\":\"https:\/\/instytutpolski.pl\/paris\/#website\",\"url\":\"https:\/\/instytutpolski.pl\/paris\/\",\"name\":\"Instytut Polski w Pary\u017cu\",\"description\":\"Instytuty Polskie\",\"potentialAction\":[{\"@type\":\"SearchAction\",\"target\":{\"@type\":\"EntryPoint\",\"urlTemplate\":\"https:\/\/instytutpolski.pl\/paris\/?s={search_term_string}\"},\"query-input\":{\"@type\":\"PropertyValueSpecification\",\"valueRequired\":true,\"valueName\":\"search_term_string\"}}],\"inLanguage\":\"pl-PL\"}]}<\/script>\n<!-- \/ Yoast SEO plugin. -->","yoast_head_json":{"title":"langue - Instytut Polski w Pary\u017cu","robots":{"index":"index","follow":"follow","max-snippet":"max-snippet:-1","max-image-preview":"max-image-preview:large","max-video-preview":"max-video-preview:-1"},"canonical":"https:\/\/instytutpolski.pl\/paris\/langue\/","og_locale":"pl_PL","og_type":"article","og_title":"langue - Instytut Polski w Pary\u017cu","og_description":"\u00a0 Le\u00a0#polonais\u00a0est une langue parl\u00e9e par environ 50 millions personnes dans le monde, ce qui la classifie en 26e (selon Ethnologue) ou en 30e (selon Nationalencyklopedin) position parmi les langues les plus parl\u00e9es dans le monde. Le polonais est une langue jug\u00e9e difficile \u00e0 apprendre, ce qui est, bien \u00e9videmment, compl\u00e8tement faux. Rappel des bases [&hellip;]","og_url":"https:\/\/instytutpolski.pl\/paris\/langue\/","og_site_name":"Instytut Polski w Pary\u017cu","twitter_card":"summary_large_image","twitter_misc":{"Szacowany czas czytania":"1 minuta"},"schema":{"@context":"https:\/\/schema.org","@graph":[{"@type":"WebPage","@id":"https:\/\/instytutpolski.pl\/paris\/langue\/","url":"https:\/\/instytutpolski.pl\/paris\/langue\/","name":"langue - Instytut Polski w Pary\u017cu","isPartOf":{"@id":"https:\/\/instytutpolski.pl\/paris\/#website"},"datePublished":"2019-05-30T06:53:31+00:00","breadcrumb":{"@id":"https:\/\/instytutpolski.pl\/paris\/langue\/#breadcrumb"},"inLanguage":"pl-PL","potentialAction":[{"@type":"ReadAction","target":["https:\/\/instytutpolski.pl\/paris\/langue\/"]}]},{"@type":"BreadcrumbList","@id":"https:\/\/instytutpolski.pl\/paris\/langue\/#breadcrumb","itemListElement":[{"@type":"ListItem","position":1,"name":"Home","item":"https:\/\/instytutpolski.pl\/paris\/"},{"@type":"ListItem","position":2,"name":"langue"}]},{"@type":"WebSite","@id":"https:\/\/instytutpolski.pl\/paris\/#website","url":"https:\/\/instytutpolski.pl\/paris\/","name":"Instytut Polski w Pary\u017cu","description":"Instytuty Polskie","potentialAction":[{"@type":"SearchAction","target":{"@type":"EntryPoint","urlTemplate":"https:\/\/instytutpolski.pl\/paris\/?s={search_term_string}"},"query-input":{"@type":"PropertyValueSpecification","valueRequired":true,"valueName":"search_term_string"}}],"inLanguage":"pl-PL"}]}},"_links":{"self":[{"href":"https:\/\/instytutpolski.pl\/paris\/wp-json\/wp\/v2\/pages\/258","targetHints":{"allow":["GET"]}}],"collection":[{"href":"https:\/\/instytutpolski.pl\/paris\/wp-json\/wp\/v2\/pages"}],"about":[{"href":"https:\/\/instytutpolski.pl\/paris\/wp-json\/wp\/v2\/types\/page"}],"author":[{"embeddable":true,"href":"https:\/\/instytutpolski.pl\/paris\/wp-json\/wp\/v2\/users\/1"}],"replies":[{"embeddable":true,"href":"https:\/\/instytutpolski.pl\/paris\/wp-json\/wp\/v2\/comments?post=258"}],"version-history":[{"count":1,"href":"https:\/\/instytutpolski.pl\/paris\/wp-json\/wp\/v2\/pages\/258\/revisions"}],"predecessor-version":[{"id":259,"href":"https:\/\/instytutpolski.pl\/paris\/wp-json\/wp\/v2\/pages\/258\/revisions\/259"}],"wp:attachment":[{"href":"https:\/\/instytutpolski.pl\/paris\/wp-json\/wp\/v2\/media?parent=258"}],"curies":[{"name":"wp","href":"https:\/\/api.w.org\/{rel}","templated":true}]}}