{"id":260,"date":"2019-05-30T08:54:47","date_gmt":"2019-05-30T06:54:47","guid":{"rendered":"https:\/\/instytutpolski.pl\/paryz\/?page_id=260"},"modified":"2019-05-30T08:54:47","modified_gmt":"2019-05-30T06:54:47","slug":"institutions-polonaises-en-france","status":"publish","type":"page","link":"https:\/\/instytutpolski.pl\/paris\/institutions-polonaises-en-france\/","title":{"rendered":"institutions polonaises en France"},"content":{"rendered":"\n<section class=\"page-center-layout-box\">\n<article class=\"box\">\n<h1>\u00a0<\/h1>\n<p>Ambassade de la R\u00e9publique de Pologne en France<br \/>Tomasz Mlynarski<br \/>Ambassadeur<br \/>1, rue de Talleyrand<br \/>75007 Paris<br \/>t\u00e9l. : 01 43 17 34 00<br \/>fax : 01 43 17 34 01<br \/>e-mail :\u00a0<a href=\"mailto:paryz.amb.sekretariat@msz.gov.pl\">paryz.amb.sekretariat@msz.gov.pl<\/a><br \/>site internet :\u00a0<a href=\"http:\/\/www.paryz.msz.gov.pl\/\">www.paryz.msz.gov.pl<\/a><br \/><br \/>Section consulaire de l\u2019Ambassade de Pologne \u00e0 Paris<br \/>Karolina Smaga<br \/>Chef de la section consulaire<br \/>3, rue de Talleyrand<br \/>75007 Paris<br \/>t\u00e9l.: 01 43 17 34 22 \/ 74<br \/>fax: 01 43 17 34 34<br \/>e-mail:\u00a0<a href=\"mailto:paris.wk.info@msz.gov.pl\">paris.wk.info@msz.gov.pl<\/a><br \/>site internet :\u00a0<a href=\"http:\/\/www.pariskg.polemb.net\/\">www.pariskg.polemb.net<\/a>\u00a0\u00a0<br \/><br \/>Service Economique<br \/>Rafal Hrynieiecki<br \/>Conseiller<br \/>86, rue de la Faisanderie<br \/>75016 Paris<br \/>t\u00e9l. : 01 45 04 81 25<br \/>fax : 01 45 04 81 26<br \/>e-mail:\u00a0<a href=\"mailto:paris@trade.gov.pl\">paris@trade.gov.pl<\/a>.<br \/>site internet :\u00a0<a href=\"http:\/\/paris.trade.gov.pl\/\">http:\/\/paris.trade.gov.pl<\/a><br \/><br \/>Consulat G\u00e9n\u00e9ral de Pologne \u00e0 Lyon<br \/>Joanna Kozi\u0144ska &#8211; Frybes<br \/>Consul G\u00e9n\u00e9ral<br \/>79, rue Crillon<br \/>69006 Lyon<br \/>t\u00e9l.: 04 78 93 14 85<br \/>fax: 04 37 51 12 36<br \/>e-mail :\u00a0<a href=\"mailto:lyon.kg.sekretariat@msz.gov.pl\">lyon.kg.sekretariat@msz.gov.pl<\/a><br \/>site internet:\u00a0<a href=\"http:\/\/www.lyonkg.polemb.net\/\">www.lyonkg.polemb.net<\/a><br \/><br \/>D\u00e9l\u00e9gation permanente de la Pologne<br \/>aupr\u00e8s de l\u2019UNESCO<br \/>Krystyna \u017burek<br \/>Ambassadeur<br \/><br \/>1, rue Miollis<br \/>75015 Paris<br \/>t\u00e9l.: 01 45 68 29 97<br \/>e-mail :\u00a0<a href=\"mailto:dl.pologne@unesco-delegations.org\">dl.pologne@unesco-delegations.org<\/a><br \/><br \/>D\u00e9l\u00e9gation permanente de la Pologne aupr\u00e8s de l\u2019OCDE<br \/>Aleksander Surdej<br \/>Ambassadeur<br \/>136, rue de Longchamps<br \/>75016 Paris<br \/>t\u00e9l.: 01 56 28 57 60<br \/>t\u00e9l.: 01 56 28 94 66<br \/>e-mail:\u00a0<a href=\"mailto:paryz.oecd.sekretariat@msz.gov.pl\">paryz.oecd.sekretariat@msz.gov.pl<\/a><br \/>site Internet:\u00a0<a href=\"http:\/\/www.paryzoecd.polemb.net\/\">http:\/\/www.paryzoecd.polemb.net<\/a><br \/><br \/>Soci\u00e9t\u00e9 Historique et Litt\u00e9raire Polonaise<br \/>Biblioth\u00e8que Polonaise de Paris<br \/>Pierre C. Zaleski<br \/>Pr\u00e9sident de la SHLP<br \/>Directeur de la BPP<br \/>6, quai d&#8217;Orl\u00e9ans<br \/>75004 Paris<br \/>t\u00e9l. : 01 55 42 83 83<br \/>fax : 01 46 33 36 31<br \/>e-mail :\u00a0<a href=\"mailto:b.skrzypek@bplp.fr\">b.skrzypek@bplp.fr<\/a><br \/>site internet :\u00a0<a href=\"http:\/\/www.bibliotheque-polonaise-paris-shlp.fr\/\">www.bibliotheque-polonaise-paris-shlp.fr<\/a><br \/><br \/>Centre de Civilisation Polonaise<br \/>Universit\u00e9 de Paris-Sorbonne (Paris IV)<br \/>Centre Universitaire Malesherbes<br \/>Professeur Pawel Rodak<br \/>Directeur<br \/>1Centre universitaire Malesherbes<br \/>108, bd Malesherbes<br \/>75017 Paris<br \/>t\u00e9l. : 01 43 18 41 53<br \/>e-mail :\u00a0<a href=\"mailto:centre-civilisation-polonaise@paris-sorbonne.fr\">centre-civilisation-polonaise@paris-sorbonne.fr<\/a><br \/><br \/>Association Institut Litt\u00e9raire Kultura<br \/>Wojciech Sikora<br \/>Directeur<br \/>91, rue de Poissy<br \/>Le Mesnil-le-Roi<br \/>par 78600 Maisons-Laffitte<br \/>t\u00e9l. : 01 39 62 19 04<br \/>fax : 01 39 62 57 52<br \/>e-mail :\u00a0<a href=\"mailto:kultura@club-internet.fr\">kultura@club-internet.fr<\/a><br \/><br \/>Office National Polonais de Tourisme<br \/>Tomasz Rudomino<br \/>Directeur<br \/>10, rue Saint-Augustin<br \/>75002 Paris<br \/>t\u00e9l. : 01 42 44 19 00<br \/>fax : 01 42 97 52 25<br \/>e-mail :\u00a0<a href=\"mailto:info.fr@pologne.travel\">info.fr@pologne.travel<\/a><br \/>site internet :\u00a0<a href=\"http:\/\/www.pologne.travel\/fr\/\">http:\/\/www.pologne.travel\/fr\/<\/a><br \/><br \/>Centre scientifique de l\u2019Acad\u00e9mie Polonaise des Sciences<br \/>Professeur Maciej Forycki<br \/>Directeur<br \/>74, rue Lauriston<br \/>75016 Paris<br \/>t\u00e9l. : 01 56 90 18 34<br \/>fax : 01 47 55 46 97<br \/>e-mail :\u00a0<a href=\"mailto:sekretariat.parispan@free.fr\">sekretariat.parispan@free.fr<\/a><br \/>site internet :\u00a0<a href=\"http:\/\/www.academie-polonaise.org\/\">www.academie-polonaise.org<\/a><br \/><br \/>Chambre de Commerce et d\u2019Industrie Polonaise<br \/>Hanna Stypu\u0142kowska-Goutti\u00e8re<br \/>Pr\u00e9sidente<br \/>16, Place Vendome<br \/>75001 Paris<br \/>t\u00e9l. : 01 40 22 99 20<br \/>fax : 01 75 43 94 71<br \/>e-mail :\u00a0<a href=\"mailto:secretariat@ccipf.org\">secretariat@ccipf.org<\/a><br \/>site internet :\u00a0<a href=\"http:\/\/www.ccipf.org\/\">www.ccipf.org<\/a><\/p>\n<\/article>\n<\/section>\n","protected":false},"excerpt":{"rendered":"<p>\u00a0 Ambassade de la R\u00e9publique de Pologne en FranceTomasz MlynarskiAmbassadeur1, rue de Talleyrand75007 Parist\u00e9l. : 01 43 17 34 00fax : 01 43 17 34 01e-mail :\u00a0paryz.amb.sekretariat@msz.gov.plsite internet :\u00a0www.paryz.msz.gov.pl Section consulaire de l\u2019Ambassade de Pologne \u00e0 ParisKarolina SmagaChef de la section consulaire3, rue de Talleyrand75007 Parist\u00e9l.: 01 43 17 34 22 \/ 74fax: 01 43 [&hellip;]<\/p>\n","protected":false},"author":1,"featured_media":0,"parent":0,"menu_order":0,"comment_status":"closed","ping_status":"closed","template":"","meta":{"inline_featured_image":false,"_monsterinsights_skip_tracking":false,"_monsterinsights_sitenote_active":false,"_monsterinsights_sitenote_note":"","_monsterinsights_sitenote_category":0,"footnotes":""},"class_list":["post-260","page","type-page","status-publish","hentry"],"yoast_head":"<!-- This site is optimized with the Yoast SEO plugin v24.6 - https:\/\/yoast.com\/wordpress\/plugins\/seo\/ -->\n<title>institutions polonaises en France - Instytut Polski w Pary\u017cu<\/title>\n<meta name=\"robots\" content=\"index, follow, max-snippet:-1, max-image-preview:large, max-video-preview:-1\" \/>\n<link rel=\"canonical\" href=\"https:\/\/instytutpolski.pl\/paris\/institutions-polonaises-en-france\/\" \/>\n<meta property=\"og:locale\" content=\"pl_PL\" \/>\n<meta property=\"og:type\" content=\"article\" \/>\n<meta property=\"og:title\" content=\"institutions polonaises en France - Instytut Polski w Pary\u017cu\" \/>\n<meta property=\"og:description\" content=\"\u00a0 Ambassade de la R\u00e9publique de Pologne en FranceTomasz MlynarskiAmbassadeur1, rue de Talleyrand75007 Parist\u00e9l. : 01 43 17 34 00fax : 01 43 17 34 01e-mail :\u00a0paryz.amb.sekretariat@msz.gov.plsite internet :\u00a0www.paryz.msz.gov.pl Section consulaire de l\u2019Ambassade de Pologne \u00e0 ParisKarolina SmagaChef de la section consulaire3, rue de Talleyrand75007 Parist\u00e9l.: 01 43 17 34 22 \/ 74fax: 01 43 [&hellip;]\" \/>\n<meta property=\"og:url\" content=\"https:\/\/instytutpolski.pl\/paris\/institutions-polonaises-en-france\/\" \/>\n<meta property=\"og:site_name\" content=\"Instytut Polski w Pary\u017cu\" \/>\n<meta name=\"twitter:card\" content=\"summary_large_image\" \/>\n<meta name=\"twitter:label1\" content=\"Szacowany czas czytania\" \/>\n\t<meta name=\"twitter:data1\" content=\"2 minuty\" \/>\n<script type=\"application\/ld+json\" class=\"yoast-schema-graph\">{\"@context\":\"https:\/\/schema.org\",\"@graph\":[{\"@type\":\"WebPage\",\"@id\":\"https:\/\/instytutpolski.pl\/paris\/institutions-polonaises-en-france\/\",\"url\":\"https:\/\/instytutpolski.pl\/paris\/institutions-polonaises-en-france\/\",\"name\":\"institutions polonaises en France - Instytut Polski w Pary\u017cu\",\"isPartOf\":{\"@id\":\"https:\/\/instytutpolski.pl\/paris\/#website\"},\"datePublished\":\"2019-05-30T06:54:47+00:00\",\"breadcrumb\":{\"@id\":\"https:\/\/instytutpolski.pl\/paris\/institutions-polonaises-en-france\/#breadcrumb\"},\"inLanguage\":\"pl-PL\",\"potentialAction\":[{\"@type\":\"ReadAction\",\"target\":[\"https:\/\/instytutpolski.pl\/paris\/institutions-polonaises-en-france\/\"]}]},{\"@type\":\"BreadcrumbList\",\"@id\":\"https:\/\/instytutpolski.pl\/paris\/institutions-polonaises-en-france\/#breadcrumb\",\"itemListElement\":[{\"@type\":\"ListItem\",\"position\":1,\"name\":\"Home\",\"item\":\"https:\/\/instytutpolski.pl\/paris\/\"},{\"@type\":\"ListItem\",\"position\":2,\"name\":\"institutions polonaises en France\"}]},{\"@type\":\"WebSite\",\"@id\":\"https:\/\/instytutpolski.pl\/paris\/#website\",\"url\":\"https:\/\/instytutpolski.pl\/paris\/\",\"name\":\"Instytut Polski w Pary\u017cu\",\"description\":\"Instytuty Polskie\",\"potentialAction\":[{\"@type\":\"SearchAction\",\"target\":{\"@type\":\"EntryPoint\",\"urlTemplate\":\"https:\/\/instytutpolski.pl\/paris\/?s={search_term_string}\"},\"query-input\":{\"@type\":\"PropertyValueSpecification\",\"valueRequired\":true,\"valueName\":\"search_term_string\"}}],\"inLanguage\":\"pl-PL\"}]}<\/script>\n<!-- \/ Yoast SEO plugin. -->","yoast_head_json":{"title":"institutions polonaises en France - Instytut Polski w Pary\u017cu","robots":{"index":"index","follow":"follow","max-snippet":"max-snippet:-1","max-image-preview":"max-image-preview:large","max-video-preview":"max-video-preview:-1"},"canonical":"https:\/\/instytutpolski.pl\/paris\/institutions-polonaises-en-france\/","og_locale":"pl_PL","og_type":"article","og_title":"institutions polonaises en France - Instytut Polski w Pary\u017cu","og_description":"\u00a0 Ambassade de la R\u00e9publique de Pologne en FranceTomasz MlynarskiAmbassadeur1, rue de Talleyrand75007 Parist\u00e9l. : 01 43 17 34 00fax : 01 43 17 34 01e-mail :\u00a0paryz.amb.sekretariat@msz.gov.plsite internet :\u00a0www.paryz.msz.gov.pl Section consulaire de l\u2019Ambassade de Pologne \u00e0 ParisKarolina SmagaChef de la section consulaire3, rue de Talleyrand75007 Parist\u00e9l.: 01 43 17 34 22 \/ 74fax: 01 43 [&hellip;]","og_url":"https:\/\/instytutpolski.pl\/paris\/institutions-polonaises-en-france\/","og_site_name":"Instytut Polski w Pary\u017cu","twitter_card":"summary_large_image","twitter_misc":{"Szacowany czas czytania":"2 minuty"},"schema":{"@context":"https:\/\/schema.org","@graph":[{"@type":"WebPage","@id":"https:\/\/instytutpolski.pl\/paris\/institutions-polonaises-en-france\/","url":"https:\/\/instytutpolski.pl\/paris\/institutions-polonaises-en-france\/","name":"institutions polonaises en France - Instytut Polski w Pary\u017cu","isPartOf":{"@id":"https:\/\/instytutpolski.pl\/paris\/#website"},"datePublished":"2019-05-30T06:54:47+00:00","breadcrumb":{"@id":"https:\/\/instytutpolski.pl\/paris\/institutions-polonaises-en-france\/#breadcrumb"},"inLanguage":"pl-PL","potentialAction":[{"@type":"ReadAction","target":["https:\/\/instytutpolski.pl\/paris\/institutions-polonaises-en-france\/"]}]},{"@type":"BreadcrumbList","@id":"https:\/\/instytutpolski.pl\/paris\/institutions-polonaises-en-france\/#breadcrumb","itemListElement":[{"@type":"ListItem","position":1,"name":"Home","item":"https:\/\/instytutpolski.pl\/paris\/"},{"@type":"ListItem","position":2,"name":"institutions polonaises en France"}]},{"@type":"WebSite","@id":"https:\/\/instytutpolski.pl\/paris\/#website","url":"https:\/\/instytutpolski.pl\/paris\/","name":"Instytut Polski w Pary\u017cu","description":"Instytuty Polskie","potentialAction":[{"@type":"SearchAction","target":{"@type":"EntryPoint","urlTemplate":"https:\/\/instytutpolski.pl\/paris\/?s={search_term_string}"},"query-input":{"@type":"PropertyValueSpecification","valueRequired":true,"valueName":"search_term_string"}}],"inLanguage":"pl-PL"}]}},"_links":{"self":[{"href":"https:\/\/instytutpolski.pl\/paris\/wp-json\/wp\/v2\/pages\/260","targetHints":{"allow":["GET"]}}],"collection":[{"href":"https:\/\/instytutpolski.pl\/paris\/wp-json\/wp\/v2\/pages"}],"about":[{"href":"https:\/\/instytutpolski.pl\/paris\/wp-json\/wp\/v2\/types\/page"}],"author":[{"embeddable":true,"href":"https:\/\/instytutpolski.pl\/paris\/wp-json\/wp\/v2\/users\/1"}],"replies":[{"embeddable":true,"href":"https:\/\/instytutpolski.pl\/paris\/wp-json\/wp\/v2\/comments?post=260"}],"version-history":[{"count":1,"href":"https:\/\/instytutpolski.pl\/paris\/wp-json\/wp\/v2\/pages\/260\/revisions"}],"predecessor-version":[{"id":261,"href":"https:\/\/instytutpolski.pl\/paris\/wp-json\/wp\/v2\/pages\/260\/revisions\/261"}],"wp:attachment":[{"href":"https:\/\/instytutpolski.pl\/paris\/wp-json\/wp\/v2\/media?parent=260"}],"curies":[{"name":"wp","href":"https:\/\/api.w.org\/{rel}","templated":true}]}}