{"id":262,"date":"2019-05-30T09:00:31","date_gmt":"2019-05-30T07:00:31","guid":{"rendered":"https:\/\/instytutpolski.pl\/paryz\/?page_id=262"},"modified":"2026-03-24T12:12:49","modified_gmt":"2026-03-24T11:12:49","slug":"equipe","status":"publish","type":"page","link":"https:\/\/instytutpolski.pl\/paris\/equipe\/","title":{"rendered":"L\u2019\u00e9quipe"},"content":{"rendered":"\n<figure class=\"wp-block-image size-large\"><img loading=\"lazy\" decoding=\"async\" width=\"1024\" height=\"683\" src=\"https:\/\/instytutpolski.pl\/paris\/wp-content\/uploads\/sites\/14\/2026\/02\/Instytut2026-45-1024x683.jpg\" alt=\"\" class=\"wp-image-11246\" srcset=\"https:\/\/instytutpolski.pl\/paris\/wp-content\/uploads\/sites\/14\/2026\/02\/Instytut2026-45-1024x683.jpg 1024w, https:\/\/instytutpolski.pl\/paris\/wp-content\/uploads\/sites\/14\/2026\/02\/Instytut2026-45-300x200.jpg 300w, https:\/\/instytutpolski.pl\/paris\/wp-content\/uploads\/sites\/14\/2026\/02\/Instytut2026-45-768x512.jpg 768w, https:\/\/instytutpolski.pl\/paris\/wp-content\/uploads\/sites\/14\/2026\/02\/Instytut2026-45-1536x1024.jpg 1536w, https:\/\/instytutpolski.pl\/paris\/wp-content\/uploads\/sites\/14\/2026\/02\/Instytut2026-45-2048x1366.jpg 2048w\" sizes=\"auto, (max-width: 1024px) 100vw, 1024px\" \/><\/figure>\n\n\n\n<div class=\"wp-block-media-text has-media-on-the-right is-stacked-on-mobile\" style=\"grid-template-columns:auto 30%\"><div class=\"wp-block-media-text__content\">\n<p><strong>Ma\u0142gorzata Gr\u0105bczewska<\/strong><br>Directrice<br><a href=\"mailto:paris.info@instytutpolski.pl\">paris.info@instytutpolski.pl<\/a><\/p>\n<\/div><figure class=\"wp-block-media-text__media\"><img loading=\"lazy\" decoding=\"async\" width=\"1024\" height=\"683\" src=\"https:\/\/instytutpolski.pl\/paris\/wp-content\/uploads\/sites\/14\/2026\/02\/Instytut2026-3-1024x683.jpg\" alt=\"\" class=\"wp-image-11240 size-full\" srcset=\"https:\/\/instytutpolski.pl\/paris\/wp-content\/uploads\/sites\/14\/2026\/02\/Instytut2026-3-1024x683.jpg 1024w, https:\/\/instytutpolski.pl\/paris\/wp-content\/uploads\/sites\/14\/2026\/02\/Instytut2026-3-300x200.jpg 300w, https:\/\/instytutpolski.pl\/paris\/wp-content\/uploads\/sites\/14\/2026\/02\/Instytut2026-3-768x512.jpg 768w, https:\/\/instytutpolski.pl\/paris\/wp-content\/uploads\/sites\/14\/2026\/02\/Instytut2026-3-1536x1024.jpg 1536w, https:\/\/instytutpolski.pl\/paris\/wp-content\/uploads\/sites\/14\/2026\/02\/Instytut2026-3-2048x1366.jpg 2048w\" sizes=\"auto, (max-width: 1024px) 100vw, 1024px\" \/><\/figure><\/div>\n\n\n\n<hr class=\"wp-block-separator has-alpha-channel-opacity\" \/>\n\n\n\n<div class=\"wp-block-media-text has-media-on-the-right is-stacked-on-mobile\" style=\"grid-template-columns:auto 30%\"><div class=\"wp-block-media-text__content\">\n<p><strong>Joanna Wajda<\/strong><br>Directrice adjointe<br><a href=\"mailto:paris.info@instytutpolski.pl\">paris.info@instytutpolski.pl<\/a><\/p>\n<\/div><figure class=\"wp-block-media-text__media\"><img loading=\"lazy\" decoding=\"async\" width=\"1024\" height=\"678\" src=\"https:\/\/instytutpolski.pl\/paris\/wp-content\/uploads\/sites\/14\/2026\/03\/Instytut2026-23-1024x678.jpg\" alt=\"\" class=\"wp-image-11383 size-full\" srcset=\"https:\/\/instytutpolski.pl\/paris\/wp-content\/uploads\/sites\/14\/2026\/03\/Instytut2026-23-1024x678.jpg 1024w, https:\/\/instytutpolski.pl\/paris\/wp-content\/uploads\/sites\/14\/2026\/03\/Instytut2026-23-300x199.jpg 300w, https:\/\/instytutpolski.pl\/paris\/wp-content\/uploads\/sites\/14\/2026\/03\/Instytut2026-23-768x509.jpg 768w, https:\/\/instytutpolski.pl\/paris\/wp-content\/uploads\/sites\/14\/2026\/03\/Instytut2026-23-1536x1017.jpg 1536w, https:\/\/instytutpolski.pl\/paris\/wp-content\/uploads\/sites\/14\/2026\/03\/Instytut2026-23.jpg 2048w\" sizes=\"auto, (max-width: 1024px) 100vw, 1024px\" \/><\/figure><\/div>\n\n\n\n<hr class=\"wp-block-separator has-alpha-channel-opacity\" \/>\n\n\n\n<div class=\"wp-block-media-text has-media-on-the-right is-stacked-on-mobile\" style=\"grid-template-columns:auto 30%\"><div class=\"wp-block-media-text__content\">\n<p><strong>Wanda Kuty\u0142a<\/strong><br>Responsable de projets &#8211; Musique \/ Th\u00e9\u00e2tre \/ Danse<br><a href=\"mailto:wanda.kutyla@instytutpolski.pl\">wanda.kutyla@instytutpolski.pl<\/a><br>tel. 01 53 93 90 13<\/p>\n<\/div><figure class=\"wp-block-media-text__media\"><img loading=\"lazy\" decoding=\"async\" width=\"1024\" height=\"683\" src=\"https:\/\/instytutpolski.pl\/paris\/wp-content\/uploads\/sites\/14\/2026\/03\/wanderercreative-blank-profile-picture-973460_1920_cropped_processed_by_imagy-1024x683.png\" alt=\"\" class=\"wp-image-11385 size-full\" srcset=\"https:\/\/instytutpolski.pl\/paris\/wp-content\/uploads\/sites\/14\/2026\/03\/wanderercreative-blank-profile-picture-973460_1920_cropped_processed_by_imagy-1024x683.png 1024w, https:\/\/instytutpolski.pl\/paris\/wp-content\/uploads\/sites\/14\/2026\/03\/wanderercreative-blank-profile-picture-973460_1920_cropped_processed_by_imagy-300x200.png 300w, https:\/\/instytutpolski.pl\/paris\/wp-content\/uploads\/sites\/14\/2026\/03\/wanderercreative-blank-profile-picture-973460_1920_cropped_processed_by_imagy-768x512.png 768w, https:\/\/instytutpolski.pl\/paris\/wp-content\/uploads\/sites\/14\/2026\/03\/wanderercreative-blank-profile-picture-973460_1920_cropped_processed_by_imagy-1536x1024.png 1536w, https:\/\/instytutpolski.pl\/paris\/wp-content\/uploads\/sites\/14\/2026\/03\/wanderercreative-blank-profile-picture-973460_1920_cropped_processed_by_imagy-2048x1365.png 2048w\" sizes=\"auto, (max-width: 1024px) 100vw, 1024px\" \/><\/figure><\/div>\n\n\n\n<hr class=\"wp-block-separator has-alpha-channel-opacity\" \/>\n\n\n\n<div class=\"wp-block-media-text has-media-on-the-right is-stacked-on-mobile\" style=\"grid-template-columns:auto 30%\"><div class=\"wp-block-media-text__content\">\n<p><strong>Marzena Moskal<\/strong><br>Responsable de projets &#8211; Cin\u00e9ma<br><a href=\"mailto:marzena.moskal@instytutpolski.pl\">marzena.moskal@instytutpolski.pl<\/a><br>tel. 01 53 93 90 12<\/p>\n<\/div><figure class=\"wp-block-media-text__media\"><img loading=\"lazy\" decoding=\"async\" width=\"1024\" height=\"683\" src=\"https:\/\/instytutpolski.pl\/paris\/wp-content\/uploads\/sites\/14\/2026\/03\/Instytut2026-9-1024x683.jpg\" alt=\"\" class=\"wp-image-11386 size-full\" srcset=\"https:\/\/instytutpolski.pl\/paris\/wp-content\/uploads\/sites\/14\/2026\/03\/Instytut2026-9-1024x683.jpg 1024w, https:\/\/instytutpolski.pl\/paris\/wp-content\/uploads\/sites\/14\/2026\/03\/Instytut2026-9-300x200.jpg 300w, https:\/\/instytutpolski.pl\/paris\/wp-content\/uploads\/sites\/14\/2026\/03\/Instytut2026-9-768x512.jpg 768w, https:\/\/instytutpolski.pl\/paris\/wp-content\/uploads\/sites\/14\/2026\/03\/Instytut2026-9-1536x1024.jpg 1536w, https:\/\/instytutpolski.pl\/paris\/wp-content\/uploads\/sites\/14\/2026\/03\/Instytut2026-9.jpg 2048w\" sizes=\"auto, (max-width: 1024px) 100vw, 1024px\" \/><\/figure><\/div>\n\n\n\n<hr class=\"wp-block-separator has-alpha-channel-opacity\" \/>\n\n\n\n<div class=\"wp-block-media-text has-media-on-the-right is-stacked-on-mobile\" style=\"grid-template-columns:auto 30%\"><div class=\"wp-block-media-text__content\">\n<p><strong>Natalia Barbarska<\/strong><br>Responsable&nbsp;de projets &#8211; Arts visuels \/ Communication<br><a href=\"mailto:natalia.barbarska@instytutpolski.pl\">natalia.barbarska@instytutpolski.pl<\/a><br>tel. 01 53 93 90 17<\/p>\n<\/div><figure class=\"wp-block-media-text__media\"><img loading=\"lazy\" decoding=\"async\" width=\"1024\" height=\"683\" src=\"https:\/\/instytutpolski.pl\/paris\/wp-content\/uploads\/sites\/14\/2026\/03\/wanderercreative-blank-profile-picture-973460_1920_cropped_processed_by_imagy-1024x683.png\" alt=\"\" class=\"wp-image-11385 size-full\" srcset=\"https:\/\/instytutpolski.pl\/paris\/wp-content\/uploads\/sites\/14\/2026\/03\/wanderercreative-blank-profile-picture-973460_1920_cropped_processed_by_imagy-1024x683.png 1024w, https:\/\/instytutpolski.pl\/paris\/wp-content\/uploads\/sites\/14\/2026\/03\/wanderercreative-blank-profile-picture-973460_1920_cropped_processed_by_imagy-300x200.png 300w, https:\/\/instytutpolski.pl\/paris\/wp-content\/uploads\/sites\/14\/2026\/03\/wanderercreative-blank-profile-picture-973460_1920_cropped_processed_by_imagy-768x512.png 768w, https:\/\/instytutpolski.pl\/paris\/wp-content\/uploads\/sites\/14\/2026\/03\/wanderercreative-blank-profile-picture-973460_1920_cropped_processed_by_imagy-1536x1024.png 1536w, https:\/\/instytutpolski.pl\/paris\/wp-content\/uploads\/sites\/14\/2026\/03\/wanderercreative-blank-profile-picture-973460_1920_cropped_processed_by_imagy-2048x1365.png 2048w\" sizes=\"auto, (max-width: 1024px) 100vw, 1024px\" \/><\/figure><\/div>\n\n\n\n<hr class=\"wp-block-separator has-alpha-channel-opacity\" \/>\n\n\n\n<div class=\"wp-block-media-text has-media-on-the-right is-stacked-on-mobile\" style=\"grid-template-columns:auto 30%\"><div class=\"wp-block-media-text__content\">\n<p><strong>Thomas Merkez<\/strong><br>Responsable de projets &#8211; Histoire \/ Litt\u00e9rature \/ Soci\u00e9t\u00e9<br><a href=\"mailto:thomas.merkez@instytutpolski.pl\">thomas.merkez@instytutpolski.pl<\/a><br>tel. 01 53 93 90 11<\/p>\n<\/div><figure class=\"wp-block-media-text__media\"><img loading=\"lazy\" decoding=\"async\" width=\"1024\" height=\"683\" src=\"https:\/\/instytutpolski.pl\/paris\/wp-content\/uploads\/sites\/14\/2026\/03\/Instytut2026-13-1024x683.jpg\" alt=\"\" class=\"wp-image-11387 size-full\" srcset=\"https:\/\/instytutpolski.pl\/paris\/wp-content\/uploads\/sites\/14\/2026\/03\/Instytut2026-13-1024x683.jpg 1024w, https:\/\/instytutpolski.pl\/paris\/wp-content\/uploads\/sites\/14\/2026\/03\/Instytut2026-13-300x200.jpg 300w, https:\/\/instytutpolski.pl\/paris\/wp-content\/uploads\/sites\/14\/2026\/03\/Instytut2026-13-768x512.jpg 768w, https:\/\/instytutpolski.pl\/paris\/wp-content\/uploads\/sites\/14\/2026\/03\/Instytut2026-13-1536x1024.jpg 1536w, https:\/\/instytutpolski.pl\/paris\/wp-content\/uploads\/sites\/14\/2026\/03\/Instytut2026-13.jpg 2048w\" sizes=\"auto, (max-width: 1024px) 100vw, 1024px\" \/><\/figure><\/div>\n\n\n\n<hr class=\"wp-block-separator has-alpha-channel-opacity\" \/>\n\n\n\n<div class=\"wp-block-media-text has-media-on-the-right is-stacked-on-mobile\" style=\"grid-template-columns:auto 30%\"><div class=\"wp-block-media-text__content\">\n<p><strong>Aneta Pittavino<\/strong><br>Assistante de direction \/ Secr\u00e9tariat<br><a href=\"mailto:paris.info@instytutpolski.pl\">paris.info@instytutpolski.pl<\/a><br>tel. 01 53 93 90 10<\/p>\n<\/div><figure class=\"wp-block-media-text__media\"><img loading=\"lazy\" decoding=\"async\" width=\"1024\" height=\"683\" src=\"https:\/\/instytutpolski.pl\/paris\/wp-content\/uploads\/sites\/14\/2026\/03\/Instytut2026-1-1024x683.jpg\" alt=\"\" class=\"wp-image-11388 size-full\" srcset=\"https:\/\/instytutpolski.pl\/paris\/wp-content\/uploads\/sites\/14\/2026\/03\/Instytut2026-1-1024x683.jpg 1024w, https:\/\/instytutpolski.pl\/paris\/wp-content\/uploads\/sites\/14\/2026\/03\/Instytut2026-1-300x200.jpg 300w, https:\/\/instytutpolski.pl\/paris\/wp-content\/uploads\/sites\/14\/2026\/03\/Instytut2026-1-768x512.jpg 768w, https:\/\/instytutpolski.pl\/paris\/wp-content\/uploads\/sites\/14\/2026\/03\/Instytut2026-1-1536x1024.jpg 1536w, https:\/\/instytutpolski.pl\/paris\/wp-content\/uploads\/sites\/14\/2026\/03\/Instytut2026-1.jpg 2048w\" sizes=\"auto, (max-width: 1024px) 100vw, 1024px\" \/><\/figure><\/div>\n\n\n\n<hr class=\"wp-block-separator has-alpha-channel-opacity\" \/>\n\n\n\n<div class=\"wp-block-media-text has-media-on-the-right is-stacked-on-mobile\" style=\"grid-template-columns:auto 30%\"><div class=\"wp-block-media-text__content\">\n<p><strong>Marcin Matusiak<\/strong><br>Charg\u00e9 de logistique<br><a href=\"mailto:marcin.matusiak@msz.gov.pl\">marcin.matusiak@msz.gov.pl<\/a><\/p>\n<\/div><figure class=\"wp-block-media-text__media\"><img loading=\"lazy\" decoding=\"async\" width=\"1024\" height=\"683\" src=\"https:\/\/instytutpolski.pl\/paris\/wp-content\/uploads\/sites\/14\/2026\/02\/Instytut2026-10-1024x683.jpg\" alt=\"\" class=\"wp-image-11234 size-full\" srcset=\"https:\/\/instytutpolski.pl\/paris\/wp-content\/uploads\/sites\/14\/2026\/02\/Instytut2026-10-1024x683.jpg 1024w, https:\/\/instytutpolski.pl\/paris\/wp-content\/uploads\/sites\/14\/2026\/02\/Instytut2026-10-300x200.jpg 300w, https:\/\/instytutpolski.pl\/paris\/wp-content\/uploads\/sites\/14\/2026\/02\/Instytut2026-10-768x512.jpg 768w, https:\/\/instytutpolski.pl\/paris\/wp-content\/uploads\/sites\/14\/2026\/02\/Instytut2026-10-1536x1024.jpg 1536w, https:\/\/instytutpolski.pl\/paris\/wp-content\/uploads\/sites\/14\/2026\/02\/Instytut2026-10-2048x1365.jpg 2048w\" sizes=\"auto, (max-width: 1024px) 100vw, 1024px\" \/><\/figure><\/div>\n","protected":false},"excerpt":{"rendered":"<p>Ma\u0142gorzata Gr\u0105bczewskaDirectriceparis.info@instytutpolski.pl Joanna WajdaDirectrice adjointeparis.info@instytutpolski.pl Wanda Kuty\u0142aResponsable de projets &#8211; Musique \/ Th\u00e9\u00e2tre \/ Dansewanda.kutyla@instytutpolski.pltel. 01 53 93 90 13 Marzena MoskalResponsable de projets &#8211; Cin\u00e9mamarzena.moskal@instytutpolski.pltel. 01 53 93 90 12 Natalia BarbarskaResponsable&nbsp;de projets &#8211; Arts visuels \/ Communicationnatalia.barbarska@instytutpolski.pltel. 01 53 93 90 17 Thomas MerkezResponsable de projets &#8211; Histoire \/ Litt\u00e9rature \/ Soci\u00e9t\u00e9thomas.merkez@instytutpolski.pltel. 01 [&hellip;]<\/p>\n","protected":false},"author":1,"featured_media":0,"parent":0,"menu_order":0,"comment_status":"closed","ping_status":"closed","template":"","meta":{"inline_featured_image":false,"_monsterinsights_skip_tracking":false,"_monsterinsights_sitenote_active":false,"_monsterinsights_sitenote_note":"","_monsterinsights_sitenote_category":0,"footnotes":""},"class_list":["post-262","page","type-page","status-publish","hentry"],"yoast_head":"<!-- This site is optimized with the Yoast SEO plugin v24.6 - https:\/\/yoast.com\/wordpress\/plugins\/seo\/ -->\n<title>L\u2019\u00e9quipe - Instytut Polski w Pary\u017cu<\/title>\n<meta name=\"robots\" content=\"index, follow, max-snippet:-1, max-image-preview:large, max-video-preview:-1\" \/>\n<link rel=\"canonical\" href=\"https:\/\/instytutpolski.pl\/paris\/equipe\/\" \/>\n<meta property=\"og:locale\" content=\"pl_PL\" \/>\n<meta property=\"og:type\" content=\"article\" \/>\n<meta property=\"og:title\" content=\"L\u2019\u00e9quipe - Instytut Polski w Pary\u017cu\" \/>\n<meta property=\"og:description\" content=\"Ma\u0142gorzata Gr\u0105bczewskaDirectriceparis.info@instytutpolski.pl Joanna WajdaDirectrice adjointeparis.info@instytutpolski.pl Wanda Kuty\u0142aResponsable de projets &#8211; Musique \/ Th\u00e9\u00e2tre \/ Dansewanda.kutyla@instytutpolski.pltel. 01 53 93 90 13 Marzena MoskalResponsable de projets &#8211; Cin\u00e9mamarzena.moskal@instytutpolski.pltel. 01 53 93 90 12 Natalia BarbarskaResponsable&nbsp;de projets &#8211; Arts visuels \/ Communicationnatalia.barbarska@instytutpolski.pltel. 01 53 93 90 17 Thomas MerkezResponsable de projets &#8211; Histoire \/ Litt\u00e9rature \/ Soci\u00e9t\u00e9thomas.merkez@instytutpolski.pltel. 01 [&hellip;]\" \/>\n<meta property=\"og:url\" content=\"https:\/\/instytutpolski.pl\/paris\/equipe\/\" \/>\n<meta property=\"og:site_name\" content=\"Instytut Polski w Pary\u017cu\" \/>\n<meta property=\"article:modified_time\" content=\"2026-03-24T11:12:49+00:00\" \/>\n<meta property=\"og:image\" content=\"https:\/\/instytutpolski.pl\/paris\/wp-content\/uploads\/sites\/14\/2026\/02\/Instytut2026-45-scaled.jpg\" \/>\n\t<meta property=\"og:image:width\" content=\"2560\" \/>\n\t<meta property=\"og:image:height\" content=\"1707\" \/>\n\t<meta property=\"og:image:type\" content=\"image\/jpeg\" \/>\n<meta name=\"twitter:card\" content=\"summary_large_image\" \/>\n<meta name=\"twitter:label1\" content=\"Szacowany czas czytania\" \/>\n\t<meta name=\"twitter:data1\" content=\"3 minuty\" \/>\n<script type=\"application\/ld+json\" class=\"yoast-schema-graph\">{\"@context\":\"https:\/\/schema.org\",\"@graph\":[{\"@type\":\"WebPage\",\"@id\":\"https:\/\/instytutpolski.pl\/paris\/equipe\/\",\"url\":\"https:\/\/instytutpolski.pl\/paris\/equipe\/\",\"name\":\"L\u2019\u00e9quipe - Instytut Polski w Pary\u017cu\",\"isPartOf\":{\"@id\":\"https:\/\/instytutpolski.pl\/paris\/#website\"},\"primaryImageOfPage\":{\"@id\":\"https:\/\/instytutpolski.pl\/paris\/equipe\/#primaryimage\"},\"image\":{\"@id\":\"https:\/\/instytutpolski.pl\/paris\/equipe\/#primaryimage\"},\"thumbnailUrl\":\"https:\/\/instytutpolski.pl\/paris\/wp-content\/uploads\/sites\/14\/2026\/02\/Instytut2026-45-1024x683.jpg\",\"datePublished\":\"2019-05-30T07:00:31+00:00\",\"dateModified\":\"2026-03-24T11:12:49+00:00\",\"breadcrumb\":{\"@id\":\"https:\/\/instytutpolski.pl\/paris\/equipe\/#breadcrumb\"},\"inLanguage\":\"pl-PL\",\"potentialAction\":[{\"@type\":\"ReadAction\",\"target\":[\"https:\/\/instytutpolski.pl\/paris\/equipe\/\"]}]},{\"@type\":\"ImageObject\",\"inLanguage\":\"pl-PL\",\"@id\":\"https:\/\/instytutpolski.pl\/paris\/equipe\/#primaryimage\",\"url\":\"https:\/\/instytutpolski.pl\/paris\/wp-content\/uploads\/sites\/14\/2026\/02\/Instytut2026-45-scaled.jpg\",\"contentUrl\":\"https:\/\/instytutpolski.pl\/paris\/wp-content\/uploads\/sites\/14\/2026\/02\/Instytut2026-45-scaled.jpg\",\"width\":2560,\"height\":1707},{\"@type\":\"BreadcrumbList\",\"@id\":\"https:\/\/instytutpolski.pl\/paris\/equipe\/#breadcrumb\",\"itemListElement\":[{\"@type\":\"ListItem\",\"position\":1,\"name\":\"Home\",\"item\":\"https:\/\/instytutpolski.pl\/paris\/\"},{\"@type\":\"ListItem\",\"position\":2,\"name\":\"L\u2019\u00e9quipe\"}]},{\"@type\":\"WebSite\",\"@id\":\"https:\/\/instytutpolski.pl\/paris\/#website\",\"url\":\"https:\/\/instytutpolski.pl\/paris\/\",\"name\":\"Instytut Polski w Pary\u017cu\",\"description\":\"Instytuty Polskie\",\"potentialAction\":[{\"@type\":\"SearchAction\",\"target\":{\"@type\":\"EntryPoint\",\"urlTemplate\":\"https:\/\/instytutpolski.pl\/paris\/?s={search_term_string}\"},\"query-input\":{\"@type\":\"PropertyValueSpecification\",\"valueRequired\":true,\"valueName\":\"search_term_string\"}}],\"inLanguage\":\"pl-PL\"}]}<\/script>\n<!-- \/ Yoast SEO plugin. -->","yoast_head_json":{"title":"L\u2019\u00e9quipe - Instytut Polski w Pary\u017cu","robots":{"index":"index","follow":"follow","max-snippet":"max-snippet:-1","max-image-preview":"max-image-preview:large","max-video-preview":"max-video-preview:-1"},"canonical":"https:\/\/instytutpolski.pl\/paris\/equipe\/","og_locale":"pl_PL","og_type":"article","og_title":"L\u2019\u00e9quipe - Instytut Polski w Pary\u017cu","og_description":"Ma\u0142gorzata Gr\u0105bczewskaDirectriceparis.info@instytutpolski.pl Joanna WajdaDirectrice adjointeparis.info@instytutpolski.pl Wanda Kuty\u0142aResponsable de projets &#8211; Musique \/ Th\u00e9\u00e2tre \/ Dansewanda.kutyla@instytutpolski.pltel. 01 53 93 90 13 Marzena MoskalResponsable de projets &#8211; Cin\u00e9mamarzena.moskal@instytutpolski.pltel. 01 53 93 90 12 Natalia BarbarskaResponsable&nbsp;de projets &#8211; Arts visuels \/ Communicationnatalia.barbarska@instytutpolski.pltel. 01 53 93 90 17 Thomas MerkezResponsable de projets &#8211; Histoire \/ Litt\u00e9rature \/ Soci\u00e9t\u00e9thomas.merkez@instytutpolski.pltel. 01 [&hellip;]","og_url":"https:\/\/instytutpolski.pl\/paris\/equipe\/","og_site_name":"Instytut Polski w Pary\u017cu","article_modified_time":"2026-03-24T11:12:49+00:00","og_image":[{"width":2560,"height":1707,"url":"https:\/\/instytutpolski.pl\/paris\/wp-content\/uploads\/sites\/14\/2026\/02\/Instytut2026-45-scaled.jpg","type":"image\/jpeg"}],"twitter_card":"summary_large_image","twitter_misc":{"Szacowany czas czytania":"3 minuty"},"schema":{"@context":"https:\/\/schema.org","@graph":[{"@type":"WebPage","@id":"https:\/\/instytutpolski.pl\/paris\/equipe\/","url":"https:\/\/instytutpolski.pl\/paris\/equipe\/","name":"L\u2019\u00e9quipe - Instytut Polski w Pary\u017cu","isPartOf":{"@id":"https:\/\/instytutpolski.pl\/paris\/#website"},"primaryImageOfPage":{"@id":"https:\/\/instytutpolski.pl\/paris\/equipe\/#primaryimage"},"image":{"@id":"https:\/\/instytutpolski.pl\/paris\/equipe\/#primaryimage"},"thumbnailUrl":"https:\/\/instytutpolski.pl\/paris\/wp-content\/uploads\/sites\/14\/2026\/02\/Instytut2026-45-1024x683.jpg","datePublished":"2019-05-30T07:00:31+00:00","dateModified":"2026-03-24T11:12:49+00:00","breadcrumb":{"@id":"https:\/\/instytutpolski.pl\/paris\/equipe\/#breadcrumb"},"inLanguage":"pl-PL","potentialAction":[{"@type":"ReadAction","target":["https:\/\/instytutpolski.pl\/paris\/equipe\/"]}]},{"@type":"ImageObject","inLanguage":"pl-PL","@id":"https:\/\/instytutpolski.pl\/paris\/equipe\/#primaryimage","url":"https:\/\/instytutpolski.pl\/paris\/wp-content\/uploads\/sites\/14\/2026\/02\/Instytut2026-45-scaled.jpg","contentUrl":"https:\/\/instytutpolski.pl\/paris\/wp-content\/uploads\/sites\/14\/2026\/02\/Instytut2026-45-scaled.jpg","width":2560,"height":1707},{"@type":"BreadcrumbList","@id":"https:\/\/instytutpolski.pl\/paris\/equipe\/#breadcrumb","itemListElement":[{"@type":"ListItem","position":1,"name":"Home","item":"https:\/\/instytutpolski.pl\/paris\/"},{"@type":"ListItem","position":2,"name":"L\u2019\u00e9quipe"}]},{"@type":"WebSite","@id":"https:\/\/instytutpolski.pl\/paris\/#website","url":"https:\/\/instytutpolski.pl\/paris\/","name":"Instytut Polski w Pary\u017cu","description":"Instytuty Polskie","potentialAction":[{"@type":"SearchAction","target":{"@type":"EntryPoint","urlTemplate":"https:\/\/instytutpolski.pl\/paris\/?s={search_term_string}"},"query-input":{"@type":"PropertyValueSpecification","valueRequired":true,"valueName":"search_term_string"}}],"inLanguage":"pl-PL"}]}},"_links":{"self":[{"href":"https:\/\/instytutpolski.pl\/paris\/wp-json\/wp\/v2\/pages\/262","targetHints":{"allow":["GET"]}}],"collection":[{"href":"https:\/\/instytutpolski.pl\/paris\/wp-json\/wp\/v2\/pages"}],"about":[{"href":"https:\/\/instytutpolski.pl\/paris\/wp-json\/wp\/v2\/types\/page"}],"author":[{"embeddable":true,"href":"https:\/\/instytutpolski.pl\/paris\/wp-json\/wp\/v2\/users\/1"}],"replies":[{"embeddable":true,"href":"https:\/\/instytutpolski.pl\/paris\/wp-json\/wp\/v2\/comments?post=262"}],"version-history":[{"count":5,"href":"https:\/\/instytutpolski.pl\/paris\/wp-json\/wp\/v2\/pages\/262\/revisions"}],"predecessor-version":[{"id":11486,"href":"https:\/\/instytutpolski.pl\/paris\/wp-json\/wp\/v2\/pages\/262\/revisions\/11486"}],"wp:attachment":[{"href":"https:\/\/instytutpolski.pl\/paris\/wp-json\/wp\/v2\/media?parent=262"}],"curies":[{"name":"wp","href":"https:\/\/api.w.org\/{rel}","templated":true}]}}