{"id":265,"date":"2019-05-30T09:04:04","date_gmt":"2019-05-30T07:04:04","guid":{"rendered":"https:\/\/instytutpolski.pl\/paryz\/?page_id=265"},"modified":"2019-05-30T09:04:05","modified_gmt":"2019-05-30T07:04:05","slug":"partenaires","status":"publish","type":"page","link":"https:\/\/instytutpolski.pl\/paris\/partenaires\/","title":{"rendered":"Partenaires"},"content":{"rendered":"\n\n<h1>Partenaires<\/h1>\n<p>Ville de Paris :\u00a0<a href=\"http:\/\/www.international.paris.fr\/\">www.international.paris.fr<\/a><\/p>\n<h2>\u00a0<br \/>Institutions de promotion de la culture et l`\u00e9conomie polonaise<\/h2>\n<p>\u00a0<br \/>Portail officiel de promotion de la Pologne :\u00a0<a href=\"http:\/\/www.poland.gov.pl\/\">www.poland.gov.pl<\/a><\/p>\n<p>Institut d\u2019Adam Mickiewicz :\u00a0<a href=\"http:\/\/www.iam.pl\/pl\/site\/\">http:\/\/www.iam.pl\/pl\/site\/<\/a><\/p>\n<p>Centre culturel international de Cracovie :\u00a0<a href=\"http:\/\/www.mck.krakow.pl\/\">http:\/\/www.mck.krakow.pl<\/a><\/p>\n<p>Institut national de l&#8217;Audiovisuel :\u00a0<a href=\"http:\/\/www.nina.gov.pl\/\">http:\/\/www.nina.gov.pl<\/a><\/p>\n<p>Institut du Livre \u00e0 Cracovie :\u00a0<a href=\"http:\/\/www.instytutksiazki.pl\/\">http:\/\/www.instytutksiazki.pl<\/a><\/p>\n<p>Institut polonais d&#8217;art cin\u00e9matographique :\u00a0<a href=\"http:\/\/www.pisf.pl\/\">http:\/\/www.pisf.pl<\/a><\/p>\n<p>Filmoth\u00e8que nationale :\u00a0<a href=\"http:\/\/www.fn.org.pl\/\">http:\/\/www.fn.org.pl<\/a><\/p>\n<p>Institut national Fr\u00e9d\u00e9ric Chopin :\u00a0<a href=\"http:\/\/pl.chopin.nifc.pl\/\">http:\/\/pl.chopin.nifc.pl<\/a><\/p>\n<p>Centre polonais d&#8217;information musicale :\u00a0<a href=\"http:\/\/www.polmic.pl\/\">http:\/\/www.polmic.pl<\/a><\/p>\n<p>LOT Polish Airlines :\u00a0<a href=\"http:\/\/www.lot.com.pl\/\">http:\/\/www.lot.com.pl<\/a><\/p>\n<p>Office National Polonais de Tourisme a Paris :\u00a0<a href=\"http:\/\/www.pologne.travel\/\">http:\/\/www.pologne.travel<\/a><\/p>\n<p>Agence d`Investissements et du Commerce de Pologne en France :\u00a0<a href=\"http:\/\/www.paih.gov.pl\/\">http:\/\/www.paih.gov.pl<\/a><\/p>\n<p>Portail pour les chercheurs qui souhaitent venir en Pologne :\u00a0<a href=\"http:\/\/www.euraxess.pl\/\">http:\/\/www.euraxess.pl\/<\/a><\/p>\n<h2>\u00a0<br \/>Importantes institutions culturelles en Pologne<\/h2>\n<p>\u00a0<br \/>Festival du Dialogue des quatre Cultures :\u00a0<a href=\"http:\/\/www.4kultury.pl\/\">http:\/\/www.4kultury.pl<\/a><\/p>\n<p>Polskie Radio :\u00a0<a href=\"http:\/\/www.polskieradio.pl\/\">http:\/\/www.polskieradio.pl<\/a><\/p>\n<p>La Radio Polonaise disponible en six versions linguistiques:\u00a0<a href=\"http:\/\/thenews.pl\/\">http:\/\/thenews.pl<\/a><\/p>\n<p><br \/>\u00a0\u00a0\u00a0 La Radio Polonaise a commenc\u00e9 \u00e0 \u00e9mettre ses premiers programmes en anglais avant la Seconde Guerre mondiale. L&#8217;objectif de la Radio Polonaise pour l&#8217;\u00c9tranger est d&#8217;informer des \u00e9v\u00e8nements qui ont lieu en Pologne et de pr\u00e9senter le point de vue polonais sur l&#8217;actualit\u00e9 internationale.<br \/>\u00a0\u00a0\u00a0 \u00a0<\/p>\n<h2>\u00a0\u00a0\u00a0 Histoire<\/h2>\n<p>\u00a0\u00a0\u00a0\u00a0\u00a0<br \/>\u00a0\u00a0\u00a0 Direction g\u00e9n\u00e9rale des Archives nationales :\u00a0<a href=\"http:\/\/www.archiwa.gov.pl\/\">http:\/\/www.archiwa.gov.pl<\/a><\/p>\n<p>\u00a0\u00a0\u00a0 Office national d&#8217;\u00e9tudes et de documentation sur les monuments :\u00a0<a href=\"http:\/\/www.kobidz.pl\/\">http:\/\/www.kobidz.pl\/<\/a><\/p>\n<p>\u00a0\u00a0\u00a0 Institut de la m\u00e9moire nationale (IPN) :\u00a0\u00a0<a href=\"http:\/\/www.ipn.gov.pl\/\">http:\/\/www.ipn.gov.pl<\/a><\/p>\n<p>\u00a0\u00a0\u00a0 Seconde guerre mondiale :\u00a0<a href=\"http:\/\/www.fr.truthaboutcamps.eu\/\">http:\/\/www.fr.truthaboutcamps.eu\/<\/a><\/p>\n<p>\u00a0\u00a0\u00a0 Site \u00ab La Pologne et les Polonais durant la Seconde guerre mondiale \u00bb\u00a0<a href=\"https:\/\/ww2.pl\/fr\/\">https:\/\/ww2.pl\/fr\/<\/a><\/p>\n<p>\u00a0<\/p>\n<h2>\u00a0\u00a0\u00a0 Litt\u00e9rature<br \/>\u00a0\u00a0\u00a0\u00a0<\/h2>\n<p>\u00a0\u00a0\u00a0 Site sur Witold Gombrowicz :\u00a0<a href=\"http:\/\/www.gombrowicz.net\/\">www.gombrowicz.net<\/a><\/p>\n<p>\u00a0\u00a0\u00a0 Institut de Recherche litt\u00e9raire de l&#8217;Acad\u00e9mie polonaise des Sciences :\u00a0<a href=\"http:\/\/www.ibl.waw.pl\/\">http:\/\/www.ibl.waw.pl<\/a><\/p>\n<p>\u00a0\u00a0\u00a0 Biblioth\u00e8que Nationale : http:\/\/www.bn.org.pl;\u00a0<a href=\"https:\/\/polona.pl\/\">https:\/\/polona.pl\/<\/a><\/p>\n<p>\u00a0\u00a0\u00a0 Fonds national \u00ab Ossoli\u0144ski \u00bb :\u00a0<a href=\"http:\/\/www.oss.wroc.pl\/\">http:\/\/www.oss.wroc.pl<\/a><\/p>\n<p>\u00a0\u00a0\u00a0 Biblioth\u00e8que Jagellone de Cracovie :\u00a0<a href=\"http:\/\/www.bj.uj.edu.pl\/\">http:\/\/www.bj.uj.edu.pl<\/a><\/p>\n<p>\u00a0\u00a0\u00a0 Chambre polonaise des Libraires :\u00a0<a href=\"http:\/\/www.ikp.org.pl\/\">http:\/\/www.ikp.org.pl<\/a><\/p>\n<p>\u00a0\u00a0\u00a0 Biblioth\u00e8que num\u00e9rique dLibra :\u00a0<a href=\"http:\/\/dlibra.psnc.pl\/\">http:\/\/dlibra.psnc.pl\/<\/a><\/p>\n<p>\u00a0\u00a0\u00a0<\/p>\n<h2>\u00a0\u00a0\u00a0 Th\u00e9\u00e2tre<\/h2>\n<p><br \/>\u00a0\u00a0\u00a0 Institut th\u00e9\u00e2tral Zbigniew Raszewski :\u00a0<a href=\"http:\/\/www.instytut-teatralny.pl\/\">http:\/\/www.instytut-teatralny.pl<\/a><\/p>\n<p>\u00a0\u00a0 Cricoth\u00e8que. Centre de Documentation th\u00e9\u00e2trale de Tadeusz Kantor :\u00a0<a href=\"http:\/\/www.cricoteka.pl\/\">http:\/\/www.cricoteka.pl<\/a><\/p>\n<p>\u00a0\u00a0\u00a0 Institut Jerzy Grotowski :\u00a0<a href=\"http:\/\/www.grotowski-institute.art.pl\/\">http:\/\/www.grotowski-institute.art.pl<\/a><\/p>\n<p>\u00a0\u00a0\u00a0 Festival th\u00e9\u00e2tral international \u00ab Dialog-Wroc\u0142aw \u00bb :\u00a0<a href=\"http:\/\/www.dialogfestival.pl\/\">http:\/\/www.dialogfestival.pl<\/a><\/p>\n<p>\u00a0\u00a0\u00a0 TR Warszawa :\u00a0<a href=\"http:\/\/www.trwarszawa.pl\/\">http:\/\/www.trwarszawa.pl<\/a><\/p>\n<p>\u00a0\u00a0\u00a0 Teatr Dramatyczny \/ Th\u00e9\u00e2tre dramatique de la ville de Varsovie :\u00a0<a href=\"http:\/\/www.teatrdramatyczny.pl\/\">http:\/\/www.teatrdramatyczny.pl<\/a><\/p>\n<p>\u00a0\u00a0\u00a0 Nowy Teatr \/Nouveau Th\u00e9\u00e2tre, Varsovie :\u00a0<a href=\"http:\/\/www.nowyteatr.org\/\">http:\/\/www.nowyteatr.org<\/a><\/p>\n<p>\u00a0\u00a0\u00a0 Stary Teatr \/ Le Vieux Th\u00e9\u00e2tre, Cracovie :\u00a0<a href=\"http:\/\/www.stary-teatr.krakow.pl\/\">http:\/\/www.stary-teatr.krakow.pl<\/a><\/p>\n<p>\u00a0\u00a0\u00a0 Teatr Wielki \/ Le Grand Th\u00e9\u00e2tre &#8211; Op\u00e9ra national :\u00a0<a href=\"http:\/\/www.teatrwielki.pl\/\">http:\/\/www.teatrwielki.pl<\/a><\/p>\n<p>\u00a0\u00a0\u00a0 Wroc\u0142awski Teatr Wsp\u00f3\u0142czesny \/ Th\u00e9\u00e2tre Wsp\u00f3\u0142czesny de Wroc\u0142aw:\u00a0<a href=\"http:\/\/www.wteatrw.pl\/\">http:\/\/www.wteatrw.pl<\/a><\/p>\n<p>\u00a0\u00a0\u00a0 Wroc\u0142awski Teatr Lalek \/ Th\u00e9\u00e2tre de marionettes de Wroc\u0142aw:\u00a0<a href=\"http:\/\/teatrlalek.wroclaw.pl\/\">http:\/\/teatrlalek.wroclaw.pl<\/a><\/p>\n<p>\u00a0\u00a0\u00a0 Th\u00e9\u00e2tre de marionnettes de Bia\u0142ystok :\u00a0<a href=\"http:\/\/www.btl.bialystok.pl\/\">http:\/\/www.btl.bialystok.pl<\/a><\/p>\n<p>\u00a0<\/p>\n<h2>\u00a0\u00a0\u00a0 Musique<\/h2>\n<p><br \/>\u00a0\u00a0\u00a0 \u00abAutomne varsovien\u00bb, Festival international de Musique contemporaine :\u00a0<a href=\"http:\/\/www.warsaw-autumn.art.pl\/\">http:\/\/www.warsaw-autumn.art.pl<\/a><\/p>\n<p>\u00a0\u00a0\u00a0 Concours \u00ab Fr\u00e9d\u00e9ric Chopin \u00bb : Concours international de piano :\u00a0<a href=\"http:\/\/konkurs.chopin.pl\/\">http:\/\/konkurs.chopin.pl<\/a><\/p>\n<p>\u00a0\u00a0\u00a0 Concours \u00ab Henri Wieniawski \u00bb : Concours international de violon :\u00a0<a href=\"http:\/\/www.wieniawski.pl\/\">http:\/\/www.wieniawski.pl<\/a><\/p>\n<p>\u00a0\u00a0\u00a0 Festival international \u00ab Wratislavia Cantans \u00bb :\u00a0<a href=\"http:\/\/www.wratislavia.art.pl\/\">http:\/\/www.wratislavia.art.pl<\/a><\/p>\n<p>\u00a0\u00a0\u00a0 Op\u00e9ra de Wroc\u0142aw :\u00a0<a href=\"http:\/\/www.opera.wroclaw.pl\/\">http:\/\/www.opera.wroclaw.pl<\/a><\/p>\n<p>\u00a0\u00a0\u00a0 Orchestre philharmonique national :\u00a0<a href=\"http:\/\/www.filharmonia.pl\/\">http:\/\/www.filharmonia.pl<\/a><\/p>\n<p>\u00a0\u00a0\u00a0 Orchestre philharmonique polonais de la Baltique \u00ab Fr\u00e9d\u00e9ric Chopin \u00bb :\u00a0<a href=\"http:\/\/www.filharmonia.gda.pl\/\">http:\/\/www.filharmonia.gda.pl<\/a><\/p>\n<p>\u00a0\u00a0\u00a0 Orchestre philharmonique \u00ab Karol Szymanowski \u00bb de Cracovie :\u00a0<a href=\"http:\/\/www.filharmonia.krakow.pl\/\">http:\/\/www.filharmonia.krakow.pl<\/a><\/p>\n<p>\u00a0\u00a0\u00a0 \u00abOp\u00e9ra cracovien\u00bb de Cracovie :\u00a0<a href=\"http:\/\/www.opera.krakow.pl\/\">http:\/\/www.opera.krakow.pl<\/a><\/p>\n<p>\u00a0\u00a0\u00a0 Orchestre philharmonique \u00ab Tadeusz Szeligowski \u00bb de Pozna\u0144 :\u00a0<a href=\"http:\/\/www.filharmonia.poznan.pl\/\">http:\/\/www.filharmonia.poznan.pl<\/a><\/p>\n<p>\u00a0<\/p>\n<h2>\u00a0\u00a0\u00a0 Cin\u00e9ma<\/h2>\n<p><br \/>\u00a0\u00a0\u00a0 Festival du film polonais de fiction de Gdynia :\u00a0<a href=\"http:\/\/www.fpff.pl\/\">http:\/\/www.fpff.pl<\/a><\/p>\n<p>\u00a0\u00a0\u00a0 Festival international Era Nouveaux horizons :\u00a0<a href=\"http:\/\/www.enh.pl\/\">http:\/\/www.enh.pl\/<\/a><\/p>\n<p>\u00a0\u00a0\u00a0 Festival du film de Varsovie :\u00a0<a href=\"http:\/\/wff.pl\/\">http:\/\/wff.pl\/<\/a><\/p>\n<h2><br \/>\u00a0\u00a0\u00a0 Arts visuels<\/h2>\n<p><br \/>\u00a0\u00a0\u00a0 Mus\u00e9e national de Varsovie :\u00a0<a href=\"http:\/\/www.mnw.art.pl\/\">http:\/\/www.mnw.art.pl<\/a><\/p>\n<p>\u00a0\u00a0\u00a0 Mus\u00e9e national de Cracovie :\u00a0<a href=\"http:\/\/www.muzeum.krakow.pl\/\">http:\/\/www.muzeum.krakow.pl<\/a><\/p>\n<p>\u00a0\u00a0\u00a0 Mus\u00e9e national de Wroclaw :\u00a0<a href=\"http:\/\/www.mnwr.art.pl\/\">http:\/\/www.mnwr.art.pl<\/a><\/p>\n<p>\u00a0\u00a0\u00a0 Galerie nationale d&#8217;Art \u00ab Zach\u0119ta \u00bb de Varsovie :\u00a0<a href=\"http:\/\/www.zacheta.art.pl\/\">http:\/\/www.zacheta.art.pl<\/a><\/p>\n<p>\u00a0\u00a0\u00a0 Muzeum Sztuki de \u0141\u00f3d\u017a :\u00a0<a href=\"http:\/\/www.msl.org.pl\/\">http:\/\/www.msl.org.pl<\/a><\/p>\n<p>\u00a0\u00a0\u00a0 Centre d&#8217;Art contemporain \u00ab Ch\u00e2teau Ujazdowski \u00bb de Varsovie :\u00a0<a href=\"http:\/\/www.csw.art.pl\/\">http:\/\/www.csw.art.pl<\/a><\/p>\n<p>\u00a0\u00a0\u00a0 Centre d&#8217;Art contemporain de Toru\u0144 :\u00a0<a href=\"http:\/\/www.csw.torun.pl\/\">http:\/\/www.csw.torun.pl<\/a><\/p>\n<p>\u00a0\u00a0\u00a0 Galerie \u00ab Arsenal \u00bb de Bialystok :\u00a0<a href=\"http:\/\/www.galeria-arsenal.pl\/\">http:\/\/www.galeria-arsenal.pl<\/a><\/p>\n<p>\u00a0\u00a0\u00a0 \u00abBunker de l&#8217;Art\u00bb de Cracovie :\u00a0<a href=\"http:\/\/www.bunkier.art.pl\/\">http:\/\/www.bunkier.art.pl<\/a><\/p>\n<p>\u00a0\u00a0\u00a0 Centre d&#8217;Art contemporain \u00ab \u0141a\u017ania \u00bb de Gdansk :\u00a0<a href=\"http:\/\/www.laznia.pl\/\">http:\/\/www.laznia.pl<\/a><\/p>\n<p>\u00a0\u00a0\u00a0 T\u00e9l\u00e9 magazine :\u00a0<a href=\"http:\/\/www.tlmagazine.com\/\">http:\/\/www.tlmagazine.com<\/a><\/p>\n<h2>\u00a0\u00a0\u00a0<br \/>\u00a0\u00a0\u00a0 Etudier en Pologne<\/h2>\n<p><br \/>\u00a0\u00a0\u00a0 Programme &#8222;Ready, Study, Go! Poland&#8221; :\u00a0<a href=\"http:\/\/www.go-poland.pl\/\">http:\/\/www.go-poland.pl<\/a><\/p>\n","protected":false},"excerpt":{"rendered":"<p>Partenaires Ville de Paris :\u00a0www.international.paris.fr \u00a0Institutions de promotion de la culture et l`\u00e9conomie polonaise \u00a0Portail officiel de promotion de la Pologne :\u00a0www.poland.gov.pl Institut d\u2019Adam Mickiewicz :\u00a0http:\/\/www.iam.pl\/pl\/site\/ Centre culturel international de Cracovie :\u00a0http:\/\/www.mck.krakow.pl Institut national de l&#8217;Audiovisuel :\u00a0http:\/\/www.nina.gov.pl Institut du Livre \u00e0 Cracovie :\u00a0http:\/\/www.instytutksiazki.pl Institut polonais d&#8217;art cin\u00e9matographique :\u00a0http:\/\/www.pisf.pl Filmoth\u00e8que nationale :\u00a0http:\/\/www.fn.org.pl Institut national Fr\u00e9d\u00e9ric Chopin [&hellip;]<\/p>\n","protected":false},"author":1,"featured_media":0,"parent":0,"menu_order":0,"comment_status":"closed","ping_status":"closed","template":"","meta":{"inline_featured_image":false,"_monsterinsights_skip_tracking":false,"_monsterinsights_sitenote_active":false,"_monsterinsights_sitenote_note":"","_monsterinsights_sitenote_category":0,"footnotes":""},"class_list":["post-265","page","type-page","status-publish","hentry"],"yoast_head":"<!-- This site is optimized with the Yoast SEO plugin v24.6 - https:\/\/yoast.com\/wordpress\/plugins\/seo\/ -->\n<title>Partenaires - Instytut Polski w Pary\u017cu<\/title>\n<meta name=\"robots\" content=\"index, follow, max-snippet:-1, max-image-preview:large, max-video-preview:-1\" \/>\n<link rel=\"canonical\" href=\"https:\/\/instytutpolski.pl\/paris\/partenaires\/\" \/>\n<meta property=\"og:locale\" content=\"pl_PL\" \/>\n<meta property=\"og:type\" content=\"article\" \/>\n<meta property=\"og:title\" content=\"Partenaires - Instytut Polski w Pary\u017cu\" \/>\n<meta property=\"og:description\" content=\"Partenaires Ville de Paris :\u00a0www.international.paris.fr \u00a0Institutions de promotion de la culture et l`\u00e9conomie polonaise \u00a0Portail officiel de promotion de la Pologne :\u00a0www.poland.gov.pl Institut d\u2019Adam Mickiewicz :\u00a0http:\/\/www.iam.pl\/pl\/site\/ Centre culturel international de Cracovie :\u00a0http:\/\/www.mck.krakow.pl Institut national de l&#8217;Audiovisuel :\u00a0http:\/\/www.nina.gov.pl Institut du Livre \u00e0 Cracovie :\u00a0http:\/\/www.instytutksiazki.pl Institut polonais d&#8217;art cin\u00e9matographique :\u00a0http:\/\/www.pisf.pl Filmoth\u00e8que nationale :\u00a0http:\/\/www.fn.org.pl Institut national Fr\u00e9d\u00e9ric Chopin [&hellip;]\" \/>\n<meta property=\"og:url\" content=\"https:\/\/instytutpolski.pl\/paris\/partenaires\/\" \/>\n<meta property=\"og:site_name\" content=\"Instytut Polski w Pary\u017cu\" \/>\n<meta property=\"article:modified_time\" content=\"2019-05-30T07:04:05+00:00\" \/>\n<meta name=\"twitter:card\" content=\"summary_large_image\" \/>\n<meta name=\"twitter:label1\" content=\"Szacowany czas czytania\" \/>\n\t<meta name=\"twitter:data1\" content=\"4 minuty\" \/>\n<script type=\"application\/ld+json\" class=\"yoast-schema-graph\">{\"@context\":\"https:\/\/schema.org\",\"@graph\":[{\"@type\":\"WebPage\",\"@id\":\"https:\/\/instytutpolski.pl\/paris\/partenaires\/\",\"url\":\"https:\/\/instytutpolski.pl\/paris\/partenaires\/\",\"name\":\"Partenaires - Instytut Polski w Pary\u017cu\",\"isPartOf\":{\"@id\":\"https:\/\/instytutpolski.pl\/paris\/#website\"},\"datePublished\":\"2019-05-30T07:04:04+00:00\",\"dateModified\":\"2019-05-30T07:04:05+00:00\",\"breadcrumb\":{\"@id\":\"https:\/\/instytutpolski.pl\/paris\/partenaires\/#breadcrumb\"},\"inLanguage\":\"pl-PL\",\"potentialAction\":[{\"@type\":\"ReadAction\",\"target\":[\"https:\/\/instytutpolski.pl\/paris\/partenaires\/\"]}]},{\"@type\":\"BreadcrumbList\",\"@id\":\"https:\/\/instytutpolski.pl\/paris\/partenaires\/#breadcrumb\",\"itemListElement\":[{\"@type\":\"ListItem\",\"position\":1,\"name\":\"Home\",\"item\":\"https:\/\/instytutpolski.pl\/paris\/\"},{\"@type\":\"ListItem\",\"position\":2,\"name\":\"Partenaires\"}]},{\"@type\":\"WebSite\",\"@id\":\"https:\/\/instytutpolski.pl\/paris\/#website\",\"url\":\"https:\/\/instytutpolski.pl\/paris\/\",\"name\":\"Instytut Polski w Pary\u017cu\",\"description\":\"Instytuty Polskie\",\"potentialAction\":[{\"@type\":\"SearchAction\",\"target\":{\"@type\":\"EntryPoint\",\"urlTemplate\":\"https:\/\/instytutpolski.pl\/paris\/?s={search_term_string}\"},\"query-input\":{\"@type\":\"PropertyValueSpecification\",\"valueRequired\":true,\"valueName\":\"search_term_string\"}}],\"inLanguage\":\"pl-PL\"}]}<\/script>\n<!-- \/ Yoast SEO plugin. -->","yoast_head_json":{"title":"Partenaires - Instytut Polski w Pary\u017cu","robots":{"index":"index","follow":"follow","max-snippet":"max-snippet:-1","max-image-preview":"max-image-preview:large","max-video-preview":"max-video-preview:-1"},"canonical":"https:\/\/instytutpolski.pl\/paris\/partenaires\/","og_locale":"pl_PL","og_type":"article","og_title":"Partenaires - Instytut Polski w Pary\u017cu","og_description":"Partenaires Ville de Paris :\u00a0www.international.paris.fr \u00a0Institutions de promotion de la culture et l`\u00e9conomie polonaise \u00a0Portail officiel de promotion de la Pologne :\u00a0www.poland.gov.pl Institut d\u2019Adam Mickiewicz :\u00a0http:\/\/www.iam.pl\/pl\/site\/ Centre culturel international de Cracovie :\u00a0http:\/\/www.mck.krakow.pl Institut national de l&#8217;Audiovisuel :\u00a0http:\/\/www.nina.gov.pl Institut du Livre \u00e0 Cracovie :\u00a0http:\/\/www.instytutksiazki.pl Institut polonais d&#8217;art cin\u00e9matographique :\u00a0http:\/\/www.pisf.pl Filmoth\u00e8que nationale :\u00a0http:\/\/www.fn.org.pl Institut national Fr\u00e9d\u00e9ric Chopin [&hellip;]","og_url":"https:\/\/instytutpolski.pl\/paris\/partenaires\/","og_site_name":"Instytut Polski w Pary\u017cu","article_modified_time":"2019-05-30T07:04:05+00:00","twitter_card":"summary_large_image","twitter_misc":{"Szacowany czas czytania":"4 minuty"},"schema":{"@context":"https:\/\/schema.org","@graph":[{"@type":"WebPage","@id":"https:\/\/instytutpolski.pl\/paris\/partenaires\/","url":"https:\/\/instytutpolski.pl\/paris\/partenaires\/","name":"Partenaires - Instytut Polski w Pary\u017cu","isPartOf":{"@id":"https:\/\/instytutpolski.pl\/paris\/#website"},"datePublished":"2019-05-30T07:04:04+00:00","dateModified":"2019-05-30T07:04:05+00:00","breadcrumb":{"@id":"https:\/\/instytutpolski.pl\/paris\/partenaires\/#breadcrumb"},"inLanguage":"pl-PL","potentialAction":[{"@type":"ReadAction","target":["https:\/\/instytutpolski.pl\/paris\/partenaires\/"]}]},{"@type":"BreadcrumbList","@id":"https:\/\/instytutpolski.pl\/paris\/partenaires\/#breadcrumb","itemListElement":[{"@type":"ListItem","position":1,"name":"Home","item":"https:\/\/instytutpolski.pl\/paris\/"},{"@type":"ListItem","position":2,"name":"Partenaires"}]},{"@type":"WebSite","@id":"https:\/\/instytutpolski.pl\/paris\/#website","url":"https:\/\/instytutpolski.pl\/paris\/","name":"Instytut Polski w Pary\u017cu","description":"Instytuty Polskie","potentialAction":[{"@type":"SearchAction","target":{"@type":"EntryPoint","urlTemplate":"https:\/\/instytutpolski.pl\/paris\/?s={search_term_string}"},"query-input":{"@type":"PropertyValueSpecification","valueRequired":true,"valueName":"search_term_string"}}],"inLanguage":"pl-PL"}]}},"_links":{"self":[{"href":"https:\/\/instytutpolski.pl\/paris\/wp-json\/wp\/v2\/pages\/265","targetHints":{"allow":["GET"]}}],"collection":[{"href":"https:\/\/instytutpolski.pl\/paris\/wp-json\/wp\/v2\/pages"}],"about":[{"href":"https:\/\/instytutpolski.pl\/paris\/wp-json\/wp\/v2\/types\/page"}],"author":[{"embeddable":true,"href":"https:\/\/instytutpolski.pl\/paris\/wp-json\/wp\/v2\/users\/1"}],"replies":[{"embeddable":true,"href":"https:\/\/instytutpolski.pl\/paris\/wp-json\/wp\/v2\/comments?post=265"}],"version-history":[{"count":1,"href":"https:\/\/instytutpolski.pl\/paris\/wp-json\/wp\/v2\/pages\/265\/revisions"}],"predecessor-version":[{"id":266,"href":"https:\/\/instytutpolski.pl\/paris\/wp-json\/wp\/v2\/pages\/265\/revisions\/266"}],"wp:attachment":[{"href":"https:\/\/instytutpolski.pl\/paris\/wp-json\/wp\/v2\/media?parent=265"}],"curies":[{"name":"wp","href":"https:\/\/api.w.org\/{rel}","templated":true}]}}