{"id":269,"date":"2019-05-30T09:06:25","date_gmt":"2019-05-30T07:06:25","guid":{"rendered":"https:\/\/instytutpolski.pl\/paryz\/?page_id=269"},"modified":"2019-05-30T09:06:26","modified_gmt":"2019-05-30T07:06:26","slug":"instituts-polonais-dans-le-monde","status":"publish","type":"page","link":"https:\/\/instytutpolski.pl\/paris\/instituts-polonais-dans-le-monde\/","title":{"rendered":"Instituts polonais dans le monde"},"content":{"rendered":"\n<h1>\u00a0<\/h1>\n<p>Pr\u00e9sents dans de nombreux pays, les Instituts Polonais assurent le rayonnement de la culture polonaise \u00e0 travers le monde. Ci-dessous vous trouverez la liste compl\u00e8te des \u00e9tablissements culturels polonais repartis en Europe, aux Etats-Unis ou encore en Isra\u00ebl.<br \/><br \/><\/p>\n<ul class=\"kafelki3\">\n<li>L\u2019Institut Polonais \u00e0 Berlin <a href=\"http:\/\/www.polnischekultur.de\/\">http:\/\/www.polnischekultur.de<\/a>\u00a0<\/li>\n<li>L\u2019Institut Polonais \u00e0 Bratislava <a href=\"http:\/\/www.polinst.sk\/\">http:\/\/www.polinst.sk<\/a>\u00a0<\/li>\n<li>L&#8217;Institut Polonais \u00e0 Bruxelles <a href=\"http:\/\/www.culturepolonaise.eu\/\">http:\/\/www.culturepolonaise.eu\/<\/a>\u00a0<\/li>\n<li>L\u2019Institut Polonais \u00e0 Budapest <a href=\"http:\/\/www.lengyelintezet.hu\/\">http:\/\/www.lengyelintezet.hu<\/a> <a href=\"http:\/\/www.polinst.hu\/index.php\">http:\/\/www.polinst.hu\/index.php<\/a><\/li>\n<li>L\u2019Institut Polonais \u00e0 Bucarest <a href=\"http:\/\/www.culturapoloneza.ro\/\">http:\/\/www.culturapoloneza.ro<\/a> \u00a0<\/li>\n<li>L\u2019Institut Polonais \u00e0 D\u00fcsseldorf <a href=\"http:\/\/www.polnisches-institut.de\/\">http:\/\/www.polnisches-institut.de<\/a><\/li>\n<li>\u00a0\u00a0<br \/>L\u2019Institut Polonais \u00e0 Kiev <a href=\"http:\/\/www.polinst.kiev.ua\/\">http:\/\/www.polinst.kiev.ua<\/a><\/li>\n<li><br \/>L\u2019Institut Polonais \u00e0 Leipzig <a href=\"http:\/\/www.polinst-l.de\/\">http:\/\/www.polinst-l.de<\/a> \u00a0<\/li>\n<li><br \/>L\u2019Institut Polonais \u00e0 Londres <a href=\"http:\/\/www.polishculture.org.uk\/\">http:\/\/www.polishculture.org.uk<\/a><\/li>\n<li>L&#8217;Institut Polonais \u00e0 Madrid <a href=\"http:\/\/www.culturapolaca.es\/\">http:\/\/www.culturapolaca.es<\/a><\/li>\n<li>L\u2019Institut Polonais \u00e0 Minsk <a href=\"http:\/\/instpol.by\/\">http:\/\/instpol.by<\/a>\u00a0<\/li>\n<li>L\u2019Institut Polonais \u00e0 Moscou <a href=\"http:\/\/www.ipol.ru\/\">http:\/\/www.ipol.ru<\/a><\/li>\n<li>L\u2019Institut Polonais \u00e0 New York <a href=\"http:\/\/www.polishculture-nyc.org\/\">http:\/\/www.polishculture-nyc.org<\/a>\u00a0<\/li>\n<li>L\u2019Institut Polonais \u00e0 Prague <a href=\"http:\/\/www.polskyinstitut.cz\/\">http:\/\/www.polskyinstitut.cz<\/a><\/li>\n<li>L\u2019Institut Polonais \u00e0 Rome <a href=\"http:\/\/www.istitutopolacco.it\/\">http:\/\/www.istitutopolacco.it<\/a><\/li>\n<li>L\u2019Institut Polonais \u00e0 Saint-P\u00e9tersbourg <a href=\"http:\/\/www.polinst.ru\/\">http:\/\/www.polinst.ru<\/a>\u00a0<\/li>\n<li>L\u2019Institut Polonais \u00e0 Sofia <a href=\"http:\/\/www.polinst-bg.org\/\">http:\/\/www.polinst-bg.org<\/a>\u00a0<\/li>\n<li>L\u2019Institut Polonais \u00e0 Stockholm <a href=\"http:\/\/www.polskainstitutet.se\/\">http:\/\/www.polskainstitutet.se<\/a>\u00a0<\/li>\n<li>L\u2019Institut Polonais \u00e0 Tel-Aviv <a href=\"http:\/\/www.polishinstitute.org.il\/\">http:\/\/www.polishinstitute.org.il<\/a><\/li>\n<li>L\u2019Institut Polonais \u00e0 Vienne <a href=\"http:\/\/www.polnisches-institut.at\/\">http:\/\/www.polnisches-institut.at<\/a>\u00a0<\/li>\n<li>L\u2019Institut Polonais \u00e0 Vilnius<a><br \/><\/a><a href=\"http:\/\/www.lenkukultura.lt\/\">http:\/\/www.lenkukultura.lt<\/a><\/li>\n<\/ul>\n","protected":false},"excerpt":{"rendered":"<p>\u00a0 Pr\u00e9sents dans de nombreux pays, les Instituts Polonais assurent le rayonnement de la culture polonaise \u00e0 travers le monde. Ci-dessous vous trouverez la liste compl\u00e8te des \u00e9tablissements culturels polonais repartis en Europe, aux Etats-Unis ou encore en Isra\u00ebl. L\u2019Institut Polonais \u00e0 Berlin http:\/\/www.polnischekultur.de\u00a0 L\u2019Institut Polonais \u00e0 Bratislava http:\/\/www.polinst.sk\u00a0 L&#8217;Institut Polonais \u00e0 Bruxelles http:\/\/www.culturepolonaise.eu\/\u00a0 L\u2019Institut [&hellip;]<\/p>\n","protected":false},"author":1,"featured_media":0,"parent":0,"menu_order":0,"comment_status":"closed","ping_status":"closed","template":"","meta":{"inline_featured_image":false,"_monsterinsights_skip_tracking":false,"_monsterinsights_sitenote_active":false,"_monsterinsights_sitenote_note":"","_monsterinsights_sitenote_category":0,"footnotes":""},"class_list":["post-269","page","type-page","status-publish","hentry"],"yoast_head":"<!-- This site is optimized with the Yoast SEO plugin v24.6 - https:\/\/yoast.com\/wordpress\/plugins\/seo\/ -->\n<title>Instituts polonais dans le monde - Instytut Polski w Pary\u017cu<\/title>\n<meta name=\"robots\" content=\"index, follow, max-snippet:-1, max-image-preview:large, max-video-preview:-1\" \/>\n<link rel=\"canonical\" href=\"https:\/\/instytutpolski.pl\/paris\/instituts-polonais-dans-le-monde\/\" \/>\n<meta property=\"og:locale\" content=\"pl_PL\" \/>\n<meta property=\"og:type\" content=\"article\" \/>\n<meta property=\"og:title\" content=\"Instituts polonais dans le monde - Instytut Polski w Pary\u017cu\" \/>\n<meta property=\"og:description\" content=\"\u00a0 Pr\u00e9sents dans de nombreux pays, les Instituts Polonais assurent le rayonnement de la culture polonaise \u00e0 travers le monde. Ci-dessous vous trouverez la liste compl\u00e8te des \u00e9tablissements culturels polonais repartis en Europe, aux Etats-Unis ou encore en Isra\u00ebl. L\u2019Institut Polonais \u00e0 Berlin http:\/\/www.polnischekultur.de\u00a0 L\u2019Institut Polonais \u00e0 Bratislava http:\/\/www.polinst.sk\u00a0 L&#8217;Institut Polonais \u00e0 Bruxelles http:\/\/www.culturepolonaise.eu\/\u00a0 L\u2019Institut [&hellip;]\" \/>\n<meta property=\"og:url\" content=\"https:\/\/instytutpolski.pl\/paris\/instituts-polonais-dans-le-monde\/\" \/>\n<meta property=\"og:site_name\" content=\"Instytut Polski w Pary\u017cu\" \/>\n<meta property=\"article:modified_time\" content=\"2019-05-30T07:06:26+00:00\" \/>\n<meta name=\"twitter:card\" content=\"summary_large_image\" \/>\n<meta name=\"twitter:label1\" content=\"Szacowany czas czytania\" \/>\n\t<meta name=\"twitter:data1\" content=\"1 minuta\" \/>\n<script type=\"application\/ld+json\" class=\"yoast-schema-graph\">{\"@context\":\"https:\/\/schema.org\",\"@graph\":[{\"@type\":\"WebPage\",\"@id\":\"https:\/\/instytutpolski.pl\/paris\/instituts-polonais-dans-le-monde\/\",\"url\":\"https:\/\/instytutpolski.pl\/paris\/instituts-polonais-dans-le-monde\/\",\"name\":\"Instituts polonais dans le monde - Instytut Polski w Pary\u017cu\",\"isPartOf\":{\"@id\":\"https:\/\/instytutpolski.pl\/paris\/#website\"},\"datePublished\":\"2019-05-30T07:06:25+00:00\",\"dateModified\":\"2019-05-30T07:06:26+00:00\",\"breadcrumb\":{\"@id\":\"https:\/\/instytutpolski.pl\/paris\/instituts-polonais-dans-le-monde\/#breadcrumb\"},\"inLanguage\":\"pl-PL\",\"potentialAction\":[{\"@type\":\"ReadAction\",\"target\":[\"https:\/\/instytutpolski.pl\/paris\/instituts-polonais-dans-le-monde\/\"]}]},{\"@type\":\"BreadcrumbList\",\"@id\":\"https:\/\/instytutpolski.pl\/paris\/instituts-polonais-dans-le-monde\/#breadcrumb\",\"itemListElement\":[{\"@type\":\"ListItem\",\"position\":1,\"name\":\"Home\",\"item\":\"https:\/\/instytutpolski.pl\/paris\/\"},{\"@type\":\"ListItem\",\"position\":2,\"name\":\"Instituts polonais dans le monde\"}]},{\"@type\":\"WebSite\",\"@id\":\"https:\/\/instytutpolski.pl\/paris\/#website\",\"url\":\"https:\/\/instytutpolski.pl\/paris\/\",\"name\":\"Instytut Polski w Pary\u017cu\",\"description\":\"Instytuty Polskie\",\"potentialAction\":[{\"@type\":\"SearchAction\",\"target\":{\"@type\":\"EntryPoint\",\"urlTemplate\":\"https:\/\/instytutpolski.pl\/paris\/?s={search_term_string}\"},\"query-input\":{\"@type\":\"PropertyValueSpecification\",\"valueRequired\":true,\"valueName\":\"search_term_string\"}}],\"inLanguage\":\"pl-PL\"}]}<\/script>\n<!-- \/ Yoast SEO plugin. -->","yoast_head_json":{"title":"Instituts polonais dans le monde - Instytut Polski w Pary\u017cu","robots":{"index":"index","follow":"follow","max-snippet":"max-snippet:-1","max-image-preview":"max-image-preview:large","max-video-preview":"max-video-preview:-1"},"canonical":"https:\/\/instytutpolski.pl\/paris\/instituts-polonais-dans-le-monde\/","og_locale":"pl_PL","og_type":"article","og_title":"Instituts polonais dans le monde - Instytut Polski w Pary\u017cu","og_description":"\u00a0 Pr\u00e9sents dans de nombreux pays, les Instituts Polonais assurent le rayonnement de la culture polonaise \u00e0 travers le monde. Ci-dessous vous trouverez la liste compl\u00e8te des \u00e9tablissements culturels polonais repartis en Europe, aux Etats-Unis ou encore en Isra\u00ebl. L\u2019Institut Polonais \u00e0 Berlin http:\/\/www.polnischekultur.de\u00a0 L\u2019Institut Polonais \u00e0 Bratislava http:\/\/www.polinst.sk\u00a0 L&#8217;Institut Polonais \u00e0 Bruxelles http:\/\/www.culturepolonaise.eu\/\u00a0 L\u2019Institut [&hellip;]","og_url":"https:\/\/instytutpolski.pl\/paris\/instituts-polonais-dans-le-monde\/","og_site_name":"Instytut Polski w Pary\u017cu","article_modified_time":"2019-05-30T07:06:26+00:00","twitter_card":"summary_large_image","twitter_misc":{"Szacowany czas czytania":"1 minuta"},"schema":{"@context":"https:\/\/schema.org","@graph":[{"@type":"WebPage","@id":"https:\/\/instytutpolski.pl\/paris\/instituts-polonais-dans-le-monde\/","url":"https:\/\/instytutpolski.pl\/paris\/instituts-polonais-dans-le-monde\/","name":"Instituts polonais dans le monde - Instytut Polski w Pary\u017cu","isPartOf":{"@id":"https:\/\/instytutpolski.pl\/paris\/#website"},"datePublished":"2019-05-30T07:06:25+00:00","dateModified":"2019-05-30T07:06:26+00:00","breadcrumb":{"@id":"https:\/\/instytutpolski.pl\/paris\/instituts-polonais-dans-le-monde\/#breadcrumb"},"inLanguage":"pl-PL","potentialAction":[{"@type":"ReadAction","target":["https:\/\/instytutpolski.pl\/paris\/instituts-polonais-dans-le-monde\/"]}]},{"@type":"BreadcrumbList","@id":"https:\/\/instytutpolski.pl\/paris\/instituts-polonais-dans-le-monde\/#breadcrumb","itemListElement":[{"@type":"ListItem","position":1,"name":"Home","item":"https:\/\/instytutpolski.pl\/paris\/"},{"@type":"ListItem","position":2,"name":"Instituts polonais dans le monde"}]},{"@type":"WebSite","@id":"https:\/\/instytutpolski.pl\/paris\/#website","url":"https:\/\/instytutpolski.pl\/paris\/","name":"Instytut Polski w Pary\u017cu","description":"Instytuty Polskie","potentialAction":[{"@type":"SearchAction","target":{"@type":"EntryPoint","urlTemplate":"https:\/\/instytutpolski.pl\/paris\/?s={search_term_string}"},"query-input":{"@type":"PropertyValueSpecification","valueRequired":true,"valueName":"search_term_string"}}],"inLanguage":"pl-PL"}]}},"_links":{"self":[{"href":"https:\/\/instytutpolski.pl\/paris\/wp-json\/wp\/v2\/pages\/269","targetHints":{"allow":["GET"]}}],"collection":[{"href":"https:\/\/instytutpolski.pl\/paris\/wp-json\/wp\/v2\/pages"}],"about":[{"href":"https:\/\/instytutpolski.pl\/paris\/wp-json\/wp\/v2\/types\/page"}],"author":[{"embeddable":true,"href":"https:\/\/instytutpolski.pl\/paris\/wp-json\/wp\/v2\/users\/1"}],"replies":[{"embeddable":true,"href":"https:\/\/instytutpolski.pl\/paris\/wp-json\/wp\/v2\/comments?post=269"}],"version-history":[{"count":1,"href":"https:\/\/instytutpolski.pl\/paris\/wp-json\/wp\/v2\/pages\/269\/revisions"}],"predecessor-version":[{"id":270,"href":"https:\/\/instytutpolski.pl\/paris\/wp-json\/wp\/v2\/pages\/269\/revisions\/270"}],"wp:attachment":[{"href":"https:\/\/instytutpolski.pl\/paris\/wp-json\/wp\/v2\/media?parent=269"}],"curies":[{"name":"wp","href":"https:\/\/api.w.org\/{rel}","templated":true}]}}