{"id":362,"date":"2019-06-13T10:27:43","date_gmt":"2019-06-13T08:27:43","guid":{"rendered":"https:\/\/instytutpolski.pl\/paryz\/?page_id=362"},"modified":"2026-04-02T10:44:11","modified_gmt":"2026-04-02T08:44:11","slug":"newsletter","status":"publish","type":"page","link":"https:\/\/instytutpolski.pl\/paris\/a-propos-de-linstitut-polonais\/newsletter\/","title":{"rendered":"Newsletter"},"content":{"rendered":"<!-- Widget Shortcode --><div id=\"acymailing_subform_widget-2\" class=\"widget widget_acymailing_subform_widget widget-shortcode area-footer-4 \"><script type=\"text\/javascript\">\tif(typeof acymailingModule == 'undefined'){\r\n\t\t\t\tvar acymailingModule = [];\r\n\t\t\t}\r\n\t\t\t\r\n\t\t\tacymailingModule['emailRegex'] = \/^[a-z0-9!#$%&\\'*+\\\/=?^_`{|}~-]+(?:\\.[a-z0-9!#$%&\\'*+\\\/=?^_`{|}~-]+)*\\@([a-z0-9-]+\\.)+[a-z0-9]{2,20}$\/i;\r\n\r\n\t\t\tacymailingModule['NAMECAPTION'] = 'Imi\u0119';\r\n\t\t\tacymailingModule['NAME_MISSING'] = 'Wpisz swoje imi\u0119';\r\n\t\t\tacymailingModule['EMAILCAPTION'] = 'E-mail';\r\n\t\t\tacymailingModule['VALID_EMAIL'] = 'Wpisz prawid\u0142owy adres e-mail';\r\n\t\t\tacymailingModule['ACCEPT_TERMS'] = 'Zapoznaj si\u0119 z regulaminem';\r\n\t\t\tacymailingModule['CAPTCHA_MISSING'] = 'Wpisz kod wy\u015bwietlony na obrazku';\r\n\t\t\tacymailingModule['NO_LIST_SELECTED'] = 'Prosz\u0119 wybra\u0107 listy kt\u00f3re chcesz prenumerowa\u0107';\r\n\t\t<\/script><script type=\"text\/javascript\" src=\"https:\/\/instytutpolski.pl\/paris\/wp-content\/plugins\/acymailing5\/media\/js\/acymailing_module.js?v=5107\" async><\/script><link rel=\"stylesheet\" href=\"https:\/\/instytutpolski.pl\/paris\/wp-content\/plugins\/acymailing5\/media\/css\/module_default.css?v=1554200310\" type=\"text\/css\"><h2 class=\"widgettitle\">Newsletter<\/h2><script type=\"text\/javascript\">\n                    <!--\n                        \n                acymailingModule['level'] = 'enterprise';\n                acymailingModule['reqFieldsformAcymailing41061'] = Array('html','rodo');\n                    acymailingModule['validFieldsformAcymailing41061'] = Array('Prosz\u0119 poda\u0107 warto\u015b\u0107 w polu Odbieranie','Prosz\u0119 wyrazi\u0107 zgod\u0119 aby kontynuowa\u0107');\n                    \n                    \/\/-->\n\t\t\t\t\t<\/script><div class=\"acymailing_module\" id=\"acymailing_module_formAcymailing41061\">\n    <div class=\"acymailing_fulldiv\" id=\"acymailing_fulldiv_formAcymailing41061\" >\n        <form id=\"formAcymailing41061\" action=\"https:\/\/instytutpolski.pl\/paris\/wp-admin\/admin-ajax.php?page=acymailing5_front&ctrl=sub&action=acymailing5_frontrouter&noheader=1\" onsubmit=\"return submitacymailingform('optin','formAcymailing41061')\" method=\"post\" name=\"formAcymailing41061\"  >\n\n            <div class=\"acymailing_module_form\">\n\t\t<div class=\"acymailing_form\">\n\t\t<p class=\"onefield fieldacyemail\" id=\"field_email_formAcymailing41061\"><span class=\"acyfield_email acy_requiredField\"><input id=\"user_email_formAcymailing41061\"  style=\"width:80%\" onfocus=\"if(this.value == 'E-mail') this.value = '';\" onblur=\"if(this.value=='') this.value='E-mail';\" type=\"text\" class=\"inputbox required\" name=\"user[email]\" value=\"E-mail\" title=\"E-mail\"\/><\/span>\n\t\t\t\t\t\t<\/p><p class=\"onefield fieldacyrodo\" id=\"field_rodo_formAcymailing41061\"><span class=\"acyfield_rodo acy_requiredField\"> <input type=\"hidden\" name=\"user[rodo]\" value=\" \" \/>\n<span id=\"span_user_rodo_formAcymailing41061_rodo-zaakceptowane\"><label for=\"user_rodo_formAcymailing41061_rodo-zaakceptowane\"><input type=\"checkbox\" name=\"user[rodo][]\" value=\"rodo-zaakceptowane\" id=\"user_rodo_formAcymailing41061_rodo-zaakceptowane\"   title=\"\"\/> O\u015bwiadczam, \u017ce zapozna\u0142am\/em si\u0119 z informacjami zamieszczonymi poni\u017cej:<\/label><\/span>\n<\/span>\n\t\t\t\t\t\t<\/p><p class=\"onefield fieldacycustomtext_163_7_34_30\" id=\"field_customtext_163_7_34_30_formAcymailing41061\"><span class=\"acyfield_customtext_163_7_34_30\">RODO_INFO_PARIS<\/span>\n\t\t\t\t\t\t<\/p><script type=\"text\/javascript\">\n\t\t\t\t\t<!--\n\t\t\t\t\t\nacymailingModule['excludeValuesformAcymailing41061'] = [];\nacymailingModule['excludeValuesformAcymailing41061']['email'] = 'E-mail';\n\n\t\t\t\t\t\/\/-->\n\t\t\t\t\t<\/script>\t<\/div>\n\n\t<p class=\"acysubbuttons\">\n\t\t<button type=\"submit\" class=\"button subbutton\" value=\"S'abonner\" name=\"Submit\" onclick=\"try{ return submitacymailingform('optin','formAcymailing41061'); }catch(err){alert('The form could not be submitted '+err);return false;}\"><span class=\"fas fa-at\"><\/span><\/button>\n\t\t\t<\/p>\n<\/div>\n            <input type=\"hidden\" name=\"page\" value=\"front\"\/>\n            <input type=\"hidden\" name=\"ctrl\" value=\"sub\"\/>\n            <input type=\"hidden\" name=\"task\" value=\"notask\"\/>\n            <input type=\"hidden\" name=\"option\" value=\"acymailing5\"\/>\n\n            <input type=\"hidden\" name=\"ajax\" value=\"1\"\/>            <input type=\"hidden\" name=\"acy_source\" value=\"widget 2\" \/>\n                        <input type=\"hidden\" name=\"hiddenlists\" value=\"13,12,1\"\/>\n            <input type=\"hidden\" name=\"acyformname\" value=\"formAcymailing41061\" \/>\n\n                    <\/form>\n    <\/div>\n<\/div>\n<\/div><!-- \/Widget Shortcode -->\n<p>Nous vous invitons \u00e0 lire les lettres d&#8217;information mensuelles des \u00e9v\u00e9nements organis\u00e9s, soutenus et recommand\u00e9s par l&#8217;Institut Polonais de Paris :<\/p>\n<a href=\"https:\/\/instytutpolski.pl\/paris\/wp-content\/uploads\/sites\/14\/2026\/04\/NL-Avril-2026.pdf\" class=\"pdfemb-viewer\" style=\"\" data-width=\"max\" data-height=\"max\" data-toolbar=\"bottom\" data-toolbar-fixed=\"off\">NL-Avril-2026<\/a>\n\n\n<p>\u00a0<strong>Pr\u00e9c\u00e9dents<\/strong> :<\/p>\n\n\n<div class=\"wp-block-columns is-layout-flex wp-container-core-columns-is-layout-1 wp-block-columns-is-layout-flex\">\n<div class=\"wp-block-column is-layout-flow wp-block-column-is-layout-flow\">\n<p><strong>2023<\/strong><br><a href=\"https:\/\/instytutpolski.pl\/paris\/wp-content\/uploads\/sites\/14\/2024\/01\/janvier.pdf\">Janvier<\/a><br><a href=\"https:\/\/instytutpolski.pl\/paris\/wp-content\/uploads\/sites\/14\/2024\/01\/fevrier.pdf\">F\u00e9vrier<\/a><br><a href=\"https:\/\/instytutpolski.pl\/paris\/wp-content\/uploads\/sites\/14\/2024\/01\/mars.pdf\">Mars<\/a><br><a href=\"https:\/\/instytutpolski.pl\/paris\/wp-content\/uploads\/sites\/14\/2024\/01\/avril.pdf\">Avril<\/a><br><a href=\"https:\/\/instytutpolski.pl\/paris\/wp-content\/uploads\/sites\/14\/2024\/01\/mai.pdf\">Mai<\/a><br><a href=\"https:\/\/instytutpolski.pl\/paris\/wp-content\/uploads\/sites\/14\/2024\/01\/juin.pdf\">Juin<\/a><br><a href=\"https:\/\/instytutpolski.pl\/paris\/wp-content\/uploads\/sites\/14\/2024\/01\/juillet-aout.pdf\">Juillet-Ao\u00fbt<\/a><br><br><a href=\"https:\/\/instytutpolski.pl\/paris\/wp-content\/uploads\/sites\/14\/2024\/01\/septembre.pdf\">Septembre<\/a><br><a href=\"https:\/\/instytutpolski.pl\/paris\/wp-content\/uploads\/sites\/14\/2024\/01\/octobre.pdf\">Octobre<\/a><br><a href=\"https:\/\/instytutpolski.pl\/paris\/wp-content\/uploads\/sites\/14\/2024\/01\/novembre.pdf\">Novembre<\/a><br><a href=\"https:\/\/instytutpolski.pl\/paris\/wp-content\/uploads\/sites\/14\/2024\/01\/Campaign_9.pdf\">D\u00e9cembre<\/a><br><br><br><br><br><br><br><br><\/p>\n<\/div>\n\n\n\n<div class=\"wp-block-column is-layout-flow wp-block-column-is-layout-flow\">\n<p><strong>2024<\/strong><br><a href=\"https:\/\/instytutpolski.pl\/paris\/wp-content\/uploads\/sites\/14\/2024\/01\/janvier2024.pdf\">Janvier<\/a><br><a href=\"https:\/\/instytutpolski.pl\/paris\/wp-content\/uploads\/sites\/14\/2024\/01\/fevrier.pdf\">F\u00e9vrier<\/a><br><a href=\"https:\/\/instytutpolski.pl\/paris\/wp-content\/uploads\/sites\/14\/2024\/03\/mars2024.pdf\">Mars<\/a><br><a href=\"https:\/\/instytutpolski.pl\/paris\/wp-content\/uploads\/sites\/14\/2024\/04\/avril2024.pdf\">Avril<\/a><br><a href=\"https:\/\/instytutpolski.pl\/paris\/wp-content\/uploads\/sites\/14\/2024\/05\/mai2024.pdf\">Mai<\/a><br><a href=\"https:\/\/instytutpolski.pl\/paris\/wp-content\/uploads\/sites\/14\/2024\/06\/juin-2024.pdf\">Juin<\/a><br><a href=\"https:\/\/instytutpolski.pl\/paris\/wp-content\/uploads\/sites\/14\/2024\/07\/juillet-2024.pdf\">Juillet<\/a><br><a href=\"https:\/\/instytutpolski.pl\/paris\/wp-content\/uploads\/sites\/14\/2024\/10\/aout2024_compressed.pdf\">Ao\u00fbt<\/a><br><a href=\"https:\/\/instytutpolski.pl\/paris\/wp-content\/uploads\/sites\/14\/2024\/10\/septembre2024_compressed.pdf\">Septembre<\/a><br><a href=\"https:\/\/instytutpolski.pl\/paris\/wp-content\/uploads\/sites\/14\/2024\/10\/octobre2024-2.pdf\">Octobre<\/a><br><a href=\"https:\/\/instytutpolski.pl\/paris\/wp-content\/uploads\/sites\/14\/2024\/12\/novembre2024.pdf\">Novembre<\/a><br><a href=\"https:\/\/instytutpolski.pl\/paris\/wp-content\/uploads\/sites\/14\/2024\/12\/decembre2024.pdf\">D\u00e9cembre<\/a><br><\/p>\n\n\n\n<p><br><br><br><br><br><br><br><br><br><br><br><\/p>\n<\/div>\n\n\n\n<div class=\"wp-block-column is-layout-flow wp-block-column-is-layout-flow\">\n<p><strong>2025<\/strong><br><a href=\"https:\/\/instytutpolski.pl\/paris\/wp-content\/uploads\/sites\/14\/2025\/01\/janvier2025_compressed.pdf\">Janvier<\/a><br><a href=\"https:\/\/instytutpolski.pl\/paris\/wp-content\/uploads\/sites\/14\/2025\/03\/newsletter-fevrier-2025.pdf\">F\u00e9vrier<\/a><br><a href=\"https:\/\/instytutpolski.pl\/paris\/wp-content\/uploads\/sites\/14\/2025\/03\/htmlCode_compressed.pdf\">Mars<\/a><br><a href=\"https:\/\/instytutpolski.pl\/paris\/wp-content\/uploads\/sites\/14\/2025\/04\/NLavril2025.pdf\">Avril<\/a><br><a href=\"https:\/\/instytutpolski.pl\/paris\/wp-content\/uploads\/sites\/14\/2025\/06\/NL-Mai-2025.pdf\">Mai<\/a><br><a href=\"https:\/\/instytutpolski.pl\/paris\/wp-content\/uploads\/sites\/14\/2025\/06\/NL-Juin-2025.pdf\">Juin<\/a><br><a href=\"https:\/\/instytutpolski.pl\/paris\/wp-content\/uploads\/sites\/14\/2025\/09\/juillet2025.pdf\">Juillet<\/a><br><a href=\"https:\/\/instytutpolski.pl\/paris\/wp-content\/uploads\/sites\/14\/2025\/09\/aout2025.pdf\">Ao\u00fbt<\/a><br><a href=\"https:\/\/instytutpolski.pl\/paris\/wp-content\/uploads\/sites\/14\/2025\/09\/septembre2025.pdf\">Septembre<\/a><br><a href=\"https:\/\/instytutpolski.pl\/paris\/wp-content\/uploads\/sites\/14\/2025\/12\/NL-Octobre-2025.pdf\">Octobre<\/a><br><a href=\"https:\/\/instytutpolski.pl\/paris\/wp-content\/uploads\/sites\/14\/2025\/12\/NL-Novembre-2025.pdf\">Novembre<\/a><br><a href=\"https:\/\/instytutpolski.pl\/paris\/wp-content\/uploads\/sites\/14\/2025\/12\/NL-Decembre-2025.pdf\">D\u00e9cembre<\/a><\/p>\n<\/div>\n\n\n\n<div class=\"wp-block-column is-layout-flow wp-block-column-is-layout-flow\">\n<p><strong>2026<\/strong><br><a href=\"https:\/\/instytutpolski.pl\/paris\/wp-content\/uploads\/sites\/14\/2026\/01\/NL-Janvier-2026.pdf\">Janvier<\/a><br><a href=\"https:\/\/instytutpolski.pl\/paris\/wp-content\/uploads\/sites\/14\/2026\/01\/NL-Fevrier-2026.pdf\">F\u00e9vrier<\/a><br><a href=\"https:\/\/instytutpolski.pl\/paris\/wp-content\/uploads\/sites\/14\/2026\/03\/NL-Mars-2026.pdf\">Mars<\/a><br><a href=\"https:\/\/instytutpolski.pl\/paris\/wp-content\/uploads\/sites\/14\/2026\/04\/NL-Avril-2026.pdf\">Avril<\/a><\/p>\n<\/div>\n\n\n\n<div class=\"wp-block-column is-layout-flow wp-block-column-is-layout-flow\">\n<p><strong>Litt\u00e9raires<\/strong><br><a href=\"https:\/\/instytutpolski.pl\/paris\/wp-content\/uploads\/sites\/14\/2025\/07\/etelivrespolonais2025.pdf\">2025<\/a><\/p>\n<\/div>\n<\/div>\n","protected":false},"excerpt":{"rendered":"<p>\u00a0Pr\u00e9c\u00e9dents : 2023JanvierF\u00e9vrierMarsAvrilMaiJuinJuillet-Ao\u00fbt SeptembreOctobreNovembreD\u00e9cembre 2024JanvierF\u00e9vrierMarsAvrilMaiJuinJuilletAo\u00fbtSeptembreOctobreNovembreD\u00e9cembre 2025JanvierF\u00e9vrierMarsAvrilMaiJuinJuilletAo\u00fbtSeptembreOctobreNovembreD\u00e9cembre 2026JanvierF\u00e9vrierMarsAvril Litt\u00e9raires2025<\/p>\n","protected":false},"author":1,"featured_media":500,"parent":419,"menu_order":0,"comment_status":"closed","ping_status":"closed","template":"","meta":{"inline_featured_image":false,"_monsterinsights_skip_tracking":false,"_monsterinsights_sitenote_active":false,"_monsterinsights_sitenote_note":"","_monsterinsights_sitenote_category":0,"footnotes":""},"class_list":["post-362","page","type-page","status-publish","has-post-thumbnail","hentry"],"yoast_head":"<!-- This site is optimized with the Yoast SEO plugin v24.6 - https:\/\/yoast.com\/wordpress\/plugins\/seo\/ -->\n<title>Newsletter - Instytut Polski w Pary\u017cu<\/title>\n<meta name=\"robots\" content=\"index, follow, max-snippet:-1, max-image-preview:large, max-video-preview:-1\" \/>\n<link rel=\"canonical\" href=\"https:\/\/instytutpolski.pl\/paris\/a-propos-de-linstitut-polonais\/newsletter\/\" \/>\n<meta property=\"og:locale\" content=\"pl_PL\" \/>\n<meta property=\"og:type\" content=\"article\" \/>\n<meta property=\"og:title\" content=\"Newsletter - Instytut Polski w Pary\u017cu\" \/>\n<meta property=\"og:description\" content=\"\u00a0Pr\u00e9c\u00e9dents : 2023JanvierF\u00e9vrierMarsAvrilMaiJuinJuillet-Ao\u00fbt SeptembreOctobreNovembreD\u00e9cembre 2024JanvierF\u00e9vrierMarsAvrilMaiJuinJuilletAo\u00fbtSeptembreOctobreNovembreD\u00e9cembre 2025JanvierF\u00e9vrierMarsAvrilMaiJuinJuilletAo\u00fbtSeptembreOctobreNovembreD\u00e9cembre 2026JanvierF\u00e9vrierMarsAvril Litt\u00e9raires2025\" \/>\n<meta property=\"og:url\" content=\"https:\/\/instytutpolski.pl\/paris\/a-propos-de-linstitut-polonais\/newsletter\/\" \/>\n<meta property=\"og:site_name\" content=\"Instytut Polski w Pary\u017cu\" \/>\n<meta property=\"article:modified_time\" content=\"2026-04-02T08:44:11+00:00\" \/>\n<meta property=\"og:image\" content=\"https:\/\/instytutpolski.pl\/paris\/wp-content\/uploads\/sites\/14\/2019\/06\/newsletter.jpg\" \/>\n\t<meta property=\"og:image:width\" content=\"1920\" \/>\n\t<meta property=\"og:image:height\" content=\"700\" \/>\n\t<meta property=\"og:image:type\" content=\"image\/jpeg\" \/>\n<meta name=\"twitter:card\" content=\"summary_large_image\" \/>\n<meta name=\"twitter:label1\" content=\"Szacowany czas czytania\" \/>\n\t<meta name=\"twitter:data1\" content=\"1 minuta\" \/>\n<script type=\"application\/ld+json\" class=\"yoast-schema-graph\">{\"@context\":\"https:\/\/schema.org\",\"@graph\":[{\"@type\":\"WebPage\",\"@id\":\"https:\/\/instytutpolski.pl\/paris\/a-propos-de-linstitut-polonais\/newsletter\/\",\"url\":\"https:\/\/instytutpolski.pl\/paris\/a-propos-de-linstitut-polonais\/newsletter\/\",\"name\":\"Newsletter - Instytut Polski w Pary\u017cu\",\"isPartOf\":{\"@id\":\"https:\/\/instytutpolski.pl\/paris\/#website\"},\"primaryImageOfPage\":{\"@id\":\"https:\/\/instytutpolski.pl\/paris\/a-propos-de-linstitut-polonais\/newsletter\/#primaryimage\"},\"image\":{\"@id\":\"https:\/\/instytutpolski.pl\/paris\/a-propos-de-linstitut-polonais\/newsletter\/#primaryimage\"},\"thumbnailUrl\":\"https:\/\/instytutpolski.pl\/paris\/wp-content\/uploads\/sites\/14\/2019\/06\/newsletter.jpg\",\"datePublished\":\"2019-06-13T08:27:43+00:00\",\"dateModified\":\"2026-04-02T08:44:11+00:00\",\"breadcrumb\":{\"@id\":\"https:\/\/instytutpolski.pl\/paris\/a-propos-de-linstitut-polonais\/newsletter\/#breadcrumb\"},\"inLanguage\":\"pl-PL\",\"potentialAction\":[{\"@type\":\"ReadAction\",\"target\":[\"https:\/\/instytutpolski.pl\/paris\/a-propos-de-linstitut-polonais\/newsletter\/\"]}]},{\"@type\":\"ImageObject\",\"inLanguage\":\"pl-PL\",\"@id\":\"https:\/\/instytutpolski.pl\/paris\/a-propos-de-linstitut-polonais\/newsletter\/#primaryimage\",\"url\":\"https:\/\/instytutpolski.pl\/paris\/wp-content\/uploads\/sites\/14\/2019\/06\/newsletter.jpg\",\"contentUrl\":\"https:\/\/instytutpolski.pl\/paris\/wp-content\/uploads\/sites\/14\/2019\/06\/newsletter.jpg\",\"width\":1920,\"height\":700},{\"@type\":\"BreadcrumbList\",\"@id\":\"https:\/\/instytutpolski.pl\/paris\/a-propos-de-linstitut-polonais\/newsletter\/#breadcrumb\",\"itemListElement\":[{\"@type\":\"ListItem\",\"position\":1,\"name\":\"Home\",\"item\":\"https:\/\/instytutpolski.pl\/paris\/\"},{\"@type\":\"ListItem\",\"position\":2,\"name\":\"\u00c0 propos de l&rsquo;Institut polonais\",\"item\":\"https:\/\/instytutpolski.pl\/paris\/a-propos-de-linstitut-polonais\/\"},{\"@type\":\"ListItem\",\"position\":3,\"name\":\"Newsletter\"}]},{\"@type\":\"WebSite\",\"@id\":\"https:\/\/instytutpolski.pl\/paris\/#website\",\"url\":\"https:\/\/instytutpolski.pl\/paris\/\",\"name\":\"Instytut Polski w Pary\u017cu\",\"description\":\"Instytuty Polskie\",\"potentialAction\":[{\"@type\":\"SearchAction\",\"target\":{\"@type\":\"EntryPoint\",\"urlTemplate\":\"https:\/\/instytutpolski.pl\/paris\/?s={search_term_string}\"},\"query-input\":{\"@type\":\"PropertyValueSpecification\",\"valueRequired\":true,\"valueName\":\"search_term_string\"}}],\"inLanguage\":\"pl-PL\"}]}<\/script>\n<!-- \/ Yoast SEO plugin. -->","yoast_head_json":{"title":"Newsletter - Instytut Polski w Pary\u017cu","robots":{"index":"index","follow":"follow","max-snippet":"max-snippet:-1","max-image-preview":"max-image-preview:large","max-video-preview":"max-video-preview:-1"},"canonical":"https:\/\/instytutpolski.pl\/paris\/a-propos-de-linstitut-polonais\/newsletter\/","og_locale":"pl_PL","og_type":"article","og_title":"Newsletter - Instytut Polski w Pary\u017cu","og_description":"\u00a0Pr\u00e9c\u00e9dents : 2023JanvierF\u00e9vrierMarsAvrilMaiJuinJuillet-Ao\u00fbt SeptembreOctobreNovembreD\u00e9cembre 2024JanvierF\u00e9vrierMarsAvrilMaiJuinJuilletAo\u00fbtSeptembreOctobreNovembreD\u00e9cembre 2025JanvierF\u00e9vrierMarsAvrilMaiJuinJuilletAo\u00fbtSeptembreOctobreNovembreD\u00e9cembre 2026JanvierF\u00e9vrierMarsAvril Litt\u00e9raires2025","og_url":"https:\/\/instytutpolski.pl\/paris\/a-propos-de-linstitut-polonais\/newsletter\/","og_site_name":"Instytut Polski w Pary\u017cu","article_modified_time":"2026-04-02T08:44:11+00:00","og_image":[{"width":1920,"height":700,"url":"https:\/\/instytutpolski.pl\/paris\/wp-content\/uploads\/sites\/14\/2019\/06\/newsletter.jpg","type":"image\/jpeg"}],"twitter_card":"summary_large_image","twitter_misc":{"Szacowany czas czytania":"1 minuta"},"schema":{"@context":"https:\/\/schema.org","@graph":[{"@type":"WebPage","@id":"https:\/\/instytutpolski.pl\/paris\/a-propos-de-linstitut-polonais\/newsletter\/","url":"https:\/\/instytutpolski.pl\/paris\/a-propos-de-linstitut-polonais\/newsletter\/","name":"Newsletter - Instytut Polski w Pary\u017cu","isPartOf":{"@id":"https:\/\/instytutpolski.pl\/paris\/#website"},"primaryImageOfPage":{"@id":"https:\/\/instytutpolski.pl\/paris\/a-propos-de-linstitut-polonais\/newsletter\/#primaryimage"},"image":{"@id":"https:\/\/instytutpolski.pl\/paris\/a-propos-de-linstitut-polonais\/newsletter\/#primaryimage"},"thumbnailUrl":"https:\/\/instytutpolski.pl\/paris\/wp-content\/uploads\/sites\/14\/2019\/06\/newsletter.jpg","datePublished":"2019-06-13T08:27:43+00:00","dateModified":"2026-04-02T08:44:11+00:00","breadcrumb":{"@id":"https:\/\/instytutpolski.pl\/paris\/a-propos-de-linstitut-polonais\/newsletter\/#breadcrumb"},"inLanguage":"pl-PL","potentialAction":[{"@type":"ReadAction","target":["https:\/\/instytutpolski.pl\/paris\/a-propos-de-linstitut-polonais\/newsletter\/"]}]},{"@type":"ImageObject","inLanguage":"pl-PL","@id":"https:\/\/instytutpolski.pl\/paris\/a-propos-de-linstitut-polonais\/newsletter\/#primaryimage","url":"https:\/\/instytutpolski.pl\/paris\/wp-content\/uploads\/sites\/14\/2019\/06\/newsletter.jpg","contentUrl":"https:\/\/instytutpolski.pl\/paris\/wp-content\/uploads\/sites\/14\/2019\/06\/newsletter.jpg","width":1920,"height":700},{"@type":"BreadcrumbList","@id":"https:\/\/instytutpolski.pl\/paris\/a-propos-de-linstitut-polonais\/newsletter\/#breadcrumb","itemListElement":[{"@type":"ListItem","position":1,"name":"Home","item":"https:\/\/instytutpolski.pl\/paris\/"},{"@type":"ListItem","position":2,"name":"\u00c0 propos de l&rsquo;Institut polonais","item":"https:\/\/instytutpolski.pl\/paris\/a-propos-de-linstitut-polonais\/"},{"@type":"ListItem","position":3,"name":"Newsletter"}]},{"@type":"WebSite","@id":"https:\/\/instytutpolski.pl\/paris\/#website","url":"https:\/\/instytutpolski.pl\/paris\/","name":"Instytut Polski w Pary\u017cu","description":"Instytuty Polskie","potentialAction":[{"@type":"SearchAction","target":{"@type":"EntryPoint","urlTemplate":"https:\/\/instytutpolski.pl\/paris\/?s={search_term_string}"},"query-input":{"@type":"PropertyValueSpecification","valueRequired":true,"valueName":"search_term_string"}}],"inLanguage":"pl-PL"}]}},"_links":{"self":[{"href":"https:\/\/instytutpolski.pl\/paris\/wp-json\/wp\/v2\/pages\/362","targetHints":{"allow":["GET"]}}],"collection":[{"href":"https:\/\/instytutpolski.pl\/paris\/wp-json\/wp\/v2\/pages"}],"about":[{"href":"https:\/\/instytutpolski.pl\/paris\/wp-json\/wp\/v2\/types\/page"}],"author":[{"embeddable":true,"href":"https:\/\/instytutpolski.pl\/paris\/wp-json\/wp\/v2\/users\/1"}],"replies":[{"embeddable":true,"href":"https:\/\/instytutpolski.pl\/paris\/wp-json\/wp\/v2\/comments?post=362"}],"version-history":[{"count":33,"href":"https:\/\/instytutpolski.pl\/paris\/wp-json\/wp\/v2\/pages\/362\/revisions"}],"predecessor-version":[{"id":11645,"href":"https:\/\/instytutpolski.pl\/paris\/wp-json\/wp\/v2\/pages\/362\/revisions\/11645"}],"up":[{"embeddable":true,"href":"https:\/\/instytutpolski.pl\/paris\/wp-json\/wp\/v2\/pages\/419"}],"wp:featuredmedia":[{"embeddable":true,"href":"https:\/\/instytutpolski.pl\/paris\/wp-json\/wp\/v2\/media\/500"}],"wp:attachment":[{"href":"https:\/\/instytutpolski.pl\/paris\/wp-json\/wp\/v2\/media?parent=362"}],"curies":[{"name":"wp","href":"https:\/\/api.w.org\/{rel}","templated":true}]}}