{"id":379,"date":"2019-06-24T11:35:34","date_gmt":"2019-06-24T09:35:34","guid":{"rendered":"https:\/\/instytutpolski.pl\/paryz\/?page_id=379"},"modified":"2020-05-26T14:02:48","modified_gmt":"2020-05-26T12:02:48","slug":"en-savoir-plus-sur-la-pologne","status":"publish","type":"page","link":"https:\/\/instytutpolski.pl\/paris\/en-savoir-plus-sur-la-pologne\/","title":{"rendered":"D\u00e9couvrez la Pologne"},"content":{"rendered":"\n<p><\/p>\n\n\n<p><span lang=\"fr-FR\"><b>Le centre g\u00e9om\u00e9trique de l&#8217;Europe est situ\u00e9 pr\u00e8s de la capitale polonaise, Varsovie. <\/b><\/span><span lang=\"fr-FR\">Pendant plus de mille ans de son histoire, la Pologne est pass\u00e9e du statut de puissance europ\u00e9enne \u00e0 une perte de son ind\u00e9pendance, avant de devenir pionni\u00e8re \u00e9conomique de l&#8217;Europe centrale et orientale. L&#8217;enthousiasme, la cr\u00e9ativit\u00e9 et le potentiel de l&#8217;entrepreneuriat polonais sont aujourd&#8217;hui largement reconnus dans le monde. Gr\u00e2ce \u00e0 la d\u00e9termination des Polonais, \u00e0 leur solidarit\u00e9, ainsi qu&#8217;\u00e0 l&#8217;autorit\u00e9 spirituelle du Saint Pape Jean-Paul II, la Pologne a \u00e9chapp\u00e9 \u00e0 un effondrement au moment de la chute du r\u00e9gime communiste, et depuis 1989 elle est un pays libre dont la riche tradition et les coutumes attirent des millions de touristes du monde entier.<\/span><\/p>\n<p><span lang=\"fr-FR\"><b>La culture et l&#8217;art <\/b><\/span><span lang=\"fr-FR\">ont depuis des si\u00e8cles renforc\u00e9 l&#8217;identit\u00e9 nationale des Polonais et les ont aid\u00e9s \u00e0 survivre aux pires moments de l&#8217;histoire. Les artistes polonais inspirent toujours le monde. Fr\u00e9d\u00e9ric Chopin, un des plus grands compositeurs et pianistes, est n\u00e9 en Pologne. Un des concours de musique les plus importants au monde est d\u00e9di\u00e9 \u00e0 sa musique&nbsp;: le Concours International de Piano Fr\u00e9d\u00e9ric Chopin qui se tient \u00e0 Varsovie tous les cinq ans depuis 1927. La Pologne est la patrie de laur\u00e9ats du prix Nobel, des Oscars et des Grammy Awards. Grace aux laur\u00e9ats du prix Nobel de litt\u00e9rature, dont Wis\u0142awa Szymborska, Czes\u0142aw Mi\u0142osz et Olga Tokarczuk, la Pologne a acquis une r\u00e9putation de terre de po\u00e8tes et d&#8217;\u00e9crivains. La langue polonaise parl\u00e9e par plus de cinquante millions de personnes en Pologne et \u00e0 l&#8217;\u00e9tranger se pr\u00eate au d\u00e9veloppement de la litt\u00e9rature. C&#8217;est en polonais qu\u2019Andrzej Wajda a tourn\u00e9 ses films, et il est le laur\u00e9at de prix prestigieux, dont un Oscar d\u2019honneur en reconnaissance d\u2019une \u0153uvre cin\u00e9matographique majeure. Le compositeur exceptionnel polonais Krzysztof Penderecki a \u00e9t\u00e9 quadruple laur\u00e9at d\u2019un Grammy Award.<\/span><\/p>\n<p><b>La Pologne est un pays de gens qui ont des id\u00e9es. <\/b><span lang=\"fr-FR\">Les scientifiques polonais peuvent se vanter d&#8217;importantes d\u00e9couvertes et inventions qui ont chang\u00e9 le monde. Marie Sk\u0142odowska-Curie \u00e9tait varsovienne. Reconnue comme l\u2019une des plus importantes femmes de sciences de tous les temps, elle reste \u00e0 ce jour la seule \u00e0 avoir re\u00e7u deux fois le prix Nobel (en 1903 et 1911) et la seule scientifique honor\u00e9e dans deux domaines diff\u00e9rents des sciences naturelles. Elle a \u00e9t\u00e9 la premi\u00e8re \u00e0 recevoir le prix Nobel de chimie (pour la d\u00e9couverte du polonium et du radium), la premi\u00e8re femme nomm\u00e9e professeur \u00e0 La Sorbonne et la premi\u00e8re admise \u00e0 l&#8217;Acad\u00e9mie de m\u00e9decine. Jan Czochralski, un physicien polonais, a invent\u00e9 une m\u00e9thode de traiteent des monocristaux qui s&#8217;est av\u00e9r\u00e9e \u00eatre la base de l&#8217;\u00e9lectronique moderne. Les semi-conducteurs constitu\u00e9s de monocristaux de silicium sont obtenus par cette m\u00e9thode. C\u2019est gr\u00e2ce \u00e0 eux qu\u2019ordinateurs, tablettes, t\u00e9l\u00e9phones portables, appareils photo num\u00e9riques, lecteurs mp3 et autres appareils \u00e9lectroniques fonctionnent. Les math\u00e9maticiens polonais Marian Rejewski, Jerzy R\u00f3\u017cycki et Henryk Zygalski ont bris\u00e9 les codes de la machine \u00e0 chiffrer la plus c\u00e9l\u00e8bre de l&#8217;histoire &#8211; l&#8217;<\/span><span lang=\"fr-FR\"><i>Enigma<\/i><\/span><span lang=\"fr-FR\"> allemande. Leur succ\u00e8s a contribu\u00e9 \u00e0 la fin de la Seconde Guerre mondiale.<\/span><\/p>\n<p><span lang=\"fr-FR\">Gr\u00e2ce \u00e0 son emplacement sur la c\u00f4te de la mer Baltique et avec les lacs de Mazurie au nord, les plaines de la partie centrale du pays et les cha\u00eenes de montagnes au sud, la Pologne est un pays attractif. Il compte vingt-trois parcs nationaux, mille cinq cents r\u00e9serves naturelles et cent quarante-cinq parcs paysagers. Il favorise la pratique de loisirs actifs, comme par exemple les excursions en montagne, les rallyes \u00e0 v\u00e9lo, le canotage sur les rivi\u00e8res et les lacs, la voile, le surf, l&#8217;\u00e9quitation (le long d&#8217;un des plus longs itin\u00e9raires d&#8217;Europe de mille huit cents km), ou l\u2019observation d\u2019esp\u00e8ces d&#8217;oiseaux rares dans leur environnement naturel.<\/span><\/p>\n<p><span lang=\"fr-FR\">Les touristes sont attir\u00e9s en Pologne par de nombreux <\/span><span lang=\"fr-FR\"><b>\u00e9v\u00e9nements culturels, festivals de musique, de cin\u00e9ma et de th\u00e9\u00e2tre.<\/b><\/span><span lang=\"fr-FR\"> Ces \u00e9v\u00e8nements sont h\u00e9berg\u00e9s dans des villes polonaises c\u00e9l\u00e8bres pour une architecture \u00e9tonnante, souvent r\u00e9compens\u00e9e lors de concours internationaux, comme le magnifique b\u00e2timent philharmonique M. Kar\u0142owicz \u00e0 Szczecin qui fut le premier b\u00e2timent en Pologne \u00e0 recevoir le prix europ\u00e9en Mies van der Rohe, ou le Mus\u00e9e national de Szczecin &#8211; Centre du dialogue Przelomy reconnu comme meilleur b\u00e2timent du monde en 2016 lors du Festival mondial de l&#8217;architecture de Berlin. D&#8217;autres b\u00e2timents publics polonais se distinguent sur la carte mondiale de l&#8217;architecture, dont le Th\u00e9\u00e2tre shakespearien et le Centre europ\u00e9en de Solidarit\u00e9 \u00e0 Gda\u0144sk, le mus\u00e9e de Sil\u00e9sie \u00e0 Katowice construit sur le site d&#8217;une ancienne mine de charbon, le si\u00e8ge de l&#8217;Orchestre symphonique de la Radio nationale polonaise \u00e0 Katowice, ainsi que le Centre Musical de Krzysztof Penderecki \u00e0 Lus\u0142awice, la Cricoteca (Mus\u00e9e Tadeusz Kantor) \u00e0 Cracovie, le Mus\u00e9e de l&#8217;Insurrection de Varsovie ou le Mus\u00e9e POLIN de l&#8217;histoire des Juifs polonais \u00e0 Varsovie.<\/span><\/p>\n<p><span lang=\"fr-FR\">La visite de ces monuments exceptionnels au service de la culture donne un aper\u00e7u de l&#8217;histoire complexe de la Pologne et parfois du sort tragique de ses habitants, en particulier des exp\u00e9riences de la Seconde Guerre mondiale. La Pologne se soucie de la renaissance de ce qui est perdu. Elle est devenue une gardienne de la m\u00e9moire &#8211; elle prot\u00e8ge l&#8217;h\u00e9ritage juif perdu pendant la Seconde Guerre mondiale en soutenant le d\u00e9veloppement de la culture contemporaine de la minorit\u00e9 juive dans le pays. Organis\u00e9 depuis plus de trente ans, le Festival de la culture juive de Cracovie &#8211; le festival le plus spectaculaire et interdisciplinaire au monde, visit\u00e9 par des dizaines de milliers de touristes, est un exemple de ce soutien.<\/span><\/p>\n<p><span><span lang=\"fr-FR\"><b>La Pologne attire \u00e9galement les amateurs de cin\u00e9ma, de th\u00e9\u00e2tre et de musique. <\/b><\/span><\/span><span><span lang=\"fr-FR\">C&#8217;est une grande chance que de pouvoir rencontrer les meilleurs cr\u00e9ateurs de musique contemporaine au festival international de L&#8217;automne de Varsovie, des vedettes de cin\u00e9ma et des cin\u00e9astes de renomm\u00e9e mondiale au festival EnergaCAMERIMAGE \u00e0 Toru\u0144, ou des artistes ind\u00e9pendants du monde entier participant au festival international Nouveaux Horizons \u00e0 Wroc\u0142aw qui pr\u00e9sente un cin\u00e9ma artistique, visionnaire et exp\u00e9rimental.<\/span><\/span><\/p>\n<p><span><span lang=\"fr-FR\">Il y a de nombreuses raisons pour venir voir \u00e0 quoi ressemble vraiment la Pologne.<\/span><\/span><\/p>\n<p align=\"CENTER\"><span style=\"font-size: x-large\"><span lang=\"fr-FR\">1500 km de Paris \u00e0 Varsovie, capitale de la Pologne<\/span><\/span><\/p>\n<h2>Visiter la Pologne<\/h2>\n<p>Vous ne connaissez pas encore la Pologne?<br>L\u2019Organisation Polonaise de Tourisme de Paris vous aidera \u00e0 planifier votre voyage.<\/p>\n<p>Office National Polonais de Tourisme<br>10, rue Saint-Augustin<br>75002 Paris<br>tel.&nbsp;&nbsp; (33) 1 42 44 19 00<br>fax.&nbsp; (33) 1 42 97 52 25<br><a>paris@pot.gov.pl<\/a><\/p>\n<p>Directeur : Tomasz RUDOMINO<\/p>\n<p><span lang=\"fr-FR\">Pour plus d\u2019informations concernant le tourisme en Pologne, consultez: <a href=\"http:\/\/www.pologne.travel\/fr\">www.pologne.travel\/fr<\/a><\/span><\/p>\n<p><span lang=\"fr-FR\">Derni\u00e8res nouvelles de Pologne en plusieurs langues &#8211; Radio polonaise pour \u00e9trangers (<a href=\"https:\/\/www.polskieradio.pl\/395\">https:\/\/www.polskieradio.pl\/395<\/a> )<\/span><\/p>","protected":false},"excerpt":{"rendered":"<p>Le centre g\u00e9om\u00e9trique de l&#8217;Europe est situ\u00e9 pr\u00e8s de la capitale polonaise, Varsovie. Pendant plus de mille ans de son histoire, la Pologne est pass\u00e9e du statut de puissance europ\u00e9enne \u00e0 une perte de son ind\u00e9pendance, avant de devenir pionni\u00e8re \u00e9conomique de l&#8217;Europe centrale et orientale. L&#8217;enthousiasme, la cr\u00e9ativit\u00e9 et le potentiel de l&#8217;entrepreneuriat polonais [&hellip;]<\/p>\n","protected":false},"author":1,"featured_media":506,"parent":0,"menu_order":0,"comment_status":"closed","ping_status":"closed","template":"","meta":{"inline_featured_image":false,"_monsterinsights_skip_tracking":false,"_monsterinsights_sitenote_active":false,"_monsterinsights_sitenote_note":"","_monsterinsights_sitenote_category":0,"footnotes":""},"class_list":["post-379","page","type-page","status-publish","has-post-thumbnail","hentry"],"yoast_head":"<!-- This site is optimized with the Yoast SEO plugin v24.6 - https:\/\/yoast.com\/wordpress\/plugins\/seo\/ -->\n<title>D\u00e9couvrez la Pologne - Instytut Polski w Pary\u017cu<\/title>\n<meta name=\"robots\" content=\"index, follow, max-snippet:-1, max-image-preview:large, max-video-preview:-1\" \/>\n<link rel=\"canonical\" href=\"https:\/\/instytutpolski.pl\/paris\/en-savoir-plus-sur-la-pologne\/\" \/>\n<meta property=\"og:locale\" content=\"pl_PL\" \/>\n<meta property=\"og:type\" content=\"article\" \/>\n<meta property=\"og:title\" content=\"D\u00e9couvrez la Pologne - Instytut Polski w Pary\u017cu\" \/>\n<meta property=\"og:description\" content=\"Le centre g\u00e9om\u00e9trique de l&#8217;Europe est situ\u00e9 pr\u00e8s de la capitale polonaise, Varsovie. Pendant plus de mille ans de son histoire, la Pologne est pass\u00e9e du statut de puissance europ\u00e9enne \u00e0 une perte de son ind\u00e9pendance, avant de devenir pionni\u00e8re \u00e9conomique de l&#8217;Europe centrale et orientale. L&#8217;enthousiasme, la cr\u00e9ativit\u00e9 et le potentiel de l&#8217;entrepreneuriat polonais [&hellip;]\" \/>\n<meta property=\"og:url\" content=\"https:\/\/instytutpolski.pl\/paris\/en-savoir-plus-sur-la-pologne\/\" \/>\n<meta property=\"og:site_name\" content=\"Instytut Polski w Pary\u017cu\" \/>\n<meta property=\"article:modified_time\" content=\"2020-05-26T12:02:48+00:00\" \/>\n<meta property=\"og:image\" content=\"https:\/\/instytutpolski.pl\/paris\/wp-content\/uploads\/sites\/14\/2019\/06\/poznaj-polske.jpg\" \/>\n\t<meta property=\"og:image:width\" content=\"1920\" \/>\n\t<meta property=\"og:image:height\" content=\"700\" \/>\n\t<meta property=\"og:image:type\" content=\"image\/jpeg\" \/>\n<meta name=\"twitter:card\" content=\"summary_large_image\" \/>\n<meta name=\"twitter:label1\" content=\"Szacowany czas czytania\" \/>\n\t<meta name=\"twitter:data1\" content=\"6 minut\" \/>\n<script type=\"application\/ld+json\" class=\"yoast-schema-graph\">{\"@context\":\"https:\/\/schema.org\",\"@graph\":[{\"@type\":\"WebPage\",\"@id\":\"https:\/\/instytutpolski.pl\/paris\/en-savoir-plus-sur-la-pologne\/\",\"url\":\"https:\/\/instytutpolski.pl\/paris\/en-savoir-plus-sur-la-pologne\/\",\"name\":\"D\u00e9couvrez la Pologne - Instytut Polski w Pary\u017cu\",\"isPartOf\":{\"@id\":\"https:\/\/instytutpolski.pl\/paris\/#website\"},\"primaryImageOfPage\":{\"@id\":\"https:\/\/instytutpolski.pl\/paris\/en-savoir-plus-sur-la-pologne\/#primaryimage\"},\"image\":{\"@id\":\"https:\/\/instytutpolski.pl\/paris\/en-savoir-plus-sur-la-pologne\/#primaryimage\"},\"thumbnailUrl\":\"https:\/\/instytutpolski.pl\/paris\/wp-content\/uploads\/sites\/14\/2019\/06\/poznaj-polske.jpg\",\"datePublished\":\"2019-06-24T09:35:34+00:00\",\"dateModified\":\"2020-05-26T12:02:48+00:00\",\"breadcrumb\":{\"@id\":\"https:\/\/instytutpolski.pl\/paris\/en-savoir-plus-sur-la-pologne\/#breadcrumb\"},\"inLanguage\":\"pl-PL\",\"potentialAction\":[{\"@type\":\"ReadAction\",\"target\":[\"https:\/\/instytutpolski.pl\/paris\/en-savoir-plus-sur-la-pologne\/\"]}]},{\"@type\":\"ImageObject\",\"inLanguage\":\"pl-PL\",\"@id\":\"https:\/\/instytutpolski.pl\/paris\/en-savoir-plus-sur-la-pologne\/#primaryimage\",\"url\":\"https:\/\/instytutpolski.pl\/paris\/wp-content\/uploads\/sites\/14\/2019\/06\/poznaj-polske.jpg\",\"contentUrl\":\"https:\/\/instytutpolski.pl\/paris\/wp-content\/uploads\/sites\/14\/2019\/06\/poznaj-polske.jpg\",\"width\":1920,\"height\":700},{\"@type\":\"BreadcrumbList\",\"@id\":\"https:\/\/instytutpolski.pl\/paris\/en-savoir-plus-sur-la-pologne\/#breadcrumb\",\"itemListElement\":[{\"@type\":\"ListItem\",\"position\":1,\"name\":\"Home\",\"item\":\"https:\/\/instytutpolski.pl\/paris\/\"},{\"@type\":\"ListItem\",\"position\":2,\"name\":\"D\u00e9couvrez la Pologne\"}]},{\"@type\":\"WebSite\",\"@id\":\"https:\/\/instytutpolski.pl\/paris\/#website\",\"url\":\"https:\/\/instytutpolski.pl\/paris\/\",\"name\":\"Instytut Polski w Pary\u017cu\",\"description\":\"Instytuty Polskie\",\"potentialAction\":[{\"@type\":\"SearchAction\",\"target\":{\"@type\":\"EntryPoint\",\"urlTemplate\":\"https:\/\/instytutpolski.pl\/paris\/?s={search_term_string}\"},\"query-input\":{\"@type\":\"PropertyValueSpecification\",\"valueRequired\":true,\"valueName\":\"search_term_string\"}}],\"inLanguage\":\"pl-PL\"}]}<\/script>\n<!-- \/ Yoast SEO plugin. -->","yoast_head_json":{"title":"D\u00e9couvrez la Pologne - Instytut Polski w Pary\u017cu","robots":{"index":"index","follow":"follow","max-snippet":"max-snippet:-1","max-image-preview":"max-image-preview:large","max-video-preview":"max-video-preview:-1"},"canonical":"https:\/\/instytutpolski.pl\/paris\/en-savoir-plus-sur-la-pologne\/","og_locale":"pl_PL","og_type":"article","og_title":"D\u00e9couvrez la Pologne - Instytut Polski w Pary\u017cu","og_description":"Le centre g\u00e9om\u00e9trique de l&#8217;Europe est situ\u00e9 pr\u00e8s de la capitale polonaise, Varsovie. Pendant plus de mille ans de son histoire, la Pologne est pass\u00e9e du statut de puissance europ\u00e9enne \u00e0 une perte de son ind\u00e9pendance, avant de devenir pionni\u00e8re \u00e9conomique de l&#8217;Europe centrale et orientale. L&#8217;enthousiasme, la cr\u00e9ativit\u00e9 et le potentiel de l&#8217;entrepreneuriat polonais [&hellip;]","og_url":"https:\/\/instytutpolski.pl\/paris\/en-savoir-plus-sur-la-pologne\/","og_site_name":"Instytut Polski w Pary\u017cu","article_modified_time":"2020-05-26T12:02:48+00:00","og_image":[{"width":1920,"height":700,"url":"https:\/\/instytutpolski.pl\/paris\/wp-content\/uploads\/sites\/14\/2019\/06\/poznaj-polske.jpg","type":"image\/jpeg"}],"twitter_card":"summary_large_image","twitter_misc":{"Szacowany czas czytania":"6 minut"},"schema":{"@context":"https:\/\/schema.org","@graph":[{"@type":"WebPage","@id":"https:\/\/instytutpolski.pl\/paris\/en-savoir-plus-sur-la-pologne\/","url":"https:\/\/instytutpolski.pl\/paris\/en-savoir-plus-sur-la-pologne\/","name":"D\u00e9couvrez la Pologne - Instytut Polski w Pary\u017cu","isPartOf":{"@id":"https:\/\/instytutpolski.pl\/paris\/#website"},"primaryImageOfPage":{"@id":"https:\/\/instytutpolski.pl\/paris\/en-savoir-plus-sur-la-pologne\/#primaryimage"},"image":{"@id":"https:\/\/instytutpolski.pl\/paris\/en-savoir-plus-sur-la-pologne\/#primaryimage"},"thumbnailUrl":"https:\/\/instytutpolski.pl\/paris\/wp-content\/uploads\/sites\/14\/2019\/06\/poznaj-polske.jpg","datePublished":"2019-06-24T09:35:34+00:00","dateModified":"2020-05-26T12:02:48+00:00","breadcrumb":{"@id":"https:\/\/instytutpolski.pl\/paris\/en-savoir-plus-sur-la-pologne\/#breadcrumb"},"inLanguage":"pl-PL","potentialAction":[{"@type":"ReadAction","target":["https:\/\/instytutpolski.pl\/paris\/en-savoir-plus-sur-la-pologne\/"]}]},{"@type":"ImageObject","inLanguage":"pl-PL","@id":"https:\/\/instytutpolski.pl\/paris\/en-savoir-plus-sur-la-pologne\/#primaryimage","url":"https:\/\/instytutpolski.pl\/paris\/wp-content\/uploads\/sites\/14\/2019\/06\/poznaj-polske.jpg","contentUrl":"https:\/\/instytutpolski.pl\/paris\/wp-content\/uploads\/sites\/14\/2019\/06\/poznaj-polske.jpg","width":1920,"height":700},{"@type":"BreadcrumbList","@id":"https:\/\/instytutpolski.pl\/paris\/en-savoir-plus-sur-la-pologne\/#breadcrumb","itemListElement":[{"@type":"ListItem","position":1,"name":"Home","item":"https:\/\/instytutpolski.pl\/paris\/"},{"@type":"ListItem","position":2,"name":"D\u00e9couvrez la Pologne"}]},{"@type":"WebSite","@id":"https:\/\/instytutpolski.pl\/paris\/#website","url":"https:\/\/instytutpolski.pl\/paris\/","name":"Instytut Polski w Pary\u017cu","description":"Instytuty Polskie","potentialAction":[{"@type":"SearchAction","target":{"@type":"EntryPoint","urlTemplate":"https:\/\/instytutpolski.pl\/paris\/?s={search_term_string}"},"query-input":{"@type":"PropertyValueSpecification","valueRequired":true,"valueName":"search_term_string"}}],"inLanguage":"pl-PL"}]}},"_links":{"self":[{"href":"https:\/\/instytutpolski.pl\/paris\/wp-json\/wp\/v2\/pages\/379","targetHints":{"allow":["GET"]}}],"collection":[{"href":"https:\/\/instytutpolski.pl\/paris\/wp-json\/wp\/v2\/pages"}],"about":[{"href":"https:\/\/instytutpolski.pl\/paris\/wp-json\/wp\/v2\/types\/page"}],"author":[{"embeddable":true,"href":"https:\/\/instytutpolski.pl\/paris\/wp-json\/wp\/v2\/users\/1"}],"replies":[{"embeddable":true,"href":"https:\/\/instytutpolski.pl\/paris\/wp-json\/wp\/v2\/comments?post=379"}],"version-history":[{"count":5,"href":"https:\/\/instytutpolski.pl\/paris\/wp-json\/wp\/v2\/pages\/379\/revisions"}],"predecessor-version":[{"id":678,"href":"https:\/\/instytutpolski.pl\/paris\/wp-json\/wp\/v2\/pages\/379\/revisions\/678"}],"wp:featuredmedia":[{"embeddable":true,"href":"https:\/\/instytutpolski.pl\/paris\/wp-json\/wp\/v2\/media\/506"}],"wp:attachment":[{"href":"https:\/\/instytutpolski.pl\/paris\/wp-json\/wp\/v2\/media?parent=379"}],"curies":[{"name":"wp","href":"https:\/\/api.w.org\/{rel}","templated":true}]}}