{"id":383,"date":"2019-06-24T11:35:59","date_gmt":"2019-06-24T09:35:59","guid":{"rendered":"https:\/\/instytutpolski.pl\/paryz\/?page_id=383"},"modified":"2020-05-26T13:27:32","modified_gmt":"2020-05-26T11:27:32","slug":"bourses-detudes-en-pologne","status":"publish","type":"page","link":"https:\/\/instytutpolski.pl\/paris\/en-savoir-plus-sur-la-pologne\/bourses-detudes-en-pologne\/","title":{"rendered":"Bourses d&#8217;\u00e9tudes en Pologne"},"content":{"rendered":"<p><span lang=\"fr-FR\"><u><b>Les bourses disponibles en Pologne<\/b><\/u><\/span><\/p>\n<p><span lang=\"fr-FR\">La Pologne propose plusieurs types de bourses aux \u00e9trangers qui souhaitent y \u00e9tudier et mener des recherches scientifiques.<\/span><\/p>\n<p><span lang=\"fr-FR\">Erasmus +, bourses dans le cadre d&#8217;accords bilat\u00e9raux, programme d&#8217;\u00e9change d&#8217;universit\u00e9s d&#8217;Europe centrale CEEPUS, programme de bourses Visegrad, bourses pour les \u00e9tudiants des pays du Partenariat oriental et des pays de l\u2019espace post-sovi\u00e9tique, bourses pour les citoyens de pays en d\u00e9veloppement, programme Fulbright, programme de bourses Lane Kirkland, Programme de bourses UNESCO \/ Poland Co-Sponsored Fellowships Programme in Engineering, Programme de bourses de la Commission nationale polonaise pour l&#8217;UNESCO.<\/span><\/p>\n<p><span lang=\"fr-FR\">Plus d&#8217;informations sur <a href=\"http:\/\/www.go-poland.pl\/\">http:\/\/www.go-poland.pl\/<\/a><\/span><\/p>\n<p><span lang=\"fr-FR\"><u><b>Bourses de recherche\u00a0:<\/b><\/u><\/span><\/p>\n<p><span lang=\"fr-FR\">Les projets d\u00e9di\u00e9s aux chercheurs comprennent :<\/span><\/p>\n<p><span lang=\"fr-FR\">&#8211; <\/span><span lang=\"fr-FR\"><b>Le programme<\/b><\/span> <span lang=\"fr-FR\"><i><b>Poland My First Choice<\/b><\/i><\/span><b> <\/b><span lang=\"fr-FR\">qui s&#8217;adresse aux \u00e9tudiants \u00e9trangers int\u00e9ress\u00e9s \u00e0 poursuivre des \u00e9tudes de deuxi\u00e8me cycle en Pologne et\/ou \u00e0 obtenir une ma\u00eetrise dans une universit\u00e9 polonaise.<\/span><\/p>\n<p><span lang=\"fr-FR\">Plus d&#8217;informations sur le programme et liste compl\u00e8te des pays partenaires : <a href=\"https:\/\/www.nawa.gov.pl\/studenci\/studenci-zagraniczni\/program-poland-my-first-choice\">https:\/\/www.nawa.gov.pl\/studenci\/studenci-zagraniczni\/program-poland-my-first-choice<\/a><\/span><\/p>\n<p><span lang=\"fr-FR\">&#8211; <\/span><span lang=\"fr-FR\"><i><b>Polskie powroty<\/b><\/i><\/span><span lang=\"fr-FR\"> (\u00ab\u00a0Retours polonais\u00a0\u00bb) &#8211; le programme invite des chercheurs polonais \u00e0 retourner dans leur pays. Destin\u00e9 aux chercheurs polonais travaillant dans des institutions scientifiques \u00e9trang\u00e8res et qui souhaitent apr\u00e8s leur retour en Pologne mettre en pratique les connaissances et l&#8217;exp\u00e9rience acquises \u00e0 l&#8217;\u00e9tranger, d\u00e9velopper leur propre groupe de recherche ou participer \u00e0 des recherches men\u00e9es dans des \u00e9quipes scientifiques d\u00e9j\u00e0 op\u00e9rationnelles. <\/span><\/p>\n<p><span lang=\"fr-FR\">Plus d&#8217;informations sur le programme : <a href=\"https:\/\/nawa.gov.pl\/naukowcy\/polskie-powroty\">https:\/\/nawa.gov.pl\/naukowcy\/polskie-powroty<\/a><\/span><\/p>\n<p>&#8211; <i><b>Bourse Stanislas Ulam <\/b><\/i><b>(<\/b><i><b>Program im. <\/b><\/i><span lang=\"fr-FR\"><i><b>Ulama)<\/b><\/i><\/span><span lang=\"fr-FR\"> &#8211; la bourse permet de mener des recherches scientifiques, y compris en coop\u00e9ration avec des scientifiques ou des groupes de recherche polonais, d\u2019effectuer un stage doctorant, de financer l\u2019acquisition du mat\u00e9riel pour la recherche ou la publication scientifique et\/ou de diriger des travaux ou cours magistraux au sein de l\u2019unit\u00e9 de recherche choisi.<\/span><\/p>\n<p><span lang=\"fr-FR\">Plus d&#8217;informations sur le programme : <a href=\"https:\/\/nawa.gov.pl\/naukowcy\/program-im-ulama\">https:\/\/nawa.gov.pl\/naukowcy\/program-im-ulama<\/a><\/span><\/p>\n<p><span lang=\"fr-FR\">&#8211; <\/span><span lang=\"fr-FR\"><i><b>Programme de bourses G\u00e9n\u00e9ral Anders pour la communaut\u00e9 polonaise<\/b><\/i><\/span><span lang=\"fr-FR\"> &#8211; bourses offertes \u00e0 des jeunes d&#8217;origine polonaise, citoyens de l&#8217;un des pays suivants : Albanie, Arm\u00e9nie, Azerba\u00efdjan, Bi\u00e9lorussie, Bulgarie, R\u00e9publique tch\u00e8que, Croatie, Estonie, G\u00e9orgie, Kazakhstan, Kirghizistan, Lituanie, Lettonie, Mac\u00e9doine, Moldavie, Russie, Roumanie, Serbie, Slovaquie, Tadjikistan, Turkm\u00e9nistan, Ukraine, \u00c9tats-Unis, Ouzb\u00e9kistan, Hongrie, ainsi que des pays d&#8217;Am\u00e9rique du Sud, d&#8217;Am\u00e9rique centrale et d&#8217;Afrique.<\/span><\/p>\n<p><span lang=\"fr-FR\">&#8211; <\/span><span lang=\"fr-FR\"><i><b>Programme de bourses Stefan Banach<\/b><\/i><\/span><span lang=\"fr-FR\"> &#8211; cr\u00e9\u00e9 \u00e0 l&#8217;initiative du minist\u00e8re des Affaires \u00e9trang\u00e8res et de l&#8217;Agence nationale des \u00e9changes acad\u00e9miques (NAWA). Le programme est destin\u00e9 aux citoyens des pays du Partenariat oriental, d&#8217;Asie centrale et des Balkans occidentaux, et il a pour objectif de soutenir le d\u00e9veloppement socio-\u00e9conomique des pays en d\u00e9veloppement en \u00e9levant le niveau de connaissances et d&#8217;\u00e9ducation des citoyens.<\/span><\/p>\n<p><span lang=\"fr-FR\">Plus d&#8217;informations sur le programme : <a href=\"https:\/\/www.nawa.gov.pl\/studenci\/studenci-zagraniczni\/program-stypendialny-im-stefana-banacha\">https:\/\/www.nawa.gov.pl\/studenci\/studenci-zagraniczni\/program-stypendialny-im-stefana-banacha<\/a><\/span><\/p>\n<p><span lang=\"fr-FR\">&#8211; <\/span><span lang=\"fr-FR\"><i><b>Programme de bourses Ignacy \u0141ukasiewicz<\/b><\/i><\/span><span lang=\"fr-FR\"> &#8211; lanc\u00e9 conjointement par le minist\u00e8re des Affaires \u00e9trang\u00e8res et la NAWA dans le cadre du programme polonais de l&#8217;aide au d\u00e9veloppement. De la m\u00eame mani\u00e8re que le programme de bourses Stefan Banach, il soutient le d\u00e9veloppement socio-\u00e9conomique de pays en d\u00e9veloppement (hors pays d&#8217;Europe et d&#8217;Asie centrale). La priorit\u00e9 est donn\u00e9e aux candidats des pays suivants : Afrique du Sud, Angola, \u00c9thiopie, Philippines, Inde, Indon\u00e9sie, Kenya, Colombie, Liban, Mexique, Myanmar, Nig\u00e9ria, Palestine, P\u00e9rou, S\u00e9n\u00e9gal, Tanzanie, Ouganda, Vietnam.<\/span><\/p>\n<p><span lang=\"fr-FR\">Plus d&#8217;informations sur le programme : <a href=\"https:\/\/www.nawa.gov.pl\/studenci\/studenci-zagraniczni\/program-stypendialny-im-ignacego-lukasiewicza\">https:\/\/www.nawa.gov.pl\/studenci\/studenci-zagraniczni\/program-stypendialny-im-ignacego-lukasiewicza<\/a><\/span><\/p>\n<p><span lang=\"fr-FR\">En savoir plus sur les programmes NAWA : <a href=\"https:\/\/www.nawa.gov.pl\/programy-nawa\/programy-nawa-alias\/trwajace\">https:\/\/www.nawa.gov.pl\/programy-nawa\/programy-nawa-alias\/trwajace<\/a><\/span><\/p>\n<p><span lang=\"fr-FR\"><u><b>Bourses dans le cadre d&#8217;accords bilat\u00e9raux<\/b><\/u><\/span><\/p>\n<p><span lang=\"fr-FR\">Il existe des bourses organis\u00e9es dans le cadre de programmes bilat\u00e9raux d\u00e9velopp\u00e9s entre la Pologne et les pays suivants (liste non-exhaustive) : Arm\u00e9nie, Belgique (Wallonie), Bi\u00e9lorussie, Bulgarie, Chine, Croatie, R\u00e9publique tch\u00e8que, \u00c9gypte, France, Isra\u00ebl, Japon, Y\u00e9men, Kazakhstan, Cor\u00e9e, Mac\u00e9doine, Mongolie, Roumanie, Serbie, Slovaquie, Slov\u00e9nie, Ta\u00efwan, Ukraine, Hongrie, Vietnam, Italie. Le s\u00e9jour dans le cadre du programme peut durer de trois jours \u00e0 douze mois au cours d&#8217;une ann\u00e9e acad\u00e9mique donn\u00e9e.<\/span><\/p>\n<p><span lang=\"fr-FR\">Plus d&#8217;informations sur le programme de coop\u00e9ration : <a href=\"https:\/\/www.nawa.gov.pl\/studenci\/studenci-zagraniczni\/program-wymiany-osobowej-studentow-i-naukowcow-w-ramach-wspolpracy-bilateralnej-oferta-przyjazdowa\">https:\/\/www.nawa.gov.pl\/studenci\/studenci-zagraniczni\/program-wymiany-osobowej-studentow-i-naukowcow-w-ramach-wspolpracy-bilateralnej-oferta-przyjazdowa<\/a><\/span><\/p>\n<p><span lang=\"fr-FR\">En savoir plus sur les projets r\u00e9serv\u00e9s \u00e0 des institutions : Promotion \u00e0 l\u2019\u00e9tranger ; Programme PROM ; Partenariats acad\u00e9miques internationaux ; Welcome to Poland ; STER &#8211; Bourses doctorales pour \u00e9trangers ; KATAMARAN &#8211; Pr\u00e9paration et mise en \u0153uvre d&#8217;\u00e9tudes de deuxi\u00e8me cycle : <a href=\"https:\/\/www.nawa.gov.pl\/instytucje\">https:\/\/www.nawa.gov.pl\/instytucje<\/a><\/span><\/p>\n","protected":false},"excerpt":{"rendered":"<p>Les bourses disponibles en Pologne La Pologne propose plusieurs types de bourses aux \u00e9trangers qui souhaitent y \u00e9tudier et mener des recherches scientifiques. Erasmus +, bourses dans le cadre d&#8217;accords bilat\u00e9raux, programme d&#8217;\u00e9change d&#8217;universit\u00e9s d&#8217;Europe centrale CEEPUS, programme de bourses Visegrad, bourses pour les \u00e9tudiants des pays du Partenariat oriental et des pays de l\u2019espace [&hellip;]<\/p>\n","protected":false},"author":1,"featured_media":512,"parent":379,"menu_order":0,"comment_status":"closed","ping_status":"closed","template":"","meta":{"inline_featured_image":false,"_monsterinsights_skip_tracking":false,"_monsterinsights_sitenote_active":false,"_monsterinsights_sitenote_note":"","_monsterinsights_sitenote_category":0,"footnotes":""},"class_list":["post-383","page","type-page","status-publish","has-post-thumbnail","hentry"],"yoast_head":"<!-- This site is optimized with the Yoast SEO plugin v24.6 - https:\/\/yoast.com\/wordpress\/plugins\/seo\/ -->\n<title>Bourses d&#039;\u00e9tudes en Pologne - Instytut Polski w Pary\u017cu<\/title>\n<meta name=\"robots\" content=\"index, follow, max-snippet:-1, max-image-preview:large, max-video-preview:-1\" \/>\n<link rel=\"canonical\" href=\"https:\/\/instytutpolski.pl\/paris\/en-savoir-plus-sur-la-pologne\/bourses-detudes-en-pologne\/\" \/>\n<meta property=\"og:locale\" content=\"pl_PL\" \/>\n<meta property=\"og:type\" content=\"article\" \/>\n<meta property=\"og:title\" content=\"Bourses d&#039;\u00e9tudes en Pologne - Instytut Polski w Pary\u017cu\" \/>\n<meta property=\"og:description\" content=\"Les bourses disponibles en Pologne La Pologne propose plusieurs types de bourses aux \u00e9trangers qui souhaitent y \u00e9tudier et mener des recherches scientifiques. Erasmus +, bourses dans le cadre d&#8217;accords bilat\u00e9raux, programme d&#8217;\u00e9change d&#8217;universit\u00e9s d&#8217;Europe centrale CEEPUS, programme de bourses Visegrad, bourses pour les \u00e9tudiants des pays du Partenariat oriental et des pays de l\u2019espace [&hellip;]\" \/>\n<meta property=\"og:url\" content=\"https:\/\/instytutpolski.pl\/paris\/en-savoir-plus-sur-la-pologne\/bourses-detudes-en-pologne\/\" \/>\n<meta property=\"og:site_name\" content=\"Instytut Polski w Pary\u017cu\" \/>\n<meta property=\"article:modified_time\" content=\"2020-05-26T11:27:32+00:00\" \/>\n<meta property=\"og:image\" content=\"https:\/\/instytutpolski.pl\/paris\/wp-content\/uploads\/sites\/14\/2019\/06\/stypendia-w-polsce.jpg\" \/>\n\t<meta property=\"og:image:width\" content=\"1920\" \/>\n\t<meta property=\"og:image:height\" content=\"700\" \/>\n\t<meta property=\"og:image:type\" content=\"image\/jpeg\" \/>\n<meta name=\"twitter:card\" content=\"summary_large_image\" \/>\n<meta name=\"twitter:label1\" content=\"Szacowany czas czytania\" \/>\n\t<meta name=\"twitter:data1\" content=\"4 minuty\" \/>\n<script type=\"application\/ld+json\" class=\"yoast-schema-graph\">{\"@context\":\"https:\/\/schema.org\",\"@graph\":[{\"@type\":\"WebPage\",\"@id\":\"https:\/\/instytutpolski.pl\/paris\/en-savoir-plus-sur-la-pologne\/bourses-detudes-en-pologne\/\",\"url\":\"https:\/\/instytutpolski.pl\/paris\/en-savoir-plus-sur-la-pologne\/bourses-detudes-en-pologne\/\",\"name\":\"Bourses d'\u00e9tudes en Pologne - Instytut Polski w Pary\u017cu\",\"isPartOf\":{\"@id\":\"https:\/\/instytutpolski.pl\/paris\/#website\"},\"primaryImageOfPage\":{\"@id\":\"https:\/\/instytutpolski.pl\/paris\/en-savoir-plus-sur-la-pologne\/bourses-detudes-en-pologne\/#primaryimage\"},\"image\":{\"@id\":\"https:\/\/instytutpolski.pl\/paris\/en-savoir-plus-sur-la-pologne\/bourses-detudes-en-pologne\/#primaryimage\"},\"thumbnailUrl\":\"https:\/\/instytutpolski.pl\/paris\/wp-content\/uploads\/sites\/14\/2019\/06\/stypendia-w-polsce.jpg\",\"datePublished\":\"2019-06-24T09:35:59+00:00\",\"dateModified\":\"2020-05-26T11:27:32+00:00\",\"breadcrumb\":{\"@id\":\"https:\/\/instytutpolski.pl\/paris\/en-savoir-plus-sur-la-pologne\/bourses-detudes-en-pologne\/#breadcrumb\"},\"inLanguage\":\"pl-PL\",\"potentialAction\":[{\"@type\":\"ReadAction\",\"target\":[\"https:\/\/instytutpolski.pl\/paris\/en-savoir-plus-sur-la-pologne\/bourses-detudes-en-pologne\/\"]}]},{\"@type\":\"ImageObject\",\"inLanguage\":\"pl-PL\",\"@id\":\"https:\/\/instytutpolski.pl\/paris\/en-savoir-plus-sur-la-pologne\/bourses-detudes-en-pologne\/#primaryimage\",\"url\":\"https:\/\/instytutpolski.pl\/paris\/wp-content\/uploads\/sites\/14\/2019\/06\/stypendia-w-polsce.jpg\",\"contentUrl\":\"https:\/\/instytutpolski.pl\/paris\/wp-content\/uploads\/sites\/14\/2019\/06\/stypendia-w-polsce.jpg\",\"width\":1920,\"height\":700},{\"@type\":\"BreadcrumbList\",\"@id\":\"https:\/\/instytutpolski.pl\/paris\/en-savoir-plus-sur-la-pologne\/bourses-detudes-en-pologne\/#breadcrumb\",\"itemListElement\":[{\"@type\":\"ListItem\",\"position\":1,\"name\":\"Home\",\"item\":\"https:\/\/instytutpolski.pl\/paris\/\"},{\"@type\":\"ListItem\",\"position\":2,\"name\":\"D\u00e9couvrez la Pologne\",\"item\":\"https:\/\/instytutpolski.pl\/paris\/en-savoir-plus-sur-la-pologne\/\"},{\"@type\":\"ListItem\",\"position\":3,\"name\":\"Bourses d&rsquo;\u00e9tudes en Pologne\"}]},{\"@type\":\"WebSite\",\"@id\":\"https:\/\/instytutpolski.pl\/paris\/#website\",\"url\":\"https:\/\/instytutpolski.pl\/paris\/\",\"name\":\"Instytut Polski w Pary\u017cu\",\"description\":\"Instytuty Polskie\",\"potentialAction\":[{\"@type\":\"SearchAction\",\"target\":{\"@type\":\"EntryPoint\",\"urlTemplate\":\"https:\/\/instytutpolski.pl\/paris\/?s={search_term_string}\"},\"query-input\":{\"@type\":\"PropertyValueSpecification\",\"valueRequired\":true,\"valueName\":\"search_term_string\"}}],\"inLanguage\":\"pl-PL\"}]}<\/script>\n<!-- \/ Yoast SEO plugin. -->","yoast_head_json":{"title":"Bourses d'\u00e9tudes en Pologne - Instytut Polski w Pary\u017cu","robots":{"index":"index","follow":"follow","max-snippet":"max-snippet:-1","max-image-preview":"max-image-preview:large","max-video-preview":"max-video-preview:-1"},"canonical":"https:\/\/instytutpolski.pl\/paris\/en-savoir-plus-sur-la-pologne\/bourses-detudes-en-pologne\/","og_locale":"pl_PL","og_type":"article","og_title":"Bourses d'\u00e9tudes en Pologne - Instytut Polski w Pary\u017cu","og_description":"Les bourses disponibles en Pologne La Pologne propose plusieurs types de bourses aux \u00e9trangers qui souhaitent y \u00e9tudier et mener des recherches scientifiques. Erasmus +, bourses dans le cadre d&#8217;accords bilat\u00e9raux, programme d&#8217;\u00e9change d&#8217;universit\u00e9s d&#8217;Europe centrale CEEPUS, programme de bourses Visegrad, bourses pour les \u00e9tudiants des pays du Partenariat oriental et des pays de l\u2019espace [&hellip;]","og_url":"https:\/\/instytutpolski.pl\/paris\/en-savoir-plus-sur-la-pologne\/bourses-detudes-en-pologne\/","og_site_name":"Instytut Polski w Pary\u017cu","article_modified_time":"2020-05-26T11:27:32+00:00","og_image":[{"width":1920,"height":700,"url":"https:\/\/instytutpolski.pl\/paris\/wp-content\/uploads\/sites\/14\/2019\/06\/stypendia-w-polsce.jpg","type":"image\/jpeg"}],"twitter_card":"summary_large_image","twitter_misc":{"Szacowany czas czytania":"4 minuty"},"schema":{"@context":"https:\/\/schema.org","@graph":[{"@type":"WebPage","@id":"https:\/\/instytutpolski.pl\/paris\/en-savoir-plus-sur-la-pologne\/bourses-detudes-en-pologne\/","url":"https:\/\/instytutpolski.pl\/paris\/en-savoir-plus-sur-la-pologne\/bourses-detudes-en-pologne\/","name":"Bourses d'\u00e9tudes en Pologne - Instytut Polski w Pary\u017cu","isPartOf":{"@id":"https:\/\/instytutpolski.pl\/paris\/#website"},"primaryImageOfPage":{"@id":"https:\/\/instytutpolski.pl\/paris\/en-savoir-plus-sur-la-pologne\/bourses-detudes-en-pologne\/#primaryimage"},"image":{"@id":"https:\/\/instytutpolski.pl\/paris\/en-savoir-plus-sur-la-pologne\/bourses-detudes-en-pologne\/#primaryimage"},"thumbnailUrl":"https:\/\/instytutpolski.pl\/paris\/wp-content\/uploads\/sites\/14\/2019\/06\/stypendia-w-polsce.jpg","datePublished":"2019-06-24T09:35:59+00:00","dateModified":"2020-05-26T11:27:32+00:00","breadcrumb":{"@id":"https:\/\/instytutpolski.pl\/paris\/en-savoir-plus-sur-la-pologne\/bourses-detudes-en-pologne\/#breadcrumb"},"inLanguage":"pl-PL","potentialAction":[{"@type":"ReadAction","target":["https:\/\/instytutpolski.pl\/paris\/en-savoir-plus-sur-la-pologne\/bourses-detudes-en-pologne\/"]}]},{"@type":"ImageObject","inLanguage":"pl-PL","@id":"https:\/\/instytutpolski.pl\/paris\/en-savoir-plus-sur-la-pologne\/bourses-detudes-en-pologne\/#primaryimage","url":"https:\/\/instytutpolski.pl\/paris\/wp-content\/uploads\/sites\/14\/2019\/06\/stypendia-w-polsce.jpg","contentUrl":"https:\/\/instytutpolski.pl\/paris\/wp-content\/uploads\/sites\/14\/2019\/06\/stypendia-w-polsce.jpg","width":1920,"height":700},{"@type":"BreadcrumbList","@id":"https:\/\/instytutpolski.pl\/paris\/en-savoir-plus-sur-la-pologne\/bourses-detudes-en-pologne\/#breadcrumb","itemListElement":[{"@type":"ListItem","position":1,"name":"Home","item":"https:\/\/instytutpolski.pl\/paris\/"},{"@type":"ListItem","position":2,"name":"D\u00e9couvrez la Pologne","item":"https:\/\/instytutpolski.pl\/paris\/en-savoir-plus-sur-la-pologne\/"},{"@type":"ListItem","position":3,"name":"Bourses d&rsquo;\u00e9tudes en Pologne"}]},{"@type":"WebSite","@id":"https:\/\/instytutpolski.pl\/paris\/#website","url":"https:\/\/instytutpolski.pl\/paris\/","name":"Instytut Polski w Pary\u017cu","description":"Instytuty Polskie","potentialAction":[{"@type":"SearchAction","target":{"@type":"EntryPoint","urlTemplate":"https:\/\/instytutpolski.pl\/paris\/?s={search_term_string}"},"query-input":{"@type":"PropertyValueSpecification","valueRequired":true,"valueName":"search_term_string"}}],"inLanguage":"pl-PL"}]}},"_links":{"self":[{"href":"https:\/\/instytutpolski.pl\/paris\/wp-json\/wp\/v2\/pages\/383","targetHints":{"allow":["GET"]}}],"collection":[{"href":"https:\/\/instytutpolski.pl\/paris\/wp-json\/wp\/v2\/pages"}],"about":[{"href":"https:\/\/instytutpolski.pl\/paris\/wp-json\/wp\/v2\/types\/page"}],"author":[{"embeddable":true,"href":"https:\/\/instytutpolski.pl\/paris\/wp-json\/wp\/v2\/users\/1"}],"replies":[{"embeddable":true,"href":"https:\/\/instytutpolski.pl\/paris\/wp-json\/wp\/v2\/comments?post=383"}],"version-history":[{"count":3,"href":"https:\/\/instytutpolski.pl\/paris\/wp-json\/wp\/v2\/pages\/383\/revisions"}],"predecessor-version":[{"id":672,"href":"https:\/\/instytutpolski.pl\/paris\/wp-json\/wp\/v2\/pages\/383\/revisions\/672"}],"up":[{"embeddable":true,"href":"https:\/\/instytutpolski.pl\/paris\/wp-json\/wp\/v2\/pages\/379"}],"wp:featuredmedia":[{"embeddable":true,"href":"https:\/\/instytutpolski.pl\/paris\/wp-json\/wp\/v2\/media\/512"}],"wp:attachment":[{"href":"https:\/\/instytutpolski.pl\/paris\/wp-json\/wp\/v2\/media?parent=383"}],"curies":[{"name":"wp","href":"https:\/\/api.w.org\/{rel}","templated":true}]}}