{"id":403,"date":"2019-06-24T11:38:41","date_gmt":"2019-06-24T09:38:41","guid":{"rendered":"https:\/\/instytutpolski.pl\/paryz\/?page_id=403"},"modified":"2024-09-24T10:45:45","modified_gmt":"2024-09-24T08:45:45","slug":"etudier-en-pologne","status":"publish","type":"page","link":"https:\/\/instytutpolski.pl\/paris\/en-savoir-plus-sur-la-pologne\/lenseignement-en-pologne\/etudier-en-pologne\/","title":{"rendered":"\u00c9tudier en Pologne"},"content":{"rendered":"<p><span lang=\"fr-FR\">Environ un million cent mille personnes \u00e9tudient en Pologne dans plus de quatre cents universit\u00e9s. Plus de cent mille \u00e9trangers y ont \u00e9t\u00e9 form\u00e9s au cours de l&#8217;ann\u00e9e universitaire 2022-2023. D\u00e9couvrez une offre \u00e9ducative riche et diversifi\u00e9e. <\/span><\/p>\n<p><span lang=\"fr-FR\">Pour plus d&#8217;informations sur les universit\u00e9s polonaises, la reconnaissance des dipl\u00f4mes, et des conseils pratiques pour ceux qui souhaitent \u00e9tudier en Pologne : <a href=\"http:\/\/www.go-poland.pl\/\">http:\/\/www.go-poland.pl\/<\/a><\/span><\/p>\n<p>Pour \u00e9tudier le polonais en Pologne gr\u00e2ce \u00e0 l&#8217;agence NAWA : <a href=\"https:\/\/nawa.gov.pl\/en\/the-polish-language\/nawa-summer-courses\">https:\/\/nawa.gov.pl\/en\/the-polish-language\/nawa-summer-courses<\/a><\/p>\n","protected":false},"excerpt":{"rendered":"<p>Environ un million cent mille personnes \u00e9tudient en Pologne dans plus de quatre cents universit\u00e9s. Plus de cent mille \u00e9trangers y ont \u00e9t\u00e9 form\u00e9s au cours de l&#8217;ann\u00e9e universitaire 2022-2023. D\u00e9couvrez une offre \u00e9ducative riche et diversifi\u00e9e. Pour plus d&#8217;informations sur les universit\u00e9s polonaises, la reconnaissance des dipl\u00f4mes, et des conseils pratiques pour ceux qui [&hellip;]<\/p>\n","protected":false},"author":1,"featured_media":510,"parent":393,"menu_order":0,"comment_status":"closed","ping_status":"closed","template":"","meta":{"inline_featured_image":false,"_monsterinsights_skip_tracking":false,"_monsterinsights_sitenote_active":false,"_monsterinsights_sitenote_note":"","_monsterinsights_sitenote_category":0,"footnotes":""},"class_list":["post-403","page","type-page","status-publish","has-post-thumbnail","hentry"],"yoast_head":"<!-- This site is optimized with the Yoast SEO plugin v24.6 - https:\/\/yoast.com\/wordpress\/plugins\/seo\/ -->\n<title>\u00c9tudier en Pologne - Instytut Polski w Pary\u017cu<\/title>\n<meta name=\"robots\" content=\"index, follow, max-snippet:-1, max-image-preview:large, max-video-preview:-1\" \/>\n<link rel=\"canonical\" href=\"https:\/\/instytutpolski.pl\/paris\/en-savoir-plus-sur-la-pologne\/lenseignement-en-pologne\/etudier-en-pologne\/\" \/>\n<meta property=\"og:locale\" content=\"pl_PL\" \/>\n<meta property=\"og:type\" content=\"article\" \/>\n<meta property=\"og:title\" content=\"\u00c9tudier en Pologne - Instytut Polski w Pary\u017cu\" \/>\n<meta property=\"og:description\" content=\"Environ un million cent mille personnes \u00e9tudient en Pologne dans plus de quatre cents universit\u00e9s. Plus de cent mille \u00e9trangers y ont \u00e9t\u00e9 form\u00e9s au cours de l&#8217;ann\u00e9e universitaire 2022-2023. D\u00e9couvrez une offre \u00e9ducative riche et diversifi\u00e9e. Pour plus d&#8217;informations sur les universit\u00e9s polonaises, la reconnaissance des dipl\u00f4mes, et des conseils pratiques pour ceux qui [&hellip;]\" \/>\n<meta property=\"og:url\" content=\"https:\/\/instytutpolski.pl\/paris\/en-savoir-plus-sur-la-pologne\/lenseignement-en-pologne\/etudier-en-pologne\/\" \/>\n<meta property=\"og:site_name\" content=\"Instytut Polski w Pary\u017cu\" \/>\n<meta property=\"article:modified_time\" content=\"2024-09-24T08:45:45+00:00\" \/>\n<meta property=\"og:image\" content=\"https:\/\/instytutpolski.pl\/paris\/wp-content\/uploads\/sites\/14\/2019\/06\/studiuj-w-polsce.jpg\" \/>\n\t<meta property=\"og:image:width\" content=\"1920\" \/>\n\t<meta property=\"og:image:height\" content=\"700\" \/>\n\t<meta property=\"og:image:type\" content=\"image\/jpeg\" \/>\n<meta name=\"twitter:card\" content=\"summary_large_image\" \/>\n<meta name=\"twitter:label1\" content=\"Szacowany czas czytania\" \/>\n\t<meta name=\"twitter:data1\" content=\"1 minuta\" \/>\n<script type=\"application\/ld+json\" class=\"yoast-schema-graph\">{\"@context\":\"https:\/\/schema.org\",\"@graph\":[{\"@type\":\"WebPage\",\"@id\":\"https:\/\/instytutpolski.pl\/paris\/en-savoir-plus-sur-la-pologne\/lenseignement-en-pologne\/etudier-en-pologne\/\",\"url\":\"https:\/\/instytutpolski.pl\/paris\/en-savoir-plus-sur-la-pologne\/lenseignement-en-pologne\/etudier-en-pologne\/\",\"name\":\"\u00c9tudier en Pologne - Instytut Polski w Pary\u017cu\",\"isPartOf\":{\"@id\":\"https:\/\/instytutpolski.pl\/paris\/#website\"},\"primaryImageOfPage\":{\"@id\":\"https:\/\/instytutpolski.pl\/paris\/en-savoir-plus-sur-la-pologne\/lenseignement-en-pologne\/etudier-en-pologne\/#primaryimage\"},\"image\":{\"@id\":\"https:\/\/instytutpolski.pl\/paris\/en-savoir-plus-sur-la-pologne\/lenseignement-en-pologne\/etudier-en-pologne\/#primaryimage\"},\"thumbnailUrl\":\"https:\/\/instytutpolski.pl\/paris\/wp-content\/uploads\/sites\/14\/2019\/06\/studiuj-w-polsce.jpg\",\"datePublished\":\"2019-06-24T09:38:41+00:00\",\"dateModified\":\"2024-09-24T08:45:45+00:00\",\"breadcrumb\":{\"@id\":\"https:\/\/instytutpolski.pl\/paris\/en-savoir-plus-sur-la-pologne\/lenseignement-en-pologne\/etudier-en-pologne\/#breadcrumb\"},\"inLanguage\":\"pl-PL\",\"potentialAction\":[{\"@type\":\"ReadAction\",\"target\":[\"https:\/\/instytutpolski.pl\/paris\/en-savoir-plus-sur-la-pologne\/lenseignement-en-pologne\/etudier-en-pologne\/\"]}]},{\"@type\":\"ImageObject\",\"inLanguage\":\"pl-PL\",\"@id\":\"https:\/\/instytutpolski.pl\/paris\/en-savoir-plus-sur-la-pologne\/lenseignement-en-pologne\/etudier-en-pologne\/#primaryimage\",\"url\":\"https:\/\/instytutpolski.pl\/paris\/wp-content\/uploads\/sites\/14\/2019\/06\/studiuj-w-polsce.jpg\",\"contentUrl\":\"https:\/\/instytutpolski.pl\/paris\/wp-content\/uploads\/sites\/14\/2019\/06\/studiuj-w-polsce.jpg\",\"width\":1920,\"height\":700},{\"@type\":\"BreadcrumbList\",\"@id\":\"https:\/\/instytutpolski.pl\/paris\/en-savoir-plus-sur-la-pologne\/lenseignement-en-pologne\/etudier-en-pologne\/#breadcrumb\",\"itemListElement\":[{\"@type\":\"ListItem\",\"position\":1,\"name\":\"Home\",\"item\":\"https:\/\/instytutpolski.pl\/paris\/\"},{\"@type\":\"ListItem\",\"position\":2,\"name\":\"D\u00e9couvrez la Pologne\",\"item\":\"https:\/\/instytutpolski.pl\/paris\/en-savoir-plus-sur-la-pologne\/\"},{\"@type\":\"ListItem\",\"position\":3,\"name\":\"L\u2019enseignement en Pologne\",\"item\":\"https:\/\/instytutpolski.pl\/paris\/en-savoir-plus-sur-la-pologne\/lenseignement-en-pologne\/\"},{\"@type\":\"ListItem\",\"position\":4,\"name\":\"\u00c9tudier en Pologne\"}]},{\"@type\":\"WebSite\",\"@id\":\"https:\/\/instytutpolski.pl\/paris\/#website\",\"url\":\"https:\/\/instytutpolski.pl\/paris\/\",\"name\":\"Instytut Polski w Pary\u017cu\",\"description\":\"Instytuty Polskie\",\"potentialAction\":[{\"@type\":\"SearchAction\",\"target\":{\"@type\":\"EntryPoint\",\"urlTemplate\":\"https:\/\/instytutpolski.pl\/paris\/?s={search_term_string}\"},\"query-input\":{\"@type\":\"PropertyValueSpecification\",\"valueRequired\":true,\"valueName\":\"search_term_string\"}}],\"inLanguage\":\"pl-PL\"}]}<\/script>\n<!-- \/ Yoast SEO plugin. -->","yoast_head_json":{"title":"\u00c9tudier en Pologne - Instytut Polski w Pary\u017cu","robots":{"index":"index","follow":"follow","max-snippet":"max-snippet:-1","max-image-preview":"max-image-preview:large","max-video-preview":"max-video-preview:-1"},"canonical":"https:\/\/instytutpolski.pl\/paris\/en-savoir-plus-sur-la-pologne\/lenseignement-en-pologne\/etudier-en-pologne\/","og_locale":"pl_PL","og_type":"article","og_title":"\u00c9tudier en Pologne - Instytut Polski w Pary\u017cu","og_description":"Environ un million cent mille personnes \u00e9tudient en Pologne dans plus de quatre cents universit\u00e9s. Plus de cent mille \u00e9trangers y ont \u00e9t\u00e9 form\u00e9s au cours de l&#8217;ann\u00e9e universitaire 2022-2023. D\u00e9couvrez une offre \u00e9ducative riche et diversifi\u00e9e. Pour plus d&#8217;informations sur les universit\u00e9s polonaises, la reconnaissance des dipl\u00f4mes, et des conseils pratiques pour ceux qui [&hellip;]","og_url":"https:\/\/instytutpolski.pl\/paris\/en-savoir-plus-sur-la-pologne\/lenseignement-en-pologne\/etudier-en-pologne\/","og_site_name":"Instytut Polski w Pary\u017cu","article_modified_time":"2024-09-24T08:45:45+00:00","og_image":[{"width":1920,"height":700,"url":"https:\/\/instytutpolski.pl\/paris\/wp-content\/uploads\/sites\/14\/2019\/06\/studiuj-w-polsce.jpg","type":"image\/jpeg"}],"twitter_card":"summary_large_image","twitter_misc":{"Szacowany czas czytania":"1 minuta"},"schema":{"@context":"https:\/\/schema.org","@graph":[{"@type":"WebPage","@id":"https:\/\/instytutpolski.pl\/paris\/en-savoir-plus-sur-la-pologne\/lenseignement-en-pologne\/etudier-en-pologne\/","url":"https:\/\/instytutpolski.pl\/paris\/en-savoir-plus-sur-la-pologne\/lenseignement-en-pologne\/etudier-en-pologne\/","name":"\u00c9tudier en Pologne - Instytut Polski w Pary\u017cu","isPartOf":{"@id":"https:\/\/instytutpolski.pl\/paris\/#website"},"primaryImageOfPage":{"@id":"https:\/\/instytutpolski.pl\/paris\/en-savoir-plus-sur-la-pologne\/lenseignement-en-pologne\/etudier-en-pologne\/#primaryimage"},"image":{"@id":"https:\/\/instytutpolski.pl\/paris\/en-savoir-plus-sur-la-pologne\/lenseignement-en-pologne\/etudier-en-pologne\/#primaryimage"},"thumbnailUrl":"https:\/\/instytutpolski.pl\/paris\/wp-content\/uploads\/sites\/14\/2019\/06\/studiuj-w-polsce.jpg","datePublished":"2019-06-24T09:38:41+00:00","dateModified":"2024-09-24T08:45:45+00:00","breadcrumb":{"@id":"https:\/\/instytutpolski.pl\/paris\/en-savoir-plus-sur-la-pologne\/lenseignement-en-pologne\/etudier-en-pologne\/#breadcrumb"},"inLanguage":"pl-PL","potentialAction":[{"@type":"ReadAction","target":["https:\/\/instytutpolski.pl\/paris\/en-savoir-plus-sur-la-pologne\/lenseignement-en-pologne\/etudier-en-pologne\/"]}]},{"@type":"ImageObject","inLanguage":"pl-PL","@id":"https:\/\/instytutpolski.pl\/paris\/en-savoir-plus-sur-la-pologne\/lenseignement-en-pologne\/etudier-en-pologne\/#primaryimage","url":"https:\/\/instytutpolski.pl\/paris\/wp-content\/uploads\/sites\/14\/2019\/06\/studiuj-w-polsce.jpg","contentUrl":"https:\/\/instytutpolski.pl\/paris\/wp-content\/uploads\/sites\/14\/2019\/06\/studiuj-w-polsce.jpg","width":1920,"height":700},{"@type":"BreadcrumbList","@id":"https:\/\/instytutpolski.pl\/paris\/en-savoir-plus-sur-la-pologne\/lenseignement-en-pologne\/etudier-en-pologne\/#breadcrumb","itemListElement":[{"@type":"ListItem","position":1,"name":"Home","item":"https:\/\/instytutpolski.pl\/paris\/"},{"@type":"ListItem","position":2,"name":"D\u00e9couvrez la Pologne","item":"https:\/\/instytutpolski.pl\/paris\/en-savoir-plus-sur-la-pologne\/"},{"@type":"ListItem","position":3,"name":"L\u2019enseignement en Pologne","item":"https:\/\/instytutpolski.pl\/paris\/en-savoir-plus-sur-la-pologne\/lenseignement-en-pologne\/"},{"@type":"ListItem","position":4,"name":"\u00c9tudier en Pologne"}]},{"@type":"WebSite","@id":"https:\/\/instytutpolski.pl\/paris\/#website","url":"https:\/\/instytutpolski.pl\/paris\/","name":"Instytut Polski w Pary\u017cu","description":"Instytuty Polskie","potentialAction":[{"@type":"SearchAction","target":{"@type":"EntryPoint","urlTemplate":"https:\/\/instytutpolski.pl\/paris\/?s={search_term_string}"},"query-input":{"@type":"PropertyValueSpecification","valueRequired":true,"valueName":"search_term_string"}}],"inLanguage":"pl-PL"}]}},"_links":{"self":[{"href":"https:\/\/instytutpolski.pl\/paris\/wp-json\/wp\/v2\/pages\/403","targetHints":{"allow":["GET"]}}],"collection":[{"href":"https:\/\/instytutpolski.pl\/paris\/wp-json\/wp\/v2\/pages"}],"about":[{"href":"https:\/\/instytutpolski.pl\/paris\/wp-json\/wp\/v2\/types\/page"}],"author":[{"embeddable":true,"href":"https:\/\/instytutpolski.pl\/paris\/wp-json\/wp\/v2\/users\/1"}],"replies":[{"embeddable":true,"href":"https:\/\/instytutpolski.pl\/paris\/wp-json\/wp\/v2\/comments?post=403"}],"version-history":[{"count":6,"href":"https:\/\/instytutpolski.pl\/paris\/wp-json\/wp\/v2\/pages\/403\/revisions"}],"predecessor-version":[{"id":8048,"href":"https:\/\/instytutpolski.pl\/paris\/wp-json\/wp\/v2\/pages\/403\/revisions\/8048"}],"up":[{"embeddable":true,"href":"https:\/\/instytutpolski.pl\/paris\/wp-json\/wp\/v2\/pages\/393"}],"wp:featuredmedia":[{"embeddable":true,"href":"https:\/\/instytutpolski.pl\/paris\/wp-json\/wp\/v2\/media\/510"}],"wp:attachment":[{"href":"https:\/\/instytutpolski.pl\/paris\/wp-json\/wp\/v2\/media?parent=403"}],"curies":[{"name":"wp","href":"https:\/\/api.w.org\/{rel}","templated":true}]}}