{"id":411,"date":"2019-06-24T11:39:52","date_gmt":"2019-06-24T09:39:52","guid":{"rendered":"https:\/\/instytutpolski.pl\/paryz\/?page_id=411"},"modified":"2026-01-27T13:23:59","modified_gmt":"2026-01-27T12:23:59","slug":"cours-de-polonais-dans-les-universites","status":"publish","type":"page","link":"https:\/\/instytutpolski.pl\/paris\/la-langue-polonaise\/cours-de-polonais-dans-les-universites\/","title":{"rendered":"Cours de polonais dans les universit\u00e9s et les ecoles"},"content":{"rendered":"\n<p><strong>Cours de polonais au <a href=\"https:\/\/okp-sorbona.uw.edu.pl\/\">Centre de civilisation polonaise<\/a><\/strong><\/p>\n\n\n\n<p>Depuis 60 ans le Centre de civilisation polonaise vous propose une large offre des cours de polonais,&nbsp; les cours du soir. Ces formations en petits groupes sont dispens\u00e9es par les enseignants sp\u00e9cialis\u00e9s. Tous les niveaux sont assur\u00e9s, des d\u00e9butants aux confirm\u00e9s.<\/p>\n\n\n\n<p><strong>Centre universitaire de Malesherbes<br><\/strong>108 bd Malesherbes<br>75017 Paris<\/p>\n\n\n\n<p>Responsable p\u00e9dagogique : Malgorzata Piermattei<br>E-mail: <a href=\"mailto:malgorzata.piermattei-zakrzewska@sorbonne-universite.fr\">malgorzata.piermattei-zakrzewska@sorbonne-universite.fr<\/a><\/p>\n\n\n\n<p>Pour plus d\u2019informations, veuillez consulter le site :<br><a href=\"https:\/\/okp-sorbona.uw.edu.pl\/\">okp-sorbona.uw.edu.pl<\/a><\/p>\n\n\n\n<hr class=\"wp-block-separator has-alpha-channel-opacity\" \/>\n\n\n\n<p><strong>Enseignement du polonais \u00e0 l&#8217;INALCO (D\u00e9partement Europe)<\/strong><\/p>\n\n\n\n<p>Le d\u00e9partement rassemble dix-sept langues tr\u00e8s diverses. Leur \u00e9tude, outre l\u2019int\u00e9r\u00eat linguistique et culturel qu\u2019elle pr\u00e9sente, peut offrir d\u2019int\u00e9ressants d\u00e9bouch\u00e9s, notamment dans les domaines de la traduction et de l\u2019interpr\u00e9tation ou en tant que compl\u00e9ment original \u00e0 d\u2019autres comp\u00e9tences.<\/p>\n\n\n\n<p><strong>INALCO<\/strong><br>65 rue des Grands Moulins<br>75013 Paris<\/p>\n\n\n\n<p>Responsable p\u00e9dagogique : V\u00e9rika Jakimov<br>T\u00e9l. : 01 81 70 11 31<\/p>\n\n\n\n<p>Pour plus d&#8217;informations, veuillez consulter le site :<br><a href=\"http:\/\/www.inalco.fr\/langue\/polonais\">http:\/\/www.inalco.fr\/langue\/polonais<\/a><\/p>\n\n\n\n<hr class=\"wp-block-separator has-alpha-channel-opacity\" \/>\n\n\n\n<p><strong>D\u00e9partement de polonais \u00e0 l&#8217;Universit\u00e9 Paris Sorbonne (UFR Etudes slaves)<\/strong><\/p>\n\n\n\n<p>Le d\u00e9partement de polonais de l\u2019Universit\u00e9 Paris-Sorbonne d\u00e9livre dans le domaine des \u00e9tudes polonaises une des formations les plus compl\u00e8tes en France. Interdisciplinaire, il offre une pr\u00e9paration aux dipl\u00f4mes nationaux de Licence, de Master et de Doctorat, mention Langues, Litt\u00e9ratures, Civilisations Etrang\u00e8res.<\/p>\n\n\n\n<p><strong>Secr\u00e9tariat UFR d\u2019Etudes slaves<br><\/strong>108 bd Malesherbes<br>75017 Paris<\/p>\n\n\n\n<p>Email : <a href=\"mailto:Lettres-EtudesSlaves-Secretariat@sorbonne-universite.fr\">Lettres-EtudesSlaves-Secretariat@sorbonne-universite.fr<\/a><\/p>\n\n\n\n<p>Responsable p\u00e9dagogique : Kinga Callebat,<br>Email : <a href=\"mailto:Kinga.Callebat@paris-sorbonne.fr\">Kinga.Callebat@paris-sorbonne.fr<\/a><br>T\u00e9l.: 01 43 18 41 64<\/p>\n\n\n\n<p>TLJ 9h30-12h30, 14h30-16h30 (sauf le lundi a.m. et le vendredi a.m.)<\/p>\n\n\n\n<p>Pour plus d&#8217;informations, veuillez consulter le site :<br><a href=\"https:\/\/lettres.sorbonne-universite.fr\/faculte-des-lettres\/ufr\/ufr-etudes-slaves\">https:\/\/lettres.sorbonne-universite.fr\/faculte-des-lettres\/ufr\/ufr-etudes-slaves<\/a>&nbsp;<\/p>\n\n\n\n<hr class=\"wp-block-separator has-alpha-channel-opacity\" \/>\n\n\n\n<p><strong>Point de Consultation Scolaire (Szkolny Punkt Konsultacyjny im. Adama Mickiewicza) \u2013 Ambassade de Pologne \u00e0 Paris<\/strong><\/p>\n\n\n\n<p>L\u2019\u00e9cole propose gratuitement des cours pour les \u00e9l\u00e8ves de l\u2019\u00e9cole primaire, du coll\u00e8ge et du lyc\u00e9e.<\/p>\n\n\n\n<p><strong>Responsable<\/strong>: Konrad Leszczy\u0144ski<br>11-15 rue Lamand\u00e9<br>75017 Paris<\/p>\n\n\n\n<p>E-mail : <a href=\"mailto:paryz@orpeg.pl\">paryz@orpeg.pl<\/a> ou <a href=\"mailto:colepolonaise@wanadoo.fr\">ecolepolonaise@wanadoo.fr<\/a><br>T\u00e9l.: 09 83 33 65 88&nbsp;<\/p>\n\n\n\n<p>Pour plus d&#8217;informations, veuillez consulter le site :<br><a href=\"http:\/\/www.paryz.orpeg.pl\">www.paryz.orpeg.pl<\/a><\/p>\n\n\n\n<hr class=\"wp-block-separator has-alpha-channel-opacity\" \/>\n\n\n\n<p><strong>Szko\u0142a Polska im. \u015aw Genowefy przy Ambasadzie w Pary\u017cu&nbsp;<\/strong><\/p>\n\n\n\n<p>Dans un cadre chaleureux et familiale, les enfants d\u2019origine polonaise peuvent apprendre le polonais du CP jusqu\u2019au lyc\u00e9e.<\/p>\n\n\n\n<p>Adresse : 18 rue Claude Lorrain 75016 Paris&nbsp;<br>Contact : Email : <a href=\"mailto:paryz-genowefa@orpeg.pl\">paryz-genowefa@orpeg.pl<\/a><br>T\u00e9l\u00e9phone : &nbsp;09 83 33 65 88&nbsp;<\/p>\n\n\n\n<p>Pour plus d&#8217;informations, veuillez consulter le site :<br><a href=\"https:\/\/genowefa.orpeg.pl\/\">https:\/\/genowefa.orpeg.pl\/<\/a>&nbsp;&nbsp;&nbsp;<\/p>\n\n\n\n<hr class=\"wp-block-separator has-alpha-channel-opacity\" \/>\n\n\n\n<p><strong>Coll\u00e8ge &amp; Lyc\u00e9e Montaigne<\/strong> <strong>\u00e0 Paris<\/strong><\/p>\n\n\n\n<p><strong>Coll\u00e8ge <\/strong><\/p>\n\n\n\n<p>Depuis la rentr\u00e9e 2025, le lyc\u00e9e coll\u00e8ge Montaigne propose des cours de polonais en LV2 ou en option, le mercredi ou le samedi ou en fin d\u2019apr\u00e8s-midi les autres jours de la semaine. Ces cours sont destin\u00e9s \u00e0 tous les \u00e9l\u00e8ves scolaris\u00e9s dans un \u00e9tablissement en \u00cele-de-France, public ou priv\u00e9 sont et adapt\u00e9s aussi bien aux grands d\u00e9butants qu&#8217;aux \u00e9l\u00e8ves d\u00e9j\u00e0 d\u00e9j\u00e0 polonophones.<\/p>\n\n\n\n<p><strong>Lyc\u00e9e <\/strong><\/p>\n\n\n\n<p><strong>Polonais LVA\/LVB\/LVC<br><\/strong>Le polonais LVA\/LVB\/ LVC est une langue inter-\u00e9tablissements dite EIE : les lyc\u00e9ens provenant de toute l&#8217;\u00cele-de-France (Acad\u00e9mies de Paris, Versailles et Cr\u00e9teil) peuvent suivre cet enseignement. En raison de la r\u00e9forme du baccalaur\u00e9at, les \u00e9l\u00e8ves souhaitant passer le bac en polonais LVA, LVB ou LVC, doivent obligatoirement s\u2019inscrire en cours de polonais au lyc\u00e9e Montaigne ou au CNED. Il ne sera plus possible de passer le bac en candidat libre.<\/p>\n\n\n\n<p><strong>Section polonaise<br><\/strong>L&#8217;originalit\u00e9 des sections internationales est d&#8217;int\u00e9grer, au sein du syst\u00e8me fran\u00e7ais, un enseignement relevant non seulement de la langue, mais aussi de la culture et des m\u00e9thodes p\u00e9dagogiques du pays partenaire. Les \u00e9l\u00e8ves apprennent donc en langue polonaise l&#8217;histoire, la g\u00e9ographie et l&#8217;histoire de la litt\u00e9rature, et pr\u00e9parent le baccalaur\u00e9at qu&#8217;on appelle OIB (option internationale du baccalaur\u00e9at).<\/p>\n\n\n\n<p>17 rue Auguste Comte<br>75006 Paris<\/p>\n\n\n\n<p>T\u00e9l. : 01 44 41 83 23<br>E-mail : <a href=\"mailto:ce.0750657@ac-paris.fr\">ce.0750657@ac-paris.fr<\/a><\/p>\n\n\n\n<p>Pour plus d&#8217;informations, veuillez consulter le site :<br><a href=\"http:\/\/www.montaigne-paris.fr\/Langues-vivantes-600-0-0-0.html\">http:\/\/www.montaigne-paris.fr\/Langues-vivantes-600-0-0-0.html<\/a><\/p>\n\n\n\n<p><a href=\"https:\/\/www.facebook.com\/people\/Polonais-EIE-Lyc%C3%A9e-Montaigne-Paris\/100064532236908\/\">Facebook<\/a><\/p>\n\n\n\n<hr class=\"wp-block-separator has-alpha-channel-opacity\" \/>\n\n\n\n<p><strong>Association d\u2019aide \u00e0 l\u2019int\u00e9gration durable \u00ab Parabole \u00bb<\/strong><\/p>\n\n\n\n<p>26 rue de la Solidarit\u00e9<br>75019 Paris<\/p>\n\n\n\n<p>T\u00e9l. : &nbsp;&nbsp; &nbsp;09 87 01 75 22<br>06 43 75 42 15<br>E-mail : <a href=\"mailto:parabole.asso@gmail.com\">parabole.asso@gmail.com<\/a><\/p>\n\n\n\n<p>Pour plus d&#8217;informations, veuillez consulter le site :<br><a href=\"http:\/\/www.parabole-asso.org\/fr\/\">http:\/\/www.parabole-asso.org\/fr\/<\/a><\/p>\n\n\n\n<hr class=\"wp-block-separator has-alpha-channel-opacity\" \/>\n\n\n\n<p><strong>Ecole Nova Polska<\/strong><\/p>\n\n\n\n<p>20 rue Legendre<br>75017 Paris<\/p>\n\n\n\n<p>T\u00e9l.: 06 46 64 20 82 \/ 06 46 04 13 12<br>E-mail: <a href=\"mailto:ecolenovapolska@gmail.com\">ecolenovapolska@gmail.com<\/a><\/p>\n\n\n\n<p>Pour plus d&#8217;informations, veuillez consulter le site :<br><a href=\"http:\/\/ecolenovapolska.com\/\">http:\/\/ecolenovapolska.com\/<\/a><\/p>\n\n\n\n<hr class=\"wp-block-separator has-alpha-channel-opacity\" \/>\n\n\n\n<p><strong>Association Philotechnique<\/strong><\/p>\n\n\n\n<p>L\u2019association dispense des enseignements divers, culturels, techniques et artistiques, \u00e0 des adultes d\u00e9sireux de d\u00e9velopper leur formation et leur culture g\u00e9n\u00e9rale, afin de les aider dans leur progression personnelle et professionnelle.<\/p>\n\n\n\n<p>18 rue des Foss\u00e9s-Saint-Jacques<br>75005 Paris<\/p>\n\n\n\n<p>Pour plus d&#8217;informations, veuillez consulter le site :<br><a href=\"http:\/\/philotechnique.fr\/\">http:\/\/philotechnique.fr\/<\/a><\/p>\n\n\n\n<hr class=\"wp-block-separator has-alpha-channel-opacity\" \/>\n\n\n\n<p><strong>Institut France-Europe Connexion<\/strong><\/p>\n\n\n\n<p>5 rue Sthrau<br>75013 Paris<\/p>\n\n\n\n<p>E-mail : <a href=\"mailto:ifec@free.fr\">ifec@free.fr<\/a><\/p>\n\n\n\n<p>Pour plus d&#8217;informations, veuillez consulter le site :<br><a href=\"http:\/\/ifec.free.fr\/div\/chequierlangues.htm\">http:\/\/ifec.free.fr\/div\/chequierlangues.htm<\/a><\/p>\n\n\n\n<p>Cours sur 8 niveaux (60 h chacun), groupe de 6 \u00e0 9 personnes<br>Tarif : 9 euros \/ heure \/ personne<br>Inscription minimale : un module de 30 h (270 euros)<\/p>\n\n\n\n<hr class=\"wp-block-separator has-alpha-channel-opacity\" \/>\n\n\n\n<p><strong>Coll\u00e8ge et Lyc\u00e9e Internationale de St Germain-en-Laye (section polonaise)<\/strong><\/p>\n\n\n\n<p>Les \u00e9l\u00e8ves apprennent en langue polonaise l\u2019histoire, la g\u00e9ographie et l\u2019histoire de la litt\u00e9rature. L\u2019apprentissage dans la section polonaise permet de cultiver la culture polonaise.<\/p>\n\n\n\n<p>Directrice de la section : Agnieszka Sygowska-Kalmus<br>T\u00e9l\u00e9phone: 06 52 69 10 80&nbsp;<br>Email : <a href=\"mailto:sectionpolonaise.saintgermain@gmail.com\">sectionpolonaise.saintgermain@gmail.com<\/a><\/p>\n\n\n\n<p>Pour plus d&#8217;informations, veuillez consulter le site :<br><a href=\"http:\/\/www.section-polonaise.fr\/\">http:\/\/www.section-polonaise.fr\/<\/a><\/p>\n\n\n\n<hr class=\"wp-block-separator has-alpha-channel-opacity\" \/>\n\n\n\n<p><strong>APE Szkola Polska w Argenteuil&nbsp;<\/strong><\/p>\n\n\n\n<p>Cette \u00e9cole accueil les \u00e9l\u00e8ves du CP jusqu\u2019en 3\u00e8me<\/p>\n\n\n\n<p>Adresse : 290 avenue Jean Jaur\u00e8s, 95100 ARGENTEUIL<br>Contact : T\u00e9l\u00e9phone : 06.14.29.17.32 (I. Dudziak) et 06.32.33.94.58 (M. Rusza\u0142a)<br>Email : <a href=\"mailto:isabelle.dudziak@wanadoo.fr\">isabelle.dudziak@wanadoo.fr<\/a> et <a href=\"mailto:goniar@op.pl\">goniar@op.pl<\/a>&nbsp;<\/p>\n\n\n\n<p>Pour plus d&#8217;informations, veuillez consulter le site :<br><a href=\"https:\/\/polonia-argenteuil.com\/\">https:\/\/polonia-argenteuil.com\/<\/a><\/p>\n\n\n\n<hr class=\"wp-block-separator has-alpha-channel-opacity\" \/>\n\n\n\n<p><strong>Association culturelle et linguistique franco-polonaise du Val de Marne<\/strong><\/p>\n\n\n\n<p>L&#8217;association a pour objet de promouvoir la culture polonaise \u00e0 travers de l&#8217;enseignement de la langue et du patrimoine du pays.<\/p>\n\n\n\n<p>138 rue de Verdun<br>94500 Champigny sur Marne<\/p>\n\n\n\n<p>T\u00e9l. : 07 69 05 06 43<br>E-mail : <a href=\"mailto:szkolapolskachampigny@yahoo.fr\">szkolapolskachampigny@yahoo.fr<\/a><\/p>\n\n\n\n<p>Pour plus d&#8217;informations, veuillez consulter le site :<br><a href=\"https:\/\/www.aclfp941.com\/\">http:\/\/www.aclfp941.com<\/a><\/p>\n\n\n\n<hr class=\"wp-block-separator has-alpha-channel-opacity\" \/>\n\n\n\n<p><strong>LITERKA Association pour la promotion de la culture et la langue polonaise<\/strong><\/p>\n\n\n\n<p>Association offre des connaissances g\u00e9n\u00e9rales sur la Pologne et sa culture et propose des cours de langue polonaise. Son programme s\u2019adresse aux enfants et aux adultes. Literka propose aux enfants d\u2019age pr\u00e9scolaire un apprentissage de lecture et d\u2019\u00e9criture selon la p\u00e9dagogie de Montessori.<\/p>\n\n\n\n<p>3 rue de la R\u00e9publique<br>78100 St. Germain-en-Laye<\/p>\n\n\n\n<p>T\u00e9l. :&nbsp; 06 42 44 97 53<br>E-mail : <a href=\"mailto:literka.france@gmail.com\">literka.france@gmail.com<\/a><\/p>\n\n\n\n<p>Pour plus d&#8217;informations, veuillez consulter le site :<br><a href=\"https:\/\/literka.fr\">https:\/\/literka.fr<\/a><\/p>\n\n\n\n<h3 class=\"wp-block-heading\">&nbsp;<\/h3>\n","protected":false},"excerpt":{"rendered":"<p>Cours de polonais au Centre de civilisation polonaise Depuis 60 ans le Centre de civilisation polonaise vous propose une large offre des cours de polonais,&nbsp; les cours du soir. Ces formations en petits groupes sont dispens\u00e9es par les enseignants sp\u00e9cialis\u00e9s. Tous les niveaux sont assur\u00e9s, des d\u00e9butants aux confirm\u00e9s. Centre universitaire de Malesherbes108 bd Malesherbes75017 [&hellip;]<\/p>\n","protected":false},"author":1,"featured_media":496,"parent":405,"menu_order":0,"comment_status":"closed","ping_status":"closed","template":"","meta":{"inline_featured_image":false,"_monsterinsights_skip_tracking":false,"_monsterinsights_sitenote_active":false,"_monsterinsights_sitenote_note":"","_monsterinsights_sitenote_category":0,"footnotes":""},"class_list":["post-411","page","type-page","status-publish","has-post-thumbnail","hentry"],"yoast_head":"<!-- This site is optimized with the Yoast SEO plugin v24.6 - https:\/\/yoast.com\/wordpress\/plugins\/seo\/ -->\n<title>Cours de polonais dans les universit\u00e9s et les ecoles - Instytut Polski w Pary\u017cu<\/title>\n<meta name=\"robots\" content=\"index, follow, max-snippet:-1, max-image-preview:large, max-video-preview:-1\" \/>\n<link rel=\"canonical\" href=\"https:\/\/instytutpolski.pl\/paris\/la-langue-polonaise\/cours-de-polonais-dans-les-universites\/\" \/>\n<meta property=\"og:locale\" content=\"pl_PL\" \/>\n<meta property=\"og:type\" content=\"article\" \/>\n<meta property=\"og:title\" content=\"Cours de polonais dans les universit\u00e9s et les ecoles - Instytut Polski w Pary\u017cu\" \/>\n<meta property=\"og:description\" content=\"Cours de polonais au Centre de civilisation polonaise Depuis 60 ans le Centre de civilisation polonaise vous propose une large offre des cours de polonais,&nbsp; les cours du soir. Ces formations en petits groupes sont dispens\u00e9es par les enseignants sp\u00e9cialis\u00e9s. Tous les niveaux sont assur\u00e9s, des d\u00e9butants aux confirm\u00e9s. Centre universitaire de Malesherbes108 bd Malesherbes75017 [&hellip;]\" \/>\n<meta property=\"og:url\" content=\"https:\/\/instytutpolski.pl\/paris\/la-langue-polonaise\/cours-de-polonais-dans-les-universites\/\" \/>\n<meta property=\"og:site_name\" content=\"Instytut Polski w Pary\u017cu\" \/>\n<meta property=\"article:modified_time\" content=\"2026-01-27T12:23:59+00:00\" \/>\n<meta property=\"og:image\" content=\"https:\/\/instytutpolski.pl\/paris\/wp-content\/uploads\/sites\/14\/2019\/06\/lektoraty-jezyka-polskiego.jpg\" \/>\n\t<meta property=\"og:image:width\" content=\"1920\" \/>\n\t<meta property=\"og:image:height\" content=\"700\" \/>\n\t<meta property=\"og:image:type\" content=\"image\/jpeg\" \/>\n<meta name=\"twitter:card\" content=\"summary_large_image\" \/>\n<meta name=\"twitter:label1\" content=\"Szacowany czas czytania\" \/>\n\t<meta name=\"twitter:data1\" content=\"6 minut\" \/>\n<script type=\"application\/ld+json\" class=\"yoast-schema-graph\">{\"@context\":\"https:\/\/schema.org\",\"@graph\":[{\"@type\":\"WebPage\",\"@id\":\"https:\/\/instytutpolski.pl\/paris\/la-langue-polonaise\/cours-de-polonais-dans-les-universites\/\",\"url\":\"https:\/\/instytutpolski.pl\/paris\/la-langue-polonaise\/cours-de-polonais-dans-les-universites\/\",\"name\":\"Cours de polonais dans les universit\u00e9s et les ecoles - Instytut Polski w Pary\u017cu\",\"isPartOf\":{\"@id\":\"https:\/\/instytutpolski.pl\/paris\/#website\"},\"primaryImageOfPage\":{\"@id\":\"https:\/\/instytutpolski.pl\/paris\/la-langue-polonaise\/cours-de-polonais-dans-les-universites\/#primaryimage\"},\"image\":{\"@id\":\"https:\/\/instytutpolski.pl\/paris\/la-langue-polonaise\/cours-de-polonais-dans-les-universites\/#primaryimage\"},\"thumbnailUrl\":\"https:\/\/instytutpolski.pl\/paris\/wp-content\/uploads\/sites\/14\/2019\/06\/lektoraty-jezyka-polskiego.jpg\",\"datePublished\":\"2019-06-24T09:39:52+00:00\",\"dateModified\":\"2026-01-27T12:23:59+00:00\",\"breadcrumb\":{\"@id\":\"https:\/\/instytutpolski.pl\/paris\/la-langue-polonaise\/cours-de-polonais-dans-les-universites\/#breadcrumb\"},\"inLanguage\":\"pl-PL\",\"potentialAction\":[{\"@type\":\"ReadAction\",\"target\":[\"https:\/\/instytutpolski.pl\/paris\/la-langue-polonaise\/cours-de-polonais-dans-les-universites\/\"]}]},{\"@type\":\"ImageObject\",\"inLanguage\":\"pl-PL\",\"@id\":\"https:\/\/instytutpolski.pl\/paris\/la-langue-polonaise\/cours-de-polonais-dans-les-universites\/#primaryimage\",\"url\":\"https:\/\/instytutpolski.pl\/paris\/wp-content\/uploads\/sites\/14\/2019\/06\/lektoraty-jezyka-polskiego.jpg\",\"contentUrl\":\"https:\/\/instytutpolski.pl\/paris\/wp-content\/uploads\/sites\/14\/2019\/06\/lektoraty-jezyka-polskiego.jpg\",\"width\":1920,\"height\":700},{\"@type\":\"BreadcrumbList\",\"@id\":\"https:\/\/instytutpolski.pl\/paris\/la-langue-polonaise\/cours-de-polonais-dans-les-universites\/#breadcrumb\",\"itemListElement\":[{\"@type\":\"ListItem\",\"position\":1,\"name\":\"Home\",\"item\":\"https:\/\/instytutpolski.pl\/paris\/\"},{\"@type\":\"ListItem\",\"position\":2,\"name\":\"La langue polonaise\",\"item\":\"https:\/\/instytutpolski.pl\/paris\/la-langue-polonaise\/\"},{\"@type\":\"ListItem\",\"position\":3,\"name\":\"Cours de polonais dans les universit\u00e9s et les ecoles\"}]},{\"@type\":\"WebSite\",\"@id\":\"https:\/\/instytutpolski.pl\/paris\/#website\",\"url\":\"https:\/\/instytutpolski.pl\/paris\/\",\"name\":\"Instytut Polski w Pary\u017cu\",\"description\":\"Instytuty Polskie\",\"potentialAction\":[{\"@type\":\"SearchAction\",\"target\":{\"@type\":\"EntryPoint\",\"urlTemplate\":\"https:\/\/instytutpolski.pl\/paris\/?s={search_term_string}\"},\"query-input\":{\"@type\":\"PropertyValueSpecification\",\"valueRequired\":true,\"valueName\":\"search_term_string\"}}],\"inLanguage\":\"pl-PL\"}]}<\/script>\n<!-- \/ Yoast SEO plugin. -->","yoast_head_json":{"title":"Cours de polonais dans les universit\u00e9s et les ecoles - Instytut Polski w Pary\u017cu","robots":{"index":"index","follow":"follow","max-snippet":"max-snippet:-1","max-image-preview":"max-image-preview:large","max-video-preview":"max-video-preview:-1"},"canonical":"https:\/\/instytutpolski.pl\/paris\/la-langue-polonaise\/cours-de-polonais-dans-les-universites\/","og_locale":"pl_PL","og_type":"article","og_title":"Cours de polonais dans les universit\u00e9s et les ecoles - Instytut Polski w Pary\u017cu","og_description":"Cours de polonais au Centre de civilisation polonaise Depuis 60 ans le Centre de civilisation polonaise vous propose une large offre des cours de polonais,&nbsp; les cours du soir. Ces formations en petits groupes sont dispens\u00e9es par les enseignants sp\u00e9cialis\u00e9s. Tous les niveaux sont assur\u00e9s, des d\u00e9butants aux confirm\u00e9s. Centre universitaire de Malesherbes108 bd Malesherbes75017 [&hellip;]","og_url":"https:\/\/instytutpolski.pl\/paris\/la-langue-polonaise\/cours-de-polonais-dans-les-universites\/","og_site_name":"Instytut Polski w Pary\u017cu","article_modified_time":"2026-01-27T12:23:59+00:00","og_image":[{"width":1920,"height":700,"url":"https:\/\/instytutpolski.pl\/paris\/wp-content\/uploads\/sites\/14\/2019\/06\/lektoraty-jezyka-polskiego.jpg","type":"image\/jpeg"}],"twitter_card":"summary_large_image","twitter_misc":{"Szacowany czas czytania":"6 minut"},"schema":{"@context":"https:\/\/schema.org","@graph":[{"@type":"WebPage","@id":"https:\/\/instytutpolski.pl\/paris\/la-langue-polonaise\/cours-de-polonais-dans-les-universites\/","url":"https:\/\/instytutpolski.pl\/paris\/la-langue-polonaise\/cours-de-polonais-dans-les-universites\/","name":"Cours de polonais dans les universit\u00e9s et les ecoles - Instytut Polski w Pary\u017cu","isPartOf":{"@id":"https:\/\/instytutpolski.pl\/paris\/#website"},"primaryImageOfPage":{"@id":"https:\/\/instytutpolski.pl\/paris\/la-langue-polonaise\/cours-de-polonais-dans-les-universites\/#primaryimage"},"image":{"@id":"https:\/\/instytutpolski.pl\/paris\/la-langue-polonaise\/cours-de-polonais-dans-les-universites\/#primaryimage"},"thumbnailUrl":"https:\/\/instytutpolski.pl\/paris\/wp-content\/uploads\/sites\/14\/2019\/06\/lektoraty-jezyka-polskiego.jpg","datePublished":"2019-06-24T09:39:52+00:00","dateModified":"2026-01-27T12:23:59+00:00","breadcrumb":{"@id":"https:\/\/instytutpolski.pl\/paris\/la-langue-polonaise\/cours-de-polonais-dans-les-universites\/#breadcrumb"},"inLanguage":"pl-PL","potentialAction":[{"@type":"ReadAction","target":["https:\/\/instytutpolski.pl\/paris\/la-langue-polonaise\/cours-de-polonais-dans-les-universites\/"]}]},{"@type":"ImageObject","inLanguage":"pl-PL","@id":"https:\/\/instytutpolski.pl\/paris\/la-langue-polonaise\/cours-de-polonais-dans-les-universites\/#primaryimage","url":"https:\/\/instytutpolski.pl\/paris\/wp-content\/uploads\/sites\/14\/2019\/06\/lektoraty-jezyka-polskiego.jpg","contentUrl":"https:\/\/instytutpolski.pl\/paris\/wp-content\/uploads\/sites\/14\/2019\/06\/lektoraty-jezyka-polskiego.jpg","width":1920,"height":700},{"@type":"BreadcrumbList","@id":"https:\/\/instytutpolski.pl\/paris\/la-langue-polonaise\/cours-de-polonais-dans-les-universites\/#breadcrumb","itemListElement":[{"@type":"ListItem","position":1,"name":"Home","item":"https:\/\/instytutpolski.pl\/paris\/"},{"@type":"ListItem","position":2,"name":"La langue polonaise","item":"https:\/\/instytutpolski.pl\/paris\/la-langue-polonaise\/"},{"@type":"ListItem","position":3,"name":"Cours de polonais dans les universit\u00e9s et les ecoles"}]},{"@type":"WebSite","@id":"https:\/\/instytutpolski.pl\/paris\/#website","url":"https:\/\/instytutpolski.pl\/paris\/","name":"Instytut Polski w Pary\u017cu","description":"Instytuty Polskie","potentialAction":[{"@type":"SearchAction","target":{"@type":"EntryPoint","urlTemplate":"https:\/\/instytutpolski.pl\/paris\/?s={search_term_string}"},"query-input":{"@type":"PropertyValueSpecification","valueRequired":true,"valueName":"search_term_string"}}],"inLanguage":"pl-PL"}]}},"_links":{"self":[{"href":"https:\/\/instytutpolski.pl\/paris\/wp-json\/wp\/v2\/pages\/411","targetHints":{"allow":["GET"]}}],"collection":[{"href":"https:\/\/instytutpolski.pl\/paris\/wp-json\/wp\/v2\/pages"}],"about":[{"href":"https:\/\/instytutpolski.pl\/paris\/wp-json\/wp\/v2\/types\/page"}],"author":[{"embeddable":true,"href":"https:\/\/instytutpolski.pl\/paris\/wp-json\/wp\/v2\/users\/1"}],"replies":[{"embeddable":true,"href":"https:\/\/instytutpolski.pl\/paris\/wp-json\/wp\/v2\/comments?post=411"}],"version-history":[{"count":13,"href":"https:\/\/instytutpolski.pl\/paris\/wp-json\/wp\/v2\/pages\/411\/revisions"}],"predecessor-version":[{"id":11150,"href":"https:\/\/instytutpolski.pl\/paris\/wp-json\/wp\/v2\/pages\/411\/revisions\/11150"}],"up":[{"embeddable":true,"href":"https:\/\/instytutpolski.pl\/paris\/wp-json\/wp\/v2\/pages\/405"}],"wp:featuredmedia":[{"embeddable":true,"href":"https:\/\/instytutpolski.pl\/paris\/wp-json\/wp\/v2\/media\/496"}],"wp:attachment":[{"href":"https:\/\/instytutpolski.pl\/paris\/wp-json\/wp\/v2\/media?parent=411"}],"curies":[{"name":"wp","href":"https:\/\/api.w.org\/{rel}","templated":true}]}}