{"id":415,"date":"2019-06-24T11:40:21","date_gmt":"2019-06-24T09:40:21","guid":{"rendered":"https:\/\/instytutpolski.pl\/paryz\/?page_id=415"},"modified":"2024-09-26T14:08:24","modified_gmt":"2024-09-26T12:08:24","slug":"certificat-des-competences-linguistiques-en-polonais","status":"publish","type":"page","link":"https:\/\/instytutpolski.pl\/paris\/la-langue-polonaise\/certificat-des-competences-linguistiques-en-polonais\/","title":{"rendered":"Certificat des comp\u00e9tences linguistiques en polonais"},"content":{"rendered":"<p><strong>O\u00f9 peut-on obtenir le certificat de la langue polonaise en France?<\/strong><br \/>Le seul certificat de langue polonaise officiellement reconnu est attribu\u00e9 par l&#8217;agence <a href=\"https:\/\/nawa.gov.pl\/\">NAWA<\/a>. Les lieux et dates d&#8217;examens pour le certificats sont disponibles sur la page <a href=\"https:\/\/certyfikatpolski.pl\/\">https:\/\/certyfikatpolski.pl\/<\/a>.\u00a0<br \/>Il n&#8217;y actuellement aucun \u00e9tablissement fran\u00e7ais qui le d\u00e9livre.\u00a0<\/p>\n\n\n<figure class=\"wp-block-image size-full is-resized\"><img loading=\"lazy\" decoding=\"async\" width=\"600\" height=\"600\" src=\"https:\/\/instytutpolski.pl\/paris\/wp-content\/uploads\/sites\/14\/2024\/09\/NAWA-PJP-logo-z-makami-20lat.png\" alt=\"\" class=\"wp-image-8066\" style=\"width:330px;height:auto\" srcset=\"https:\/\/instytutpolski.pl\/paris\/wp-content\/uploads\/sites\/14\/2024\/09\/NAWA-PJP-logo-z-makami-20lat.png 600w, https:\/\/instytutpolski.pl\/paris\/wp-content\/uploads\/sites\/14\/2024\/09\/NAWA-PJP-logo-z-makami-20lat-300x300.png 300w, https:\/\/instytutpolski.pl\/paris\/wp-content\/uploads\/sites\/14\/2024\/09\/NAWA-PJP-logo-z-makami-20lat-150x150.png 150w\" sizes=\"auto, (max-width: 600px) 100vw, 600px\" \/><\/figure>\n\n\n\n<hr class=\"wp-block-separator has-alpha-channel-opacity\" \/>\n\n\n\n<p>Autrement, toutes les \u00e9coles o\u00f9 il est possible d\u2019apprendre la langue polonaise ont la possibilit\u00e9 d\u2019organiser des examens afin de fournir une attestation de connaissance du polonais <strong>non reconnue officiellement.<\/strong><br><\/p>\n\n\n\n<ul class=\"wp-block-list\">\n<li><strong>Cit\u00e9 Scolaire Internationale de Lyon (section polonaise)<\/strong> 2 place de Montr\u00e9al<br>69361 Lyon Coordinatrice : Ewa Matczak<br>T\u00e9l. : 04 78 69 60 06<br>E-mail : lyon-sekcja@orpeg.pl Pour plus d&#8217;informations, veuillez consulter le site :<br><a href=\"https:\/\/www.csilyon.fr\/visiteur\/les-sections-internationales\/la-section-polonaise\">https:\/\/www.csilyon.fr\/visiteur\/les-sections-internationales\/la-section-polonaise<\/a><\/li>\n\n\n\n<li><strong>Lyc\u00e9e, Coll\u00e8ge International et Les Ecoles du Conseil des XV (cycle 2 et 3) \u00e0 Strasbourg (section polonaise)<\/strong> Ecole \u00e9l\u00e9mentaire du Conseil des XV \u2013 cycle 2<br>2 rue de Douai<br>67000 Strasbourg<br>T\u00e9l. 03 88 61 92 72<br>E-mail : ce.0672461L@ac-strasbourg.fr Ecole \u00e9l\u00e9mentaire du Conseil des XV \u2013 cycle 3<br>6 rue de Wallonie<br>67000 Strasbourg<br>T\u00e9l : 03 90 40 84 60<br>E-mail : ce.0673092X@ac-strasbourg.fr Pour plus d&#8217;informations, veuillez consulter le site :<br><a href=\"http:\/\/www.ec-conseil-xv-strasbourg.ac-strasbourg.fr\">http:\/\/www.ec-conseil-xv-strasbourg.ac-strasbourg.fr<\/a><\/li>\n\n\n\n<li><strong>Lyc\u00e9e International \u2013 section polonaise<br><\/strong>1 rue Pontonniers<br>67081 Strasbourg<br>T\u00e9l. : 03 88 37 15 25<br>E-mail : secretariat.eleves.lips@wanadoo.fr Pour plus d&#8217;informations, veuillez consulter le site :<br><a href=\"http:\/\/www.lyc-sections-internationales-strasbourg.ac-strasbourg.fr\">http:\/\/www.lyc-sections-internationales-strasbourg.ac-strasbourg.fr<\/a><\/li>\n\n\n\n<li><strong>Coll\u00e8ge de I\u2019Esplanade \u2013 section polonaise<br><\/strong>20 rue de Londres<br>67000 Strasburg<br>T\u00e9l. : 03 88 45 33 50<br>E-mail : <a>ce.0671915t@ac-strasbourg.fr<\/a><\/li>\n\n\n\n<li><strong>Universit\u00e9 Bordeaux 3 (D\u00e9partement \u00c9tudes slaves)<\/strong> La fili\u00e8re d&#8217;\u00e9tudes slaves propose une offre des enseignements optionnels et une formation en trois ans pour l&#8217;obtention des CLUB russe, polonais ou tch\u00e8que et serbo-croate. La formation inclut l&#8217;enseignement d&#8217;une deuxi\u00e8me langue slave (polonais ou tch\u00e8que ou serbo-croate). T\u00e9l. (licences) : 05 57 12 61 26<br>T\u00e9l. (masters) : 05 57 12 47 97 Pour plus d&#8217;informations, veuillez consulter le site :<br><a href=\"http:\/\/www.u-bordeaux-montaigne.fr\/fr\/universite\/organisation\/unites_de_formation\/langues_et_civilisations\/etudes-slaves.html\">http:\/\/www.u-bordeaux-montaigne.fr\/fr\/universite\/organisation\/unites_de_formation\/langues_et_civilisations\/etudes-slaves.html<\/a><\/li>\n\n\n\n<li><strong>Universit\u00e9 Lille 3 (section de Langue, Litt\u00e9rature et Civilisation polonaises)<\/strong> En plus du cursus Licence, Master, Doctorat, deux autres dispositifs sont mis \u00e0 disposition des apprenants :<br>&#8211; les cours de DUFL de Polonais (Dipl\u00f4me Universitaire de Formation en Langues)<br>&#8211; le CRL (Centre de Ressources en Langues). Ces dispositifs permettent aux \u00e9tudiants de pr\u00e9parer :<br>&#8211; le Certificat Polonais Langue Etrang\u00e8re<br>&#8211; le CLES (Certificat de comp\u00e9tences en Langues de l&#8217;Enseignement Sup\u00e9rieur)<br>&#8211; l&#8217;agr\u00e9gation de Polonais. Secr\u00e9tariat de la Section de Polonais<br>T\u00e9l. : 03 20 41 69 76 Pour plus d&#8217;informations, veuillez consulter le site :<br><a href=\"https:\/\/www.univ-lille3.fr\/universite\/composantes-formation\/erso\/section-polonais\/apprentissage\">https:\/\/www.univ-lille3.fr\/universite\/composantes-formation\/erso\/section-polonais\/apprentissage<\/a><\/li>\n\n\n\n<li><strong>Universit\u00e9 Lyon 3 Jean Moulin<\/strong> L&#8217;objectif de l\u2019offre est d&#8217;amener l&#8217;\u00e9tudiant \u00e0 approfondir la langue ainsi que les connaissances de la soci\u00e9t\u00e9 et de la culture de la Pologne. Les cours sont accessibles \u00e0 tous. Les dispositifs mis \u00e0 disposition des apprenants :<br>&#8211; Certificat d&#8217;initiation de Langue et Culture polonaises<br>Dur\u00e9\u00e9 de la formation : 1 semestre, vendredi : 17h00 \u2013 20h00 &#8211; D.U. Langue et Culture Polonaises Niveau A1-A2<br>Dur\u00e9e de la formation : 2 semestres, lundi et mercredi 18h30 \u2013 20h00 &#8211; D.U. Langue et Culture Polonaises Niveau B1-B2<br>Dur\u00e9e de la formation : 2 semestres, vendredi 17h00 \u2013 20h00 Responsable p\u00e9dagogique : Renata Krupa<br>T\u00e9l. : 04 78 78 73 33 ou&nbsp; 04 78 78 73 36<br>E-mail: du-langues@univ-lyon3.fr Pour plus d&#8217;informations, veuillez consulter le site :<br><a href=\"http:\/\/facdeslangues.univ-lyon3.fr\/les-certificats-d-initiation-et-diplomes-d-universite-langue-et-culture-1154595.kjsp?RH=LAN-FORMdipu\">http:\/\/facdeslangues.univ-lyon3.fr\/les-certificats-d-initiation-et-diplomes-d-universite-langue-et-culture-1154595.kjsp?RH=LAN-FORMdipu<\/a><\/li>\n\n\n\n<li><strong>Centre de Langues de l&#8217;Universit\u00e9 Rennes 2 (section de la langue polonaise)<\/strong> Le Centre assure des formations d&#8217;initiation, de perfectionnement ou de sp\u00e9cialisation en langues pour sp\u00e9cialistes d&#8217;autres disciplines et pour tous les \u00e9tudiants de l\u2019universit\u00e9, dans le cadre de l\u2019UEL (Unit\u00e9 d\u2019Enseignement en Langues) inscrits en formation initiale. Accueil Secr\u00e9tariat<br>Sylvie Gaborel<br>T\u00e9l. : 02 99 14 17 26<br>E-mail : sylvie.gaborel@univ-rennes2.fr Karine Tireau<br>T\u00e9l. : 02 99 14 17 27<br>E-mail : karine.tireau@univ-rennes2.fr Pour plus d&#8217;informations, veuillez consulter le site :<br><a href=\"https:\/\/www.univ-rennes2.fr\/centre-langues\">https:\/\/www.univ-rennes2.fr\/centre-langues<\/a><\/li>\n<\/ul>\n","protected":false},"excerpt":{"rendered":"<p>O\u00f9 peut-on obtenir le certificat de la langue polonaise en France?Le seul certificat de langue polonaise officiellement reconnu est attribu\u00e9 par l&#8217;agence NAWA. Les lieux et dates d&#8217;examens pour le certificats sont disponibles sur la page https:\/\/certyfikatpolski.pl\/.\u00a0Il n&#8217;y actuellement aucun \u00e9tablissement fran\u00e7ais qui le d\u00e9livre.\u00a0 Autrement, toutes les \u00e9coles o\u00f9 il est possible d\u2019apprendre la [&hellip;]<\/p>\n","protected":false},"author":1,"featured_media":486,"parent":405,"menu_order":0,"comment_status":"closed","ping_status":"closed","template":"","meta":{"inline_featured_image":false,"_monsterinsights_skip_tracking":false,"_monsterinsights_sitenote_active":false,"_monsterinsights_sitenote_note":"","_monsterinsights_sitenote_category":0,"footnotes":""},"class_list":["post-415","page","type-page","status-publish","has-post-thumbnail","hentry"],"yoast_head":"<!-- This site is optimized with the Yoast SEO plugin v24.6 - https:\/\/yoast.com\/wordpress\/plugins\/seo\/ -->\n<title>Certificat des comp\u00e9tences linguistiques en polonais - Instytut Polski w Pary\u017cu<\/title>\n<meta name=\"robots\" content=\"index, follow, max-snippet:-1, max-image-preview:large, max-video-preview:-1\" \/>\n<link rel=\"canonical\" href=\"https:\/\/instytutpolski.pl\/paris\/la-langue-polonaise\/certificat-des-competences-linguistiques-en-polonais\/\" \/>\n<meta property=\"og:locale\" content=\"pl_PL\" \/>\n<meta property=\"og:type\" content=\"article\" \/>\n<meta property=\"og:title\" content=\"Certificat des comp\u00e9tences linguistiques en polonais - Instytut Polski w Pary\u017cu\" \/>\n<meta property=\"og:description\" content=\"O\u00f9 peut-on obtenir le certificat de la langue polonaise en France?Le seul certificat de langue polonaise officiellement reconnu est attribu\u00e9 par l&#8217;agence NAWA. Les lieux et dates d&#8217;examens pour le certificats sont disponibles sur la page https:\/\/certyfikatpolski.pl\/.\u00a0Il n&#8217;y actuellement aucun \u00e9tablissement fran\u00e7ais qui le d\u00e9livre.\u00a0 Autrement, toutes les \u00e9coles o\u00f9 il est possible d\u2019apprendre la [&hellip;]\" \/>\n<meta property=\"og:url\" content=\"https:\/\/instytutpolski.pl\/paris\/la-langue-polonaise\/certificat-des-competences-linguistiques-en-polonais\/\" \/>\n<meta property=\"og:site_name\" content=\"Instytut Polski w Pary\u017cu\" \/>\n<meta property=\"article:modified_time\" content=\"2024-09-26T12:08:24+00:00\" \/>\n<meta property=\"og:image\" content=\"https:\/\/instytutpolski.pl\/paris\/wp-content\/uploads\/sites\/14\/2019\/06\/certyfikacja-znajomosci.jpg\" \/>\n\t<meta property=\"og:image:width\" content=\"1920\" \/>\n\t<meta property=\"og:image:height\" content=\"700\" \/>\n\t<meta property=\"og:image:type\" content=\"image\/jpeg\" \/>\n<meta name=\"twitter:card\" content=\"summary_large_image\" \/>\n<meta name=\"twitter:label1\" content=\"Szacowany czas czytania\" \/>\n\t<meta name=\"twitter:data1\" content=\"4 minuty\" \/>\n<script type=\"application\/ld+json\" class=\"yoast-schema-graph\">{\"@context\":\"https:\/\/schema.org\",\"@graph\":[{\"@type\":\"WebPage\",\"@id\":\"https:\/\/instytutpolski.pl\/paris\/la-langue-polonaise\/certificat-des-competences-linguistiques-en-polonais\/\",\"url\":\"https:\/\/instytutpolski.pl\/paris\/la-langue-polonaise\/certificat-des-competences-linguistiques-en-polonais\/\",\"name\":\"Certificat des comp\u00e9tences linguistiques en polonais - Instytut Polski w Pary\u017cu\",\"isPartOf\":{\"@id\":\"https:\/\/instytutpolski.pl\/paris\/#website\"},\"primaryImageOfPage\":{\"@id\":\"https:\/\/instytutpolski.pl\/paris\/la-langue-polonaise\/certificat-des-competences-linguistiques-en-polonais\/#primaryimage\"},\"image\":{\"@id\":\"https:\/\/instytutpolski.pl\/paris\/la-langue-polonaise\/certificat-des-competences-linguistiques-en-polonais\/#primaryimage\"},\"thumbnailUrl\":\"https:\/\/instytutpolski.pl\/paris\/wp-content\/uploads\/sites\/14\/2019\/06\/certyfikacja-znajomosci.jpg\",\"datePublished\":\"2019-06-24T09:40:21+00:00\",\"dateModified\":\"2024-09-26T12:08:24+00:00\",\"breadcrumb\":{\"@id\":\"https:\/\/instytutpolski.pl\/paris\/la-langue-polonaise\/certificat-des-competences-linguistiques-en-polonais\/#breadcrumb\"},\"inLanguage\":\"pl-PL\",\"potentialAction\":[{\"@type\":\"ReadAction\",\"target\":[\"https:\/\/instytutpolski.pl\/paris\/la-langue-polonaise\/certificat-des-competences-linguistiques-en-polonais\/\"]}]},{\"@type\":\"ImageObject\",\"inLanguage\":\"pl-PL\",\"@id\":\"https:\/\/instytutpolski.pl\/paris\/la-langue-polonaise\/certificat-des-competences-linguistiques-en-polonais\/#primaryimage\",\"url\":\"https:\/\/instytutpolski.pl\/paris\/wp-content\/uploads\/sites\/14\/2019\/06\/certyfikacja-znajomosci.jpg\",\"contentUrl\":\"https:\/\/instytutpolski.pl\/paris\/wp-content\/uploads\/sites\/14\/2019\/06\/certyfikacja-znajomosci.jpg\",\"width\":1920,\"height\":700},{\"@type\":\"BreadcrumbList\",\"@id\":\"https:\/\/instytutpolski.pl\/paris\/la-langue-polonaise\/certificat-des-competences-linguistiques-en-polonais\/#breadcrumb\",\"itemListElement\":[{\"@type\":\"ListItem\",\"position\":1,\"name\":\"Home\",\"item\":\"https:\/\/instytutpolski.pl\/paris\/\"},{\"@type\":\"ListItem\",\"position\":2,\"name\":\"La langue polonaise\",\"item\":\"https:\/\/instytutpolski.pl\/paris\/la-langue-polonaise\/\"},{\"@type\":\"ListItem\",\"position\":3,\"name\":\"Certificat des comp\u00e9tences linguistiques en polonais\"}]},{\"@type\":\"WebSite\",\"@id\":\"https:\/\/instytutpolski.pl\/paris\/#website\",\"url\":\"https:\/\/instytutpolski.pl\/paris\/\",\"name\":\"Instytut Polski w Pary\u017cu\",\"description\":\"Instytuty Polskie\",\"potentialAction\":[{\"@type\":\"SearchAction\",\"target\":{\"@type\":\"EntryPoint\",\"urlTemplate\":\"https:\/\/instytutpolski.pl\/paris\/?s={search_term_string}\"},\"query-input\":{\"@type\":\"PropertyValueSpecification\",\"valueRequired\":true,\"valueName\":\"search_term_string\"}}],\"inLanguage\":\"pl-PL\"}]}<\/script>\n<!-- \/ Yoast SEO plugin. -->","yoast_head_json":{"title":"Certificat des comp\u00e9tences linguistiques en polonais - Instytut Polski w Pary\u017cu","robots":{"index":"index","follow":"follow","max-snippet":"max-snippet:-1","max-image-preview":"max-image-preview:large","max-video-preview":"max-video-preview:-1"},"canonical":"https:\/\/instytutpolski.pl\/paris\/la-langue-polonaise\/certificat-des-competences-linguistiques-en-polonais\/","og_locale":"pl_PL","og_type":"article","og_title":"Certificat des comp\u00e9tences linguistiques en polonais - Instytut Polski w Pary\u017cu","og_description":"O\u00f9 peut-on obtenir le certificat de la langue polonaise en France?Le seul certificat de langue polonaise officiellement reconnu est attribu\u00e9 par l&#8217;agence NAWA. Les lieux et dates d&#8217;examens pour le certificats sont disponibles sur la page https:\/\/certyfikatpolski.pl\/.\u00a0Il n&#8217;y actuellement aucun \u00e9tablissement fran\u00e7ais qui le d\u00e9livre.\u00a0 Autrement, toutes les \u00e9coles o\u00f9 il est possible d\u2019apprendre la [&hellip;]","og_url":"https:\/\/instytutpolski.pl\/paris\/la-langue-polonaise\/certificat-des-competences-linguistiques-en-polonais\/","og_site_name":"Instytut Polski w Pary\u017cu","article_modified_time":"2024-09-26T12:08:24+00:00","og_image":[{"width":1920,"height":700,"url":"https:\/\/instytutpolski.pl\/paris\/wp-content\/uploads\/sites\/14\/2019\/06\/certyfikacja-znajomosci.jpg","type":"image\/jpeg"}],"twitter_card":"summary_large_image","twitter_misc":{"Szacowany czas czytania":"4 minuty"},"schema":{"@context":"https:\/\/schema.org","@graph":[{"@type":"WebPage","@id":"https:\/\/instytutpolski.pl\/paris\/la-langue-polonaise\/certificat-des-competences-linguistiques-en-polonais\/","url":"https:\/\/instytutpolski.pl\/paris\/la-langue-polonaise\/certificat-des-competences-linguistiques-en-polonais\/","name":"Certificat des comp\u00e9tences linguistiques en polonais - Instytut Polski w Pary\u017cu","isPartOf":{"@id":"https:\/\/instytutpolski.pl\/paris\/#website"},"primaryImageOfPage":{"@id":"https:\/\/instytutpolski.pl\/paris\/la-langue-polonaise\/certificat-des-competences-linguistiques-en-polonais\/#primaryimage"},"image":{"@id":"https:\/\/instytutpolski.pl\/paris\/la-langue-polonaise\/certificat-des-competences-linguistiques-en-polonais\/#primaryimage"},"thumbnailUrl":"https:\/\/instytutpolski.pl\/paris\/wp-content\/uploads\/sites\/14\/2019\/06\/certyfikacja-znajomosci.jpg","datePublished":"2019-06-24T09:40:21+00:00","dateModified":"2024-09-26T12:08:24+00:00","breadcrumb":{"@id":"https:\/\/instytutpolski.pl\/paris\/la-langue-polonaise\/certificat-des-competences-linguistiques-en-polonais\/#breadcrumb"},"inLanguage":"pl-PL","potentialAction":[{"@type":"ReadAction","target":["https:\/\/instytutpolski.pl\/paris\/la-langue-polonaise\/certificat-des-competences-linguistiques-en-polonais\/"]}]},{"@type":"ImageObject","inLanguage":"pl-PL","@id":"https:\/\/instytutpolski.pl\/paris\/la-langue-polonaise\/certificat-des-competences-linguistiques-en-polonais\/#primaryimage","url":"https:\/\/instytutpolski.pl\/paris\/wp-content\/uploads\/sites\/14\/2019\/06\/certyfikacja-znajomosci.jpg","contentUrl":"https:\/\/instytutpolski.pl\/paris\/wp-content\/uploads\/sites\/14\/2019\/06\/certyfikacja-znajomosci.jpg","width":1920,"height":700},{"@type":"BreadcrumbList","@id":"https:\/\/instytutpolski.pl\/paris\/la-langue-polonaise\/certificat-des-competences-linguistiques-en-polonais\/#breadcrumb","itemListElement":[{"@type":"ListItem","position":1,"name":"Home","item":"https:\/\/instytutpolski.pl\/paris\/"},{"@type":"ListItem","position":2,"name":"La langue polonaise","item":"https:\/\/instytutpolski.pl\/paris\/la-langue-polonaise\/"},{"@type":"ListItem","position":3,"name":"Certificat des comp\u00e9tences linguistiques en polonais"}]},{"@type":"WebSite","@id":"https:\/\/instytutpolski.pl\/paris\/#website","url":"https:\/\/instytutpolski.pl\/paris\/","name":"Instytut Polski w Pary\u017cu","description":"Instytuty Polskie","potentialAction":[{"@type":"SearchAction","target":{"@type":"EntryPoint","urlTemplate":"https:\/\/instytutpolski.pl\/paris\/?s={search_term_string}"},"query-input":{"@type":"PropertyValueSpecification","valueRequired":true,"valueName":"search_term_string"}}],"inLanguage":"pl-PL"}]}},"_links":{"self":[{"href":"https:\/\/instytutpolski.pl\/paris\/wp-json\/wp\/v2\/pages\/415","targetHints":{"allow":["GET"]}}],"collection":[{"href":"https:\/\/instytutpolski.pl\/paris\/wp-json\/wp\/v2\/pages"}],"about":[{"href":"https:\/\/instytutpolski.pl\/paris\/wp-json\/wp\/v2\/types\/page"}],"author":[{"embeddable":true,"href":"https:\/\/instytutpolski.pl\/paris\/wp-json\/wp\/v2\/users\/1"}],"replies":[{"embeddable":true,"href":"https:\/\/instytutpolski.pl\/paris\/wp-json\/wp\/v2\/comments?post=415"}],"version-history":[{"count":14,"href":"https:\/\/instytutpolski.pl\/paris\/wp-json\/wp\/v2\/pages\/415\/revisions"}],"predecessor-version":[{"id":8068,"href":"https:\/\/instytutpolski.pl\/paris\/wp-json\/wp\/v2\/pages\/415\/revisions\/8068"}],"up":[{"embeddable":true,"href":"https:\/\/instytutpolski.pl\/paris\/wp-json\/wp\/v2\/pages\/405"}],"wp:featuredmedia":[{"embeddable":true,"href":"https:\/\/instytutpolski.pl\/paris\/wp-json\/wp\/v2\/media\/486"}],"wp:attachment":[{"href":"https:\/\/instytutpolski.pl\/paris\/wp-json\/wp\/v2\/media?parent=415"}],"curies":[{"name":"wp","href":"https:\/\/api.w.org\/{rel}","templated":true}]}}