{"id":421,"date":"2019-06-24T11:41:06","date_gmt":"2019-06-24T09:41:06","guid":{"rendered":"https:\/\/instytutpolski.pl\/paryz\/?page_id=421"},"modified":"2025-11-21T16:04:35","modified_gmt":"2025-11-21T15:04:35","slug":"contact","status":"publish","type":"page","link":"https:\/\/instytutpolski.pl\/paris\/a-propos-de-linstitut-polonais\/contact\/","title":{"rendered":"Contact"},"content":{"rendered":"\n<div class=\"wp-block-columns is-layout-flex wp-container-core-columns-is-layout-1 wp-block-columns-is-layout-flex\">\n<div class=\"wp-block-column is-layout-flow wp-block-column-is-layout-flow\" style=\"flex-basis:100%\">\n<p>Actuellement le b\u00e2timent de l\u2019Institut Polonais fait l\u2019objet d&#8217;une r\u00e9novation visant \u00e0 la future r\u00e9ouverture au public. De ce fait, tous nos \u00e9v\u00e9nements ont lieu <strong>hors les murs<\/strong> et la culture polonaise re\u00e7oit de plus beaux \u00e9chos dans de prestigieuses salles de concert, de spectacle ou de conf\u00e9rence \u00e0 travers toute la France.<\/p>\n<\/div>\n<\/div>\n\n\n\n<div class=\"wp-block-columns is-layout-flex wp-container-core-columns-is-layout-2 wp-block-columns-is-layout-flex\">\n<div class=\"wp-block-column is-layout-flow wp-block-column-is-layout-flow\">\n<p>Institut Polonais<br>\u03363\u03361\u0336 \u0336r\u0336u\u0336e\u0336 \u0336J\u0336e\u0336a\u0336n\u0336 \u0336G\u0336o\u0336u\u0336j\u0336o\u0336n\u0336 (travaux en cours)<br>\u03367\u03365\u03360\u03360\u03368\u0336 \u0336P\u0336a\u0336r\u0336i\u0336s\u0336<\/p>\n<\/div>\n\n\n\n<div class=\"wp-block-column is-layout-flow wp-block-column-is-layout-flow\">\n<p>Adresse temporaire<br>86 rue de la Faisanderie <br>75016 Paris<\/p>\n<\/div>\n<\/div>\n\n\n\n<p>l&#8217;Institut Polonais est actif <br>du lundi au vendredi : <br>9h &#8211; 17h<br><br>t\u00e9l. :  00 33 (0) 1 53 93 90 10<\/p>\n\n\n\n<p><a href=\"mailto:paris.info@instytutpolski.pl\">paris.info@instytutpolski.pl<\/a><\/p>\n\n\n\n<p><strong>skargi i wnioski<\/strong>: Kierownik plac\u00f3wki w sprawie skarg i wniosk\u00f3w przyjmuje w poniedzia\u0142ki w godz. 15:00 &#8211; 16:00. Informacje\u00a0na temat skarg i wniosk\u00f3w znajduj\u0105\u00a0si\u0119 na\u00a0<a href=\"https:\/\/www.gov.pl\/web\/dyplomacja\/zloz-skarge-lub-wniosek\">stronie Ministerstwa Spraw Zagranicznych.<\/a><\/p>\n","protected":false},"excerpt":{"rendered":"<p>Actuellement le b\u00e2timent de l\u2019Institut Polonais fait l\u2019objet d&#8217;une r\u00e9novation visant \u00e0 la future r\u00e9ouverture au public. De ce fait, tous nos \u00e9v\u00e9nements ont lieu hors les murs et la culture polonaise re\u00e7oit de plus beaux \u00e9chos dans de prestigieuses salles de concert, de spectacle ou de conf\u00e9rence \u00e0 travers toute la France. Institut Polonais\u03363\u03361\u0336 [&hellip;]<\/p>\n","protected":false},"author":1,"featured_media":0,"parent":419,"menu_order":0,"comment_status":"closed","ping_status":"closed","template":"","meta":{"inline_featured_image":false,"_monsterinsights_skip_tracking":false,"_monsterinsights_sitenote_active":false,"_monsterinsights_sitenote_note":"","_monsterinsights_sitenote_category":0,"footnotes":""},"class_list":["post-421","page","type-page","status-publish","hentry"],"yoast_head":"<!-- This site is optimized with the Yoast SEO plugin v24.6 - https:\/\/yoast.com\/wordpress\/plugins\/seo\/ -->\n<title>Contact - Instytut Polski w Pary\u017cu<\/title>\n<meta name=\"robots\" content=\"index, follow, max-snippet:-1, max-image-preview:large, max-video-preview:-1\" \/>\n<link rel=\"canonical\" href=\"https:\/\/instytutpolski.pl\/paris\/a-propos-de-linstitut-polonais\/contact\/\" \/>\n<meta property=\"og:locale\" content=\"pl_PL\" \/>\n<meta property=\"og:type\" content=\"article\" \/>\n<meta property=\"og:title\" content=\"Contact - Instytut Polski w Pary\u017cu\" \/>\n<meta property=\"og:description\" content=\"Actuellement le b\u00e2timent de l\u2019Institut Polonais fait l\u2019objet d&#8217;une r\u00e9novation visant \u00e0 la future r\u00e9ouverture au public. De ce fait, tous nos \u00e9v\u00e9nements ont lieu hors les murs et la culture polonaise re\u00e7oit de plus beaux \u00e9chos dans de prestigieuses salles de concert, de spectacle ou de conf\u00e9rence \u00e0 travers toute la France. Institut Polonais\u03363\u03361\u0336 [&hellip;]\" \/>\n<meta property=\"og:url\" content=\"https:\/\/instytutpolski.pl\/paris\/a-propos-de-linstitut-polonais\/contact\/\" \/>\n<meta property=\"og:site_name\" content=\"Instytut Polski w Pary\u017cu\" \/>\n<meta property=\"article:modified_time\" content=\"2025-11-21T15:04:35+00:00\" \/>\n<meta name=\"twitter:card\" content=\"summary_large_image\" \/>\n<meta name=\"twitter:label1\" content=\"Szacowany czas czytania\" \/>\n\t<meta name=\"twitter:data1\" content=\"1 minuta\" \/>\n<script type=\"application\/ld+json\" class=\"yoast-schema-graph\">{\"@context\":\"https:\/\/schema.org\",\"@graph\":[{\"@type\":\"WebPage\",\"@id\":\"https:\/\/instytutpolski.pl\/paris\/a-propos-de-linstitut-polonais\/contact\/\",\"url\":\"https:\/\/instytutpolski.pl\/paris\/a-propos-de-linstitut-polonais\/contact\/\",\"name\":\"Contact - Instytut Polski w Pary\u017cu\",\"isPartOf\":{\"@id\":\"https:\/\/instytutpolski.pl\/paris\/#website\"},\"datePublished\":\"2019-06-24T09:41:06+00:00\",\"dateModified\":\"2025-11-21T15:04:35+00:00\",\"breadcrumb\":{\"@id\":\"https:\/\/instytutpolski.pl\/paris\/a-propos-de-linstitut-polonais\/contact\/#breadcrumb\"},\"inLanguage\":\"pl-PL\",\"potentialAction\":[{\"@type\":\"ReadAction\",\"target\":[\"https:\/\/instytutpolski.pl\/paris\/a-propos-de-linstitut-polonais\/contact\/\"]}]},{\"@type\":\"BreadcrumbList\",\"@id\":\"https:\/\/instytutpolski.pl\/paris\/a-propos-de-linstitut-polonais\/contact\/#breadcrumb\",\"itemListElement\":[{\"@type\":\"ListItem\",\"position\":1,\"name\":\"Home\",\"item\":\"https:\/\/instytutpolski.pl\/paris\/\"},{\"@type\":\"ListItem\",\"position\":2,\"name\":\"\u00c0 propos de l&rsquo;Institut polonais\",\"item\":\"https:\/\/instytutpolski.pl\/paris\/a-propos-de-linstitut-polonais\/\"},{\"@type\":\"ListItem\",\"position\":3,\"name\":\"Contact\"}]},{\"@type\":\"WebSite\",\"@id\":\"https:\/\/instytutpolski.pl\/paris\/#website\",\"url\":\"https:\/\/instytutpolski.pl\/paris\/\",\"name\":\"Instytut Polski w Pary\u017cu\",\"description\":\"Instytuty Polskie\",\"potentialAction\":[{\"@type\":\"SearchAction\",\"target\":{\"@type\":\"EntryPoint\",\"urlTemplate\":\"https:\/\/instytutpolski.pl\/paris\/?s={search_term_string}\"},\"query-input\":{\"@type\":\"PropertyValueSpecification\",\"valueRequired\":true,\"valueName\":\"search_term_string\"}}],\"inLanguage\":\"pl-PL\"}]}<\/script>\n<!-- \/ Yoast SEO plugin. -->","yoast_head_json":{"title":"Contact - Instytut Polski w Pary\u017cu","robots":{"index":"index","follow":"follow","max-snippet":"max-snippet:-1","max-image-preview":"max-image-preview:large","max-video-preview":"max-video-preview:-1"},"canonical":"https:\/\/instytutpolski.pl\/paris\/a-propos-de-linstitut-polonais\/contact\/","og_locale":"pl_PL","og_type":"article","og_title":"Contact - Instytut Polski w Pary\u017cu","og_description":"Actuellement le b\u00e2timent de l\u2019Institut Polonais fait l\u2019objet d&#8217;une r\u00e9novation visant \u00e0 la future r\u00e9ouverture au public. De ce fait, tous nos \u00e9v\u00e9nements ont lieu hors les murs et la culture polonaise re\u00e7oit de plus beaux \u00e9chos dans de prestigieuses salles de concert, de spectacle ou de conf\u00e9rence \u00e0 travers toute la France. Institut Polonais\u03363\u03361\u0336 [&hellip;]","og_url":"https:\/\/instytutpolski.pl\/paris\/a-propos-de-linstitut-polonais\/contact\/","og_site_name":"Instytut Polski w Pary\u017cu","article_modified_time":"2025-11-21T15:04:35+00:00","twitter_card":"summary_large_image","twitter_misc":{"Szacowany czas czytania":"1 minuta"},"schema":{"@context":"https:\/\/schema.org","@graph":[{"@type":"WebPage","@id":"https:\/\/instytutpolski.pl\/paris\/a-propos-de-linstitut-polonais\/contact\/","url":"https:\/\/instytutpolski.pl\/paris\/a-propos-de-linstitut-polonais\/contact\/","name":"Contact - Instytut Polski w Pary\u017cu","isPartOf":{"@id":"https:\/\/instytutpolski.pl\/paris\/#website"},"datePublished":"2019-06-24T09:41:06+00:00","dateModified":"2025-11-21T15:04:35+00:00","breadcrumb":{"@id":"https:\/\/instytutpolski.pl\/paris\/a-propos-de-linstitut-polonais\/contact\/#breadcrumb"},"inLanguage":"pl-PL","potentialAction":[{"@type":"ReadAction","target":["https:\/\/instytutpolski.pl\/paris\/a-propos-de-linstitut-polonais\/contact\/"]}]},{"@type":"BreadcrumbList","@id":"https:\/\/instytutpolski.pl\/paris\/a-propos-de-linstitut-polonais\/contact\/#breadcrumb","itemListElement":[{"@type":"ListItem","position":1,"name":"Home","item":"https:\/\/instytutpolski.pl\/paris\/"},{"@type":"ListItem","position":2,"name":"\u00c0 propos de l&rsquo;Institut polonais","item":"https:\/\/instytutpolski.pl\/paris\/a-propos-de-linstitut-polonais\/"},{"@type":"ListItem","position":3,"name":"Contact"}]},{"@type":"WebSite","@id":"https:\/\/instytutpolski.pl\/paris\/#website","url":"https:\/\/instytutpolski.pl\/paris\/","name":"Instytut Polski w Pary\u017cu","description":"Instytuty Polskie","potentialAction":[{"@type":"SearchAction","target":{"@type":"EntryPoint","urlTemplate":"https:\/\/instytutpolski.pl\/paris\/?s={search_term_string}"},"query-input":{"@type":"PropertyValueSpecification","valueRequired":true,"valueName":"search_term_string"}}],"inLanguage":"pl-PL"}]}},"_links":{"self":[{"href":"https:\/\/instytutpolski.pl\/paris\/wp-json\/wp\/v2\/pages\/421","targetHints":{"allow":["GET"]}}],"collection":[{"href":"https:\/\/instytutpolski.pl\/paris\/wp-json\/wp\/v2\/pages"}],"about":[{"href":"https:\/\/instytutpolski.pl\/paris\/wp-json\/wp\/v2\/types\/page"}],"author":[{"embeddable":true,"href":"https:\/\/instytutpolski.pl\/paris\/wp-json\/wp\/v2\/users\/1"}],"replies":[{"embeddable":true,"href":"https:\/\/instytutpolski.pl\/paris\/wp-json\/wp\/v2\/comments?post=421"}],"version-history":[{"count":13,"href":"https:\/\/instytutpolski.pl\/paris\/wp-json\/wp\/v2\/pages\/421\/revisions"}],"predecessor-version":[{"id":10895,"href":"https:\/\/instytutpolski.pl\/paris\/wp-json\/wp\/v2\/pages\/421\/revisions\/10895"}],"up":[{"embeddable":true,"href":"https:\/\/instytutpolski.pl\/paris\/wp-json\/wp\/v2\/pages\/419"}],"wp:attachment":[{"href":"https:\/\/instytutpolski.pl\/paris\/wp-json\/wp\/v2\/media?parent=421"}],"curies":[{"name":"wp","href":"https:\/\/api.w.org\/{rel}","templated":true}]}}