{"id":542,"date":"2020-01-21T17:35:56","date_gmt":"2020-01-21T16:35:56","guid":{"rendered":"https:\/\/instytutpolski.pl\/paris\/?page_id=542"},"modified":"2026-04-10T10:18:09","modified_gmt":"2026-04-10T08:18:09","slug":"insitutions-polonaises-en-france","status":"publish","type":"page","link":"https:\/\/instytutpolski.pl\/paris\/insitutions-polonaises-en-france\/","title":{"rendered":"Insitutions polonaises en France"},"content":{"rendered":"<div class=\"tytul-box\">\n<h1>Institutions polonaises en France<\/h1>\n<\/div>\n<div class=\"tekst-box lg-pdd-reset col-xs-12 col-sm-12 col-md-12 col-lg-12\">\n<p><strong>Ambassade de la R\u00e9publique de Pologne en France<\/strong><br \/>Wies\u0142aw Tarka<br \/>Charg\u00e9 d&#8217;affaires<br \/>1, rue de Talleyrand<br \/>75007 Paris<br \/>t\u00e9l. : 01 43 17 34 00<br \/>e-mail : <a href=\"mailto:paryz.amb.sekretariat@msz.gov.pl\">paryz.amb.sekretariat@msz.gov.pl<\/a><br \/>site internet : <a href=\"https:\/\/www.gov.pl\/web\/france\/ambassade\">https:\/\/www.gov.pl\/web\/france\/ambassade<\/a><\/p>\n<hr \/><\/div>\n<div class=\"tekst-box lg-pdd-reset col-xs-12 col-sm-12 col-md-12 col-lg-12\">\n<p><strong>Section consulaire de l\u2019Ambassade de Pologne \u00e0 Paris<\/strong><br \/>Agnieszka Kozi\u0144ska-Makowska<br \/>Consul de la R\u00e9publique de Pologne<br \/>3, rue de Talleyrand<br \/>75007 Paris<br \/>t\u00e9l. : 01 70 39 10 00<br \/>e-mail: <a href=\"mailto:paris.consul@msz.gov.pl\">paris.consul@msz.gov.pl<\/a><\/p>\n<hr \/>\n<p><strong>Consulat G\u00e9n\u00e9ral de Pologne \u00e0 Lyon<\/strong><br \/>Beata Je\u015bko<br \/>Cheffe du service consulaire<br \/>79, rue Crillon<br \/>69006 Lyon<br \/>t\u00e9l. : 01 70 39 10 00<br \/>e-mail : <a href=\"mailto:lyon.consul@msz.gov.pl\">lyon.consul@msz.gov.pl<\/a><br \/>site internet : <a href=\"https:\/\/www.gov.pl\/web\/france\/consulat-general-lyon\">https:\/\/www.gov.pl\/web\/france\/consulat-general-lyon<\/a><\/p>\n<hr \/>\n<p><strong>D\u00e9l\u00e9gation permanente de la Pologne<\/strong><br \/><strong>aupr\u00e8s de l\u2019UNESCO<br \/><\/strong>Mariusz Lewicki<br \/>D\u00e9l\u00e9gu\u00e9 Permanent<br \/>1, rue Miollis<br \/>75015 Paris<br \/>t\u00e9l. : 01 45 68 29 97<br \/>e-mail : <a href=\"mailto:dl.pologne@unesco-delegations.org\">dl.pologne@unesco-delegations.org<\/a><\/p>\n<hr \/>\n<p><strong>D\u00e9l\u00e9gation permanente de la Pologne aupr\u00e8s de l\u2019OCDE<\/strong><br \/>Jan Vincent-Rostowski<br \/>Ambassadeur<br \/>136, rue de Longchamps<br \/>75116 Paris<br \/>t\u00e9l. : 01 56 28 57 60<br \/>e-mail : <a href=\"mailto:paryz.oecd.sekretariat@msz.gov.pl\">paryz.oecd.sekretariat@msz.gov.pl<\/a><br \/>site Internet : <a href=\"https:\/\/www.gov.pl\/web\/oecd-en\/permanent-representation\">https:\/\/www.gov.pl\/web\/oecd-en\/permanent-representation<\/a><\/p>\n<hr \/>\n<p><strong>Soci\u00e9t\u00e9 Historique et Litt\u00e9raire Polonaise<\/strong><br \/>Jean Rozwadowski<br \/>Pr\u00e9sident de la SHLP<br \/>6, quai d&#8217;Orl\u00e9ans<br \/>75004 Paris<br \/>t\u00e9l. : 01 55 42 83 83<br \/>e-mail : secretariat@bplp.fr<br \/>site internet : https:\/\/www.shlp.fr\/<\/p>\n<hr \/>\n<p><strong>Institut Biblioth\u00e8que Polonaise de Paris<br \/><\/strong>Maciej Forycki<br \/>Directeur de l&#8217;IBPP<br \/>6, quai d&#8217;Orl\u00e9ans<br \/>75004 Paris<br \/>t\u00e9l. : 01 55 42 83 89<br \/>e-mail : biuro@ibpp.eu<br \/>site internet : https:\/\/ibpp.eu\/fr\/<\/p>\n<\/div>\n<hr \/>\n<div class=\"tekst-box lg-pdd-reset col-xs-12 col-sm-12 col-md-12 col-lg-12\">\n<p><strong>Centre de Civilisation Polonaise<\/strong><br \/><strong>Universit\u00e9 de Paris-Sorbonne (Paris IV)<\/strong><br \/><strong>Centre Universitaire Malesherbes<\/strong><br \/>Jerzy Pysiak<br \/>Directeur<br \/>1 Centre universitaire Malesherbes<br \/>108, bd Malesherbes<br \/>75017 Paris<br \/>Contacts : https:\/\/okp-sorbona.uw.edu.pl\/liens-et-contacts\/<br \/>Site internet : <a href=\"https:\/\/okp-sorbona.uw.edu.pl\/\">https:\/\/okp-sorbona.uw.edu.pl\/<\/a><\/p>\n<hr \/>\n<p><strong>Association Institut Litt\u00e9raire Kultura<\/strong><br \/>Anna Bernhardt<br \/>Directeur<br \/>91, rue de Poissy<br \/>78600 Le Mesnil-le-Roi<br \/>t\u00e9l. : 01 30 71 72 49<br \/>e-mail : <a href=\"mailto:kultura@kultura.fr\">kultura@kultura.fr<\/a><br \/>Site internet : <a href=\"https:\/\/kulturaparyska.com\/fr\/index\">https:\/\/kulturaparyska.com\/fr\/index<\/a><\/p>\n<hr \/>\n<p><strong>Office National Polonais de Tourisme<\/strong><br \/>Tomasz Rudomino<br \/>Directeur<br \/>10, rue Saint-Augustin<br \/>75002 Paris<br \/>t\u00e9l. : 01 42 44 19 00<br \/>e-mail : <a href=\"mailto:info.fr@pologne.travel\">info.fr@pologne.travel<\/a><br \/>site internet : <a href=\"http:\/\/www.pologne.travel\/fr\/\">http:\/\/www.pologne.travel\/fr\/<\/a><\/p>\n<hr \/>\n<p><strong>Centre scientifique de l\u2019Acad\u00e9mie Polonaise des Sciences<\/strong><br \/>Aldona Katarzyna Jankowska<br \/>Directeur<br \/>74, rue Lauriston<br \/>75016 Paris<br \/>t\u00e9l. : 01 56 90 18 37<br \/>e-mail : <a href=\"mailto:secretariat@paris.pan.pl\">secretariat@paris.pan.pl<\/a><br \/>site internet : <a href=\"https:\/\/paris.pan.pl\/fr\/\">https:\/\/paris.pan.pl\/fr\/<\/a><\/p>\n<hr \/>\n<p><strong>Chambre de Commerce et d\u2019Industrie Polonaise<\/strong><br \/>Monika Constant<br \/>Pr\u00e9sidente<br \/>10 Av. George V<br \/>75008 Paris<br \/>t\u00e9l. : 01 85 76 04 43<br \/>e-mail : <a href=\"mailto:secretariat@ccipf.org\">secretariat@ccipf.org<\/a><br \/>site internet : <a href=\"http:\/\/www.ccipf.org\/\">www.ccipf.org<\/a><\/p>\n<\/div>\n\n\n<p><\/p>\n","protected":false},"excerpt":{"rendered":"<p>Institutions polonaises en France Ambassade de la R\u00e9publique de Pologne en FranceWies\u0142aw TarkaCharg\u00e9 d&#8217;affaires1, rue de Talleyrand75007 Parist\u00e9l. : 01 43 17 34 00e-mail : paryz.amb.sekretariat@msz.gov.plsite internet : https:\/\/www.gov.pl\/web\/france\/ambassade Section consulaire de l\u2019Ambassade de Pologne \u00e0 ParisAgnieszka Kozi\u0144ska-MakowskaConsul de la R\u00e9publique de Pologne3, rue de Talleyrand75007 Parist\u00e9l. : 01 70 39 10 00e-mail: paris.consul@msz.gov.pl Consulat [&hellip;]<\/p>\n","protected":false},"author":123,"featured_media":0,"parent":0,"menu_order":0,"comment_status":"closed","ping_status":"closed","template":"","meta":{"inline_featured_image":false,"_monsterinsights_skip_tracking":false,"_monsterinsights_sitenote_active":false,"_monsterinsights_sitenote_note":"","_monsterinsights_sitenote_category":0,"footnotes":""},"class_list":["post-542","page","type-page","status-publish","hentry"],"yoast_head":"<!-- This site is optimized with the Yoast SEO plugin v24.6 - https:\/\/yoast.com\/wordpress\/plugins\/seo\/ -->\n<title>Insitutions polonaises en France - Instytut Polski w Pary\u017cu<\/title>\n<meta name=\"robots\" content=\"index, follow, max-snippet:-1, max-image-preview:large, max-video-preview:-1\" \/>\n<link rel=\"canonical\" href=\"https:\/\/instytutpolski.pl\/paris\/insitutions-polonaises-en-france\/\" \/>\n<meta property=\"og:locale\" content=\"pl_PL\" \/>\n<meta property=\"og:type\" content=\"article\" \/>\n<meta property=\"og:title\" content=\"Insitutions polonaises en France - Instytut Polski w Pary\u017cu\" \/>\n<meta property=\"og:description\" content=\"Institutions polonaises en France Ambassade de la R\u00e9publique de Pologne en FranceWies\u0142aw TarkaCharg\u00e9 d&#8217;affaires1, rue de Talleyrand75007 Parist\u00e9l. : 01 43 17 34 00e-mail : paryz.amb.sekretariat@msz.gov.plsite internet : https:\/\/www.gov.pl\/web\/france\/ambassade Section consulaire de l\u2019Ambassade de Pologne \u00e0 ParisAgnieszka Kozi\u0144ska-MakowskaConsul de la R\u00e9publique de Pologne3, rue de Talleyrand75007 Parist\u00e9l. : 01 70 39 10 00e-mail: paris.consul@msz.gov.pl Consulat [&hellip;]\" \/>\n<meta property=\"og:url\" content=\"https:\/\/instytutpolski.pl\/paris\/insitutions-polonaises-en-france\/\" \/>\n<meta property=\"og:site_name\" content=\"Instytut Polski w Pary\u017cu\" \/>\n<meta property=\"article:modified_time\" content=\"2026-04-10T08:18:09+00:00\" \/>\n<meta name=\"twitter:card\" content=\"summary_large_image\" \/>\n<meta name=\"twitter:label1\" content=\"Szacowany czas czytania\" \/>\n\t<meta name=\"twitter:data1\" content=\"3 minuty\" \/>\n<script type=\"application\/ld+json\" class=\"yoast-schema-graph\">{\"@context\":\"https:\/\/schema.org\",\"@graph\":[{\"@type\":\"WebPage\",\"@id\":\"https:\/\/instytutpolski.pl\/paris\/insitutions-polonaises-en-france\/\",\"url\":\"https:\/\/instytutpolski.pl\/paris\/insitutions-polonaises-en-france\/\",\"name\":\"Insitutions polonaises en France - Instytut Polski w Pary\u017cu\",\"isPartOf\":{\"@id\":\"https:\/\/instytutpolski.pl\/paris\/#website\"},\"datePublished\":\"2020-01-21T16:35:56+00:00\",\"dateModified\":\"2026-04-10T08:18:09+00:00\",\"breadcrumb\":{\"@id\":\"https:\/\/instytutpolski.pl\/paris\/insitutions-polonaises-en-france\/#breadcrumb\"},\"inLanguage\":\"pl-PL\",\"potentialAction\":[{\"@type\":\"ReadAction\",\"target\":[\"https:\/\/instytutpolski.pl\/paris\/insitutions-polonaises-en-france\/\"]}]},{\"@type\":\"BreadcrumbList\",\"@id\":\"https:\/\/instytutpolski.pl\/paris\/insitutions-polonaises-en-france\/#breadcrumb\",\"itemListElement\":[{\"@type\":\"ListItem\",\"position\":1,\"name\":\"Home\",\"item\":\"https:\/\/instytutpolski.pl\/paris\/\"},{\"@type\":\"ListItem\",\"position\":2,\"name\":\"Insitutions polonaises en France\"}]},{\"@type\":\"WebSite\",\"@id\":\"https:\/\/instytutpolski.pl\/paris\/#website\",\"url\":\"https:\/\/instytutpolski.pl\/paris\/\",\"name\":\"Instytut Polski w Pary\u017cu\",\"description\":\"Instytuty Polskie\",\"potentialAction\":[{\"@type\":\"SearchAction\",\"target\":{\"@type\":\"EntryPoint\",\"urlTemplate\":\"https:\/\/instytutpolski.pl\/paris\/?s={search_term_string}\"},\"query-input\":{\"@type\":\"PropertyValueSpecification\",\"valueRequired\":true,\"valueName\":\"search_term_string\"}}],\"inLanguage\":\"pl-PL\"}]}<\/script>\n<!-- \/ Yoast SEO plugin. -->","yoast_head_json":{"title":"Insitutions polonaises en France - Instytut Polski w Pary\u017cu","robots":{"index":"index","follow":"follow","max-snippet":"max-snippet:-1","max-image-preview":"max-image-preview:large","max-video-preview":"max-video-preview:-1"},"canonical":"https:\/\/instytutpolski.pl\/paris\/insitutions-polonaises-en-france\/","og_locale":"pl_PL","og_type":"article","og_title":"Insitutions polonaises en France - Instytut Polski w Pary\u017cu","og_description":"Institutions polonaises en France Ambassade de la R\u00e9publique de Pologne en FranceWies\u0142aw TarkaCharg\u00e9 d&#8217;affaires1, rue de Talleyrand75007 Parist\u00e9l. : 01 43 17 34 00e-mail : paryz.amb.sekretariat@msz.gov.plsite internet : https:\/\/www.gov.pl\/web\/france\/ambassade Section consulaire de l\u2019Ambassade de Pologne \u00e0 ParisAgnieszka Kozi\u0144ska-MakowskaConsul de la R\u00e9publique de Pologne3, rue de Talleyrand75007 Parist\u00e9l. : 01 70 39 10 00e-mail: paris.consul@msz.gov.pl Consulat [&hellip;]","og_url":"https:\/\/instytutpolski.pl\/paris\/insitutions-polonaises-en-france\/","og_site_name":"Instytut Polski w Pary\u017cu","article_modified_time":"2026-04-10T08:18:09+00:00","twitter_card":"summary_large_image","twitter_misc":{"Szacowany czas czytania":"3 minuty"},"schema":{"@context":"https:\/\/schema.org","@graph":[{"@type":"WebPage","@id":"https:\/\/instytutpolski.pl\/paris\/insitutions-polonaises-en-france\/","url":"https:\/\/instytutpolski.pl\/paris\/insitutions-polonaises-en-france\/","name":"Insitutions polonaises en France - Instytut Polski w Pary\u017cu","isPartOf":{"@id":"https:\/\/instytutpolski.pl\/paris\/#website"},"datePublished":"2020-01-21T16:35:56+00:00","dateModified":"2026-04-10T08:18:09+00:00","breadcrumb":{"@id":"https:\/\/instytutpolski.pl\/paris\/insitutions-polonaises-en-france\/#breadcrumb"},"inLanguage":"pl-PL","potentialAction":[{"@type":"ReadAction","target":["https:\/\/instytutpolski.pl\/paris\/insitutions-polonaises-en-france\/"]}]},{"@type":"BreadcrumbList","@id":"https:\/\/instytutpolski.pl\/paris\/insitutions-polonaises-en-france\/#breadcrumb","itemListElement":[{"@type":"ListItem","position":1,"name":"Home","item":"https:\/\/instytutpolski.pl\/paris\/"},{"@type":"ListItem","position":2,"name":"Insitutions polonaises en France"}]},{"@type":"WebSite","@id":"https:\/\/instytutpolski.pl\/paris\/#website","url":"https:\/\/instytutpolski.pl\/paris\/","name":"Instytut Polski w Pary\u017cu","description":"Instytuty Polskie","potentialAction":[{"@type":"SearchAction","target":{"@type":"EntryPoint","urlTemplate":"https:\/\/instytutpolski.pl\/paris\/?s={search_term_string}"},"query-input":{"@type":"PropertyValueSpecification","valueRequired":true,"valueName":"search_term_string"}}],"inLanguage":"pl-PL"}]}},"_links":{"self":[{"href":"https:\/\/instytutpolski.pl\/paris\/wp-json\/wp\/v2\/pages\/542","targetHints":{"allow":["GET"]}}],"collection":[{"href":"https:\/\/instytutpolski.pl\/paris\/wp-json\/wp\/v2\/pages"}],"about":[{"href":"https:\/\/instytutpolski.pl\/paris\/wp-json\/wp\/v2\/types\/page"}],"author":[{"embeddable":true,"href":"https:\/\/instytutpolski.pl\/paris\/wp-json\/wp\/v2\/users\/123"}],"replies":[{"embeddable":true,"href":"https:\/\/instytutpolski.pl\/paris\/wp-json\/wp\/v2\/comments?post=542"}],"version-history":[{"count":4,"href":"https:\/\/instytutpolski.pl\/paris\/wp-json\/wp\/v2\/pages\/542\/revisions"}],"predecessor-version":[{"id":11699,"href":"https:\/\/instytutpolski.pl\/paris\/wp-json\/wp\/v2\/pages\/542\/revisions\/11699"}],"wp:attachment":[{"href":"https:\/\/instytutpolski.pl\/paris\/wp-json\/wp\/v2\/media?parent=542"}],"curies":[{"name":"wp","href":"https:\/\/api.w.org\/{rel}","templated":true}]}}