{"id":5651,"date":"2024-01-10T11:34:35","date_gmt":"2024-01-10T10:34:35","guid":{"rendered":"https:\/\/instytutpolski.pl\/paris\/?page_id=5651"},"modified":"2025-07-28T10:56:11","modified_gmt":"2025-07-28T08:56:11","slug":"kinopolska","status":"publish","type":"page","link":"https:\/\/instytutpolski.pl\/paris\/kinopolska\/","title":{"rendered":"KINOPOLSKA"},"content":{"rendered":"\n<p>Festival du film polonais au cin\u00e9ma L&#8217;Arlequin<\/p>\n\n\n\n<p>La plus grande initiative de l\u2019Institut Polonais dans le domaine est le festival du film polonais KINOPOLSKA. C\u2019est un festival qui, depuis 18 ans de son existence, pr\u00e9sente les nouveaut\u00e9s du cin\u00e9ma polonais contemporain, mais aussi rappelle les grands classiques.<\/p>\n\n\n\n<p>Apr\u00e8s \u00eatre abrit\u00e9 par le cin\u00e9ma Balzac (ann\u00e9es) et le Reflet M\u00e9dicis (ann\u00e9es), depuis 2019 le festival a lieu au cin\u00e9ma L\u2019Arlequin, habituellement \u00e0 la fin du mois de septembre. <\/p>\n\n\n\n<p>Chaque s\u00e9ance est accompagn\u00e9e d\u2019une rencontre avec la r\u00e9alisatrice ou le r\u00e9alisateur, ou un autre membre d\u2019\u00e9quipe. <\/p>\n\n\n\n<p>Dans la longue histoire d\u2019existence du festival, nous avons accueilli les cin\u00e9astes de toutes g\u00e9n\u00e9rations, des l\u00e9gendes jusqu\u2019aux r\u00e9alisateurs \u00e9mergeants (\u017bu\u0142awski, Holland, Zanussi, Skolimowski, Pola\u0144ski, Szumowska, Smoczy\u0144ska, Terpi\u0144ska, Kocur, Hamela, Woszczy\u0144ska, pour en mentionner quelques-uns).<\/p>\n\n\n\n<p><\/p>\n\n\n\n<div class=\"wp-block-buttons is-content-justification-center is-layout-flex wp-container-core-buttons-is-layout-1 wp-block-buttons-is-layout-flex\">\n<div class=\"wp-block-button\"><a class=\"wp-block-button__link has-vivid-red-background-color has-background wp-element-button\" href=\"https:\/\/instytutpolski.pl\/paris\/2025\/07\/28\/kinopolska-4\/\"><strong>KINOPOLSKA 2025<\/strong><\/a><\/div>\n<\/div>\n\n\n\n<p><\/p>\n\n\n\n<p>Illustration : Marta Basak<\/p>\n\n\n\n<hr class=\"wp-block-separator has-alpha-channel-opacity\" \/>\n\n\n\n<div class=\"wp-block-buttons is-content-justification-center is-layout-flex wp-container-core-buttons-is-layout-2 wp-block-buttons-is-layout-flex\">\n<div class=\"wp-block-button\"><a class=\"wp-block-button__link wp-element-button\" href=\"https:\/\/instytutpolski.pl\/paris\/category\/evenements\/evenements-cycliques\/kinopolska\/\"><strong>\u00c9ditions pr\u00e9c\u00e9dentes<\/strong><\/a><\/div>\n<\/div>\n","protected":false},"excerpt":{"rendered":"<p>Festival du film polonais au cin\u00e9ma L&#8217;Arlequin La plus grande initiative de l\u2019Institut Polonais dans le domaine est le festival du film polonais KINOPOLSKA. C\u2019est un festival qui, depuis 18 ans de son existence, pr\u00e9sente les nouveaut\u00e9s du cin\u00e9ma polonais contemporain, mais aussi rappelle les grands classiques. Apr\u00e8s \u00eatre abrit\u00e9 par le cin\u00e9ma Balzac (ann\u00e9es) [&hellip;]<\/p>\n","protected":false},"author":188,"featured_media":7342,"parent":0,"menu_order":0,"comment_status":"closed","ping_status":"closed","template":"","meta":{"inline_featured_image":false,"_monsterinsights_skip_tracking":false,"_monsterinsights_sitenote_active":false,"_monsterinsights_sitenote_note":"","_monsterinsights_sitenote_category":0,"footnotes":""},"class_list":["post-5651","page","type-page","status-publish","has-post-thumbnail","hentry"],"yoast_head":"<!-- This site is optimized with the Yoast SEO plugin v24.6 - https:\/\/yoast.com\/wordpress\/plugins\/seo\/ -->\n<title>KINOPOLSKA - Instytut Polski w Pary\u017cu<\/title>\n<meta name=\"robots\" content=\"index, follow, max-snippet:-1, max-image-preview:large, max-video-preview:-1\" \/>\n<link rel=\"canonical\" href=\"https:\/\/instytutpolski.pl\/paris\/kinopolska\/\" \/>\n<meta property=\"og:locale\" content=\"pl_PL\" \/>\n<meta property=\"og:type\" content=\"article\" \/>\n<meta property=\"og:title\" content=\"KINOPOLSKA - Instytut Polski w Pary\u017cu\" \/>\n<meta property=\"og:description\" content=\"Festival du film polonais au cin\u00e9ma L&#8217;Arlequin La plus grande initiative de l\u2019Institut Polonais dans le domaine est le festival du film polonais KINOPOLSKA. C\u2019est un festival qui, depuis 18 ans de son existence, pr\u00e9sente les nouveaut\u00e9s du cin\u00e9ma polonais contemporain, mais aussi rappelle les grands classiques. Apr\u00e8s \u00eatre abrit\u00e9 par le cin\u00e9ma Balzac (ann\u00e9es) [&hellip;]\" \/>\n<meta property=\"og:url\" content=\"https:\/\/instytutpolski.pl\/paris\/kinopolska\/\" \/>\n<meta property=\"og:site_name\" content=\"Instytut Polski w Pary\u017cu\" \/>\n<meta property=\"article:modified_time\" content=\"2025-07-28T08:56:11+00:00\" \/>\n<meta property=\"og:image\" content=\"https:\/\/instytutpolski.pl\/paris\/wp-content\/uploads\/sites\/14\/2024\/06\/Kinopolska-1.png\" \/>\n\t<meta property=\"og:image:width\" content=\"671\" \/>\n\t<meta property=\"og:image:height\" content=\"770\" \/>\n\t<meta property=\"og:image:type\" content=\"image\/png\" \/>\n<meta name=\"twitter:card\" content=\"summary_large_image\" \/>\n<meta name=\"twitter:label1\" content=\"Szacowany czas czytania\" \/>\n\t<meta name=\"twitter:data1\" content=\"2 minuty\" \/>\n<script type=\"application\/ld+json\" class=\"yoast-schema-graph\">{\"@context\":\"https:\/\/schema.org\",\"@graph\":[{\"@type\":\"WebPage\",\"@id\":\"https:\/\/instytutpolski.pl\/paris\/kinopolska\/\",\"url\":\"https:\/\/instytutpolski.pl\/paris\/kinopolska\/\",\"name\":\"KINOPOLSKA - Instytut Polski w Pary\u017cu\",\"isPartOf\":{\"@id\":\"https:\/\/instytutpolski.pl\/paris\/#website\"},\"primaryImageOfPage\":{\"@id\":\"https:\/\/instytutpolski.pl\/paris\/kinopolska\/#primaryimage\"},\"image\":{\"@id\":\"https:\/\/instytutpolski.pl\/paris\/kinopolska\/#primaryimage\"},\"thumbnailUrl\":\"https:\/\/instytutpolski.pl\/paris\/wp-content\/uploads\/sites\/14\/2024\/06\/Kinopolska-1.png\",\"datePublished\":\"2024-01-10T10:34:35+00:00\",\"dateModified\":\"2025-07-28T08:56:11+00:00\",\"breadcrumb\":{\"@id\":\"https:\/\/instytutpolski.pl\/paris\/kinopolska\/#breadcrumb\"},\"inLanguage\":\"pl-PL\",\"potentialAction\":[{\"@type\":\"ReadAction\",\"target\":[\"https:\/\/instytutpolski.pl\/paris\/kinopolska\/\"]}]},{\"@type\":\"ImageObject\",\"inLanguage\":\"pl-PL\",\"@id\":\"https:\/\/instytutpolski.pl\/paris\/kinopolska\/#primaryimage\",\"url\":\"https:\/\/instytutpolski.pl\/paris\/wp-content\/uploads\/sites\/14\/2024\/06\/Kinopolska-1.png\",\"contentUrl\":\"https:\/\/instytutpolski.pl\/paris\/wp-content\/uploads\/sites\/14\/2024\/06\/Kinopolska-1.png\",\"width\":671,\"height\":770},{\"@type\":\"BreadcrumbList\",\"@id\":\"https:\/\/instytutpolski.pl\/paris\/kinopolska\/#breadcrumb\",\"itemListElement\":[{\"@type\":\"ListItem\",\"position\":1,\"name\":\"Home\",\"item\":\"https:\/\/instytutpolski.pl\/paris\/\"},{\"@type\":\"ListItem\",\"position\":2,\"name\":\"KINOPOLSKA\"}]},{\"@type\":\"WebSite\",\"@id\":\"https:\/\/instytutpolski.pl\/paris\/#website\",\"url\":\"https:\/\/instytutpolski.pl\/paris\/\",\"name\":\"Instytut Polski w Pary\u017cu\",\"description\":\"Instytuty Polskie\",\"potentialAction\":[{\"@type\":\"SearchAction\",\"target\":{\"@type\":\"EntryPoint\",\"urlTemplate\":\"https:\/\/instytutpolski.pl\/paris\/?s={search_term_string}\"},\"query-input\":{\"@type\":\"PropertyValueSpecification\",\"valueRequired\":true,\"valueName\":\"search_term_string\"}}],\"inLanguage\":\"pl-PL\"}]}<\/script>\n<!-- \/ Yoast SEO plugin. -->","yoast_head_json":{"title":"KINOPOLSKA - Instytut Polski w Pary\u017cu","robots":{"index":"index","follow":"follow","max-snippet":"max-snippet:-1","max-image-preview":"max-image-preview:large","max-video-preview":"max-video-preview:-1"},"canonical":"https:\/\/instytutpolski.pl\/paris\/kinopolska\/","og_locale":"pl_PL","og_type":"article","og_title":"KINOPOLSKA - Instytut Polski w Pary\u017cu","og_description":"Festival du film polonais au cin\u00e9ma L&#8217;Arlequin La plus grande initiative de l\u2019Institut Polonais dans le domaine est le festival du film polonais KINOPOLSKA. C\u2019est un festival qui, depuis 18 ans de son existence, pr\u00e9sente les nouveaut\u00e9s du cin\u00e9ma polonais contemporain, mais aussi rappelle les grands classiques. Apr\u00e8s \u00eatre abrit\u00e9 par le cin\u00e9ma Balzac (ann\u00e9es) [&hellip;]","og_url":"https:\/\/instytutpolski.pl\/paris\/kinopolska\/","og_site_name":"Instytut Polski w Pary\u017cu","article_modified_time":"2025-07-28T08:56:11+00:00","og_image":[{"width":671,"height":770,"url":"https:\/\/instytutpolski.pl\/paris\/wp-content\/uploads\/sites\/14\/2024\/06\/Kinopolska-1.png","type":"image\/png"}],"twitter_card":"summary_large_image","twitter_misc":{"Szacowany czas czytania":"2 minuty"},"schema":{"@context":"https:\/\/schema.org","@graph":[{"@type":"WebPage","@id":"https:\/\/instytutpolski.pl\/paris\/kinopolska\/","url":"https:\/\/instytutpolski.pl\/paris\/kinopolska\/","name":"KINOPOLSKA - Instytut Polski w Pary\u017cu","isPartOf":{"@id":"https:\/\/instytutpolski.pl\/paris\/#website"},"primaryImageOfPage":{"@id":"https:\/\/instytutpolski.pl\/paris\/kinopolska\/#primaryimage"},"image":{"@id":"https:\/\/instytutpolski.pl\/paris\/kinopolska\/#primaryimage"},"thumbnailUrl":"https:\/\/instytutpolski.pl\/paris\/wp-content\/uploads\/sites\/14\/2024\/06\/Kinopolska-1.png","datePublished":"2024-01-10T10:34:35+00:00","dateModified":"2025-07-28T08:56:11+00:00","breadcrumb":{"@id":"https:\/\/instytutpolski.pl\/paris\/kinopolska\/#breadcrumb"},"inLanguage":"pl-PL","potentialAction":[{"@type":"ReadAction","target":["https:\/\/instytutpolski.pl\/paris\/kinopolska\/"]}]},{"@type":"ImageObject","inLanguage":"pl-PL","@id":"https:\/\/instytutpolski.pl\/paris\/kinopolska\/#primaryimage","url":"https:\/\/instytutpolski.pl\/paris\/wp-content\/uploads\/sites\/14\/2024\/06\/Kinopolska-1.png","contentUrl":"https:\/\/instytutpolski.pl\/paris\/wp-content\/uploads\/sites\/14\/2024\/06\/Kinopolska-1.png","width":671,"height":770},{"@type":"BreadcrumbList","@id":"https:\/\/instytutpolski.pl\/paris\/kinopolska\/#breadcrumb","itemListElement":[{"@type":"ListItem","position":1,"name":"Home","item":"https:\/\/instytutpolski.pl\/paris\/"},{"@type":"ListItem","position":2,"name":"KINOPOLSKA"}]},{"@type":"WebSite","@id":"https:\/\/instytutpolski.pl\/paris\/#website","url":"https:\/\/instytutpolski.pl\/paris\/","name":"Instytut Polski w Pary\u017cu","description":"Instytuty Polskie","potentialAction":[{"@type":"SearchAction","target":{"@type":"EntryPoint","urlTemplate":"https:\/\/instytutpolski.pl\/paris\/?s={search_term_string}"},"query-input":{"@type":"PropertyValueSpecification","valueRequired":true,"valueName":"search_term_string"}}],"inLanguage":"pl-PL"}]}},"_links":{"self":[{"href":"https:\/\/instytutpolski.pl\/paris\/wp-json\/wp\/v2\/pages\/5651","targetHints":{"allow":["GET"]}}],"collection":[{"href":"https:\/\/instytutpolski.pl\/paris\/wp-json\/wp\/v2\/pages"}],"about":[{"href":"https:\/\/instytutpolski.pl\/paris\/wp-json\/wp\/v2\/types\/page"}],"author":[{"embeddable":true,"href":"https:\/\/instytutpolski.pl\/paris\/wp-json\/wp\/v2\/users\/188"}],"replies":[{"embeddable":true,"href":"https:\/\/instytutpolski.pl\/paris\/wp-json\/wp\/v2\/comments?post=5651"}],"version-history":[{"count":11,"href":"https:\/\/instytutpolski.pl\/paris\/wp-json\/wp\/v2\/pages\/5651\/revisions"}],"predecessor-version":[{"id":10051,"href":"https:\/\/instytutpolski.pl\/paris\/wp-json\/wp\/v2\/pages\/5651\/revisions\/10051"}],"wp:featuredmedia":[{"embeddable":true,"href":"https:\/\/instytutpolski.pl\/paris\/wp-json\/wp\/v2\/media\/7342"}],"wp:attachment":[{"href":"https:\/\/instytutpolski.pl\/paris\/wp-json\/wp\/v2\/media?parent=5651"}],"curies":[{"name":"wp","href":"https:\/\/api.w.org\/{rel}","templated":true}]}}