{"id":774,"date":"2020-06-01T23:06:13","date_gmt":"2020-06-01T21:06:13","guid":{"rendered":"https:\/\/instytutpolski.pl\/paris\/?page_id=774"},"modified":"2020-06-03T18:29:35","modified_gmt":"2020-06-03T16:29:35","slug":"politique-de-cookies","status":"publish","type":"page","link":"https:\/\/instytutpolski.pl\/paris\/politique-de-cookies\/","title":{"rendered":"Politique de cookies"},"content":{"rendered":"\n<p>Nous utilisons des cookies pour fournir des services au plus haut niveau. L&#8217;utilisation de notre site signifie qu&#8217;ils seront publi\u00e9s sur votre appareil. Vous pouvez modifier les param\u00e8tres de votre navigateur \u00e0 tout moment.<\/p>\n<p>Pour votre commodit\u00e9, <strong>le site Web instytutpolski.pl<\/strong>, appartenant au minist\u00e8re des Affaires \u00e9trang\u00e8res de la R\u00e9publique de Pologne, <strong>utilise des cookies pour adapter le site Web aux besoins des utilisateurs<\/strong>, ainsi qu&#8217;\u00e0 des fins statistiques.<\/p>\n<p>Les fichiers de cookies (appel\u00e9s cookies) sont de <em>petits fichiers<\/em> de <em>donn\u00e9es<\/em> plac\u00e9s sur votre <em>ordinateur<\/em> ou votre <em>appareil mobile<\/em> par votre navigateur lorsque vous visitez un <em>site Web<\/em>. Ils ne contiennent aucune donn\u00e9e personnelle.<\/p>\n<p>Le site instytutpolski.pl utilise deux types de cookies:<\/p>\n<ol>\n<li>Cookies de performance (collecte d&#8217;informations sur la fa\u00e7on dont les visiteurs utilisent le site, par exemple les pages les plus visit\u00e9es ou les messages d&#8217;erreur, etc.),<\/li>\n<li>Cookies de fonctionnalit\u00e9s (enregistrement des param\u00e8tres de l&#8217;utilisateur, par exemple la langue, les consentements, etc.), tels que:<\/li>\n<\/ol>\n<ul>\n<li>cookies google-analytics.com &#8211; utilis\u00e9s pour collecter des statistiques pour instytutpolski.pl; Le fonctionnement exact et la politique de confidentialit\u00e9 de Google Analytics sont disponibles \u00e0 l&#8217;adresse: <a href=\"http:\/\/www.google.com\/analytics\/learn\/privacy.html\">http:\/\/www.google.com\/analytics\/learn\/privacy.html<\/a><\/li>\n<li>cookies de session &#8211; ce sont des informations temporaires stock\u00e9es dans la m\u00e9moire du navigateur jusqu&#8217;\u00e0 la fin de la session, c&#8217;est-\u00e0-dire en la fermant.<\/li>\n<\/ul>\n<p>Les sites Web tiers, auxquels le site instytutpolski.pl fait parfois r\u00e9f\u00e9rence, peuvent \u00e9galement utiliser d&#8217;autres cookies que ceux r\u00e9pertori\u00e9s ci-dessus, notamment des fichiers permettant de se connecter et de diffuser des publicit\u00e9s correspondant aux pr\u00e9f\u00e9rences et aux comportements de l&#8217;utilisateur. Ces types de cookies sont:<\/p>\n<ul>\n<li>sur youtube.com &#8211; contenant les pr\u00e9f\u00e9rences des utilisateurs et le nombre de clics; La politique de confidentialit\u00e9 de YouTube est d\u00e9crite \u00e0 l&#8217;adresse: <a href=\"http:\/\/www.google.pl\/intl\/pl\/policies\/privacy\/\">http:\/\/www.google.pl\/intl\/pl\/policies\/privacy\/<\/a><\/li>\n<li>sur player.vimeo.com et av.vimeo.com &#8211; vous permettant de vous connecter, ainsi que les cookies plac\u00e9s par les annonceurs pour correspondre au contenu et aux formes de publicit\u00e9; La politique de cookies de Vimeo est disponible sur <a href=\"http:\/\/vimeo.com\/cookie_policy\">http:\/\/vimeo.com\/cookie_policy<\/a>.<\/li>\n<\/ul>\n<p><strong>\u00a0<\/strong><\/p>\n<p><strong>Dans la plupart des navigateurs Web, vous pouvez: effacer les fichiers de cookies du disque dur de votre ordinateur (dans les param\u00e8tres du navigateur), bloquer tous les cookies envoy\u00e9s ou d\u00e9finir un avertissement avant de les enregistrer sur le disque. <\/strong><\/p>\n<p>Il faut savoir que la modification des param\u00e8tres de ces fichiers en limitant leur utilisation peut affecter certaines des fonctionnalit\u00e9s disponibles sur les sites Web qui les utilisent, par exemple en emp\u00eachant la connexion \u00e0 un compte de messagerie. <strong>Si vous ne modifiez pas ces param\u00e8tres, vous acceptez l&#8217;utilisation de cookies. <\/strong><\/p>\n<p><strong>Ci-dessous, nous montrons comment modifier les param\u00e8tres des cookies dans les moteurs de recherche les plus populaires: <\/strong><\/p>\n<p><strong>Google Chrome<\/strong><\/p>\n<p>Menu&gt; Param\u00e8tres&gt; Afficher les param\u00e8tres avanc\u00e9s&gt; Confidentialit\u00e9&gt; Param\u00e8tres de contenu&gt; Cookies &#8211; s\u00e9lectionnez l&#8217;option appropri\u00e9e.<\/p>\n<p><strong>Internet Explorer <\/strong><\/p>\n<p>Menu&gt; Outils&gt; Options Internet&gt; Confidentialit\u00e9 &#8211; s\u00e9lectionnez l&#8217;option appropri\u00e9e.<\/p>\n<p><strong>Mozilla<\/strong><\/p>\n<p>Firefox Menu&gt; Options&gt; Confidentialit\u00e9&gt; Historique &#8211; s\u00e9lectionnez l&#8217;option appropri\u00e9e.<\/p>\n<p><strong>Op\u00e9ra <\/strong><\/p>\n<p>Menu&gt; Pr\u00e9f\u00e9rences&gt; Avanc\u00e9&gt; Cookies &#8211; s\u00e9lectionnez l&#8217;option appropri\u00e9e.<\/p>\n<p><strong>Safari <\/strong><\/p>\n<p>Menu&gt; Pr\u00e9f\u00e9rences&gt; Confidentialit\u00e9&gt; Cookies &#8211; s\u00e9lectionnez l&#8217;option appropri\u00e9e.<\/p>\n","protected":false},"excerpt":{"rendered":"<p>Nous utilisons des cookies pour fournir des services au plus haut niveau. L&#8217;utilisation de notre site signifie qu&#8217;ils seront publi\u00e9s sur votre appareil. Vous pouvez modifier les param\u00e8tres de votre navigateur \u00e0 tout moment. Pour votre commodit\u00e9, le site Web instytutpolski.pl, appartenant au minist\u00e8re des Affaires \u00e9trang\u00e8res de la R\u00e9publique de Pologne, utilise des cookies [&hellip;]<\/p>\n","protected":false},"author":1,"featured_media":775,"parent":0,"menu_order":0,"comment_status":"closed","ping_status":"closed","template":"","meta":{"inline_featured_image":false,"_monsterinsights_skip_tracking":false,"_monsterinsights_sitenote_active":false,"_monsterinsights_sitenote_note":"","_monsterinsights_sitenote_category":0,"footnotes":""},"class_list":["post-774","page","type-page","status-publish","has-post-thumbnail","hentry"],"yoast_head":"<!-- This site is optimized with the Yoast SEO plugin v24.6 - https:\/\/yoast.com\/wordpress\/plugins\/seo\/ -->\n<title>Politique de cookies - Instytut Polski w Pary\u017cu<\/title>\n<meta name=\"robots\" content=\"index, follow, max-snippet:-1, max-image-preview:large, max-video-preview:-1\" \/>\n<link rel=\"canonical\" href=\"https:\/\/instytutpolski.pl\/paris\/politique-de-cookies\/\" \/>\n<meta property=\"og:locale\" content=\"pl_PL\" \/>\n<meta property=\"og:type\" content=\"article\" \/>\n<meta property=\"og:title\" content=\"Politique de cookies - Instytut Polski w Pary\u017cu\" \/>\n<meta property=\"og:description\" content=\"Nous utilisons des cookies pour fournir des services au plus haut niveau. L&#8217;utilisation de notre site signifie qu&#8217;ils seront publi\u00e9s sur votre appareil. Vous pouvez modifier les param\u00e8tres de votre navigateur \u00e0 tout moment. Pour votre commodit\u00e9, le site Web instytutpolski.pl, appartenant au minist\u00e8re des Affaires \u00e9trang\u00e8res de la R\u00e9publique de Pologne, utilise des cookies [&hellip;]\" \/>\n<meta property=\"og:url\" content=\"https:\/\/instytutpolski.pl\/paris\/politique-de-cookies\/\" \/>\n<meta property=\"og:site_name\" content=\"Instytut Polski w Pary\u017cu\" \/>\n<meta property=\"article:modified_time\" content=\"2020-06-03T16:29:35+00:00\" \/>\n<meta property=\"og:image\" content=\"https:\/\/instytutpolski.pl\/paris\/wp-content\/uploads\/sites\/14\/2020\/06\/Krokusy-2.jpg\" \/>\n\t<meta property=\"og:image:width\" content=\"2048\" \/>\n\t<meta property=\"og:image:height\" content=\"1365\" \/>\n\t<meta property=\"og:image:type\" content=\"image\/jpeg\" \/>\n<meta name=\"twitter:card\" content=\"summary_large_image\" \/>\n<meta name=\"twitter:label1\" content=\"Szacowany czas czytania\" \/>\n\t<meta name=\"twitter:data1\" content=\"3 minuty\" \/>\n<script type=\"application\/ld+json\" class=\"yoast-schema-graph\">{\"@context\":\"https:\/\/schema.org\",\"@graph\":[{\"@type\":\"WebPage\",\"@id\":\"https:\/\/instytutpolski.pl\/paris\/politique-de-cookies\/\",\"url\":\"https:\/\/instytutpolski.pl\/paris\/politique-de-cookies\/\",\"name\":\"Politique de cookies - Instytut Polski w Pary\u017cu\",\"isPartOf\":{\"@id\":\"https:\/\/instytutpolski.pl\/paris\/#website\"},\"primaryImageOfPage\":{\"@id\":\"https:\/\/instytutpolski.pl\/paris\/politique-de-cookies\/#primaryimage\"},\"image\":{\"@id\":\"https:\/\/instytutpolski.pl\/paris\/politique-de-cookies\/#primaryimage\"},\"thumbnailUrl\":\"https:\/\/instytutpolski.pl\/paris\/wp-content\/uploads\/sites\/14\/2020\/06\/Krokusy-2.jpg\",\"datePublished\":\"2020-06-01T21:06:13+00:00\",\"dateModified\":\"2020-06-03T16:29:35+00:00\",\"breadcrumb\":{\"@id\":\"https:\/\/instytutpolski.pl\/paris\/politique-de-cookies\/#breadcrumb\"},\"inLanguage\":\"pl-PL\",\"potentialAction\":[{\"@type\":\"ReadAction\",\"target\":[\"https:\/\/instytutpolski.pl\/paris\/politique-de-cookies\/\"]}]},{\"@type\":\"ImageObject\",\"inLanguage\":\"pl-PL\",\"@id\":\"https:\/\/instytutpolski.pl\/paris\/politique-de-cookies\/#primaryimage\",\"url\":\"https:\/\/instytutpolski.pl\/paris\/wp-content\/uploads\/sites\/14\/2020\/06\/Krokusy-2.jpg\",\"contentUrl\":\"https:\/\/instytutpolski.pl\/paris\/wp-content\/uploads\/sites\/14\/2020\/06\/Krokusy-2.jpg\",\"width\":2048,\"height\":1365},{\"@type\":\"BreadcrumbList\",\"@id\":\"https:\/\/instytutpolski.pl\/paris\/politique-de-cookies\/#breadcrumb\",\"itemListElement\":[{\"@type\":\"ListItem\",\"position\":1,\"name\":\"Home\",\"item\":\"https:\/\/instytutpolski.pl\/paris\/\"},{\"@type\":\"ListItem\",\"position\":2,\"name\":\"Politique de cookies\"}]},{\"@type\":\"WebSite\",\"@id\":\"https:\/\/instytutpolski.pl\/paris\/#website\",\"url\":\"https:\/\/instytutpolski.pl\/paris\/\",\"name\":\"Instytut Polski w Pary\u017cu\",\"description\":\"Instytuty Polskie\",\"potentialAction\":[{\"@type\":\"SearchAction\",\"target\":{\"@type\":\"EntryPoint\",\"urlTemplate\":\"https:\/\/instytutpolski.pl\/paris\/?s={search_term_string}\"},\"query-input\":{\"@type\":\"PropertyValueSpecification\",\"valueRequired\":true,\"valueName\":\"search_term_string\"}}],\"inLanguage\":\"pl-PL\"}]}<\/script>\n<!-- \/ Yoast SEO plugin. -->","yoast_head_json":{"title":"Politique de cookies - Instytut Polski w Pary\u017cu","robots":{"index":"index","follow":"follow","max-snippet":"max-snippet:-1","max-image-preview":"max-image-preview:large","max-video-preview":"max-video-preview:-1"},"canonical":"https:\/\/instytutpolski.pl\/paris\/politique-de-cookies\/","og_locale":"pl_PL","og_type":"article","og_title":"Politique de cookies - Instytut Polski w Pary\u017cu","og_description":"Nous utilisons des cookies pour fournir des services au plus haut niveau. L&#8217;utilisation de notre site signifie qu&#8217;ils seront publi\u00e9s sur votre appareil. Vous pouvez modifier les param\u00e8tres de votre navigateur \u00e0 tout moment. Pour votre commodit\u00e9, le site Web instytutpolski.pl, appartenant au minist\u00e8re des Affaires \u00e9trang\u00e8res de la R\u00e9publique de Pologne, utilise des cookies [&hellip;]","og_url":"https:\/\/instytutpolski.pl\/paris\/politique-de-cookies\/","og_site_name":"Instytut Polski w Pary\u017cu","article_modified_time":"2020-06-03T16:29:35+00:00","og_image":[{"width":2048,"height":1365,"url":"https:\/\/instytutpolski.pl\/paris\/wp-content\/uploads\/sites\/14\/2020\/06\/Krokusy-2.jpg","type":"image\/jpeg"}],"twitter_card":"summary_large_image","twitter_misc":{"Szacowany czas czytania":"3 minuty"},"schema":{"@context":"https:\/\/schema.org","@graph":[{"@type":"WebPage","@id":"https:\/\/instytutpolski.pl\/paris\/politique-de-cookies\/","url":"https:\/\/instytutpolski.pl\/paris\/politique-de-cookies\/","name":"Politique de cookies - Instytut Polski w Pary\u017cu","isPartOf":{"@id":"https:\/\/instytutpolski.pl\/paris\/#website"},"primaryImageOfPage":{"@id":"https:\/\/instytutpolski.pl\/paris\/politique-de-cookies\/#primaryimage"},"image":{"@id":"https:\/\/instytutpolski.pl\/paris\/politique-de-cookies\/#primaryimage"},"thumbnailUrl":"https:\/\/instytutpolski.pl\/paris\/wp-content\/uploads\/sites\/14\/2020\/06\/Krokusy-2.jpg","datePublished":"2020-06-01T21:06:13+00:00","dateModified":"2020-06-03T16:29:35+00:00","breadcrumb":{"@id":"https:\/\/instytutpolski.pl\/paris\/politique-de-cookies\/#breadcrumb"},"inLanguage":"pl-PL","potentialAction":[{"@type":"ReadAction","target":["https:\/\/instytutpolski.pl\/paris\/politique-de-cookies\/"]}]},{"@type":"ImageObject","inLanguage":"pl-PL","@id":"https:\/\/instytutpolski.pl\/paris\/politique-de-cookies\/#primaryimage","url":"https:\/\/instytutpolski.pl\/paris\/wp-content\/uploads\/sites\/14\/2020\/06\/Krokusy-2.jpg","contentUrl":"https:\/\/instytutpolski.pl\/paris\/wp-content\/uploads\/sites\/14\/2020\/06\/Krokusy-2.jpg","width":2048,"height":1365},{"@type":"BreadcrumbList","@id":"https:\/\/instytutpolski.pl\/paris\/politique-de-cookies\/#breadcrumb","itemListElement":[{"@type":"ListItem","position":1,"name":"Home","item":"https:\/\/instytutpolski.pl\/paris\/"},{"@type":"ListItem","position":2,"name":"Politique de cookies"}]},{"@type":"WebSite","@id":"https:\/\/instytutpolski.pl\/paris\/#website","url":"https:\/\/instytutpolski.pl\/paris\/","name":"Instytut Polski w Pary\u017cu","description":"Instytuty Polskie","potentialAction":[{"@type":"SearchAction","target":{"@type":"EntryPoint","urlTemplate":"https:\/\/instytutpolski.pl\/paris\/?s={search_term_string}"},"query-input":{"@type":"PropertyValueSpecification","valueRequired":true,"valueName":"search_term_string"}}],"inLanguage":"pl-PL"}]}},"_links":{"self":[{"href":"https:\/\/instytutpolski.pl\/paris\/wp-json\/wp\/v2\/pages\/774","targetHints":{"allow":["GET"]}}],"collection":[{"href":"https:\/\/instytutpolski.pl\/paris\/wp-json\/wp\/v2\/pages"}],"about":[{"href":"https:\/\/instytutpolski.pl\/paris\/wp-json\/wp\/v2\/types\/page"}],"author":[{"embeddable":true,"href":"https:\/\/instytutpolski.pl\/paris\/wp-json\/wp\/v2\/users\/1"}],"replies":[{"embeddable":true,"href":"https:\/\/instytutpolski.pl\/paris\/wp-json\/wp\/v2\/comments?post=774"}],"version-history":[{"count":3,"href":"https:\/\/instytutpolski.pl\/paris\/wp-json\/wp\/v2\/pages\/774\/revisions"}],"predecessor-version":[{"id":882,"href":"https:\/\/instytutpolski.pl\/paris\/wp-json\/wp\/v2\/pages\/774\/revisions\/882"}],"wp:featuredmedia":[{"embeddable":true,"href":"https:\/\/instytutpolski.pl\/paris\/wp-json\/wp\/v2\/media\/775"}],"wp:attachment":[{"href":"https:\/\/instytutpolski.pl\/paris\/wp-json\/wp\/v2\/media?parent=774"}],"curies":[{"name":"wp","href":"https:\/\/api.w.org\/{rel}","templated":true}]}}