{"id":225,"date":"2019-06-06T14:07:18","date_gmt":"2019-06-06T12:07:18","guid":{"rendered":"https:\/\/instytutpolski.pl\/petersburg\/?page_id=225"},"modified":"2021-12-15T10:23:16","modified_gmt":"2021-12-15T09:23:16","slug":"o-instytucie","status":"publish","type":"page","link":"https:\/\/instytutpolski.pl\/petersburg\/pl\/o-instytucie\/","title":{"rendered":"O Instytucie"},"content":{"rendered":"\n<figure class=\"wp-block-image\"><img decoding=\"async\" src=\"https:\/\/www.msz.gov.pl\/resource\/b09f7567-ce37-43ed-8563-0874c1eecfae:JCR\" alt=\"\" \/><\/figure>\n\n\n\n<p>Celem Instytutu Polskiego w Petersburgu jest szerzenie dorobku polskiej kultury i nauki, poszerzanie wiedzy o kulturze polskiej w\u015br\u00f3d rosyjskiego spo\u0142ecze\u0144stwa, a tak\u017ce rozwijanie kontakt\u00f3w, wymiana do\u015bwiadcze\u0144 i prowadzenie dialogu mi\u0119dzy polskimi i rosyjskimi przedstawicielami nauki, literatury, sztuki, kina, teatru i muzyki.<br><\/p>\n\n\n\n<p><\/p>\n","protected":false},"excerpt":{"rendered":"<p>Celem Instytutu Polskiego w Petersburgu jest szerzenie dorobku polskiej kultury i nauki, poszerzanie wiedzy o kulturze polskiej w\u015br\u00f3d rosyjskiego spo\u0142ecze\u0144stwa, a tak\u017ce rozwijanie kontakt\u00f3w, wymiana do\u015bwiadcze\u0144 i prowadzenie dialogu mi\u0119dzy polskimi i rosyjskimi przedstawicielami nauki, literatury, sztuki, kina, teatru i muzyki.<\/p>\n","protected":false},"author":8,"featured_media":0,"parent":0,"menu_order":0,"comment_status":"closed","ping_status":"closed","template":"","meta":{"inline_featured_image":false,"_monsterinsights_skip_tracking":false,"_monsterinsights_sitenote_active":false,"_monsterinsights_sitenote_note":"","_monsterinsights_sitenote_category":0,"footnotes":""},"class_list":["post-225","page","type-page","status-publish","hentry"],"yoast_head":"<!-- This site is optimized with the Yoast SEO plugin v24.6 - https:\/\/yoast.com\/wordpress\/plugins\/seo\/ -->\n<title>O Instytucie - Instytut Polski w Petersburgu<\/title>\n<meta name=\"robots\" content=\"noindex, follow, max-snippet:-1, max-image-preview:large, max-video-preview:-1\" \/>\n<meta property=\"og:locale\" content=\"pl_PL\" \/>\n<meta property=\"og:type\" content=\"article\" \/>\n<meta property=\"og:title\" content=\"O Instytucie - Instytut Polski w Petersburgu\" \/>\n<meta property=\"og:description\" content=\"Celem Instytutu Polskiego w Petersburgu jest szerzenie dorobku polskiej kultury i nauki, poszerzanie wiedzy o kulturze polskiej w\u015br\u00f3d rosyjskiego spo\u0142ecze\u0144stwa, a tak\u017ce rozwijanie kontakt\u00f3w, wymiana do\u015bwiadcze\u0144 i prowadzenie dialogu mi\u0119dzy polskimi i rosyjskimi przedstawicielami nauki, literatury, sztuki, kina, teatru i muzyki.\" \/>\n<meta property=\"og:url\" content=\"https:\/\/instytutpolski.pl\/petersburg\/pl\/o-instytucie\/\" \/>\n<meta property=\"og:site_name\" content=\"Instytut Polski w Petersburgu\" \/>\n<meta property=\"article:modified_time\" content=\"2021-12-15T09:23:16+00:00\" \/>\n<meta property=\"og:image\" content=\"https:\/\/www.msz.gov.pl\/resource\/b09f7567-ce37-43ed-8563-0874c1eecfae:JCR\" \/>\n<meta name=\"twitter:card\" content=\"summary_large_image\" \/>\n<meta name=\"twitter:label1\" content=\"Szacowany czas czytania\" \/>\n\t<meta name=\"twitter:data1\" content=\"1 minuta\" \/>\n<script type=\"application\/ld+json\" class=\"yoast-schema-graph\">{\"@context\":\"https:\/\/schema.org\",\"@graph\":[{\"@type\":\"WebPage\",\"@id\":\"https:\/\/instytutpolski.pl\/petersburg\/pl\/o-instytucie\/\",\"url\":\"https:\/\/instytutpolski.pl\/petersburg\/pl\/o-instytucie\/\",\"name\":\"O Instytucie - Instytut Polski w Petersburgu\",\"isPartOf\":{\"@id\":\"https:\/\/instytutpolski.pl\/petersburg\/#website\"},\"primaryImageOfPage\":{\"@id\":\"https:\/\/instytutpolski.pl\/petersburg\/pl\/o-instytucie\/#primaryimage\"},\"image\":{\"@id\":\"https:\/\/instytutpolski.pl\/petersburg\/pl\/o-instytucie\/#primaryimage\"},\"thumbnailUrl\":\"https:\/\/www.msz.gov.pl\/resource\/b09f7567-ce37-43ed-8563-0874c1eecfae:JCR\",\"datePublished\":\"2019-06-06T12:07:18+00:00\",\"dateModified\":\"2021-12-15T09:23:16+00:00\",\"breadcrumb\":{\"@id\":\"https:\/\/instytutpolski.pl\/petersburg\/pl\/o-instytucie\/#breadcrumb\"},\"inLanguage\":\"pl-PL\",\"potentialAction\":[{\"@type\":\"ReadAction\",\"target\":[\"https:\/\/instytutpolski.pl\/petersburg\/pl\/o-instytucie\/\"]}]},{\"@type\":\"ImageObject\",\"inLanguage\":\"pl-PL\",\"@id\":\"https:\/\/instytutpolski.pl\/petersburg\/pl\/o-instytucie\/#primaryimage\",\"url\":\"https:\/\/www.msz.gov.pl\/resource\/b09f7567-ce37-43ed-8563-0874c1eecfae:JCR\",\"contentUrl\":\"https:\/\/www.msz.gov.pl\/resource\/b09f7567-ce37-43ed-8563-0874c1eecfae:JCR\"},{\"@type\":\"BreadcrumbList\",\"@id\":\"https:\/\/instytutpolski.pl\/petersburg\/pl\/o-instytucie\/#breadcrumb\",\"itemListElement\":[{\"@type\":\"ListItem\",\"position\":1,\"name\":\"Home\",\"item\":\"https:\/\/instytutpolski.pl\/petersburg\/\"},{\"@type\":\"ListItem\",\"position\":2,\"name\":\"O Instytucie\"}]},{\"@type\":\"WebSite\",\"@id\":\"https:\/\/instytutpolski.pl\/petersburg\/#website\",\"url\":\"https:\/\/instytutpolski.pl\/petersburg\/\",\"name\":\"Instytut Polski w Petersburgu\",\"description\":\"Instytuty Polskie\",\"potentialAction\":[{\"@type\":\"SearchAction\",\"target\":{\"@type\":\"EntryPoint\",\"urlTemplate\":\"https:\/\/instytutpolski.pl\/petersburg\/?s={search_term_string}\"},\"query-input\":{\"@type\":\"PropertyValueSpecification\",\"valueRequired\":true,\"valueName\":\"search_term_string\"}}],\"inLanguage\":\"pl-PL\"}]}<\/script>\n<!-- \/ Yoast SEO plugin. -->","yoast_head_json":{"title":"O Instytucie - Instytut Polski w Petersburgu","robots":{"index":"noindex","follow":"follow","max-snippet":"max-snippet:-1","max-image-preview":"max-image-preview:large","max-video-preview":"max-video-preview:-1"},"og_locale":"pl_PL","og_type":"article","og_title":"O Instytucie - Instytut Polski w Petersburgu","og_description":"Celem Instytutu Polskiego w Petersburgu jest szerzenie dorobku polskiej kultury i nauki, poszerzanie wiedzy o kulturze polskiej w\u015br\u00f3d rosyjskiego spo\u0142ecze\u0144stwa, a tak\u017ce rozwijanie kontakt\u00f3w, wymiana do\u015bwiadcze\u0144 i prowadzenie dialogu mi\u0119dzy polskimi i rosyjskimi przedstawicielami nauki, literatury, sztuki, kina, teatru i muzyki.","og_url":"https:\/\/instytutpolski.pl\/petersburg\/pl\/o-instytucie\/","og_site_name":"Instytut Polski w Petersburgu","article_modified_time":"2021-12-15T09:23:16+00:00","og_image":[{"url":"https:\/\/www.msz.gov.pl\/resource\/b09f7567-ce37-43ed-8563-0874c1eecfae:JCR","type":"","width":"","height":""}],"twitter_card":"summary_large_image","twitter_misc":{"Szacowany czas czytania":"1 minuta"},"schema":{"@context":"https:\/\/schema.org","@graph":[{"@type":"WebPage","@id":"https:\/\/instytutpolski.pl\/petersburg\/pl\/o-instytucie\/","url":"https:\/\/instytutpolski.pl\/petersburg\/pl\/o-instytucie\/","name":"O Instytucie - Instytut Polski w Petersburgu","isPartOf":{"@id":"https:\/\/instytutpolski.pl\/petersburg\/#website"},"primaryImageOfPage":{"@id":"https:\/\/instytutpolski.pl\/petersburg\/pl\/o-instytucie\/#primaryimage"},"image":{"@id":"https:\/\/instytutpolski.pl\/petersburg\/pl\/o-instytucie\/#primaryimage"},"thumbnailUrl":"https:\/\/www.msz.gov.pl\/resource\/b09f7567-ce37-43ed-8563-0874c1eecfae:JCR","datePublished":"2019-06-06T12:07:18+00:00","dateModified":"2021-12-15T09:23:16+00:00","breadcrumb":{"@id":"https:\/\/instytutpolski.pl\/petersburg\/pl\/o-instytucie\/#breadcrumb"},"inLanguage":"pl-PL","potentialAction":[{"@type":"ReadAction","target":["https:\/\/instytutpolski.pl\/petersburg\/pl\/o-instytucie\/"]}]},{"@type":"ImageObject","inLanguage":"pl-PL","@id":"https:\/\/instytutpolski.pl\/petersburg\/pl\/o-instytucie\/#primaryimage","url":"https:\/\/www.msz.gov.pl\/resource\/b09f7567-ce37-43ed-8563-0874c1eecfae:JCR","contentUrl":"https:\/\/www.msz.gov.pl\/resource\/b09f7567-ce37-43ed-8563-0874c1eecfae:JCR"},{"@type":"BreadcrumbList","@id":"https:\/\/instytutpolski.pl\/petersburg\/pl\/o-instytucie\/#breadcrumb","itemListElement":[{"@type":"ListItem","position":1,"name":"Home","item":"https:\/\/instytutpolski.pl\/petersburg\/"},{"@type":"ListItem","position":2,"name":"O Instytucie"}]},{"@type":"WebSite","@id":"https:\/\/instytutpolski.pl\/petersburg\/#website","url":"https:\/\/instytutpolski.pl\/petersburg\/","name":"Instytut Polski w Petersburgu","description":"Instytuty Polskie","potentialAction":[{"@type":"SearchAction","target":{"@type":"EntryPoint","urlTemplate":"https:\/\/instytutpolski.pl\/petersburg\/?s={search_term_string}"},"query-input":{"@type":"PropertyValueSpecification","valueRequired":true,"valueName":"search_term_string"}}],"inLanguage":"pl-PL"}]}},"_links":{"self":[{"href":"https:\/\/instytutpolski.pl\/petersburg\/wp-json\/wp\/v2\/pages\/225","targetHints":{"allow":["GET"]}}],"collection":[{"href":"https:\/\/instytutpolski.pl\/petersburg\/wp-json\/wp\/v2\/pages"}],"about":[{"href":"https:\/\/instytutpolski.pl\/petersburg\/wp-json\/wp\/v2\/types\/page"}],"author":[{"embeddable":true,"href":"https:\/\/instytutpolski.pl\/petersburg\/wp-json\/wp\/v2\/users\/8"}],"replies":[{"embeddable":true,"href":"https:\/\/instytutpolski.pl\/petersburg\/wp-json\/wp\/v2\/comments?post=225"}],"version-history":[{"count":2,"href":"https:\/\/instytutpolski.pl\/petersburg\/wp-json\/wp\/v2\/pages\/225\/revisions"}],"predecessor-version":[{"id":4619,"href":"https:\/\/instytutpolski.pl\/petersburg\/wp-json\/wp\/v2\/pages\/225\/revisions\/4619"}],"wp:attachment":[{"href":"https:\/\/instytutpolski.pl\/petersburg\/wp-json\/wp\/v2\/media?parent=225"}],"curies":[{"name":"wp","href":"https:\/\/api.w.org\/{rel}","templated":true}]}}