{"id":3524,"date":"2020-11-17T09:35:30","date_gmt":"2020-11-17T08:35:30","guid":{"rendered":"https:\/\/instytutpolski.pl\/petersburg\/?page_id=3524"},"modified":"2021-07-28T10:28:34","modified_gmt":"2021-07-28T08:28:34","slug":"kursy-jezyka-i-kultury-w-polsce","status":"publish","type":"page","link":"https:\/\/instytutpolski.pl\/petersburg\/pl\/jezyk-polski\/kursy-jezyka-i-kultury-w-polsce\/","title":{"rendered":"Kursy j\u0119zyka i kultury w Polsce"},"content":{"rendered":"\n<p>Polskie wy\u017csze uczelnie dysponuj\u0105 bogat\u0105 ofert\u0119 kurs\u00f3w j\u0119zyka polskiego i kultury w Polsce. Ka\u017cdy, bez wzgl\u0119du na wiek i zainteresowania, mo\u017ce znale\u017a\u0107 dla siebie odpowiedni program na wszystkich poziomach zaawansowania.<\/p>\n\n\n\n<p><a href=\"https:\/\/nawa.gov.pl\/jezyk-polski\/letnie-kursy-jezyka-i-kultury-polskiej\">https:\/\/nawa.gov.pl\/jezyk-polski\/letnie-kursy-jezyka-i-kultury-polskiej<\/a><\/p>\n\n\n\n<p><strong>Uniwersytet \u015al\u0105ski w Katowicach<\/strong><\/p>\n\n\n\n<p><a href=\"http:\/\/www.sjikp.us.edu.pl\/pl\/kursy-jezyka-polskiego\/\">http:\/\/www.sjikp.us.edu.pl\/pl\/kursy-jezyka-polskiego\/<\/a><\/p>\n\n\n\n<p><strong>Uniwersytet Warszawski<\/strong><\/p>\n\n\n\n<p><a href=\"http:\/\/polonicum.uw.edu.pl\/kursy-jezyka-polskiego\">http:\/\/polonicum.uw.edu.pl\/kursy-jezyka-polskiego<\/a><\/p>\n\n\n\n<p><strong>Uniwersytet Jagiello\u0144ski w Krakowie<\/strong><\/p>\n\n\n\n<p><a href=\"https:\/\/www.uj.edu.pl\/studiuj-na-uj\/szkola-jezyka-i-kultury-polskiej\">https:\/\/www.uj.edu.pl\/studiuj-na-uj\/szkola-jezyka-i-kultury-polskiej<\/a><\/p>\n\n\n\n<p><a href=\"https:\/\/plschool.uj.edu.pl\/\">https:\/\/plschool.uj.edu.pl\/<\/a><\/p>\n\n\n\n<p><strong>Uniwersytet Marii Curie \u2013 Sk\u0142odowskiej w Lublinie<\/strong><\/p>\n\n\n\n<p><a href=\"https:\/\/www.umcs.pl\/pl\/centrum-jezyka-i-kultury-polskiej-dla-polonii-i-cudzoziemcow,1026.htm\">https:\/\/www.umcs.pl\/pl\/centrum-jezyka-i-kultury-polskiej-dla-polonii-i-cudzoziemcow,1026.htm<\/a><\/p>\n\n\n\n<p><strong>Uniwersytet Miko\u0142aja Kopernika w Toruniu<\/strong><\/p>\n\n\n\n<p><a href=\"https:\/\/www.umk.pl\/uczelnia\/dydaktyczne\/skjpo\/\">https:\/\/www.umk.pl\/uczelnia\/dydaktyczne\/skjpo\/<\/a><\/p>\n\n\n\n<p><strong>Katolicki Uniwersytet Lubelski Jana Paw\u0142a II w Lublinie<\/strong><\/p>\n\n\n\n<p><a href=\"https:\/\/www.kul.pl\/szkola-jezyka-i-kultury-polskiej,art_9038.html\">https:\/\/www.kul.pl\/szkola-jezyka-i-kultury-polskiej,art_9038.html<\/a><\/p>\n\n\n\n<p><strong>Uniwersytet Wroc\u0142awski<\/strong><\/p>\n\n\n\n<p><a href=\"http:\/\/sjpik.uni.wroc.pl\/pl\">http:\/\/sjpik.uni.wroc.pl\/pl<\/a><\/p>\n\n\n\n<p><strong>Uniwersytet im. Adama Mickiewicza w Poznaniu<\/strong><\/p>\n\n\n\n<p><a href=\"http:\/\/schoolpl.amu.edu.pl\/go.php\/pl.html\">http:\/\/schoolpl.amu.edu.pl\/go.php\/pl.html<\/a><\/p>\n\n\n\n<p><strong>Uniwersytet Gda\u0144ski<\/strong><\/p>\n\n\n\n<p><a href=\"https:\/\/polskidlacudzoziemcow.ug.edu.pl\/\">https:\/\/polskidlacudzoziemcow.ug.edu.pl\/<\/a><\/p>\n\n\n\n<p><strong>Uniwersytet \u0141\u00f3dzki<\/strong><\/p>\n\n\n\n<p><a href=\"http:\/\/sjpdc.uni.lodz.pl\/?q=node\/18\">http:\/\/sjpdc.uni.lodz.pl\/?q=node\/18<\/a><\/p>\n","protected":false},"excerpt":{"rendered":"<p>Polskie wy\u017csze uczelnie dysponuj\u0105 bogat\u0105 ofert\u0119 kurs\u00f3w j\u0119zyka polskiego i kultury w Polsce. Ka\u017cdy, bez wzgl\u0119du na wiek i zainteresowania, mo\u017ce znale\u017a\u0107 dla siebie odpowiedni program na wszystkich poziomach zaawansowania. https:\/\/nawa.gov.pl\/jezyk-polski\/letnie-kursy-jezyka-i-kultury-polskiej Uniwersytet \u015al\u0105ski w Katowicach http:\/\/www.sjikp.us.edu.pl\/pl\/kursy-jezyka-polskiego\/ Uniwersytet Warszawski http:\/\/polonicum.uw.edu.pl\/kursy-jezyka-polskiego Uniwersytet Jagiello\u0144ski w Krakowie https:\/\/www.uj.edu.pl\/studiuj-na-uj\/szkola-jezyka-i-kultury-polskiej https:\/\/plschool.uj.edu.pl\/ Uniwersytet Marii Curie \u2013 Sk\u0142odowskiej w Lublinie https:\/\/www.umcs.pl\/pl\/centrum-jezyka-i-kultury-polskiej-dla-polonii-i-cudzoziemcow,1026.htm Uniwersytet Miko\u0142aja [&hellip;]<\/p>\n","protected":false},"author":138,"featured_media":3533,"parent":441,"menu_order":0,"comment_status":"closed","ping_status":"closed","template":"","meta":{"inline_featured_image":false,"_monsterinsights_skip_tracking":false,"_monsterinsights_sitenote_active":false,"_monsterinsights_sitenote_note":"","_monsterinsights_sitenote_category":0,"footnotes":""},"class_list":["post-3524","page","type-page","status-publish","has-post-thumbnail","hentry"],"yoast_head":"<!-- This site is optimized with the Yoast SEO plugin v24.6 - https:\/\/yoast.com\/wordpress\/plugins\/seo\/ -->\n<title>Kursy j\u0119zyka i kultury w Polsce - Instytut Polski w Petersburgu<\/title>\n<meta name=\"robots\" content=\"noindex, follow, max-snippet:-1, max-image-preview:large, max-video-preview:-1\" \/>\n<meta property=\"og:locale\" content=\"pl_PL\" \/>\n<meta property=\"og:type\" content=\"article\" \/>\n<meta property=\"og:title\" content=\"Kursy j\u0119zyka i kultury w Polsce - Instytut Polski w Petersburgu\" \/>\n<meta property=\"og:description\" content=\"Polskie wy\u017csze uczelnie dysponuj\u0105 bogat\u0105 ofert\u0119 kurs\u00f3w j\u0119zyka polskiego i kultury w Polsce. Ka\u017cdy, bez wzgl\u0119du na wiek i zainteresowania, mo\u017ce znale\u017a\u0107 dla siebie odpowiedni program na wszystkich poziomach zaawansowania. https:\/\/nawa.gov.pl\/jezyk-polski\/letnie-kursy-jezyka-i-kultury-polskiej Uniwersytet \u015al\u0105ski w Katowicach http:\/\/www.sjikp.us.edu.pl\/pl\/kursy-jezyka-polskiego\/ Uniwersytet Warszawski http:\/\/polonicum.uw.edu.pl\/kursy-jezyka-polskiego Uniwersytet Jagiello\u0144ski w Krakowie https:\/\/www.uj.edu.pl\/studiuj-na-uj\/szkola-jezyka-i-kultury-polskiej https:\/\/plschool.uj.edu.pl\/ Uniwersytet Marii Curie \u2013 Sk\u0142odowskiej w Lublinie https:\/\/www.umcs.pl\/pl\/centrum-jezyka-i-kultury-polskiej-dla-polonii-i-cudzoziemcow,1026.htm Uniwersytet Miko\u0142aja [&hellip;]\" \/>\n<meta property=\"og:url\" content=\"https:\/\/instytutpolski.pl\/petersburg\/pl\/jezyk-polski\/kursy-jezyka-i-kultury-w-polsce\/\" \/>\n<meta property=\"og:site_name\" content=\"Instytut Polski w Petersburgu\" \/>\n<meta property=\"article:modified_time\" content=\"2021-07-28T08:28:34+00:00\" \/>\n<meta property=\"og:image\" content=\"https:\/\/instytutpolski.pl\/petersburg\/wp-content\/uploads\/sites\/9\/2020\/11\/Cieszewski.jpg\" \/>\n\t<meta property=\"og:image:width\" content=\"2048\" \/>\n\t<meta property=\"og:image:height\" content=\"1366\" \/>\n\t<meta property=\"og:image:type\" content=\"image\/jpeg\" \/>\n<meta name=\"twitter:card\" content=\"summary_large_image\" \/>\n<meta name=\"twitter:label1\" content=\"Szacowany czas czytania\" \/>\n\t<meta name=\"twitter:data1\" content=\"1 minuta\" \/>\n<script type=\"application\/ld+json\" class=\"yoast-schema-graph\">{\"@context\":\"https:\/\/schema.org\",\"@graph\":[{\"@type\":\"WebPage\",\"@id\":\"https:\/\/instytutpolski.pl\/petersburg\/pl\/jezyk-polski\/kursy-jezyka-i-kultury-w-polsce\/\",\"url\":\"https:\/\/instytutpolski.pl\/petersburg\/pl\/jezyk-polski\/kursy-jezyka-i-kultury-w-polsce\/\",\"name\":\"Kursy j\u0119zyka i kultury w Polsce - Instytut Polski w Petersburgu\",\"isPartOf\":{\"@id\":\"https:\/\/instytutpolski.pl\/petersburg\/#website\"},\"primaryImageOfPage\":{\"@id\":\"https:\/\/instytutpolski.pl\/petersburg\/pl\/jezyk-polski\/kursy-jezyka-i-kultury-w-polsce\/#primaryimage\"},\"image\":{\"@id\":\"https:\/\/instytutpolski.pl\/petersburg\/pl\/jezyk-polski\/kursy-jezyka-i-kultury-w-polsce\/#primaryimage\"},\"thumbnailUrl\":\"https:\/\/instytutpolski.pl\/petersburg\/wp-content\/uploads\/sites\/9\/2020\/11\/Cieszewski.jpg\",\"datePublished\":\"2020-11-17T08:35:30+00:00\",\"dateModified\":\"2021-07-28T08:28:34+00:00\",\"breadcrumb\":{\"@id\":\"https:\/\/instytutpolski.pl\/petersburg\/pl\/jezyk-polski\/kursy-jezyka-i-kultury-w-polsce\/#breadcrumb\"},\"inLanguage\":\"pl-PL\",\"potentialAction\":[{\"@type\":\"ReadAction\",\"target\":[\"https:\/\/instytutpolski.pl\/petersburg\/pl\/jezyk-polski\/kursy-jezyka-i-kultury-w-polsce\/\"]}]},{\"@type\":\"ImageObject\",\"inLanguage\":\"pl-PL\",\"@id\":\"https:\/\/instytutpolski.pl\/petersburg\/pl\/jezyk-polski\/kursy-jezyka-i-kultury-w-polsce\/#primaryimage\",\"url\":\"https:\/\/instytutpolski.pl\/petersburg\/wp-content\/uploads\/sites\/9\/2020\/11\/Cieszewski.jpg\",\"contentUrl\":\"https:\/\/instytutpolski.pl\/petersburg\/wp-content\/uploads\/sites\/9\/2020\/11\/Cieszewski.jpg\",\"width\":2048,\"height\":1366},{\"@type\":\"BreadcrumbList\",\"@id\":\"https:\/\/instytutpolski.pl\/petersburg\/pl\/jezyk-polski\/kursy-jezyka-i-kultury-w-polsce\/#breadcrumb\",\"itemListElement\":[{\"@type\":\"ListItem\",\"position\":1,\"name\":\"Home\",\"item\":\"https:\/\/instytutpolski.pl\/petersburg\/\"},{\"@type\":\"ListItem\",\"position\":2,\"name\":\"J\u0119zyk polski\",\"item\":\"https:\/\/instytutpolski.pl\/petersburg\/pl\/jezyk-polski\/\"},{\"@type\":\"ListItem\",\"position\":3,\"name\":\"Kursy j\u0119zyka i kultury w Polsce\"}]},{\"@type\":\"WebSite\",\"@id\":\"https:\/\/instytutpolski.pl\/petersburg\/#website\",\"url\":\"https:\/\/instytutpolski.pl\/petersburg\/\",\"name\":\"Instytut Polski w Petersburgu\",\"description\":\"Instytuty Polskie\",\"potentialAction\":[{\"@type\":\"SearchAction\",\"target\":{\"@type\":\"EntryPoint\",\"urlTemplate\":\"https:\/\/instytutpolski.pl\/petersburg\/?s={search_term_string}\"},\"query-input\":{\"@type\":\"PropertyValueSpecification\",\"valueRequired\":true,\"valueName\":\"search_term_string\"}}],\"inLanguage\":\"pl-PL\"}]}<\/script>\n<!-- \/ Yoast SEO plugin. -->","yoast_head_json":{"title":"Kursy j\u0119zyka i kultury w Polsce - Instytut Polski w Petersburgu","robots":{"index":"noindex","follow":"follow","max-snippet":"max-snippet:-1","max-image-preview":"max-image-preview:large","max-video-preview":"max-video-preview:-1"},"og_locale":"pl_PL","og_type":"article","og_title":"Kursy j\u0119zyka i kultury w Polsce - Instytut Polski w Petersburgu","og_description":"Polskie wy\u017csze uczelnie dysponuj\u0105 bogat\u0105 ofert\u0119 kurs\u00f3w j\u0119zyka polskiego i kultury w Polsce. Ka\u017cdy, bez wzgl\u0119du na wiek i zainteresowania, mo\u017ce znale\u017a\u0107 dla siebie odpowiedni program na wszystkich poziomach zaawansowania. https:\/\/nawa.gov.pl\/jezyk-polski\/letnie-kursy-jezyka-i-kultury-polskiej Uniwersytet \u015al\u0105ski w Katowicach http:\/\/www.sjikp.us.edu.pl\/pl\/kursy-jezyka-polskiego\/ Uniwersytet Warszawski http:\/\/polonicum.uw.edu.pl\/kursy-jezyka-polskiego Uniwersytet Jagiello\u0144ski w Krakowie https:\/\/www.uj.edu.pl\/studiuj-na-uj\/szkola-jezyka-i-kultury-polskiej https:\/\/plschool.uj.edu.pl\/ Uniwersytet Marii Curie \u2013 Sk\u0142odowskiej w Lublinie https:\/\/www.umcs.pl\/pl\/centrum-jezyka-i-kultury-polskiej-dla-polonii-i-cudzoziemcow,1026.htm Uniwersytet Miko\u0142aja [&hellip;]","og_url":"https:\/\/instytutpolski.pl\/petersburg\/pl\/jezyk-polski\/kursy-jezyka-i-kultury-w-polsce\/","og_site_name":"Instytut Polski w Petersburgu","article_modified_time":"2021-07-28T08:28:34+00:00","og_image":[{"width":2048,"height":1366,"url":"https:\/\/instytutpolski.pl\/petersburg\/wp-content\/uploads\/sites\/9\/2020\/11\/Cieszewski.jpg","type":"image\/jpeg"}],"twitter_card":"summary_large_image","twitter_misc":{"Szacowany czas czytania":"1 minuta"},"schema":{"@context":"https:\/\/schema.org","@graph":[{"@type":"WebPage","@id":"https:\/\/instytutpolski.pl\/petersburg\/pl\/jezyk-polski\/kursy-jezyka-i-kultury-w-polsce\/","url":"https:\/\/instytutpolski.pl\/petersburg\/pl\/jezyk-polski\/kursy-jezyka-i-kultury-w-polsce\/","name":"Kursy j\u0119zyka i kultury w Polsce - Instytut Polski w Petersburgu","isPartOf":{"@id":"https:\/\/instytutpolski.pl\/petersburg\/#website"},"primaryImageOfPage":{"@id":"https:\/\/instytutpolski.pl\/petersburg\/pl\/jezyk-polski\/kursy-jezyka-i-kultury-w-polsce\/#primaryimage"},"image":{"@id":"https:\/\/instytutpolski.pl\/petersburg\/pl\/jezyk-polski\/kursy-jezyka-i-kultury-w-polsce\/#primaryimage"},"thumbnailUrl":"https:\/\/instytutpolski.pl\/petersburg\/wp-content\/uploads\/sites\/9\/2020\/11\/Cieszewski.jpg","datePublished":"2020-11-17T08:35:30+00:00","dateModified":"2021-07-28T08:28:34+00:00","breadcrumb":{"@id":"https:\/\/instytutpolski.pl\/petersburg\/pl\/jezyk-polski\/kursy-jezyka-i-kultury-w-polsce\/#breadcrumb"},"inLanguage":"pl-PL","potentialAction":[{"@type":"ReadAction","target":["https:\/\/instytutpolski.pl\/petersburg\/pl\/jezyk-polski\/kursy-jezyka-i-kultury-w-polsce\/"]}]},{"@type":"ImageObject","inLanguage":"pl-PL","@id":"https:\/\/instytutpolski.pl\/petersburg\/pl\/jezyk-polski\/kursy-jezyka-i-kultury-w-polsce\/#primaryimage","url":"https:\/\/instytutpolski.pl\/petersburg\/wp-content\/uploads\/sites\/9\/2020\/11\/Cieszewski.jpg","contentUrl":"https:\/\/instytutpolski.pl\/petersburg\/wp-content\/uploads\/sites\/9\/2020\/11\/Cieszewski.jpg","width":2048,"height":1366},{"@type":"BreadcrumbList","@id":"https:\/\/instytutpolski.pl\/petersburg\/pl\/jezyk-polski\/kursy-jezyka-i-kultury-w-polsce\/#breadcrumb","itemListElement":[{"@type":"ListItem","position":1,"name":"Home","item":"https:\/\/instytutpolski.pl\/petersburg\/"},{"@type":"ListItem","position":2,"name":"J\u0119zyk polski","item":"https:\/\/instytutpolski.pl\/petersburg\/pl\/jezyk-polski\/"},{"@type":"ListItem","position":3,"name":"Kursy j\u0119zyka i kultury w Polsce"}]},{"@type":"WebSite","@id":"https:\/\/instytutpolski.pl\/petersburg\/#website","url":"https:\/\/instytutpolski.pl\/petersburg\/","name":"Instytut Polski w Petersburgu","description":"Instytuty Polskie","potentialAction":[{"@type":"SearchAction","target":{"@type":"EntryPoint","urlTemplate":"https:\/\/instytutpolski.pl\/petersburg\/?s={search_term_string}"},"query-input":{"@type":"PropertyValueSpecification","valueRequired":true,"valueName":"search_term_string"}}],"inLanguage":"pl-PL"}]}},"_links":{"self":[{"href":"https:\/\/instytutpolski.pl\/petersburg\/wp-json\/wp\/v2\/pages\/3524","targetHints":{"allow":["GET"]}}],"collection":[{"href":"https:\/\/instytutpolski.pl\/petersburg\/wp-json\/wp\/v2\/pages"}],"about":[{"href":"https:\/\/instytutpolski.pl\/petersburg\/wp-json\/wp\/v2\/types\/page"}],"author":[{"embeddable":true,"href":"https:\/\/instytutpolski.pl\/petersburg\/wp-json\/wp\/v2\/users\/138"}],"replies":[{"embeddable":true,"href":"https:\/\/instytutpolski.pl\/petersburg\/wp-json\/wp\/v2\/comments?post=3524"}],"version-history":[{"count":7,"href":"https:\/\/instytutpolski.pl\/petersburg\/wp-json\/wp\/v2\/pages\/3524\/revisions"}],"predecessor-version":[{"id":4263,"href":"https:\/\/instytutpolski.pl\/petersburg\/wp-json\/wp\/v2\/pages\/3524\/revisions\/4263"}],"up":[{"embeddable":true,"href":"https:\/\/instytutpolski.pl\/petersburg\/wp-json\/wp\/v2\/pages\/441"}],"wp:featuredmedia":[{"embeddable":true,"href":"https:\/\/instytutpolski.pl\/petersburg\/wp-json\/wp\/v2\/media\/3533"}],"wp:attachment":[{"href":"https:\/\/instytutpolski.pl\/petersburg\/wp-json\/wp\/v2\/media?parent=3524"}],"curies":[{"name":"wp","href":"https:\/\/api.w.org\/{rel}","templated":true}]}}