{"id":421,"date":"2019-06-26T11:10:24","date_gmt":"2019-06-26T09:10:24","guid":{"rendered":"https:\/\/instytutpolski.pl\/petersburg\/?page_id=421"},"modified":"2020-07-30T14:25:05","modified_gmt":"2020-07-30T12:25:05","slug":"zasady-uznawalnosci-wyksztalcenia","status":"publish","type":"page","link":"https:\/\/instytutpolski.pl\/petersburg\/pl\/poznaj-polske\/nauka-w-polsce\/zasady-uznawalnosci-wyksztalcenia\/","title":{"rendered":"Zasady uznawalno\u015bci wykszta\u0142cenia"},"content":{"rendered":"\n<p>\u015awiadectwa i dokumenty, potwierdzaj\u0105ce uzyskane wykszta\u0142cenie w zagranicznych systemach<\/p>\n\n\n\n<p>o\u015bwiaty (na poziomie podstawowym i \u015brednim) mog\u0105 by\u0107 w Polsce uznawane z mocy prawa<\/p>\n\n\n\n<p>lub przez kuratora o\u015bwiaty w wyniku post\u0119powania administracyjnego.<\/p>\n\n\n\n<p><a href=\"https:\/\/prk.men.gov.pl\/ru\/3ru\/\">https:\/\/prk.men.gov.pl\/ru\/3ru\/<\/a><\/p>\n\n\n\n<p>Zagraniczne dyplomy uko\u0144czenia studi\u00f3w wy\u017cszych i stopni naukowych uznawane s\u0105 na podstawie<\/p>\n\n\n\n<p>um\u00f3w mi\u0119dzynarodowych lub w drodze nostryfikacji.<\/p>\n\n\n\n<p>Narodowa Agencja Wymiany Akademickiej poprzez baz\u0119 danych KWALIFIKATOR umo\u017cliwia<\/p>\n\n\n\n<p>sprawdzenie online, jak zagraniczny dyplom lub stopie\u0144 naukowy jest uznawany w Polsce.<\/p>\n\n\n\n<p>Narz\u0119dzie dost\u0119pne jest w j\u0119zyku polskim i angielskim.<\/p>\n\n\n\n<p><a href=\"https:\/\/nawa.gov.pl\/uznawalnosc\/system-kwalifikator\">https:\/\/nawa.gov.pl\/uznawalnosc\/system-kwalifikator<\/a><\/p>\n","protected":false},"excerpt":{"rendered":"<p>\u015awiadectwa i dokumenty, potwierdzaj\u0105ce uzyskane wykszta\u0142cenie w zagranicznych systemach o\u015bwiaty (na poziomie podstawowym i \u015brednim) mog\u0105 by\u0107 w Polsce uznawane z mocy prawa lub przez kuratora o\u015bwiaty w wyniku post\u0119powania administracyjnego. https:\/\/prk.men.gov.pl\/ru\/3ru\/ Zagraniczne dyplomy uko\u0144czenia studi\u00f3w wy\u017cszych i stopni naukowych uznawane s\u0105 na podstawie um\u00f3w mi\u0119dzynarodowych lub w drodze nostryfikacji. Narodowa Agencja Wymiany Akademickiej poprzez [&hellip;]<\/p>\n","protected":false},"author":1,"featured_media":0,"parent":411,"menu_order":0,"comment_status":"closed","ping_status":"closed","template":"","meta":{"inline_featured_image":false,"_monsterinsights_skip_tracking":false,"_monsterinsights_sitenote_active":false,"_monsterinsights_sitenote_note":"","_monsterinsights_sitenote_category":0,"footnotes":""},"class_list":["post-421","page","type-page","status-publish","hentry"],"yoast_head":"<!-- This site is optimized with the Yoast SEO plugin v24.6 - https:\/\/yoast.com\/wordpress\/plugins\/seo\/ -->\n<title>Zasady uznawalno\u015bci wykszta\u0142cenia - Instytut Polski w Petersburgu<\/title>\n<meta name=\"robots\" content=\"noindex, follow, max-snippet:-1, max-image-preview:large, max-video-preview:-1\" \/>\n<meta property=\"og:locale\" content=\"pl_PL\" \/>\n<meta property=\"og:type\" content=\"article\" \/>\n<meta property=\"og:title\" content=\"Zasady uznawalno\u015bci wykszta\u0142cenia - Instytut Polski w Petersburgu\" \/>\n<meta property=\"og:description\" content=\"\u015awiadectwa i dokumenty, potwierdzaj\u0105ce uzyskane wykszta\u0142cenie w zagranicznych systemach o\u015bwiaty (na poziomie podstawowym i \u015brednim) mog\u0105 by\u0107 w Polsce uznawane z mocy prawa lub przez kuratora o\u015bwiaty w wyniku post\u0119powania administracyjnego. https:\/\/prk.men.gov.pl\/ru\/3ru\/ Zagraniczne dyplomy uko\u0144czenia studi\u00f3w wy\u017cszych i stopni naukowych uznawane s\u0105 na podstawie um\u00f3w mi\u0119dzynarodowych lub w drodze nostryfikacji. Narodowa Agencja Wymiany Akademickiej poprzez [&hellip;]\" \/>\n<meta property=\"og:url\" content=\"https:\/\/instytutpolski.pl\/petersburg\/pl\/poznaj-polske\/nauka-w-polsce\/zasady-uznawalnosci-wyksztalcenia\/\" \/>\n<meta property=\"og:site_name\" content=\"Instytut Polski w Petersburgu\" \/>\n<meta property=\"article:modified_time\" content=\"2020-07-30T12:25:05+00:00\" \/>\n<meta name=\"twitter:card\" content=\"summary_large_image\" \/>\n<meta name=\"twitter:label1\" content=\"Szacowany czas czytania\" \/>\n\t<meta name=\"twitter:data1\" content=\"1 minuta\" \/>\n<script type=\"application\/ld+json\" class=\"yoast-schema-graph\">{\"@context\":\"https:\/\/schema.org\",\"@graph\":[{\"@type\":\"WebPage\",\"@id\":\"https:\/\/instytutpolski.pl\/petersburg\/pl\/poznaj-polske\/nauka-w-polsce\/zasady-uznawalnosci-wyksztalcenia\/\",\"url\":\"https:\/\/instytutpolski.pl\/petersburg\/pl\/poznaj-polske\/nauka-w-polsce\/zasady-uznawalnosci-wyksztalcenia\/\",\"name\":\"Zasady uznawalno\u015bci wykszta\u0142cenia - Instytut Polski w Petersburgu\",\"isPartOf\":{\"@id\":\"https:\/\/instytutpolski.pl\/petersburg\/#website\"},\"datePublished\":\"2019-06-26T09:10:24+00:00\",\"dateModified\":\"2020-07-30T12:25:05+00:00\",\"breadcrumb\":{\"@id\":\"https:\/\/instytutpolski.pl\/petersburg\/pl\/poznaj-polske\/nauka-w-polsce\/zasady-uznawalnosci-wyksztalcenia\/#breadcrumb\"},\"inLanguage\":\"pl-PL\",\"potentialAction\":[{\"@type\":\"ReadAction\",\"target\":[\"https:\/\/instytutpolski.pl\/petersburg\/pl\/poznaj-polske\/nauka-w-polsce\/zasady-uznawalnosci-wyksztalcenia\/\"]}]},{\"@type\":\"BreadcrumbList\",\"@id\":\"https:\/\/instytutpolski.pl\/petersburg\/pl\/poznaj-polske\/nauka-w-polsce\/zasady-uznawalnosci-wyksztalcenia\/#breadcrumb\",\"itemListElement\":[{\"@type\":\"ListItem\",\"position\":1,\"name\":\"Home\",\"item\":\"https:\/\/instytutpolski.pl\/petersburg\/\"},{\"@type\":\"ListItem\",\"position\":2,\"name\":\"Poznaj Polsk\u0119\",\"item\":\"https:\/\/instytutpolski.pl\/petersburg\/pl\/poznaj-polske\/\"},{\"@type\":\"ListItem\",\"position\":3,\"name\":\"Nauka w Polsce\",\"item\":\"https:\/\/instytutpolski.pl\/petersburg\/pl\/poznaj-polske\/nauka-w-polsce\/\"},{\"@type\":\"ListItem\",\"position\":4,\"name\":\"Zasady uznawalno\u015bci wykszta\u0142cenia\"}]},{\"@type\":\"WebSite\",\"@id\":\"https:\/\/instytutpolski.pl\/petersburg\/#website\",\"url\":\"https:\/\/instytutpolski.pl\/petersburg\/\",\"name\":\"Instytut Polski w Petersburgu\",\"description\":\"Instytuty Polskie\",\"potentialAction\":[{\"@type\":\"SearchAction\",\"target\":{\"@type\":\"EntryPoint\",\"urlTemplate\":\"https:\/\/instytutpolski.pl\/petersburg\/?s={search_term_string}\"},\"query-input\":{\"@type\":\"PropertyValueSpecification\",\"valueRequired\":true,\"valueName\":\"search_term_string\"}}],\"inLanguage\":\"pl-PL\"}]}<\/script>\n<!-- \/ Yoast SEO plugin. -->","yoast_head_json":{"title":"Zasady uznawalno\u015bci wykszta\u0142cenia - Instytut Polski w Petersburgu","robots":{"index":"noindex","follow":"follow","max-snippet":"max-snippet:-1","max-image-preview":"max-image-preview:large","max-video-preview":"max-video-preview:-1"},"og_locale":"pl_PL","og_type":"article","og_title":"Zasady uznawalno\u015bci wykszta\u0142cenia - Instytut Polski w Petersburgu","og_description":"\u015awiadectwa i dokumenty, potwierdzaj\u0105ce uzyskane wykszta\u0142cenie w zagranicznych systemach o\u015bwiaty (na poziomie podstawowym i \u015brednim) mog\u0105 by\u0107 w Polsce uznawane z mocy prawa lub przez kuratora o\u015bwiaty w wyniku post\u0119powania administracyjnego. https:\/\/prk.men.gov.pl\/ru\/3ru\/ Zagraniczne dyplomy uko\u0144czenia studi\u00f3w wy\u017cszych i stopni naukowych uznawane s\u0105 na podstawie um\u00f3w mi\u0119dzynarodowych lub w drodze nostryfikacji. Narodowa Agencja Wymiany Akademickiej poprzez [&hellip;]","og_url":"https:\/\/instytutpolski.pl\/petersburg\/pl\/poznaj-polske\/nauka-w-polsce\/zasady-uznawalnosci-wyksztalcenia\/","og_site_name":"Instytut Polski w Petersburgu","article_modified_time":"2020-07-30T12:25:05+00:00","twitter_card":"summary_large_image","twitter_misc":{"Szacowany czas czytania":"1 minuta"},"schema":{"@context":"https:\/\/schema.org","@graph":[{"@type":"WebPage","@id":"https:\/\/instytutpolski.pl\/petersburg\/pl\/poznaj-polske\/nauka-w-polsce\/zasady-uznawalnosci-wyksztalcenia\/","url":"https:\/\/instytutpolski.pl\/petersburg\/pl\/poznaj-polske\/nauka-w-polsce\/zasady-uznawalnosci-wyksztalcenia\/","name":"Zasady uznawalno\u015bci wykszta\u0142cenia - Instytut Polski w Petersburgu","isPartOf":{"@id":"https:\/\/instytutpolski.pl\/petersburg\/#website"},"datePublished":"2019-06-26T09:10:24+00:00","dateModified":"2020-07-30T12:25:05+00:00","breadcrumb":{"@id":"https:\/\/instytutpolski.pl\/petersburg\/pl\/poznaj-polske\/nauka-w-polsce\/zasady-uznawalnosci-wyksztalcenia\/#breadcrumb"},"inLanguage":"pl-PL","potentialAction":[{"@type":"ReadAction","target":["https:\/\/instytutpolski.pl\/petersburg\/pl\/poznaj-polske\/nauka-w-polsce\/zasady-uznawalnosci-wyksztalcenia\/"]}]},{"@type":"BreadcrumbList","@id":"https:\/\/instytutpolski.pl\/petersburg\/pl\/poznaj-polske\/nauka-w-polsce\/zasady-uznawalnosci-wyksztalcenia\/#breadcrumb","itemListElement":[{"@type":"ListItem","position":1,"name":"Home","item":"https:\/\/instytutpolski.pl\/petersburg\/"},{"@type":"ListItem","position":2,"name":"Poznaj Polsk\u0119","item":"https:\/\/instytutpolski.pl\/petersburg\/pl\/poznaj-polske\/"},{"@type":"ListItem","position":3,"name":"Nauka w Polsce","item":"https:\/\/instytutpolski.pl\/petersburg\/pl\/poznaj-polske\/nauka-w-polsce\/"},{"@type":"ListItem","position":4,"name":"Zasady uznawalno\u015bci wykszta\u0142cenia"}]},{"@type":"WebSite","@id":"https:\/\/instytutpolski.pl\/petersburg\/#website","url":"https:\/\/instytutpolski.pl\/petersburg\/","name":"Instytut Polski w Petersburgu","description":"Instytuty Polskie","potentialAction":[{"@type":"SearchAction","target":{"@type":"EntryPoint","urlTemplate":"https:\/\/instytutpolski.pl\/petersburg\/?s={search_term_string}"},"query-input":{"@type":"PropertyValueSpecification","valueRequired":true,"valueName":"search_term_string"}}],"inLanguage":"pl-PL"}]}},"_links":{"self":[{"href":"https:\/\/instytutpolski.pl\/petersburg\/wp-json\/wp\/v2\/pages\/421","targetHints":{"allow":["GET"]}}],"collection":[{"href":"https:\/\/instytutpolski.pl\/petersburg\/wp-json\/wp\/v2\/pages"}],"about":[{"href":"https:\/\/instytutpolski.pl\/petersburg\/wp-json\/wp\/v2\/types\/page"}],"author":[{"embeddable":true,"href":"https:\/\/instytutpolski.pl\/petersburg\/wp-json\/wp\/v2\/users\/1"}],"replies":[{"embeddable":true,"href":"https:\/\/instytutpolski.pl\/petersburg\/wp-json\/wp\/v2\/comments?post=421"}],"version-history":[{"count":2,"href":"https:\/\/instytutpolski.pl\/petersburg\/wp-json\/wp\/v2\/pages\/421\/revisions"}],"predecessor-version":[{"id":3171,"href":"https:\/\/instytutpolski.pl\/petersburg\/wp-json\/wp\/v2\/pages\/421\/revisions\/3171"}],"up":[{"embeddable":true,"href":"https:\/\/instytutpolski.pl\/petersburg\/wp-json\/wp\/v2\/pages\/411"}],"wp:attachment":[{"href":"https:\/\/instytutpolski.pl\/petersburg\/wp-json\/wp\/v2\/media?parent=421"}],"curies":[{"name":"wp","href":"https:\/\/api.w.org\/{rel}","templated":true}]}}