{"id":425,"date":"2019-06-26T11:10:59","date_gmt":"2019-06-26T09:10:59","guid":{"rendered":"https:\/\/instytutpolski.pl\/petersburg\/?page_id=425"},"modified":"2020-07-30T14:26:50","modified_gmt":"2020-07-30T12:26:50","slug":"programy-badawcze","status":"publish","type":"page","link":"https:\/\/instytutpolski.pl\/petersburg\/pl\/poznaj-polske\/nauka-w-polsce\/programy-badawcze\/","title":{"rendered":"Programy badawcze"},"content":{"rendered":"\n<p>Programy dla naukowc\u00f3w<\/p>\n\n\n\n<p><strong>Polskie Powroty<\/strong><\/p>\n\n\n\n<p>Program umo\u017cliwia wyr\u00f3\u017cniaj\u0105cym si\u0119 polskim naukowcom, pracuj\u0105cym w zagranicznych instytucjach naukowych, powr\u00f3t do kraju i zatrudnienie w polskiej uczelni, instytucie naukowym lub instytucjach badawczych.<\/p>\n\n\n\n<p><a href=\"https:\/\/nawa.gov.pl\/naukowcy\/polskie-powroty\">https:\/\/nawa.gov.pl\/naukowcy\/polskie-powroty<\/a><\/p>\n\n\n\n<p><strong>Program im. Ulama<\/strong><\/p>\n\n\n\n<p>Program dla zagranicznych naukowc\u00f3w, co najmniej ze stopniem doktora, ze wszystkich dziedzin nauki. Celem stypendium jest prowadzenie bada\u0144 naukowych, w tym we wsp\u00f3\u0142pracy z polskimi naukowcami, grupami badawczymi; odbycie sta\u017cu podoktorskiego; pozyskanie materia\u0142\u00f3w do bada\u0144 lub publikacji naukowej; prowadzenie zaj\u0119\u0107 dydaktycznych.<\/p>\n\n\n\n<p><a href=\"https:\/\/nawa.gov.pl\/naukowcy\/program-im-ulama\">https:\/\/nawa.gov.pl\/naukowcy\/program-im-ulama<\/a><\/p>\n\n\n\n<p><strong>Program J\u0119zyka Polskiego POLONISTA<\/strong><\/p>\n\n\n\n<p>Program stypendialny dla student\u00f3w i naukowc\u00f3w, umo\u017cliwia obcokrajowcom \u2013 studentom studi\u00f3w polonistyki, polonoznawczych lub program\u00f3w polskich w ramach studi\u00f3w slawistycznych (w zakresie j\u0119zyka polskiego) oraz naukowcom z zagranicznych uczelni i instytucji naukowych \u2013 podj\u0119cie studi\u00f3w lub realizacj\u0119 projekt\u00f3w badawczych w Polsce.<\/p>\n\n\n\n<p><a href=\"https:\/\/nawa.gov.pl\/jezyk-polski\/program-dla-studentow-polonistyki-i-studiow-polskich\">https:\/\/nawa.gov.pl\/jezyk-polski\/program-dla-studentow-polonistyki-i-studiow-polskich<\/a><\/p>\n\n\n\n<p><strong>Thesaurus Poloniae<\/strong><\/p>\n\n\n\n<p>Program stypendialny Ministra Kultury i Dziedzictwa Narodowego RP realizowany przez Mi\u0119dzynarodowe Centrum Kultury w Krakowie dla zagranicznych naukowc\u00f3w, prowadz\u0105cych badania nad kultur\u0105, histori\u0105 i wielokulturowym dziedzictwem Rzeczypospolitej oraz Europy \u015arodkowej.<\/p>\n\n\n\n<p><a href=\"http:\/\/www.mck.krakow.pl\/page\/thesaurus-poloniae-1\">http:\/\/www.mck.krakow.pl\/page\/thesaurus-poloniae-1<\/a><\/p>\n\n\n\n<p><strong>Program Stypendialny Rz\u0105du RP dla M\u0142odych Naukowc\u00f3w<\/strong><\/p>\n\n\n\n<p>Program stypendialny przyznawany na realizacj\u0119 projektu badawczego w ramach sta\u017cu naukowego, maj\u0105cego charakter rocznych indywidualnych studi\u00f3w uzupe\u0142niaj\u0105cych na polskich uczelniach.<\/p>\n\n\n\n<p>Program przeznaczony jest dla kandydat\u00f3w z Europy Wschodniej, Rosji, kraj\u00f3w Azji \u015arodkowej<\/p>\n\n\n\n<p>i Kaukazu, kt\u00f3rzy uko\u0144czyli studia wy\u017csze na kierunkach humanistycznych.<\/p>\n\n\n\n<p><a href=\"https:\/\/studium.uw.edu.pl\/programy-stypendialne\/program-rzadu-rp-dla-mlodych-naukowcow\/nabor-do-programu-rzadu-rp-dla-mlodych-naukowcow\/\">https:\/\/studium.uw.edu.pl\/programy-stypendialne\/program-rzadu-rp-dla-mlodych-naukowcow\/nabor-do-programu-rzadu-rp-dla-mlodych-naukowcow\/<\/a><\/p>\n\n\n\n<p><strong>Stypendium i dotacja im. Krzysztofa Skubiszewskiego<\/strong><\/p>\n\n\n\n<p>Stypendium umo\u017cliwia odbycie ca\u0142orocznego indywidualnego sta\u017cu naukowego na Uniwersytecie Warszawskim (lub innej uczelni w Polsce) w zakresie prawa, nauk politycznych lub historii najnowszej. Program przeznaczony dla os\u00f3b, kt\u00f3re uko\u0144czy\u0142y studia wy\u017csze, obroni\u0142y doktorat lub wykazuj\u0105 si\u0119 wysokimi osi\u0105gnieciami na rzecz dobra spo\u0142ecznego.<\/p>\n\n\n\n<p><a href=\"https:\/\/studium.uw.edu.pl\/programy-stypendialne\/stypendium-im-krzysztofa-skubiszewskiego\/\">https:\/\/studium.uw.edu.pl\/programy-stypendialne\/stypendium-im-krzysztofa-skubiszewskiego\/<\/a><\/p>\n\n\n\n<p><strong>Program Kirkland Research<\/strong><\/p>\n\n\n\n<p><strong>Program stypendialny na jednosemestralny pobyt badawczo-naukowy w Polsce dla os\u00f3b z tytu\u0142em doktorskim z Armenii, Azerbejd\u017canu, Bia\u0142orusi,&nbsp;Gruzji, Kazachstanu,<\/strong><strong> Kirgistanu, Mo\u0142dowy, Rosji, Tad\u017cykistanu, Ukrainy i Uzbekistanu.<\/strong><strong><\/strong><\/p>\n\n\n\n<p><a href=\"http:\/\/kirkland.edu.pl\/kirkland2017\/index.php\/aktualnosci\">http:\/\/kirkland.edu.pl\/kirkland2017\/index.php\/aktualnosci<\/a><\/p>\n\n\n\n<p><strong>Program Stypendialny <\/strong><strong>Centrum Polsko-Rosyjskiego Dialogu i Porozumienia<\/strong><\/p>\n\n\n\n<p>Program stypendialny umo\u017cliwia pracownikom naukowym, obywatelom FR lub pracuj\u0105cym<\/p>\n\n\n\n<p>w rosyjskich instytucjach naukowych, przeprowadzenie w\u0142asnych bada\u0144 na polskich uczelniach<\/p>\n\n\n\n<p>i w innych instytucjach naukowych w dziedzinie nauk humanistycznych lub nauk spo\u0142ecznych.<\/p>\n\n\n\n<p><a href=\"http:\/\/cprdip.pl\/konkursy,stypendia.html\">http:\/\/cprdip.pl\/konkursy,stypendia.html<\/a><\/p>\n","protected":false},"excerpt":{"rendered":"<p>Programy dla naukowc\u00f3w Polskie Powroty Program umo\u017cliwia wyr\u00f3\u017cniaj\u0105cym si\u0119 polskim naukowcom, pracuj\u0105cym w zagranicznych instytucjach naukowych, powr\u00f3t do kraju i zatrudnienie w polskiej uczelni, instytucie naukowym lub instytucjach badawczych. https:\/\/nawa.gov.pl\/naukowcy\/polskie-powroty Program im. Ulama Program dla zagranicznych naukowc\u00f3w, co najmniej ze stopniem doktora, ze wszystkich dziedzin nauki. Celem stypendium jest prowadzenie bada\u0144 naukowych, w tym we [&hellip;]<\/p>\n","protected":false},"author":1,"featured_media":0,"parent":411,"menu_order":0,"comment_status":"closed","ping_status":"closed","template":"","meta":{"inline_featured_image":false,"_monsterinsights_skip_tracking":false,"_monsterinsights_sitenote_active":false,"_monsterinsights_sitenote_note":"","_monsterinsights_sitenote_category":0,"footnotes":""},"class_list":["post-425","page","type-page","status-publish","hentry"],"yoast_head":"<!-- This site is optimized with the Yoast SEO plugin v24.6 - https:\/\/yoast.com\/wordpress\/plugins\/seo\/ -->\n<title>Programy badawcze - Instytut Polski w Petersburgu<\/title>\n<meta name=\"robots\" content=\"noindex, follow, max-snippet:-1, max-image-preview:large, max-video-preview:-1\" \/>\n<meta property=\"og:locale\" content=\"pl_PL\" \/>\n<meta property=\"og:type\" content=\"article\" \/>\n<meta property=\"og:title\" content=\"Programy badawcze - Instytut Polski w Petersburgu\" \/>\n<meta property=\"og:description\" content=\"Programy dla naukowc\u00f3w Polskie Powroty Program umo\u017cliwia wyr\u00f3\u017cniaj\u0105cym si\u0119 polskim naukowcom, pracuj\u0105cym w zagranicznych instytucjach naukowych, powr\u00f3t do kraju i zatrudnienie w polskiej uczelni, instytucie naukowym lub instytucjach badawczych. https:\/\/nawa.gov.pl\/naukowcy\/polskie-powroty Program im. Ulama Program dla zagranicznych naukowc\u00f3w, co najmniej ze stopniem doktora, ze wszystkich dziedzin nauki. Celem stypendium jest prowadzenie bada\u0144 naukowych, w tym we [&hellip;]\" \/>\n<meta property=\"og:url\" content=\"https:\/\/instytutpolski.pl\/petersburg\/pl\/poznaj-polske\/nauka-w-polsce\/programy-badawcze\/\" \/>\n<meta property=\"og:site_name\" content=\"Instytut Polski w Petersburgu\" \/>\n<meta property=\"article:modified_time\" content=\"2020-07-30T12:26:50+00:00\" \/>\n<meta name=\"twitter:card\" content=\"summary_large_image\" \/>\n<meta name=\"twitter:label1\" content=\"Szacowany czas czytania\" \/>\n\t<meta name=\"twitter:data1\" content=\"2 minuty\" \/>\n<script type=\"application\/ld+json\" class=\"yoast-schema-graph\">{\"@context\":\"https:\/\/schema.org\",\"@graph\":[{\"@type\":\"WebPage\",\"@id\":\"https:\/\/instytutpolski.pl\/petersburg\/pl\/poznaj-polske\/nauka-w-polsce\/programy-badawcze\/\",\"url\":\"https:\/\/instytutpolski.pl\/petersburg\/pl\/poznaj-polske\/nauka-w-polsce\/programy-badawcze\/\",\"name\":\"Programy badawcze - Instytut Polski w Petersburgu\",\"isPartOf\":{\"@id\":\"https:\/\/instytutpolski.pl\/petersburg\/#website\"},\"datePublished\":\"2019-06-26T09:10:59+00:00\",\"dateModified\":\"2020-07-30T12:26:50+00:00\",\"breadcrumb\":{\"@id\":\"https:\/\/instytutpolski.pl\/petersburg\/pl\/poznaj-polske\/nauka-w-polsce\/programy-badawcze\/#breadcrumb\"},\"inLanguage\":\"pl-PL\",\"potentialAction\":[{\"@type\":\"ReadAction\",\"target\":[\"https:\/\/instytutpolski.pl\/petersburg\/pl\/poznaj-polske\/nauka-w-polsce\/programy-badawcze\/\"]}]},{\"@type\":\"BreadcrumbList\",\"@id\":\"https:\/\/instytutpolski.pl\/petersburg\/pl\/poznaj-polske\/nauka-w-polsce\/programy-badawcze\/#breadcrumb\",\"itemListElement\":[{\"@type\":\"ListItem\",\"position\":1,\"name\":\"Home\",\"item\":\"https:\/\/instytutpolski.pl\/petersburg\/\"},{\"@type\":\"ListItem\",\"position\":2,\"name\":\"Poznaj Polsk\u0119\",\"item\":\"https:\/\/instytutpolski.pl\/petersburg\/pl\/poznaj-polske\/\"},{\"@type\":\"ListItem\",\"position\":3,\"name\":\"Nauka w Polsce\",\"item\":\"https:\/\/instytutpolski.pl\/petersburg\/pl\/poznaj-polske\/nauka-w-polsce\/\"},{\"@type\":\"ListItem\",\"position\":4,\"name\":\"Programy badawcze\"}]},{\"@type\":\"WebSite\",\"@id\":\"https:\/\/instytutpolski.pl\/petersburg\/#website\",\"url\":\"https:\/\/instytutpolski.pl\/petersburg\/\",\"name\":\"Instytut Polski w Petersburgu\",\"description\":\"Instytuty Polskie\",\"potentialAction\":[{\"@type\":\"SearchAction\",\"target\":{\"@type\":\"EntryPoint\",\"urlTemplate\":\"https:\/\/instytutpolski.pl\/petersburg\/?s={search_term_string}\"},\"query-input\":{\"@type\":\"PropertyValueSpecification\",\"valueRequired\":true,\"valueName\":\"search_term_string\"}}],\"inLanguage\":\"pl-PL\"}]}<\/script>\n<!-- \/ Yoast SEO plugin. -->","yoast_head_json":{"title":"Programy badawcze - Instytut Polski w Petersburgu","robots":{"index":"noindex","follow":"follow","max-snippet":"max-snippet:-1","max-image-preview":"max-image-preview:large","max-video-preview":"max-video-preview:-1"},"og_locale":"pl_PL","og_type":"article","og_title":"Programy badawcze - Instytut Polski w Petersburgu","og_description":"Programy dla naukowc\u00f3w Polskie Powroty Program umo\u017cliwia wyr\u00f3\u017cniaj\u0105cym si\u0119 polskim naukowcom, pracuj\u0105cym w zagranicznych instytucjach naukowych, powr\u00f3t do kraju i zatrudnienie w polskiej uczelni, instytucie naukowym lub instytucjach badawczych. https:\/\/nawa.gov.pl\/naukowcy\/polskie-powroty Program im. Ulama Program dla zagranicznych naukowc\u00f3w, co najmniej ze stopniem doktora, ze wszystkich dziedzin nauki. Celem stypendium jest prowadzenie bada\u0144 naukowych, w tym we [&hellip;]","og_url":"https:\/\/instytutpolski.pl\/petersburg\/pl\/poznaj-polske\/nauka-w-polsce\/programy-badawcze\/","og_site_name":"Instytut Polski w Petersburgu","article_modified_time":"2020-07-30T12:26:50+00:00","twitter_card":"summary_large_image","twitter_misc":{"Szacowany czas czytania":"2 minuty"},"schema":{"@context":"https:\/\/schema.org","@graph":[{"@type":"WebPage","@id":"https:\/\/instytutpolski.pl\/petersburg\/pl\/poznaj-polske\/nauka-w-polsce\/programy-badawcze\/","url":"https:\/\/instytutpolski.pl\/petersburg\/pl\/poznaj-polske\/nauka-w-polsce\/programy-badawcze\/","name":"Programy badawcze - Instytut Polski w Petersburgu","isPartOf":{"@id":"https:\/\/instytutpolski.pl\/petersburg\/#website"},"datePublished":"2019-06-26T09:10:59+00:00","dateModified":"2020-07-30T12:26:50+00:00","breadcrumb":{"@id":"https:\/\/instytutpolski.pl\/petersburg\/pl\/poznaj-polske\/nauka-w-polsce\/programy-badawcze\/#breadcrumb"},"inLanguage":"pl-PL","potentialAction":[{"@type":"ReadAction","target":["https:\/\/instytutpolski.pl\/petersburg\/pl\/poznaj-polske\/nauka-w-polsce\/programy-badawcze\/"]}]},{"@type":"BreadcrumbList","@id":"https:\/\/instytutpolski.pl\/petersburg\/pl\/poznaj-polske\/nauka-w-polsce\/programy-badawcze\/#breadcrumb","itemListElement":[{"@type":"ListItem","position":1,"name":"Home","item":"https:\/\/instytutpolski.pl\/petersburg\/"},{"@type":"ListItem","position":2,"name":"Poznaj Polsk\u0119","item":"https:\/\/instytutpolski.pl\/petersburg\/pl\/poznaj-polske\/"},{"@type":"ListItem","position":3,"name":"Nauka w Polsce","item":"https:\/\/instytutpolski.pl\/petersburg\/pl\/poznaj-polske\/nauka-w-polsce\/"},{"@type":"ListItem","position":4,"name":"Programy badawcze"}]},{"@type":"WebSite","@id":"https:\/\/instytutpolski.pl\/petersburg\/#website","url":"https:\/\/instytutpolski.pl\/petersburg\/","name":"Instytut Polski w Petersburgu","description":"Instytuty Polskie","potentialAction":[{"@type":"SearchAction","target":{"@type":"EntryPoint","urlTemplate":"https:\/\/instytutpolski.pl\/petersburg\/?s={search_term_string}"},"query-input":{"@type":"PropertyValueSpecification","valueRequired":true,"valueName":"search_term_string"}}],"inLanguage":"pl-PL"}]}},"_links":{"self":[{"href":"https:\/\/instytutpolski.pl\/petersburg\/wp-json\/wp\/v2\/pages\/425","targetHints":{"allow":["GET"]}}],"collection":[{"href":"https:\/\/instytutpolski.pl\/petersburg\/wp-json\/wp\/v2\/pages"}],"about":[{"href":"https:\/\/instytutpolski.pl\/petersburg\/wp-json\/wp\/v2\/types\/page"}],"author":[{"embeddable":true,"href":"https:\/\/instytutpolski.pl\/petersburg\/wp-json\/wp\/v2\/users\/1"}],"replies":[{"embeddable":true,"href":"https:\/\/instytutpolski.pl\/petersburg\/wp-json\/wp\/v2\/comments?post=425"}],"version-history":[{"count":2,"href":"https:\/\/instytutpolski.pl\/petersburg\/wp-json\/wp\/v2\/pages\/425\/revisions"}],"predecessor-version":[{"id":3172,"href":"https:\/\/instytutpolski.pl\/petersburg\/wp-json\/wp\/v2\/pages\/425\/revisions\/3172"}],"up":[{"embeddable":true,"href":"https:\/\/instytutpolski.pl\/petersburg\/wp-json\/wp\/v2\/pages\/411"}],"wp:attachment":[{"href":"https:\/\/instytutpolski.pl\/petersburg\/wp-json\/wp\/v2\/media?parent=425"}],"curies":[{"name":"wp","href":"https:\/\/api.w.org\/{rel}","templated":true}]}}