{"id":447,"date":"2019-06-26T11:16:12","date_gmt":"2019-06-26T09:16:12","guid":{"rendered":"https:\/\/instytutpolski.pl\/petersburg\/?page_id=447"},"modified":"2022-09-23T14:56:42","modified_gmt":"2022-09-23T12:56:42","slug":"kursy-jezyka-polskiego-organizowane-przez-ip","status":"publish","type":"page","link":"https:\/\/instytutpolski.pl\/petersburg\/pl\/jezyk-polski\/kursy-jezyka-polskiego-organizowane-przez-ip\/","title":{"rendered":"Kursy j\u0119zyka polskiego organizowane przez IP"},"content":{"rendered":"\n<p>Instytut Polski w Sankt Petersburgu co roku organizuje kursy j\u0119zyka polskiego na poziomach: A1, A2, B1, B2.<\/p>\n\n\n\n<p>Zaj\u0119cia prowadzone przez do\u015bwiadczonych lektor\u00f3w odbywaj\u0105 si\u0119 od po\u0142owy wrze\u015bnia do ko\u0144ca maja dwa razy w tygodniu i trwaj\u0105 2 godziny lekcyjne (2 x 90 minut). Roczny kurs umo\u017cliwia uczestnikom podniesienie poziomu kompetencji j\u0119zykowych o jeden stopie\u0144. Uczestnicy otrzymuj\u0105 za\u015bwiadczenie o uczestnictwie w kursie.<\/p>\n\n\n\n<p>Nab\u00f3r na lektorat j\u0119zyka polskiego prowadzony jest wy\u0142\u0105cznie we wrze\u015bniu. Informacja o naborze na zaj\u0119cia umieszczana jest w pierwszym tygodniu wrze\u015bnia na stronie oraz w mediach spo\u0142eczno\u015bciowych Instytutu Polskiego.<\/p>\n\n\n\n<p>Instytut Polski w Sankt Petersburgu nie wydaje certyfikat\u00f3w po\u015bwiadczaj\u0105cych znajomo\u015b\u0107 j\u0119zyka polskiego.<\/p>\n\n\n\n<p><\/p>\n","protected":false},"excerpt":{"rendered":"<p>Instytut Polski w Sankt Petersburgu co roku organizuje kursy j\u0119zyka polskiego na poziomach: A1, A2, B1, B2. Zaj\u0119cia prowadzone przez do\u015bwiadczonych lektor\u00f3w odbywaj\u0105 si\u0119 od po\u0142owy wrze\u015bnia do ko\u0144ca maja dwa razy w tygodniu i trwaj\u0105 2 godziny lekcyjne (2 x 90 minut). Roczny kurs umo\u017cliwia uczestnikom podniesienie poziomu kompetencji j\u0119zykowych o jeden stopie\u0144. Uczestnicy [&hellip;]<\/p>\n","protected":false},"author":1,"featured_media":444,"parent":441,"menu_order":0,"comment_status":"closed","ping_status":"closed","template":"","meta":{"inline_featured_image":false,"_monsterinsights_skip_tracking":false,"_monsterinsights_sitenote_active":false,"_monsterinsights_sitenote_note":"","_monsterinsights_sitenote_category":0,"footnotes":""},"class_list":["post-447","page","type-page","status-publish","has-post-thumbnail","hentry"],"yoast_head":"<!-- This site is optimized with the Yoast SEO plugin v24.6 - https:\/\/yoast.com\/wordpress\/plugins\/seo\/ -->\n<title>Kursy j\u0119zyka polskiego organizowane przez IP - Instytut Polski w Petersburgu<\/title>\n<meta name=\"robots\" content=\"noindex, follow, max-snippet:-1, max-image-preview:large, max-video-preview:-1\" \/>\n<meta property=\"og:locale\" content=\"pl_PL\" \/>\n<meta property=\"og:type\" content=\"article\" \/>\n<meta property=\"og:title\" content=\"Kursy j\u0119zyka polskiego organizowane przez IP - Instytut Polski w Petersburgu\" \/>\n<meta property=\"og:description\" content=\"Instytut Polski w Sankt Petersburgu co roku organizuje kursy j\u0119zyka polskiego na poziomach: A1, A2, B1, B2. Zaj\u0119cia prowadzone przez do\u015bwiadczonych lektor\u00f3w odbywaj\u0105 si\u0119 od po\u0142owy wrze\u015bnia do ko\u0144ca maja dwa razy w tygodniu i trwaj\u0105 2 godziny lekcyjne (2 x 90 minut). Roczny kurs umo\u017cliwia uczestnikom podniesienie poziomu kompetencji j\u0119zykowych o jeden stopie\u0144. Uczestnicy [&hellip;]\" \/>\n<meta property=\"og:url\" content=\"https:\/\/instytutpolski.pl\/petersburg\/pl\/jezyk-polski\/kursy-jezyka-polskiego-organizowane-przez-ip\/\" \/>\n<meta property=\"og:site_name\" content=\"Instytut Polski w Petersburgu\" \/>\n<meta property=\"article:modified_time\" content=\"2022-09-23T12:56:42+00:00\" \/>\n<meta property=\"og:image\" content=\"https:\/\/instytutpolski.pl\/petersburg\/wp-content\/uploads\/sites\/9\/2019\/06\/kursy-jezyka-polskiego-kultury.jpg\" \/>\n\t<meta property=\"og:image:width\" content=\"1920\" \/>\n\t<meta property=\"og:image:height\" content=\"700\" \/>\n\t<meta property=\"og:image:type\" content=\"image\/jpeg\" \/>\n<meta name=\"twitter:card\" content=\"summary_large_image\" \/>\n<meta name=\"twitter:label1\" content=\"Szacowany czas czytania\" \/>\n\t<meta name=\"twitter:data1\" content=\"1 minuta\" \/>\n<script type=\"application\/ld+json\" class=\"yoast-schema-graph\">{\"@context\":\"https:\/\/schema.org\",\"@graph\":[{\"@type\":\"WebPage\",\"@id\":\"https:\/\/instytutpolski.pl\/petersburg\/pl\/jezyk-polski\/kursy-jezyka-polskiego-organizowane-przez-ip\/\",\"url\":\"https:\/\/instytutpolski.pl\/petersburg\/pl\/jezyk-polski\/kursy-jezyka-polskiego-organizowane-przez-ip\/\",\"name\":\"Kursy j\u0119zyka polskiego organizowane przez IP - Instytut Polski w Petersburgu\",\"isPartOf\":{\"@id\":\"https:\/\/instytutpolski.pl\/petersburg\/#website\"},\"primaryImageOfPage\":{\"@id\":\"https:\/\/instytutpolski.pl\/petersburg\/pl\/jezyk-polski\/kursy-jezyka-polskiego-organizowane-przez-ip\/#primaryimage\"},\"image\":{\"@id\":\"https:\/\/instytutpolski.pl\/petersburg\/pl\/jezyk-polski\/kursy-jezyka-polskiego-organizowane-przez-ip\/#primaryimage\"},\"thumbnailUrl\":\"https:\/\/instytutpolski.pl\/petersburg\/wp-content\/uploads\/sites\/9\/2019\/06\/kursy-jezyka-polskiego-kultury.jpg\",\"datePublished\":\"2019-06-26T09:16:12+00:00\",\"dateModified\":\"2022-09-23T12:56:42+00:00\",\"breadcrumb\":{\"@id\":\"https:\/\/instytutpolski.pl\/petersburg\/pl\/jezyk-polski\/kursy-jezyka-polskiego-organizowane-przez-ip\/#breadcrumb\"},\"inLanguage\":\"pl-PL\",\"potentialAction\":[{\"@type\":\"ReadAction\",\"target\":[\"https:\/\/instytutpolski.pl\/petersburg\/pl\/jezyk-polski\/kursy-jezyka-polskiego-organizowane-przez-ip\/\"]}]},{\"@type\":\"ImageObject\",\"inLanguage\":\"pl-PL\",\"@id\":\"https:\/\/instytutpolski.pl\/petersburg\/pl\/jezyk-polski\/kursy-jezyka-polskiego-organizowane-przez-ip\/#primaryimage\",\"url\":\"https:\/\/instytutpolski.pl\/petersburg\/wp-content\/uploads\/sites\/9\/2019\/06\/kursy-jezyka-polskiego-kultury.jpg\",\"contentUrl\":\"https:\/\/instytutpolski.pl\/petersburg\/wp-content\/uploads\/sites\/9\/2019\/06\/kursy-jezyka-polskiego-kultury.jpg\",\"width\":1920,\"height\":700},{\"@type\":\"BreadcrumbList\",\"@id\":\"https:\/\/instytutpolski.pl\/petersburg\/pl\/jezyk-polski\/kursy-jezyka-polskiego-organizowane-przez-ip\/#breadcrumb\",\"itemListElement\":[{\"@type\":\"ListItem\",\"position\":1,\"name\":\"Home\",\"item\":\"https:\/\/instytutpolski.pl\/petersburg\/\"},{\"@type\":\"ListItem\",\"position\":2,\"name\":\"J\u0119zyk polski\",\"item\":\"https:\/\/instytutpolski.pl\/petersburg\/pl\/jezyk-polski\/\"},{\"@type\":\"ListItem\",\"position\":3,\"name\":\"Kursy j\u0119zyka polskiego organizowane przez IP\"}]},{\"@type\":\"WebSite\",\"@id\":\"https:\/\/instytutpolski.pl\/petersburg\/#website\",\"url\":\"https:\/\/instytutpolski.pl\/petersburg\/\",\"name\":\"Instytut Polski w Petersburgu\",\"description\":\"Instytuty Polskie\",\"potentialAction\":[{\"@type\":\"SearchAction\",\"target\":{\"@type\":\"EntryPoint\",\"urlTemplate\":\"https:\/\/instytutpolski.pl\/petersburg\/?s={search_term_string}\"},\"query-input\":{\"@type\":\"PropertyValueSpecification\",\"valueRequired\":true,\"valueName\":\"search_term_string\"}}],\"inLanguage\":\"pl-PL\"}]}<\/script>\n<!-- \/ Yoast SEO plugin. -->","yoast_head_json":{"title":"Kursy j\u0119zyka polskiego organizowane przez IP - Instytut Polski w Petersburgu","robots":{"index":"noindex","follow":"follow","max-snippet":"max-snippet:-1","max-image-preview":"max-image-preview:large","max-video-preview":"max-video-preview:-1"},"og_locale":"pl_PL","og_type":"article","og_title":"Kursy j\u0119zyka polskiego organizowane przez IP - Instytut Polski w Petersburgu","og_description":"Instytut Polski w Sankt Petersburgu co roku organizuje kursy j\u0119zyka polskiego na poziomach: A1, A2, B1, B2. Zaj\u0119cia prowadzone przez do\u015bwiadczonych lektor\u00f3w odbywaj\u0105 si\u0119 od po\u0142owy wrze\u015bnia do ko\u0144ca maja dwa razy w tygodniu i trwaj\u0105 2 godziny lekcyjne (2 x 90 minut). Roczny kurs umo\u017cliwia uczestnikom podniesienie poziomu kompetencji j\u0119zykowych o jeden stopie\u0144. Uczestnicy [&hellip;]","og_url":"https:\/\/instytutpolski.pl\/petersburg\/pl\/jezyk-polski\/kursy-jezyka-polskiego-organizowane-przez-ip\/","og_site_name":"Instytut Polski w Petersburgu","article_modified_time":"2022-09-23T12:56:42+00:00","og_image":[{"width":1920,"height":700,"url":"https:\/\/instytutpolski.pl\/petersburg\/wp-content\/uploads\/sites\/9\/2019\/06\/kursy-jezyka-polskiego-kultury.jpg","type":"image\/jpeg"}],"twitter_card":"summary_large_image","twitter_misc":{"Szacowany czas czytania":"1 minuta"},"schema":{"@context":"https:\/\/schema.org","@graph":[{"@type":"WebPage","@id":"https:\/\/instytutpolski.pl\/petersburg\/pl\/jezyk-polski\/kursy-jezyka-polskiego-organizowane-przez-ip\/","url":"https:\/\/instytutpolski.pl\/petersburg\/pl\/jezyk-polski\/kursy-jezyka-polskiego-organizowane-przez-ip\/","name":"Kursy j\u0119zyka polskiego organizowane przez IP - Instytut Polski w Petersburgu","isPartOf":{"@id":"https:\/\/instytutpolski.pl\/petersburg\/#website"},"primaryImageOfPage":{"@id":"https:\/\/instytutpolski.pl\/petersburg\/pl\/jezyk-polski\/kursy-jezyka-polskiego-organizowane-przez-ip\/#primaryimage"},"image":{"@id":"https:\/\/instytutpolski.pl\/petersburg\/pl\/jezyk-polski\/kursy-jezyka-polskiego-organizowane-przez-ip\/#primaryimage"},"thumbnailUrl":"https:\/\/instytutpolski.pl\/petersburg\/wp-content\/uploads\/sites\/9\/2019\/06\/kursy-jezyka-polskiego-kultury.jpg","datePublished":"2019-06-26T09:16:12+00:00","dateModified":"2022-09-23T12:56:42+00:00","breadcrumb":{"@id":"https:\/\/instytutpolski.pl\/petersburg\/pl\/jezyk-polski\/kursy-jezyka-polskiego-organizowane-przez-ip\/#breadcrumb"},"inLanguage":"pl-PL","potentialAction":[{"@type":"ReadAction","target":["https:\/\/instytutpolski.pl\/petersburg\/pl\/jezyk-polski\/kursy-jezyka-polskiego-organizowane-przez-ip\/"]}]},{"@type":"ImageObject","inLanguage":"pl-PL","@id":"https:\/\/instytutpolski.pl\/petersburg\/pl\/jezyk-polski\/kursy-jezyka-polskiego-organizowane-przez-ip\/#primaryimage","url":"https:\/\/instytutpolski.pl\/petersburg\/wp-content\/uploads\/sites\/9\/2019\/06\/kursy-jezyka-polskiego-kultury.jpg","contentUrl":"https:\/\/instytutpolski.pl\/petersburg\/wp-content\/uploads\/sites\/9\/2019\/06\/kursy-jezyka-polskiego-kultury.jpg","width":1920,"height":700},{"@type":"BreadcrumbList","@id":"https:\/\/instytutpolski.pl\/petersburg\/pl\/jezyk-polski\/kursy-jezyka-polskiego-organizowane-przez-ip\/#breadcrumb","itemListElement":[{"@type":"ListItem","position":1,"name":"Home","item":"https:\/\/instytutpolski.pl\/petersburg\/"},{"@type":"ListItem","position":2,"name":"J\u0119zyk polski","item":"https:\/\/instytutpolski.pl\/petersburg\/pl\/jezyk-polski\/"},{"@type":"ListItem","position":3,"name":"Kursy j\u0119zyka polskiego organizowane przez IP"}]},{"@type":"WebSite","@id":"https:\/\/instytutpolski.pl\/petersburg\/#website","url":"https:\/\/instytutpolski.pl\/petersburg\/","name":"Instytut Polski w Petersburgu","description":"Instytuty Polskie","potentialAction":[{"@type":"SearchAction","target":{"@type":"EntryPoint","urlTemplate":"https:\/\/instytutpolski.pl\/petersburg\/?s={search_term_string}"},"query-input":{"@type":"PropertyValueSpecification","valueRequired":true,"valueName":"search_term_string"}}],"inLanguage":"pl-PL"}]}},"_links":{"self":[{"href":"https:\/\/instytutpolski.pl\/petersburg\/wp-json\/wp\/v2\/pages\/447","targetHints":{"allow":["GET"]}}],"collection":[{"href":"https:\/\/instytutpolski.pl\/petersburg\/wp-json\/wp\/v2\/pages"}],"about":[{"href":"https:\/\/instytutpolski.pl\/petersburg\/wp-json\/wp\/v2\/types\/page"}],"author":[{"embeddable":true,"href":"https:\/\/instytutpolski.pl\/petersburg\/wp-json\/wp\/v2\/users\/1"}],"replies":[{"embeddable":true,"href":"https:\/\/instytutpolski.pl\/petersburg\/wp-json\/wp\/v2\/comments?post=447"}],"version-history":[{"count":4,"href":"https:\/\/instytutpolski.pl\/petersburg\/wp-json\/wp\/v2\/pages\/447\/revisions"}],"predecessor-version":[{"id":5339,"href":"https:\/\/instytutpolski.pl\/petersburg\/wp-json\/wp\/v2\/pages\/447\/revisions\/5339"}],"up":[{"embeddable":true,"href":"https:\/\/instytutpolski.pl\/petersburg\/wp-json\/wp\/v2\/pages\/441"}],"wp:featuredmedia":[{"embeddable":true,"href":"https:\/\/instytutpolski.pl\/petersburg\/wp-json\/wp\/v2\/media\/444"}],"wp:attachment":[{"href":"https:\/\/instytutpolski.pl\/petersburg\/wp-json\/wp\/v2\/media?parent=447"}],"curies":[{"name":"wp","href":"https:\/\/api.w.org\/{rel}","templated":true}]}}