{"id":471,"date":"2019-06-26T11:19:56","date_gmt":"2019-06-26T09:19:56","guid":{"rendered":"https:\/\/instytutpolski.pl\/petersburg\/?page_id=471"},"modified":"2020-07-06T13:19:24","modified_gmt":"2020-07-06T11:19:24","slug":"certyfikacja-znajomosci-jezyka-polskiego","status":"publish","type":"page","link":"https:\/\/instytutpolski.pl\/petersburg\/pl\/jezyk-polski\/certyfikacja-znajomosci-jezyka-polskiego\/","title":{"rendered":"Certyfikacja znajomo\u015bci j\u0119zyka polskiego"},"content":{"rendered":"\n<p><strong>CERTYFIKOWANY EGZAMIN Z J\u0118ZYKA POLSKIEGO<\/strong><\/p>\n\n\n\n<p>Egzaminy certyfikatowe z j\u0119zyka polskiego jako obcego <strong>przeprowadzaj\u0105 podmioty uprawnione do przeprowadzania egzamin\u00f3w<\/strong> wed\u0142ug zasad znowelizowanej <em>Ustawy o j\u0119zyku polskim<\/em> z dn. 12 listopada 2015 r., <em>Rozporz\u0105dzenia w sprawie Pa\u0144stwowej Komisji do spraw Po\u015bwiadczania Znajomo\u015bci J\u0119zyka Polskiego jako Obcego z 11 grudnia 2015<\/em> r. oraz <em>Rozporz\u0105dzenia w sprawie egzamin\u00f3w z j\u0119zyka polskiego jako obcego z 30 marca 2016 r.<\/em><\/p>\n\n\n\n<p>Zasady przeprowadzania egzamin\u00f3w oraz standardy wymaga\u0144 egzaminacyjnych wynikaj\u0105 z najnowszych zalece\u0144 Rady Europy okre\u015blonych w Common European Framework of Reference for Languages: learning, teaching, assessment(CEFR) \u2013 Europejskim Systemie Opisu Kszta\u0142cenia J\u0119zykowego, na poziomach A1, A2, B1, B2, C1 i C2.<\/p>\n\n\n\n<p><a href=\"https:\/\/europass.cedefop.europa.eu\/pl\/resources\/european-language-levels-cefr\">https:\/\/europass.cedefop.europa.eu\/pl\/resources\/european-language-levels-cefr<\/a><\/p>\n\n\n\n<p>Do egzaminu mog\u0105 przyst\u0105pi\u0107 doro\u015bli oraz m\u0142odzie\u017c w wieku14-17 lat.<\/p>\n\n\n\n<p>Certyfikat Znajomo\u015bci J\u0119zyka Polskiego wydawany jest przez Pa\u0144stwow\u0105 Komisj\u0119 do spraw Po\u015bwiadczania Znajomo\u015bci J\u0119zyka Polskiego jako Obcego po zdanym egzaminie.<\/p>\n\n\n\n<p>Instytut Polski nie wydaje certyfikat\u00f3w po\u015bwiadczaj\u0105cych znajomo\u015b\u0107 j\u0119zyka polskiego.<\/p>\n\n\n\n<p><a href=\"http:\/\/certyfikatpolski.pl\/\">http:\/\/certyfikatpolski.pl\/<\/a><\/p>\n\n\n\n<p><a href=\"http:\/\/certyfikatpolski.pl\/o-egzaminie\/\">http:\/\/certyfikatpolski.pl\/o-egzaminie\/<\/a><\/p>\n\n\n\n<p><a href=\"http:\/\/www.bip.nauka.gov.pl\/certyfikacja-jezyka-polskiego-jako-obcego\/\">http:\/\/www.bip.nauka.gov.pl\/certyfikacja-jezyka-polskiego-jako-obcego\/<\/a><\/p>\n\n\n\n<p><a href=\"http:\/\/www.bip.nauka.gov.pl\/certyfikacja-jezyka-polskiego-jako-obcego\/lista-podmiotow-uprawnionych-do-organizowania-egzaminow-z-jezyka-polskiego-jako-obcego_mnisw.html\">http:\/\/www.bip.nauka.gov.pl\/certyfikacja-jezyka-polskiego-jako-obcego\/lista-podmiotow-uprawnionych-do-organizowania-egzaminow-z-jezyka-polskiego-jako-obcego_mnisw.html<\/a><\/p>\n","protected":false},"excerpt":{"rendered":"<p>CERTYFIKOWANY EGZAMIN Z J\u0118ZYKA POLSKIEGO Egzaminy certyfikatowe z j\u0119zyka polskiego jako obcego przeprowadzaj\u0105 podmioty uprawnione do przeprowadzania egzamin\u00f3w wed\u0142ug zasad znowelizowanej Ustawy o j\u0119zyku polskim z dn. 12 listopada 2015 r., Rozporz\u0105dzenia w sprawie Pa\u0144stwowej Komisji do spraw Po\u015bwiadczania Znajomo\u015bci J\u0119zyka Polskiego jako Obcego z 11 grudnia 2015 r. oraz Rozporz\u0105dzenia w sprawie egzamin\u00f3w z [&hellip;]<\/p>\n","protected":false},"author":1,"featured_media":469,"parent":441,"menu_order":0,"comment_status":"closed","ping_status":"closed","template":"","meta":{"inline_featured_image":false,"_monsterinsights_skip_tracking":false,"_monsterinsights_sitenote_active":false,"_monsterinsights_sitenote_note":"","_monsterinsights_sitenote_category":0,"footnotes":""},"class_list":["post-471","page","type-page","status-publish","has-post-thumbnail","hentry"],"yoast_head":"<!-- This site is optimized with the Yoast SEO plugin v24.6 - https:\/\/yoast.com\/wordpress\/plugins\/seo\/ -->\n<title>Certyfikacja znajomo\u015bci j\u0119zyka polskiego - Instytut Polski w Petersburgu<\/title>\n<meta name=\"robots\" content=\"noindex, follow, max-snippet:-1, max-image-preview:large, max-video-preview:-1\" \/>\n<meta property=\"og:locale\" content=\"pl_PL\" \/>\n<meta property=\"og:type\" content=\"article\" \/>\n<meta property=\"og:title\" content=\"Certyfikacja znajomo\u015bci j\u0119zyka polskiego - Instytut Polski w Petersburgu\" \/>\n<meta property=\"og:description\" content=\"CERTYFIKOWANY EGZAMIN Z J\u0118ZYKA POLSKIEGO Egzaminy certyfikatowe z j\u0119zyka polskiego jako obcego przeprowadzaj\u0105 podmioty uprawnione do przeprowadzania egzamin\u00f3w wed\u0142ug zasad znowelizowanej Ustawy o j\u0119zyku polskim z dn. 12 listopada 2015 r., Rozporz\u0105dzenia w sprawie Pa\u0144stwowej Komisji do spraw Po\u015bwiadczania Znajomo\u015bci J\u0119zyka Polskiego jako Obcego z 11 grudnia 2015 r. oraz Rozporz\u0105dzenia w sprawie egzamin\u00f3w z [&hellip;]\" \/>\n<meta property=\"og:url\" content=\"https:\/\/instytutpolski.pl\/petersburg\/pl\/jezyk-polski\/certyfikacja-znajomosci-jezyka-polskiego\/\" \/>\n<meta property=\"og:site_name\" content=\"Instytut Polski w Petersburgu\" \/>\n<meta property=\"article:modified_time\" content=\"2020-07-06T11:19:24+00:00\" \/>\n<meta property=\"og:image\" content=\"https:\/\/instytutpolski.pl\/petersburg\/wp-content\/uploads\/sites\/9\/2019\/06\/certyfikacja-znajomosci.jpg\" \/>\n\t<meta property=\"og:image:width\" content=\"1920\" \/>\n\t<meta property=\"og:image:height\" content=\"700\" \/>\n\t<meta property=\"og:image:type\" content=\"image\/jpeg\" \/>\n<meta name=\"twitter:card\" content=\"summary_large_image\" \/>\n<meta name=\"twitter:label1\" content=\"Szacowany czas czytania\" \/>\n\t<meta name=\"twitter:data1\" content=\"1 minuta\" \/>\n<script type=\"application\/ld+json\" class=\"yoast-schema-graph\">{\"@context\":\"https:\/\/schema.org\",\"@graph\":[{\"@type\":\"WebPage\",\"@id\":\"https:\/\/instytutpolski.pl\/petersburg\/pl\/jezyk-polski\/certyfikacja-znajomosci-jezyka-polskiego\/\",\"url\":\"https:\/\/instytutpolski.pl\/petersburg\/pl\/jezyk-polski\/certyfikacja-znajomosci-jezyka-polskiego\/\",\"name\":\"Certyfikacja znajomo\u015bci j\u0119zyka polskiego - Instytut Polski w Petersburgu\",\"isPartOf\":{\"@id\":\"https:\/\/instytutpolski.pl\/petersburg\/#website\"},\"primaryImageOfPage\":{\"@id\":\"https:\/\/instytutpolski.pl\/petersburg\/pl\/jezyk-polski\/certyfikacja-znajomosci-jezyka-polskiego\/#primaryimage\"},\"image\":{\"@id\":\"https:\/\/instytutpolski.pl\/petersburg\/pl\/jezyk-polski\/certyfikacja-znajomosci-jezyka-polskiego\/#primaryimage\"},\"thumbnailUrl\":\"https:\/\/instytutpolski.pl\/petersburg\/wp-content\/uploads\/sites\/9\/2019\/06\/certyfikacja-znajomosci.jpg\",\"datePublished\":\"2019-06-26T09:19:56+00:00\",\"dateModified\":\"2020-07-06T11:19:24+00:00\",\"breadcrumb\":{\"@id\":\"https:\/\/instytutpolski.pl\/petersburg\/pl\/jezyk-polski\/certyfikacja-znajomosci-jezyka-polskiego\/#breadcrumb\"},\"inLanguage\":\"pl-PL\",\"potentialAction\":[{\"@type\":\"ReadAction\",\"target\":[\"https:\/\/instytutpolski.pl\/petersburg\/pl\/jezyk-polski\/certyfikacja-znajomosci-jezyka-polskiego\/\"]}]},{\"@type\":\"ImageObject\",\"inLanguage\":\"pl-PL\",\"@id\":\"https:\/\/instytutpolski.pl\/petersburg\/pl\/jezyk-polski\/certyfikacja-znajomosci-jezyka-polskiego\/#primaryimage\",\"url\":\"https:\/\/instytutpolski.pl\/petersburg\/wp-content\/uploads\/sites\/9\/2019\/06\/certyfikacja-znajomosci.jpg\",\"contentUrl\":\"https:\/\/instytutpolski.pl\/petersburg\/wp-content\/uploads\/sites\/9\/2019\/06\/certyfikacja-znajomosci.jpg\",\"width\":1920,\"height\":700},{\"@type\":\"BreadcrumbList\",\"@id\":\"https:\/\/instytutpolski.pl\/petersburg\/pl\/jezyk-polski\/certyfikacja-znajomosci-jezyka-polskiego\/#breadcrumb\",\"itemListElement\":[{\"@type\":\"ListItem\",\"position\":1,\"name\":\"Home\",\"item\":\"https:\/\/instytutpolski.pl\/petersburg\/\"},{\"@type\":\"ListItem\",\"position\":2,\"name\":\"J\u0119zyk polski\",\"item\":\"https:\/\/instytutpolski.pl\/petersburg\/pl\/jezyk-polski\/\"},{\"@type\":\"ListItem\",\"position\":3,\"name\":\"Certyfikacja znajomo\u015bci j\u0119zyka polskiego\"}]},{\"@type\":\"WebSite\",\"@id\":\"https:\/\/instytutpolski.pl\/petersburg\/#website\",\"url\":\"https:\/\/instytutpolski.pl\/petersburg\/\",\"name\":\"Instytut Polski w Petersburgu\",\"description\":\"Instytuty Polskie\",\"potentialAction\":[{\"@type\":\"SearchAction\",\"target\":{\"@type\":\"EntryPoint\",\"urlTemplate\":\"https:\/\/instytutpolski.pl\/petersburg\/?s={search_term_string}\"},\"query-input\":{\"@type\":\"PropertyValueSpecification\",\"valueRequired\":true,\"valueName\":\"search_term_string\"}}],\"inLanguage\":\"pl-PL\"}]}<\/script>\n<!-- \/ Yoast SEO plugin. -->","yoast_head_json":{"title":"Certyfikacja znajomo\u015bci j\u0119zyka polskiego - Instytut Polski w Petersburgu","robots":{"index":"noindex","follow":"follow","max-snippet":"max-snippet:-1","max-image-preview":"max-image-preview:large","max-video-preview":"max-video-preview:-1"},"og_locale":"pl_PL","og_type":"article","og_title":"Certyfikacja znajomo\u015bci j\u0119zyka polskiego - Instytut Polski w Petersburgu","og_description":"CERTYFIKOWANY EGZAMIN Z J\u0118ZYKA POLSKIEGO Egzaminy certyfikatowe z j\u0119zyka polskiego jako obcego przeprowadzaj\u0105 podmioty uprawnione do przeprowadzania egzamin\u00f3w wed\u0142ug zasad znowelizowanej Ustawy o j\u0119zyku polskim z dn. 12 listopada 2015 r., Rozporz\u0105dzenia w sprawie Pa\u0144stwowej Komisji do spraw Po\u015bwiadczania Znajomo\u015bci J\u0119zyka Polskiego jako Obcego z 11 grudnia 2015 r. oraz Rozporz\u0105dzenia w sprawie egzamin\u00f3w z [&hellip;]","og_url":"https:\/\/instytutpolski.pl\/petersburg\/pl\/jezyk-polski\/certyfikacja-znajomosci-jezyka-polskiego\/","og_site_name":"Instytut Polski w Petersburgu","article_modified_time":"2020-07-06T11:19:24+00:00","og_image":[{"width":1920,"height":700,"url":"https:\/\/instytutpolski.pl\/petersburg\/wp-content\/uploads\/sites\/9\/2019\/06\/certyfikacja-znajomosci.jpg","type":"image\/jpeg"}],"twitter_card":"summary_large_image","twitter_misc":{"Szacowany czas czytania":"1 minuta"},"schema":{"@context":"https:\/\/schema.org","@graph":[{"@type":"WebPage","@id":"https:\/\/instytutpolski.pl\/petersburg\/pl\/jezyk-polski\/certyfikacja-znajomosci-jezyka-polskiego\/","url":"https:\/\/instytutpolski.pl\/petersburg\/pl\/jezyk-polski\/certyfikacja-znajomosci-jezyka-polskiego\/","name":"Certyfikacja znajomo\u015bci j\u0119zyka polskiego - Instytut Polski w Petersburgu","isPartOf":{"@id":"https:\/\/instytutpolski.pl\/petersburg\/#website"},"primaryImageOfPage":{"@id":"https:\/\/instytutpolski.pl\/petersburg\/pl\/jezyk-polski\/certyfikacja-znajomosci-jezyka-polskiego\/#primaryimage"},"image":{"@id":"https:\/\/instytutpolski.pl\/petersburg\/pl\/jezyk-polski\/certyfikacja-znajomosci-jezyka-polskiego\/#primaryimage"},"thumbnailUrl":"https:\/\/instytutpolski.pl\/petersburg\/wp-content\/uploads\/sites\/9\/2019\/06\/certyfikacja-znajomosci.jpg","datePublished":"2019-06-26T09:19:56+00:00","dateModified":"2020-07-06T11:19:24+00:00","breadcrumb":{"@id":"https:\/\/instytutpolski.pl\/petersburg\/pl\/jezyk-polski\/certyfikacja-znajomosci-jezyka-polskiego\/#breadcrumb"},"inLanguage":"pl-PL","potentialAction":[{"@type":"ReadAction","target":["https:\/\/instytutpolski.pl\/petersburg\/pl\/jezyk-polski\/certyfikacja-znajomosci-jezyka-polskiego\/"]}]},{"@type":"ImageObject","inLanguage":"pl-PL","@id":"https:\/\/instytutpolski.pl\/petersburg\/pl\/jezyk-polski\/certyfikacja-znajomosci-jezyka-polskiego\/#primaryimage","url":"https:\/\/instytutpolski.pl\/petersburg\/wp-content\/uploads\/sites\/9\/2019\/06\/certyfikacja-znajomosci.jpg","contentUrl":"https:\/\/instytutpolski.pl\/petersburg\/wp-content\/uploads\/sites\/9\/2019\/06\/certyfikacja-znajomosci.jpg","width":1920,"height":700},{"@type":"BreadcrumbList","@id":"https:\/\/instytutpolski.pl\/petersburg\/pl\/jezyk-polski\/certyfikacja-znajomosci-jezyka-polskiego\/#breadcrumb","itemListElement":[{"@type":"ListItem","position":1,"name":"Home","item":"https:\/\/instytutpolski.pl\/petersburg\/"},{"@type":"ListItem","position":2,"name":"J\u0119zyk polski","item":"https:\/\/instytutpolski.pl\/petersburg\/pl\/jezyk-polski\/"},{"@type":"ListItem","position":3,"name":"Certyfikacja znajomo\u015bci j\u0119zyka polskiego"}]},{"@type":"WebSite","@id":"https:\/\/instytutpolski.pl\/petersburg\/#website","url":"https:\/\/instytutpolski.pl\/petersburg\/","name":"Instytut Polski w Petersburgu","description":"Instytuty Polskie","potentialAction":[{"@type":"SearchAction","target":{"@type":"EntryPoint","urlTemplate":"https:\/\/instytutpolski.pl\/petersburg\/?s={search_term_string}"},"query-input":{"@type":"PropertyValueSpecification","valueRequired":true,"valueName":"search_term_string"}}],"inLanguage":"pl-PL"}]}},"_links":{"self":[{"href":"https:\/\/instytutpolski.pl\/petersburg\/wp-json\/wp\/v2\/pages\/471","targetHints":{"allow":["GET"]}}],"collection":[{"href":"https:\/\/instytutpolski.pl\/petersburg\/wp-json\/wp\/v2\/pages"}],"about":[{"href":"https:\/\/instytutpolski.pl\/petersburg\/wp-json\/wp\/v2\/types\/page"}],"author":[{"embeddable":true,"href":"https:\/\/instytutpolski.pl\/petersburg\/wp-json\/wp\/v2\/users\/1"}],"replies":[{"embeddable":true,"href":"https:\/\/instytutpolski.pl\/petersburg\/wp-json\/wp\/v2\/comments?post=471"}],"version-history":[{"count":2,"href":"https:\/\/instytutpolski.pl\/petersburg\/wp-json\/wp\/v2\/pages\/471\/revisions"}],"predecessor-version":[{"id":3038,"href":"https:\/\/instytutpolski.pl\/petersburg\/wp-json\/wp\/v2\/pages\/471\/revisions\/3038"}],"up":[{"embeddable":true,"href":"https:\/\/instytutpolski.pl\/petersburg\/wp-json\/wp\/v2\/pages\/441"}],"wp:featuredmedia":[{"embeddable":true,"href":"https:\/\/instytutpolski.pl\/petersburg\/wp-json\/wp\/v2\/media\/469"}],"wp:attachment":[{"href":"https:\/\/instytutpolski.pl\/petersburg\/wp-json\/wp\/v2\/media?parent=471"}],"curies":[{"name":"wp","href":"https:\/\/api.w.org\/{rel}","templated":true}]}}