{"id":486,"date":"2019-06-26T11:25:36","date_gmt":"2019-06-26T09:25:36","guid":{"rendered":"https:\/\/instytutpolski.pl\/petersburg\/?page_id=486"},"modified":"2022-09-23T12:19:18","modified_gmt":"2022-09-23T10:19:18","slug":"biblioteka","status":"publish","type":"page","link":"https:\/\/instytutpolski.pl\/petersburg\/pl\/o-instytucie-polskim\/biblioteka\/","title":{"rendered":"Biblioteka"},"content":{"rendered":"\n<p>Instytut Polski w Sankt Petersburgu dysponuje bibliotek\u0105 obejmuj\u0105c\u0105 ponad 2600&nbsp; ksi\u0105\u017cek, g\u0142\u00f3wnie beletrystyki polskiej w wydaniach oryginalnych i t\u0142umaczeniach. Obok literatury dla doros\u0142ych biblioteka posiada r\u00f3wnie\u017c dzia\u0142 z literatur\u0105 dla dzieci. Ksi\u0119gozbi\u00f3r jest na bie\u017c\u0105co aktualizowany i uzupe\u0142niany. Opr\u00f3cz ksi\u0105\u017cek wypo\u017cyczy\u0107 mo\u017cna tak\u017ce p\u0142yty kompaktowe oraz DVD z polskimi filmami fabularnymi i dokumentalnymi. Na miejscu dost\u0119pne s\u0105 tak\u017ce materia\u0142y informacyjne na temat Polski w formie folder\u00f3w i broszur.<\/p>\n\n\n\n<p>Nasze zbiory udost\u0119pniamy bezp\u0142atnie wszystkim zainteresowanym, kt\u00f3rzy zdecyduj\u0105 si\u0119 na za\u0142o\u017cenie u nas karty bibliotecznej (nale\u017cy przedstawi\u0107 dow\u00f3d to\u017csamo\u015bci ze zdj\u0119ciem).<\/p>\n\n\n\n<p><strong>Zapraszamy do wyszukiwania ksi\u0105\u017cek w katalogu dost\u0119pnym on-line:&nbsp;<\/strong><a href=\"https:\/\/szukamksi\u0105\u017cki.pl\/SkNewWeb\/bstart\/508002162\">https:\/\/szukamksi\u0105\u017cki.pl\/SkNewWeb\/bstart\/508002162<\/a><strong> Biblioteki Instytutu Polskiego w Sankt Petersburgu.<\/strong>&nbsp;<\/p>\n\n\n\n<p><strong>Godziny <\/strong>pracy Biblioteki Instytutu Polskiego:<\/p>\n\n\n\n<p>wtorek: 14.00-17.00<br>czwartek:&nbsp; 14.00-17.00<\/p>\n\n\n\n<p><strong>Kontakt<\/strong>:<\/p>\n\n\n\n<p><br>Tel.&nbsp;+7&nbsp;812&nbsp;336 31 48&nbsp;lub&nbsp;<a href=\"mailto:petersburg@instytutpolski.pl\">petersburg@instytutpolski.pl<\/a><\/p>\n\n\n\n<p>Zapraszamy do zapoznania si\u0119 z Wirtualn\u0105 Bibliotek\u0105 Literatury Polskiej, przygotowan\u0105 przez Uniwersytet Gda\u0144ski przy wsp\u00f3\u0142pracy Polskiego Komitetu ds. UNESCO, kt\u00f3ra liczy ponad 100 pozycji dost\u0119pnych online \u2013&nbsp;<a href=\"http:\/\/literat.ug.edu.pl\/books.htm\" target=\"_blank\" rel=\"noreferrer noopener\">Wirtualna Biblioteka Literatury Polskiej<\/a><\/p>\n\n\n\n<figure class=\"wp-block-image size-full\"><img loading=\"lazy\" decoding=\"async\" width=\"1199\" height=\"677\" src=\"https:\/\/instytutpolski.pl\/petersburg\/wp-content\/uploads\/sites\/9\/2021\/04\/biblio-anima-small.gif\" alt=\"\" class=\"wp-image-3952\"\/><\/figure>\n\n\n","protected":false},"excerpt":{"rendered":"<p>Instytut Polski w Sankt Petersburgu dysponuje bibliotek\u0105 obejmuj\u0105c\u0105 ponad 2600&nbsp; ksi\u0105\u017cek, g\u0142\u00f3wnie beletrystyki polskiej w wydaniach oryginalnych i t\u0142umaczeniach. Obok literatury dla doros\u0142ych biblioteka posiada r\u00f3wnie\u017c dzia\u0142 z literatur\u0105 dla dzieci. Ksi\u0119gozbi\u00f3r jest na bie\u017c\u0105co aktualizowany i uzupe\u0142niany. Opr\u00f3cz ksi\u0105\u017cek wypo\u017cyczy\u0107 mo\u017cna tak\u017ce p\u0142yty kompaktowe oraz DVD z polskimi filmami fabularnymi i dokumentalnymi. Na miejscu [&hellip;]<\/p>\n","protected":false},"author":1,"featured_media":5292,"parent":478,"menu_order":0,"comment_status":"closed","ping_status":"closed","template":"","meta":{"inline_featured_image":false,"_monsterinsights_skip_tracking":false,"_monsterinsights_sitenote_active":false,"_monsterinsights_sitenote_note":"","_monsterinsights_sitenote_category":0,"footnotes":""},"class_list":["post-486","page","type-page","status-publish","has-post-thumbnail","hentry"],"yoast_head":"<!-- This site is optimized with the Yoast SEO plugin v24.6 - https:\/\/yoast.com\/wordpress\/plugins\/seo\/ -->\n<title>Biblioteka - Instytut Polski w Petersburgu<\/title>\n<meta name=\"robots\" content=\"noindex, follow, max-snippet:-1, max-image-preview:large, max-video-preview:-1\" \/>\n<meta property=\"og:locale\" content=\"pl_PL\" \/>\n<meta property=\"og:type\" content=\"article\" \/>\n<meta property=\"og:title\" content=\"Biblioteka - Instytut Polski w Petersburgu\" \/>\n<meta property=\"og:description\" content=\"Instytut Polski w Sankt Petersburgu dysponuje bibliotek\u0105 obejmuj\u0105c\u0105 ponad 2600&nbsp; ksi\u0105\u017cek, g\u0142\u00f3wnie beletrystyki polskiej w wydaniach oryginalnych i t\u0142umaczeniach. Obok literatury dla doros\u0142ych biblioteka posiada r\u00f3wnie\u017c dzia\u0142 z literatur\u0105 dla dzieci. Ksi\u0119gozbi\u00f3r jest na bie\u017c\u0105co aktualizowany i uzupe\u0142niany. Opr\u00f3cz ksi\u0105\u017cek wypo\u017cyczy\u0107 mo\u017cna tak\u017ce p\u0142yty kompaktowe oraz DVD z polskimi filmami fabularnymi i dokumentalnymi. Na miejscu [&hellip;]\" \/>\n<meta property=\"og:url\" content=\"https:\/\/instytutpolski.pl\/petersburg\/pl\/o-instytucie-polskim\/biblioteka\/\" \/>\n<meta property=\"og:site_name\" content=\"Instytut Polski w Petersburgu\" \/>\n<meta property=\"article:modified_time\" content=\"2022-09-23T10:19:18+00:00\" \/>\n<meta property=\"og:image\" content=\"https:\/\/instytutpolski.pl\/petersburg\/wp-content\/uploads\/sites\/9\/2022\/09\/20220907_093929-scaled.jpg\" \/>\n\t<meta property=\"og:image:width\" content=\"2560\" \/>\n\t<meta property=\"og:image:height\" content=\"1920\" \/>\n\t<meta property=\"og:image:type\" content=\"image\/jpeg\" \/>\n<meta name=\"twitter:card\" content=\"summary_large_image\" \/>\n<meta name=\"twitter:label1\" content=\"Szacowany czas czytania\" \/>\n\t<meta name=\"twitter:data1\" content=\"2 minuty\" \/>\n<script type=\"application\/ld+json\" class=\"yoast-schema-graph\">{\"@context\":\"https:\/\/schema.org\",\"@graph\":[{\"@type\":\"WebPage\",\"@id\":\"https:\/\/instytutpolski.pl\/petersburg\/pl\/o-instytucie-polskim\/biblioteka\/\",\"url\":\"https:\/\/instytutpolski.pl\/petersburg\/pl\/o-instytucie-polskim\/biblioteka\/\",\"name\":\"Biblioteka - Instytut Polski w Petersburgu\",\"isPartOf\":{\"@id\":\"https:\/\/instytutpolski.pl\/petersburg\/#website\"},\"primaryImageOfPage\":{\"@id\":\"https:\/\/instytutpolski.pl\/petersburg\/pl\/o-instytucie-polskim\/biblioteka\/#primaryimage\"},\"image\":{\"@id\":\"https:\/\/instytutpolski.pl\/petersburg\/pl\/o-instytucie-polskim\/biblioteka\/#primaryimage\"},\"thumbnailUrl\":\"https:\/\/instytutpolski.pl\/petersburg\/wp-content\/uploads\/sites\/9\/2022\/09\/20220907_093929-scaled.jpg\",\"datePublished\":\"2019-06-26T09:25:36+00:00\",\"dateModified\":\"2022-09-23T10:19:18+00:00\",\"breadcrumb\":{\"@id\":\"https:\/\/instytutpolski.pl\/petersburg\/pl\/o-instytucie-polskim\/biblioteka\/#breadcrumb\"},\"inLanguage\":\"pl-PL\",\"potentialAction\":[{\"@type\":\"ReadAction\",\"target\":[\"https:\/\/instytutpolski.pl\/petersburg\/pl\/o-instytucie-polskim\/biblioteka\/\"]}]},{\"@type\":\"ImageObject\",\"inLanguage\":\"pl-PL\",\"@id\":\"https:\/\/instytutpolski.pl\/petersburg\/pl\/o-instytucie-polskim\/biblioteka\/#primaryimage\",\"url\":\"https:\/\/instytutpolski.pl\/petersburg\/wp-content\/uploads\/sites\/9\/2022\/09\/20220907_093929-scaled.jpg\",\"contentUrl\":\"https:\/\/instytutpolski.pl\/petersburg\/wp-content\/uploads\/sites\/9\/2022\/09\/20220907_093929-scaled.jpg\",\"width\":2560,\"height\":1920},{\"@type\":\"BreadcrumbList\",\"@id\":\"https:\/\/instytutpolski.pl\/petersburg\/pl\/o-instytucie-polskim\/biblioteka\/#breadcrumb\",\"itemListElement\":[{\"@type\":\"ListItem\",\"position\":1,\"name\":\"Home\",\"item\":\"https:\/\/instytutpolski.pl\/petersburg\/\"},{\"@type\":\"ListItem\",\"position\":2,\"name\":\"O Instytucie Polskim\",\"item\":\"https:\/\/instytutpolski.pl\/petersburg\/pl\/o-instytucie-polskim\/\"},{\"@type\":\"ListItem\",\"position\":3,\"name\":\"Biblioteka\"}]},{\"@type\":\"WebSite\",\"@id\":\"https:\/\/instytutpolski.pl\/petersburg\/#website\",\"url\":\"https:\/\/instytutpolski.pl\/petersburg\/\",\"name\":\"Instytut Polski w Petersburgu\",\"description\":\"Instytuty Polskie\",\"potentialAction\":[{\"@type\":\"SearchAction\",\"target\":{\"@type\":\"EntryPoint\",\"urlTemplate\":\"https:\/\/instytutpolski.pl\/petersburg\/?s={search_term_string}\"},\"query-input\":{\"@type\":\"PropertyValueSpecification\",\"valueRequired\":true,\"valueName\":\"search_term_string\"}}],\"inLanguage\":\"pl-PL\"}]}<\/script>\n<!-- \/ Yoast SEO plugin. -->","yoast_head_json":{"title":"Biblioteka - Instytut Polski w Petersburgu","robots":{"index":"noindex","follow":"follow","max-snippet":"max-snippet:-1","max-image-preview":"max-image-preview:large","max-video-preview":"max-video-preview:-1"},"og_locale":"pl_PL","og_type":"article","og_title":"Biblioteka - Instytut Polski w Petersburgu","og_description":"Instytut Polski w Sankt Petersburgu dysponuje bibliotek\u0105 obejmuj\u0105c\u0105 ponad 2600&nbsp; ksi\u0105\u017cek, g\u0142\u00f3wnie beletrystyki polskiej w wydaniach oryginalnych i t\u0142umaczeniach. Obok literatury dla doros\u0142ych biblioteka posiada r\u00f3wnie\u017c dzia\u0142 z literatur\u0105 dla dzieci. Ksi\u0119gozbi\u00f3r jest na bie\u017c\u0105co aktualizowany i uzupe\u0142niany. Opr\u00f3cz ksi\u0105\u017cek wypo\u017cyczy\u0107 mo\u017cna tak\u017ce p\u0142yty kompaktowe oraz DVD z polskimi filmami fabularnymi i dokumentalnymi. Na miejscu [&hellip;]","og_url":"https:\/\/instytutpolski.pl\/petersburg\/pl\/o-instytucie-polskim\/biblioteka\/","og_site_name":"Instytut Polski w Petersburgu","article_modified_time":"2022-09-23T10:19:18+00:00","og_image":[{"width":2560,"height":1920,"url":"https:\/\/instytutpolski.pl\/petersburg\/wp-content\/uploads\/sites\/9\/2022\/09\/20220907_093929-scaled.jpg","type":"image\/jpeg"}],"twitter_card":"summary_large_image","twitter_misc":{"Szacowany czas czytania":"2 minuty"},"schema":{"@context":"https:\/\/schema.org","@graph":[{"@type":"WebPage","@id":"https:\/\/instytutpolski.pl\/petersburg\/pl\/o-instytucie-polskim\/biblioteka\/","url":"https:\/\/instytutpolski.pl\/petersburg\/pl\/o-instytucie-polskim\/biblioteka\/","name":"Biblioteka - Instytut Polski w Petersburgu","isPartOf":{"@id":"https:\/\/instytutpolski.pl\/petersburg\/#website"},"primaryImageOfPage":{"@id":"https:\/\/instytutpolski.pl\/petersburg\/pl\/o-instytucie-polskim\/biblioteka\/#primaryimage"},"image":{"@id":"https:\/\/instytutpolski.pl\/petersburg\/pl\/o-instytucie-polskim\/biblioteka\/#primaryimage"},"thumbnailUrl":"https:\/\/instytutpolski.pl\/petersburg\/wp-content\/uploads\/sites\/9\/2022\/09\/20220907_093929-scaled.jpg","datePublished":"2019-06-26T09:25:36+00:00","dateModified":"2022-09-23T10:19:18+00:00","breadcrumb":{"@id":"https:\/\/instytutpolski.pl\/petersburg\/pl\/o-instytucie-polskim\/biblioteka\/#breadcrumb"},"inLanguage":"pl-PL","potentialAction":[{"@type":"ReadAction","target":["https:\/\/instytutpolski.pl\/petersburg\/pl\/o-instytucie-polskim\/biblioteka\/"]}]},{"@type":"ImageObject","inLanguage":"pl-PL","@id":"https:\/\/instytutpolski.pl\/petersburg\/pl\/o-instytucie-polskim\/biblioteka\/#primaryimage","url":"https:\/\/instytutpolski.pl\/petersburg\/wp-content\/uploads\/sites\/9\/2022\/09\/20220907_093929-scaled.jpg","contentUrl":"https:\/\/instytutpolski.pl\/petersburg\/wp-content\/uploads\/sites\/9\/2022\/09\/20220907_093929-scaled.jpg","width":2560,"height":1920},{"@type":"BreadcrumbList","@id":"https:\/\/instytutpolski.pl\/petersburg\/pl\/o-instytucie-polskim\/biblioteka\/#breadcrumb","itemListElement":[{"@type":"ListItem","position":1,"name":"Home","item":"https:\/\/instytutpolski.pl\/petersburg\/"},{"@type":"ListItem","position":2,"name":"O Instytucie Polskim","item":"https:\/\/instytutpolski.pl\/petersburg\/pl\/o-instytucie-polskim\/"},{"@type":"ListItem","position":3,"name":"Biblioteka"}]},{"@type":"WebSite","@id":"https:\/\/instytutpolski.pl\/petersburg\/#website","url":"https:\/\/instytutpolski.pl\/petersburg\/","name":"Instytut Polski w Petersburgu","description":"Instytuty Polskie","potentialAction":[{"@type":"SearchAction","target":{"@type":"EntryPoint","urlTemplate":"https:\/\/instytutpolski.pl\/petersburg\/?s={search_term_string}"},"query-input":{"@type":"PropertyValueSpecification","valueRequired":true,"valueName":"search_term_string"}}],"inLanguage":"pl-PL"}]}},"_links":{"self":[{"href":"https:\/\/instytutpolski.pl\/petersburg\/wp-json\/wp\/v2\/pages\/486","targetHints":{"allow":["GET"]}}],"collection":[{"href":"https:\/\/instytutpolski.pl\/petersburg\/wp-json\/wp\/v2\/pages"}],"about":[{"href":"https:\/\/instytutpolski.pl\/petersburg\/wp-json\/wp\/v2\/types\/page"}],"author":[{"embeddable":true,"href":"https:\/\/instytutpolski.pl\/petersburg\/wp-json\/wp\/v2\/users\/1"}],"replies":[{"embeddable":true,"href":"https:\/\/instytutpolski.pl\/petersburg\/wp-json\/wp\/v2\/comments?post=486"}],"version-history":[{"count":12,"href":"https:\/\/instytutpolski.pl\/petersburg\/wp-json\/wp\/v2\/pages\/486\/revisions"}],"predecessor-version":[{"id":5316,"href":"https:\/\/instytutpolski.pl\/petersburg\/wp-json\/wp\/v2\/pages\/486\/revisions\/5316"}],"up":[{"embeddable":true,"href":"https:\/\/instytutpolski.pl\/petersburg\/wp-json\/wp\/v2\/pages\/478"}],"wp:featuredmedia":[{"embeddable":true,"href":"https:\/\/instytutpolski.pl\/petersburg\/wp-json\/wp\/v2\/media\/5292"}],"wp:attachment":[{"href":"https:\/\/instytutpolski.pl\/petersburg\/wp-json\/wp\/v2\/media?parent=486"}],"curies":[{"name":"wp","href":"https:\/\/api.w.org\/{rel}","templated":true}]}}