{"id":553,"date":"2019-06-26T11:20:09","date_gmt":"2019-06-26T09:20:09","guid":{"rendered":"https:\/\/instytutpolski.pl\/petersburg\/?page_id=553"},"modified":"2020-11-13T12:38:09","modified_gmt":"2020-11-13T11:38:09","slug":"kursy-i-materialy-online","status":"publish","type":"page","link":"https:\/\/instytutpolski.pl\/petersburg\/pl\/jezyk-polski\/kursy-i-materialy-online\/","title":{"rendered":"Kursy i materia\u0142y online"},"content":{"rendered":"\n<p>\u201ePo polsku po Polsce\u201d to platforma e-learningowa do nauki j\u0119zyka polskiego jako obcego<\/p>\n\n\n\n<p>dla pocz\u0105tkuj\u0105cych (poziom A1), zaplanowana jako wirtualna podr\u00f3\u017c po Polsce.<\/p>\n\n\n\n<p><a href=\"http:\/\/www.popolskupopolsce.edu.pl\/kurs-jezyka-polskiego\">http:\/\/www.popolskupopolsce.edu.pl\/kurs-jezyka-polskiego<\/a><\/p>\n\n\n\n<p><\/p>\n\n\n\n<p><strong><u>KURSY I MATERIA\u0141Y ONLINE<\/u><\/strong><\/p>\n\n\n\n<p><a href=\"http:\/\/www.odmiana.net\/\">http:\/\/www.odmiana.net\/<\/a><\/p>\n\n\n\n<p><a href=\"https:\/\/pl.bab.la\/koniugacja\/\">https:\/\/pl.bab.la\/koniugacja\/<\/a><\/p>\n\n\n\n<p><a href=\"http:\/\/www.popolskupopolsce.edu.pl\/kurs-jezyka-polskiego\">http:\/\/www.popolskupopolsce.edu.pl\/kurs-jezyka-polskiego<\/a><\/p>\n\n\n\n<p><a href=\"http:\/\/www.babadum.com\/\">http:\/\/www.babadum.com\/<\/a><\/p>\n\n\n\n<p><a href=\"http:\/\/wlaczpolske.pl\/\">http:\/\/wlaczpolske.pl\/<\/a><\/p>\n","protected":false},"excerpt":{"rendered":"<p>\u201ePo polsku po Polsce\u201d to platforma e-learningowa do nauki j\u0119zyka polskiego jako obcego dla pocz\u0105tkuj\u0105cych (poziom A1), zaplanowana jako wirtualna podr\u00f3\u017c po Polsce. http:\/\/www.popolskupopolsce.edu.pl\/kurs-jezyka-polskiego KURSY I MATERIA\u0141Y ONLINE http:\/\/www.odmiana.net\/ https:\/\/pl.bab.la\/koniugacja\/ http:\/\/www.popolskupopolsce.edu.pl\/kurs-jezyka-polskiego http:\/\/www.babadum.com\/ http:\/\/wlaczpolske.pl\/<\/p>\n","protected":false},"author":1,"featured_media":0,"parent":441,"menu_order":0,"comment_status":"closed","ping_status":"closed","template":"","meta":{"inline_featured_image":false,"_monsterinsights_skip_tracking":false,"_monsterinsights_sitenote_active":false,"_monsterinsights_sitenote_note":"","_monsterinsights_sitenote_category":0,"footnotes":""},"class_list":["post-553","page","type-page","status-publish","hentry"],"yoast_head":"<!-- This site is optimized with the Yoast SEO plugin v24.6 - https:\/\/yoast.com\/wordpress\/plugins\/seo\/ -->\n<title>Kursy i materia\u0142y online - Instytut Polski w Petersburgu<\/title>\n<meta name=\"robots\" content=\"noindex, follow, max-snippet:-1, max-image-preview:large, max-video-preview:-1\" \/>\n<meta property=\"og:locale\" content=\"pl_PL\" \/>\n<meta property=\"og:type\" content=\"article\" \/>\n<meta property=\"og:title\" content=\"Kursy i materia\u0142y online - Instytut Polski w Petersburgu\" \/>\n<meta property=\"og:description\" content=\"\u201ePo polsku po Polsce\u201d to platforma e-learningowa do nauki j\u0119zyka polskiego jako obcego dla pocz\u0105tkuj\u0105cych (poziom A1), zaplanowana jako wirtualna podr\u00f3\u017c po Polsce. http:\/\/www.popolskupopolsce.edu.pl\/kurs-jezyka-polskiego KURSY I MATERIA\u0141Y ONLINE http:\/\/www.odmiana.net\/ https:\/\/pl.bab.la\/koniugacja\/ http:\/\/www.popolskupopolsce.edu.pl\/kurs-jezyka-polskiego http:\/\/www.babadum.com\/ http:\/\/wlaczpolske.pl\/\" \/>\n<meta property=\"og:url\" content=\"https:\/\/instytutpolski.pl\/petersburg\/pl\/jezyk-polski\/kursy-i-materialy-online\/\" \/>\n<meta property=\"og:site_name\" content=\"Instytut Polski w Petersburgu\" \/>\n<meta property=\"article:modified_time\" content=\"2020-11-13T11:38:09+00:00\" \/>\n<meta name=\"twitter:card\" content=\"summary_large_image\" \/>\n<script type=\"application\/ld+json\" class=\"yoast-schema-graph\">{\"@context\":\"https:\/\/schema.org\",\"@graph\":[{\"@type\":\"WebPage\",\"@id\":\"https:\/\/instytutpolski.pl\/petersburg\/pl\/jezyk-polski\/kursy-i-materialy-online\/\",\"url\":\"https:\/\/instytutpolski.pl\/petersburg\/pl\/jezyk-polski\/kursy-i-materialy-online\/\",\"name\":\"Kursy i materia\u0142y online - Instytut Polski w Petersburgu\",\"isPartOf\":{\"@id\":\"https:\/\/instytutpolski.pl\/petersburg\/#website\"},\"datePublished\":\"2019-06-26T09:20:09+00:00\",\"dateModified\":\"2020-11-13T11:38:09+00:00\",\"breadcrumb\":{\"@id\":\"https:\/\/instytutpolski.pl\/petersburg\/pl\/jezyk-polski\/kursy-i-materialy-online\/#breadcrumb\"},\"inLanguage\":\"pl-PL\",\"potentialAction\":[{\"@type\":\"ReadAction\",\"target\":[\"https:\/\/instytutpolski.pl\/petersburg\/pl\/jezyk-polski\/kursy-i-materialy-online\/\"]}]},{\"@type\":\"BreadcrumbList\",\"@id\":\"https:\/\/instytutpolski.pl\/petersburg\/pl\/jezyk-polski\/kursy-i-materialy-online\/#breadcrumb\",\"itemListElement\":[{\"@type\":\"ListItem\",\"position\":1,\"name\":\"Home\",\"item\":\"https:\/\/instytutpolski.pl\/petersburg\/\"},{\"@type\":\"ListItem\",\"position\":2,\"name\":\"J\u0119zyk polski\",\"item\":\"https:\/\/instytutpolski.pl\/petersburg\/pl\/jezyk-polski\/\"},{\"@type\":\"ListItem\",\"position\":3,\"name\":\"Kursy i materia\u0142y online\"}]},{\"@type\":\"WebSite\",\"@id\":\"https:\/\/instytutpolski.pl\/petersburg\/#website\",\"url\":\"https:\/\/instytutpolski.pl\/petersburg\/\",\"name\":\"Instytut Polski w Petersburgu\",\"description\":\"Instytuty Polskie\",\"potentialAction\":[{\"@type\":\"SearchAction\",\"target\":{\"@type\":\"EntryPoint\",\"urlTemplate\":\"https:\/\/instytutpolski.pl\/petersburg\/?s={search_term_string}\"},\"query-input\":{\"@type\":\"PropertyValueSpecification\",\"valueRequired\":true,\"valueName\":\"search_term_string\"}}],\"inLanguage\":\"pl-PL\"}]}<\/script>\n<!-- \/ Yoast SEO plugin. -->","yoast_head_json":{"title":"Kursy i materia\u0142y online - Instytut Polski w Petersburgu","robots":{"index":"noindex","follow":"follow","max-snippet":"max-snippet:-1","max-image-preview":"max-image-preview:large","max-video-preview":"max-video-preview:-1"},"og_locale":"pl_PL","og_type":"article","og_title":"Kursy i materia\u0142y online - Instytut Polski w Petersburgu","og_description":"\u201ePo polsku po Polsce\u201d to platforma e-learningowa do nauki j\u0119zyka polskiego jako obcego dla pocz\u0105tkuj\u0105cych (poziom A1), zaplanowana jako wirtualna podr\u00f3\u017c po Polsce. http:\/\/www.popolskupopolsce.edu.pl\/kurs-jezyka-polskiego KURSY I MATERIA\u0141Y ONLINE http:\/\/www.odmiana.net\/ https:\/\/pl.bab.la\/koniugacja\/ http:\/\/www.popolskupopolsce.edu.pl\/kurs-jezyka-polskiego http:\/\/www.babadum.com\/ http:\/\/wlaczpolske.pl\/","og_url":"https:\/\/instytutpolski.pl\/petersburg\/pl\/jezyk-polski\/kursy-i-materialy-online\/","og_site_name":"Instytut Polski w Petersburgu","article_modified_time":"2020-11-13T11:38:09+00:00","twitter_card":"summary_large_image","schema":{"@context":"https:\/\/schema.org","@graph":[{"@type":"WebPage","@id":"https:\/\/instytutpolski.pl\/petersburg\/pl\/jezyk-polski\/kursy-i-materialy-online\/","url":"https:\/\/instytutpolski.pl\/petersburg\/pl\/jezyk-polski\/kursy-i-materialy-online\/","name":"Kursy i materia\u0142y online - Instytut Polski w Petersburgu","isPartOf":{"@id":"https:\/\/instytutpolski.pl\/petersburg\/#website"},"datePublished":"2019-06-26T09:20:09+00:00","dateModified":"2020-11-13T11:38:09+00:00","breadcrumb":{"@id":"https:\/\/instytutpolski.pl\/petersburg\/pl\/jezyk-polski\/kursy-i-materialy-online\/#breadcrumb"},"inLanguage":"pl-PL","potentialAction":[{"@type":"ReadAction","target":["https:\/\/instytutpolski.pl\/petersburg\/pl\/jezyk-polski\/kursy-i-materialy-online\/"]}]},{"@type":"BreadcrumbList","@id":"https:\/\/instytutpolski.pl\/petersburg\/pl\/jezyk-polski\/kursy-i-materialy-online\/#breadcrumb","itemListElement":[{"@type":"ListItem","position":1,"name":"Home","item":"https:\/\/instytutpolski.pl\/petersburg\/"},{"@type":"ListItem","position":2,"name":"J\u0119zyk polski","item":"https:\/\/instytutpolski.pl\/petersburg\/pl\/jezyk-polski\/"},{"@type":"ListItem","position":3,"name":"Kursy i materia\u0142y online"}]},{"@type":"WebSite","@id":"https:\/\/instytutpolski.pl\/petersburg\/#website","url":"https:\/\/instytutpolski.pl\/petersburg\/","name":"Instytut Polski w Petersburgu","description":"Instytuty Polskie","potentialAction":[{"@type":"SearchAction","target":{"@type":"EntryPoint","urlTemplate":"https:\/\/instytutpolski.pl\/petersburg\/?s={search_term_string}"},"query-input":{"@type":"PropertyValueSpecification","valueRequired":true,"valueName":"search_term_string"}}],"inLanguage":"pl-PL"}]}},"_links":{"self":[{"href":"https:\/\/instytutpolski.pl\/petersburg\/wp-json\/wp\/v2\/pages\/553","targetHints":{"allow":["GET"]}}],"collection":[{"href":"https:\/\/instytutpolski.pl\/petersburg\/wp-json\/wp\/v2\/pages"}],"about":[{"href":"https:\/\/instytutpolski.pl\/petersburg\/wp-json\/wp\/v2\/types\/page"}],"author":[{"embeddable":true,"href":"https:\/\/instytutpolski.pl\/petersburg\/wp-json\/wp\/v2\/users\/1"}],"replies":[{"embeddable":true,"href":"https:\/\/instytutpolski.pl\/petersburg\/wp-json\/wp\/v2\/comments?post=553"}],"version-history":[{"count":3,"href":"https:\/\/instytutpolski.pl\/petersburg\/wp-json\/wp\/v2\/pages\/553\/revisions"}],"predecessor-version":[{"id":3501,"href":"https:\/\/instytutpolski.pl\/petersburg\/wp-json\/wp\/v2\/pages\/553\/revisions\/3501"}],"up":[{"embeddable":true,"href":"https:\/\/instytutpolski.pl\/petersburg\/wp-json\/wp\/v2\/pages\/441"}],"wp:attachment":[{"href":"https:\/\/instytutpolski.pl\/petersburg\/wp-json\/wp\/v2\/media?parent=553"}],"curies":[{"name":"wp","href":"https:\/\/api.w.org\/{rel}","templated":true}]}}