{"id":596,"date":"2019-06-26T10:41:41","date_gmt":"2019-06-26T08:41:41","guid":{"rendered":"https:\/\/instytutpolski.pl\/petersburg\/?page_id=596"},"modified":"2020-07-30T14:09:35","modified_gmt":"2020-07-30T12:09:35","slug":"stypendia-naukowe","status":"publish","type":"page","link":"https:\/\/instytutpolski.pl\/petersburg\/pl\/poznaj-polske\/stypendia-w-polsce\/stypendia-naukowe\/","title":{"rendered":"Stypendia naukowe"},"content":{"rendered":"\n<p><strong>Gaude Polonia<\/strong><\/p>\n\n\n\n<p>Program stypendialny Ministra Kultury i Dziedzictwa Narodowego dla m\u0142odych tw\u00f3rc\u00f3w kultury oraz t\u0142umaczy literatury polskiej z kraj\u00f3w Europy \u015arodkowo-Wschodniej.<\/p>\n\n\n\n<p><a href=\"https:\/\/www.nck.pl\/dotacje-i-stypendia\/stypendia\/programy\/gaude-polonia\">https:\/\/www.nck.pl\/dotacje-i-stypendia\/stypendia\/programy\/gaude-polonia<\/a><\/p>\n\n\n\n<p><strong>Program J\u0119zyka Polskiego POLONISTA<\/strong><\/p>\n\n\n\n<p>Program stypendialny dla student\u00f3w i naukowc\u00f3w, umo\u017cliwia obcokrajowcom \u2013 studentom studi\u00f3w polonistyki, polonoznawczych lub program\u00f3w polskich w ramach studi\u00f3w slawistycznych (w zakresie j\u0119zyka polskiego) oraz naukowcom z zagranicznych uczelni i instytucji naukowych \u2013 podj\u0119cie studi\u00f3w lub realizacj\u0119 projekt\u00f3w badawczych w Polsce.<\/p>\n\n\n\n<p><a href=\"https:\/\/nawa.gov.pl\/jezyk-polski\/program-dla-studentow-polonistyki-i-studiow-polskich\">https:\/\/nawa.gov.pl\/jezyk-polski\/program-dla-studentow-polonistyki-i-studiow-polskich<\/a><\/p>\n\n\n\n<p><strong>Program im. gen. W\u0142. Andersa (dla Polonii)<\/strong><\/p>\n\n\n\n<p>Program umo\u017cliwia m\u0142odzie\u017cy polskiego pochodzenia (narodowo\u015bci polskiej) i posiadaczom Karty Polaka odbycie studi\u00f3w wy\u017cszych w Polsce wraz z comiesi\u0119cznym stypendium Narodowej Agencji Wymiany Akademickiej.<\/p>\n\n\n\n<p><a href=\"https:\/\/nawa.gov.pl\/studenci\/studenci-zagraniczni\/program-im-gen-andersa\">https:\/\/nawa.gov.pl\/studenci\/studenci-zagraniczni\/program-im-gen-andersa<\/a><\/p>\n\n\n\n<p><strong>Stypendia Wschodnie<\/strong><\/p>\n\n\n\n<p>Studium Europy Wschodniej Uniwersytetu Warszawskiego<\/p>\n\n\n\n<p>Stypendium na odbycie 2-letnich, magisterskich \u201eStudi\u00f3w wschodnich UW\u201d, przeznaczone<\/p>\n\n\n\n<p>dla kandydat\u00f3w z Europy Wschodniej, Ba\u0142kan\u00f3w, Kaukazu i Azji \u015arodkowej.<\/p>\n\n\n\n<p><a href=\"https:\/\/studium.uw.edu.pl\/programy-stypendialne\/stypendia-wschodnie\/\">https:\/\/studium.uw.edu.pl\/programy-stypendialne\/stypendia-wschodnie\/<\/a><\/p>\n\n\n\n<p><strong>Program Stypendialny im. Lane\u2019a Kirklanda<\/strong><\/p>\n\n\n\n<p>Program stypendialny na dwusemestralne studia doskonal\u0105ce na polskich uczelniach oraz<\/p>\n\n\n\n<p>2-tygodniowy sta\u017c zawodowy w instytucjach pa\u0144stwowych lub prywatnych adresowany jest do m\u0142odych lider\u00f3w i ekspert\u00f3w z wy\u017cszym wykszta\u0142ceniem z <strong>Armenii, Azerbejd\u017canu, Bia\u0142orusi, Gruzji,<\/strong><strong> Kazachstanu, Kirgistanu, Mo\u0142dawii, Rosji, Tad\u017cykistanu, Ukrainy i Uzbekistanu, <\/strong>zainteresowanych rozwojem demokracji, gospodarki i spo\u0142ecze\u0144stwa obywatelskiego w swoich krajach i w regionie.<\/p>\n\n\n\n<p><a href=\"http:\/\/kirkland.edu.pl\/kirkland2017\/index.php\">http:\/\/kirkland.edu.pl\/kirkland2017\/index.php<\/a><\/p>\n\n\n\n<p><strong>Wschodnia Szko\u0142a Letnia<\/strong><\/p>\n\n\n\n<p>Studium Europy Wschodniej Uniwersytetu Warszawskiego<\/p>\n\n\n\n<p>Program szko\u0142y przeznaczony jest dla m\u0142odych badaczy z r\u00f3\u017cnych dziedzin nauk humanistycznych, absolwent\u00f3w studi\u00f3w wy\u017cszych, prowadz\u0105cych w\u0142asne badania naukowe.<\/p>\n\n\n\n<p><a href=\"https:\/\/studium.uw.edu.pl\/szkoly\/wschodnia-szkola-letnia\/\">https:\/\/studium.uw.edu.pl\/szkoly\/wschodnia-szkola-letnia\/<\/a><\/p>\n\n\n\n<p><strong>Wschodnia Szko\u0142a Zimowa<\/strong><\/p>\n\n\n\n<p>Studium Europy Wschodniej Uniwersytetu Warszawskiego<\/p>\n\n\n\n<p>Program przeznaczony dla student\u00f3w ostatniego roku studi\u00f3w humanistycznych, przygotowuj\u0105cych prace magisterskie lub licencjackie z zakresu historii i wsp\u00f3\u0142czesno\u015bci Europy \u015arodkowej i Wschodniej.<\/p>\n\n\n\n<p><a href=\"https:\/\/studium.uw.edu.pl\/szkoly\/wschodnia-szkola-zimowa\/\">https:\/\/studium.uw.edu.pl\/szkoly\/wschodnia-szkola-zimowa\/<\/a><\/p>\n\n\n\n<p><strong>Szko\u0142a Polsko \u2013 Rosyjska<\/strong><\/p>\n\n\n\n<p>Studium Europy Wschodniej Uniwersytetu Warszawskiego<\/p>\n\n\n\n<p>Program przeznaczony dla m\u0142odych badaczy z Rosji oraz z Polski z r\u00f3\u017cnych dziedzin humanistyki, zajmuj\u0105cych si\u0119 histori\u0105 i wsp\u00f3\u0142czesno\u015bci\u0105 regionu.<\/p>\n\n\n\n<p><a href=\"https:\/\/studium.uw.edu.pl\/szkoly\/szkola-polsko-rosyjska\/\">https:\/\/studium.uw.edu.pl\/szkoly\/szkola-polsko-rosyjska\/<\/a><\/p>\n\n\n\n<p><strong>Polsko \u2013 Rosyjska Wymiana M\u0142odzie\u017cy<\/strong><\/p>\n\n\n\n<p>Cykliczny projekt Centrum Polsko-Rosyjskiego Dialogu i Porozumienia dla szk\u00f3\u0142, uczelni, fundacji i stowarzysze\u0144, organizacji pozarz\u0105dowych, samorz\u0105d\u00f3w terytorialnych i m\u0142odzie\u017cy w wieku 13\u201426 lat z Polski i Rosji.<\/p>\n\n\n\n<p><a href=\"http:\/\/cprdip.pl\/konkursy,wymiana_mlodziezy.html\">http:\/\/cprdip.pl\/konkursy,wymiana_mlodziezy.html<\/a><\/p>\n\n\n\n<p><strong>Programu Sample Translations \u00a9POLAND<\/strong><\/p>\n\n\n\n<p>Program Instytutu Ksi\u0105\u017cki ma na celu promocj\u0119 literatury polskiej za granic\u0105.<\/p>\n\n\n\n<p>Adresatami programu s\u0105 t\u0142umacze literatury polskiej.<\/p>\n\n\n\n<p><a href=\"https:\/\/instytutksiazki.pl\/zagranica,4,sample-translations,30.html\">https:\/\/instytutksiazki.pl\/zagranica,4,sample-translations,30.html<\/a><\/p>\n\n\n\n<p><strong>Kolegium T\u0142umaczy<\/strong><\/p>\n\n\n\n<p>Program pobytowy Instytutu Ksi\u0105\u017cki adresowany do wszystkich t\u0142umaczy literatury polskiej.<\/p>\n\n\n\n<p><a href=\"https:\/\/instytutksiazki.pl\/zagranica,4,program-kolegium-tlumaczy,31.html\">https:\/\/instytutksiazki.pl\/zagranica,4,program-kolegium-tlumaczy,31.html<\/a><\/p>\n\n\n\n<p><strong>Szko\u0142a Nowych T\u0142umaczy<\/strong><\/p>\n\n\n\n<p>Program Instytutu Ksi\u0105\u017cki, realizowany wsp\u00f3lnie z Instytutami Polskimi, w formie warsztat\u00f3w translatorskich dla os\u00f3b z r\u00f3\u017cnych kraj\u00f3w, znaj\u0105cych j\u0119zyk polski i pragn\u0105cych zaj\u0105\u0107 si\u0119 zawodowo t\u0142umaczeniem literatury polskiej.<strong><\/strong><\/p>\n\n\n\n<p><a href=\"https:\/\/instytutksiazki.pl\/zagranica,4,szkola-nowych-tlumaczy,75.html\">https:\/\/instytutksiazki.pl\/zagranica,4,szkola-nowych-tlumaczy,75.html<\/a><\/p>\n","protected":false},"excerpt":{"rendered":"<p>Gaude Polonia Program stypendialny Ministra Kultury i Dziedzictwa Narodowego dla m\u0142odych tw\u00f3rc\u00f3w kultury oraz t\u0142umaczy literatury polskiej z kraj\u00f3w Europy \u015arodkowo-Wschodniej. https:\/\/www.nck.pl\/dotacje-i-stypendia\/stypendia\/programy\/gaude-polonia Program J\u0119zyka Polskiego POLONISTA Program stypendialny dla student\u00f3w i naukowc\u00f3w, umo\u017cliwia obcokrajowcom \u2013 studentom studi\u00f3w polonistyki, polonoznawczych lub program\u00f3w polskich w ramach studi\u00f3w slawistycznych (w zakresie j\u0119zyka polskiego) oraz naukowcom z zagranicznych uczelni [&hellip;]<\/p>\n","protected":false},"author":1,"featured_media":0,"parent":388,"menu_order":0,"comment_status":"closed","ping_status":"closed","template":"","meta":{"inline_featured_image":false,"_monsterinsights_skip_tracking":false,"_monsterinsights_sitenote_active":false,"_monsterinsights_sitenote_note":"","_monsterinsights_sitenote_category":0,"footnotes":""},"class_list":["post-596","page","type-page","status-publish","hentry"],"yoast_head":"<!-- This site is optimized with the Yoast SEO plugin v24.6 - https:\/\/yoast.com\/wordpress\/plugins\/seo\/ -->\n<title>Stypendia naukowe - Instytut Polski w Petersburgu<\/title>\n<meta name=\"robots\" content=\"noindex, follow, max-snippet:-1, max-image-preview:large, max-video-preview:-1\" \/>\n<meta property=\"og:locale\" content=\"pl_PL\" \/>\n<meta property=\"og:type\" content=\"article\" \/>\n<meta property=\"og:title\" content=\"Stypendia naukowe - Instytut Polski w Petersburgu\" \/>\n<meta property=\"og:description\" content=\"Gaude Polonia Program stypendialny Ministra Kultury i Dziedzictwa Narodowego dla m\u0142odych tw\u00f3rc\u00f3w kultury oraz t\u0142umaczy literatury polskiej z kraj\u00f3w Europy \u015arodkowo-Wschodniej. https:\/\/www.nck.pl\/dotacje-i-stypendia\/stypendia\/programy\/gaude-polonia Program J\u0119zyka Polskiego POLONISTA Program stypendialny dla student\u00f3w i naukowc\u00f3w, umo\u017cliwia obcokrajowcom \u2013 studentom studi\u00f3w polonistyki, polonoznawczych lub program\u00f3w polskich w ramach studi\u00f3w slawistycznych (w zakresie j\u0119zyka polskiego) oraz naukowcom z zagranicznych uczelni [&hellip;]\" \/>\n<meta property=\"og:url\" content=\"https:\/\/instytutpolski.pl\/petersburg\/pl\/poznaj-polske\/stypendia-w-polsce\/stypendia-naukowe\/\" \/>\n<meta property=\"og:site_name\" content=\"Instytut Polski w Petersburgu\" \/>\n<meta property=\"article:modified_time\" content=\"2020-07-30T12:09:35+00:00\" \/>\n<meta name=\"twitter:card\" content=\"summary_large_image\" \/>\n<meta name=\"twitter:label1\" content=\"Szacowany czas czytania\" \/>\n\t<meta name=\"twitter:data1\" content=\"3 minuty\" \/>\n<script type=\"application\/ld+json\" class=\"yoast-schema-graph\">{\"@context\":\"https:\/\/schema.org\",\"@graph\":[{\"@type\":\"WebPage\",\"@id\":\"https:\/\/instytutpolski.pl\/petersburg\/pl\/poznaj-polske\/stypendia-w-polsce\/stypendia-naukowe\/\",\"url\":\"https:\/\/instytutpolski.pl\/petersburg\/pl\/poznaj-polske\/stypendia-w-polsce\/stypendia-naukowe\/\",\"name\":\"Stypendia naukowe - Instytut Polski w Petersburgu\",\"isPartOf\":{\"@id\":\"https:\/\/instytutpolski.pl\/petersburg\/#website\"},\"datePublished\":\"2019-06-26T08:41:41+00:00\",\"dateModified\":\"2020-07-30T12:09:35+00:00\",\"breadcrumb\":{\"@id\":\"https:\/\/instytutpolski.pl\/petersburg\/pl\/poznaj-polske\/stypendia-w-polsce\/stypendia-naukowe\/#breadcrumb\"},\"inLanguage\":\"pl-PL\",\"potentialAction\":[{\"@type\":\"ReadAction\",\"target\":[\"https:\/\/instytutpolski.pl\/petersburg\/pl\/poznaj-polske\/stypendia-w-polsce\/stypendia-naukowe\/\"]}]},{\"@type\":\"BreadcrumbList\",\"@id\":\"https:\/\/instytutpolski.pl\/petersburg\/pl\/poznaj-polske\/stypendia-w-polsce\/stypendia-naukowe\/#breadcrumb\",\"itemListElement\":[{\"@type\":\"ListItem\",\"position\":1,\"name\":\"Home\",\"item\":\"https:\/\/instytutpolski.pl\/petersburg\/\"},{\"@type\":\"ListItem\",\"position\":2,\"name\":\"Poznaj Polsk\u0119\",\"item\":\"https:\/\/instytutpolski.pl\/petersburg\/pl\/poznaj-polske\/\"},{\"@type\":\"ListItem\",\"position\":3,\"name\":\"Stypendia w Polsce\",\"item\":\"https:\/\/instytutpolski.pl\/petersburg\/pl\/poznaj-polske\/stypendia-w-polsce\/\"},{\"@type\":\"ListItem\",\"position\":4,\"name\":\"Stypendia naukowe\"}]},{\"@type\":\"WebSite\",\"@id\":\"https:\/\/instytutpolski.pl\/petersburg\/#website\",\"url\":\"https:\/\/instytutpolski.pl\/petersburg\/\",\"name\":\"Instytut Polski w Petersburgu\",\"description\":\"Instytuty Polskie\",\"potentialAction\":[{\"@type\":\"SearchAction\",\"target\":{\"@type\":\"EntryPoint\",\"urlTemplate\":\"https:\/\/instytutpolski.pl\/petersburg\/?s={search_term_string}\"},\"query-input\":{\"@type\":\"PropertyValueSpecification\",\"valueRequired\":true,\"valueName\":\"search_term_string\"}}],\"inLanguage\":\"pl-PL\"}]}<\/script>\n<!-- \/ Yoast SEO plugin. -->","yoast_head_json":{"title":"Stypendia naukowe - Instytut Polski w Petersburgu","robots":{"index":"noindex","follow":"follow","max-snippet":"max-snippet:-1","max-image-preview":"max-image-preview:large","max-video-preview":"max-video-preview:-1"},"og_locale":"pl_PL","og_type":"article","og_title":"Stypendia naukowe - Instytut Polski w Petersburgu","og_description":"Gaude Polonia Program stypendialny Ministra Kultury i Dziedzictwa Narodowego dla m\u0142odych tw\u00f3rc\u00f3w kultury oraz t\u0142umaczy literatury polskiej z kraj\u00f3w Europy \u015arodkowo-Wschodniej. https:\/\/www.nck.pl\/dotacje-i-stypendia\/stypendia\/programy\/gaude-polonia Program J\u0119zyka Polskiego POLONISTA Program stypendialny dla student\u00f3w i naukowc\u00f3w, umo\u017cliwia obcokrajowcom \u2013 studentom studi\u00f3w polonistyki, polonoznawczych lub program\u00f3w polskich w ramach studi\u00f3w slawistycznych (w zakresie j\u0119zyka polskiego) oraz naukowcom z zagranicznych uczelni [&hellip;]","og_url":"https:\/\/instytutpolski.pl\/petersburg\/pl\/poznaj-polske\/stypendia-w-polsce\/stypendia-naukowe\/","og_site_name":"Instytut Polski w Petersburgu","article_modified_time":"2020-07-30T12:09:35+00:00","twitter_card":"summary_large_image","twitter_misc":{"Szacowany czas czytania":"3 minuty"},"schema":{"@context":"https:\/\/schema.org","@graph":[{"@type":"WebPage","@id":"https:\/\/instytutpolski.pl\/petersburg\/pl\/poznaj-polske\/stypendia-w-polsce\/stypendia-naukowe\/","url":"https:\/\/instytutpolski.pl\/petersburg\/pl\/poznaj-polske\/stypendia-w-polsce\/stypendia-naukowe\/","name":"Stypendia naukowe - Instytut Polski w Petersburgu","isPartOf":{"@id":"https:\/\/instytutpolski.pl\/petersburg\/#website"},"datePublished":"2019-06-26T08:41:41+00:00","dateModified":"2020-07-30T12:09:35+00:00","breadcrumb":{"@id":"https:\/\/instytutpolski.pl\/petersburg\/pl\/poznaj-polske\/stypendia-w-polsce\/stypendia-naukowe\/#breadcrumb"},"inLanguage":"pl-PL","potentialAction":[{"@type":"ReadAction","target":["https:\/\/instytutpolski.pl\/petersburg\/pl\/poznaj-polske\/stypendia-w-polsce\/stypendia-naukowe\/"]}]},{"@type":"BreadcrumbList","@id":"https:\/\/instytutpolski.pl\/petersburg\/pl\/poznaj-polske\/stypendia-w-polsce\/stypendia-naukowe\/#breadcrumb","itemListElement":[{"@type":"ListItem","position":1,"name":"Home","item":"https:\/\/instytutpolski.pl\/petersburg\/"},{"@type":"ListItem","position":2,"name":"Poznaj Polsk\u0119","item":"https:\/\/instytutpolski.pl\/petersburg\/pl\/poznaj-polske\/"},{"@type":"ListItem","position":3,"name":"Stypendia w Polsce","item":"https:\/\/instytutpolski.pl\/petersburg\/pl\/poznaj-polske\/stypendia-w-polsce\/"},{"@type":"ListItem","position":4,"name":"Stypendia naukowe"}]},{"@type":"WebSite","@id":"https:\/\/instytutpolski.pl\/petersburg\/#website","url":"https:\/\/instytutpolski.pl\/petersburg\/","name":"Instytut Polski w Petersburgu","description":"Instytuty Polskie","potentialAction":[{"@type":"SearchAction","target":{"@type":"EntryPoint","urlTemplate":"https:\/\/instytutpolski.pl\/petersburg\/?s={search_term_string}"},"query-input":{"@type":"PropertyValueSpecification","valueRequired":true,"valueName":"search_term_string"}}],"inLanguage":"pl-PL"}]}},"_links":{"self":[{"href":"https:\/\/instytutpolski.pl\/petersburg\/wp-json\/wp\/v2\/pages\/596","targetHints":{"allow":["GET"]}}],"collection":[{"href":"https:\/\/instytutpolski.pl\/petersburg\/wp-json\/wp\/v2\/pages"}],"about":[{"href":"https:\/\/instytutpolski.pl\/petersburg\/wp-json\/wp\/v2\/types\/page"}],"author":[{"embeddable":true,"href":"https:\/\/instytutpolski.pl\/petersburg\/wp-json\/wp\/v2\/users\/1"}],"replies":[{"embeddable":true,"href":"https:\/\/instytutpolski.pl\/petersburg\/wp-json\/wp\/v2\/comments?post=596"}],"version-history":[{"count":2,"href":"https:\/\/instytutpolski.pl\/petersburg\/wp-json\/wp\/v2\/pages\/596\/revisions"}],"predecessor-version":[{"id":3168,"href":"https:\/\/instytutpolski.pl\/petersburg\/wp-json\/wp\/v2\/pages\/596\/revisions\/3168"}],"up":[{"embeddable":true,"href":"https:\/\/instytutpolski.pl\/petersburg\/wp-json\/wp\/v2\/pages\/388"}],"wp:attachment":[{"href":"https:\/\/instytutpolski.pl\/petersburg\/wp-json\/wp\/v2\/media?parent=596"}],"curies":[{"name":"wp","href":"https:\/\/api.w.org\/{rel}","templated":true}]}}