{"id":598,"date":"2019-06-26T10:41:50","date_gmt":"2019-06-26T08:41:50","guid":{"rendered":"https:\/\/instytutpolski.pl\/petersburg\/?page_id=598"},"modified":"2020-07-30T14:14:16","modified_gmt":"2020-07-30T12:14:16","slug":"stypendia-w-ramach-umow-dwustronnych","status":"publish","type":"page","link":"https:\/\/instytutpolski.pl\/petersburg\/pl\/poznaj-polske\/stypendia-w-polsce\/stypendia-w-ramach-umow-dwustronnych\/","title":{"rendered":"Stypendia w ramach um\u00f3w dwustronnych"},"content":{"rendered":"\n<p><strong>Wyszehradzki Program Stypendialny<\/strong><\/p>\n\n\n\n<p>Mi\u0119dzynarodowy Fundusz Wyszehradzki w ramach programu oferuje studentom stypendia magisterskie i podyplomowe przyznawane na 1\u20132 semestry. O stypendium mog\u0105 ubiega\u0107 si\u0119 obywatele nast\u0119puj\u0105cych kraj\u00f3w i terytori\u00f3w: Albanii, Armenii, Azerbejd\u017canu, Bia\u0142orusi, Bo\u015bni i Hercegowiny, Czech, Gruzji, Kosowa, Macedonii, Mo\u0142dawii, Czarnog\u00f3ry, Polski, Rosji, Serbii, S\u0142owacji, Ukrainy i W\u0119gier.<strong><\/strong><\/p>\n\n\n\n<p><a href=\"https:\/\/go-poland.pl\/pl\/wyszehradzki-program-stypendialny\">https:\/\/go-poland.pl\/pl\/wyszehradzki-program-stypendialny<\/a><\/p>\n\n\n\n<p><a href=\"http:\/\/visegradfund.org\/scholarships\/\">http:\/\/visegradfund.org\/scholarships\/<\/a><\/p>\n","protected":false},"excerpt":{"rendered":"<p>Wyszehradzki Program Stypendialny Mi\u0119dzynarodowy Fundusz Wyszehradzki w ramach programu oferuje studentom stypendia magisterskie i podyplomowe przyznawane na 1\u20132 semestry. O stypendium mog\u0105 ubiega\u0107 si\u0119 obywatele nast\u0119puj\u0105cych kraj\u00f3w i terytori\u00f3w: Albanii, Armenii, Azerbejd\u017canu, Bia\u0142orusi, Bo\u015bni i Hercegowiny, Czech, Gruzji, Kosowa, Macedonii, Mo\u0142dawii, Czarnog\u00f3ry, Polski, Rosji, Serbii, S\u0142owacji, Ukrainy i W\u0119gier. https:\/\/go-poland.pl\/pl\/wyszehradzki-program-stypendialny http:\/\/visegradfund.org\/scholarships\/<\/p>\n","protected":false},"author":1,"featured_media":0,"parent":388,"menu_order":0,"comment_status":"closed","ping_status":"closed","template":"","meta":{"inline_featured_image":false,"_monsterinsights_skip_tracking":false,"_monsterinsights_sitenote_active":false,"_monsterinsights_sitenote_note":"","_monsterinsights_sitenote_category":0,"footnotes":""},"class_list":["post-598","page","type-page","status-publish","hentry"],"yoast_head":"<!-- This site is optimized with the Yoast SEO plugin v24.6 - https:\/\/yoast.com\/wordpress\/plugins\/seo\/ -->\n<title>Stypendia w ramach um\u00f3w dwustronnych - Instytut Polski w Petersburgu<\/title>\n<meta name=\"robots\" content=\"noindex, follow, max-snippet:-1, max-image-preview:large, max-video-preview:-1\" \/>\n<meta property=\"og:locale\" content=\"pl_PL\" \/>\n<meta property=\"og:type\" content=\"article\" \/>\n<meta property=\"og:title\" content=\"Stypendia w ramach um\u00f3w dwustronnych - Instytut Polski w Petersburgu\" \/>\n<meta property=\"og:description\" content=\"Wyszehradzki Program Stypendialny Mi\u0119dzynarodowy Fundusz Wyszehradzki w ramach programu oferuje studentom stypendia magisterskie i podyplomowe przyznawane na 1\u20132 semestry. O stypendium mog\u0105 ubiega\u0107 si\u0119 obywatele nast\u0119puj\u0105cych kraj\u00f3w i terytori\u00f3w: Albanii, Armenii, Azerbejd\u017canu, Bia\u0142orusi, Bo\u015bni i Hercegowiny, Czech, Gruzji, Kosowa, Macedonii, Mo\u0142dawii, Czarnog\u00f3ry, Polski, Rosji, Serbii, S\u0142owacji, Ukrainy i W\u0119gier. https:\/\/go-poland.pl\/pl\/wyszehradzki-program-stypendialny http:\/\/visegradfund.org\/scholarships\/\" \/>\n<meta property=\"og:url\" content=\"https:\/\/instytutpolski.pl\/petersburg\/pl\/poznaj-polske\/stypendia-w-polsce\/stypendia-w-ramach-umow-dwustronnych\/\" \/>\n<meta property=\"og:site_name\" content=\"Instytut Polski w Petersburgu\" \/>\n<meta property=\"article:modified_time\" content=\"2020-07-30T12:14:16+00:00\" \/>\n<meta name=\"twitter:card\" content=\"summary_large_image\" \/>\n<script type=\"application\/ld+json\" class=\"yoast-schema-graph\">{\"@context\":\"https:\/\/schema.org\",\"@graph\":[{\"@type\":\"WebPage\",\"@id\":\"https:\/\/instytutpolski.pl\/petersburg\/pl\/poznaj-polske\/stypendia-w-polsce\/stypendia-w-ramach-umow-dwustronnych\/\",\"url\":\"https:\/\/instytutpolski.pl\/petersburg\/pl\/poznaj-polske\/stypendia-w-polsce\/stypendia-w-ramach-umow-dwustronnych\/\",\"name\":\"Stypendia w ramach um\u00f3w dwustronnych - Instytut Polski w Petersburgu\",\"isPartOf\":{\"@id\":\"https:\/\/instytutpolski.pl\/petersburg\/#website\"},\"datePublished\":\"2019-06-26T08:41:50+00:00\",\"dateModified\":\"2020-07-30T12:14:16+00:00\",\"breadcrumb\":{\"@id\":\"https:\/\/instytutpolski.pl\/petersburg\/pl\/poznaj-polske\/stypendia-w-polsce\/stypendia-w-ramach-umow-dwustronnych\/#breadcrumb\"},\"inLanguage\":\"pl-PL\",\"potentialAction\":[{\"@type\":\"ReadAction\",\"target\":[\"https:\/\/instytutpolski.pl\/petersburg\/pl\/poznaj-polske\/stypendia-w-polsce\/stypendia-w-ramach-umow-dwustronnych\/\"]}]},{\"@type\":\"BreadcrumbList\",\"@id\":\"https:\/\/instytutpolski.pl\/petersburg\/pl\/poznaj-polske\/stypendia-w-polsce\/stypendia-w-ramach-umow-dwustronnych\/#breadcrumb\",\"itemListElement\":[{\"@type\":\"ListItem\",\"position\":1,\"name\":\"Home\",\"item\":\"https:\/\/instytutpolski.pl\/petersburg\/\"},{\"@type\":\"ListItem\",\"position\":2,\"name\":\"Poznaj Polsk\u0119\",\"item\":\"https:\/\/instytutpolski.pl\/petersburg\/pl\/poznaj-polske\/\"},{\"@type\":\"ListItem\",\"position\":3,\"name\":\"Stypendia w Polsce\",\"item\":\"https:\/\/instytutpolski.pl\/petersburg\/pl\/poznaj-polske\/stypendia-w-polsce\/\"},{\"@type\":\"ListItem\",\"position\":4,\"name\":\"Stypendia w ramach um\u00f3w dwustronnych\"}]},{\"@type\":\"WebSite\",\"@id\":\"https:\/\/instytutpolski.pl\/petersburg\/#website\",\"url\":\"https:\/\/instytutpolski.pl\/petersburg\/\",\"name\":\"Instytut Polski w Petersburgu\",\"description\":\"Instytuty Polskie\",\"potentialAction\":[{\"@type\":\"SearchAction\",\"target\":{\"@type\":\"EntryPoint\",\"urlTemplate\":\"https:\/\/instytutpolski.pl\/petersburg\/?s={search_term_string}\"},\"query-input\":{\"@type\":\"PropertyValueSpecification\",\"valueRequired\":true,\"valueName\":\"search_term_string\"}}],\"inLanguage\":\"pl-PL\"}]}<\/script>\n<!-- \/ Yoast SEO plugin. -->","yoast_head_json":{"title":"Stypendia w ramach um\u00f3w dwustronnych - Instytut Polski w Petersburgu","robots":{"index":"noindex","follow":"follow","max-snippet":"max-snippet:-1","max-image-preview":"max-image-preview:large","max-video-preview":"max-video-preview:-1"},"og_locale":"pl_PL","og_type":"article","og_title":"Stypendia w ramach um\u00f3w dwustronnych - Instytut Polski w Petersburgu","og_description":"Wyszehradzki Program Stypendialny Mi\u0119dzynarodowy Fundusz Wyszehradzki w ramach programu oferuje studentom stypendia magisterskie i podyplomowe przyznawane na 1\u20132 semestry. O stypendium mog\u0105 ubiega\u0107 si\u0119 obywatele nast\u0119puj\u0105cych kraj\u00f3w i terytori\u00f3w: Albanii, Armenii, Azerbejd\u017canu, Bia\u0142orusi, Bo\u015bni i Hercegowiny, Czech, Gruzji, Kosowa, Macedonii, Mo\u0142dawii, Czarnog\u00f3ry, Polski, Rosji, Serbii, S\u0142owacji, Ukrainy i W\u0119gier. https:\/\/go-poland.pl\/pl\/wyszehradzki-program-stypendialny http:\/\/visegradfund.org\/scholarships\/","og_url":"https:\/\/instytutpolski.pl\/petersburg\/pl\/poznaj-polske\/stypendia-w-polsce\/stypendia-w-ramach-umow-dwustronnych\/","og_site_name":"Instytut Polski w Petersburgu","article_modified_time":"2020-07-30T12:14:16+00:00","twitter_card":"summary_large_image","schema":{"@context":"https:\/\/schema.org","@graph":[{"@type":"WebPage","@id":"https:\/\/instytutpolski.pl\/petersburg\/pl\/poznaj-polske\/stypendia-w-polsce\/stypendia-w-ramach-umow-dwustronnych\/","url":"https:\/\/instytutpolski.pl\/petersburg\/pl\/poznaj-polske\/stypendia-w-polsce\/stypendia-w-ramach-umow-dwustronnych\/","name":"Stypendia w ramach um\u00f3w dwustronnych - Instytut Polski w Petersburgu","isPartOf":{"@id":"https:\/\/instytutpolski.pl\/petersburg\/#website"},"datePublished":"2019-06-26T08:41:50+00:00","dateModified":"2020-07-30T12:14:16+00:00","breadcrumb":{"@id":"https:\/\/instytutpolski.pl\/petersburg\/pl\/poznaj-polske\/stypendia-w-polsce\/stypendia-w-ramach-umow-dwustronnych\/#breadcrumb"},"inLanguage":"pl-PL","potentialAction":[{"@type":"ReadAction","target":["https:\/\/instytutpolski.pl\/petersburg\/pl\/poznaj-polske\/stypendia-w-polsce\/stypendia-w-ramach-umow-dwustronnych\/"]}]},{"@type":"BreadcrumbList","@id":"https:\/\/instytutpolski.pl\/petersburg\/pl\/poznaj-polske\/stypendia-w-polsce\/stypendia-w-ramach-umow-dwustronnych\/#breadcrumb","itemListElement":[{"@type":"ListItem","position":1,"name":"Home","item":"https:\/\/instytutpolski.pl\/petersburg\/"},{"@type":"ListItem","position":2,"name":"Poznaj Polsk\u0119","item":"https:\/\/instytutpolski.pl\/petersburg\/pl\/poznaj-polske\/"},{"@type":"ListItem","position":3,"name":"Stypendia w Polsce","item":"https:\/\/instytutpolski.pl\/petersburg\/pl\/poznaj-polske\/stypendia-w-polsce\/"},{"@type":"ListItem","position":4,"name":"Stypendia w ramach um\u00f3w dwustronnych"}]},{"@type":"WebSite","@id":"https:\/\/instytutpolski.pl\/petersburg\/#website","url":"https:\/\/instytutpolski.pl\/petersburg\/","name":"Instytut Polski w Petersburgu","description":"Instytuty Polskie","potentialAction":[{"@type":"SearchAction","target":{"@type":"EntryPoint","urlTemplate":"https:\/\/instytutpolski.pl\/petersburg\/?s={search_term_string}"},"query-input":{"@type":"PropertyValueSpecification","valueRequired":true,"valueName":"search_term_string"}}],"inLanguage":"pl-PL"}]}},"_links":{"self":[{"href":"https:\/\/instytutpolski.pl\/petersburg\/wp-json\/wp\/v2\/pages\/598","targetHints":{"allow":["GET"]}}],"collection":[{"href":"https:\/\/instytutpolski.pl\/petersburg\/wp-json\/wp\/v2\/pages"}],"about":[{"href":"https:\/\/instytutpolski.pl\/petersburg\/wp-json\/wp\/v2\/types\/page"}],"author":[{"embeddable":true,"href":"https:\/\/instytutpolski.pl\/petersburg\/wp-json\/wp\/v2\/users\/1"}],"replies":[{"embeddable":true,"href":"https:\/\/instytutpolski.pl\/petersburg\/wp-json\/wp\/v2\/comments?post=598"}],"version-history":[{"count":2,"href":"https:\/\/instytutpolski.pl\/petersburg\/wp-json\/wp\/v2\/pages\/598\/revisions"}],"predecessor-version":[{"id":3169,"href":"https:\/\/instytutpolski.pl\/petersburg\/wp-json\/wp\/v2\/pages\/598\/revisions\/3169"}],"up":[{"embeddable":true,"href":"https:\/\/instytutpolski.pl\/petersburg\/wp-json\/wp\/v2\/pages\/388"}],"wp:attachment":[{"href":"https:\/\/instytutpolski.pl\/petersburg\/wp-json\/wp\/v2\/media?parent=598"}],"curies":[{"name":"wp","href":"https:\/\/api.w.org\/{rel}","templated":true}]}}