{"id":10321,"date":"2024-05-22T13:46:48","date_gmt":"2024-05-22T11:46:48","guid":{"rendered":"https:\/\/instytutpolski.pl\/praha\/?page_id=10321"},"modified":"2024-06-10T14:18:36","modified_gmt":"2024-06-10T12:18:36","slug":"abcs-of-polish-culture-painting","status":"publish","type":"page","link":"https:\/\/instytutpolski.pl\/praha\/abcs-of-polish-culture-painting\/","title":{"rendered":"ABCs OF POLISH CULTURE \u2013 PAINTING"},"content":{"rendered":"\n<figure class=\"wp-block-image size-large\"><img loading=\"lazy\" decoding=\"async\" width=\"1024\" height=\"1024\" src=\"https:\/\/instytutpolski.pl\/praha\/wp-content\/uploads\/sites\/10\/2024\/06\/7_LEMPICKA-1024x1024.jpg\" alt=\"\" class=\"wp-image-10527\" srcset=\"https:\/\/instytutpolski.pl\/praha\/wp-content\/uploads\/sites\/10\/2024\/06\/7_LEMPICKA-1024x1024.jpg 1024w, https:\/\/instytutpolski.pl\/praha\/wp-content\/uploads\/sites\/10\/2024\/06\/7_LEMPICKA-300x300.jpg 300w, https:\/\/instytutpolski.pl\/praha\/wp-content\/uploads\/sites\/10\/2024\/06\/7_LEMPICKA-150x150.jpg 150w, https:\/\/instytutpolski.pl\/praha\/wp-content\/uploads\/sites\/10\/2024\/06\/7_LEMPICKA-768x768.jpg 768w, https:\/\/instytutpolski.pl\/praha\/wp-content\/uploads\/sites\/10\/2024\/06\/7_LEMPICKA.jpg 1416w\" sizes=\"auto, (max-width: 1024px) 100vw, 1024px\" \/><\/figure>\n\n\n\n<h2 class=\"wp-block-heading\"><strong>TAMARA \u0141EMPICKA <\/strong>1898 \u2013 1980<strong><\/strong><\/h2>\n\n\n\n<h3 class=\"wp-block-heading\"><strong>WOMAN IN GREEN BUGATTI<\/strong> 1929<\/h3>\n\n\n\n<p>oil on wooden board, 35 x 27 cm<strong><\/strong><\/p>\n\n\n\n<p><strong>&#8222;<\/strong><strong>Among hundreds of paintings, you could easily recognize mine<\/strong><strong>.&#8221;<\/strong><strong><\/strong><\/p>\n\n\n\n<p>The painting was created on commission of the German fashion magazine <em>Die Dame<\/em>.<\/p>\n\n\n\n<p>When the magazine\u2019s publisher saw the extraordinary beauty near a casino in Monte Carlo, he asked \u0141empicka to pose for the magazine\u2019s cover. \u0141empicka offered to paint her self-portrait instead. The exceptionally elegant artist created her own image. She allowed to be photographed only from one profile, the one shown in the self-portrait. Art historians see \u0141empicka\u2019s Self-portrait as a representative symbol of art deco aesthetics. In her easily recognizable style, the artist brought together classical (renaissance) aesthetics and modern cubistic forms. The painted surfaces produce a metallic sheen and look as if they were polished.<\/p>\n\n\n\n<p>Tamara Gurwik-G\u00f3rska was born in 1898 most probably in Moscow although she used to name Warsaw as her birthplace. Her mother was Polish while her father was a Russian entrepreneur of Jewish origins. In 1916 she married Tadeusz \u0141empicki. In 1918 to escape the revolution the couple left for Paris. There the artist took up painting lessons and had her first exhibition. Soon a craze for \u0141empicka\u2019s works swept among affluent aristocracy and bourgeoisie. The artist used to portray them as sensual deities transferred to the times of jazz and foxtrot. Before her 28th birthday \u0141empicka earned a million dollars from her paintings. She was called 'la belle Polonaise&#8217; (\u2018the Polish beauty\u2019). Her career was cut short by the outbreak of World War II. She escaped to the USA, where her art did not catch on. Her works were associated with banality. \u0141empicka was still popular but more for her exclusive and extravagant lifestyle rather than her art. In 1978 she moved to Mexico, where she died in 1980.&nbsp; \u0141empicka\u2019s art was recognized again in the 1970s.<\/p>\n\n\n\n<p>Today her paintings reach exorbitant prices, much higher than any other Polish artist\u2019s. \u0141empicka\u2019s paintings are to be found among collections of such Hollywood celebrities as Barbra Streisand, Jack Nicholson and Madonna.<\/p>\n\n\n\n<p>Illustrated by <strong>\u0141UKASZ ZBIERANOWSKI \/ FAJNE CH\u0141OPAKI<\/strong><\/p>\n\n\n\n<hr class=\"wp-block-separator has-alpha-channel-opacity\" \/>\n\n\n\n<figure class=\"wp-block-image size-large\"><img loading=\"lazy\" decoding=\"async\" width=\"1024\" height=\"1024\" src=\"https:\/\/instytutpolski.pl\/praha\/wp-content\/uploads\/sites\/10\/2024\/06\/29_STRZEMINSKI-1024x1024.jpg\" alt=\"\" class=\"wp-image-10528\" srcset=\"https:\/\/instytutpolski.pl\/praha\/wp-content\/uploads\/sites\/10\/2024\/06\/29_STRZEMINSKI-1024x1024.jpg 1024w, https:\/\/instytutpolski.pl\/praha\/wp-content\/uploads\/sites\/10\/2024\/06\/29_STRZEMINSKI-300x300.jpg 300w, https:\/\/instytutpolski.pl\/praha\/wp-content\/uploads\/sites\/10\/2024\/06\/29_STRZEMINSKI-150x150.jpg 150w, https:\/\/instytutpolski.pl\/praha\/wp-content\/uploads\/sites\/10\/2024\/06\/29_STRZEMINSKI-768x768.jpg 768w, https:\/\/instytutpolski.pl\/praha\/wp-content\/uploads\/sites\/10\/2024\/06\/29_STRZEMINSKI.jpg 1416w\" sizes=\"auto, (max-width: 1024px) 100vw, 1024px\" \/><\/figure>\n\n\n\n<h2 class=\"wp-block-heading\"><strong>W\u0141ADYS\u0141AW STRZEMI\u0143SKI<\/strong> 1893 \u2013 1952 <strong><\/strong><\/h2>\n\n\n\n<h3 class=\"wp-block-heading\"><strong>AFTERIMAGE OF LIGHT: Redhead<\/strong><strong><\/strong><\/h3>\n\n\n\n<p>oil on canvas, 55 x 82 cm<\/p>\n\n\n\n<p><strong>&#8222;<\/strong><strong>Looking is not the same as seeing. Facing the same view, medieval peasants and the 19<sup>th<\/sup> century proletarians would look at the same thing but see something different<\/strong><strong>.&#8221;<\/strong><\/p>\n\n\n\n<p>W\u0142adys\u0142aw Strzemi\u0144ski was a painter and art theoretician, who analysed the mechanisms behind vision and perception. An afterimage is an optical phenomenon produced by the anatomy of the retina. The light leaves a trace \u2013 an afterimage&nbsp; \u2013&nbsp; inside the eye. It is easy to experience it when gazing at a source of light, the sun or a light bulb, for a few seconds and closing your eyes. The redhead from the painting is said to be Hanka Orzechowska, one of Strzemi\u0144ski\u2019s students, who the painter had an affair with. <em>Afterimage<\/em> is also the title of Andrzej Wajda\u2019s film about the final years of Strzemi\u0144ski\u2019s life. The artist was portrayed by Bogus\u0142aw Linda. Although he lost an arm and a leg, Strzemi\u0144ski enjoyed popularity among women. His disability is not to be seen on photographs. He is usually sitting or standing behind someone hiding his crutches or masking the missing arm with a loose sleeve tucked into a pocket.<\/p>\n\n\n\n<p>Strzemi\u0144ski was born into a Polish family in Mi\u0144sk (a territory occupied by the Russians). As his father was an officer in the Tzar\u2019s army, it was apparent that W\u0142adys\u0142aw would serve in the military as well. During the war, he lost one arm, a leg, and vision in one eye. It was in a hospital where he met a young volunteer and his future wife, Katarzyna Kobro. They escaped Russia in 1922 and settled down in the Polish city of \u0141\u00f3d\u017a. They both made a living mostly as teachers.&nbsp; After the war Strzemi\u0144ski participated in the creation of the Academy of Fine Arts in \u0141\u00f3d\u017a, where he worked until 1950. In that year, he was expelled from the institution being accused of disrespecting the standards of the social realism doctrine. Deprived of a source of income, the artist worked as a window display designer. As he was getting weaker with hunger, his health started deteriorating. He died of tuberculosis in hospital.&nbsp;<\/p>\n\n\n\n<p>Strzemi\u0144ski and his wife belonged to the world\u2019s elite of avant-garde artists, which allowed the painter to create an international collection of modern art. His collection provided a foundation for the Art Museum in \u0141\u00f3d\u017a \u2013 the second institution with this type of collection in the world following the MOMA in New York.<\/p>\n\n\n\n<p>Illustrated by<strong> \u0141UKASZ ZBIERANOWSKI \/ FAJNE CH\u0141OPAKI<\/strong><\/p>\n\n\n\n<hr class=\"wp-block-separator has-alpha-channel-opacity\" \/>\n\n\n\n<figure class=\"wp-block-image size-large\"><img loading=\"lazy\" decoding=\"async\" width=\"1024\" height=\"1024\" src=\"https:\/\/instytutpolski.pl\/praha\/wp-content\/uploads\/sites\/10\/2024\/06\/14_WROBLEWSKI-1024x1024.jpg\" alt=\"\" class=\"wp-image-10529\" srcset=\"https:\/\/instytutpolski.pl\/praha\/wp-content\/uploads\/sites\/10\/2024\/06\/14_WROBLEWSKI-1024x1024.jpg 1024w, https:\/\/instytutpolski.pl\/praha\/wp-content\/uploads\/sites\/10\/2024\/06\/14_WROBLEWSKI-300x300.jpg 300w, https:\/\/instytutpolski.pl\/praha\/wp-content\/uploads\/sites\/10\/2024\/06\/14_WROBLEWSKI-150x150.jpg 150w, https:\/\/instytutpolski.pl\/praha\/wp-content\/uploads\/sites\/10\/2024\/06\/14_WROBLEWSKI-768x768.jpg 768w, https:\/\/instytutpolski.pl\/praha\/wp-content\/uploads\/sites\/10\/2024\/06\/14_WROBLEWSKI.jpg 1416w\" sizes=\"auto, (max-width: 1024px) 100vw, 1024px\" \/><\/figure>\n\n\n\n<h2 class=\"wp-block-heading\"><strong>ANDRZEJ WR\u00d3BLEWSKI <\/strong>1927 \u2013 1957<strong><\/strong><\/h2>\n\n\n\n<h3 class=\"wp-block-heading\"><strong>EXECUTION VIII SURREALE<\/strong> 1949<\/h3>\n\n\n\n<p>oil on canvas, 130 x 199 cm<\/p>\n\n\n\n<p><strong><em>&#8222;<\/em><\/strong><strong>A painting is a voice that talks about the important, terrifying, and depressing issues. The painting wants to portray what can\u2019t be portrayed, and to comprehend death, which is beyond comprehension<\/strong><strong>.&#8221;<\/strong><\/p>\n\n\n\n<p>The painting belongs to a series of eight paintings addressing the same theme of <em>Execution<\/em>. They were numbered by the artist\u2019s mother while preparing the painter\u2019s posthumous exhibition. She misarranged their chronological order, though. While painting <em>Executions<\/em>, Wr\u00f3blewski used authentic Nazi propaganda photographs of mass street executions from 1939. Blue is the colour of death for Wr\u00f3blewski as it evokes the temperature of a decaying body. When asked by his friend, Andrzej Wajda, why he painted all of the dead bodies blue, the artist ironically answered that he had a large and highly efficient tube of Prussian blue. Wr\u00f3blewski did not enjoy engaging in conversations about his own art, making confessions or sharing personal stories.<\/p>\n\n\n\n<p>Andrzej Wr\u00f3blewski inherited his artistic talent from his mother, an artist herself, and his first teacher. He was a witness to his father\u2019s death of, most probably, a heart attack during a search by Nazi soldiers in 1941. It came as a tremendous shock for a fourteen-year-old boy. Throughout his life, the artist was looking for a way to express his trauma and horrors of the war. In his youth Wr\u00f3blewski developed a fascination for communism, which he believed would be a cure for injustice and fascism. Even though he was willing to follow the aesthetics of social realism, the artist did not gain the acceptance of the ruling party. He, his wife and three children lived in poverty. The painter died suddenly during an excursion to the Tatra mountains, at the age of nearly 30. Most probably he suffered from an attack of epilepsy. He found was sitting under a tree on a trail to Morskie Oko Lake, with his skull shattered.<\/p>\n\n\n\n<p><br>Wr\u00f3blewski has had a considerable impact on subsequent generations of Polish artists. However, it took a long time before his art won international acclaim. The painter\u2019s first individual exhibition aboard was organized no earlier than fifty years after his death. Following several international events, Wr\u00f3blewski\u2019s name is now listed along such giants of the 20th century painting as Pollock or Rothko.<\/p>\n\n\n\n<p>Illustrated by <strong>\u0141UKASZ ZBIERANOWSKI \/ FAJNE CH\u0141OPAKI<\/strong><\/p>\n\n\n\n<hr class=\"wp-block-separator has-alpha-channel-opacity\" \/>\n\n\n\n<figure class=\"wp-block-image size-large\"><img loading=\"lazy\" decoding=\"async\" width=\"1024\" height=\"1024\" src=\"https:\/\/instytutpolski.pl\/praha\/wp-content\/uploads\/sites\/10\/2024\/06\/28_SASNAL-1024x1024.jpg\" alt=\"\" class=\"wp-image-10531\" srcset=\"https:\/\/instytutpolski.pl\/praha\/wp-content\/uploads\/sites\/10\/2024\/06\/28_SASNAL-1024x1024.jpg 1024w, https:\/\/instytutpolski.pl\/praha\/wp-content\/uploads\/sites\/10\/2024\/06\/28_SASNAL-300x300.jpg 300w, https:\/\/instytutpolski.pl\/praha\/wp-content\/uploads\/sites\/10\/2024\/06\/28_SASNAL-150x150.jpg 150w, https:\/\/instytutpolski.pl\/praha\/wp-content\/uploads\/sites\/10\/2024\/06\/28_SASNAL-768x768.jpg 768w, https:\/\/instytutpolski.pl\/praha\/wp-content\/uploads\/sites\/10\/2024\/06\/28_SASNAL.jpg 1407w\" sizes=\"auto, (max-width: 1024px) 100vw, 1024px\" \/><\/figure>\n\n\n\n<h2 class=\"wp-block-heading\"><strong>WILHELM SASNAL<\/strong>&nbsp; 1972<strong><\/strong><\/h2>\n\n\n\n<h3 class=\"wp-block-heading\"><strong>THE FOREST (<\/strong><strong>SHOAH)<\/strong> 2002<\/h3>\n\n\n\n<p>oil on canvas, 45 x 45 cm<\/p>\n\n\n\n<p><strong>&#8222;<\/strong><strong>My mind is unable to create fiction. My art is always grounded in reality<\/strong><strong>.&#8221;<\/strong><\/p>\n\n\n\n<p>A small square covered in a whirl of green and white paint. It takes a closer look at the painting to recognize what it represents. In his art, Sasnal never employs fiction and rarely turns to abstract representations. Depicting a real scene, <em>The Forest<\/em> is a painting with a key. In his early career following the graduation from the Academy of Fine Arts in Krak\u00f3w, Sasnal was completely obsessed with the Holocaust. As a result, he created a series of paintings exploring this theme. His work often resembles film scenes. The same is true about <em>The Forest<\/em>, which is a direct reference to Claude Lanzmann\u2019s film <em>Shoah<\/em>. The painting shows the moment when the director, an interpreter and the Shoah witness are discussing the war experiences walking in the forest near the former death camp in Treblinka.<\/p>\n\n\n\n<p>Wilhelm Sasnal has been developing his art projects in the field of painting and for over a decade film. When as a student Sasnal belonged to a group of artists called Grupa \u0141adnie, the Polish critics nicknamed him a \u201cpop-banalist.\u201d For Sansal, anything could provide the impulse behind the creation of a painting be it an overheard conversation, a historic event, or his own life experience. The artist is often inspired by photography, media, and press. One of the artists that have had a significant impact on his art is a painter, Andrzej Wr\u00f3blewski.<\/p>\n\n\n\n<p>The year of 2002 marked the start of the artist\u2019s international recognition. The breakthrough came when the Warsaw-based art gallery, Foksal Gallery Foundation, displayed the artist\u2019s works during the most renowned art fair in the world, Art Basel, in Switzerland. There, the artist achieved an unprecedented success. All his paintings were sold out and all major art magazines featured articles about the painter. Since then, Sasnal\u2019s art has been exhibited all over the world and his paintings are included in the collections of the most significant art institutions.<\/p>\n\n\n\n<p>Illustrated by <strong>\u0141UKASZ ZBIERANOWSKI \/ FAJNE CH\u0141OPAKI<\/strong><\/p>\n","protected":false},"excerpt":{"rendered":"<p>TAMARA \u0141EMPICKA 1898 \u2013 1980 WOMAN IN GREEN BUGATTI 1929 oil on wooden board, 35 x 27 cm &#8222;Among hundreds of paintings, you could easily recognize mine.&#8221; The painting was created on commission of the German fashion magazine Die Dame. When the magazine\u2019s publisher saw the extraordinary beauty near a casino in Monte Carlo, he [&hellip;]<\/p>\n","protected":false},"author":58,"featured_media":10380,"parent":0,"menu_order":0,"comment_status":"closed","ping_status":"closed","template":"","meta":{"inline_featured_image":false,"_monsterinsights_skip_tracking":false,"_monsterinsights_sitenote_active":false,"_monsterinsights_sitenote_note":"","_monsterinsights_sitenote_category":0,"footnotes":""},"class_list":["post-10321","page","type-page","status-publish","has-post-thumbnail","hentry"],"yoast_head":"<!-- This site is optimized with the Yoast SEO plugin v24.6 - https:\/\/yoast.com\/wordpress\/plugins\/seo\/ -->\n<title>ABCs OF POLISH CULTURE \u2013 PAINTING - Instytut Polski w Pradze<\/title>\n<meta name=\"robots\" content=\"index, follow, max-snippet:-1, max-image-preview:large, max-video-preview:-1\" \/>\n<link rel=\"canonical\" href=\"https:\/\/instytutpolski.pl\/praha\/abcs-of-polish-culture-painting\/\" \/>\n<meta property=\"og:locale\" content=\"pl_PL\" \/>\n<meta property=\"og:type\" content=\"article\" \/>\n<meta property=\"og:title\" content=\"ABCs OF POLISH CULTURE \u2013 PAINTING - Instytut Polski w Pradze\" \/>\n<meta property=\"og:description\" content=\"TAMARA \u0141EMPICKA 1898 \u2013 1980 WOMAN IN GREEN BUGATTI 1929 oil on wooden board, 35 x 27 cm &#8222;Among hundreds of paintings, you could easily recognize mine.&#8221; The painting was created on commission of the German fashion magazine Die Dame. When the magazine\u2019s publisher saw the extraordinary beauty near a casino in Monte Carlo, he [&hellip;]\" \/>\n<meta property=\"og:url\" content=\"https:\/\/instytutpolski.pl\/praha\/abcs-of-polish-culture-painting\/\" \/>\n<meta property=\"og:site_name\" content=\"Instytut Polski w Pradze\" \/>\n<meta property=\"article:modified_time\" content=\"2024-06-10T12:18:36+00:00\" \/>\n<meta property=\"og:image\" content=\"https:\/\/instytutpolski.pl\/praha\/wp-content\/uploads\/sites\/10\/2024\/05\/23.-KUBIK__Stan\u2560uko-scaled.jpg\" \/>\n\t<meta property=\"og:image:width\" content=\"1844\" \/>\n\t<meta property=\"og:image:height\" content=\"2560\" \/>\n\t<meta property=\"og:image:type\" content=\"image\/jpeg\" \/>\n<meta name=\"twitter:card\" content=\"summary_large_image\" \/>\n<meta name=\"twitter:label1\" content=\"Szacowany czas czytania\" \/>\n\t<meta name=\"twitter:data1\" content=\"10 minut\" \/>\n<script type=\"application\/ld+json\" class=\"yoast-schema-graph\">{\"@context\":\"https:\/\/schema.org\",\"@graph\":[{\"@type\":\"WebPage\",\"@id\":\"https:\/\/instytutpolski.pl\/praha\/abcs-of-polish-culture-painting\/\",\"url\":\"https:\/\/instytutpolski.pl\/praha\/abcs-of-polish-culture-painting\/\",\"name\":\"ABCs OF POLISH CULTURE \u2013 PAINTING - Instytut Polski w Pradze\",\"isPartOf\":{\"@id\":\"https:\/\/instytutpolski.pl\/praha\/#website\"},\"primaryImageOfPage\":{\"@id\":\"https:\/\/instytutpolski.pl\/praha\/abcs-of-polish-culture-painting\/#primaryimage\"},\"image\":{\"@id\":\"https:\/\/instytutpolski.pl\/praha\/abcs-of-polish-culture-painting\/#primaryimage\"},\"thumbnailUrl\":\"https:\/\/instytutpolski.pl\/praha\/wp-content\/uploads\/sites\/10\/2024\/05\/23.-KUBIK__Stan\u2560uko-scaled.jpg\",\"datePublished\":\"2024-05-22T11:46:48+00:00\",\"dateModified\":\"2024-06-10T12:18:36+00:00\",\"breadcrumb\":{\"@id\":\"https:\/\/instytutpolski.pl\/praha\/abcs-of-polish-culture-painting\/#breadcrumb\"},\"inLanguage\":\"pl-PL\",\"potentialAction\":[{\"@type\":\"ReadAction\",\"target\":[\"https:\/\/instytutpolski.pl\/praha\/abcs-of-polish-culture-painting\/\"]}]},{\"@type\":\"ImageObject\",\"inLanguage\":\"pl-PL\",\"@id\":\"https:\/\/instytutpolski.pl\/praha\/abcs-of-polish-culture-painting\/#primaryimage\",\"url\":\"https:\/\/instytutpolski.pl\/praha\/wp-content\/uploads\/sites\/10\/2024\/05\/23.-KUBIK__Stan\u2560uko-scaled.jpg\",\"contentUrl\":\"https:\/\/instytutpolski.pl\/praha\/wp-content\/uploads\/sites\/10\/2024\/05\/23.-KUBIK__Stan\u2560uko-scaled.jpg\",\"width\":1844,\"height\":2560},{\"@type\":\"BreadcrumbList\",\"@id\":\"https:\/\/instytutpolski.pl\/praha\/abcs-of-polish-culture-painting\/#breadcrumb\",\"itemListElement\":[{\"@type\":\"ListItem\",\"position\":1,\"name\":\"Home\",\"item\":\"https:\/\/instytutpolski.pl\/praha\/\"},{\"@type\":\"ListItem\",\"position\":2,\"name\":\"ABCs OF POLISH CULTURE \u2013 PAINTING\"}]},{\"@type\":\"WebSite\",\"@id\":\"https:\/\/instytutpolski.pl\/praha\/#website\",\"url\":\"https:\/\/instytutpolski.pl\/praha\/\",\"name\":\"Instytut Polski w Pradze\",\"description\":\"Instytuty Polskie\",\"potentialAction\":[{\"@type\":\"SearchAction\",\"target\":{\"@type\":\"EntryPoint\",\"urlTemplate\":\"https:\/\/instytutpolski.pl\/praha\/?s={search_term_string}\"},\"query-input\":{\"@type\":\"PropertyValueSpecification\",\"valueRequired\":true,\"valueName\":\"search_term_string\"}}],\"inLanguage\":\"pl-PL\"}]}<\/script>\n<!-- \/ Yoast SEO plugin. -->","yoast_head_json":{"title":"ABCs OF POLISH CULTURE \u2013 PAINTING - Instytut Polski w Pradze","robots":{"index":"index","follow":"follow","max-snippet":"max-snippet:-1","max-image-preview":"max-image-preview:large","max-video-preview":"max-video-preview:-1"},"canonical":"https:\/\/instytutpolski.pl\/praha\/abcs-of-polish-culture-painting\/","og_locale":"pl_PL","og_type":"article","og_title":"ABCs OF POLISH CULTURE \u2013 PAINTING - Instytut Polski w Pradze","og_description":"TAMARA \u0141EMPICKA 1898 \u2013 1980 WOMAN IN GREEN BUGATTI 1929 oil on wooden board, 35 x 27 cm &#8222;Among hundreds of paintings, you could easily recognize mine.&#8221; The painting was created on commission of the German fashion magazine Die Dame. When the magazine\u2019s publisher saw the extraordinary beauty near a casino in Monte Carlo, he [&hellip;]","og_url":"https:\/\/instytutpolski.pl\/praha\/abcs-of-polish-culture-painting\/","og_site_name":"Instytut Polski w Pradze","article_modified_time":"2024-06-10T12:18:36+00:00","og_image":[{"width":1844,"height":2560,"url":"https:\/\/instytutpolski.pl\/praha\/wp-content\/uploads\/sites\/10\/2024\/05\/23.-KUBIK__Stan\u2560uko-scaled.jpg","type":"image\/jpeg"}],"twitter_card":"summary_large_image","twitter_misc":{"Szacowany czas czytania":"10 minut"},"schema":{"@context":"https:\/\/schema.org","@graph":[{"@type":"WebPage","@id":"https:\/\/instytutpolski.pl\/praha\/abcs-of-polish-culture-painting\/","url":"https:\/\/instytutpolski.pl\/praha\/abcs-of-polish-culture-painting\/","name":"ABCs OF POLISH CULTURE \u2013 PAINTING - Instytut Polski w Pradze","isPartOf":{"@id":"https:\/\/instytutpolski.pl\/praha\/#website"},"primaryImageOfPage":{"@id":"https:\/\/instytutpolski.pl\/praha\/abcs-of-polish-culture-painting\/#primaryimage"},"image":{"@id":"https:\/\/instytutpolski.pl\/praha\/abcs-of-polish-culture-painting\/#primaryimage"},"thumbnailUrl":"https:\/\/instytutpolski.pl\/praha\/wp-content\/uploads\/sites\/10\/2024\/05\/23.-KUBIK__Stan\u2560uko-scaled.jpg","datePublished":"2024-05-22T11:46:48+00:00","dateModified":"2024-06-10T12:18:36+00:00","breadcrumb":{"@id":"https:\/\/instytutpolski.pl\/praha\/abcs-of-polish-culture-painting\/#breadcrumb"},"inLanguage":"pl-PL","potentialAction":[{"@type":"ReadAction","target":["https:\/\/instytutpolski.pl\/praha\/abcs-of-polish-culture-painting\/"]}]},{"@type":"ImageObject","inLanguage":"pl-PL","@id":"https:\/\/instytutpolski.pl\/praha\/abcs-of-polish-culture-painting\/#primaryimage","url":"https:\/\/instytutpolski.pl\/praha\/wp-content\/uploads\/sites\/10\/2024\/05\/23.-KUBIK__Stan\u2560uko-scaled.jpg","contentUrl":"https:\/\/instytutpolski.pl\/praha\/wp-content\/uploads\/sites\/10\/2024\/05\/23.-KUBIK__Stan\u2560uko-scaled.jpg","width":1844,"height":2560},{"@type":"BreadcrumbList","@id":"https:\/\/instytutpolski.pl\/praha\/abcs-of-polish-culture-painting\/#breadcrumb","itemListElement":[{"@type":"ListItem","position":1,"name":"Home","item":"https:\/\/instytutpolski.pl\/praha\/"},{"@type":"ListItem","position":2,"name":"ABCs OF POLISH CULTURE \u2013 PAINTING"}]},{"@type":"WebSite","@id":"https:\/\/instytutpolski.pl\/praha\/#website","url":"https:\/\/instytutpolski.pl\/praha\/","name":"Instytut Polski w Pradze","description":"Instytuty Polskie","potentialAction":[{"@type":"SearchAction","target":{"@type":"EntryPoint","urlTemplate":"https:\/\/instytutpolski.pl\/praha\/?s={search_term_string}"},"query-input":{"@type":"PropertyValueSpecification","valueRequired":true,"valueName":"search_term_string"}}],"inLanguage":"pl-PL"}]}},"_links":{"self":[{"href":"https:\/\/instytutpolski.pl\/praha\/wp-json\/wp\/v2\/pages\/10321","targetHints":{"allow":["GET"]}}],"collection":[{"href":"https:\/\/instytutpolski.pl\/praha\/wp-json\/wp\/v2\/pages"}],"about":[{"href":"https:\/\/instytutpolski.pl\/praha\/wp-json\/wp\/v2\/types\/page"}],"author":[{"embeddable":true,"href":"https:\/\/instytutpolski.pl\/praha\/wp-json\/wp\/v2\/users\/58"}],"replies":[{"embeddable":true,"href":"https:\/\/instytutpolski.pl\/praha\/wp-json\/wp\/v2\/comments?post=10321"}],"version-history":[{"count":4,"href":"https:\/\/instytutpolski.pl\/praha\/wp-json\/wp\/v2\/pages\/10321\/revisions"}],"predecessor-version":[{"id":10532,"href":"https:\/\/instytutpolski.pl\/praha\/wp-json\/wp\/v2\/pages\/10321\/revisions\/10532"}],"wp:featuredmedia":[{"embeddable":true,"href":"https:\/\/instytutpolski.pl\/praha\/wp-json\/wp\/v2\/media\/10380"}],"wp:attachment":[{"href":"https:\/\/instytutpolski.pl\/praha\/wp-json\/wp\/v2\/media?parent=10321"}],"curies":[{"name":"wp","href":"https:\/\/api.w.org\/{rel}","templated":true}]}}