{"id":10325,"date":"2024-05-22T13:50:54","date_gmt":"2024-05-22T11:50:54","guid":{"rendered":"https:\/\/instytutpolski.pl\/praha\/?page_id=10325"},"modified":"2024-06-10T15:11:19","modified_gmt":"2024-06-10T13:11:19","slug":"abcs-of-polish-culture-sculpture-and-art-installation","status":"publish","type":"page","link":"https:\/\/instytutpolski.pl\/praha\/abcs-of-polish-culture-sculpture-and-art-installation\/","title":{"rendered":"ABCs OF POLISH CULTURE \u2013 SCULPTURE AND ART INSTALLATION"},"content":{"rendered":"\n<figure class=\"wp-block-image size-large\"><img loading=\"lazy\" decoding=\"async\" width=\"1024\" height=\"1024\" src=\"https:\/\/instytutpolski.pl\/praha\/wp-content\/uploads\/sites\/10\/2024\/06\/30_SZAPOCZNIKOW-1024x1024.png\" alt=\"\" class=\"wp-image-10554\" srcset=\"https:\/\/instytutpolski.pl\/praha\/wp-content\/uploads\/sites\/10\/2024\/06\/30_SZAPOCZNIKOW-1024x1024.png 1024w, https:\/\/instytutpolski.pl\/praha\/wp-content\/uploads\/sites\/10\/2024\/06\/30_SZAPOCZNIKOW-300x300.png 300w, https:\/\/instytutpolski.pl\/praha\/wp-content\/uploads\/sites\/10\/2024\/06\/30_SZAPOCZNIKOW-150x150.png 150w, https:\/\/instytutpolski.pl\/praha\/wp-content\/uploads\/sites\/10\/2024\/06\/30_SZAPOCZNIKOW-768x768.png 768w, https:\/\/instytutpolski.pl\/praha\/wp-content\/uploads\/sites\/10\/2024\/06\/30_SZAPOCZNIKOW.png 1417w\" sizes=\"auto, (max-width: 1024px) 100vw, 1024px\" \/><\/figure>\n\n\n\n<h2 class=\"wp-block-heading\"><strong>ALINA SZAPOCZNIKOW<\/strong> 1926 \u2013 1973&nbsp;&nbsp;<\/h2>\n\n\n\n<h3 class=\"wp-block-heading\"><strong>MULTIPLE PORTRAIT<\/strong> 1967&nbsp;<\/h3>\n\n\n\n<p>granite, bronze, coloured polyester, 94 x 51 x 35 cm&nbsp;<\/p>\n\n\n\n<p><strong>&#8222;Through the imprints of the human body I try to capture in transparent polystyrene the fleeting moments of life, its paradoxes and its absurdity&#8230;&#8221;<\/strong>&nbsp;<\/p>\n\n\n\n<p>Four casts of the lower part of a female face layered on a black granite stone insinuating a female bust. The masks bear the features of Alina Szapocznikow. In the early 1960s the artist moved to Paris, where she discovered plastics, vinyl, polyester and polyurethane, then not available in Poland. These light and soft materials were easy to mould and colour. The artist made use of them to capture the transience of the human body. She retreated from traditional sculpture forms and started experimenting. She freed her sculptures from the weight of bronze and stone. In her artistic experiments, Szapocznikow focused on casting parts of her own and her friends\u2019 bodies. She fragmented, transformed, multiplied, and expanded them. The body became both the material and the major theme of her artistic projects.&nbsp;<\/p>\n\n\n\n<p>Alina Szapocznikow was born in \u0141\u00f3d\u017a into a family of Jewish doctors. As a teenager she miraculously survived the ghetto and Nazi camps. After the war, she lived in Prague and Paris, where she studied sculpture. As a supporter of communist politics, she did not mind the aesthetics of the social realism although she wasn\u2019t their loyal follower.&nbsp; Beginning with 1963 she lived in Paris with her second husband, graphic artist Roman Cie\u015blewicz. Szapocznikow is remembered as a fascinating woman. She enjoyed her independence and emancipation. Her life and art were the affirmations of femininity and joy of living. Her art often included elements of self-irony and play as she changed her mouth and bust casts into lamps, while her rubber belly moulds into cushions that she would give out to friends. The artist even considered producing her art pieces on a mass scale. In 1968 she was diagnosed with breast cancer. The artist made the disease into yet another theme addressed in her artistic experiments. She died prematurely at the age of 47.&nbsp;<\/p>\n\n\n\n<p>Szapocznikow gained wide international acclaim only decades after her death. Today she is considered as a pioneer of feminist art. With her works the artist broke such then taboo topics as sexuality, decay, disease and death.&nbsp;<\/p>\n\n\n\n<p>Illustrated by <strong>JULIA MIRNY<\/strong>&nbsp;<\/p>\n\n\n\n<hr class=\"wp-block-separator has-alpha-channel-opacity\" \/>\n\n\n\n<figure class=\"wp-block-image size-large\"><img loading=\"lazy\" decoding=\"async\" width=\"1024\" height=\"1024\" src=\"https:\/\/instytutpolski.pl\/praha\/wp-content\/uploads\/sites\/10\/2024\/06\/1_ABAKANOWICZ-1024x1024.jpg\" alt=\"\" class=\"wp-image-10555\" srcset=\"https:\/\/instytutpolski.pl\/praha\/wp-content\/uploads\/sites\/10\/2024\/06\/1_ABAKANOWICZ-1024x1024.jpg 1024w, https:\/\/instytutpolski.pl\/praha\/wp-content\/uploads\/sites\/10\/2024\/06\/1_ABAKANOWICZ-300x300.jpg 300w, https:\/\/instytutpolski.pl\/praha\/wp-content\/uploads\/sites\/10\/2024\/06\/1_ABAKANOWICZ-150x150.jpg 150w, https:\/\/instytutpolski.pl\/praha\/wp-content\/uploads\/sites\/10\/2024\/06\/1_ABAKANOWICZ-768x768.jpg 768w, https:\/\/instytutpolski.pl\/praha\/wp-content\/uploads\/sites\/10\/2024\/06\/1_ABAKANOWICZ.jpg 1417w\" sizes=\"auto, (max-width: 1024px) 100vw, 1024px\" \/><\/figure>\n\n\n\n<h2 class=\"wp-block-heading\"><strong>MAGDALENA ABAKANOWICZ <\/strong>1930 \u2013 2017&nbsp;<\/h2>\n\n\n\n<h3 class=\"wp-block-heading\"><strong>THE CROWD<\/strong> 1986 \u20131994&nbsp;<\/h3>\n\n\n\n<p>jute sacks and resin, height 175 cm&nbsp;<\/p>\n\n\n\n<p><strong>&#8222;<\/strong><strong>I was asked: Is it the Holocaust? Is it a religious ceremony in Peru? Is it a ritual from Bali? Each time I would answer: yes, it is. Because my art is about a human being in general, about human existence (&#8230;).&#8221;<\/strong>&nbsp;<\/p>\n\n\n\n<p>Headless naked male figures forming a crowd; all of them in the straight-ahead position; all of them of similar height. In spite of their apparent similarities, there are no two identical figures. Upon a closer look from behind one can notice that they are all hollow.&nbsp;&nbsp;<\/p>\n\n\n\n<p>Abakanowicz started creating the crowds in the mid-1980s and continued until the end of her career. The first sculpture consisted of 50 figures having the height of a grown-up person. With time the body built and numbers of the figures evolved as did their group compositions. Some of the figures were standing backwards, other were captured walking or dancing. There were crowds of children and women, as well as animal-headed groups. Initially, the artist used jute sacks and when her crowds left museum exhibition halls for city streets she reached for bronze, cast iron, and concrete.&nbsp;<\/p>\n\n\n\n<p>The artist was born Marta Abakanowicz at a countryside manor house near Warsaw. Her father\u2019s origins went back to a 13<sup>th<\/sup> century Mongolian ruler while her mother came from an old Polish aristocratic family. With the outbreak of World War II, the Abakanowicz family moved to Warsaw. This is when little Marta first encountered the crowds, which would arouse the feeling of anxiety ever since. When the communist government came to power, Abakanowicz made a break with her aristocratic past and changed her first name to Magdalena. Passing as a daughter of a civil servant she was accepted to the Academy of Fine Arts in Warsaw. Following her graduation, she left paining for experimental art involving woven fabrics. It was the artist\u2019s success at the Art Biennale in S\u00e3o Paulo, where her monumental three-dimensional sculptures of soft woven fabrics, called Abakans, won the golden medal, that propelled her to an international career.&nbsp;&nbsp;<\/p>\n\n\n\n<p>Abakanowicz is considered the best known and best-selling Polish sculptor. Her monumental compositions and large-scale sculptures are the artist\u2019s trademarks. She is renowned for her sculptures installed in cityscapes or landscapes. On request of the inhabitants of Hiroshima, she created a sculpture to commemorate the atomic bombing of the city: a group of 40 sitting figures made of bronze.&nbsp;<\/p>\n\n\n\n<p>Illustrated by <strong>JULIA MIRNY<\/strong>&nbsp;&nbsp;<\/p>\n\n\n\n<hr class=\"wp-block-separator has-alpha-channel-opacity\" \/>\n\n\n\n<figure class=\"wp-block-image size-large\"><img loading=\"lazy\" decoding=\"async\" width=\"1024\" height=\"1024\" src=\"https:\/\/instytutpolski.pl\/praha\/wp-content\/uploads\/sites\/10\/2024\/06\/35_WODICZKO-1024x1024.jpg\" alt=\"\" class=\"wp-image-10559\" srcset=\"https:\/\/instytutpolski.pl\/praha\/wp-content\/uploads\/sites\/10\/2024\/06\/35_WODICZKO-1024x1024.jpg 1024w, https:\/\/instytutpolski.pl\/praha\/wp-content\/uploads\/sites\/10\/2024\/06\/35_WODICZKO-300x300.jpg 300w, https:\/\/instytutpolski.pl\/praha\/wp-content\/uploads\/sites\/10\/2024\/06\/35_WODICZKO-150x150.jpg 150w, https:\/\/instytutpolski.pl\/praha\/wp-content\/uploads\/sites\/10\/2024\/06\/35_WODICZKO-768x768.jpg 768w, https:\/\/instytutpolski.pl\/praha\/wp-content\/uploads\/sites\/10\/2024\/06\/35_WODICZKO.jpg 1300w\" sizes=\"auto, (max-width: 1024px) 100vw, 1024px\" \/><\/figure>\n\n\n\n<h2 class=\"wp-block-heading\"><strong>K<\/strong><strong>RZYSZTOF WODICZKO<\/strong> 1943&nbsp;<\/h2>\n\n\n\n<h3 class=\"wp-block-heading\"><strong>THE HOMELESS VEHICLE<\/strong> 1987&nbsp;<\/h3>\n\n\n\n<p>art installation&nbsp;<\/p>\n\n\n\n<p>&nbsp;<strong>&#8222;I\u2019m a public artist (\u2026) The role of the artist, as I understand it, is to protect the natural habitat of human beings.&#8221;<\/strong>&nbsp;<\/p>\n\n\n\n<p>Living in New York in the 1980s presented a real challenge. The affordable housing projects were suspended and residents of the derelict buildings were evicted and forced to live literally on the streets. Krzysztof Wodiczko witnessed these events from artistic and sociological perspectives. This is when he came up with the idea of constructing a vehicle for the homeless, which was designed to be a fully practical object rather than an artistic installation. It took the artist several months to design the vehicle so that it could fulfil the essential needs of the homeless. For this reason, he talked to many homeless people making a list of their requirements. The vehicle was to provide shelter, transport, and protection for objects found on the streets that could potentially be sold. The artist never meant to turn the design into a mass production. His goal was to bring to light the problems of the homeless and to initiate the search for practical solutions.&nbsp;<\/p>\n\n\n\n<p>Krzysztof Wodiczko has a considerable standing on the global scene of new media art. Keeping up to date with the latest technological innovations, he has always put the human being in the center of attention. His art has been influenced by his experiences with applied arts as at the turn of the 1960s and the beginning of the 1970s when the artist worked for the applied arts industry designing for the Unitra manufacturer. In 1968 Wodiczko graduated from the Applied Arts Department at the Academy of Fine Arts in Warsaw.&nbsp;&nbsp;<\/p>\n\n\n\n<p>Wodiczko\u2019s projects are more often to be found in public space rather than in art galleries or museums. In 1977 he emigrated from Poland, first to Canada, and then to the USA where he settled down. In 1994 he was appointed director of the Center for Advanced Visual Studies at the prestigious Massachusetts Institute of Technology. Today Wodiczko heads the Art, Design, and the Public Domain program at Harvard University. He continues to collaborate with Poland as well.&nbsp;<\/p>\n\n\n\n<p>Illustrated by <strong>JULIA MIRNY<\/strong>&nbsp;<\/p>\n\n\n\n<hr class=\"wp-block-separator has-alpha-channel-opacity\" \/>\n\n\n\n<figure class=\"wp-block-image size-large\"><img loading=\"lazy\" decoding=\"async\" width=\"1024\" height=\"1024\" src=\"https:\/\/instytutpolski.pl\/praha\/wp-content\/uploads\/sites\/10\/2024\/06\/32_BALKA-1024x1024.png\" alt=\"\" class=\"wp-image-10557\" srcset=\"https:\/\/instytutpolski.pl\/praha\/wp-content\/uploads\/sites\/10\/2024\/06\/32_BALKA-1024x1024.png 1024w, https:\/\/instytutpolski.pl\/praha\/wp-content\/uploads\/sites\/10\/2024\/06\/32_BALKA-300x300.png 300w, https:\/\/instytutpolski.pl\/praha\/wp-content\/uploads\/sites\/10\/2024\/06\/32_BALKA-150x150.png 150w, https:\/\/instytutpolski.pl\/praha\/wp-content\/uploads\/sites\/10\/2024\/06\/32_BALKA-768x768.png 768w, https:\/\/instytutpolski.pl\/praha\/wp-content\/uploads\/sites\/10\/2024\/06\/32_BALKA.png 1417w\" sizes=\"auto, (max-width: 1024px) 100vw, 1024px\" \/><\/figure>\n\n\n\n<h2 class=\"wp-block-heading\"><strong>MIROS\u0141AW BA\u0141KA<\/strong> 1958&nbsp;<\/h2>\n\n\n\n<h3 class=\"wp-block-heading\"><strong>HOW IT IS<\/strong> 2009&nbsp;<\/h3>\n\n\n\n<p>art installation&nbsp;<\/p>\n\n\n\n<p><strong><em>&#8222;<\/em><\/strong><strong>I\u2019m not keen on making too literal gestures; narrativity bothers me. I have always preferred to express less than more<\/strong><strong><em>.&#8221;<\/em><\/strong>&nbsp;<\/p>\n\n\n\n<p>Overwhelming silence gathering in the complete, deep, and empty darkness. This was the experience undergone by visitors to the prestigious Tate Modern in London in 2009. In the Turbine Hall Miros\u0142aw Ba\u0142ka installed a gigantic steel container with an entrance ramp covered with soft black fabric. The title of the work comes from Samuel Beckett\u2019s novel. Taking the steps through the entrance ramp and plunging into the total darkness evoked numerous associations. The experience brought to mind several motives derived from art, history, or science: the Biblical belly of the whale, the cosmic black hole, Conrad\u2019s heart of darkness, or the freight car transporting Jews to a death camp.&nbsp;<\/p>\n\n\n\n<p>Ba\u0142ka is a phenomenon on the Polish art scene. His name is internationally recognized on both sides of the Atlantic. Ba\u0142ka\u2019s art evokes associations with the traumas of World War II and the Holocaust. Born in Warsaw, Ba\u0142ka has his art studio in nearby Otwock. The artist earned a degree from the Academy of Fine Arts in Warsaw. His diploma work <em>Remembrance of the First Holy Communion<\/em> made a lasting impression. The artist recreated a self-portrait from his childhood from the perceptive of a grow-up man. Holding a special place in his art, the artist\u2019s hometown and family home have become a recurring motif in his works. As one of the curators has put it, home is another body of the artist. Ba\u0142ka\u2019s works are often inspired by house measurements and designs.&nbsp;&nbsp;&nbsp;<\/p>\n\n\n\n<p>In 1991 Ba\u0142ka received a Mies van der Rohe grant from the Art Museum in Krefeld, Germany. Since 2010 the artist has been a member of the Der K\u00fcnste Academy in Berlin. He has been in charge of the Studio of the Spatial Activities at the Media Art Department of the Academy of Fine Arts in Warsaw for the last ten years. The artist\u2019s work is exhibited both in Poland and abroad. Ba\u0142ka\u2019s installations are included in collections of such prestigious museums as MOCA in Los Angeles or the Museum of Modern Art in New York.&nbsp;<\/p>\n\n\n\n<p>Illustrated by <strong>JULIA MIRNY<\/strong><\/p>\n","protected":false},"excerpt":{"rendered":"<p>ALINA SZAPOCZNIKOW 1926 \u2013 1973&nbsp;&nbsp; MULTIPLE PORTRAIT 1967&nbsp; granite, bronze, coloured polyester, 94 x 51 x 35 cm&nbsp; &#8222;Through the imprints of the human body I try to capture in transparent polystyrene the fleeting moments of life, its paradoxes and its absurdity&#8230;&#8221;&nbsp; Four casts of the lower part of a female face layered on a [&hellip;]<\/p>\n","protected":false},"author":58,"featured_media":10380,"parent":0,"menu_order":0,"comment_status":"closed","ping_status":"closed","template":"","meta":{"inline_featured_image":false,"_monsterinsights_skip_tracking":false,"_monsterinsights_sitenote_active":false,"_monsterinsights_sitenote_note":"","_monsterinsights_sitenote_category":0,"footnotes":""},"class_list":["post-10325","page","type-page","status-publish","has-post-thumbnail","hentry"],"yoast_head":"<!-- This site is optimized with the Yoast SEO plugin v24.6 - https:\/\/yoast.com\/wordpress\/plugins\/seo\/ -->\n<title>ABCs OF POLISH CULTURE \u2013 SCULPTURE AND ART INSTALLATION - Instytut Polski w Pradze<\/title>\n<meta name=\"robots\" content=\"index, follow, max-snippet:-1, max-image-preview:large, max-video-preview:-1\" \/>\n<link rel=\"canonical\" href=\"https:\/\/instytutpolski.pl\/praha\/abcs-of-polish-culture-sculpture-and-art-installation\/\" \/>\n<meta property=\"og:locale\" content=\"pl_PL\" \/>\n<meta property=\"og:type\" content=\"article\" \/>\n<meta property=\"og:title\" content=\"ABCs OF POLISH CULTURE \u2013 SCULPTURE AND ART INSTALLATION - Instytut Polski w Pradze\" \/>\n<meta property=\"og:description\" content=\"ALINA SZAPOCZNIKOW 1926 \u2013 1973&nbsp;&nbsp; MULTIPLE PORTRAIT 1967&nbsp; granite, bronze, coloured polyester, 94 x 51 x 35 cm&nbsp; &#8222;Through the imprints of the human body I try to capture in transparent polystyrene the fleeting moments of life, its paradoxes and its absurdity&#8230;&#8221;&nbsp; Four casts of the lower part of a female face layered on a [&hellip;]\" \/>\n<meta property=\"og:url\" content=\"https:\/\/instytutpolski.pl\/praha\/abcs-of-polish-culture-sculpture-and-art-installation\/\" \/>\n<meta property=\"og:site_name\" content=\"Instytut Polski w Pradze\" \/>\n<meta property=\"article:modified_time\" content=\"2024-06-10T13:11:19+00:00\" \/>\n<meta property=\"og:image\" content=\"https:\/\/instytutpolski.pl\/praha\/wp-content\/uploads\/sites\/10\/2024\/05\/23.-KUBIK__Stan\u2560uko-scaled.jpg\" \/>\n\t<meta property=\"og:image:width\" content=\"1844\" \/>\n\t<meta property=\"og:image:height\" content=\"2560\" \/>\n\t<meta property=\"og:image:type\" content=\"image\/jpeg\" \/>\n<meta name=\"twitter:card\" content=\"summary_large_image\" \/>\n<meta name=\"twitter:label1\" content=\"Szacowany czas czytania\" \/>\n\t<meta name=\"twitter:data1\" content=\"11 minut\" \/>\n<script type=\"application\/ld+json\" class=\"yoast-schema-graph\">{\"@context\":\"https:\/\/schema.org\",\"@graph\":[{\"@type\":\"WebPage\",\"@id\":\"https:\/\/instytutpolski.pl\/praha\/abcs-of-polish-culture-sculpture-and-art-installation\/\",\"url\":\"https:\/\/instytutpolski.pl\/praha\/abcs-of-polish-culture-sculpture-and-art-installation\/\",\"name\":\"ABCs OF POLISH CULTURE \u2013 SCULPTURE AND ART INSTALLATION - Instytut Polski w Pradze\",\"isPartOf\":{\"@id\":\"https:\/\/instytutpolski.pl\/praha\/#website\"},\"primaryImageOfPage\":{\"@id\":\"https:\/\/instytutpolski.pl\/praha\/abcs-of-polish-culture-sculpture-and-art-installation\/#primaryimage\"},\"image\":{\"@id\":\"https:\/\/instytutpolski.pl\/praha\/abcs-of-polish-culture-sculpture-and-art-installation\/#primaryimage\"},\"thumbnailUrl\":\"https:\/\/instytutpolski.pl\/praha\/wp-content\/uploads\/sites\/10\/2024\/05\/23.-KUBIK__Stan\u2560uko-scaled.jpg\",\"datePublished\":\"2024-05-22T11:50:54+00:00\",\"dateModified\":\"2024-06-10T13:11:19+00:00\",\"breadcrumb\":{\"@id\":\"https:\/\/instytutpolski.pl\/praha\/abcs-of-polish-culture-sculpture-and-art-installation\/#breadcrumb\"},\"inLanguage\":\"pl-PL\",\"potentialAction\":[{\"@type\":\"ReadAction\",\"target\":[\"https:\/\/instytutpolski.pl\/praha\/abcs-of-polish-culture-sculpture-and-art-installation\/\"]}]},{\"@type\":\"ImageObject\",\"inLanguage\":\"pl-PL\",\"@id\":\"https:\/\/instytutpolski.pl\/praha\/abcs-of-polish-culture-sculpture-and-art-installation\/#primaryimage\",\"url\":\"https:\/\/instytutpolski.pl\/praha\/wp-content\/uploads\/sites\/10\/2024\/05\/23.-KUBIK__Stan\u2560uko-scaled.jpg\",\"contentUrl\":\"https:\/\/instytutpolski.pl\/praha\/wp-content\/uploads\/sites\/10\/2024\/05\/23.-KUBIK__Stan\u2560uko-scaled.jpg\",\"width\":1844,\"height\":2560},{\"@type\":\"BreadcrumbList\",\"@id\":\"https:\/\/instytutpolski.pl\/praha\/abcs-of-polish-culture-sculpture-and-art-installation\/#breadcrumb\",\"itemListElement\":[{\"@type\":\"ListItem\",\"position\":1,\"name\":\"Home\",\"item\":\"https:\/\/instytutpolski.pl\/praha\/\"},{\"@type\":\"ListItem\",\"position\":2,\"name\":\"ABCs OF POLISH CULTURE \u2013 SCULPTURE AND ART INSTALLATION\"}]},{\"@type\":\"WebSite\",\"@id\":\"https:\/\/instytutpolski.pl\/praha\/#website\",\"url\":\"https:\/\/instytutpolski.pl\/praha\/\",\"name\":\"Instytut Polski w Pradze\",\"description\":\"Instytuty Polskie\",\"potentialAction\":[{\"@type\":\"SearchAction\",\"target\":{\"@type\":\"EntryPoint\",\"urlTemplate\":\"https:\/\/instytutpolski.pl\/praha\/?s={search_term_string}\"},\"query-input\":{\"@type\":\"PropertyValueSpecification\",\"valueRequired\":true,\"valueName\":\"search_term_string\"}}],\"inLanguage\":\"pl-PL\"}]}<\/script>\n<!-- \/ Yoast SEO plugin. -->","yoast_head_json":{"title":"ABCs OF POLISH CULTURE \u2013 SCULPTURE AND ART INSTALLATION - Instytut Polski w Pradze","robots":{"index":"index","follow":"follow","max-snippet":"max-snippet:-1","max-image-preview":"max-image-preview:large","max-video-preview":"max-video-preview:-1"},"canonical":"https:\/\/instytutpolski.pl\/praha\/abcs-of-polish-culture-sculpture-and-art-installation\/","og_locale":"pl_PL","og_type":"article","og_title":"ABCs OF POLISH CULTURE \u2013 SCULPTURE AND ART INSTALLATION - Instytut Polski w Pradze","og_description":"ALINA SZAPOCZNIKOW 1926 \u2013 1973&nbsp;&nbsp; MULTIPLE PORTRAIT 1967&nbsp; granite, bronze, coloured polyester, 94 x 51 x 35 cm&nbsp; &#8222;Through the imprints of the human body I try to capture in transparent polystyrene the fleeting moments of life, its paradoxes and its absurdity&#8230;&#8221;&nbsp; Four casts of the lower part of a female face layered on a [&hellip;]","og_url":"https:\/\/instytutpolski.pl\/praha\/abcs-of-polish-culture-sculpture-and-art-installation\/","og_site_name":"Instytut Polski w Pradze","article_modified_time":"2024-06-10T13:11:19+00:00","og_image":[{"width":1844,"height":2560,"url":"https:\/\/instytutpolski.pl\/praha\/wp-content\/uploads\/sites\/10\/2024\/05\/23.-KUBIK__Stan\u2560uko-scaled.jpg","type":"image\/jpeg"}],"twitter_card":"summary_large_image","twitter_misc":{"Szacowany czas czytania":"11 minut"},"schema":{"@context":"https:\/\/schema.org","@graph":[{"@type":"WebPage","@id":"https:\/\/instytutpolski.pl\/praha\/abcs-of-polish-culture-sculpture-and-art-installation\/","url":"https:\/\/instytutpolski.pl\/praha\/abcs-of-polish-culture-sculpture-and-art-installation\/","name":"ABCs OF POLISH CULTURE \u2013 SCULPTURE AND ART INSTALLATION - Instytut Polski w Pradze","isPartOf":{"@id":"https:\/\/instytutpolski.pl\/praha\/#website"},"primaryImageOfPage":{"@id":"https:\/\/instytutpolski.pl\/praha\/abcs-of-polish-culture-sculpture-and-art-installation\/#primaryimage"},"image":{"@id":"https:\/\/instytutpolski.pl\/praha\/abcs-of-polish-culture-sculpture-and-art-installation\/#primaryimage"},"thumbnailUrl":"https:\/\/instytutpolski.pl\/praha\/wp-content\/uploads\/sites\/10\/2024\/05\/23.-KUBIK__Stan\u2560uko-scaled.jpg","datePublished":"2024-05-22T11:50:54+00:00","dateModified":"2024-06-10T13:11:19+00:00","breadcrumb":{"@id":"https:\/\/instytutpolski.pl\/praha\/abcs-of-polish-culture-sculpture-and-art-installation\/#breadcrumb"},"inLanguage":"pl-PL","potentialAction":[{"@type":"ReadAction","target":["https:\/\/instytutpolski.pl\/praha\/abcs-of-polish-culture-sculpture-and-art-installation\/"]}]},{"@type":"ImageObject","inLanguage":"pl-PL","@id":"https:\/\/instytutpolski.pl\/praha\/abcs-of-polish-culture-sculpture-and-art-installation\/#primaryimage","url":"https:\/\/instytutpolski.pl\/praha\/wp-content\/uploads\/sites\/10\/2024\/05\/23.-KUBIK__Stan\u2560uko-scaled.jpg","contentUrl":"https:\/\/instytutpolski.pl\/praha\/wp-content\/uploads\/sites\/10\/2024\/05\/23.-KUBIK__Stan\u2560uko-scaled.jpg","width":1844,"height":2560},{"@type":"BreadcrumbList","@id":"https:\/\/instytutpolski.pl\/praha\/abcs-of-polish-culture-sculpture-and-art-installation\/#breadcrumb","itemListElement":[{"@type":"ListItem","position":1,"name":"Home","item":"https:\/\/instytutpolski.pl\/praha\/"},{"@type":"ListItem","position":2,"name":"ABCs OF POLISH CULTURE \u2013 SCULPTURE AND ART INSTALLATION"}]},{"@type":"WebSite","@id":"https:\/\/instytutpolski.pl\/praha\/#website","url":"https:\/\/instytutpolski.pl\/praha\/","name":"Instytut Polski w Pradze","description":"Instytuty Polskie","potentialAction":[{"@type":"SearchAction","target":{"@type":"EntryPoint","urlTemplate":"https:\/\/instytutpolski.pl\/praha\/?s={search_term_string}"},"query-input":{"@type":"PropertyValueSpecification","valueRequired":true,"valueName":"search_term_string"}}],"inLanguage":"pl-PL"}]}},"_links":{"self":[{"href":"https:\/\/instytutpolski.pl\/praha\/wp-json\/wp\/v2\/pages\/10325","targetHints":{"allow":["GET"]}}],"collection":[{"href":"https:\/\/instytutpolski.pl\/praha\/wp-json\/wp\/v2\/pages"}],"about":[{"href":"https:\/\/instytutpolski.pl\/praha\/wp-json\/wp\/v2\/types\/page"}],"author":[{"embeddable":true,"href":"https:\/\/instytutpolski.pl\/praha\/wp-json\/wp\/v2\/users\/58"}],"replies":[{"embeddable":true,"href":"https:\/\/instytutpolski.pl\/praha\/wp-json\/wp\/v2\/comments?post=10325"}],"version-history":[{"count":5,"href":"https:\/\/instytutpolski.pl\/praha\/wp-json\/wp\/v2\/pages\/10325\/revisions"}],"predecessor-version":[{"id":10560,"href":"https:\/\/instytutpolski.pl\/praha\/wp-json\/wp\/v2\/pages\/10325\/revisions\/10560"}],"wp:featuredmedia":[{"embeddable":true,"href":"https:\/\/instytutpolski.pl\/praha\/wp-json\/wp\/v2\/media\/10380"}],"wp:attachment":[{"href":"https:\/\/instytutpolski.pl\/praha\/wp-json\/wp\/v2\/media?parent=10325"}],"curies":[{"name":"wp","href":"https:\/\/api.w.org\/{rel}","templated":true}]}}