{"id":10372,"date":"2024-05-27T11:02:09","date_gmt":"2024-05-27T09:02:09","guid":{"rendered":"https:\/\/instytutpolski.pl\/praha\/?page_id=10372"},"modified":"2025-10-06T13:54:18","modified_gmt":"2025-10-06T11:54:18","slug":"abcs-of-polish-culture","status":"publish","type":"page","link":"https:\/\/instytutpolski.pl\/praha\/abcs-of-polish-culture\/","title":{"rendered":"ABCs OF POLISH CULTURE"},"content":{"rendered":"\n<h2 class=\"wp-block-heading\">Posters of cult Polish works by young artists<\/h2>\n\n\n\n<p>Imagine that someone asks you to select the most important modern works of art from your national culture, preferably those that are known not only at home but also abroad. This question stood at the beginning of the ABCs OF POLISH CULTURE exhibition. Each of us can think of works from areas that are close to us. Someone mentions films or theatre, another recommends paintings or books. But not many will list the best from all artistic fields. Our exhibition has been created as a guide, a hint as to whom we should not forget, which works and their authors we should know, and what anecdotes and interests are connected with their creation and the lives of their creators. Our choice is entirely subjective and surely anyone could find arguments for a hundred other Polish works and artists, but that is what we wanted to do: to talk about art and learn more about it. The second important reason for this exhibition was the desire to collaborate with great young artists. The show features their posters which are original visual interpretations of selected works. The exhibition is therefore not only one of the voices in the debate about the Polish art scene after 1918, but also an attempt to show the incredible explosion of artistic talent in contemporary Poland. We will not hide the fact that working on the exhibition was one big cultural adventure. We could watch films, listen to music and read for hours and hours \u2013 and at the same time it was work. The ABCs OF POLISH CULTURE is exhibited abroad here for the first time. Czech culture is very popular in Poland and with this exhibition we are happy to return the compliment to our neighbours. And now we invite you to take a walk through Polish culture in the heart of Prague!<\/p>\n\n\n\n<hr class=\"wp-block-separator has-alpha-channel-opacity\" \/>\n\n\n\n<p>Curators \u2013 Ewa Solarz, Karol Szafraniec<\/p>\n\n\n\n<p>Design of exposition \u2013 Urszula Prokop<\/p>\n\n\n\n<p>Editing of Polish texts \u2013 Aneta Pa\u017adzior<\/p>\n\n\n\n<p>Graphic design \u2013 Iwona Kobry\u0144, Hana Fialov\u00e1<\/p>\n\n\n\n<p>Translation into English \u2013 Katarzyna Ko\u017cuch<\/p>\n\n\n\n<p>Proof reading \u2013 George Cremaschi<\/p>\n\n\n\n<p>Translation into Czech \u2013 Jitka Rohanov\u00e1, Lucie Zakopalov\u00e1<\/p>\n\n\n\n<p>Typesetting of Czech texts \u2013 Studio Datle<\/p>\n\n\n\n<p>Co-organisers \u2013 Polsk\u00fd institut v Praze, N\u00e1rodn\u00ed knihovna \u010cR<\/p>\n\n\n\n<hr class=\"wp-block-separator has-alpha-channel-opacity\" \/>\n\n\n\n<h2 class=\"wp-block-heading\">44 posters \/ 11 artists<\/h2>\n\n\n\n<p>Barbara Flores \u2013 popular culture \/ new technologies<\/p>\n\n\n\n<p>Igor Kubik \u2013 jazz<\/p>\n\n\n\n<p>Aleksandra Jasionowska \u2013 architecture<\/p>\n\n\n\n<p>Karolina Lubaszko \u2013 film<\/p>\n\n\n\n<p>\u0141ukasz Majewski (Tin Boy) \u2013 graphic design<\/p>\n\n\n\n<p>Julia Mirny \u2013 sculpture \/ art installation<\/p>\n\n\n\n<p>Ma\u0142gorzata Nowak (Studio Acapulco) \u2013 theatre<\/p>\n\n\n\n<p>Tomasz Opali\u0144ski \u2013 classical music<\/p>\n\n\n\n<p>Urszula Palusi\u0144ska \u2013 literature<\/p>\n\n\n\n<p>Marta Tomiak \u2013 photography<\/p>\n\n\n\n<p>\u0141ukasz Zbieranowski (Fajne Ch\u0142opaki) \u2013 painting<\/p>\n\n\n\n<hr class=\"wp-block-separator has-alpha-channel-opacity\" \/>\n\n\n\n<h2 class=\"wp-block-heading\">44 artists \/ 11 artistic areas<\/h2>\n\n\n\n<p>Ingarden \/ Konieczny \/ Korngold \/ Nowicki \u2013 architecture<\/p>\n\n\n\n<p>Holland \/ Kie\u015blowski \/ Pola\u0144ski \/ Wajda \u2013 film<\/p>\n\n\n\n<p>Gudzowaty \/ Hartwig \/ Niedenthal \/ Rydet \u2013 photography<\/p>\n\n\n\n<p>Cie\u015blewicz \/ Lenica \/ Szaybo \/ Themerson \u2013 graphic design<\/p>\n\n\n\n<p>Bagi\u0144ski \/ Rosi\u0144ski \/ Rybczy\u0144ski \/ Sapkowski \u2013 popular culture \/ new technologies<\/p>\n\n\n\n<p>Komeda \/ Seifert \/ Sta\u0144ko \/ Urbaniak \u2013 jazz<\/p>\n\n\n\n<p>Lem \/ Mi\u0142osz \/ Szymborska \/ Tokarczuk \u2013 literature<\/p>\n\n\n\n<p>\u0141empicka \/ Sasnal \/ Strzemi\u0144ski \/ Wr\u00f3blewski \u2013 painting<\/p>\n\n\n\n<p>G\u00f3recki \/ Lutos\u0142awski \/ Penderecki \/ Szymanowski \u2013 classical music<\/p>\n\n\n\n<p>Abakanowicz \/ Ba\u0142ka \/ Szapocznikow \/ Wodiczko \u2013 sculpture \/ art installation<\/p>\n\n\n\n<p>Grotowski \/ Kantor \/ Lupa \/ Warlikowski \u2013 theatre<\/p>\n","protected":false},"excerpt":{"rendered":"<p>Posters of cult Polish works by young artists Imagine that someone asks you to select the most important modern works of art from your national culture, preferably those that are known not only at home but also abroad. This question stood at the beginning of the ABCs OF POLISH CULTURE exhibition. Each of us can [&hellip;]<\/p>\n","protected":false},"author":58,"featured_media":10380,"parent":0,"menu_order":0,"comment_status":"closed","ping_status":"closed","template":"","meta":{"inline_featured_image":false,"_monsterinsights_skip_tracking":false,"_monsterinsights_sitenote_active":false,"_monsterinsights_sitenote_note":"","_monsterinsights_sitenote_category":0,"footnotes":""},"class_list":["post-10372","page","type-page","status-publish","has-post-thumbnail","hentry"],"yoast_head":"<!-- This site is optimized with the Yoast SEO plugin v24.6 - https:\/\/yoast.com\/wordpress\/plugins\/seo\/ -->\n<title>ABCs OF POLISH CULTURE - Instytut Polski w Pradze<\/title>\n<meta name=\"robots\" content=\"index, follow, max-snippet:-1, max-image-preview:large, max-video-preview:-1\" \/>\n<link rel=\"canonical\" href=\"https:\/\/instytutpolski.pl\/praha\/abcs-of-polish-culture\/\" \/>\n<meta property=\"og:locale\" content=\"pl_PL\" \/>\n<meta property=\"og:type\" content=\"article\" \/>\n<meta property=\"og:title\" content=\"ABCs OF POLISH CULTURE - Instytut Polski w Pradze\" \/>\n<meta property=\"og:description\" content=\"Posters of cult Polish works by young artists Imagine that someone asks you to select the most important modern works of art from your national culture, preferably those that are known not only at home but also abroad. This question stood at the beginning of the ABCs OF POLISH CULTURE exhibition. Each of us can [&hellip;]\" \/>\n<meta property=\"og:url\" content=\"https:\/\/instytutpolski.pl\/praha\/abcs-of-polish-culture\/\" \/>\n<meta property=\"og:site_name\" content=\"Instytut Polski w Pradze\" \/>\n<meta property=\"article:modified_time\" content=\"2025-10-06T11:54:18+00:00\" \/>\n<meta property=\"og:image\" content=\"https:\/\/instytutpolski.pl\/praha\/wp-content\/uploads\/sites\/10\/2024\/05\/23.-KUBIK__Stan\u2560uko-scaled.jpg\" \/>\n\t<meta property=\"og:image:width\" content=\"1844\" \/>\n\t<meta property=\"og:image:height\" content=\"2560\" \/>\n\t<meta property=\"og:image:type\" content=\"image\/jpeg\" \/>\n<meta name=\"twitter:card\" content=\"summary_large_image\" \/>\n<meta name=\"twitter:label1\" content=\"Szacowany czas czytania\" \/>\n\t<meta name=\"twitter:data1\" content=\"4 minuty\" \/>\n<script type=\"application\/ld+json\" class=\"yoast-schema-graph\">{\"@context\":\"https:\/\/schema.org\",\"@graph\":[{\"@type\":\"WebPage\",\"@id\":\"https:\/\/instytutpolski.pl\/praha\/abcs-of-polish-culture\/\",\"url\":\"https:\/\/instytutpolski.pl\/praha\/abcs-of-polish-culture\/\",\"name\":\"ABCs OF POLISH CULTURE - Instytut Polski w Pradze\",\"isPartOf\":{\"@id\":\"https:\/\/instytutpolski.pl\/praha\/#website\"},\"primaryImageOfPage\":{\"@id\":\"https:\/\/instytutpolski.pl\/praha\/abcs-of-polish-culture\/#primaryimage\"},\"image\":{\"@id\":\"https:\/\/instytutpolski.pl\/praha\/abcs-of-polish-culture\/#primaryimage\"},\"thumbnailUrl\":\"https:\/\/instytutpolski.pl\/praha\/wp-content\/uploads\/sites\/10\/2024\/05\/23.-KUBIK__Stan\u2560uko-scaled.jpg\",\"datePublished\":\"2024-05-27T09:02:09+00:00\",\"dateModified\":\"2025-10-06T11:54:18+00:00\",\"breadcrumb\":{\"@id\":\"https:\/\/instytutpolski.pl\/praha\/abcs-of-polish-culture\/#breadcrumb\"},\"inLanguage\":\"pl-PL\",\"potentialAction\":[{\"@type\":\"ReadAction\",\"target\":[\"https:\/\/instytutpolski.pl\/praha\/abcs-of-polish-culture\/\"]}]},{\"@type\":\"ImageObject\",\"inLanguage\":\"pl-PL\",\"@id\":\"https:\/\/instytutpolski.pl\/praha\/abcs-of-polish-culture\/#primaryimage\",\"url\":\"https:\/\/instytutpolski.pl\/praha\/wp-content\/uploads\/sites\/10\/2024\/05\/23.-KUBIK__Stan\u2560uko-scaled.jpg\",\"contentUrl\":\"https:\/\/instytutpolski.pl\/praha\/wp-content\/uploads\/sites\/10\/2024\/05\/23.-KUBIK__Stan\u2560uko-scaled.jpg\",\"width\":1844,\"height\":2560},{\"@type\":\"BreadcrumbList\",\"@id\":\"https:\/\/instytutpolski.pl\/praha\/abcs-of-polish-culture\/#breadcrumb\",\"itemListElement\":[{\"@type\":\"ListItem\",\"position\":1,\"name\":\"Home\",\"item\":\"https:\/\/instytutpolski.pl\/praha\/\"},{\"@type\":\"ListItem\",\"position\":2,\"name\":\"ABCs OF POLISH CULTURE\"}]},{\"@type\":\"WebSite\",\"@id\":\"https:\/\/instytutpolski.pl\/praha\/#website\",\"url\":\"https:\/\/instytutpolski.pl\/praha\/\",\"name\":\"Instytut Polski w Pradze\",\"description\":\"Instytuty Polskie\",\"potentialAction\":[{\"@type\":\"SearchAction\",\"target\":{\"@type\":\"EntryPoint\",\"urlTemplate\":\"https:\/\/instytutpolski.pl\/praha\/?s={search_term_string}\"},\"query-input\":{\"@type\":\"PropertyValueSpecification\",\"valueRequired\":true,\"valueName\":\"search_term_string\"}}],\"inLanguage\":\"pl-PL\"}]}<\/script>\n<!-- \/ Yoast SEO plugin. -->","yoast_head_json":{"title":"ABCs OF POLISH CULTURE - Instytut Polski w Pradze","robots":{"index":"index","follow":"follow","max-snippet":"max-snippet:-1","max-image-preview":"max-image-preview:large","max-video-preview":"max-video-preview:-1"},"canonical":"https:\/\/instytutpolski.pl\/praha\/abcs-of-polish-culture\/","og_locale":"pl_PL","og_type":"article","og_title":"ABCs OF POLISH CULTURE - Instytut Polski w Pradze","og_description":"Posters of cult Polish works by young artists Imagine that someone asks you to select the most important modern works of art from your national culture, preferably those that are known not only at home but also abroad. This question stood at the beginning of the ABCs OF POLISH CULTURE exhibition. Each of us can [&hellip;]","og_url":"https:\/\/instytutpolski.pl\/praha\/abcs-of-polish-culture\/","og_site_name":"Instytut Polski w Pradze","article_modified_time":"2025-10-06T11:54:18+00:00","og_image":[{"width":1844,"height":2560,"url":"https:\/\/instytutpolski.pl\/praha\/wp-content\/uploads\/sites\/10\/2024\/05\/23.-KUBIK__Stan\u2560uko-scaled.jpg","type":"image\/jpeg"}],"twitter_card":"summary_large_image","twitter_misc":{"Szacowany czas czytania":"4 minuty"},"schema":{"@context":"https:\/\/schema.org","@graph":[{"@type":"WebPage","@id":"https:\/\/instytutpolski.pl\/praha\/abcs-of-polish-culture\/","url":"https:\/\/instytutpolski.pl\/praha\/abcs-of-polish-culture\/","name":"ABCs OF POLISH CULTURE - Instytut Polski w Pradze","isPartOf":{"@id":"https:\/\/instytutpolski.pl\/praha\/#website"},"primaryImageOfPage":{"@id":"https:\/\/instytutpolski.pl\/praha\/abcs-of-polish-culture\/#primaryimage"},"image":{"@id":"https:\/\/instytutpolski.pl\/praha\/abcs-of-polish-culture\/#primaryimage"},"thumbnailUrl":"https:\/\/instytutpolski.pl\/praha\/wp-content\/uploads\/sites\/10\/2024\/05\/23.-KUBIK__Stan\u2560uko-scaled.jpg","datePublished":"2024-05-27T09:02:09+00:00","dateModified":"2025-10-06T11:54:18+00:00","breadcrumb":{"@id":"https:\/\/instytutpolski.pl\/praha\/abcs-of-polish-culture\/#breadcrumb"},"inLanguage":"pl-PL","potentialAction":[{"@type":"ReadAction","target":["https:\/\/instytutpolski.pl\/praha\/abcs-of-polish-culture\/"]}]},{"@type":"ImageObject","inLanguage":"pl-PL","@id":"https:\/\/instytutpolski.pl\/praha\/abcs-of-polish-culture\/#primaryimage","url":"https:\/\/instytutpolski.pl\/praha\/wp-content\/uploads\/sites\/10\/2024\/05\/23.-KUBIK__Stan\u2560uko-scaled.jpg","contentUrl":"https:\/\/instytutpolski.pl\/praha\/wp-content\/uploads\/sites\/10\/2024\/05\/23.-KUBIK__Stan\u2560uko-scaled.jpg","width":1844,"height":2560},{"@type":"BreadcrumbList","@id":"https:\/\/instytutpolski.pl\/praha\/abcs-of-polish-culture\/#breadcrumb","itemListElement":[{"@type":"ListItem","position":1,"name":"Home","item":"https:\/\/instytutpolski.pl\/praha\/"},{"@type":"ListItem","position":2,"name":"ABCs OF POLISH CULTURE"}]},{"@type":"WebSite","@id":"https:\/\/instytutpolski.pl\/praha\/#website","url":"https:\/\/instytutpolski.pl\/praha\/","name":"Instytut Polski w Pradze","description":"Instytuty Polskie","potentialAction":[{"@type":"SearchAction","target":{"@type":"EntryPoint","urlTemplate":"https:\/\/instytutpolski.pl\/praha\/?s={search_term_string}"},"query-input":{"@type":"PropertyValueSpecification","valueRequired":true,"valueName":"search_term_string"}}],"inLanguage":"pl-PL"}]}},"_links":{"self":[{"href":"https:\/\/instytutpolski.pl\/praha\/wp-json\/wp\/v2\/pages\/10372","targetHints":{"allow":["GET"]}}],"collection":[{"href":"https:\/\/instytutpolski.pl\/praha\/wp-json\/wp\/v2\/pages"}],"about":[{"href":"https:\/\/instytutpolski.pl\/praha\/wp-json\/wp\/v2\/types\/page"}],"author":[{"embeddable":true,"href":"https:\/\/instytutpolski.pl\/praha\/wp-json\/wp\/v2\/users\/58"}],"replies":[{"embeddable":true,"href":"https:\/\/instytutpolski.pl\/praha\/wp-json\/wp\/v2\/comments?post=10372"}],"version-history":[{"count":6,"href":"https:\/\/instytutpolski.pl\/praha\/wp-json\/wp\/v2\/pages\/10372\/revisions"}],"predecessor-version":[{"id":10574,"href":"https:\/\/instytutpolski.pl\/praha\/wp-json\/wp\/v2\/pages\/10372\/revisions\/10574"}],"wp:featuredmedia":[{"embeddable":true,"href":"https:\/\/instytutpolski.pl\/praha\/wp-json\/wp\/v2\/media\/10380"}],"wp:attachment":[{"href":"https:\/\/instytutpolski.pl\/praha\/wp-json\/wp\/v2\/media?parent=10372"}],"curies":[{"name":"wp","href":"https:\/\/api.w.org\/{rel}","templated":true}]}}