{"id":12645,"date":"2025-10-24T12:21:34","date_gmt":"2025-10-24T10:21:34","guid":{"rendered":"https:\/\/instytutpolski.pl\/praha\/?page_id=12645"},"modified":"2025-11-04T15:53:10","modified_gmt":"2025-11-04T14:53:10","slug":"daily-courage-polish-czech-and-slovak-women-in-anti-communist-dissent-1968-1989-1","status":"publish","type":"page","link":"https:\/\/instytutpolski.pl\/praha\/daily-courage-polish-czech-and-slovak-women-in-anti-communist-dissent-1968-1989-1\/","title":{"rendered":"Daily Courage. Polish, Czech and Slovak Women in Anti-Communist Dissent 1968-1989 \/ 1"},"content":{"rendered":"\n<p>They had a choice between a deceptively peaceful life or fighting for a better world. They chose the latter. They were willing to risk and sacrifice a lot for freedom. They formed a significant part of the dissent movement, and without them, the historic changes of 1989 would not have happened. Whether they lived in Poland or Czechoslovakia, they were united by their opposition to communist rule and their belief in the power of community, based on shared responsibility and solidarity.&nbsp;<\/p>\n\n\n\n<p>They tried to intimidate them. They were subjected to house searches, interrogations, repeated arrests, and imprisonment. Their families and marriages were at stake. They were not allowed to study freely or choose their own jobs. The secret police tried everything they could to suppress their activities. They failed.<\/p>\n\n\n\n<p>Initiators, conspirators, editors, couriers, leaders. Some of them became symbols, but many have been forgotten. This exhibition aims to recall some of their stories \u2013 so that we can learn about the past and understand the present. So that we realize that freedom is not taken for granted.<\/p>\n\n\n\n<p><strong>Ewa Ossowska:<em> &#8222;We all wanted freedom with a capital F.&#8221;<\/em><\/strong><\/p>\n\n\n\n<p><strong>Barbara Labuda: <em>&#8222;It was difficult for us. Very difficult. We were cut off from the world, intimidated, our children were taken away from us. But we did it for the idea. And we also helped to create that idea.&#8221;<\/em><\/strong><\/p>\n\n\n\n<p><strong>Marie R\u00fat K\u0159\u00ed\u017ekov\u00e1: <em>&#8222;We were relentless and didn&#8217;t let ourselves be deterred.&#8221;<\/em><\/strong><\/p>\n\n\n\n<p><strong>\u013dudmila Pastierov\u00e1: <em>&#8222;For me, dissident mothers are great heroines. Having an imprisoned husband, talented children who are not allowed to study, existential financial problems, because it is difficult to live on a cleaning lady&#8217;s salary, and on top of all that, these women persevered, did not change their minds, and resisted the incredible pressure.&#8221;<\/em><\/strong><\/p>\n\n\n\n<figure class=\"wp-block-image size-large is-resized\"><img loading=\"lazy\" decoding=\"async\" width=\"1024\" height=\"664\" src=\"https:\/\/instytutpolski.pl\/praha\/wp-content\/uploads\/sites\/10\/2025\/11\/0-Na-zdjeciu-kobieta-rozmawia-z-milicjantami.-Fot.-Maciej-Czarnocki-zbiory-Osrodka-KARTA-1024x664.jpg\" alt=\"\" class=\"wp-image-12786\" style=\"width:493px;height:auto\" srcset=\"https:\/\/instytutpolski.pl\/praha\/wp-content\/uploads\/sites\/10\/2025\/11\/0-Na-zdjeciu-kobieta-rozmawia-z-milicjantami.-Fot.-Maciej-Czarnocki-zbiory-Osrodka-KARTA-1024x664.jpg 1024w, https:\/\/instytutpolski.pl\/praha\/wp-content\/uploads\/sites\/10\/2025\/11\/0-Na-zdjeciu-kobieta-rozmawia-z-milicjantami.-Fot.-Maciej-Czarnocki-zbiory-Osrodka-KARTA-300x195.jpg 300w, https:\/\/instytutpolski.pl\/praha\/wp-content\/uploads\/sites\/10\/2025\/11\/0-Na-zdjeciu-kobieta-rozmawia-z-milicjantami.-Fot.-Maciej-Czarnocki-zbiory-Osrodka-KARTA-768x498.jpg 768w, https:\/\/instytutpolski.pl\/praha\/wp-content\/uploads\/sites\/10\/2025\/11\/0-Na-zdjeciu-kobieta-rozmawia-z-milicjantami.-Fot.-Maciej-Czarnocki-zbiory-Osrodka-KARTA-1536x996.jpg 1536w, https:\/\/instytutpolski.pl\/praha\/wp-content\/uploads\/sites\/10\/2025\/11\/0-Na-zdjeciu-kobieta-rozmawia-z-milicjantami.-Fot.-Maciej-Czarnocki-zbiory-Osrodka-KARTA-2048x1328.jpg 2048w\" sizes=\"auto, (max-width: 1024px) 100vw, 1024px\" \/><figcaption class=\"wp-element-caption\">A woman talks to militiamen during the Solidarity protest in Warsaw in August 1981. Source: Archive of O\u015brodek KARTA, photo by Maciej Czarnocki<\/figcaption><\/figure>\n\n\n\n<figure class=\"wp-block-image size-large is-resized\"><img loading=\"lazy\" decoding=\"async\" width=\"1024\" height=\"680\" src=\"https:\/\/instytutpolski.pl\/praha\/wp-content\/uploads\/sites\/10\/2025\/11\/2-Eva-Kanturkova-na-balkone-s-Vaclavem-Havlem-volby-v-Pisku-1990-1-1024x680.jpg\" alt=\"\" class=\"wp-image-12787\" style=\"width:516px;height:auto\" srcset=\"https:\/\/instytutpolski.pl\/praha\/wp-content\/uploads\/sites\/10\/2025\/11\/2-Eva-Kanturkova-na-balkone-s-Vaclavem-Havlem-volby-v-Pisku-1990-1-1024x680.jpg 1024w, https:\/\/instytutpolski.pl\/praha\/wp-content\/uploads\/sites\/10\/2025\/11\/2-Eva-Kanturkova-na-balkone-s-Vaclavem-Havlem-volby-v-Pisku-1990-1-300x199.jpg 300w, https:\/\/instytutpolski.pl\/praha\/wp-content\/uploads\/sites\/10\/2025\/11\/2-Eva-Kanturkova-na-balkone-s-Vaclavem-Havlem-volby-v-Pisku-1990-1-768x510.jpg 768w, https:\/\/instytutpolski.pl\/praha\/wp-content\/uploads\/sites\/10\/2025\/11\/2-Eva-Kanturkova-na-balkone-s-Vaclavem-Havlem-volby-v-Pisku-1990-1-1536x1021.jpg 1536w, https:\/\/instytutpolski.pl\/praha\/wp-content\/uploads\/sites\/10\/2025\/11\/2-Eva-Kanturkova-na-balkone-s-Vaclavem-Havlem-volby-v-Pisku-1990-1-2048x1361.jpg 2048w\" sizes=\"auto, (max-width: 1024px) 100vw, 1024px\" \/><figcaption class=\"wp-element-caption\">Campaign before the first free elections in Czechoslovakia, P\u00edsek 1990. On the balcony with V\u00e1clav Havel, among others, V\u011bra \u010c\u00e1slavsk\u00e1 (third from left) and Eva Kant\u016frkov\u00e1 (fourth from right). Source: Private archive of E. Kant\u016frkov\u00e1<\/figcaption><\/figure>\n\n\n\n<figure class=\"wp-block-image size-full\"><img loading=\"lazy\" decoding=\"async\" width=\"605\" height=\"431\" src=\"https:\/\/instytutpolski.pl\/praha\/wp-content\/uploads\/sites\/10\/2025\/11\/svickova-manifestace.jpg\" alt=\"\" class=\"wp-image-12788\" srcset=\"https:\/\/instytutpolski.pl\/praha\/wp-content\/uploads\/sites\/10\/2025\/11\/svickova-manifestace.jpg 605w, https:\/\/instytutpolski.pl\/praha\/wp-content\/uploads\/sites\/10\/2025\/11\/svickova-manifestace-300x214.jpg 300w\" sizes=\"auto, (max-width: 605px) 100vw, 605px\" \/><figcaption class=\"wp-element-caption\">The harshly suppressed demonstration of thousands of people that took place on 25 March 1988, at Hviezdoslav Square in Bratislava, known as the Candlelight Demonstration, paved the way for the Velvet Revolution. Thirteen women were interrogated and tried for participating in it, including M\u00e1ria K\u00e9ryov\u00e1, Bernadeta Otrubov\u00e1, \u013dudmila Heribanov\u00e1, and Austrian journalist Barbara C. Kalergi. Marta Bariak Ko\u0161\u00edkov\u00e1, Zuzana Szatm\u00e1ry, Marta \u0160ime\u010dkov\u00e1, and others were also present. Source: Nation&#8217;s Memory Institute<\/figcaption><\/figure>\n\n\n\n<figure class=\"wp-block-image size-large is-resized\"><img loading=\"lazy\" decoding=\"async\" width=\"651\" height=\"1024\" src=\"https:\/\/instytutpolski.pl\/praha\/wp-content\/uploads\/sites\/10\/2025\/11\/uvod-Czarnocki_385-651x1024.jpg\" alt=\"\" class=\"wp-image-12789\" style=\"width:320px;height:auto\" srcset=\"https:\/\/instytutpolski.pl\/praha\/wp-content\/uploads\/sites\/10\/2025\/11\/uvod-Czarnocki_385-651x1024.jpg 651w, https:\/\/instytutpolski.pl\/praha\/wp-content\/uploads\/sites\/10\/2025\/11\/uvod-Czarnocki_385-191x300.jpg 191w, https:\/\/instytutpolski.pl\/praha\/wp-content\/uploads\/sites\/10\/2025\/11\/uvod-Czarnocki_385-768x1209.jpg 768w, https:\/\/instytutpolski.pl\/praha\/wp-content\/uploads\/sites\/10\/2025\/11\/uvod-Czarnocki_385-976x1536.jpg 976w, https:\/\/instytutpolski.pl\/praha\/wp-content\/uploads\/sites\/10\/2025\/11\/uvod-Czarnocki_385-1301x2048.jpg 1301w, https:\/\/instytutpolski.pl\/praha\/wp-content\/uploads\/sites\/10\/2025\/11\/uvod-Czarnocki_385-scaled.jpg 1627w\" sizes=\"auto, (max-width: 651px) 100vw, 651px\" \/><\/figure>\n\n\n\n<p>Participants in a Solidarity demonstration during the state of emergency declared by General Jaruzelski to suppress the Polish opposition. Warsaw, 31 August 1982, Archive of O\u015brodek KARTA, photo by Maciej Czarnocki<\/p>\n","protected":false},"excerpt":{"rendered":"<p>They had a choice between a deceptively peaceful life or fighting for a better world. They chose the latter. They were willing to risk and sacrifice a lot for freedom. They formed a significant part of the dissent movement, and without them, the historic changes of 1989 would not have happened. Whether they lived in [&hellip;]<\/p>\n","protected":false},"author":60,"featured_media":12702,"parent":0,"menu_order":0,"comment_status":"closed","ping_status":"closed","template":"","meta":{"inline_featured_image":false,"_monsterinsights_skip_tracking":false,"_monsterinsights_sitenote_active":false,"_monsterinsights_sitenote_note":"","_monsterinsights_sitenote_category":0,"footnotes":""},"class_list":["post-12645","page","type-page","status-publish","has-post-thumbnail","hentry"],"yoast_head":"<!-- This site is optimized with the Yoast SEO plugin v24.6 - https:\/\/yoast.com\/wordpress\/plugins\/seo\/ -->\n<title>Daily Courage. Polish, Czech and Slovak Women in Anti-Communist Dissent 1968-1989 \/ 1 - Instytut Polski w Pradze<\/title>\n<meta name=\"robots\" content=\"index, follow, max-snippet:-1, max-image-preview:large, max-video-preview:-1\" \/>\n<link rel=\"canonical\" href=\"https:\/\/instytutpolski.pl\/praha\/daily-courage-polish-czech-and-slovak-women-in-anti-communist-dissent-1968-1989-1\/\" \/>\n<meta property=\"og:locale\" content=\"pl_PL\" \/>\n<meta property=\"og:type\" content=\"article\" \/>\n<meta property=\"og:title\" content=\"Daily Courage. Polish, Czech and Slovak Women in Anti-Communist Dissent 1968-1989 \/ 1 - Instytut Polski w Pradze\" \/>\n<meta property=\"og:description\" content=\"They had a choice between a deceptively peaceful life or fighting for a better world. They chose the latter. They were willing to risk and sacrifice a lot for freedom. They formed a significant part of the dissent movement, and without them, the historic changes of 1989 would not have happened. Whether they lived in [&hellip;]\" \/>\n<meta property=\"og:url\" content=\"https:\/\/instytutpolski.pl\/praha\/daily-courage-polish-czech-and-slovak-women-in-anti-communist-dissent-1968-1989-1\/\" \/>\n<meta property=\"og:site_name\" content=\"Instytut Polski w Pradze\" \/>\n<meta property=\"article:modified_time\" content=\"2025-11-04T14:53:10+00:00\" \/>\n<meta property=\"og:image\" content=\"https:\/\/instytutpolski.pl\/praha\/wp-content\/uploads\/sites\/10\/2025\/10\/kazdodenni_odvaha_CZ_plakat-scaled.jpg\" \/>\n\t<meta property=\"og:image:width\" content=\"2560\" \/>\n\t<meta property=\"og:image:height\" content=\"1595\" \/>\n\t<meta property=\"og:image:type\" content=\"image\/jpeg\" \/>\n<meta name=\"twitter:card\" content=\"summary_large_image\" \/>\n<meta name=\"twitter:label1\" content=\"Szacowany czas czytania\" \/>\n\t<meta name=\"twitter:data1\" content=\"4 minuty\" \/>\n<script type=\"application\/ld+json\" class=\"yoast-schema-graph\">{\"@context\":\"https:\/\/schema.org\",\"@graph\":[{\"@type\":\"WebPage\",\"@id\":\"https:\/\/instytutpolski.pl\/praha\/daily-courage-polish-czech-and-slovak-women-in-anti-communist-dissent-1968-1989-1\/\",\"url\":\"https:\/\/instytutpolski.pl\/praha\/daily-courage-polish-czech-and-slovak-women-in-anti-communist-dissent-1968-1989-1\/\",\"name\":\"Daily Courage. Polish, Czech and Slovak Women in Anti-Communist Dissent 1968-1989 \/ 1 - Instytut Polski w Pradze\",\"isPartOf\":{\"@id\":\"https:\/\/instytutpolski.pl\/praha\/#website\"},\"primaryImageOfPage\":{\"@id\":\"https:\/\/instytutpolski.pl\/praha\/daily-courage-polish-czech-and-slovak-women-in-anti-communist-dissent-1968-1989-1\/#primaryimage\"},\"image\":{\"@id\":\"https:\/\/instytutpolski.pl\/praha\/daily-courage-polish-czech-and-slovak-women-in-anti-communist-dissent-1968-1989-1\/#primaryimage\"},\"thumbnailUrl\":\"https:\/\/instytutpolski.pl\/praha\/wp-content\/uploads\/sites\/10\/2025\/10\/kazdodenni_odvaha_CZ_plakat-scaled.jpg\",\"datePublished\":\"2025-10-24T10:21:34+00:00\",\"dateModified\":\"2025-11-04T14:53:10+00:00\",\"breadcrumb\":{\"@id\":\"https:\/\/instytutpolski.pl\/praha\/daily-courage-polish-czech-and-slovak-women-in-anti-communist-dissent-1968-1989-1\/#breadcrumb\"},\"inLanguage\":\"pl-PL\",\"potentialAction\":[{\"@type\":\"ReadAction\",\"target\":[\"https:\/\/instytutpolski.pl\/praha\/daily-courage-polish-czech-and-slovak-women-in-anti-communist-dissent-1968-1989-1\/\"]}]},{\"@type\":\"ImageObject\",\"inLanguage\":\"pl-PL\",\"@id\":\"https:\/\/instytutpolski.pl\/praha\/daily-courage-polish-czech-and-slovak-women-in-anti-communist-dissent-1968-1989-1\/#primaryimage\",\"url\":\"https:\/\/instytutpolski.pl\/praha\/wp-content\/uploads\/sites\/10\/2025\/10\/kazdodenni_odvaha_CZ_plakat-scaled.jpg\",\"contentUrl\":\"https:\/\/instytutpolski.pl\/praha\/wp-content\/uploads\/sites\/10\/2025\/10\/kazdodenni_odvaha_CZ_plakat-scaled.jpg\",\"width\":2560,\"height\":1595},{\"@type\":\"BreadcrumbList\",\"@id\":\"https:\/\/instytutpolski.pl\/praha\/daily-courage-polish-czech-and-slovak-women-in-anti-communist-dissent-1968-1989-1\/#breadcrumb\",\"itemListElement\":[{\"@type\":\"ListItem\",\"position\":1,\"name\":\"Home\",\"item\":\"https:\/\/instytutpolski.pl\/praha\/\"},{\"@type\":\"ListItem\",\"position\":2,\"name\":\"Daily Courage. Polish, Czech and Slovak Women in Anti-Communist Dissent 1968-1989 \/ 1\"}]},{\"@type\":\"WebSite\",\"@id\":\"https:\/\/instytutpolski.pl\/praha\/#website\",\"url\":\"https:\/\/instytutpolski.pl\/praha\/\",\"name\":\"Instytut Polski w Pradze\",\"description\":\"Instytuty Polskie\",\"potentialAction\":[{\"@type\":\"SearchAction\",\"target\":{\"@type\":\"EntryPoint\",\"urlTemplate\":\"https:\/\/instytutpolski.pl\/praha\/?s={search_term_string}\"},\"query-input\":{\"@type\":\"PropertyValueSpecification\",\"valueRequired\":true,\"valueName\":\"search_term_string\"}}],\"inLanguage\":\"pl-PL\"}]}<\/script>\n<!-- \/ Yoast SEO plugin. -->","yoast_head_json":{"title":"Daily Courage. Polish, Czech and Slovak Women in Anti-Communist Dissent 1968-1989 \/ 1 - Instytut Polski w Pradze","robots":{"index":"index","follow":"follow","max-snippet":"max-snippet:-1","max-image-preview":"max-image-preview:large","max-video-preview":"max-video-preview:-1"},"canonical":"https:\/\/instytutpolski.pl\/praha\/daily-courage-polish-czech-and-slovak-women-in-anti-communist-dissent-1968-1989-1\/","og_locale":"pl_PL","og_type":"article","og_title":"Daily Courage. Polish, Czech and Slovak Women in Anti-Communist Dissent 1968-1989 \/ 1 - Instytut Polski w Pradze","og_description":"They had a choice between a deceptively peaceful life or fighting for a better world. They chose the latter. They were willing to risk and sacrifice a lot for freedom. They formed a significant part of the dissent movement, and without them, the historic changes of 1989 would not have happened. Whether they lived in [&hellip;]","og_url":"https:\/\/instytutpolski.pl\/praha\/daily-courage-polish-czech-and-slovak-women-in-anti-communist-dissent-1968-1989-1\/","og_site_name":"Instytut Polski w Pradze","article_modified_time":"2025-11-04T14:53:10+00:00","og_image":[{"width":2560,"height":1595,"url":"https:\/\/instytutpolski.pl\/praha\/wp-content\/uploads\/sites\/10\/2025\/10\/kazdodenni_odvaha_CZ_plakat-scaled.jpg","type":"image\/jpeg"}],"twitter_card":"summary_large_image","twitter_misc":{"Szacowany czas czytania":"4 minuty"},"schema":{"@context":"https:\/\/schema.org","@graph":[{"@type":"WebPage","@id":"https:\/\/instytutpolski.pl\/praha\/daily-courage-polish-czech-and-slovak-women-in-anti-communist-dissent-1968-1989-1\/","url":"https:\/\/instytutpolski.pl\/praha\/daily-courage-polish-czech-and-slovak-women-in-anti-communist-dissent-1968-1989-1\/","name":"Daily Courage. Polish, Czech and Slovak Women in Anti-Communist Dissent 1968-1989 \/ 1 - Instytut Polski w Pradze","isPartOf":{"@id":"https:\/\/instytutpolski.pl\/praha\/#website"},"primaryImageOfPage":{"@id":"https:\/\/instytutpolski.pl\/praha\/daily-courage-polish-czech-and-slovak-women-in-anti-communist-dissent-1968-1989-1\/#primaryimage"},"image":{"@id":"https:\/\/instytutpolski.pl\/praha\/daily-courage-polish-czech-and-slovak-women-in-anti-communist-dissent-1968-1989-1\/#primaryimage"},"thumbnailUrl":"https:\/\/instytutpolski.pl\/praha\/wp-content\/uploads\/sites\/10\/2025\/10\/kazdodenni_odvaha_CZ_plakat-scaled.jpg","datePublished":"2025-10-24T10:21:34+00:00","dateModified":"2025-11-04T14:53:10+00:00","breadcrumb":{"@id":"https:\/\/instytutpolski.pl\/praha\/daily-courage-polish-czech-and-slovak-women-in-anti-communist-dissent-1968-1989-1\/#breadcrumb"},"inLanguage":"pl-PL","potentialAction":[{"@type":"ReadAction","target":["https:\/\/instytutpolski.pl\/praha\/daily-courage-polish-czech-and-slovak-women-in-anti-communist-dissent-1968-1989-1\/"]}]},{"@type":"ImageObject","inLanguage":"pl-PL","@id":"https:\/\/instytutpolski.pl\/praha\/daily-courage-polish-czech-and-slovak-women-in-anti-communist-dissent-1968-1989-1\/#primaryimage","url":"https:\/\/instytutpolski.pl\/praha\/wp-content\/uploads\/sites\/10\/2025\/10\/kazdodenni_odvaha_CZ_plakat-scaled.jpg","contentUrl":"https:\/\/instytutpolski.pl\/praha\/wp-content\/uploads\/sites\/10\/2025\/10\/kazdodenni_odvaha_CZ_plakat-scaled.jpg","width":2560,"height":1595},{"@type":"BreadcrumbList","@id":"https:\/\/instytutpolski.pl\/praha\/daily-courage-polish-czech-and-slovak-women-in-anti-communist-dissent-1968-1989-1\/#breadcrumb","itemListElement":[{"@type":"ListItem","position":1,"name":"Home","item":"https:\/\/instytutpolski.pl\/praha\/"},{"@type":"ListItem","position":2,"name":"Daily Courage. Polish, Czech and Slovak Women in Anti-Communist Dissent 1968-1989 \/ 1"}]},{"@type":"WebSite","@id":"https:\/\/instytutpolski.pl\/praha\/#website","url":"https:\/\/instytutpolski.pl\/praha\/","name":"Instytut Polski w Pradze","description":"Instytuty Polskie","potentialAction":[{"@type":"SearchAction","target":{"@type":"EntryPoint","urlTemplate":"https:\/\/instytutpolski.pl\/praha\/?s={search_term_string}"},"query-input":{"@type":"PropertyValueSpecification","valueRequired":true,"valueName":"search_term_string"}}],"inLanguage":"pl-PL"}]}},"_links":{"self":[{"href":"https:\/\/instytutpolski.pl\/praha\/wp-json\/wp\/v2\/pages\/12645","targetHints":{"allow":["GET"]}}],"collection":[{"href":"https:\/\/instytutpolski.pl\/praha\/wp-json\/wp\/v2\/pages"}],"about":[{"href":"https:\/\/instytutpolski.pl\/praha\/wp-json\/wp\/v2\/types\/page"}],"author":[{"embeddable":true,"href":"https:\/\/instytutpolski.pl\/praha\/wp-json\/wp\/v2\/users\/60"}],"replies":[{"embeddable":true,"href":"https:\/\/instytutpolski.pl\/praha\/wp-json\/wp\/v2\/comments?post=12645"}],"version-history":[{"count":2,"href":"https:\/\/instytutpolski.pl\/praha\/wp-json\/wp\/v2\/pages\/12645\/revisions"}],"predecessor-version":[{"id":12790,"href":"https:\/\/instytutpolski.pl\/praha\/wp-json\/wp\/v2\/pages\/12645\/revisions\/12790"}],"wp:featuredmedia":[{"embeddable":true,"href":"https:\/\/instytutpolski.pl\/praha\/wp-json\/wp\/v2\/media\/12702"}],"wp:attachment":[{"href":"https:\/\/instytutpolski.pl\/praha\/wp-json\/wp\/v2\/media?parent=12645"}],"curies":[{"name":"wp","href":"https:\/\/api.w.org\/{rel}","templated":true}]}}