{"id":12647,"date":"2025-10-24T12:24:59","date_gmt":"2025-10-24T10:24:59","guid":{"rendered":"https:\/\/instytutpolski.pl\/praha\/?page_id=12647"},"modified":"2025-11-04T16:48:08","modified_gmt":"2025-11-04T15:48:08","slug":"daily-courage-polish-czech-and-slovak-women-in-anti-communist-dissent-1968-1989-2-leaders","status":"publish","type":"page","link":"https:\/\/instytutpolski.pl\/praha\/daily-courage-polish-czech-and-slovak-women-in-anti-communist-dissent-1968-1989-2-leaders\/","title":{"rendered":"Daily Courage. Polish, Czech and Slovak Women in Anti-Communist Dissent 1968-1989 \/ 2 Leaders"},"content":{"rendered":"\n<p>An important part of the anti-communist dissent was made up of women. They were involved in all stages of the opposition struggle and played a significant role in key historical moments. In 1968, they participated in student demonstrations in Poland and in Czechoslovakia protesting against the Warsaw Pact troops occupation. They were involved in human rights movements, be it the Czechoslovak Charter 77 and the Committee for the Defense of the Unjustly Prosecuted (VONS) or the Polish Workers&#8217; Defense Committee (KOR). In August 1980, also thanks to the courage and determination of these women, independent trade unions \u2013 Poland&#8217;s Solidarity were formed after a strike at the Gdansk shipyards.<\/p>\n\n\n\n<p>They co-authored samizdat publications, organized secret meetings and gatherings, and helped the persecuted ones. They had political intuition, the gift of speech, and endured persecution and harassment by the regime. Among them were Marta Kubi\u0161ov\u00e1, spokesperson for Charter 77, Zdena Tominov\u00e1, member of the Bratislava Five, Hana Ponick\u00e1, while the members of Solidarity Anna Walentynowicz, Joanna Duda-Gwiazda, and Barbara Labuda formed Catholic dissent like the nun Bernadeta P\u00e1n\u010diov\u00e1.<\/p>\n\n\n\n<p>Zdena Tominov\u00e1: &#8222;<em>I threw myself into it voluntarily. I knew I had an advantage, because I didn&#8217;t belong to any political group and could go around to different sections and seek the consensus that was so important for the Charter 77.&#8221;<\/em><\/p>\n\n\n\n<p>Hana Ponick\u00e1:\u00a0 <em>&#8222;I can no longer bear to be ashamed that I am allowed to publish while others are not.&#8221;<\/em><\/p>\n\n\n\n<p>Dana N\u011bmcov\u00e1: <em>&#8222;We all assumed that, as members of a state or national entity, we were responsible for the social and political environment in which we live.&#8221;<\/em><\/p>\n\n\n\n<p>Joanna Duda-Gwiazda: <em>&#8222;Our mission was to liberate Poland from the Soviet Union, to gain freedom and democracy.&#8221;<\/em><\/p>\n\n\n\n<figure class=\"wp-block-image size-large\"><img loading=\"lazy\" decoding=\"async\" width=\"1024\" height=\"684\" src=\"https:\/\/instytutpolski.pl\/praha\/wp-content\/uploads\/sites\/10\/2025\/11\/1-walentynowicz-OK_0905_0001_0131_010-1-1024x684.jpg\" alt=\"\" class=\"wp-image-12810\" srcset=\"https:\/\/instytutpolski.pl\/praha\/wp-content\/uploads\/sites\/10\/2025\/11\/1-walentynowicz-OK_0905_0001_0131_010-1-1024x684.jpg 1024w, https:\/\/instytutpolski.pl\/praha\/wp-content\/uploads\/sites\/10\/2025\/11\/1-walentynowicz-OK_0905_0001_0131_010-1-300x200.jpg 300w, https:\/\/instytutpolski.pl\/praha\/wp-content\/uploads\/sites\/10\/2025\/11\/1-walentynowicz-OK_0905_0001_0131_010-1-768x513.jpg 768w, https:\/\/instytutpolski.pl\/praha\/wp-content\/uploads\/sites\/10\/2025\/11\/1-walentynowicz-OK_0905_0001_0131_010-1-1536x1026.jpg 1536w, https:\/\/instytutpolski.pl\/praha\/wp-content\/uploads\/sites\/10\/2025\/11\/1-walentynowicz-OK_0905_0001_0131_010-1-2048x1367.jpg 2048w\" sizes=\"auto, (max-width: 1024px) 100vw, 1024px\" \/><figcaption class=\"wp-element-caption\">Anna Walentynowicz during the strike at the Gdansk shipyards in August 1980. Her unfair dismissal from work sparked mass strikes and led to the creation of Solidarity. The workers wanted her to lead the protests. She replied: &#8222;I can&#8217;t, if a woman is at the forefront, no one will take the whole thing seriously.&#8221; Lech Wa\u0142\u0119sa thus became the face of the strikes, but it was thanks to Anna Walentynowicz and Alina Pienkowska that the strike did not end with an agreement after a few days.<br>Source: Archive of O\u015brodek KARTA, photo by Witold G\u00f3rka<\/figcaption><\/figure>\n\n\n\n<figure class=\"wp-block-image size-full is-resized\"><img loading=\"lazy\" decoding=\"async\" width=\"548\" height=\"466\" src=\"https:\/\/instytutpolski.pl\/praha\/wp-content\/uploads\/sites\/10\/2025\/11\/4a-Tominova-Zdena_bednar_libri-2.jpg\" alt=\"\" class=\"wp-image-12797\" style=\"width:415px;height:auto\" srcset=\"https:\/\/instytutpolski.pl\/praha\/wp-content\/uploads\/sites\/10\/2025\/11\/4a-Tominova-Zdena_bednar_libri-2.jpg 548w, https:\/\/instytutpolski.pl\/praha\/wp-content\/uploads\/sites\/10\/2025\/11\/4a-Tominova-Zdena_bednar_libri-2-300x255.jpg 300w\" sizes=\"auto, (max-width: 548px) 100vw, 548px\" \/><figcaption class=\"wp-element-caption\">The signatories, and especially the spokeswomen for Charter 77, were severely persecuted in Czechoslovakia. Zdena Tominov\u00e1 became the second woman to serve as spokesperson after Marta Kubi\u0161ov\u00e1 in 1979. She was constantly monitored by the secret police and was attacked by an unknown assailant.<br>Source: Archive of Libri prohibiti, photo by Ji\u0159\u00ed Bedn\u00e1\u0159<\/figcaption><\/figure>\n\n\n\n<figure class=\"wp-block-image size-large is-resized\"><img loading=\"lazy\" decoding=\"async\" width=\"1024\" height=\"1004\" src=\"https:\/\/instytutpolski.pl\/praha\/wp-content\/uploads\/sites\/10\/2025\/11\/1-Dana-Nemcova-s-rodinou-1964-2-1024x1004.jpg\" alt=\"\" class=\"wp-image-12799\" style=\"width:395px;height:auto\" srcset=\"https:\/\/instytutpolski.pl\/praha\/wp-content\/uploads\/sites\/10\/2025\/11\/1-Dana-Nemcova-s-rodinou-1964-2-1024x1004.jpg 1024w, https:\/\/instytutpolski.pl\/praha\/wp-content\/uploads\/sites\/10\/2025\/11\/1-Dana-Nemcova-s-rodinou-1964-2-300x294.jpg 300w, https:\/\/instytutpolski.pl\/praha\/wp-content\/uploads\/sites\/10\/2025\/11\/1-Dana-Nemcova-s-rodinou-1964-2-768x753.jpg 768w, https:\/\/instytutpolski.pl\/praha\/wp-content\/uploads\/sites\/10\/2025\/11\/1-Dana-Nemcova-s-rodinou-1964-2-1536x1506.jpg 1536w, https:\/\/instytutpolski.pl\/praha\/wp-content\/uploads\/sites\/10\/2025\/11\/1-Dana-Nemcova-s-rodinou-1964-2.jpg 1801w\" sizes=\"auto, (max-width: 1024px) 100vw, 1024px\" \/><figcaption class=\"wp-element-caption\">Among the founders of the Committee for the Defense of the Unjustly Prosecuted in 1978 were Otta Bedn\u00e1\u0159ov\u00e1, Jarmila B\u011bl\u00edkov\u00e1, El\u017cbieta Ledererov\u00e1, Dana N\u011bmcov\u00e1, Anna \u0160abatov\u00e1, and Gertruda Sekaninov\u00e1-\u010cakrtov\u00e1.<br>Source: Private archive of D. N\u011bmcov\u00e1, 1963<\/figcaption><\/figure>\n\n\n\n<figure class=\"wp-block-image size-full is-resized\"><img loading=\"lazy\" decoding=\"async\" width=\"435\" height=\"595\" src=\"https:\/\/instytutpolski.pl\/praha\/wp-content\/uploads\/sites\/10\/2025\/11\/BERNARDETA-PANCIOVA_FN.jpg\" alt=\"\" class=\"wp-image-12805\" style=\"width:288px;height:auto\" srcset=\"https:\/\/instytutpolski.pl\/praha\/wp-content\/uploads\/sites\/10\/2025\/11\/BERNARDETA-PANCIOVA_FN.jpg 435w, https:\/\/instytutpolski.pl\/praha\/wp-content\/uploads\/sites\/10\/2025\/11\/BERNARDETA-PANCIOVA_FN-219x300.jpg 219w\" sizes=\"auto, (max-width: 435px) 100vw, 435px\" \/><figcaption class=\"wp-element-caption\">Nun Bernadeta P\u00e1n\u010diov\u00e1 secretly led the nuns, worked with young people, and participated in the samizdat publication. In 1975, she founded the association Family of the Immaculate, which focused on caring for the sick and disadvantaged, an area where the communist state was failing.<br>Source: Archive of the Congregation of the Sisters of Charity of St. Vincent of Satu Mare<\/figcaption><\/figure>\n\n\n\n<figure class=\"wp-block-image size-full\"><img loading=\"lazy\" decoding=\"async\" width=\"260\" height=\"211\" src=\"https:\/\/instytutpolski.pl\/praha\/wp-content\/uploads\/sites\/10\/2025\/11\/Ponicka_jeste-nemame-TASR.png\" alt=\"\" class=\"wp-image-12807\" \/><figcaption class=\"wp-element-caption\">One of the most famous faces of the Slovak dissent was the banned writer and signatory of Charter 77, Hana Ponick\u00e1, a member of the so-called Bratislava Five.<br>Source: TASR<\/figcaption><\/figure>\n\n\n\n<figure class=\"wp-block-image size-large\"><img loading=\"lazy\" decoding=\"async\" width=\"1001\" height=\"1024\" src=\"https:\/\/instytutpolski.pl\/praha\/wp-content\/uploads\/sites\/10\/2025\/11\/1-duda-OK_STOCZNIA_02-003-1-1001x1024.jpg\" alt=\"\" class=\"wp-image-12811\" srcset=\"https:\/\/instytutpolski.pl\/praha\/wp-content\/uploads\/sites\/10\/2025\/11\/1-duda-OK_STOCZNIA_02-003-1-1001x1024.jpg 1001w, https:\/\/instytutpolski.pl\/praha\/wp-content\/uploads\/sites\/10\/2025\/11\/1-duda-OK_STOCZNIA_02-003-1-293x300.jpg 293w, https:\/\/instytutpolski.pl\/praha\/wp-content\/uploads\/sites\/10\/2025\/11\/1-duda-OK_STOCZNIA_02-003-1-768x785.jpg 768w, https:\/\/instytutpolski.pl\/praha\/wp-content\/uploads\/sites\/10\/2025\/11\/1-duda-OK_STOCZNIA_02-003-1-1502x1536.jpg 1502w, https:\/\/instytutpolski.pl\/praha\/wp-content\/uploads\/sites\/10\/2025\/11\/1-duda-OK_STOCZNIA_02-003-1.jpg 1538w\" sizes=\"auto, (max-width: 1001px) 100vw, 1001px\" \/><figcaption class=\"wp-element-caption\">Joanna Duda-Gwiazda was a member of the Inter-Enterprise Strike Committee and helped formulate the 21 demands presented by the Polish opposition to the communist government. In the photo: Joanna Duda-Gwiazda, Bogdan Lis, and Lech Walesa during the strike in August 1980.<br>Source: O\u015brodek KARTA archive, photo by Zbigniew Trybek<\/figcaption><\/figure>\n\n\n\n<p><\/p>\n","protected":false},"excerpt":{"rendered":"<p>An important part of the anti-communist dissent was made up of women. They were involved in all stages of the opposition struggle and played a significant role in key historical moments. In 1968, they participated in student demonstrations in Poland and in Czechoslovakia protesting against the Warsaw Pact troops occupation. They were involved in human [&hellip;]<\/p>\n","protected":false},"author":60,"featured_media":12702,"parent":0,"menu_order":0,"comment_status":"closed","ping_status":"closed","template":"","meta":{"inline_featured_image":false,"_monsterinsights_skip_tracking":false,"_monsterinsights_sitenote_active":false,"_monsterinsights_sitenote_note":"","_monsterinsights_sitenote_category":0,"footnotes":""},"class_list":["post-12647","page","type-page","status-publish","has-post-thumbnail","hentry"],"yoast_head":"<!-- This site is optimized with the Yoast SEO plugin v24.6 - https:\/\/yoast.com\/wordpress\/plugins\/seo\/ -->\n<title>Daily Courage. Polish, Czech and Slovak Women in Anti-Communist Dissent 1968-1989 \/ 2 Leaders - Instytut Polski w Pradze<\/title>\n<meta name=\"robots\" content=\"index, follow, max-snippet:-1, max-image-preview:large, max-video-preview:-1\" \/>\n<link rel=\"canonical\" href=\"https:\/\/instytutpolski.pl\/praha\/daily-courage-polish-czech-and-slovak-women-in-anti-communist-dissent-1968-1989-2-leaders\/\" \/>\n<meta property=\"og:locale\" content=\"pl_PL\" \/>\n<meta property=\"og:type\" content=\"article\" \/>\n<meta property=\"og:title\" content=\"Daily Courage. Polish, Czech and Slovak Women in Anti-Communist Dissent 1968-1989 \/ 2 Leaders - Instytut Polski w Pradze\" \/>\n<meta property=\"og:description\" content=\"An important part of the anti-communist dissent was made up of women. They were involved in all stages of the opposition struggle and played a significant role in key historical moments. In 1968, they participated in student demonstrations in Poland and in Czechoslovakia protesting against the Warsaw Pact troops occupation. They were involved in human [&hellip;]\" \/>\n<meta property=\"og:url\" content=\"https:\/\/instytutpolski.pl\/praha\/daily-courage-polish-czech-and-slovak-women-in-anti-communist-dissent-1968-1989-2-leaders\/\" \/>\n<meta property=\"og:site_name\" content=\"Instytut Polski w Pradze\" \/>\n<meta property=\"article:modified_time\" content=\"2025-11-04T15:48:08+00:00\" \/>\n<meta property=\"og:image\" content=\"https:\/\/instytutpolski.pl\/praha\/wp-content\/uploads\/sites\/10\/2025\/10\/kazdodenni_odvaha_CZ_plakat-scaled.jpg\" \/>\n\t<meta property=\"og:image:width\" content=\"2560\" \/>\n\t<meta property=\"og:image:height\" content=\"1595\" \/>\n\t<meta property=\"og:image:type\" content=\"image\/jpeg\" \/>\n<meta name=\"twitter:card\" content=\"summary_large_image\" \/>\n<script type=\"application\/ld+json\" class=\"yoast-schema-graph\">{\"@context\":\"https:\/\/schema.org\",\"@graph\":[{\"@type\":\"WebPage\",\"@id\":\"https:\/\/instytutpolski.pl\/praha\/daily-courage-polish-czech-and-slovak-women-in-anti-communist-dissent-1968-1989-2-leaders\/\",\"url\":\"https:\/\/instytutpolski.pl\/praha\/daily-courage-polish-czech-and-slovak-women-in-anti-communist-dissent-1968-1989-2-leaders\/\",\"name\":\"Daily Courage. Polish, Czech and Slovak Women in Anti-Communist Dissent 1968-1989 \/ 2 Leaders - Instytut Polski w Pradze\",\"isPartOf\":{\"@id\":\"https:\/\/instytutpolski.pl\/praha\/#website\"},\"primaryImageOfPage\":{\"@id\":\"https:\/\/instytutpolski.pl\/praha\/daily-courage-polish-czech-and-slovak-women-in-anti-communist-dissent-1968-1989-2-leaders\/#primaryimage\"},\"image\":{\"@id\":\"https:\/\/instytutpolski.pl\/praha\/daily-courage-polish-czech-and-slovak-women-in-anti-communist-dissent-1968-1989-2-leaders\/#primaryimage\"},\"thumbnailUrl\":\"https:\/\/instytutpolski.pl\/praha\/wp-content\/uploads\/sites\/10\/2025\/10\/kazdodenni_odvaha_CZ_plakat-scaled.jpg\",\"datePublished\":\"2025-10-24T10:24:59+00:00\",\"dateModified\":\"2025-11-04T15:48:08+00:00\",\"breadcrumb\":{\"@id\":\"https:\/\/instytutpolski.pl\/praha\/daily-courage-polish-czech-and-slovak-women-in-anti-communist-dissent-1968-1989-2-leaders\/#breadcrumb\"},\"inLanguage\":\"pl-PL\",\"potentialAction\":[{\"@type\":\"ReadAction\",\"target\":[\"https:\/\/instytutpolski.pl\/praha\/daily-courage-polish-czech-and-slovak-women-in-anti-communist-dissent-1968-1989-2-leaders\/\"]}]},{\"@type\":\"ImageObject\",\"inLanguage\":\"pl-PL\",\"@id\":\"https:\/\/instytutpolski.pl\/praha\/daily-courage-polish-czech-and-slovak-women-in-anti-communist-dissent-1968-1989-2-leaders\/#primaryimage\",\"url\":\"https:\/\/instytutpolski.pl\/praha\/wp-content\/uploads\/sites\/10\/2025\/10\/kazdodenni_odvaha_CZ_plakat-scaled.jpg\",\"contentUrl\":\"https:\/\/instytutpolski.pl\/praha\/wp-content\/uploads\/sites\/10\/2025\/10\/kazdodenni_odvaha_CZ_plakat-scaled.jpg\",\"width\":2560,\"height\":1595},{\"@type\":\"BreadcrumbList\",\"@id\":\"https:\/\/instytutpolski.pl\/praha\/daily-courage-polish-czech-and-slovak-women-in-anti-communist-dissent-1968-1989-2-leaders\/#breadcrumb\",\"itemListElement\":[{\"@type\":\"ListItem\",\"position\":1,\"name\":\"Home\",\"item\":\"https:\/\/instytutpolski.pl\/praha\/\"},{\"@type\":\"ListItem\",\"position\":2,\"name\":\"Daily Courage. Polish, Czech and Slovak Women in Anti-Communist Dissent 1968-1989 \/ 2 Leaders\"}]},{\"@type\":\"WebSite\",\"@id\":\"https:\/\/instytutpolski.pl\/praha\/#website\",\"url\":\"https:\/\/instytutpolski.pl\/praha\/\",\"name\":\"Instytut Polski w Pradze\",\"description\":\"Instytuty Polskie\",\"potentialAction\":[{\"@type\":\"SearchAction\",\"target\":{\"@type\":\"EntryPoint\",\"urlTemplate\":\"https:\/\/instytutpolski.pl\/praha\/?s={search_term_string}\"},\"query-input\":{\"@type\":\"PropertyValueSpecification\",\"valueRequired\":true,\"valueName\":\"search_term_string\"}}],\"inLanguage\":\"pl-PL\"}]}<\/script>\n<!-- \/ Yoast SEO plugin. -->","yoast_head_json":{"title":"Daily Courage. Polish, Czech and Slovak Women in Anti-Communist Dissent 1968-1989 \/ 2 Leaders - Instytut Polski w Pradze","robots":{"index":"index","follow":"follow","max-snippet":"max-snippet:-1","max-image-preview":"max-image-preview:large","max-video-preview":"max-video-preview:-1"},"canonical":"https:\/\/instytutpolski.pl\/praha\/daily-courage-polish-czech-and-slovak-women-in-anti-communist-dissent-1968-1989-2-leaders\/","og_locale":"pl_PL","og_type":"article","og_title":"Daily Courage. Polish, Czech and Slovak Women in Anti-Communist Dissent 1968-1989 \/ 2 Leaders - Instytut Polski w Pradze","og_description":"An important part of the anti-communist dissent was made up of women. They were involved in all stages of the opposition struggle and played a significant role in key historical moments. In 1968, they participated in student demonstrations in Poland and in Czechoslovakia protesting against the Warsaw Pact troops occupation. They were involved in human [&hellip;]","og_url":"https:\/\/instytutpolski.pl\/praha\/daily-courage-polish-czech-and-slovak-women-in-anti-communist-dissent-1968-1989-2-leaders\/","og_site_name":"Instytut Polski w Pradze","article_modified_time":"2025-11-04T15:48:08+00:00","og_image":[{"width":2560,"height":1595,"url":"https:\/\/instytutpolski.pl\/praha\/wp-content\/uploads\/sites\/10\/2025\/10\/kazdodenni_odvaha_CZ_plakat-scaled.jpg","type":"image\/jpeg"}],"twitter_card":"summary_large_image","schema":{"@context":"https:\/\/schema.org","@graph":[{"@type":"WebPage","@id":"https:\/\/instytutpolski.pl\/praha\/daily-courage-polish-czech-and-slovak-women-in-anti-communist-dissent-1968-1989-2-leaders\/","url":"https:\/\/instytutpolski.pl\/praha\/daily-courage-polish-czech-and-slovak-women-in-anti-communist-dissent-1968-1989-2-leaders\/","name":"Daily Courage. Polish, Czech and Slovak Women in Anti-Communist Dissent 1968-1989 \/ 2 Leaders - Instytut Polski w Pradze","isPartOf":{"@id":"https:\/\/instytutpolski.pl\/praha\/#website"},"primaryImageOfPage":{"@id":"https:\/\/instytutpolski.pl\/praha\/daily-courage-polish-czech-and-slovak-women-in-anti-communist-dissent-1968-1989-2-leaders\/#primaryimage"},"image":{"@id":"https:\/\/instytutpolski.pl\/praha\/daily-courage-polish-czech-and-slovak-women-in-anti-communist-dissent-1968-1989-2-leaders\/#primaryimage"},"thumbnailUrl":"https:\/\/instytutpolski.pl\/praha\/wp-content\/uploads\/sites\/10\/2025\/10\/kazdodenni_odvaha_CZ_plakat-scaled.jpg","datePublished":"2025-10-24T10:24:59+00:00","dateModified":"2025-11-04T15:48:08+00:00","breadcrumb":{"@id":"https:\/\/instytutpolski.pl\/praha\/daily-courage-polish-czech-and-slovak-women-in-anti-communist-dissent-1968-1989-2-leaders\/#breadcrumb"},"inLanguage":"pl-PL","potentialAction":[{"@type":"ReadAction","target":["https:\/\/instytutpolski.pl\/praha\/daily-courage-polish-czech-and-slovak-women-in-anti-communist-dissent-1968-1989-2-leaders\/"]}]},{"@type":"ImageObject","inLanguage":"pl-PL","@id":"https:\/\/instytutpolski.pl\/praha\/daily-courage-polish-czech-and-slovak-women-in-anti-communist-dissent-1968-1989-2-leaders\/#primaryimage","url":"https:\/\/instytutpolski.pl\/praha\/wp-content\/uploads\/sites\/10\/2025\/10\/kazdodenni_odvaha_CZ_plakat-scaled.jpg","contentUrl":"https:\/\/instytutpolski.pl\/praha\/wp-content\/uploads\/sites\/10\/2025\/10\/kazdodenni_odvaha_CZ_plakat-scaled.jpg","width":2560,"height":1595},{"@type":"BreadcrumbList","@id":"https:\/\/instytutpolski.pl\/praha\/daily-courage-polish-czech-and-slovak-women-in-anti-communist-dissent-1968-1989-2-leaders\/#breadcrumb","itemListElement":[{"@type":"ListItem","position":1,"name":"Home","item":"https:\/\/instytutpolski.pl\/praha\/"},{"@type":"ListItem","position":2,"name":"Daily Courage. Polish, Czech and Slovak Women in Anti-Communist Dissent 1968-1989 \/ 2 Leaders"}]},{"@type":"WebSite","@id":"https:\/\/instytutpolski.pl\/praha\/#website","url":"https:\/\/instytutpolski.pl\/praha\/","name":"Instytut Polski w Pradze","description":"Instytuty Polskie","potentialAction":[{"@type":"SearchAction","target":{"@type":"EntryPoint","urlTemplate":"https:\/\/instytutpolski.pl\/praha\/?s={search_term_string}"},"query-input":{"@type":"PropertyValueSpecification","valueRequired":true,"valueName":"search_term_string"}}],"inLanguage":"pl-PL"}]}},"_links":{"self":[{"href":"https:\/\/instytutpolski.pl\/praha\/wp-json\/wp\/v2\/pages\/12647","targetHints":{"allow":["GET"]}}],"collection":[{"href":"https:\/\/instytutpolski.pl\/praha\/wp-json\/wp\/v2\/pages"}],"about":[{"href":"https:\/\/instytutpolski.pl\/praha\/wp-json\/wp\/v2\/types\/page"}],"author":[{"embeddable":true,"href":"https:\/\/instytutpolski.pl\/praha\/wp-json\/wp\/v2\/users\/60"}],"replies":[{"embeddable":true,"href":"https:\/\/instytutpolski.pl\/praha\/wp-json\/wp\/v2\/comments?post=12647"}],"version-history":[{"count":6,"href":"https:\/\/instytutpolski.pl\/praha\/wp-json\/wp\/v2\/pages\/12647\/revisions"}],"predecessor-version":[{"id":12812,"href":"https:\/\/instytutpolski.pl\/praha\/wp-json\/wp\/v2\/pages\/12647\/revisions\/12812"}],"wp:featuredmedia":[{"embeddable":true,"href":"https:\/\/instytutpolski.pl\/praha\/wp-json\/wp\/v2\/media\/12702"}],"wp:attachment":[{"href":"https:\/\/instytutpolski.pl\/praha\/wp-json\/wp\/v2\/media?parent=12647"}],"curies":[{"name":"wp","href":"https:\/\/api.w.org\/{rel}","templated":true}]}}