{"id":12653,"date":"2025-10-24T12:25:31","date_gmt":"2025-10-24T10:25:31","guid":{"rendered":"https:\/\/instytutpolski.pl\/praha\/?page_id=12653"},"modified":"2025-11-05T09:16:50","modified_gmt":"2025-11-05T08:16:50","slug":"daily-courage-polish-czech-and-slovak-women-in-anti-communist-dissent-1968-1989-5-veznene-i","status":"publish","type":"page","link":"https:\/\/instytutpolski.pl\/praha\/daily-courage-polish-czech-and-slovak-women-in-anti-communist-dissent-1968-1989-5-veznene-i\/","title":{"rendered":"Daily Courage. Polish, Czech and Slovak Women in Anti-Communist Dissent 1968-1989 \/ 5 &#8211; IMPRISONED"},"content":{"rendered":"\n<p><strong>IMPRISONED<\/strong><\/p>\n\n\n\n<p>Anti-regime activities were associated with enormous risk. House searches, interrogations, imprisonment, unjustified detention, dismissal from work, harassment, surveillance, intimidation, and blackmail with threats of harm to loved ones. Women were imprisoned just like men and received harsh sentences regardless of whether they were pregnant or caring for small children. For example, Drahom\u00edra \u0160inoglov\u00e1 was sentenced to one year in prison for retyping samizdat publications. During her arrest in 1982, her six-month-old son was snatched from her arms and taken to a nursery by social workers.<\/p>\n\n\n\n<p>Dorota \u0160imekov\u00e1: <em>&#8222;(&#8230;) The prosecution requested expert opinions from the rector of Comenius University, who at that time was Professor Kvasni\u010dka, and then from the Political School \u2013 from some colonels, who stated in their opinions that we were actually even a spy or military threat, that we were helping to prepare for World War III. This put us in a very dangerous position, and we were actually threatened with charges of &#8222;subversion of the republic&#8221; and could have gone to prison for much longer, as in the 1950s.&#8221;<\/em><\/p>\n\n\n\n<p>Ivanka Hyblerov\u00e1:<em>\u00a0 &#8222;I passed on materials about the trial to German television, French newspapers, and lawyers from the International Federation of Human Rights Leagues. (&#8230;) Breaking down the information barrier was very important to me. It was necessary for people on the other side of the Iron Curtain to learn what was happening here, and at the same time it was a source of hope for the imprisoned ones.\u201c<\/em><\/p>\n\n\n\n<figure class=\"wp-block-image size-large is-resized\"><img loading=\"lazy\" decoding=\"async\" width=\"1024\" height=\"576\" src=\"https:\/\/instytutpolski.pl\/praha\/wp-content\/uploads\/sites\/10\/2025\/11\/Marie-Zivna.-Zdroj-archiv-rodiny-Zivnych-Pamet-naroda-1024x576.jpg\" alt=\"\" class=\"wp-image-12831\" style=\"width:507px;height:auto\" srcset=\"https:\/\/instytutpolski.pl\/praha\/wp-content\/uploads\/sites\/10\/2025\/11\/Marie-Zivna.-Zdroj-archiv-rodiny-Zivnych-Pamet-naroda-1024x576.jpg 1024w, https:\/\/instytutpolski.pl\/praha\/wp-content\/uploads\/sites\/10\/2025\/11\/Marie-Zivna.-Zdroj-archiv-rodiny-Zivnych-Pamet-naroda-300x169.jpg 300w, https:\/\/instytutpolski.pl\/praha\/wp-content\/uploads\/sites\/10\/2025\/11\/Marie-Zivna.-Zdroj-archiv-rodiny-Zivnych-Pamet-naroda-768x432.jpg 768w, https:\/\/instytutpolski.pl\/praha\/wp-content\/uploads\/sites\/10\/2025\/11\/Marie-Zivna.-Zdroj-archiv-rodiny-Zivnych-Pamet-naroda-1536x864.jpg 1536w, https:\/\/instytutpolski.pl\/praha\/wp-content\/uploads\/sites\/10\/2025\/11\/Marie-Zivna.-Zdroj-archiv-rodiny-Zivnych-Pamet-naroda-1120x630.jpg 1120w, https:\/\/instytutpolski.pl\/praha\/wp-content\/uploads\/sites\/10\/2025\/11\/Marie-Zivna.-Zdroj-archiv-rodiny-Zivnych-Pamet-naroda.jpg 1920w\" sizes=\"auto, (max-width: 1024px) 100vw, 1024px\" \/><figcaption class=\"wp-element-caption\">Marie \u017divn\u00e1 died in prison under unclear circumstances. Her family was told that she had committed suicide. She was 24 years old. Source: Private archive of the \u017ditn\u00fd family \/ Nation&#8217;s memory<\/figcaption><\/figure>\n\n\n\n<figure class=\"wp-block-image size-large\"><img loading=\"lazy\" decoding=\"async\" width=\"1024\" height=\"806\" src=\"https:\/\/instytutpolski.pl\/praha\/wp-content\/uploads\/sites\/10\/2025\/11\/EWA-KUBASIEWICZ-Wektory-1024x806.jpg\" alt=\"\" class=\"wp-image-12832\" srcset=\"https:\/\/instytutpolski.pl\/praha\/wp-content\/uploads\/sites\/10\/2025\/11\/EWA-KUBASIEWICZ-Wektory-1024x806.jpg 1024w, https:\/\/instytutpolski.pl\/praha\/wp-content\/uploads\/sites\/10\/2025\/11\/EWA-KUBASIEWICZ-Wektory-300x236.jpg 300w, https:\/\/instytutpolski.pl\/praha\/wp-content\/uploads\/sites\/10\/2025\/11\/EWA-KUBASIEWICZ-Wektory-768x604.jpg 768w, https:\/\/instytutpolski.pl\/praha\/wp-content\/uploads\/sites\/10\/2025\/11\/EWA-KUBASIEWICZ-Wektory-1536x1209.jpg 1536w, https:\/\/instytutpolski.pl\/praha\/wp-content\/uploads\/sites\/10\/2025\/11\/EWA-KUBASIEWICZ-Wektory.jpg 1920w\" sizes=\"auto, (max-width: 1024px) 100vw, 1024px\" \/><figcaption class=\"wp-element-caption\">Ewa Kubasiewicz was sentenced to ten years in prison &#8222;for distributing leaflets.&#8221; This show trial was intended to intimidate society, and the evidence presented was a leaflet calling for active resistance against the state of emergency. Her 22-year-old son Marek also ended up in prison. Pictured behind bars.<br>Source: <em>No right to return<\/em>, Publishing house Wektory<\/figcaption><\/figure>\n\n\n\n<figure class=\"wp-block-image size-large is-resized\"><img loading=\"lazy\" decoding=\"async\" width=\"1024\" height=\"623\" src=\"https:\/\/instytutpolski.pl\/praha\/wp-content\/uploads\/sites\/10\/2025\/11\/prazska_desitka-zatceni_celenove_zdroj_VONS_1979_Libir_prohibiti-1024x623.jpg\" alt=\"\" class=\"wp-image-12833\" style=\"width:500px;height:auto\" srcset=\"https:\/\/instytutpolski.pl\/praha\/wp-content\/uploads\/sites\/10\/2025\/11\/prazska_desitka-zatceni_celenove_zdroj_VONS_1979_Libir_prohibiti-1024x623.jpg 1024w, https:\/\/instytutpolski.pl\/praha\/wp-content\/uploads\/sites\/10\/2025\/11\/prazska_desitka-zatceni_celenove_zdroj_VONS_1979_Libir_prohibiti-300x183.jpg 300w, https:\/\/instytutpolski.pl\/praha\/wp-content\/uploads\/sites\/10\/2025\/11\/prazska_desitka-zatceni_celenove_zdroj_VONS_1979_Libir_prohibiti-768x468.jpg 768w, https:\/\/instytutpolski.pl\/praha\/wp-content\/uploads\/sites\/10\/2025\/11\/prazska_desitka-zatceni_celenove_zdroj_VONS_1979_Libir_prohibiti-1536x935.jpg 1536w, https:\/\/instytutpolski.pl\/praha\/wp-content\/uploads\/sites\/10\/2025\/11\/prazska_desitka-zatceni_celenove_zdroj_VONS_1979_Libir_prohibiti-2048x1247.jpg 2048w\" sizes=\"auto, (max-width: 1024px) 100vw, 1024px\" \/><figcaption class=\"wp-element-caption\">In 1979, members of the Committee for the Defense of the Unjustly Prosecuted were imprisoned. In the trial of the so-called Prague Ten, Otta Bedn\u00e1\u0159ov\u00e1 (second from left at the top, 3 years), Jarmila B\u011bl\u00edkov\u00e1 (second from right at the top, 7 months and hunger strike), Dana N\u011bmcov\u00e1 (bottom center, conditionally sentenced to 2 years&#8217; imprisonment) were among the convicted ones.<br>Source: Archive of Libri prohibiti<\/figcaption><\/figure>\n\n\n\n<figure class=\"wp-block-image size-full\"><img loading=\"lazy\" decoding=\"async\" width=\"229\" height=\"334\" src=\"https:\/\/instytutpolski.pl\/praha\/wp-content\/uploads\/sites\/10\/2025\/11\/Obraz4.jpg\" alt=\"\" class=\"wp-image-12834\" srcset=\"https:\/\/instytutpolski.pl\/praha\/wp-content\/uploads\/sites\/10\/2025\/11\/Obraz4.jpg 229w, https:\/\/instytutpolski.pl\/praha\/wp-content\/uploads\/sites\/10\/2025\/11\/Obraz4-206x300.jpg 206w\" sizes=\"auto, (max-width: 229px) 100vw, 229px\" \/><figcaption class=\"wp-element-caption\">Ivanka Hyblerov\u00e1, who spent six months in prison in 1971 for distributing leaflets calling for a boycott of the elections, informed the world about the VONS trial. Anna \u0160abatov\u00e1 was also imprisoned as part of the same leafleting campaign.<br>Source: Private archive of I. Lefeuvre Hyblerov\u00e1<\/figcaption><\/figure>\n\n\n\n<figure class=\"wp-block-image size-full\"><img loading=\"lazy\" decoding=\"async\" width=\"268\" height=\"395\" src=\"https:\/\/instytutpolski.pl\/praha\/wp-content\/uploads\/sites\/10\/2025\/11\/Obraz5.png\" alt=\"\" class=\"wp-image-12835\" srcset=\"https:\/\/instytutpolski.pl\/praha\/wp-content\/uploads\/sites\/10\/2025\/11\/Obraz5.png 268w, https:\/\/instytutpolski.pl\/praha\/wp-content\/uploads\/sites\/10\/2025\/11\/Obraz5-204x300.png 204w\" sizes=\"auto, (max-width: 268px) 100vw, 268px\" \/><figcaption class=\"wp-element-caption\">As a student, Dorota \u0160imekov\u00e1 took part in a hunger strike at Comenius University demanding that Jan Palach&#8217;s demands be met. Later, she and the others, including Marie \u017divn\u00e1, were tried in the trial of the Church of Unity and spent 44 months in prison.\u00a0 The photo shows Dorota \u0160imekov\u00e1 at a happening on 1 May 1969. Instead of portraits of communists, she and her friends carried their own photo in the May Day parade.<br>Source: Private archive of D. \u0160imekov\u00e1<\/figcaption><\/figure>\n","protected":false},"excerpt":{"rendered":"<p>IMPRISONED Anti-regime activities were associated with enormous risk. House searches, interrogations, imprisonment, unjustified detention, dismissal from work, harassment, surveillance, intimidation, and blackmail with threats of harm to loved ones. Women were imprisoned just like men and received harsh sentences regardless of whether they were pregnant or caring for small children. For example, Drahom\u00edra \u0160inoglov\u00e1 was [&hellip;]<\/p>\n","protected":false},"author":60,"featured_media":12702,"parent":0,"menu_order":0,"comment_status":"closed","ping_status":"closed","template":"","meta":{"inline_featured_image":false,"_monsterinsights_skip_tracking":false,"_monsterinsights_sitenote_active":false,"_monsterinsights_sitenote_note":"","_monsterinsights_sitenote_category":0,"footnotes":""},"class_list":["post-12653","page","type-page","status-publish","has-post-thumbnail","hentry"],"yoast_head":"<!-- This site is optimized with the Yoast SEO plugin v24.6 - https:\/\/yoast.com\/wordpress\/plugins\/seo\/ -->\n<title>Daily Courage. Polish, Czech and Slovak Women in Anti-Communist Dissent 1968-1989 \/ 5 - IMPRISONED - Instytut Polski w Pradze<\/title>\n<meta name=\"robots\" content=\"index, follow, max-snippet:-1, max-image-preview:large, max-video-preview:-1\" \/>\n<link rel=\"canonical\" href=\"https:\/\/instytutpolski.pl\/praha\/daily-courage-polish-czech-and-slovak-women-in-anti-communist-dissent-1968-1989-5-veznene-i\/\" \/>\n<meta property=\"og:locale\" content=\"pl_PL\" \/>\n<meta property=\"og:type\" content=\"article\" \/>\n<meta property=\"og:title\" content=\"Daily Courage. Polish, Czech and Slovak Women in Anti-Communist Dissent 1968-1989 \/ 5 - IMPRISONED - Instytut Polski w Pradze\" \/>\n<meta property=\"og:description\" content=\"IMPRISONED Anti-regime activities were associated with enormous risk. House searches, interrogations, imprisonment, unjustified detention, dismissal from work, harassment, surveillance, intimidation, and blackmail with threats of harm to loved ones. Women were imprisoned just like men and received harsh sentences regardless of whether they were pregnant or caring for small children. For example, Drahom\u00edra \u0160inoglov\u00e1 was [&hellip;]\" \/>\n<meta property=\"og:url\" content=\"https:\/\/instytutpolski.pl\/praha\/daily-courage-polish-czech-and-slovak-women-in-anti-communist-dissent-1968-1989-5-veznene-i\/\" \/>\n<meta property=\"og:site_name\" content=\"Instytut Polski w Pradze\" \/>\n<meta property=\"article:modified_time\" content=\"2025-11-05T08:16:50+00:00\" \/>\n<meta property=\"og:image\" content=\"https:\/\/instytutpolski.pl\/praha\/wp-content\/uploads\/sites\/10\/2025\/10\/kazdodenni_odvaha_CZ_plakat-scaled.jpg\" \/>\n\t<meta property=\"og:image:width\" content=\"2560\" \/>\n\t<meta property=\"og:image:height\" content=\"1595\" \/>\n\t<meta property=\"og:image:type\" content=\"image\/jpeg\" \/>\n<meta name=\"twitter:card\" content=\"summary_large_image\" \/>\n<meta name=\"twitter:label1\" content=\"Szacowany czas czytania\" \/>\n\t<meta name=\"twitter:data1\" content=\"5 minut\" \/>\n<script type=\"application\/ld+json\" class=\"yoast-schema-graph\">{\"@context\":\"https:\/\/schema.org\",\"@graph\":[{\"@type\":\"WebPage\",\"@id\":\"https:\/\/instytutpolski.pl\/praha\/daily-courage-polish-czech-and-slovak-women-in-anti-communist-dissent-1968-1989-5-veznene-i\/\",\"url\":\"https:\/\/instytutpolski.pl\/praha\/daily-courage-polish-czech-and-slovak-women-in-anti-communist-dissent-1968-1989-5-veznene-i\/\",\"name\":\"Daily Courage. Polish, Czech and Slovak Women in Anti-Communist Dissent 1968-1989 \/ 5 - IMPRISONED - Instytut Polski w Pradze\",\"isPartOf\":{\"@id\":\"https:\/\/instytutpolski.pl\/praha\/#website\"},\"primaryImageOfPage\":{\"@id\":\"https:\/\/instytutpolski.pl\/praha\/daily-courage-polish-czech-and-slovak-women-in-anti-communist-dissent-1968-1989-5-veznene-i\/#primaryimage\"},\"image\":{\"@id\":\"https:\/\/instytutpolski.pl\/praha\/daily-courage-polish-czech-and-slovak-women-in-anti-communist-dissent-1968-1989-5-veznene-i\/#primaryimage\"},\"thumbnailUrl\":\"https:\/\/instytutpolski.pl\/praha\/wp-content\/uploads\/sites\/10\/2025\/10\/kazdodenni_odvaha_CZ_plakat-scaled.jpg\",\"datePublished\":\"2025-10-24T10:25:31+00:00\",\"dateModified\":\"2025-11-05T08:16:50+00:00\",\"breadcrumb\":{\"@id\":\"https:\/\/instytutpolski.pl\/praha\/daily-courage-polish-czech-and-slovak-women-in-anti-communist-dissent-1968-1989-5-veznene-i\/#breadcrumb\"},\"inLanguage\":\"pl-PL\",\"potentialAction\":[{\"@type\":\"ReadAction\",\"target\":[\"https:\/\/instytutpolski.pl\/praha\/daily-courage-polish-czech-and-slovak-women-in-anti-communist-dissent-1968-1989-5-veznene-i\/\"]}]},{\"@type\":\"ImageObject\",\"inLanguage\":\"pl-PL\",\"@id\":\"https:\/\/instytutpolski.pl\/praha\/daily-courage-polish-czech-and-slovak-women-in-anti-communist-dissent-1968-1989-5-veznene-i\/#primaryimage\",\"url\":\"https:\/\/instytutpolski.pl\/praha\/wp-content\/uploads\/sites\/10\/2025\/10\/kazdodenni_odvaha_CZ_plakat-scaled.jpg\",\"contentUrl\":\"https:\/\/instytutpolski.pl\/praha\/wp-content\/uploads\/sites\/10\/2025\/10\/kazdodenni_odvaha_CZ_plakat-scaled.jpg\",\"width\":2560,\"height\":1595},{\"@type\":\"BreadcrumbList\",\"@id\":\"https:\/\/instytutpolski.pl\/praha\/daily-courage-polish-czech-and-slovak-women-in-anti-communist-dissent-1968-1989-5-veznene-i\/#breadcrumb\",\"itemListElement\":[{\"@type\":\"ListItem\",\"position\":1,\"name\":\"Home\",\"item\":\"https:\/\/instytutpolski.pl\/praha\/\"},{\"@type\":\"ListItem\",\"position\":2,\"name\":\"Daily Courage. Polish, Czech and Slovak Women in Anti-Communist Dissent 1968-1989 \/ 5 &#8211; IMPRISONED\"}]},{\"@type\":\"WebSite\",\"@id\":\"https:\/\/instytutpolski.pl\/praha\/#website\",\"url\":\"https:\/\/instytutpolski.pl\/praha\/\",\"name\":\"Instytut Polski w Pradze\",\"description\":\"Instytuty Polskie\",\"potentialAction\":[{\"@type\":\"SearchAction\",\"target\":{\"@type\":\"EntryPoint\",\"urlTemplate\":\"https:\/\/instytutpolski.pl\/praha\/?s={search_term_string}\"},\"query-input\":{\"@type\":\"PropertyValueSpecification\",\"valueRequired\":true,\"valueName\":\"search_term_string\"}}],\"inLanguage\":\"pl-PL\"}]}<\/script>\n<!-- \/ Yoast SEO plugin. -->","yoast_head_json":{"title":"Daily Courage. Polish, Czech and Slovak Women in Anti-Communist Dissent 1968-1989 \/ 5 - IMPRISONED - Instytut Polski w Pradze","robots":{"index":"index","follow":"follow","max-snippet":"max-snippet:-1","max-image-preview":"max-image-preview:large","max-video-preview":"max-video-preview:-1"},"canonical":"https:\/\/instytutpolski.pl\/praha\/daily-courage-polish-czech-and-slovak-women-in-anti-communist-dissent-1968-1989-5-veznene-i\/","og_locale":"pl_PL","og_type":"article","og_title":"Daily Courage. Polish, Czech and Slovak Women in Anti-Communist Dissent 1968-1989 \/ 5 - IMPRISONED - Instytut Polski w Pradze","og_description":"IMPRISONED Anti-regime activities were associated with enormous risk. House searches, interrogations, imprisonment, unjustified detention, dismissal from work, harassment, surveillance, intimidation, and blackmail with threats of harm to loved ones. Women were imprisoned just like men and received harsh sentences regardless of whether they were pregnant or caring for small children. For example, Drahom\u00edra \u0160inoglov\u00e1 was [&hellip;]","og_url":"https:\/\/instytutpolski.pl\/praha\/daily-courage-polish-czech-and-slovak-women-in-anti-communist-dissent-1968-1989-5-veznene-i\/","og_site_name":"Instytut Polski w Pradze","article_modified_time":"2025-11-05T08:16:50+00:00","og_image":[{"width":2560,"height":1595,"url":"https:\/\/instytutpolski.pl\/praha\/wp-content\/uploads\/sites\/10\/2025\/10\/kazdodenni_odvaha_CZ_plakat-scaled.jpg","type":"image\/jpeg"}],"twitter_card":"summary_large_image","twitter_misc":{"Szacowany czas czytania":"5 minut"},"schema":{"@context":"https:\/\/schema.org","@graph":[{"@type":"WebPage","@id":"https:\/\/instytutpolski.pl\/praha\/daily-courage-polish-czech-and-slovak-women-in-anti-communist-dissent-1968-1989-5-veznene-i\/","url":"https:\/\/instytutpolski.pl\/praha\/daily-courage-polish-czech-and-slovak-women-in-anti-communist-dissent-1968-1989-5-veznene-i\/","name":"Daily Courage. Polish, Czech and Slovak Women in Anti-Communist Dissent 1968-1989 \/ 5 - IMPRISONED - Instytut Polski w Pradze","isPartOf":{"@id":"https:\/\/instytutpolski.pl\/praha\/#website"},"primaryImageOfPage":{"@id":"https:\/\/instytutpolski.pl\/praha\/daily-courage-polish-czech-and-slovak-women-in-anti-communist-dissent-1968-1989-5-veznene-i\/#primaryimage"},"image":{"@id":"https:\/\/instytutpolski.pl\/praha\/daily-courage-polish-czech-and-slovak-women-in-anti-communist-dissent-1968-1989-5-veznene-i\/#primaryimage"},"thumbnailUrl":"https:\/\/instytutpolski.pl\/praha\/wp-content\/uploads\/sites\/10\/2025\/10\/kazdodenni_odvaha_CZ_plakat-scaled.jpg","datePublished":"2025-10-24T10:25:31+00:00","dateModified":"2025-11-05T08:16:50+00:00","breadcrumb":{"@id":"https:\/\/instytutpolski.pl\/praha\/daily-courage-polish-czech-and-slovak-women-in-anti-communist-dissent-1968-1989-5-veznene-i\/#breadcrumb"},"inLanguage":"pl-PL","potentialAction":[{"@type":"ReadAction","target":["https:\/\/instytutpolski.pl\/praha\/daily-courage-polish-czech-and-slovak-women-in-anti-communist-dissent-1968-1989-5-veznene-i\/"]}]},{"@type":"ImageObject","inLanguage":"pl-PL","@id":"https:\/\/instytutpolski.pl\/praha\/daily-courage-polish-czech-and-slovak-women-in-anti-communist-dissent-1968-1989-5-veznene-i\/#primaryimage","url":"https:\/\/instytutpolski.pl\/praha\/wp-content\/uploads\/sites\/10\/2025\/10\/kazdodenni_odvaha_CZ_plakat-scaled.jpg","contentUrl":"https:\/\/instytutpolski.pl\/praha\/wp-content\/uploads\/sites\/10\/2025\/10\/kazdodenni_odvaha_CZ_plakat-scaled.jpg","width":2560,"height":1595},{"@type":"BreadcrumbList","@id":"https:\/\/instytutpolski.pl\/praha\/daily-courage-polish-czech-and-slovak-women-in-anti-communist-dissent-1968-1989-5-veznene-i\/#breadcrumb","itemListElement":[{"@type":"ListItem","position":1,"name":"Home","item":"https:\/\/instytutpolski.pl\/praha\/"},{"@type":"ListItem","position":2,"name":"Daily Courage. Polish, Czech and Slovak Women in Anti-Communist Dissent 1968-1989 \/ 5 &#8211; IMPRISONED"}]},{"@type":"WebSite","@id":"https:\/\/instytutpolski.pl\/praha\/#website","url":"https:\/\/instytutpolski.pl\/praha\/","name":"Instytut Polski w Pradze","description":"Instytuty Polskie","potentialAction":[{"@type":"SearchAction","target":{"@type":"EntryPoint","urlTemplate":"https:\/\/instytutpolski.pl\/praha\/?s={search_term_string}"},"query-input":{"@type":"PropertyValueSpecification","valueRequired":true,"valueName":"search_term_string"}}],"inLanguage":"pl-PL"}]}},"_links":{"self":[{"href":"https:\/\/instytutpolski.pl\/praha\/wp-json\/wp\/v2\/pages\/12653","targetHints":{"allow":["GET"]}}],"collection":[{"href":"https:\/\/instytutpolski.pl\/praha\/wp-json\/wp\/v2\/pages"}],"about":[{"href":"https:\/\/instytutpolski.pl\/praha\/wp-json\/wp\/v2\/types\/page"}],"author":[{"embeddable":true,"href":"https:\/\/instytutpolski.pl\/praha\/wp-json\/wp\/v2\/users\/60"}],"replies":[{"embeddable":true,"href":"https:\/\/instytutpolski.pl\/praha\/wp-json\/wp\/v2\/comments?post=12653"}],"version-history":[{"count":2,"href":"https:\/\/instytutpolski.pl\/praha\/wp-json\/wp\/v2\/pages\/12653\/revisions"}],"predecessor-version":[{"id":12836,"href":"https:\/\/instytutpolski.pl\/praha\/wp-json\/wp\/v2\/pages\/12653\/revisions\/12836"}],"wp:featuredmedia":[{"embeddable":true,"href":"https:\/\/instytutpolski.pl\/praha\/wp-json\/wp\/v2\/media\/12702"}],"wp:attachment":[{"href":"https:\/\/instytutpolski.pl\/praha\/wp-json\/wp\/v2\/media?parent=12653"}],"curies":[{"name":"wp","href":"https:\/\/api.w.org\/{rel}","templated":true}]}}