{"id":12655,"date":"2025-10-24T12:26:05","date_gmt":"2025-10-24T10:26:05","guid":{"rendered":"https:\/\/instytutpolski.pl\/praha\/?page_id=12655"},"modified":"2025-11-05T09:23:48","modified_gmt":"2025-11-05T08:23:48","slug":"daily-courage-polish-czech-and-slovak-women-in-anti-communist-dissent-1968-1989-6-veznene-ii","status":"publish","type":"page","link":"https:\/\/instytutpolski.pl\/praha\/daily-courage-polish-czech-and-slovak-women-in-anti-communist-dissent-1968-1989-6-veznene-ii\/","title":{"rendered":"Daily Courage. Polish, Czech and Slovak Women in Anti-Communist Dissent 1968-1989 \/ 6 &#8211; IMPRISONED"},"content":{"rendered":"\n<p>In prison, women faced humiliation and inadequate health care. After their release, they continued to be monitored by the secret police and had difficulty finding work. It was important to inform foreign media and human rights organizations about the trials, prison conditions, and the humiliating treatment of detainees.<\/p>\n\n\n\n<p>Bo\u017eena Ho\u0161t\u00e1kov\u00e1 spent five months in a men&#8217;s prison in Ilava in 1969 as a 19-year-old student for writing slogans against the occupation of Czechoslovakia by Warsaw Pact troops. &#8222;<em>The cell was like something from the 1950s, when they interrogated people. I only had cold and darkness in there. They let me out for a mere hour. When I came out of the darkness into the light, tears streamed from my eyes<\/em>.&#8221; In 1983, Zofia Romaszewska wrote an open letter to the communist government from prison, describing the reality: <em>\u201eYou receive your food through the bars, through an opening&#8230; if you want to torment a prisoner, you order him to strip naked.\u201c<\/em><\/p>\n\n\n\n<p>Krystyna Stachowiak: <em>&#8222;They took me to the police headquarters in a large police van. There, they forced me to strip naked. I had to do squats and stick my butt out so they could check if I was hiding anything. They humiliated me, treating me like a thief or a criminal.&#8221;<\/em><\/p>\n\n\n\n<p>Em\u00edlia Pastvov\u00e1: &#8222;<em>The whole thing was humiliating. They thought I was Roma and treated me accordingly. Since then, I understand Roma people. During a gynecological examination, without even examining me, the doctor announced that I had syphilis. After the examination, he did not apologize. Some guards enjoyed provoking female prisoners, and when an incident occurred, they found it amusing. At night, they teased the dogs to make them bark and thus making the prisoners&#8217; sleep more &#8222;pleasant.&#8221;<\/em><\/p>\n\n\n\n<figure class=\"wp-block-image size-full is-resized\"><img loading=\"lazy\" decoding=\"async\" width=\"502\" height=\"661\" src=\"https:\/\/instytutpolski.pl\/praha\/wp-content\/uploads\/sites\/10\/2025\/11\/kesegova_foto-soukromy-archiv.jpg\" alt=\"\" class=\"wp-image-12838\" style=\"width:267px;height:auto\" srcset=\"https:\/\/instytutpolski.pl\/praha\/wp-content\/uploads\/sites\/10\/2025\/11\/kesegova_foto-soukromy-archiv.jpg 502w, https:\/\/instytutpolski.pl\/praha\/wp-content\/uploads\/sites\/10\/2025\/11\/kesegova_foto-soukromy-archiv-228x300.jpg 228w\" sizes=\"auto, (max-width: 502px) 100vw, 502px\" \/><figcaption class=\"wp-element-caption\">Em\u00edlia Pastvov\u00e1, n\u00e9e Kesegov\u00e1, also organized vacation stays as part of the underground church. Even this activity became a subject of interest for the secret police. Kesegov\u00e1 was arrested in 1980 and spent two and a half months in custody. The court proceedings lasted three years, during which she lost her job and developed health problems. She was sentenced to four months under the Section on obstructing state supervision of a church or religious association. Source: Private archive of E. Pastvov\u00e1<\/figcaption><\/figure>\n\n\n\n<figure class=\"wp-block-image size-large is-resized\"><img loading=\"lazy\" decoding=\"async\" width=\"1024\" height=\"621\" src=\"https:\/\/instytutpolski.pl\/praha\/wp-content\/uploads\/sites\/10\/2025\/11\/4-karta-romaszewska-OK_0906_0010_0003_004-1024x621.jpg\" alt=\"\" class=\"wp-image-12839\" style=\"width:464px;height:auto\" srcset=\"https:\/\/instytutpolski.pl\/praha\/wp-content\/uploads\/sites\/10\/2025\/11\/4-karta-romaszewska-OK_0906_0010_0003_004-1024x621.jpg 1024w, https:\/\/instytutpolski.pl\/praha\/wp-content\/uploads\/sites\/10\/2025\/11\/4-karta-romaszewska-OK_0906_0010_0003_004-300x182.jpg 300w, https:\/\/instytutpolski.pl\/praha\/wp-content\/uploads\/sites\/10\/2025\/11\/4-karta-romaszewska-OK_0906_0010_0003_004-768x466.jpg 768w, https:\/\/instytutpolski.pl\/praha\/wp-content\/uploads\/sites\/10\/2025\/11\/4-karta-romaszewska-OK_0906_0010_0003_004-1536x932.jpg 1536w, https:\/\/instytutpolski.pl\/praha\/wp-content\/uploads\/sites\/10\/2025\/11\/4-karta-romaszewska-OK_0906_0010_0003_004-2048x1243.jpg 2048w\" sizes=\"auto, (max-width: 1024px) 100vw, 1024px\" \/><figcaption class=\"wp-element-caption\">Zofia Romaszewska and her husband worked with the Workers&#8217; Defense Committee (KOR), coordinated aid for the persecuted ones, and co-organized Radio Solidarity. She was arrested in 1982. In the photo, taken during the trial concerning the registration of Solidarity on April 17, 1989, in Warsaw, Zofia and Zbigniew Romaszewski are in the center. Source: Archive of O\u015brodek KARTA, photo by Mieczys\u0142aw Michalak<\/figcaption><\/figure>\n\n\n\n<figure class=\"wp-block-image size-full is-resized\"><img loading=\"lazy\" decoding=\"async\" width=\"600\" height=\"415\" src=\"https:\/\/instytutpolski.pl\/praha\/wp-content\/uploads\/sites\/10\/2025\/11\/goldap-1.jpg\" alt=\"\" class=\"wp-image-12840\" style=\"width:344px;height:auto\" srcset=\"https:\/\/instytutpolski.pl\/praha\/wp-content\/uploads\/sites\/10\/2025\/11\/goldap-1.jpg 600w, https:\/\/instytutpolski.pl\/praha\/wp-content\/uploads\/sites\/10\/2025\/11\/goldap-1-300x208.jpg 300w\" sizes=\"auto, (max-width: 600px) 100vw, 600px\" \/><figcaption class=\"wp-element-caption\">On 13 December 13, 1981, a state of emergency was declared in Poland, and thousands of people associated with Solidarity were taken into custody. Arrests took place at their homes in the middle of the night, without the possibility of saying goodbye to their family or receiving information about where they were being taken and what would happen to them. Fifty transports brought a total of 392 women to the largest internment facility for women in the town of Go\u0142dap.\u00a0\u00a0 Source: Internowani.pl association<\/figcaption><\/figure>\n\n\n\n<figure class=\"wp-block-image size-large is-resized\"><img loading=\"lazy\" decoding=\"async\" width=\"724\" height=\"1024\" src=\"https:\/\/instytutpolski.pl\/praha\/wp-content\/uploads\/sites\/10\/2025\/11\/BOZENA-HOSTAKOVA_UPN_01_.tif_000-724x1024.jpg\" alt=\"\" class=\"wp-image-12841\" style=\"width:263px;height:auto\" srcset=\"https:\/\/instytutpolski.pl\/praha\/wp-content\/uploads\/sites\/10\/2025\/11\/BOZENA-HOSTAKOVA_UPN_01_.tif_000-724x1024.jpg 724w, https:\/\/instytutpolski.pl\/praha\/wp-content\/uploads\/sites\/10\/2025\/11\/BOZENA-HOSTAKOVA_UPN_01_.tif_000-212x300.jpg 212w, https:\/\/instytutpolski.pl\/praha\/wp-content\/uploads\/sites\/10\/2025\/11\/BOZENA-HOSTAKOVA_UPN_01_.tif_000-768x1086.jpg 768w, https:\/\/instytutpolski.pl\/praha\/wp-content\/uploads\/sites\/10\/2025\/11\/BOZENA-HOSTAKOVA_UPN_01_.tif_000-1086x1536.jpg 1086w, https:\/\/instytutpolski.pl\/praha\/wp-content\/uploads\/sites\/10\/2025\/11\/BOZENA-HOSTAKOVA_UPN_01_.tif_000-1448x2048.jpg 1448w, https:\/\/instytutpolski.pl\/praha\/wp-content\/uploads\/sites\/10\/2025\/11\/BOZENA-HOSTAKOVA_UPN_01_.tif_000-scaled.jpg 1810w\" sizes=\"auto, (max-width: 724px) 100vw, 724px\" \/><figcaption class=\"wp-element-caption\">Investigation file of Bo\u017eena Ho\u0161\u0165\u00e1kov\u00e1, Source: Nation&#8217;s Memory Institute<\/figcaption><\/figure>\n","protected":false},"excerpt":{"rendered":"<p>In prison, women faced humiliation and inadequate health care. After their release, they continued to be monitored by the secret police and had difficulty finding work. It was important to inform foreign media and human rights organizations about the trials, prison conditions, and the humiliating treatment of detainees. Bo\u017eena Ho\u0161t\u00e1kov\u00e1 spent five months in a [&hellip;]<\/p>\n","protected":false},"author":60,"featured_media":12702,"parent":0,"menu_order":0,"comment_status":"closed","ping_status":"closed","template":"","meta":{"inline_featured_image":false,"_monsterinsights_skip_tracking":false,"_monsterinsights_sitenote_active":false,"_monsterinsights_sitenote_note":"","_monsterinsights_sitenote_category":0,"footnotes":""},"class_list":["post-12655","page","type-page","status-publish","has-post-thumbnail","hentry"],"yoast_head":"<!-- This site is optimized with the Yoast SEO plugin v24.6 - https:\/\/yoast.com\/wordpress\/plugins\/seo\/ -->\n<title>Daily Courage. Polish, Czech and Slovak Women in Anti-Communist Dissent 1968-1989 \/ 6 - IMPRISONED - Instytut Polski w Pradze<\/title>\n<meta name=\"robots\" content=\"index, follow, max-snippet:-1, max-image-preview:large, max-video-preview:-1\" \/>\n<link rel=\"canonical\" href=\"https:\/\/instytutpolski.pl\/praha\/daily-courage-polish-czech-and-slovak-women-in-anti-communist-dissent-1968-1989-6-veznene-ii\/\" \/>\n<meta property=\"og:locale\" content=\"pl_PL\" \/>\n<meta property=\"og:type\" content=\"article\" \/>\n<meta property=\"og:title\" content=\"Daily Courage. Polish, Czech and Slovak Women in Anti-Communist Dissent 1968-1989 \/ 6 - IMPRISONED - Instytut Polski w Pradze\" \/>\n<meta property=\"og:description\" content=\"In prison, women faced humiliation and inadequate health care. After their release, they continued to be monitored by the secret police and had difficulty finding work. It was important to inform foreign media and human rights organizations about the trials, prison conditions, and the humiliating treatment of detainees. Bo\u017eena Ho\u0161t\u00e1kov\u00e1 spent five months in a [&hellip;]\" \/>\n<meta property=\"og:url\" content=\"https:\/\/instytutpolski.pl\/praha\/daily-courage-polish-czech-and-slovak-women-in-anti-communist-dissent-1968-1989-6-veznene-ii\/\" \/>\n<meta property=\"og:site_name\" content=\"Instytut Polski w Pradze\" \/>\n<meta property=\"article:modified_time\" content=\"2025-11-05T08:23:48+00:00\" \/>\n<meta property=\"og:image\" content=\"https:\/\/instytutpolski.pl\/praha\/wp-content\/uploads\/sites\/10\/2025\/10\/kazdodenni_odvaha_CZ_plakat-scaled.jpg\" \/>\n\t<meta property=\"og:image:width\" content=\"2560\" \/>\n\t<meta property=\"og:image:height\" content=\"1595\" \/>\n\t<meta property=\"og:image:type\" content=\"image\/jpeg\" \/>\n<meta name=\"twitter:card\" content=\"summary_large_image\" \/>\n<meta name=\"twitter:label1\" content=\"Szacowany czas czytania\" \/>\n\t<meta name=\"twitter:data1\" content=\"5 minut\" \/>\n<script type=\"application\/ld+json\" class=\"yoast-schema-graph\">{\"@context\":\"https:\/\/schema.org\",\"@graph\":[{\"@type\":\"WebPage\",\"@id\":\"https:\/\/instytutpolski.pl\/praha\/daily-courage-polish-czech-and-slovak-women-in-anti-communist-dissent-1968-1989-6-veznene-ii\/\",\"url\":\"https:\/\/instytutpolski.pl\/praha\/daily-courage-polish-czech-and-slovak-women-in-anti-communist-dissent-1968-1989-6-veznene-ii\/\",\"name\":\"Daily Courage. Polish, Czech and Slovak Women in Anti-Communist Dissent 1968-1989 \/ 6 - IMPRISONED - Instytut Polski w Pradze\",\"isPartOf\":{\"@id\":\"https:\/\/instytutpolski.pl\/praha\/#website\"},\"primaryImageOfPage\":{\"@id\":\"https:\/\/instytutpolski.pl\/praha\/daily-courage-polish-czech-and-slovak-women-in-anti-communist-dissent-1968-1989-6-veznene-ii\/#primaryimage\"},\"image\":{\"@id\":\"https:\/\/instytutpolski.pl\/praha\/daily-courage-polish-czech-and-slovak-women-in-anti-communist-dissent-1968-1989-6-veznene-ii\/#primaryimage\"},\"thumbnailUrl\":\"https:\/\/instytutpolski.pl\/praha\/wp-content\/uploads\/sites\/10\/2025\/10\/kazdodenni_odvaha_CZ_plakat-scaled.jpg\",\"datePublished\":\"2025-10-24T10:26:05+00:00\",\"dateModified\":\"2025-11-05T08:23:48+00:00\",\"breadcrumb\":{\"@id\":\"https:\/\/instytutpolski.pl\/praha\/daily-courage-polish-czech-and-slovak-women-in-anti-communist-dissent-1968-1989-6-veznene-ii\/#breadcrumb\"},\"inLanguage\":\"pl-PL\",\"potentialAction\":[{\"@type\":\"ReadAction\",\"target\":[\"https:\/\/instytutpolski.pl\/praha\/daily-courage-polish-czech-and-slovak-women-in-anti-communist-dissent-1968-1989-6-veznene-ii\/\"]}]},{\"@type\":\"ImageObject\",\"inLanguage\":\"pl-PL\",\"@id\":\"https:\/\/instytutpolski.pl\/praha\/daily-courage-polish-czech-and-slovak-women-in-anti-communist-dissent-1968-1989-6-veznene-ii\/#primaryimage\",\"url\":\"https:\/\/instytutpolski.pl\/praha\/wp-content\/uploads\/sites\/10\/2025\/10\/kazdodenni_odvaha_CZ_plakat-scaled.jpg\",\"contentUrl\":\"https:\/\/instytutpolski.pl\/praha\/wp-content\/uploads\/sites\/10\/2025\/10\/kazdodenni_odvaha_CZ_plakat-scaled.jpg\",\"width\":2560,\"height\":1595},{\"@type\":\"BreadcrumbList\",\"@id\":\"https:\/\/instytutpolski.pl\/praha\/daily-courage-polish-czech-and-slovak-women-in-anti-communist-dissent-1968-1989-6-veznene-ii\/#breadcrumb\",\"itemListElement\":[{\"@type\":\"ListItem\",\"position\":1,\"name\":\"Home\",\"item\":\"https:\/\/instytutpolski.pl\/praha\/\"},{\"@type\":\"ListItem\",\"position\":2,\"name\":\"Daily Courage. Polish, Czech and Slovak Women in Anti-Communist Dissent 1968-1989 \/ 6 &#8211; IMPRISONED\"}]},{\"@type\":\"WebSite\",\"@id\":\"https:\/\/instytutpolski.pl\/praha\/#website\",\"url\":\"https:\/\/instytutpolski.pl\/praha\/\",\"name\":\"Instytut Polski w Pradze\",\"description\":\"Instytuty Polskie\",\"potentialAction\":[{\"@type\":\"SearchAction\",\"target\":{\"@type\":\"EntryPoint\",\"urlTemplate\":\"https:\/\/instytutpolski.pl\/praha\/?s={search_term_string}\"},\"query-input\":{\"@type\":\"PropertyValueSpecification\",\"valueRequired\":true,\"valueName\":\"search_term_string\"}}],\"inLanguage\":\"pl-PL\"}]}<\/script>\n<!-- \/ Yoast SEO plugin. -->","yoast_head_json":{"title":"Daily Courage. Polish, Czech and Slovak Women in Anti-Communist Dissent 1968-1989 \/ 6 - IMPRISONED - Instytut Polski w Pradze","robots":{"index":"index","follow":"follow","max-snippet":"max-snippet:-1","max-image-preview":"max-image-preview:large","max-video-preview":"max-video-preview:-1"},"canonical":"https:\/\/instytutpolski.pl\/praha\/daily-courage-polish-czech-and-slovak-women-in-anti-communist-dissent-1968-1989-6-veznene-ii\/","og_locale":"pl_PL","og_type":"article","og_title":"Daily Courage. Polish, Czech and Slovak Women in Anti-Communist Dissent 1968-1989 \/ 6 - IMPRISONED - Instytut Polski w Pradze","og_description":"In prison, women faced humiliation and inadequate health care. After their release, they continued to be monitored by the secret police and had difficulty finding work. It was important to inform foreign media and human rights organizations about the trials, prison conditions, and the humiliating treatment of detainees. Bo\u017eena Ho\u0161t\u00e1kov\u00e1 spent five months in a [&hellip;]","og_url":"https:\/\/instytutpolski.pl\/praha\/daily-courage-polish-czech-and-slovak-women-in-anti-communist-dissent-1968-1989-6-veznene-ii\/","og_site_name":"Instytut Polski w Pradze","article_modified_time":"2025-11-05T08:23:48+00:00","og_image":[{"width":2560,"height":1595,"url":"https:\/\/instytutpolski.pl\/praha\/wp-content\/uploads\/sites\/10\/2025\/10\/kazdodenni_odvaha_CZ_plakat-scaled.jpg","type":"image\/jpeg"}],"twitter_card":"summary_large_image","twitter_misc":{"Szacowany czas czytania":"5 minut"},"schema":{"@context":"https:\/\/schema.org","@graph":[{"@type":"WebPage","@id":"https:\/\/instytutpolski.pl\/praha\/daily-courage-polish-czech-and-slovak-women-in-anti-communist-dissent-1968-1989-6-veznene-ii\/","url":"https:\/\/instytutpolski.pl\/praha\/daily-courage-polish-czech-and-slovak-women-in-anti-communist-dissent-1968-1989-6-veznene-ii\/","name":"Daily Courage. Polish, Czech and Slovak Women in Anti-Communist Dissent 1968-1989 \/ 6 - IMPRISONED - Instytut Polski w Pradze","isPartOf":{"@id":"https:\/\/instytutpolski.pl\/praha\/#website"},"primaryImageOfPage":{"@id":"https:\/\/instytutpolski.pl\/praha\/daily-courage-polish-czech-and-slovak-women-in-anti-communist-dissent-1968-1989-6-veznene-ii\/#primaryimage"},"image":{"@id":"https:\/\/instytutpolski.pl\/praha\/daily-courage-polish-czech-and-slovak-women-in-anti-communist-dissent-1968-1989-6-veznene-ii\/#primaryimage"},"thumbnailUrl":"https:\/\/instytutpolski.pl\/praha\/wp-content\/uploads\/sites\/10\/2025\/10\/kazdodenni_odvaha_CZ_plakat-scaled.jpg","datePublished":"2025-10-24T10:26:05+00:00","dateModified":"2025-11-05T08:23:48+00:00","breadcrumb":{"@id":"https:\/\/instytutpolski.pl\/praha\/daily-courage-polish-czech-and-slovak-women-in-anti-communist-dissent-1968-1989-6-veznene-ii\/#breadcrumb"},"inLanguage":"pl-PL","potentialAction":[{"@type":"ReadAction","target":["https:\/\/instytutpolski.pl\/praha\/daily-courage-polish-czech-and-slovak-women-in-anti-communist-dissent-1968-1989-6-veznene-ii\/"]}]},{"@type":"ImageObject","inLanguage":"pl-PL","@id":"https:\/\/instytutpolski.pl\/praha\/daily-courage-polish-czech-and-slovak-women-in-anti-communist-dissent-1968-1989-6-veznene-ii\/#primaryimage","url":"https:\/\/instytutpolski.pl\/praha\/wp-content\/uploads\/sites\/10\/2025\/10\/kazdodenni_odvaha_CZ_plakat-scaled.jpg","contentUrl":"https:\/\/instytutpolski.pl\/praha\/wp-content\/uploads\/sites\/10\/2025\/10\/kazdodenni_odvaha_CZ_plakat-scaled.jpg","width":2560,"height":1595},{"@type":"BreadcrumbList","@id":"https:\/\/instytutpolski.pl\/praha\/daily-courage-polish-czech-and-slovak-women-in-anti-communist-dissent-1968-1989-6-veznene-ii\/#breadcrumb","itemListElement":[{"@type":"ListItem","position":1,"name":"Home","item":"https:\/\/instytutpolski.pl\/praha\/"},{"@type":"ListItem","position":2,"name":"Daily Courage. Polish, Czech and Slovak Women in Anti-Communist Dissent 1968-1989 \/ 6 &#8211; IMPRISONED"}]},{"@type":"WebSite","@id":"https:\/\/instytutpolski.pl\/praha\/#website","url":"https:\/\/instytutpolski.pl\/praha\/","name":"Instytut Polski w Pradze","description":"Instytuty Polskie","potentialAction":[{"@type":"SearchAction","target":{"@type":"EntryPoint","urlTemplate":"https:\/\/instytutpolski.pl\/praha\/?s={search_term_string}"},"query-input":{"@type":"PropertyValueSpecification","valueRequired":true,"valueName":"search_term_string"}}],"inLanguage":"pl-PL"}]}},"_links":{"self":[{"href":"https:\/\/instytutpolski.pl\/praha\/wp-json\/wp\/v2\/pages\/12655","targetHints":{"allow":["GET"]}}],"collection":[{"href":"https:\/\/instytutpolski.pl\/praha\/wp-json\/wp\/v2\/pages"}],"about":[{"href":"https:\/\/instytutpolski.pl\/praha\/wp-json\/wp\/v2\/types\/page"}],"author":[{"embeddable":true,"href":"https:\/\/instytutpolski.pl\/praha\/wp-json\/wp\/v2\/users\/60"}],"replies":[{"embeddable":true,"href":"https:\/\/instytutpolski.pl\/praha\/wp-json\/wp\/v2\/comments?post=12655"}],"version-history":[{"count":3,"href":"https:\/\/instytutpolski.pl\/praha\/wp-json\/wp\/v2\/pages\/12655\/revisions"}],"predecessor-version":[{"id":12842,"href":"https:\/\/instytutpolski.pl\/praha\/wp-json\/wp\/v2\/pages\/12655\/revisions\/12842"}],"wp:featuredmedia":[{"embeddable":true,"href":"https:\/\/instytutpolski.pl\/praha\/wp-json\/wp\/v2\/media\/12702"}],"wp:attachment":[{"href":"https:\/\/instytutpolski.pl\/praha\/wp-json\/wp\/v2\/media?parent=12655"}],"curies":[{"name":"wp","href":"https:\/\/api.w.org\/{rel}","templated":true}]}}