{"id":12660,"date":"2025-10-24T12:26:40","date_gmt":"2025-10-24T10:26:40","guid":{"rendered":"https:\/\/instytutpolski.pl\/praha\/?page_id=12660"},"modified":"2025-11-05T09:37:03","modified_gmt":"2025-11-05T08:37:03","slug":"daily-courage-polish-czech-and-slovak-women-in-anti-communist-dissent-1968-1989-8-pronasledovane-ii","status":"publish","type":"page","link":"https:\/\/instytutpolski.pl\/praha\/daily-courage-polish-czech-and-slovak-women-in-anti-communist-dissent-1968-1989-8-pronasledovane-ii\/","title":{"rendered":"Daily Courage. Polish, Czech and Slovak Women in Anti-Communist Dissent 1968-1989 \/ 8 &#8211; PERSECUTED"},"content":{"rendered":"\n<p><strong>PERSECUTED<\/strong><\/p>\n\n\n\n<p>The secret police stopped at nothing \u2013 not even pregnancy, breastfeeding, or having small children protected women. On the contrary, during interrogations and house searches, mothers had to endure threats that &#8222;something&#8221; might happen to their children.<\/p>\n\n\n\n<p>The children of dissidents also became targets of repression by the secret police, witnessed interrogations and house searches, and were bullied at school. They had to endure the unexpected absence of their parents. Iva Kotrl\u00e1&#8217;s son was interrogated by the Secret Police at the age of 12, and her daughter was not admitted to any school, even though she had successfully passed the admission exams. The children of Janina Konczak Gotner, who was interned during the state of emergency, were taken to a children&#8217;s home, where they were told that they were there because of their mother. Zofia Romaszewska&#8217;s 19-year-old daughter, Agnieszka, was interned in place of her mother. The police officer was supposed to arrest Zofia, but when he learned that he was dealing with another Mrs. Romaszewska, he simply said, &#8222;Never mind,&#8221; and took Agnieszka away. During her interrogation, Krystyna Starczewska heard: &#8222;A girl who looks like your daughter is walking in the park when a group of hooligans appear and rape her. The perpetrators are unknown. Do we understand each other?&#8221;<\/p>\n\n\n\n<p>Ivanka Hyblerov\u00e1:<em> &#8222;What should we think of people who ruthlessly arrested and interrogated women in the late stages of pregnancy? One evening, they arrested me at Anna \u0160abatov\u00e1 and Petr Uhl&#8217;s house. Although I had my 16-month-old daughter in her pram and was nine months pregnant, they detained me and then interrogated me. After my interrogation, they continued to detain my husband, so I had to walk home alone from the Peace Square to our home on Mysl\u00edkova Street, in the evening, with little \u017dofinka in her pram, knowing that I could go into labor at any moment.&#8221;<\/em><\/p>\n\n\n\n<p>Barbara Labuda: &#8222;<em>I remember that after my arrest, when I had already been in prison for several months, I was given permission to visit my son. I apologized to him for being in prison, for not being with him. And he said to me: &#8222;You know, Mom, I understand, I know you have two children: me and Solidarity.&#8221;<\/em><\/p>\n\n\n\n<p>Gabriela Lango\u0161ov\u00e1: <em>&#8222;Most of all I was afraid that they would do something to the children. For example, sometimes they would start banging on our door and ringing the bell at half past five, and Jano would get really angry and say that it was rude \u2013 he was very well-mannered \u2013 and that we wouldn&#8217;t open the door before half past six. But it was awful waiting for that hour to pass. Then they took him away, and neither I nor the children knew what would happen. I calmed the children down and they went to school, then Jano came back from the interrogation and said that they had told him that the children could be hit by a car, that it wasn&#8217;t just a matter of course. Things like that used to upset me completely, I felt anxious about it.\u201d<\/em><\/p>\n\n\n\n<figure class=\"wp-block-image size-full is-resized\"><img loading=\"lazy\" decoding=\"async\" width=\"347\" height=\"268\" src=\"https:\/\/instytutpolski.pl\/praha\/wp-content\/uploads\/sites\/10\/2025\/11\/Obraz1-1.png\" alt=\"\" class=\"wp-image-12851\" style=\"width:511px;height:auto\" srcset=\"https:\/\/instytutpolski.pl\/praha\/wp-content\/uploads\/sites\/10\/2025\/11\/Obraz1-1.png 347w, https:\/\/instytutpolski.pl\/praha\/wp-content\/uploads\/sites\/10\/2025\/11\/Obraz1-1-300x232.png 300w\" sizes=\"auto, (max-width: 347px) 100vw, 347px\" \/><figcaption class=\"wp-element-caption\">\u00a0<br>Gabriela Lango\u0161ov\u00e1 with her husband J\u00e1n in the mountain village of Br\u00edzgalky in the 1970s. Many dissidents visited their simple cottage, which was, among others a favorite of Olga Havlov\u00e1. Photo: Private archive of the Lango\u0161 family<\/figcaption><\/figure>\n\n\n\n<figure class=\"wp-block-image size-full\"><img loading=\"lazy\" decoding=\"async\" width=\"548\" height=\"385\" src=\"https:\/\/instytutpolski.pl\/praha\/wp-content\/uploads\/sites\/10\/2025\/11\/sherwood.jpg\" alt=\"\" class=\"wp-image-12852\" srcset=\"https:\/\/instytutpolski.pl\/praha\/wp-content\/uploads\/sites\/10\/2025\/11\/sherwood.jpg 548w, https:\/\/instytutpolski.pl\/praha\/wp-content\/uploads\/sites\/10\/2025\/11\/sherwood-300x211.jpg 300w\" sizes=\"auto, (max-width: 548px) 100vw, 548px\" \/><figcaption class=\"wp-element-caption\">\u00a0<br>Wiretapping was also a form of persecution. Jolana Kus\u00e1, wife of Charter 77 signatory Miroslav Kus\u00fd, recalls that the Secret Police accused her of installing wiretapping devices in her apartment herself as a jealous wife. The regime labeled the family of Julia Kalinov\u00e1, later Sherwood, as hostile to the state and refused to admit her to university for years; they later went into exile. &#8222;The transmitter was under the parquet flooring, and when my father wanted to copy down the number, he opened the parquet again, but it was no longer there. That was probably the biggest shock we experienced. Because we realized that they could come to us whenever they wanted.&#8221; In the photo, during an &#8222;illegal&#8221; crossing of the Polish-Czechoslovak border on a trip in the summer of 1978. Photo: private archive of J. Sherwood<\/figcaption><\/figure>\n\n\n\n<figure class=\"wp-block-image size-large is-resized\"><img loading=\"lazy\" decoding=\"async\" width=\"1024\" height=\"803\" src=\"https:\/\/instytutpolski.pl\/praha\/wp-content\/uploads\/sites\/10\/2025\/11\/SL_475_MV_001_fotografie_0003-1024x803.jpg\" alt=\"\" class=\"wp-image-12853\" style=\"width:379px;height:auto\" srcset=\"https:\/\/instytutpolski.pl\/praha\/wp-content\/uploads\/sites\/10\/2025\/11\/SL_475_MV_001_fotografie_0003-1024x803.jpg 1024w, https:\/\/instytutpolski.pl\/praha\/wp-content\/uploads\/sites\/10\/2025\/11\/SL_475_MV_001_fotografie_0003-300x235.jpg 300w, https:\/\/instytutpolski.pl\/praha\/wp-content\/uploads\/sites\/10\/2025\/11\/SL_475_MV_001_fotografie_0003-768x603.jpg 768w, https:\/\/instytutpolski.pl\/praha\/wp-content\/uploads\/sites\/10\/2025\/11\/SL_475_MV_001_fotografie_0003-1536x1205.jpg 1536w, https:\/\/instytutpolski.pl\/praha\/wp-content\/uploads\/sites\/10\/2025\/11\/SL_475_MV_001_fotografie_0003-2048x1607.jpg 2048w\" sizes=\"auto, (max-width: 1024px) 100vw, 1024px\" \/><figcaption class=\"wp-element-caption\">Photograph taken while monitoring Ivanka Hyblerov\u00e1 in her ninth month of pregnancy on 25 August 1981. Source: Security Services Archive (ABS), SNB Surveillance Administration Fund \u2013 Files, Arch. Nr. SL-475 MV (code name \u201cBallet Dancer-2\u201d)<\/figcaption><\/figure>\n","protected":false},"excerpt":{"rendered":"<p>PERSECUTED The secret police stopped at nothing \u2013 not even pregnancy, breastfeeding, or having small children protected women. On the contrary, during interrogations and house searches, mothers had to endure threats that &#8222;something&#8221; might happen to their children. The children of dissidents also became targets of repression by the secret police, witnessed interrogations and house [&hellip;]<\/p>\n","protected":false},"author":60,"featured_media":12702,"parent":0,"menu_order":0,"comment_status":"closed","ping_status":"closed","template":"","meta":{"inline_featured_image":false,"_monsterinsights_skip_tracking":false,"_monsterinsights_sitenote_active":false,"_monsterinsights_sitenote_note":"","_monsterinsights_sitenote_category":0,"footnotes":""},"class_list":["post-12660","page","type-page","status-publish","has-post-thumbnail","hentry"],"yoast_head":"<!-- This site is optimized with the Yoast SEO plugin v24.6 - https:\/\/yoast.com\/wordpress\/plugins\/seo\/ -->\n<title>Daily Courage. Polish, Czech and Slovak Women in Anti-Communist Dissent 1968-1989 \/ 8 - PERSECUTED - Instytut Polski w Pradze<\/title>\n<meta name=\"robots\" content=\"index, follow, max-snippet:-1, max-image-preview:large, max-video-preview:-1\" \/>\n<link rel=\"canonical\" href=\"https:\/\/instytutpolski.pl\/praha\/daily-courage-polish-czech-and-slovak-women-in-anti-communist-dissent-1968-1989-8-pronasledovane-ii\/\" \/>\n<meta property=\"og:locale\" content=\"pl_PL\" \/>\n<meta property=\"og:type\" content=\"article\" \/>\n<meta property=\"og:title\" content=\"Daily Courage. Polish, Czech and Slovak Women in Anti-Communist Dissent 1968-1989 \/ 8 - PERSECUTED - Instytut Polski w Pradze\" \/>\n<meta property=\"og:description\" content=\"PERSECUTED The secret police stopped at nothing \u2013 not even pregnancy, breastfeeding, or having small children protected women. On the contrary, during interrogations and house searches, mothers had to endure threats that &#8222;something&#8221; might happen to their children. The children of dissidents also became targets of repression by the secret police, witnessed interrogations and house [&hellip;]\" \/>\n<meta property=\"og:url\" content=\"https:\/\/instytutpolski.pl\/praha\/daily-courage-polish-czech-and-slovak-women-in-anti-communist-dissent-1968-1989-8-pronasledovane-ii\/\" \/>\n<meta property=\"og:site_name\" content=\"Instytut Polski w Pradze\" \/>\n<meta property=\"article:modified_time\" content=\"2025-11-05T08:37:03+00:00\" \/>\n<meta property=\"og:image\" content=\"https:\/\/instytutpolski.pl\/praha\/wp-content\/uploads\/sites\/10\/2025\/10\/kazdodenni_odvaha_CZ_plakat-scaled.jpg\" \/>\n\t<meta property=\"og:image:width\" content=\"2560\" \/>\n\t<meta property=\"og:image:height\" content=\"1595\" \/>\n\t<meta property=\"og:image:type\" content=\"image\/jpeg\" \/>\n<meta name=\"twitter:card\" content=\"summary_large_image\" \/>\n<meta name=\"twitter:label1\" content=\"Szacowany czas czytania\" \/>\n\t<meta name=\"twitter:data1\" content=\"6 minut\" \/>\n<script type=\"application\/ld+json\" class=\"yoast-schema-graph\">{\"@context\":\"https:\/\/schema.org\",\"@graph\":[{\"@type\":\"WebPage\",\"@id\":\"https:\/\/instytutpolski.pl\/praha\/daily-courage-polish-czech-and-slovak-women-in-anti-communist-dissent-1968-1989-8-pronasledovane-ii\/\",\"url\":\"https:\/\/instytutpolski.pl\/praha\/daily-courage-polish-czech-and-slovak-women-in-anti-communist-dissent-1968-1989-8-pronasledovane-ii\/\",\"name\":\"Daily Courage. Polish, Czech and Slovak Women in Anti-Communist Dissent 1968-1989 \/ 8 - PERSECUTED - Instytut Polski w Pradze\",\"isPartOf\":{\"@id\":\"https:\/\/instytutpolski.pl\/praha\/#website\"},\"primaryImageOfPage\":{\"@id\":\"https:\/\/instytutpolski.pl\/praha\/daily-courage-polish-czech-and-slovak-women-in-anti-communist-dissent-1968-1989-8-pronasledovane-ii\/#primaryimage\"},\"image\":{\"@id\":\"https:\/\/instytutpolski.pl\/praha\/daily-courage-polish-czech-and-slovak-women-in-anti-communist-dissent-1968-1989-8-pronasledovane-ii\/#primaryimage\"},\"thumbnailUrl\":\"https:\/\/instytutpolski.pl\/praha\/wp-content\/uploads\/sites\/10\/2025\/10\/kazdodenni_odvaha_CZ_plakat-scaled.jpg\",\"datePublished\":\"2025-10-24T10:26:40+00:00\",\"dateModified\":\"2025-11-05T08:37:03+00:00\",\"breadcrumb\":{\"@id\":\"https:\/\/instytutpolski.pl\/praha\/daily-courage-polish-czech-and-slovak-women-in-anti-communist-dissent-1968-1989-8-pronasledovane-ii\/#breadcrumb\"},\"inLanguage\":\"pl-PL\",\"potentialAction\":[{\"@type\":\"ReadAction\",\"target\":[\"https:\/\/instytutpolski.pl\/praha\/daily-courage-polish-czech-and-slovak-women-in-anti-communist-dissent-1968-1989-8-pronasledovane-ii\/\"]}]},{\"@type\":\"ImageObject\",\"inLanguage\":\"pl-PL\",\"@id\":\"https:\/\/instytutpolski.pl\/praha\/daily-courage-polish-czech-and-slovak-women-in-anti-communist-dissent-1968-1989-8-pronasledovane-ii\/#primaryimage\",\"url\":\"https:\/\/instytutpolski.pl\/praha\/wp-content\/uploads\/sites\/10\/2025\/10\/kazdodenni_odvaha_CZ_plakat-scaled.jpg\",\"contentUrl\":\"https:\/\/instytutpolski.pl\/praha\/wp-content\/uploads\/sites\/10\/2025\/10\/kazdodenni_odvaha_CZ_plakat-scaled.jpg\",\"width\":2560,\"height\":1595},{\"@type\":\"BreadcrumbList\",\"@id\":\"https:\/\/instytutpolski.pl\/praha\/daily-courage-polish-czech-and-slovak-women-in-anti-communist-dissent-1968-1989-8-pronasledovane-ii\/#breadcrumb\",\"itemListElement\":[{\"@type\":\"ListItem\",\"position\":1,\"name\":\"Home\",\"item\":\"https:\/\/instytutpolski.pl\/praha\/\"},{\"@type\":\"ListItem\",\"position\":2,\"name\":\"Daily Courage. Polish, Czech and Slovak Women in Anti-Communist Dissent 1968-1989 \/ 8 &#8211; PERSECUTED\"}]},{\"@type\":\"WebSite\",\"@id\":\"https:\/\/instytutpolski.pl\/praha\/#website\",\"url\":\"https:\/\/instytutpolski.pl\/praha\/\",\"name\":\"Instytut Polski w Pradze\",\"description\":\"Instytuty Polskie\",\"potentialAction\":[{\"@type\":\"SearchAction\",\"target\":{\"@type\":\"EntryPoint\",\"urlTemplate\":\"https:\/\/instytutpolski.pl\/praha\/?s={search_term_string}\"},\"query-input\":{\"@type\":\"PropertyValueSpecification\",\"valueRequired\":true,\"valueName\":\"search_term_string\"}}],\"inLanguage\":\"pl-PL\"}]}<\/script>\n<!-- \/ Yoast SEO plugin. -->","yoast_head_json":{"title":"Daily Courage. Polish, Czech and Slovak Women in Anti-Communist Dissent 1968-1989 \/ 8 - PERSECUTED - Instytut Polski w Pradze","robots":{"index":"index","follow":"follow","max-snippet":"max-snippet:-1","max-image-preview":"max-image-preview:large","max-video-preview":"max-video-preview:-1"},"canonical":"https:\/\/instytutpolski.pl\/praha\/daily-courage-polish-czech-and-slovak-women-in-anti-communist-dissent-1968-1989-8-pronasledovane-ii\/","og_locale":"pl_PL","og_type":"article","og_title":"Daily Courage. Polish, Czech and Slovak Women in Anti-Communist Dissent 1968-1989 \/ 8 - PERSECUTED - Instytut Polski w Pradze","og_description":"PERSECUTED The secret police stopped at nothing \u2013 not even pregnancy, breastfeeding, or having small children protected women. On the contrary, during interrogations and house searches, mothers had to endure threats that &#8222;something&#8221; might happen to their children. The children of dissidents also became targets of repression by the secret police, witnessed interrogations and house [&hellip;]","og_url":"https:\/\/instytutpolski.pl\/praha\/daily-courage-polish-czech-and-slovak-women-in-anti-communist-dissent-1968-1989-8-pronasledovane-ii\/","og_site_name":"Instytut Polski w Pradze","article_modified_time":"2025-11-05T08:37:03+00:00","og_image":[{"width":2560,"height":1595,"url":"https:\/\/instytutpolski.pl\/praha\/wp-content\/uploads\/sites\/10\/2025\/10\/kazdodenni_odvaha_CZ_plakat-scaled.jpg","type":"image\/jpeg"}],"twitter_card":"summary_large_image","twitter_misc":{"Szacowany czas czytania":"6 minut"},"schema":{"@context":"https:\/\/schema.org","@graph":[{"@type":"WebPage","@id":"https:\/\/instytutpolski.pl\/praha\/daily-courage-polish-czech-and-slovak-women-in-anti-communist-dissent-1968-1989-8-pronasledovane-ii\/","url":"https:\/\/instytutpolski.pl\/praha\/daily-courage-polish-czech-and-slovak-women-in-anti-communist-dissent-1968-1989-8-pronasledovane-ii\/","name":"Daily Courage. Polish, Czech and Slovak Women in Anti-Communist Dissent 1968-1989 \/ 8 - PERSECUTED - Instytut Polski w Pradze","isPartOf":{"@id":"https:\/\/instytutpolski.pl\/praha\/#website"},"primaryImageOfPage":{"@id":"https:\/\/instytutpolski.pl\/praha\/daily-courage-polish-czech-and-slovak-women-in-anti-communist-dissent-1968-1989-8-pronasledovane-ii\/#primaryimage"},"image":{"@id":"https:\/\/instytutpolski.pl\/praha\/daily-courage-polish-czech-and-slovak-women-in-anti-communist-dissent-1968-1989-8-pronasledovane-ii\/#primaryimage"},"thumbnailUrl":"https:\/\/instytutpolski.pl\/praha\/wp-content\/uploads\/sites\/10\/2025\/10\/kazdodenni_odvaha_CZ_plakat-scaled.jpg","datePublished":"2025-10-24T10:26:40+00:00","dateModified":"2025-11-05T08:37:03+00:00","breadcrumb":{"@id":"https:\/\/instytutpolski.pl\/praha\/daily-courage-polish-czech-and-slovak-women-in-anti-communist-dissent-1968-1989-8-pronasledovane-ii\/#breadcrumb"},"inLanguage":"pl-PL","potentialAction":[{"@type":"ReadAction","target":["https:\/\/instytutpolski.pl\/praha\/daily-courage-polish-czech-and-slovak-women-in-anti-communist-dissent-1968-1989-8-pronasledovane-ii\/"]}]},{"@type":"ImageObject","inLanguage":"pl-PL","@id":"https:\/\/instytutpolski.pl\/praha\/daily-courage-polish-czech-and-slovak-women-in-anti-communist-dissent-1968-1989-8-pronasledovane-ii\/#primaryimage","url":"https:\/\/instytutpolski.pl\/praha\/wp-content\/uploads\/sites\/10\/2025\/10\/kazdodenni_odvaha_CZ_plakat-scaled.jpg","contentUrl":"https:\/\/instytutpolski.pl\/praha\/wp-content\/uploads\/sites\/10\/2025\/10\/kazdodenni_odvaha_CZ_plakat-scaled.jpg","width":2560,"height":1595},{"@type":"BreadcrumbList","@id":"https:\/\/instytutpolski.pl\/praha\/daily-courage-polish-czech-and-slovak-women-in-anti-communist-dissent-1968-1989-8-pronasledovane-ii\/#breadcrumb","itemListElement":[{"@type":"ListItem","position":1,"name":"Home","item":"https:\/\/instytutpolski.pl\/praha\/"},{"@type":"ListItem","position":2,"name":"Daily Courage. Polish, Czech and Slovak Women in Anti-Communist Dissent 1968-1989 \/ 8 &#8211; PERSECUTED"}]},{"@type":"WebSite","@id":"https:\/\/instytutpolski.pl\/praha\/#website","url":"https:\/\/instytutpolski.pl\/praha\/","name":"Instytut Polski w Pradze","description":"Instytuty Polskie","potentialAction":[{"@type":"SearchAction","target":{"@type":"EntryPoint","urlTemplate":"https:\/\/instytutpolski.pl\/praha\/?s={search_term_string}"},"query-input":{"@type":"PropertyValueSpecification","valueRequired":true,"valueName":"search_term_string"}}],"inLanguage":"pl-PL"}]}},"_links":{"self":[{"href":"https:\/\/instytutpolski.pl\/praha\/wp-json\/wp\/v2\/pages\/12660","targetHints":{"allow":["GET"]}}],"collection":[{"href":"https:\/\/instytutpolski.pl\/praha\/wp-json\/wp\/v2\/pages"}],"about":[{"href":"https:\/\/instytutpolski.pl\/praha\/wp-json\/wp\/v2\/types\/page"}],"author":[{"embeddable":true,"href":"https:\/\/instytutpolski.pl\/praha\/wp-json\/wp\/v2\/users\/60"}],"replies":[{"embeddable":true,"href":"https:\/\/instytutpolski.pl\/praha\/wp-json\/wp\/v2\/comments?post=12660"}],"version-history":[{"count":2,"href":"https:\/\/instytutpolski.pl\/praha\/wp-json\/wp\/v2\/pages\/12660\/revisions"}],"predecessor-version":[{"id":12854,"href":"https:\/\/instytutpolski.pl\/praha\/wp-json\/wp\/v2\/pages\/12660\/revisions\/12854"}],"wp:featuredmedia":[{"embeddable":true,"href":"https:\/\/instytutpolski.pl\/praha\/wp-json\/wp\/v2\/media\/12702"}],"wp:attachment":[{"href":"https:\/\/instytutpolski.pl\/praha\/wp-json\/wp\/v2\/media?parent=12660"}],"curies":[{"name":"wp","href":"https:\/\/api.w.org\/{rel}","templated":true}]}}