{"id":12662,"date":"2025-10-24T12:26:56","date_gmt":"2025-10-24T10:26:56","guid":{"rendered":"https:\/\/instytutpolski.pl\/praha\/?page_id=12662"},"modified":"2025-11-05T09:45:49","modified_gmt":"2025-11-05T08:45:49","slug":"daily-courage-polish-czech-and-slovak-women-in-anti-communist-dissent-1968-1989-9-umelkyne-i","status":"publish","type":"page","link":"https:\/\/instytutpolski.pl\/praha\/daily-courage-polish-czech-and-slovak-women-in-anti-communist-dissent-1968-1989-9-umelkyne-i\/","title":{"rendered":"Daily Courage. Polish, Czech and Slovak Women in Anti-Communist Dissent 1968-1989 \/ 9 &#8211; ARTISTS"},"content":{"rendered":"\n<p><strong>ARTISTS<\/strong><\/p>\n\n\n\n<p>Bans on official creative work and performances for those who disobeyed, censorship, and restrictions on artistic freedom by the communist regime \u2013 i.e., the ability to exhibit, publish, make films, or perform in the theater \u2013 led artists to create a parallel culture independent of the state. It was co-created by writers, actresses, painters, and curators.<\/p>\n\n\n\n<p>Eva Kant\u016frkov\u00e1<em>: &#8222;My curiosity as a writer also helped me: nowhere else did I learn as much about people as I did in prison. I knew how to listen, and my fellow inmates had a strong need to talk. Perhaps that is why I was able to write the book Friends from the House of Sorrow.\u201c<\/em>\u00a0\u00a0<\/p>\n\n\n\n<p>Barbara Sadowska<em>: \u201cI heard helplessness, now I don&#8217;t know if it was the militia or state security, when they told me: 'We can&#8217;t touch you, Sadowsk\u00e1, but we&#8217;ll take care of your son&#8217;. (\u2026) I thought they would call him up into the army, summon him to the station, and implicate him in some criminal affair. I didn&#8217;t think they would be capable of killing him. Perhaps some madman thought of that later. They knew us and knew that neither Grzesiek nor I were afraid. And that always makes people feel helpless.&#8221;<\/em><\/p>\n\n\n\n<figure class=\"wp-block-image size-large is-resized\"><img loading=\"lazy\" decoding=\"async\" width=\"700\" height=\"1024\" src=\"https:\/\/instytutpolski.pl\/praha\/wp-content\/uploads\/sites\/10\/2025\/11\/Anka_Kowalska-NAC-700x1024.jpg\" alt=\"\" class=\"wp-image-12856\" style=\"width:213px;height:auto\" srcset=\"https:\/\/instytutpolski.pl\/praha\/wp-content\/uploads\/sites\/10\/2025\/11\/Anka_Kowalska-NAC-700x1024.jpg 700w, https:\/\/instytutpolski.pl\/praha\/wp-content\/uploads\/sites\/10\/2025\/11\/Anka_Kowalska-NAC-205x300.jpg 205w, https:\/\/instytutpolski.pl\/praha\/wp-content\/uploads\/sites\/10\/2025\/11\/Anka_Kowalska-NAC-768x1124.jpg 768w, https:\/\/instytutpolski.pl\/praha\/wp-content\/uploads\/sites\/10\/2025\/11\/Anka_Kowalska-NAC-1049x1536.jpg 1049w, https:\/\/instytutpolski.pl\/praha\/wp-content\/uploads\/sites\/10\/2025\/11\/Anka_Kowalska-NAC-1399x2048.jpg 1399w, https:\/\/instytutpolski.pl\/praha\/wp-content\/uploads\/sites\/10\/2025\/11\/Anka_Kowalska-NAC.jpg 1484w\" sizes=\"auto, (max-width: 700px) 100vw, 700px\" \/><figcaption class=\"wp-element-caption\">Writer and dissident Anka Kowalska maintained an information database on repression and passed on reports to foreign journalists; she was active in the Workers&#8217; Defense Committee (KOR). In October 1979, she took part in a hunger strike at the Church of the Holy Cross in Warsaw in support of political prisoners in Czechoslovakia. During martial law, she published a collection of poems from an internment camp through an underground publishing house.\u00a0\u00a0Poet Barbara Sadowska, involved in opposition activities and samizdat, was beaten by &#8222;unknown perpetrators.&#8221; Her son Grzegorz Przemyk died after interrogation at a police station as a result of blows to the abdomen. <br>Anka Kowalska, Source: National Digital archive<\/figcaption><\/figure>\n\n\n\n<figure class=\"wp-block-image size-full is-resized\"><img loading=\"lazy\" decoding=\"async\" width=\"755\" height=\"967\" src=\"https:\/\/instytutpolski.pl\/praha\/wp-content\/uploads\/sites\/10\/2025\/11\/jesenska-Zora.jpg\" alt=\"\" class=\"wp-image-12857\" style=\"width:304px;height:auto\" srcset=\"https:\/\/instytutpolski.pl\/praha\/wp-content\/uploads\/sites\/10\/2025\/11\/jesenska-Zora.jpg 755w, https:\/\/instytutpolski.pl\/praha\/wp-content\/uploads\/sites\/10\/2025\/11\/jesenska-Zora-234x300.jpg 234w\" sizes=\"auto, (max-width: 755px) 100vw, 755px\" \/><figcaption class=\"wp-element-caption\">Writer Zora Jesensk\u00e1 was one of the first in the Eastern Bloc to translate Boris Pasternak&#8217;s banned novel Doctor Zhivago. After participating in an anti-Soviet demonstration in Bratislava in March 1969, she was banned from any public appearances. The protest was harshly suppressed and Jesensk\u00e1 was beaten by the police. Jesensk\u00e1 published a courageous article about the whole incident in the Letters. &#8222;This public appearance (one of her last&#8230;) was the first time that any intellectual in Slovakia had so clearly expressed opposition to the practices of the security forces at the time,&#8221; writes Eva Maliti Fra\u0148ov\u00e1 in her book Taboo Translator Zora Jesensk\u00e1.<br>Source: Prvezeny.sk<\/figcaption><\/figure>\n\n\n\n<figure class=\"wp-block-image size-large is-resized\"><img loading=\"lazy\" decoding=\"async\" width=\"1024\" height=\"758\" src=\"https:\/\/instytutpolski.pl\/praha\/wp-content\/uploads\/sites\/10\/2025\/11\/SL_414_MV_001_fotografie_0011-1024x758.jpg\" alt=\"\" class=\"wp-image-12858\" style=\"width:402px;height:auto\" srcset=\"https:\/\/instytutpolski.pl\/praha\/wp-content\/uploads\/sites\/10\/2025\/11\/SL_414_MV_001_fotografie_0011-1024x758.jpg 1024w, https:\/\/instytutpolski.pl\/praha\/wp-content\/uploads\/sites\/10\/2025\/11\/SL_414_MV_001_fotografie_0011-300x222.jpg 300w, https:\/\/instytutpolski.pl\/praha\/wp-content\/uploads\/sites\/10\/2025\/11\/SL_414_MV_001_fotografie_0011-768x569.jpg 768w, https:\/\/instytutpolski.pl\/praha\/wp-content\/uploads\/sites\/10\/2025\/11\/SL_414_MV_001_fotografie_0011-1536x1137.jpg 1536w, https:\/\/instytutpolski.pl\/praha\/wp-content\/uploads\/sites\/10\/2025\/11\/SL_414_MV_001_fotografie_0011-2048x1516.jpg 2048w\" sizes=\"auto, (max-width: 1024px) 100vw, 1024px\" \/><figcaption class=\"wp-element-caption\">Imprisoned writer and Charter signatory Eva Kant\u016frkov\u00e1 was among the banned authors of the 1970s and 1980s. Her previous books were destroyed and removed from public libraries. In 1980, she published a book of interviews with women of the dissent We Met in This Book, through the exile publishing house Index. In the photo, she is pictured with her husband in a secret police surveillance photo. Source: Security Services Archive (ABS), SNB Surveillance Administration Fund \u2013 Files, Arch. Nr. SL-414 MV (code name \u201cAuthor\u201d)<\/figcaption><\/figure>\n\n\n\n<figure class=\"wp-block-image size-full\"><img loading=\"lazy\" decoding=\"async\" width=\"297\" height=\"165\" src=\"https:\/\/instytutpolski.pl\/praha\/wp-content\/uploads\/sites\/10\/2025\/11\/Ponicka-TASR-2.png\" alt=\"\" class=\"wp-image-12859\" \/><figcaption class=\"wp-element-caption\">The prominent Slovak prose writer Hana Ponick\u00e1 repeatedly refused to cooperate with the regime, which first tried to intimidate her and then attempted to lure her with promises of large fees. She was eventually labeled an \u201cEnemy of the people, category I.\u201d Pictured left with President V\u00e1clav Havel on 18 August 1992, Source: TASR, photo by Vladim\u00edr Benko<\/figcaption><\/figure>\n\n\n\n<figure class=\"wp-block-image size-large is-resized\"><img loading=\"lazy\" decoding=\"async\" width=\"1024\" height=\"723\" src=\"https:\/\/instytutpolski.pl\/praha\/wp-content\/uploads\/sites\/10\/2025\/11\/2-Kriseova-Eda_seslost-Vaculikuv-kvartal-1-1024x723.jpg\" alt=\"\" class=\"wp-image-12860\" style=\"width:388px;height:auto\" srcset=\"https:\/\/instytutpolski.pl\/praha\/wp-content\/uploads\/sites\/10\/2025\/11\/2-Kriseova-Eda_seslost-Vaculikuv-kvartal-1-1024x723.jpg 1024w, https:\/\/instytutpolski.pl\/praha\/wp-content\/uploads\/sites\/10\/2025\/11\/2-Kriseova-Eda_seslost-Vaculikuv-kvartal-1-300x212.jpg 300w, https:\/\/instytutpolski.pl\/praha\/wp-content\/uploads\/sites\/10\/2025\/11\/2-Kriseova-Eda_seslost-Vaculikuv-kvartal-1-768x543.jpg 768w, https:\/\/instytutpolski.pl\/praha\/wp-content\/uploads\/sites\/10\/2025\/11\/2-Kriseova-Eda_seslost-Vaculikuv-kvartal-1-1536x1085.jpg 1536w, https:\/\/instytutpolski.pl\/praha\/wp-content\/uploads\/sites\/10\/2025\/11\/2-Kriseova-Eda_seslost-Vaculikuv-kvartal-1-2048x1447.jpg 2048w\" sizes=\"auto, (max-width: 1024px) 100vw, 1024px\" \/><figcaption class=\"wp-element-caption\">Prose writers Eda Kriseov\u00e1 and Lenka Proch\u00e1zkov\u00e1 at the so-called Quarter, one of the secret meetings of writers associated with the samizdat monthly Content and Edition Latch at Ludv\u00edk Vacul\u00edk&#8217;s house (center, from left Milan Uhde, from right Ji\u0159\u00ed Kratochvil). Source: Private archive of E. Kriseov\u00e1\u00a0\u00a0<\/figcaption><\/figure>\n\n\n\n<figure class=\"wp-block-image size-large is-resized\"><img loading=\"lazy\" decoding=\"async\" width=\"1024\" height=\"742\" src=\"https:\/\/instytutpolski.pl\/praha\/wp-content\/uploads\/sites\/10\/2025\/11\/Anna_Kamienska-1024x742.jpg\" alt=\"\" class=\"wp-image-12861\" style=\"width:382px;height:auto\" srcset=\"https:\/\/instytutpolski.pl\/praha\/wp-content\/uploads\/sites\/10\/2025\/11\/Anna_Kamienska-1024x742.jpg 1024w, https:\/\/instytutpolski.pl\/praha\/wp-content\/uploads\/sites\/10\/2025\/11\/Anna_Kamienska-300x217.jpg 300w, https:\/\/instytutpolski.pl\/praha\/wp-content\/uploads\/sites\/10\/2025\/11\/Anna_Kamienska-768x556.jpg 768w, https:\/\/instytutpolski.pl\/praha\/wp-content\/uploads\/sites\/10\/2025\/11\/Anna_Kamienska-1536x1113.jpg 1536w, https:\/\/instytutpolski.pl\/praha\/wp-content\/uploads\/sites\/10\/2025\/11\/Anna_Kamienska-2048x1484.jpg 2048w\" sizes=\"auto, (max-width: 1024px) 100vw, 1024px\" \/><figcaption class=\"wp-element-caption\">The 1975 open letter by Polish intellectuals, &#8222;Letter 59&#8221; protesting changes to the constitution, was signed by poet Anna Kamie\u0144ska, among others. She also joined the &#8222;Appeal 64&#8221; call to the government in support of striking workers at the Gda\u0144sk shipyards in August 1980.<br>Source: <em>Rainy Summer<\/em>, Wikimedia Commons<\/figcaption><\/figure>\n","protected":false},"excerpt":{"rendered":"<p>ARTISTS Bans on official creative work and performances for those who disobeyed, censorship, and restrictions on artistic freedom by the communist regime \u2013 i.e., the ability to exhibit, publish, make films, or perform in the theater \u2013 led artists to create a parallel culture independent of the state. It was co-created by writers, actresses, painters, [&hellip;]<\/p>\n","protected":false},"author":60,"featured_media":0,"parent":0,"menu_order":0,"comment_status":"closed","ping_status":"closed","template":"","meta":{"inline_featured_image":false,"_monsterinsights_skip_tracking":false,"_monsterinsights_sitenote_active":false,"_monsterinsights_sitenote_note":"","_monsterinsights_sitenote_category":0,"footnotes":""},"class_list":["post-12662","page","type-page","status-publish","hentry"],"yoast_head":"<!-- This site is optimized with the Yoast SEO plugin v24.6 - https:\/\/yoast.com\/wordpress\/plugins\/seo\/ -->\n<title>Daily Courage. Polish, Czech and Slovak Women in Anti-Communist Dissent 1968-1989 \/ 9 - ARTISTS - Instytut Polski w Pradze<\/title>\n<meta name=\"robots\" content=\"index, follow, max-snippet:-1, max-image-preview:large, max-video-preview:-1\" \/>\n<link rel=\"canonical\" href=\"https:\/\/instytutpolski.pl\/praha\/daily-courage-polish-czech-and-slovak-women-in-anti-communist-dissent-1968-1989-9-umelkyne-i\/\" \/>\n<meta property=\"og:locale\" content=\"pl_PL\" \/>\n<meta property=\"og:type\" content=\"article\" \/>\n<meta property=\"og:title\" content=\"Daily Courage. Polish, Czech and Slovak Women in Anti-Communist Dissent 1968-1989 \/ 9 - ARTISTS - Instytut Polski w Pradze\" \/>\n<meta property=\"og:description\" content=\"ARTISTS Bans on official creative work and performances for those who disobeyed, censorship, and restrictions on artistic freedom by the communist regime \u2013 i.e., the ability to exhibit, publish, make films, or perform in the theater \u2013 led artists to create a parallel culture independent of the state. It was co-created by writers, actresses, painters, [&hellip;]\" \/>\n<meta property=\"og:url\" content=\"https:\/\/instytutpolski.pl\/praha\/daily-courage-polish-czech-and-slovak-women-in-anti-communist-dissent-1968-1989-9-umelkyne-i\/\" \/>\n<meta property=\"og:site_name\" content=\"Instytut Polski w Pradze\" \/>\n<meta property=\"article:modified_time\" content=\"2025-11-05T08:45:49+00:00\" \/>\n<meta property=\"og:image\" content=\"https:\/\/instytutpolski.pl\/praha\/wp-content\/uploads\/sites\/10\/2025\/11\/Anka_Kowalska-NAC.jpg\" \/>\n\t<meta property=\"og:image:width\" content=\"1484\" \/>\n\t<meta property=\"og:image:height\" content=\"2172\" \/>\n\t<meta property=\"og:image:type\" content=\"image\/jpeg\" \/>\n<meta name=\"twitter:card\" content=\"summary_large_image\" \/>\n<meta name=\"twitter:label1\" content=\"Szacowany czas czytania\" \/>\n\t<meta name=\"twitter:data1\" content=\"6 minut\" \/>\n<script type=\"application\/ld+json\" class=\"yoast-schema-graph\">{\"@context\":\"https:\/\/schema.org\",\"@graph\":[{\"@type\":\"WebPage\",\"@id\":\"https:\/\/instytutpolski.pl\/praha\/daily-courage-polish-czech-and-slovak-women-in-anti-communist-dissent-1968-1989-9-umelkyne-i\/\",\"url\":\"https:\/\/instytutpolski.pl\/praha\/daily-courage-polish-czech-and-slovak-women-in-anti-communist-dissent-1968-1989-9-umelkyne-i\/\",\"name\":\"Daily Courage. Polish, Czech and Slovak Women in Anti-Communist Dissent 1968-1989 \/ 9 - ARTISTS - Instytut Polski w Pradze\",\"isPartOf\":{\"@id\":\"https:\/\/instytutpolski.pl\/praha\/#website\"},\"primaryImageOfPage\":{\"@id\":\"https:\/\/instytutpolski.pl\/praha\/daily-courage-polish-czech-and-slovak-women-in-anti-communist-dissent-1968-1989-9-umelkyne-i\/#primaryimage\"},\"image\":{\"@id\":\"https:\/\/instytutpolski.pl\/praha\/daily-courage-polish-czech-and-slovak-women-in-anti-communist-dissent-1968-1989-9-umelkyne-i\/#primaryimage\"},\"thumbnailUrl\":\"https:\/\/instytutpolski.pl\/praha\/wp-content\/uploads\/sites\/10\/2025\/11\/Anka_Kowalska-NAC-700x1024.jpg\",\"datePublished\":\"2025-10-24T10:26:56+00:00\",\"dateModified\":\"2025-11-05T08:45:49+00:00\",\"breadcrumb\":{\"@id\":\"https:\/\/instytutpolski.pl\/praha\/daily-courage-polish-czech-and-slovak-women-in-anti-communist-dissent-1968-1989-9-umelkyne-i\/#breadcrumb\"},\"inLanguage\":\"pl-PL\",\"potentialAction\":[{\"@type\":\"ReadAction\",\"target\":[\"https:\/\/instytutpolski.pl\/praha\/daily-courage-polish-czech-and-slovak-women-in-anti-communist-dissent-1968-1989-9-umelkyne-i\/\"]}]},{\"@type\":\"ImageObject\",\"inLanguage\":\"pl-PL\",\"@id\":\"https:\/\/instytutpolski.pl\/praha\/daily-courage-polish-czech-and-slovak-women-in-anti-communist-dissent-1968-1989-9-umelkyne-i\/#primaryimage\",\"url\":\"https:\/\/instytutpolski.pl\/praha\/wp-content\/uploads\/sites\/10\/2025\/11\/Anka_Kowalska-NAC.jpg\",\"contentUrl\":\"https:\/\/instytutpolski.pl\/praha\/wp-content\/uploads\/sites\/10\/2025\/11\/Anka_Kowalska-NAC.jpg\",\"width\":1484,\"height\":2172},{\"@type\":\"BreadcrumbList\",\"@id\":\"https:\/\/instytutpolski.pl\/praha\/daily-courage-polish-czech-and-slovak-women-in-anti-communist-dissent-1968-1989-9-umelkyne-i\/#breadcrumb\",\"itemListElement\":[{\"@type\":\"ListItem\",\"position\":1,\"name\":\"Home\",\"item\":\"https:\/\/instytutpolski.pl\/praha\/\"},{\"@type\":\"ListItem\",\"position\":2,\"name\":\"Daily Courage. Polish, Czech and Slovak Women in Anti-Communist Dissent 1968-1989 \/ 9 &#8211; ARTISTS\"}]},{\"@type\":\"WebSite\",\"@id\":\"https:\/\/instytutpolski.pl\/praha\/#website\",\"url\":\"https:\/\/instytutpolski.pl\/praha\/\",\"name\":\"Instytut Polski w Pradze\",\"description\":\"Instytuty Polskie\",\"potentialAction\":[{\"@type\":\"SearchAction\",\"target\":{\"@type\":\"EntryPoint\",\"urlTemplate\":\"https:\/\/instytutpolski.pl\/praha\/?s={search_term_string}\"},\"query-input\":{\"@type\":\"PropertyValueSpecification\",\"valueRequired\":true,\"valueName\":\"search_term_string\"}}],\"inLanguage\":\"pl-PL\"}]}<\/script>\n<!-- \/ Yoast SEO plugin. -->","yoast_head_json":{"title":"Daily Courage. Polish, Czech and Slovak Women in Anti-Communist Dissent 1968-1989 \/ 9 - ARTISTS - Instytut Polski w Pradze","robots":{"index":"index","follow":"follow","max-snippet":"max-snippet:-1","max-image-preview":"max-image-preview:large","max-video-preview":"max-video-preview:-1"},"canonical":"https:\/\/instytutpolski.pl\/praha\/daily-courage-polish-czech-and-slovak-women-in-anti-communist-dissent-1968-1989-9-umelkyne-i\/","og_locale":"pl_PL","og_type":"article","og_title":"Daily Courage. Polish, Czech and Slovak Women in Anti-Communist Dissent 1968-1989 \/ 9 - ARTISTS - Instytut Polski w Pradze","og_description":"ARTISTS Bans on official creative work and performances for those who disobeyed, censorship, and restrictions on artistic freedom by the communist regime \u2013 i.e., the ability to exhibit, publish, make films, or perform in the theater \u2013 led artists to create a parallel culture independent of the state. It was co-created by writers, actresses, painters, [&hellip;]","og_url":"https:\/\/instytutpolski.pl\/praha\/daily-courage-polish-czech-and-slovak-women-in-anti-communist-dissent-1968-1989-9-umelkyne-i\/","og_site_name":"Instytut Polski w Pradze","article_modified_time":"2025-11-05T08:45:49+00:00","og_image":[{"width":1484,"height":2172,"url":"https:\/\/instytutpolski.pl\/praha\/wp-content\/uploads\/sites\/10\/2025\/11\/Anka_Kowalska-NAC.jpg","type":"image\/jpeg"}],"twitter_card":"summary_large_image","twitter_misc":{"Szacowany czas czytania":"6 minut"},"schema":{"@context":"https:\/\/schema.org","@graph":[{"@type":"WebPage","@id":"https:\/\/instytutpolski.pl\/praha\/daily-courage-polish-czech-and-slovak-women-in-anti-communist-dissent-1968-1989-9-umelkyne-i\/","url":"https:\/\/instytutpolski.pl\/praha\/daily-courage-polish-czech-and-slovak-women-in-anti-communist-dissent-1968-1989-9-umelkyne-i\/","name":"Daily Courage. Polish, Czech and Slovak Women in Anti-Communist Dissent 1968-1989 \/ 9 - ARTISTS - Instytut Polski w Pradze","isPartOf":{"@id":"https:\/\/instytutpolski.pl\/praha\/#website"},"primaryImageOfPage":{"@id":"https:\/\/instytutpolski.pl\/praha\/daily-courage-polish-czech-and-slovak-women-in-anti-communist-dissent-1968-1989-9-umelkyne-i\/#primaryimage"},"image":{"@id":"https:\/\/instytutpolski.pl\/praha\/daily-courage-polish-czech-and-slovak-women-in-anti-communist-dissent-1968-1989-9-umelkyne-i\/#primaryimage"},"thumbnailUrl":"https:\/\/instytutpolski.pl\/praha\/wp-content\/uploads\/sites\/10\/2025\/11\/Anka_Kowalska-NAC-700x1024.jpg","datePublished":"2025-10-24T10:26:56+00:00","dateModified":"2025-11-05T08:45:49+00:00","breadcrumb":{"@id":"https:\/\/instytutpolski.pl\/praha\/daily-courage-polish-czech-and-slovak-women-in-anti-communist-dissent-1968-1989-9-umelkyne-i\/#breadcrumb"},"inLanguage":"pl-PL","potentialAction":[{"@type":"ReadAction","target":["https:\/\/instytutpolski.pl\/praha\/daily-courage-polish-czech-and-slovak-women-in-anti-communist-dissent-1968-1989-9-umelkyne-i\/"]}]},{"@type":"ImageObject","inLanguage":"pl-PL","@id":"https:\/\/instytutpolski.pl\/praha\/daily-courage-polish-czech-and-slovak-women-in-anti-communist-dissent-1968-1989-9-umelkyne-i\/#primaryimage","url":"https:\/\/instytutpolski.pl\/praha\/wp-content\/uploads\/sites\/10\/2025\/11\/Anka_Kowalska-NAC.jpg","contentUrl":"https:\/\/instytutpolski.pl\/praha\/wp-content\/uploads\/sites\/10\/2025\/11\/Anka_Kowalska-NAC.jpg","width":1484,"height":2172},{"@type":"BreadcrumbList","@id":"https:\/\/instytutpolski.pl\/praha\/daily-courage-polish-czech-and-slovak-women-in-anti-communist-dissent-1968-1989-9-umelkyne-i\/#breadcrumb","itemListElement":[{"@type":"ListItem","position":1,"name":"Home","item":"https:\/\/instytutpolski.pl\/praha\/"},{"@type":"ListItem","position":2,"name":"Daily Courage. Polish, Czech and Slovak Women in Anti-Communist Dissent 1968-1989 \/ 9 &#8211; ARTISTS"}]},{"@type":"WebSite","@id":"https:\/\/instytutpolski.pl\/praha\/#website","url":"https:\/\/instytutpolski.pl\/praha\/","name":"Instytut Polski w Pradze","description":"Instytuty Polskie","potentialAction":[{"@type":"SearchAction","target":{"@type":"EntryPoint","urlTemplate":"https:\/\/instytutpolski.pl\/praha\/?s={search_term_string}"},"query-input":{"@type":"PropertyValueSpecification","valueRequired":true,"valueName":"search_term_string"}}],"inLanguage":"pl-PL"}]}},"_links":{"self":[{"href":"https:\/\/instytutpolski.pl\/praha\/wp-json\/wp\/v2\/pages\/12662","targetHints":{"allow":["GET"]}}],"collection":[{"href":"https:\/\/instytutpolski.pl\/praha\/wp-json\/wp\/v2\/pages"}],"about":[{"href":"https:\/\/instytutpolski.pl\/praha\/wp-json\/wp\/v2\/types\/page"}],"author":[{"embeddable":true,"href":"https:\/\/instytutpolski.pl\/praha\/wp-json\/wp\/v2\/users\/60"}],"replies":[{"embeddable":true,"href":"https:\/\/instytutpolski.pl\/praha\/wp-json\/wp\/v2\/comments?post=12662"}],"version-history":[{"count":3,"href":"https:\/\/instytutpolski.pl\/praha\/wp-json\/wp\/v2\/pages\/12662\/revisions"}],"predecessor-version":[{"id":12862,"href":"https:\/\/instytutpolski.pl\/praha\/wp-json\/wp\/v2\/pages\/12662\/revisions\/12862"}],"wp:attachment":[{"href":"https:\/\/instytutpolski.pl\/praha\/wp-json\/wp\/v2\/media?parent=12662"}],"curies":[{"name":"wp","href":"https:\/\/api.w.org\/{rel}","templated":true}]}}