{"id":12670,"date":"2025-10-24T12:27:14","date_gmt":"2025-10-24T10:27:14","guid":{"rendered":"https:\/\/instytutpolski.pl\/praha\/?page_id=12670"},"modified":"2025-11-05T10:42:35","modified_gmt":"2025-11-05T09:42:35","slug":"daily-courage-polish-czech-and-slovak-women-in-anti-communist-dissent-1968-1989-13-nezavisle-vzdelavani","status":"publish","type":"page","link":"https:\/\/instytutpolski.pl\/praha\/daily-courage-polish-czech-and-slovak-women-in-anti-communist-dissent-1968-1989-13-nezavisle-vzdelavani\/","title":{"rendered":"Daily Courage. Polish, Czech and Slovak Women in Anti-Communist Dissent 1968-1989 \/13 &#8211; INDEPENDENT EDUCATION AND WOMEN"},"content":{"rendered":"\n<p><strong>INDEPENDENT EDUCATION AND WOMEN<\/strong><\/p>\n\n\n\n<p>At a time when education was controlled, as were information and knowledge, educational activities independent of the regime became another form of dissent activity. Women participated in organizing secret lectures or foreign language courses, translated, distributed, and smuggled books from abroad.&nbsp; Children&#8217;s camps and youth events organized by environmental organizations and church circles became spaces of freedom. Dissidents sometimes held seminars in their own homes, such as Zdena and Julius Tomin in Prague, So\u0148a and Karol \u0158\u00edhovsk\u00fd in Bratislava, and Gra\u017cyna and Jacek Kuro\u0144 in Warsaw.<\/p>\n\n\n\n<p>In Poland, the name &#8222;Flying University&#8221; reflected the frequent changes in meeting locations. Among the lecturers were personalities such as Maria Janion, Barbara Skarga, and Irena W\u00f3ycicka. On the initiative of Teresa Bogucka, the so-called Flying Library was also created, which offered lending of banned books discussed in lectures.<\/p>\n\n\n\n<p>Art historian R\u016f\u017eena Vackov\u00e1, who spent a total of sixteen years in communist prisons, and Kv\u011btu\u0161e Sgallov\u00e1, who was expelled from university for political reasons and organized &#8222;underground Bohemistry,&#8221; also participated in the secret education program. <\/p>\n\n\n\n<p>Petru\u0161ka \u0160ustrov\u00e1 (spokespeople for Charter 77 and political prisoner): <em>&#8222;We met once a week in the afternoon at the Baptist pulpit on Na Topolce Street, and there was a special, somewhat funny relationship between the teachers and students. Some of the students were already somewhat past the usual student age, and many of them had extensive experience in samizdat publishing. Of course, we liked and respected our professors \u2013 not only for their knowledge, but also for their courage.&#8221;\u00a0<\/em>Lidov\u00e9 noviny 1.7.2011<\/p>\n\n\n\n<figure class=\"wp-block-image size-large is-resized\"><img loading=\"lazy\" decoding=\"async\" width=\"1024\" height=\"703\" src=\"https:\/\/instytutpolski.pl\/praha\/wp-content\/uploads\/sites\/10\/2025\/11\/9-edukatorki-uniwersytet-OK_008356.JPG-1024x703.jpg\" alt=\"\" class=\"wp-image-12892\" style=\"width:398px;height:auto\" srcset=\"https:\/\/instytutpolski.pl\/praha\/wp-content\/uploads\/sites\/10\/2025\/11\/9-edukatorki-uniwersytet-OK_008356.JPG-1024x703.jpg 1024w, https:\/\/instytutpolski.pl\/praha\/wp-content\/uploads\/sites\/10\/2025\/11\/9-edukatorki-uniwersytet-OK_008356.JPG-300x206.jpg 300w, https:\/\/instytutpolski.pl\/praha\/wp-content\/uploads\/sites\/10\/2025\/11\/9-edukatorki-uniwersytet-OK_008356.JPG-768x527.jpg 768w, https:\/\/instytutpolski.pl\/praha\/wp-content\/uploads\/sites\/10\/2025\/11\/9-edukatorki-uniwersytet-OK_008356.JPG-1536x1055.jpg 1536w, https:\/\/instytutpolski.pl\/praha\/wp-content\/uploads\/sites\/10\/2025\/11\/9-edukatorki-uniwersytet-OK_008356.JPG-2048x1406.jpg 2048w\" sizes=\"auto, (max-width: 1024px) 100vw, 1024px\" \/><figcaption class=\"wp-element-caption\">Organizers of the so-called Flying University in 1979 (standing: Kazimierz Janusz, Kazimierz W\u00f3ycicki, Antoni Macierewicz, Prof. Jan Kielanowski, Jacek Kuro\u0144, Jan J\u00f3zef Lipski, priest Stanis\u0142aw Ma\u0142kowski; seated in the middle: Joanna Gwiazda, Halina Miko\u0142ajska, Jan Lity\u0144ski, Anka Kowalska, Jacek Bierezin, Andrzej Czuma; seated at the bottom: Konrad Bieli\u0144ski, Jerzy Markuszewski, Mariusz Wilk, Adam Michnik. \u00a0Source: Archive of O\u015brodek KARTA, photo by Janusz Krzy\u017cewski<\/figcaption><\/figure>\n\n\n\n<figure class=\"wp-block-image size-large is-resized\"><img loading=\"lazy\" decoding=\"async\" width=\"626\" height=\"1024\" src=\"https:\/\/instytutpolski.pl\/praha\/wp-content\/uploads\/sites\/10\/2025\/11\/9-Labuda-OK_0906_0010_0006_054-626x1024.jpg\" alt=\"\" class=\"wp-image-12893\" style=\"width:337px;height:auto\" srcset=\"https:\/\/instytutpolski.pl\/praha\/wp-content\/uploads\/sites\/10\/2025\/11\/9-Labuda-OK_0906_0010_0006_054-626x1024.jpg 626w, https:\/\/instytutpolski.pl\/praha\/wp-content\/uploads\/sites\/10\/2025\/11\/9-Labuda-OK_0906_0010_0006_054-183x300.jpg 183w, https:\/\/instytutpolski.pl\/praha\/wp-content\/uploads\/sites\/10\/2025\/11\/9-Labuda-OK_0906_0010_0006_054-768x1257.jpg 768w, https:\/\/instytutpolski.pl\/praha\/wp-content\/uploads\/sites\/10\/2025\/11\/9-Labuda-OK_0906_0010_0006_054-938x1536.jpg 938w, https:\/\/instytutpolski.pl\/praha\/wp-content\/uploads\/sites\/10\/2025\/11\/9-Labuda-OK_0906_0010_0006_054-1251x2048.jpg 1251w, https:\/\/instytutpolski.pl\/praha\/wp-content\/uploads\/sites\/10\/2025\/11\/9-Labuda-OK_0906_0010_0006_054-scaled.jpg 1564w\" sizes=\"auto, (max-width: 626px) 100vw, 626px\" \/><figcaption class=\"wp-element-caption\">Barbara Labuda headed the first trade union school in Poland, an educational institution that brought together around 40 experts and organized lectures, seminars, and training courses for workers and trade unionists in the fields of history, economics, and law. In this photo from 1989, she is speaking as a candidate for the &#8222;Solidarity&#8221; Civic Committee during the election campaign. Source: Archive of O\u015brodek KARTA, photo by Mieczys\u0142aw Michalak<\/figcaption><\/figure>\n\n\n\n<figure class=\"wp-block-image size-full\"><img loading=\"lazy\" decoding=\"async\" width=\"396\" height=\"295\" src=\"https:\/\/instytutpolski.pl\/praha\/wp-content\/uploads\/sites\/10\/2025\/11\/Obraz1-2.jpg\" alt=\"\" class=\"wp-image-12894\" srcset=\"https:\/\/instytutpolski.pl\/praha\/wp-content\/uploads\/sites\/10\/2025\/11\/Obraz1-2.jpg 396w, https:\/\/instytutpolski.pl\/praha\/wp-content\/uploads\/sites\/10\/2025\/11\/Obraz1-2-300x223.jpg 300w\" sizes=\"auto, (max-width: 396px) 100vw, 396px\" \/><\/figure>\n\n\n\n<p>Photograph taken in 1979 by the secret police while monitoring people connected with the arrival of Oxford professor Kathleen Wilkes, who was giving a lecture at the Tomins&#8217;. The IV. Directorate assigned twelve employees and six company cars to the operation. Pictured from left: Kate\u0159ina Dejmalov\u00e1, Zdena Tominov\u00e1, and V\u011bra Jirousov\u00e1 in Prague. Source: \u00a0Security Services Archive (ABS), SNB Surveillance Administration Fund \u2013 Files, Arch. Nr. SL-6467 MV (Code Name \u201eEngineer 1\u201c)<\/p>\n\n\n\n<figure class=\"wp-block-image size-large is-resized\"><img loading=\"lazy\" decoding=\"async\" width=\"1024\" height=\"576\" src=\"https:\/\/instytutpolski.pl\/praha\/wp-content\/uploads\/sites\/10\/2025\/11\/hutka_u-Rihovskych-1024x576.jpg\" alt=\"\" class=\"wp-image-12895\" style=\"width:362px;height:auto\" srcset=\"https:\/\/instytutpolski.pl\/praha\/wp-content\/uploads\/sites\/10\/2025\/11\/hutka_u-Rihovskych-1024x576.jpg 1024w, https:\/\/instytutpolski.pl\/praha\/wp-content\/uploads\/sites\/10\/2025\/11\/hutka_u-Rihovskych-300x169.jpg 300w, https:\/\/instytutpolski.pl\/praha\/wp-content\/uploads\/sites\/10\/2025\/11\/hutka_u-Rihovskych-768x432.jpg 768w, https:\/\/instytutpolski.pl\/praha\/wp-content\/uploads\/sites\/10\/2025\/11\/hutka_u-Rihovskych-1536x864.jpg 1536w, https:\/\/instytutpolski.pl\/praha\/wp-content\/uploads\/sites\/10\/2025\/11\/hutka_u-Rihovskych-2048x1152.jpg 2048w, https:\/\/instytutpolski.pl\/praha\/wp-content\/uploads\/sites\/10\/2025\/11\/hutka_u-Rihovskych-1920x1080.jpg 1920w, https:\/\/instytutpolski.pl\/praha\/wp-content\/uploads\/sites\/10\/2025\/11\/hutka_u-Rihovskych-1120x630.jpg 1120w\" sizes=\"auto, (max-width: 1024px) 100vw, 1024px\" \/><figcaption class=\"wp-element-caption\">Julia Kalinov\u00e1 at a secret event in the \u0158\u00edhovsk\u00fd family apartment, Jaroslav Hutka playing guitar. Source: Private archive of Franti\u0161ek Engel<\/figcaption><\/figure>\n\n\n\n<figure class=\"wp-block-image size-full\"><img loading=\"lazy\" decoding=\"async\" width=\"355\" height=\"234\" src=\"https:\/\/instytutpolski.pl\/praha\/wp-content\/uploads\/sites\/10\/2025\/11\/j-siklova.jpg\" alt=\"\" class=\"wp-image-12896\" srcset=\"https:\/\/instytutpolski.pl\/praha\/wp-content\/uploads\/sites\/10\/2025\/11\/j-siklova.jpg 355w, https:\/\/instytutpolski.pl\/praha\/wp-content\/uploads\/sites\/10\/2025\/11\/j-siklova-300x198.jpg 300w\" sizes=\"auto, (max-width: 355px) 100vw, 355px\" \/><\/figure>\n\n\n\n<p>In the 1960s, Ji\u0159ina \u0160iklov\u00e1 co-founded the first department of sociology at Charles University&#8217;s Faculty of Arts. After being dismissed, she continued to provide consultations to students and was also an important figure in smuggling exile literature and texts by banned authors abroad. Source: Private archive of J. \u0160iklov\u00e1 \/ Nation&#8217;s Memory<\/p>\n","protected":false},"excerpt":{"rendered":"<p>INDEPENDENT EDUCATION AND WOMEN At a time when education was controlled, as were information and knowledge, educational activities independent of the regime became another form of dissent activity. Women participated in organizing secret lectures or foreign language courses, translated, distributed, and smuggled books from abroad.&nbsp; Children&#8217;s camps and youth events organized by environmental organizations and [&hellip;]<\/p>\n","protected":false},"author":60,"featured_media":12702,"parent":0,"menu_order":0,"comment_status":"closed","ping_status":"closed","template":"","meta":{"inline_featured_image":false,"_monsterinsights_skip_tracking":false,"_monsterinsights_sitenote_active":false,"_monsterinsights_sitenote_note":"","_monsterinsights_sitenote_category":0,"footnotes":""},"class_list":["post-12670","page","type-page","status-publish","has-post-thumbnail","hentry"],"yoast_head":"<!-- This site is optimized with the Yoast SEO plugin v24.6 - https:\/\/yoast.com\/wordpress\/plugins\/seo\/ -->\n<title>Daily Courage. Polish, Czech and Slovak Women in Anti-Communist Dissent 1968-1989 \/13 - INDEPENDENT EDUCATION AND WOMEN - Instytut Polski w Pradze<\/title>\n<meta name=\"robots\" content=\"index, follow, max-snippet:-1, max-image-preview:large, max-video-preview:-1\" \/>\n<link rel=\"canonical\" href=\"https:\/\/instytutpolski.pl\/praha\/daily-courage-polish-czech-and-slovak-women-in-anti-communist-dissent-1968-1989-13-nezavisle-vzdelavani\/\" \/>\n<meta property=\"og:locale\" content=\"pl_PL\" \/>\n<meta property=\"og:type\" content=\"article\" \/>\n<meta property=\"og:title\" content=\"Daily Courage. Polish, Czech and Slovak Women in Anti-Communist Dissent 1968-1989 \/13 - INDEPENDENT EDUCATION AND WOMEN - Instytut Polski w Pradze\" \/>\n<meta property=\"og:description\" content=\"INDEPENDENT EDUCATION AND WOMEN At a time when education was controlled, as were information and knowledge, educational activities independent of the regime became another form of dissent activity. Women participated in organizing secret lectures or foreign language courses, translated, distributed, and smuggled books from abroad.&nbsp; Children&#8217;s camps and youth events organized by environmental organizations and [&hellip;]\" \/>\n<meta property=\"og:url\" content=\"https:\/\/instytutpolski.pl\/praha\/daily-courage-polish-czech-and-slovak-women-in-anti-communist-dissent-1968-1989-13-nezavisle-vzdelavani\/\" \/>\n<meta property=\"og:site_name\" content=\"Instytut Polski w Pradze\" \/>\n<meta property=\"article:modified_time\" content=\"2025-11-05T09:42:35+00:00\" \/>\n<meta property=\"og:image\" content=\"https:\/\/instytutpolski.pl\/praha\/wp-content\/uploads\/sites\/10\/2025\/10\/kazdodenni_odvaha_CZ_plakat-scaled.jpg\" \/>\n\t<meta property=\"og:image:width\" content=\"2560\" \/>\n\t<meta property=\"og:image:height\" content=\"1595\" \/>\n\t<meta property=\"og:image:type\" content=\"image\/jpeg\" \/>\n<meta name=\"twitter:card\" content=\"summary_large_image\" \/>\n<meta name=\"twitter:label1\" content=\"Szacowany czas czytania\" \/>\n\t<meta name=\"twitter:data1\" content=\"5 minut\" \/>\n<script type=\"application\/ld+json\" class=\"yoast-schema-graph\">{\"@context\":\"https:\/\/schema.org\",\"@graph\":[{\"@type\":\"WebPage\",\"@id\":\"https:\/\/instytutpolski.pl\/praha\/daily-courage-polish-czech-and-slovak-women-in-anti-communist-dissent-1968-1989-13-nezavisle-vzdelavani\/\",\"url\":\"https:\/\/instytutpolski.pl\/praha\/daily-courage-polish-czech-and-slovak-women-in-anti-communist-dissent-1968-1989-13-nezavisle-vzdelavani\/\",\"name\":\"Daily Courage. Polish, Czech and Slovak Women in Anti-Communist Dissent 1968-1989 \/13 - INDEPENDENT EDUCATION AND WOMEN - Instytut Polski w Pradze\",\"isPartOf\":{\"@id\":\"https:\/\/instytutpolski.pl\/praha\/#website\"},\"primaryImageOfPage\":{\"@id\":\"https:\/\/instytutpolski.pl\/praha\/daily-courage-polish-czech-and-slovak-women-in-anti-communist-dissent-1968-1989-13-nezavisle-vzdelavani\/#primaryimage\"},\"image\":{\"@id\":\"https:\/\/instytutpolski.pl\/praha\/daily-courage-polish-czech-and-slovak-women-in-anti-communist-dissent-1968-1989-13-nezavisle-vzdelavani\/#primaryimage\"},\"thumbnailUrl\":\"https:\/\/instytutpolski.pl\/praha\/wp-content\/uploads\/sites\/10\/2025\/10\/kazdodenni_odvaha_CZ_plakat-scaled.jpg\",\"datePublished\":\"2025-10-24T10:27:14+00:00\",\"dateModified\":\"2025-11-05T09:42:35+00:00\",\"breadcrumb\":{\"@id\":\"https:\/\/instytutpolski.pl\/praha\/daily-courage-polish-czech-and-slovak-women-in-anti-communist-dissent-1968-1989-13-nezavisle-vzdelavani\/#breadcrumb\"},\"inLanguage\":\"pl-PL\",\"potentialAction\":[{\"@type\":\"ReadAction\",\"target\":[\"https:\/\/instytutpolski.pl\/praha\/daily-courage-polish-czech-and-slovak-women-in-anti-communist-dissent-1968-1989-13-nezavisle-vzdelavani\/\"]}]},{\"@type\":\"ImageObject\",\"inLanguage\":\"pl-PL\",\"@id\":\"https:\/\/instytutpolski.pl\/praha\/daily-courage-polish-czech-and-slovak-women-in-anti-communist-dissent-1968-1989-13-nezavisle-vzdelavani\/#primaryimage\",\"url\":\"https:\/\/instytutpolski.pl\/praha\/wp-content\/uploads\/sites\/10\/2025\/10\/kazdodenni_odvaha_CZ_plakat-scaled.jpg\",\"contentUrl\":\"https:\/\/instytutpolski.pl\/praha\/wp-content\/uploads\/sites\/10\/2025\/10\/kazdodenni_odvaha_CZ_plakat-scaled.jpg\",\"width\":2560,\"height\":1595},{\"@type\":\"BreadcrumbList\",\"@id\":\"https:\/\/instytutpolski.pl\/praha\/daily-courage-polish-czech-and-slovak-women-in-anti-communist-dissent-1968-1989-13-nezavisle-vzdelavani\/#breadcrumb\",\"itemListElement\":[{\"@type\":\"ListItem\",\"position\":1,\"name\":\"Home\",\"item\":\"https:\/\/instytutpolski.pl\/praha\/\"},{\"@type\":\"ListItem\",\"position\":2,\"name\":\"Daily Courage. Polish, Czech and Slovak Women in Anti-Communist Dissent 1968-1989 \/13 &#8211; INDEPENDENT EDUCATION AND WOMEN\"}]},{\"@type\":\"WebSite\",\"@id\":\"https:\/\/instytutpolski.pl\/praha\/#website\",\"url\":\"https:\/\/instytutpolski.pl\/praha\/\",\"name\":\"Instytut Polski w Pradze\",\"description\":\"Instytuty Polskie\",\"potentialAction\":[{\"@type\":\"SearchAction\",\"target\":{\"@type\":\"EntryPoint\",\"urlTemplate\":\"https:\/\/instytutpolski.pl\/praha\/?s={search_term_string}\"},\"query-input\":{\"@type\":\"PropertyValueSpecification\",\"valueRequired\":true,\"valueName\":\"search_term_string\"}}],\"inLanguage\":\"pl-PL\"}]}<\/script>\n<!-- \/ Yoast SEO plugin. -->","yoast_head_json":{"title":"Daily Courage. Polish, Czech and Slovak Women in Anti-Communist Dissent 1968-1989 \/13 - INDEPENDENT EDUCATION AND WOMEN - Instytut Polski w Pradze","robots":{"index":"index","follow":"follow","max-snippet":"max-snippet:-1","max-image-preview":"max-image-preview:large","max-video-preview":"max-video-preview:-1"},"canonical":"https:\/\/instytutpolski.pl\/praha\/daily-courage-polish-czech-and-slovak-women-in-anti-communist-dissent-1968-1989-13-nezavisle-vzdelavani\/","og_locale":"pl_PL","og_type":"article","og_title":"Daily Courage. Polish, Czech and Slovak Women in Anti-Communist Dissent 1968-1989 \/13 - INDEPENDENT EDUCATION AND WOMEN - Instytut Polski w Pradze","og_description":"INDEPENDENT EDUCATION AND WOMEN At a time when education was controlled, as were information and knowledge, educational activities independent of the regime became another form of dissent activity. Women participated in organizing secret lectures or foreign language courses, translated, distributed, and smuggled books from abroad.&nbsp; Children&#8217;s camps and youth events organized by environmental organizations and [&hellip;]","og_url":"https:\/\/instytutpolski.pl\/praha\/daily-courage-polish-czech-and-slovak-women-in-anti-communist-dissent-1968-1989-13-nezavisle-vzdelavani\/","og_site_name":"Instytut Polski w Pradze","article_modified_time":"2025-11-05T09:42:35+00:00","og_image":[{"width":2560,"height":1595,"url":"https:\/\/instytutpolski.pl\/praha\/wp-content\/uploads\/sites\/10\/2025\/10\/kazdodenni_odvaha_CZ_plakat-scaled.jpg","type":"image\/jpeg"}],"twitter_card":"summary_large_image","twitter_misc":{"Szacowany czas czytania":"5 minut"},"schema":{"@context":"https:\/\/schema.org","@graph":[{"@type":"WebPage","@id":"https:\/\/instytutpolski.pl\/praha\/daily-courage-polish-czech-and-slovak-women-in-anti-communist-dissent-1968-1989-13-nezavisle-vzdelavani\/","url":"https:\/\/instytutpolski.pl\/praha\/daily-courage-polish-czech-and-slovak-women-in-anti-communist-dissent-1968-1989-13-nezavisle-vzdelavani\/","name":"Daily Courage. Polish, Czech and Slovak Women in Anti-Communist Dissent 1968-1989 \/13 - INDEPENDENT EDUCATION AND WOMEN - Instytut Polski w Pradze","isPartOf":{"@id":"https:\/\/instytutpolski.pl\/praha\/#website"},"primaryImageOfPage":{"@id":"https:\/\/instytutpolski.pl\/praha\/daily-courage-polish-czech-and-slovak-women-in-anti-communist-dissent-1968-1989-13-nezavisle-vzdelavani\/#primaryimage"},"image":{"@id":"https:\/\/instytutpolski.pl\/praha\/daily-courage-polish-czech-and-slovak-women-in-anti-communist-dissent-1968-1989-13-nezavisle-vzdelavani\/#primaryimage"},"thumbnailUrl":"https:\/\/instytutpolski.pl\/praha\/wp-content\/uploads\/sites\/10\/2025\/10\/kazdodenni_odvaha_CZ_plakat-scaled.jpg","datePublished":"2025-10-24T10:27:14+00:00","dateModified":"2025-11-05T09:42:35+00:00","breadcrumb":{"@id":"https:\/\/instytutpolski.pl\/praha\/daily-courage-polish-czech-and-slovak-women-in-anti-communist-dissent-1968-1989-13-nezavisle-vzdelavani\/#breadcrumb"},"inLanguage":"pl-PL","potentialAction":[{"@type":"ReadAction","target":["https:\/\/instytutpolski.pl\/praha\/daily-courage-polish-czech-and-slovak-women-in-anti-communist-dissent-1968-1989-13-nezavisle-vzdelavani\/"]}]},{"@type":"ImageObject","inLanguage":"pl-PL","@id":"https:\/\/instytutpolski.pl\/praha\/daily-courage-polish-czech-and-slovak-women-in-anti-communist-dissent-1968-1989-13-nezavisle-vzdelavani\/#primaryimage","url":"https:\/\/instytutpolski.pl\/praha\/wp-content\/uploads\/sites\/10\/2025\/10\/kazdodenni_odvaha_CZ_plakat-scaled.jpg","contentUrl":"https:\/\/instytutpolski.pl\/praha\/wp-content\/uploads\/sites\/10\/2025\/10\/kazdodenni_odvaha_CZ_plakat-scaled.jpg","width":2560,"height":1595},{"@type":"BreadcrumbList","@id":"https:\/\/instytutpolski.pl\/praha\/daily-courage-polish-czech-and-slovak-women-in-anti-communist-dissent-1968-1989-13-nezavisle-vzdelavani\/#breadcrumb","itemListElement":[{"@type":"ListItem","position":1,"name":"Home","item":"https:\/\/instytutpolski.pl\/praha\/"},{"@type":"ListItem","position":2,"name":"Daily Courage. Polish, Czech and Slovak Women in Anti-Communist Dissent 1968-1989 \/13 &#8211; INDEPENDENT EDUCATION AND WOMEN"}]},{"@type":"WebSite","@id":"https:\/\/instytutpolski.pl\/praha\/#website","url":"https:\/\/instytutpolski.pl\/praha\/","name":"Instytut Polski w Pradze","description":"Instytuty Polskie","potentialAction":[{"@type":"SearchAction","target":{"@type":"EntryPoint","urlTemplate":"https:\/\/instytutpolski.pl\/praha\/?s={search_term_string}"},"query-input":{"@type":"PropertyValueSpecification","valueRequired":true,"valueName":"search_term_string"}}],"inLanguage":"pl-PL"}]}},"_links":{"self":[{"href":"https:\/\/instytutpolski.pl\/praha\/wp-json\/wp\/v2\/pages\/12670","targetHints":{"allow":["GET"]}}],"collection":[{"href":"https:\/\/instytutpolski.pl\/praha\/wp-json\/wp\/v2\/pages"}],"about":[{"href":"https:\/\/instytutpolski.pl\/praha\/wp-json\/wp\/v2\/types\/page"}],"author":[{"embeddable":true,"href":"https:\/\/instytutpolski.pl\/praha\/wp-json\/wp\/v2\/users\/60"}],"replies":[{"embeddable":true,"href":"https:\/\/instytutpolski.pl\/praha\/wp-json\/wp\/v2\/comments?post=12670"}],"version-history":[{"count":2,"href":"https:\/\/instytutpolski.pl\/praha\/wp-json\/wp\/v2\/pages\/12670\/revisions"}],"predecessor-version":[{"id":12897,"href":"https:\/\/instytutpolski.pl\/praha\/wp-json\/wp\/v2\/pages\/12670\/revisions\/12897"}],"wp:featuredmedia":[{"embeddable":true,"href":"https:\/\/instytutpolski.pl\/praha\/wp-json\/wp\/v2\/media\/12702"}],"wp:attachment":[{"href":"https:\/\/instytutpolski.pl\/praha\/wp-json\/wp\/v2\/media?parent=12670"}],"curies":[{"name":"wp","href":"https:\/\/api.w.org\/{rel}","templated":true}]}}