{"id":12678,"date":"2025-10-24T12:24:31","date_gmt":"2025-10-24T10:24:31","guid":{"rendered":"https:\/\/instytutpolski.pl\/praha\/?page_id=12678"},"modified":"2025-11-05T11:24:48","modified_gmt":"2025-11-05T10:24:48","slug":"daily-courage-polish-czech-and-slovak-women-in-anti-communist-dissent-1968-1989-17-ekolozky-a-pacifistky","status":"publish","type":"page","link":"https:\/\/instytutpolski.pl\/praha\/daily-courage-polish-czech-and-slovak-women-in-anti-communist-dissent-1968-1989-17-ekolozky-a-pacifistky\/","title":{"rendered":"Daily Courage. Polish, Czech and Slovak Women in Anti-Communist Dissent 1968-1989 \/ 17 &#8211; ECOLOGISTS AND PACIFISTS"},"content":{"rendered":"\n<p><strong>ECOLOGISTS AND PACIFISTS<\/strong><\/p>\n\n\n\n<p>Since the 1980s, ecology and pacifism have been added to the topics of freedom of speech and democracy. The reason for this was the poor state of the environment, affected by heavy industry, which was favored in the socialist economy, and the image of the army and police as repressive forces of a totalitarian state fighting against its own citizens.<\/p>\n\n\n\n<p>The Chernobyl disaster inspired Polish-Czechoslovak protests against the construction of nuclear power plants in Stonava, Temel\u00edn, and \u017barnowiec. People did not believe that they would be safe and that the reactors would only be used for civilian purposes.<\/p>\n\n\n\n<p>Pacifist slogans were promoted by the Polish organization Freedom and Peace (Wolno\u015b\u0107 i Pok\u00f3j), whose members included Ma\u0142gorzata Tarasiewicz and Agnieszka Romaszewska-Guzy, and by the Czechoslovak Independent Peace Association \u2013 Initiative for the Demilitarization of Society, co-founded by Hana Marvanov\u00e1.<\/p>\n\n\n\n<p>M\u00e1ria Filkov\u00e1, Gabriela Kalisk\u00e1, Judita Kokolevsk\u00e1, Zora Ok\u00e1liov\u00e1-Pauliniov\u00e1, Jana Vi\u0161v\u00e1derov\u00e1, and Hana Volkov\u00e1 were among the authors of the 1987 publication Bratislava\/Out Loud, which contained critical texts on the state of the environment and life in Bratislava in general. It also proposed solutions and pointed out the inaction of the state, serving as an indictment of the regime. V\u00e1clav Havel called it the Slovak equivalent of Charter 77.<\/p>\n\n\n\n<p>Anna Zemanov\u00e1: <em>&#8222;We enjoyed being together, knowing that we were leaving something visible and useful behind, finding ways to express our resistance against the ruling system in a way that our peers and those around us could follow. We sought new ways to invite even strangers to share our values. We were not discouraged by hard work, discomfort, or failures.&#8221;<\/em><\/p>\n\n\n\n<figure class=\"wp-block-image size-full is-resized\"><img loading=\"lazy\" decoding=\"async\" width=\"378\" height=\"256\" src=\"https:\/\/instytutpolski.pl\/praha\/wp-content\/uploads\/sites\/10\/2025\/11\/Obraz1-3.jpg\" alt=\"\" class=\"wp-image-12925\" style=\"width:401px;height:auto\" srcset=\"https:\/\/instytutpolski.pl\/praha\/wp-content\/uploads\/sites\/10\/2025\/11\/Obraz1-3.jpg 378w, https:\/\/instytutpolski.pl\/praha\/wp-content\/uploads\/sites\/10\/2025\/11\/Obraz1-3-300x203.jpg 300w\" sizes=\"auto, (max-width: 378px) 100vw, 378px\" \/><figcaption class=\"wp-element-caption\">Anna Zemanov\u00e1 (Volkov\u00e1) was a member of the Bratislava nature conservation community and co-organized city games and camps for children and young people. Photo: \u013d. Lacinov\u00e1<\/figcaption><\/figure>\n\n\n\n<figure class=\"wp-block-image size-full\"><img loading=\"lazy\" decoding=\"async\" width=\"269\" height=\"162\" src=\"https:\/\/instytutpolski.pl\/praha\/wp-content\/uploads\/sites\/10\/2025\/11\/Obraz2-4.jpg\" alt=\"\" class=\"wp-image-12926\" \/><figcaption class=\"wp-element-caption\">From 17 to 23 March 1986, women staged a hunger strike in Podkowa Le\u015bna demanding the release of other members of the Freedom and Peace organization. Ma\u0142gorzata \u015awier\u017cewska and Barbara Malak participated in the protest as spokespersons, along with Magda Kowalczyk, Anna Gawlik, Zuzanna D\u0105browska, Joanna Radecka, Marzena Trojanowska, Janina Wronko, Ma\u0142gorzata Krukowska and Ma\u0142gorzata Gorczewska.<br>Photo: Archive of the Freedom and Peace foundation<\/figcaption><\/figure>\n\n\n\n<figure class=\"wp-block-image size-large is-resized\"><img loading=\"lazy\" decoding=\"async\" width=\"1024\" height=\"720\" src=\"https:\/\/instytutpolski.pl\/praha\/wp-content\/uploads\/sites\/10\/2025\/11\/Ludvik-Hradilek-_Pesky-mestem-3-1024x720.jpg\" alt=\"\" class=\"wp-image-12928\" style=\"width:477px;height:auto\" srcset=\"https:\/\/instytutpolski.pl\/praha\/wp-content\/uploads\/sites\/10\/2025\/11\/Ludvik-Hradilek-_Pesky-mestem-3-1024x720.jpg 1024w, https:\/\/instytutpolski.pl\/praha\/wp-content\/uploads\/sites\/10\/2025\/11\/Ludvik-Hradilek-_Pesky-mestem-3-300x211.jpg 300w, https:\/\/instytutpolski.pl\/praha\/wp-content\/uploads\/sites\/10\/2025\/11\/Ludvik-Hradilek-_Pesky-mestem-3-768x540.jpg 768w, https:\/\/instytutpolski.pl\/praha\/wp-content\/uploads\/sites\/10\/2025\/11\/Ludvik-Hradilek-_Pesky-mestem-3.jpg 1448w\" sizes=\"auto, (max-width: 1024px) 100vw, 1024px\" \/><figcaption class=\"wp-element-caption\">On 29 May 1989, the only demonstration in Czechoslovakia organized solely by women took place as part of the Prague Mothers environmental movement, co-founded by Jarmila Johnov\u00e1 and Rut Kol\u00ednsk\u00e1. They collected signatures for a petition demanding information from the government about the state of the environment. They demonstrated together with their children and carried banners with environmental slogans. Source:\u00a0 On Foot Through the City, photo by Ludv\u00edk Hradilek<\/figcaption><\/figure>\n\n\n\n<figure class=\"wp-block-image size-large is-resized\"><img loading=\"lazy\" decoding=\"async\" width=\"1024\" height=\"763\" src=\"https:\/\/instytutpolski.pl\/praha\/wp-content\/uploads\/sites\/10\/2025\/11\/Cierny-Balog_Kalka_cast_ekologia-1024x763.jpg\" alt=\"\" class=\"wp-image-12929\" style=\"width:297px;height:auto\" srcset=\"https:\/\/instytutpolski.pl\/praha\/wp-content\/uploads\/sites\/10\/2025\/11\/Cierny-Balog_Kalka_cast_ekologia-1024x763.jpg 1024w, https:\/\/instytutpolski.pl\/praha\/wp-content\/uploads\/sites\/10\/2025\/11\/Cierny-Balog_Kalka_cast_ekologia-300x224.jpg 300w, https:\/\/instytutpolski.pl\/praha\/wp-content\/uploads\/sites\/10\/2025\/11\/Cierny-Balog_Kalka_cast_ekologia-768x572.jpg 768w, https:\/\/instytutpolski.pl\/praha\/wp-content\/uploads\/sites\/10\/2025\/11\/Cierny-Balog_Kalka_cast_ekologia-1536x1145.jpg 1536w, https:\/\/instytutpolski.pl\/praha\/wp-content\/uploads\/sites\/10\/2025\/11\/Cierny-Balog_Kalka_cast_ekologia-2048x1526.jpg 2048w\" sizes=\"auto, (max-width: 1024px) 100vw, 1024px\" \/><figcaption class=\"wp-element-caption\">Environmentalist Zora &#8222;Kalka&#8221; Pauliniov\u00e1 was one of the main organizers of volunteer brigades to save the \u010ciernohronsk\u00e1 Railway. She co-organized camps, lectures, and events, many of which also involved the Czech Brontosaurus movement.<br>Source: Private archive of Z. Ok\u00e1liov\u00e1-Pauliniov\u00e1<\/figcaption><\/figure>\n","protected":false},"excerpt":{"rendered":"<p>ECOLOGISTS AND PACIFISTS Since the 1980s, ecology and pacifism have been added to the topics of freedom of speech and democracy. The reason for this was the poor state of the environment, affected by heavy industry, which was favored in the socialist economy, and the image of the army and police as repressive forces of [&hellip;]<\/p>\n","protected":false},"author":60,"featured_media":12702,"parent":0,"menu_order":0,"comment_status":"closed","ping_status":"closed","template":"","meta":{"inline_featured_image":false,"_monsterinsights_skip_tracking":false,"_monsterinsights_sitenote_active":false,"_monsterinsights_sitenote_note":"","_monsterinsights_sitenote_category":0,"footnotes":""},"class_list":["post-12678","page","type-page","status-publish","has-post-thumbnail","hentry"],"yoast_head":"<!-- This site is optimized with the Yoast SEO plugin v24.6 - https:\/\/yoast.com\/wordpress\/plugins\/seo\/ -->\n<title>Daily Courage. Polish, Czech and Slovak Women in Anti-Communist Dissent 1968-1989 \/ 17 - ECOLOGISTS AND PACIFISTS - Instytut Polski w Pradze<\/title>\n<meta name=\"robots\" content=\"index, follow, max-snippet:-1, max-image-preview:large, max-video-preview:-1\" \/>\n<link rel=\"canonical\" href=\"https:\/\/instytutpolski.pl\/praha\/daily-courage-polish-czech-and-slovak-women-in-anti-communist-dissent-1968-1989-17-ekolozky-a-pacifistky\/\" \/>\n<meta property=\"og:locale\" content=\"pl_PL\" \/>\n<meta property=\"og:type\" content=\"article\" \/>\n<meta property=\"og:title\" content=\"Daily Courage. Polish, Czech and Slovak Women in Anti-Communist Dissent 1968-1989 \/ 17 - ECOLOGISTS AND PACIFISTS - Instytut Polski w Pradze\" \/>\n<meta property=\"og:description\" content=\"ECOLOGISTS AND PACIFISTS Since the 1980s, ecology and pacifism have been added to the topics of freedom of speech and democracy. The reason for this was the poor state of the environment, affected by heavy industry, which was favored in the socialist economy, and the image of the army and police as repressive forces of [&hellip;]\" \/>\n<meta property=\"og:url\" content=\"https:\/\/instytutpolski.pl\/praha\/daily-courage-polish-czech-and-slovak-women-in-anti-communist-dissent-1968-1989-17-ekolozky-a-pacifistky\/\" \/>\n<meta property=\"og:site_name\" content=\"Instytut Polski w Pradze\" \/>\n<meta property=\"article:modified_time\" content=\"2025-11-05T10:24:48+00:00\" \/>\n<meta property=\"og:image\" content=\"https:\/\/instytutpolski.pl\/praha\/wp-content\/uploads\/sites\/10\/2025\/10\/kazdodenni_odvaha_CZ_plakat-scaled.jpg\" \/>\n\t<meta property=\"og:image:width\" content=\"2560\" \/>\n\t<meta property=\"og:image:height\" content=\"1595\" \/>\n\t<meta property=\"og:image:type\" content=\"image\/jpeg\" \/>\n<meta name=\"twitter:card\" content=\"summary_large_image\" \/>\n<meta name=\"twitter:label1\" content=\"Szacowany czas czytania\" \/>\n\t<meta name=\"twitter:data1\" content=\"4 minuty\" \/>\n<script type=\"application\/ld+json\" class=\"yoast-schema-graph\">{\"@context\":\"https:\/\/schema.org\",\"@graph\":[{\"@type\":\"WebPage\",\"@id\":\"https:\/\/instytutpolski.pl\/praha\/daily-courage-polish-czech-and-slovak-women-in-anti-communist-dissent-1968-1989-17-ekolozky-a-pacifistky\/\",\"url\":\"https:\/\/instytutpolski.pl\/praha\/daily-courage-polish-czech-and-slovak-women-in-anti-communist-dissent-1968-1989-17-ekolozky-a-pacifistky\/\",\"name\":\"Daily Courage. Polish, Czech and Slovak Women in Anti-Communist Dissent 1968-1989 \/ 17 - ECOLOGISTS AND PACIFISTS - Instytut Polski w Pradze\",\"isPartOf\":{\"@id\":\"https:\/\/instytutpolski.pl\/praha\/#website\"},\"primaryImageOfPage\":{\"@id\":\"https:\/\/instytutpolski.pl\/praha\/daily-courage-polish-czech-and-slovak-women-in-anti-communist-dissent-1968-1989-17-ekolozky-a-pacifistky\/#primaryimage\"},\"image\":{\"@id\":\"https:\/\/instytutpolski.pl\/praha\/daily-courage-polish-czech-and-slovak-women-in-anti-communist-dissent-1968-1989-17-ekolozky-a-pacifistky\/#primaryimage\"},\"thumbnailUrl\":\"https:\/\/instytutpolski.pl\/praha\/wp-content\/uploads\/sites\/10\/2025\/10\/kazdodenni_odvaha_CZ_plakat-scaled.jpg\",\"datePublished\":\"2025-10-24T10:24:31+00:00\",\"dateModified\":\"2025-11-05T10:24:48+00:00\",\"breadcrumb\":{\"@id\":\"https:\/\/instytutpolski.pl\/praha\/daily-courage-polish-czech-and-slovak-women-in-anti-communist-dissent-1968-1989-17-ekolozky-a-pacifistky\/#breadcrumb\"},\"inLanguage\":\"pl-PL\",\"potentialAction\":[{\"@type\":\"ReadAction\",\"target\":[\"https:\/\/instytutpolski.pl\/praha\/daily-courage-polish-czech-and-slovak-women-in-anti-communist-dissent-1968-1989-17-ekolozky-a-pacifistky\/\"]}]},{\"@type\":\"ImageObject\",\"inLanguage\":\"pl-PL\",\"@id\":\"https:\/\/instytutpolski.pl\/praha\/daily-courage-polish-czech-and-slovak-women-in-anti-communist-dissent-1968-1989-17-ekolozky-a-pacifistky\/#primaryimage\",\"url\":\"https:\/\/instytutpolski.pl\/praha\/wp-content\/uploads\/sites\/10\/2025\/10\/kazdodenni_odvaha_CZ_plakat-scaled.jpg\",\"contentUrl\":\"https:\/\/instytutpolski.pl\/praha\/wp-content\/uploads\/sites\/10\/2025\/10\/kazdodenni_odvaha_CZ_plakat-scaled.jpg\",\"width\":2560,\"height\":1595},{\"@type\":\"BreadcrumbList\",\"@id\":\"https:\/\/instytutpolski.pl\/praha\/daily-courage-polish-czech-and-slovak-women-in-anti-communist-dissent-1968-1989-17-ekolozky-a-pacifistky\/#breadcrumb\",\"itemListElement\":[{\"@type\":\"ListItem\",\"position\":1,\"name\":\"Home\",\"item\":\"https:\/\/instytutpolski.pl\/praha\/\"},{\"@type\":\"ListItem\",\"position\":2,\"name\":\"Daily Courage. Polish, Czech and Slovak Women in Anti-Communist Dissent 1968-1989 \/ 17 &#8211; ECOLOGISTS AND PACIFISTS\"}]},{\"@type\":\"WebSite\",\"@id\":\"https:\/\/instytutpolski.pl\/praha\/#website\",\"url\":\"https:\/\/instytutpolski.pl\/praha\/\",\"name\":\"Instytut Polski w Pradze\",\"description\":\"Instytuty Polskie\",\"potentialAction\":[{\"@type\":\"SearchAction\",\"target\":{\"@type\":\"EntryPoint\",\"urlTemplate\":\"https:\/\/instytutpolski.pl\/praha\/?s={search_term_string}\"},\"query-input\":{\"@type\":\"PropertyValueSpecification\",\"valueRequired\":true,\"valueName\":\"search_term_string\"}}],\"inLanguage\":\"pl-PL\"}]}<\/script>\n<!-- \/ Yoast SEO plugin. -->","yoast_head_json":{"title":"Daily Courage. Polish, Czech and Slovak Women in Anti-Communist Dissent 1968-1989 \/ 17 - ECOLOGISTS AND PACIFISTS - Instytut Polski w Pradze","robots":{"index":"index","follow":"follow","max-snippet":"max-snippet:-1","max-image-preview":"max-image-preview:large","max-video-preview":"max-video-preview:-1"},"canonical":"https:\/\/instytutpolski.pl\/praha\/daily-courage-polish-czech-and-slovak-women-in-anti-communist-dissent-1968-1989-17-ekolozky-a-pacifistky\/","og_locale":"pl_PL","og_type":"article","og_title":"Daily Courage. Polish, Czech and Slovak Women in Anti-Communist Dissent 1968-1989 \/ 17 - ECOLOGISTS AND PACIFISTS - Instytut Polski w Pradze","og_description":"ECOLOGISTS AND PACIFISTS Since the 1980s, ecology and pacifism have been added to the topics of freedom of speech and democracy. The reason for this was the poor state of the environment, affected by heavy industry, which was favored in the socialist economy, and the image of the army and police as repressive forces of [&hellip;]","og_url":"https:\/\/instytutpolski.pl\/praha\/daily-courage-polish-czech-and-slovak-women-in-anti-communist-dissent-1968-1989-17-ekolozky-a-pacifistky\/","og_site_name":"Instytut Polski w Pradze","article_modified_time":"2025-11-05T10:24:48+00:00","og_image":[{"width":2560,"height":1595,"url":"https:\/\/instytutpolski.pl\/praha\/wp-content\/uploads\/sites\/10\/2025\/10\/kazdodenni_odvaha_CZ_plakat-scaled.jpg","type":"image\/jpeg"}],"twitter_card":"summary_large_image","twitter_misc":{"Szacowany czas czytania":"4 minuty"},"schema":{"@context":"https:\/\/schema.org","@graph":[{"@type":"WebPage","@id":"https:\/\/instytutpolski.pl\/praha\/daily-courage-polish-czech-and-slovak-women-in-anti-communist-dissent-1968-1989-17-ekolozky-a-pacifistky\/","url":"https:\/\/instytutpolski.pl\/praha\/daily-courage-polish-czech-and-slovak-women-in-anti-communist-dissent-1968-1989-17-ekolozky-a-pacifistky\/","name":"Daily Courage. Polish, Czech and Slovak Women in Anti-Communist Dissent 1968-1989 \/ 17 - ECOLOGISTS AND PACIFISTS - Instytut Polski w Pradze","isPartOf":{"@id":"https:\/\/instytutpolski.pl\/praha\/#website"},"primaryImageOfPage":{"@id":"https:\/\/instytutpolski.pl\/praha\/daily-courage-polish-czech-and-slovak-women-in-anti-communist-dissent-1968-1989-17-ekolozky-a-pacifistky\/#primaryimage"},"image":{"@id":"https:\/\/instytutpolski.pl\/praha\/daily-courage-polish-czech-and-slovak-women-in-anti-communist-dissent-1968-1989-17-ekolozky-a-pacifistky\/#primaryimage"},"thumbnailUrl":"https:\/\/instytutpolski.pl\/praha\/wp-content\/uploads\/sites\/10\/2025\/10\/kazdodenni_odvaha_CZ_plakat-scaled.jpg","datePublished":"2025-10-24T10:24:31+00:00","dateModified":"2025-11-05T10:24:48+00:00","breadcrumb":{"@id":"https:\/\/instytutpolski.pl\/praha\/daily-courage-polish-czech-and-slovak-women-in-anti-communist-dissent-1968-1989-17-ekolozky-a-pacifistky\/#breadcrumb"},"inLanguage":"pl-PL","potentialAction":[{"@type":"ReadAction","target":["https:\/\/instytutpolski.pl\/praha\/daily-courage-polish-czech-and-slovak-women-in-anti-communist-dissent-1968-1989-17-ekolozky-a-pacifistky\/"]}]},{"@type":"ImageObject","inLanguage":"pl-PL","@id":"https:\/\/instytutpolski.pl\/praha\/daily-courage-polish-czech-and-slovak-women-in-anti-communist-dissent-1968-1989-17-ekolozky-a-pacifistky\/#primaryimage","url":"https:\/\/instytutpolski.pl\/praha\/wp-content\/uploads\/sites\/10\/2025\/10\/kazdodenni_odvaha_CZ_plakat-scaled.jpg","contentUrl":"https:\/\/instytutpolski.pl\/praha\/wp-content\/uploads\/sites\/10\/2025\/10\/kazdodenni_odvaha_CZ_plakat-scaled.jpg","width":2560,"height":1595},{"@type":"BreadcrumbList","@id":"https:\/\/instytutpolski.pl\/praha\/daily-courage-polish-czech-and-slovak-women-in-anti-communist-dissent-1968-1989-17-ekolozky-a-pacifistky\/#breadcrumb","itemListElement":[{"@type":"ListItem","position":1,"name":"Home","item":"https:\/\/instytutpolski.pl\/praha\/"},{"@type":"ListItem","position":2,"name":"Daily Courage. Polish, Czech and Slovak Women in Anti-Communist Dissent 1968-1989 \/ 17 &#8211; ECOLOGISTS AND PACIFISTS"}]},{"@type":"WebSite","@id":"https:\/\/instytutpolski.pl\/praha\/#website","url":"https:\/\/instytutpolski.pl\/praha\/","name":"Instytut Polski w Pradze","description":"Instytuty Polskie","potentialAction":[{"@type":"SearchAction","target":{"@type":"EntryPoint","urlTemplate":"https:\/\/instytutpolski.pl\/praha\/?s={search_term_string}"},"query-input":{"@type":"PropertyValueSpecification","valueRequired":true,"valueName":"search_term_string"}}],"inLanguage":"pl-PL"}]}},"_links":{"self":[{"href":"https:\/\/instytutpolski.pl\/praha\/wp-json\/wp\/v2\/pages\/12678","targetHints":{"allow":["GET"]}}],"collection":[{"href":"https:\/\/instytutpolski.pl\/praha\/wp-json\/wp\/v2\/pages"}],"about":[{"href":"https:\/\/instytutpolski.pl\/praha\/wp-json\/wp\/v2\/types\/page"}],"author":[{"embeddable":true,"href":"https:\/\/instytutpolski.pl\/praha\/wp-json\/wp\/v2\/users\/60"}],"replies":[{"embeddable":true,"href":"https:\/\/instytutpolski.pl\/praha\/wp-json\/wp\/v2\/comments?post=12678"}],"version-history":[{"count":3,"href":"https:\/\/instytutpolski.pl\/praha\/wp-json\/wp\/v2\/pages\/12678\/revisions"}],"predecessor-version":[{"id":12931,"href":"https:\/\/instytutpolski.pl\/praha\/wp-json\/wp\/v2\/pages\/12678\/revisions\/12931"}],"wp:featuredmedia":[{"embeddable":true,"href":"https:\/\/instytutpolski.pl\/praha\/wp-json\/wp\/v2\/media\/12702"}],"wp:attachment":[{"href":"https:\/\/instytutpolski.pl\/praha\/wp-json\/wp\/v2\/media?parent=12678"}],"curies":[{"name":"wp","href":"https:\/\/api.w.org\/{rel}","templated":true}]}}