{"id":12680,"date":"2025-10-24T12:24:43","date_gmt":"2025-10-24T10:24:43","guid":{"rendered":"https:\/\/instytutpolski.pl\/praha\/?page_id=12680"},"modified":"2025-11-05T11:34:10","modified_gmt":"2025-11-05T10:34:10","slug":"daily-courage-polish-czech-and-slovak-women-in-anti-communist-dissent-1968-1989-18-epilog","status":"publish","type":"page","link":"https:\/\/instytutpolski.pl\/praha\/daily-courage-polish-czech-and-slovak-women-in-anti-communist-dissent-1968-1989-18-epilog\/","title":{"rendered":"Daily Courage. Polish, Czech and Slovak Women in Anti-Communist Dissent 1968-1989 \/ 18 &#8211;  Epilogue"},"content":{"rendered":"\n<p><strong>Epilogue<\/strong><\/p>\n\n\n\n<p>The success of the nonviolent revolution of 1989 is also thanks to women. They were involved at all levels: they took part in protests and strikes, produced <em>samizdat,<\/em> and provided logistical support, cooked meals while discussing strategy. They paid a high price for their involvement: they were harassed and imprisoned or forced into exile.<\/p>\n\n\n\n<p>At the moment of democratic change and transformation, former female dissidents suddenly began to disappear from politics. Among the 58 participants in the round table talks in 1989, only one woman, Gra\u017cyna Staniszewska, represented the Solidarity movement. The other women played supporting roles. Only a few were involved in politics in the 1990s: Dana N\u011bmcov\u00e1, Zuzana Mistr\u00edkov\u00e1, Barbara Labuda, Petru\u0161ka \u0160ustrov\u00e1, Ele\u00f3nora S\u00e1ndor, Zofia Romaszewska, Gabriela Kalisk\u00e1, and Olga Krzy\u017canowska. Former dissidents are mainly active in the civic and non-profit sectors, in education, culture, and foundations. Some have returned to their original professions, in which they were restricted during the communist era.<\/p>\n\n\n\n<p>Gra\u017cyna Staniszewska: <em>&#8222;I was always pushed into politics, but later I understood that it made sense. And that I could influence various things. One of my successes was that people voted for individuals, not entire lists of candidates. I felt I had a huge influence on what was happening in Poland.&#8221;<\/em><\/p>\n\n\n\n<p>Zuzana Mistr\u00edkov\u00e1: <em>&#8222;I have no desire to join politics as I don&#8217;t think that this country is shaped solely by the 150 people who sit in parliament. Each of us has the opportunity to influence our environment in our own field so that it functions as fairly and decently as possible.&#8221;<\/em> Denn\u00edk N, Women of November, 17 November 2017<\/p>\n\n\n\n<p><em>Dana N\u011bmcov\u00e1: &#8222;Women rather inclined towards humanitarian and civil society organizations, such as the Helsinki Committee and other civic associations. In short, we stuck with the specific activities and work we had been doing up until then. We had no aspirations to develop any kind of ideology or party affiliation, as the men did.\u201c<\/em><\/p>\n\n\n\n<figure class=\"wp-block-image size-large is-resized\"><img loading=\"lazy\" decoding=\"async\" width=\"1024\" height=\"620\" src=\"https:\/\/instytutpolski.pl\/praha\/wp-content\/uploads\/sites\/10\/2025\/11\/014-stocznia-OK_0895_0017_043-1024x620.jpg\" alt=\"\" class=\"wp-image-12933\" style=\"width:518px;height:auto\" srcset=\"https:\/\/instytutpolski.pl\/praha\/wp-content\/uploads\/sites\/10\/2025\/11\/014-stocznia-OK_0895_0017_043-1024x620.jpg 1024w, https:\/\/instytutpolski.pl\/praha\/wp-content\/uploads\/sites\/10\/2025\/11\/014-stocznia-OK_0895_0017_043-300x182.jpg 300w, https:\/\/instytutpolski.pl\/praha\/wp-content\/uploads\/sites\/10\/2025\/11\/014-stocznia-OK_0895_0017_043-768x465.jpg 768w, https:\/\/instytutpolski.pl\/praha\/wp-content\/uploads\/sites\/10\/2025\/11\/014-stocznia-OK_0895_0017_043-1536x931.jpg 1536w, https:\/\/instytutpolski.pl\/praha\/wp-content\/uploads\/sites\/10\/2025\/11\/014-stocznia-OK_0895_0017_043-2048x1241.jpg 2048w\" sizes=\"auto, (max-width: 1024px) 100vw, 1024px\" \/><figcaption class=\"wp-element-caption\">Gra\u017cyna Staniszewska, parliament candidate for the Solidarity Civic Committee, during a meeting with Lech Wa\u0142\u0119sa in Gda\u0144sk in 1989.<br>Source: Archive of O\u015brodek KARTA, photo by Anna Pietuszko<\/figcaption><\/figure>\n\n\n\n<figure class=\"wp-block-image size-large is-resized\"><img loading=\"lazy\" decoding=\"async\" width=\"1024\" height=\"712\" src=\"https:\/\/instytutpolski.pl\/praha\/wp-content\/uploads\/sites\/10\/2025\/11\/Eleonora-Sandor-1024x712.jpg\" alt=\"\" class=\"wp-image-12934\" style=\"width:394px;height:auto\" srcset=\"https:\/\/instytutpolski.pl\/praha\/wp-content\/uploads\/sites\/10\/2025\/11\/Eleonora-Sandor-1024x712.jpg 1024w, https:\/\/instytutpolski.pl\/praha\/wp-content\/uploads\/sites\/10\/2025\/11\/Eleonora-Sandor-300x209.jpg 300w, https:\/\/instytutpolski.pl\/praha\/wp-content\/uploads\/sites\/10\/2025\/11\/Eleonora-Sandor-768x534.jpg 768w, https:\/\/instytutpolski.pl\/praha\/wp-content\/uploads\/sites\/10\/2025\/11\/Eleonora-Sandor.jpg 1432w\" sizes=\"auto, (max-width: 1024px) 100vw, 1024px\" \/><figcaption class=\"wp-element-caption\">Opposition activist Ele\u00f3nora S\u00e1ndor collaborated with dissidents in Hungary, and after the free elections in Czechoslovakia in 1990, she became a member of the Hungarian Independent Initiative within the Public Against Violence movement.\u00a0 Second from left in the photo.\u00a0 Source: Institute for Minority Research Forum \/ F\u00f3rum Kisebbs\u00e9gkutat\u00f3 Int\u00e9zet,\u00a0 Szlov\u00e1kiai Magyar Adatbank, photo by T\u00f3thp\u00e1l Gyula<\/figcaption><\/figure>\n\n\n\n<figure class=\"wp-block-image size-full is-resized\"><img loading=\"lazy\" decoding=\"async\" width=\"605\" height=\"462\" src=\"https:\/\/instytutpolski.pl\/praha\/wp-content\/uploads\/sites\/10\/2025\/11\/Obraz3-1.jpg\" alt=\"\" class=\"wp-image-12935\" style=\"width:425px;height:auto\" srcset=\"https:\/\/instytutpolski.pl\/praha\/wp-content\/uploads\/sites\/10\/2025\/11\/Obraz3-1.jpg 605w, https:\/\/instytutpolski.pl\/praha\/wp-content\/uploads\/sites\/10\/2025\/11\/Obraz3-1-300x229.jpg 300w\" sizes=\"auto, (max-width: 605px) 100vw, 605px\" \/><figcaption class=\"wp-element-caption\">Zuzana Mistr\u00edkov\u00e1 became the female face of the student movement and, at the age of 23, was elected to the Slovak National Council in the first elections in June 1990. In the photo, she is answering questions during the filming of a special edition of Youth TV Club in 1989. She later worked in the media. Photo by: Peter Pochyl\u00fd<br>\u00a0<\/figcaption><\/figure>\n\n\n\n<figure class=\"wp-block-image size-full\"><img loading=\"lazy\" decoding=\"async\" width=\"353\" height=\"254\" src=\"https:\/\/instytutpolski.pl\/praha\/wp-content\/uploads\/sites\/10\/2025\/11\/Obraz4-3.jpg\" alt=\"\" class=\"wp-image-12936\" srcset=\"https:\/\/instytutpolski.pl\/praha\/wp-content\/uploads\/sites\/10\/2025\/11\/Obraz4-3.jpg 353w, https:\/\/instytutpolski.pl\/praha\/wp-content\/uploads\/sites\/10\/2025\/11\/Obraz4-3-300x216.jpg 300w\" sizes=\"auto, (max-width: 353px) 100vw, 353px\" \/><\/figure>\n\n\n\n<p>&#8222;Marta Kubi\u0161ov\u00e1&#8217;s &#8222;Prayer for Marta&#8221; became the anthem of 17 November 17 and a symbol of the Velvet Revolution. She sang it on 21 November 1989, at Wenceslas Square, and today it is played during commemorative events. In the photo with Alexander Dub\u010dek and V\u00e1clav Havel. Source: Archive of Vy\u0161ehradskej.cz, unknown author<\/p>\n\n\n\n<figure class=\"wp-block-image size-large is-resized\"><img loading=\"lazy\" decoding=\"async\" width=\"1024\" height=\"713\" src=\"https:\/\/instytutpolski.pl\/praha\/wp-content\/uploads\/sites\/10\/2025\/11\/petruska-sustrova-1024x713.jpg\" alt=\"\" class=\"wp-image-12937\" style=\"width:326px;height:auto\" srcset=\"https:\/\/instytutpolski.pl\/praha\/wp-content\/uploads\/sites\/10\/2025\/11\/petruska-sustrova-1024x713.jpg 1024w, https:\/\/instytutpolski.pl\/praha\/wp-content\/uploads\/sites\/10\/2025\/11\/petruska-sustrova-300x209.jpg 300w, https:\/\/instytutpolski.pl\/praha\/wp-content\/uploads\/sites\/10\/2025\/11\/petruska-sustrova-768x535.jpg 768w, https:\/\/instytutpolski.pl\/praha\/wp-content\/uploads\/sites\/10\/2025\/11\/petruska-sustrova-1536x1069.jpg 1536w, https:\/\/instytutpolski.pl\/praha\/wp-content\/uploads\/sites\/10\/2025\/11\/petruska-sustrova.jpg 2018w\" sizes=\"auto, (max-width: 1024px) 100vw, 1024px\" \/><figcaption class=\"wp-element-caption\">Between 1990 and 1992, Petru\u0161ka \u0160ustrov\u00e1, as Deputy Federal Minister of the Interior, participated in the vetting process and the preparation of the lustration law.<br>Source: Private archive of P. \u0160ustrov\u00e1 \/ \u00a0Nation&#8217;s Memory<\/figcaption><\/figure>\n\n\n\n<figure class=\"wp-block-image size-full is-resized\"><img loading=\"lazy\" decoding=\"async\" width=\"1024\" height=\"632\" src=\"https:\/\/instytutpolski.pl\/praha\/wp-content\/uploads\/sites\/10\/2025\/11\/wybory-1989.jpg\" alt=\"\" class=\"wp-image-12938\" style=\"width:440px;height:auto\" srcset=\"https:\/\/instytutpolski.pl\/praha\/wp-content\/uploads\/sites\/10\/2025\/11\/wybory-1989.jpg 1024w, https:\/\/instytutpolski.pl\/praha\/wp-content\/uploads\/sites\/10\/2025\/11\/wybory-1989-300x185.jpg 300w, https:\/\/instytutpolski.pl\/praha\/wp-content\/uploads\/sites\/10\/2025\/11\/wybory-1989-768x474.jpg 768w\" sizes=\"auto, (max-width: 1024px) 100vw, 1024px\" \/><figcaption class=\"wp-element-caption\">Olga Krzy\u017canowska with Roman Pawlicki, Bogdan Lis, and Lech Kaczy\u0144ski during the 1989 election campaign. Source: Wikimedia Commons, CC BY-SA 4.0, photo by Leonard Szmaglik \/ European Solidarity Center<\/figcaption><\/figure>\n\n\n\n<p><\/p>\n","protected":false},"excerpt":{"rendered":"<p>Epilogue The success of the nonviolent revolution of 1989 is also thanks to women. They were involved at all levels: they took part in protests and strikes, produced samizdat, and provided logistical support, cooked meals while discussing strategy. They paid a high price for their involvement: they were harassed and imprisoned or forced into exile. [&hellip;]<\/p>\n","protected":false},"author":60,"featured_media":12702,"parent":0,"menu_order":0,"comment_status":"closed","ping_status":"closed","template":"","meta":{"inline_featured_image":false,"_monsterinsights_skip_tracking":false,"_monsterinsights_sitenote_active":false,"_monsterinsights_sitenote_note":"","_monsterinsights_sitenote_category":0,"footnotes":""},"class_list":["post-12680","page","type-page","status-publish","has-post-thumbnail","hentry"],"yoast_head":"<!-- This site is optimized with the Yoast SEO plugin v24.6 - https:\/\/yoast.com\/wordpress\/plugins\/seo\/ -->\n<title>Daily Courage. Polish, Czech and Slovak Women in Anti-Communist Dissent 1968-1989 \/ 18 - Epilogue - Instytut Polski w Pradze<\/title>\n<meta name=\"robots\" content=\"index, follow, max-snippet:-1, max-image-preview:large, max-video-preview:-1\" \/>\n<link rel=\"canonical\" href=\"https:\/\/instytutpolski.pl\/praha\/daily-courage-polish-czech-and-slovak-women-in-anti-communist-dissent-1968-1989-18-epilog\/\" \/>\n<meta property=\"og:locale\" content=\"pl_PL\" \/>\n<meta property=\"og:type\" content=\"article\" \/>\n<meta property=\"og:title\" content=\"Daily Courage. Polish, Czech and Slovak Women in Anti-Communist Dissent 1968-1989 \/ 18 - Epilogue - Instytut Polski w Pradze\" \/>\n<meta property=\"og:description\" content=\"Epilogue The success of the nonviolent revolution of 1989 is also thanks to women. They were involved at all levels: they took part in protests and strikes, produced samizdat, and provided logistical support, cooked meals while discussing strategy. They paid a high price for their involvement: they were harassed and imprisoned or forced into exile. [&hellip;]\" \/>\n<meta property=\"og:url\" content=\"https:\/\/instytutpolski.pl\/praha\/daily-courage-polish-czech-and-slovak-women-in-anti-communist-dissent-1968-1989-18-epilog\/\" \/>\n<meta property=\"og:site_name\" content=\"Instytut Polski w Pradze\" \/>\n<meta property=\"article:modified_time\" content=\"2025-11-05T10:34:10+00:00\" \/>\n<meta property=\"og:image\" content=\"https:\/\/instytutpolski.pl\/praha\/wp-content\/uploads\/sites\/10\/2025\/10\/kazdodenni_odvaha_CZ_plakat-scaled.jpg\" \/>\n\t<meta property=\"og:image:width\" content=\"2560\" \/>\n\t<meta property=\"og:image:height\" content=\"1595\" \/>\n\t<meta property=\"og:image:type\" content=\"image\/jpeg\" \/>\n<meta name=\"twitter:card\" content=\"summary_large_image\" \/>\n<meta name=\"twitter:label1\" content=\"Szacowany czas czytania\" \/>\n\t<meta name=\"twitter:data1\" content=\"5 minut\" \/>\n<script type=\"application\/ld+json\" class=\"yoast-schema-graph\">{\"@context\":\"https:\/\/schema.org\",\"@graph\":[{\"@type\":\"WebPage\",\"@id\":\"https:\/\/instytutpolski.pl\/praha\/daily-courage-polish-czech-and-slovak-women-in-anti-communist-dissent-1968-1989-18-epilog\/\",\"url\":\"https:\/\/instytutpolski.pl\/praha\/daily-courage-polish-czech-and-slovak-women-in-anti-communist-dissent-1968-1989-18-epilog\/\",\"name\":\"Daily Courage. Polish, Czech and Slovak Women in Anti-Communist Dissent 1968-1989 \/ 18 - Epilogue - Instytut Polski w Pradze\",\"isPartOf\":{\"@id\":\"https:\/\/instytutpolski.pl\/praha\/#website\"},\"primaryImageOfPage\":{\"@id\":\"https:\/\/instytutpolski.pl\/praha\/daily-courage-polish-czech-and-slovak-women-in-anti-communist-dissent-1968-1989-18-epilog\/#primaryimage\"},\"image\":{\"@id\":\"https:\/\/instytutpolski.pl\/praha\/daily-courage-polish-czech-and-slovak-women-in-anti-communist-dissent-1968-1989-18-epilog\/#primaryimage\"},\"thumbnailUrl\":\"https:\/\/instytutpolski.pl\/praha\/wp-content\/uploads\/sites\/10\/2025\/10\/kazdodenni_odvaha_CZ_plakat-scaled.jpg\",\"datePublished\":\"2025-10-24T10:24:43+00:00\",\"dateModified\":\"2025-11-05T10:34:10+00:00\",\"breadcrumb\":{\"@id\":\"https:\/\/instytutpolski.pl\/praha\/daily-courage-polish-czech-and-slovak-women-in-anti-communist-dissent-1968-1989-18-epilog\/#breadcrumb\"},\"inLanguage\":\"pl-PL\",\"potentialAction\":[{\"@type\":\"ReadAction\",\"target\":[\"https:\/\/instytutpolski.pl\/praha\/daily-courage-polish-czech-and-slovak-women-in-anti-communist-dissent-1968-1989-18-epilog\/\"]}]},{\"@type\":\"ImageObject\",\"inLanguage\":\"pl-PL\",\"@id\":\"https:\/\/instytutpolski.pl\/praha\/daily-courage-polish-czech-and-slovak-women-in-anti-communist-dissent-1968-1989-18-epilog\/#primaryimage\",\"url\":\"https:\/\/instytutpolski.pl\/praha\/wp-content\/uploads\/sites\/10\/2025\/10\/kazdodenni_odvaha_CZ_plakat-scaled.jpg\",\"contentUrl\":\"https:\/\/instytutpolski.pl\/praha\/wp-content\/uploads\/sites\/10\/2025\/10\/kazdodenni_odvaha_CZ_plakat-scaled.jpg\",\"width\":2560,\"height\":1595},{\"@type\":\"BreadcrumbList\",\"@id\":\"https:\/\/instytutpolski.pl\/praha\/daily-courage-polish-czech-and-slovak-women-in-anti-communist-dissent-1968-1989-18-epilog\/#breadcrumb\",\"itemListElement\":[{\"@type\":\"ListItem\",\"position\":1,\"name\":\"Home\",\"item\":\"https:\/\/instytutpolski.pl\/praha\/\"},{\"@type\":\"ListItem\",\"position\":2,\"name\":\"Daily Courage. Polish, Czech and Slovak Women in Anti-Communist Dissent 1968-1989 \/ 18 &#8211; Epilogue\"}]},{\"@type\":\"WebSite\",\"@id\":\"https:\/\/instytutpolski.pl\/praha\/#website\",\"url\":\"https:\/\/instytutpolski.pl\/praha\/\",\"name\":\"Instytut Polski w Pradze\",\"description\":\"Instytuty Polskie\",\"potentialAction\":[{\"@type\":\"SearchAction\",\"target\":{\"@type\":\"EntryPoint\",\"urlTemplate\":\"https:\/\/instytutpolski.pl\/praha\/?s={search_term_string}\"},\"query-input\":{\"@type\":\"PropertyValueSpecification\",\"valueRequired\":true,\"valueName\":\"search_term_string\"}}],\"inLanguage\":\"pl-PL\"}]}<\/script>\n<!-- \/ Yoast SEO plugin. -->","yoast_head_json":{"title":"Daily Courage. Polish, Czech and Slovak Women in Anti-Communist Dissent 1968-1989 \/ 18 - Epilogue - Instytut Polski w Pradze","robots":{"index":"index","follow":"follow","max-snippet":"max-snippet:-1","max-image-preview":"max-image-preview:large","max-video-preview":"max-video-preview:-1"},"canonical":"https:\/\/instytutpolski.pl\/praha\/daily-courage-polish-czech-and-slovak-women-in-anti-communist-dissent-1968-1989-18-epilog\/","og_locale":"pl_PL","og_type":"article","og_title":"Daily Courage. Polish, Czech and Slovak Women in Anti-Communist Dissent 1968-1989 \/ 18 - Epilogue - Instytut Polski w Pradze","og_description":"Epilogue The success of the nonviolent revolution of 1989 is also thanks to women. They were involved at all levels: they took part in protests and strikes, produced samizdat, and provided logistical support, cooked meals while discussing strategy. They paid a high price for their involvement: they were harassed and imprisoned or forced into exile. [&hellip;]","og_url":"https:\/\/instytutpolski.pl\/praha\/daily-courage-polish-czech-and-slovak-women-in-anti-communist-dissent-1968-1989-18-epilog\/","og_site_name":"Instytut Polski w Pradze","article_modified_time":"2025-11-05T10:34:10+00:00","og_image":[{"width":2560,"height":1595,"url":"https:\/\/instytutpolski.pl\/praha\/wp-content\/uploads\/sites\/10\/2025\/10\/kazdodenni_odvaha_CZ_plakat-scaled.jpg","type":"image\/jpeg"}],"twitter_card":"summary_large_image","twitter_misc":{"Szacowany czas czytania":"5 minut"},"schema":{"@context":"https:\/\/schema.org","@graph":[{"@type":"WebPage","@id":"https:\/\/instytutpolski.pl\/praha\/daily-courage-polish-czech-and-slovak-women-in-anti-communist-dissent-1968-1989-18-epilog\/","url":"https:\/\/instytutpolski.pl\/praha\/daily-courage-polish-czech-and-slovak-women-in-anti-communist-dissent-1968-1989-18-epilog\/","name":"Daily Courage. Polish, Czech and Slovak Women in Anti-Communist Dissent 1968-1989 \/ 18 - Epilogue - Instytut Polski w Pradze","isPartOf":{"@id":"https:\/\/instytutpolski.pl\/praha\/#website"},"primaryImageOfPage":{"@id":"https:\/\/instytutpolski.pl\/praha\/daily-courage-polish-czech-and-slovak-women-in-anti-communist-dissent-1968-1989-18-epilog\/#primaryimage"},"image":{"@id":"https:\/\/instytutpolski.pl\/praha\/daily-courage-polish-czech-and-slovak-women-in-anti-communist-dissent-1968-1989-18-epilog\/#primaryimage"},"thumbnailUrl":"https:\/\/instytutpolski.pl\/praha\/wp-content\/uploads\/sites\/10\/2025\/10\/kazdodenni_odvaha_CZ_plakat-scaled.jpg","datePublished":"2025-10-24T10:24:43+00:00","dateModified":"2025-11-05T10:34:10+00:00","breadcrumb":{"@id":"https:\/\/instytutpolski.pl\/praha\/daily-courage-polish-czech-and-slovak-women-in-anti-communist-dissent-1968-1989-18-epilog\/#breadcrumb"},"inLanguage":"pl-PL","potentialAction":[{"@type":"ReadAction","target":["https:\/\/instytutpolski.pl\/praha\/daily-courage-polish-czech-and-slovak-women-in-anti-communist-dissent-1968-1989-18-epilog\/"]}]},{"@type":"ImageObject","inLanguage":"pl-PL","@id":"https:\/\/instytutpolski.pl\/praha\/daily-courage-polish-czech-and-slovak-women-in-anti-communist-dissent-1968-1989-18-epilog\/#primaryimage","url":"https:\/\/instytutpolski.pl\/praha\/wp-content\/uploads\/sites\/10\/2025\/10\/kazdodenni_odvaha_CZ_plakat-scaled.jpg","contentUrl":"https:\/\/instytutpolski.pl\/praha\/wp-content\/uploads\/sites\/10\/2025\/10\/kazdodenni_odvaha_CZ_plakat-scaled.jpg","width":2560,"height":1595},{"@type":"BreadcrumbList","@id":"https:\/\/instytutpolski.pl\/praha\/daily-courage-polish-czech-and-slovak-women-in-anti-communist-dissent-1968-1989-18-epilog\/#breadcrumb","itemListElement":[{"@type":"ListItem","position":1,"name":"Home","item":"https:\/\/instytutpolski.pl\/praha\/"},{"@type":"ListItem","position":2,"name":"Daily Courage. Polish, Czech and Slovak Women in Anti-Communist Dissent 1968-1989 \/ 18 &#8211; Epilogue"}]},{"@type":"WebSite","@id":"https:\/\/instytutpolski.pl\/praha\/#website","url":"https:\/\/instytutpolski.pl\/praha\/","name":"Instytut Polski w Pradze","description":"Instytuty Polskie","potentialAction":[{"@type":"SearchAction","target":{"@type":"EntryPoint","urlTemplate":"https:\/\/instytutpolski.pl\/praha\/?s={search_term_string}"},"query-input":{"@type":"PropertyValueSpecification","valueRequired":true,"valueName":"search_term_string"}}],"inLanguage":"pl-PL"}]}},"_links":{"self":[{"href":"https:\/\/instytutpolski.pl\/praha\/wp-json\/wp\/v2\/pages\/12680","targetHints":{"allow":["GET"]}}],"collection":[{"href":"https:\/\/instytutpolski.pl\/praha\/wp-json\/wp\/v2\/pages"}],"about":[{"href":"https:\/\/instytutpolski.pl\/praha\/wp-json\/wp\/v2\/types\/page"}],"author":[{"embeddable":true,"href":"https:\/\/instytutpolski.pl\/praha\/wp-json\/wp\/v2\/users\/60"}],"replies":[{"embeddable":true,"href":"https:\/\/instytutpolski.pl\/praha\/wp-json\/wp\/v2\/comments?post=12680"}],"version-history":[{"count":2,"href":"https:\/\/instytutpolski.pl\/praha\/wp-json\/wp\/v2\/pages\/12680\/revisions"}],"predecessor-version":[{"id":12939,"href":"https:\/\/instytutpolski.pl\/praha\/wp-json\/wp\/v2\/pages\/12680\/revisions\/12939"}],"wp:featuredmedia":[{"embeddable":true,"href":"https:\/\/instytutpolski.pl\/praha\/wp-json\/wp\/v2\/media\/12702"}],"wp:attachment":[{"href":"https:\/\/instytutpolski.pl\/praha\/wp-json\/wp\/v2\/media?parent=12680"}],"curies":[{"name":"wp","href":"https:\/\/api.w.org\/{rel}","templated":true}]}}